{"id":1043,"date":"2014-11-27T18:07:42","date_gmt":"2014-11-28T00:07:42","guid":{"rendered":"http:\/\/test.blackjackinfo.com\/?page_id=1043"},"modified":"2021-01-08T23:37:26","modified_gmt":"2021-01-09T05:37:26","slug":"kostenloser-kombinatorischer-blackjack-analysator","status":"publish","type":"page","link":"https:\/\/www.blackjackinfo.com\/de\/free-blackjack-combinatorial-analyzer\/","title":{"rendered":"Kostenloser Blackjack Combinatorial Analyzer"},"content":{"rendered":"<p><strong>Update<\/strong>Der Code f\u00fcr diese Software ist jetzt als Open Source verf\u00fcgbar und kann hier eingesehen werden <a href=\"https:\/\/github.com\/Neurobaby\/MGPs-BJ-CA\">hier<\/a><\/p>\n<p>Das BlackjackInfo-Community-Mitglied MGP hat freundlicherweise seine kombinatorische Blackjack-Analysesoftware f\u00fcr Windows als Freeware ver\u00f6ffentlicht.<\/p>\n<p>Laden Sie die Zip-Datei hier herunter: <a href=\"\/files\/MGP_BJCA_Setup.zip\">MGP_BJCA_Setup.zip<\/a> (7,6 MB).<\/p>\n<p>Die <a href=\"\/files\/MGP_BJCA_LICENSE.txt\">Software-Lizenz<\/a> gew\u00e4hrt kostenlose Nutzung f\u00fcr private, nicht kommerzielle Zwecke.<\/p>\n<p>Entpacken Sie die heruntergeladene Datei und f\u00fchren Sie die darin enthaltene Datei Setup.exe aus. Die Software erfordert Microsoft Windows XP oder h\u00f6her.<\/p>\n<p>Au\u00dferdem wird das .Net-Framework Version 1.1 ben\u00f6tigt. Dies ist mit ziemlicher Sicherheit eine \u00e4ltere Version von .Net als die, die Sie bereits haben, also m\u00fcssen Sie auch dieses Paket installieren.<\/p>\n<p>Die Version 1.1 finden Sie auf Microsoft.com: <a href=\"http:\/\/www.microsoft.com\/download\/en\/details.aspx?id=26\">.Net Framework v1.1 Neuverteilbares Paket<\/a> (23 MB).<\/p>\n<p>Danke MGP f\u00fcr ein au\u00dfergew\u00f6hnliches Programm!<\/p>\n<p>Screenshots (zum Vergr\u00f6\u00dfern anklicken):<br \/>\n<a href=\"\/files\/BJCA_MainScreen.gif\"><img loading=\"lazy\" decoding=\"async\" class=\"aligncenter size-medium wp-image-1045\" src=\"\/files\/BJCA_MainScreen-300x250.gif\" alt=\"BJCA Main Screen\" width=\"300\" height=\"250\" data-no-auto-translation=\"\" \/><\/a><\/p>\n<p><a href=\"\/files\/BJCA_Results.gif\"><img loading=\"lazy\" decoding=\"async\" class=\"aligncenter size-medium wp-image-1047\" src=\"\/files\/BJCA_Results-300x248.gif\" alt=\"BJCA Results\" width=\"300\" height=\"248\" data-no-auto-translation=\"\" \/><\/a><\/p>\n<p><a href=\"\/files\/BJCA_Strategy.gif\"><img loading=\"lazy\" decoding=\"async\" class=\"aligncenter size-medium wp-image-1048\" src=\"\/files\/BJCA_Strategy-300x248.gif\" alt=\"BJCA Strategy\" width=\"300\" height=\"248\" data-no-auto-translation=\"\" \/><\/a><\/p>\n<h2 style=\"text-align: center;\">Was ist die Kombinatorische Analyse?<\/h2>\n<p>Die Kombinatorische Analyse ist eine algorithmische Methode zur Bestimmung der Anzahl der verschiedenen M\u00f6glichkeiten, Dinge anzuordnen. Bei der Anwendung auf das Blackjack-Spiel ist dies ein vierstufiger Prozess:<\/p>\n<ul>\n<li>Pr\u00fcfen Sie jedes m\u00f6gliche Blatt, das ausgeteilt werden k\u00f6nnte.<\/li>\n<li>Bewerten Sie das Ergebnis jeder m\u00f6glichen Strategiewahl an jedem Entscheidungspunkt.<\/li>\n<li>Gewichten Sie diese Ergebnisse mit der entsprechenden Eintrittswahrscheinlichkeit.<\/li>\n<li>Schlie\u00dflich addieren Sie alle Ergebnisse, um einen erwarteten Ertrag f\u00fcr das Spiel zu erhalten.<\/li>\n<\/ul>\n<p>Dies ist ein vollst\u00e4ndig deterministischer Prozess. Hier ist keine Simulation oder Monte-Carlo-Zufallsauswahl am Werk. Stattdessen wird jede m\u00f6gliche Reihenfolge der Karten aus dem gemischten Stapel mit brachialer Gewalt untersucht.<\/p>","protected":false},"excerpt":{"rendered":"<p>Update:The code for this software is now open-sourced and can be found here BlackjackInfo community member MGP has kindly released his blackjack combinatorial analyzer software for Windows as freeware. Download the zip file here: MGP_BJCA_Setup.zip (7.6 MB). The software license grants free usage for private, non-commercial use. Unzip the downloaded file and run the included [&hellip;]<\/p>\n","protected":false},"author":2,"featured_media":0,"parent":0,"menu_order":0,"comment_status":"open","ping_status":"closed","template":"","meta":{"_acf_changed":false,"footnotes":""},"tags":[],"class_list":["post-1043","page","type-page","status-publish","hentry"],"acf":[],"yoast_head":"<!-- This site is optimized with the Yoast SEO plugin v26.6 - https:\/\/yoast.com\/wordpress\/plugins\/seo\/ -->\n<title>Free Blackjack Combinatorial Analyzer<\/title>\n<meta name=\"description\" content=\"This amazingly useful software for analyzing any blackjack game is offered as freeware for Microsoft Windows, thanks to our generous community member MGP.\" \/>\n<meta name=\"robots\" content=\"index, follow, max-snippet:-1, max-image-preview:large, max-video-preview:-1\" \/>\n<link rel=\"canonical\" href=\"https:\/\/www.blackjackinfo.com\/de\/kostenloser-kombinatorischer-blackjack-analysator\/\" \/>\n<meta property=\"og:locale\" content=\"de_DE\" \/>\n<meta property=\"og:type\" content=\"article\" \/>\n<meta property=\"og:title\" content=\"Free Blackjack Combinatorial Analyzer\" \/>\n<meta property=\"og:description\" content=\"This amazingly useful software for analyzing any blackjack game is offered as freeware for Microsoft Windows, thanks to our generous community member MGP.\" \/>\n<meta property=\"og:url\" content=\"https:\/\/www.blackjackinfo.com\/de\/kostenloser-kombinatorischer-blackjack-analysator\/\" \/>\n<meta property=\"og:site_name\" content=\"BlackjackInfo.com\" \/>\n<meta property=\"article:modified_time\" content=\"2021-01-09T05:37:26+00:00\" \/>\n<meta name=\"twitter:label1\" content=\"Gesch\u00e4tzte Lesezeit\" \/>\n\t<meta name=\"twitter:data1\" content=\"1\u00a0Minute\" \/>\n<script type=\"application\/ld+json\" class=\"yoast-schema-graph\">{\"@context\":\"https:\/\/schema.org\",\"@graph\":[{\"@type\":\"WebPage\",\"@id\":\"https:\/\/www.blackjackinfo.com\/free-blackjack-combinatorial-analyzer\/\",\"url\":\"https:\/\/www.blackjackinfo.com\/free-blackjack-combinatorial-analyzer\/\",\"name\":\"Free Blackjack Combinatorial Analyzer\",\"isPartOf\":{\"@id\":\"https:\/\/www.blackjackinfo.com\/#website\"},\"datePublished\":\"2014-11-28T00:07:42+00:00\",\"dateModified\":\"2021-01-09T05:37:26+00:00\",\"description\":\"This amazingly useful software for analyzing any blackjack game is offered as freeware for Microsoft Windows, thanks to our generous community member MGP.\",\"breadcrumb\":{\"@id\":\"https:\/\/www.blackjackinfo.com\/free-blackjack-combinatorial-analyzer\/#breadcrumb\"},\"inLanguage\":\"de\",\"potentialAction\":[{\"@type\":\"ReadAction\",\"target\":[\"https:\/\/www.blackjackinfo.com\/free-blackjack-combinatorial-analyzer\/\"]}]},{\"@type\":\"BreadcrumbList\",\"@id\":\"https:\/\/www.blackjackinfo.com\/free-blackjack-combinatorial-analyzer\/#breadcrumb\",\"itemListElement\":[{\"@type\":\"ListItem\",\"position\":1,\"name\":\"Home\",\"item\":\"https:\/\/www.blackjackinfo.com\/\"},{\"@type\":\"ListItem\",\"position\":2,\"name\":\"Free Blackjack Combinatorial Analyzer\"}]},{\"@type\":\"WebSite\",\"@id\":\"https:\/\/www.blackjackinfo.com\/#website\",\"url\":\"https:\/\/www.blackjackinfo.com\/\",\"name\":\"BlackjackInfo.com\",\"description\":\"Because Winning is More Fun!\",\"potentialAction\":[{\"@type\":\"SearchAction\",\"target\":{\"@type\":\"EntryPoint\",\"urlTemplate\":\"https:\/\/www.blackjackinfo.com\/?s={search_term_string}\"},\"query-input\":{\"@type\":\"PropertyValueSpecification\",\"valueRequired\":true,\"valueName\":\"search_term_string\"}}],\"inLanguage\":\"de\"}]}<\/script>\n<!-- \/ Yoast SEO plugin. -->","yoast_head_json":{"title":"Kostenloser Blackjack Combinatorial Analyzer","description":"Diese erstaunlich n\u00fctzliche Software zur Analyse jedes Blackjack-Spiels wird als Freeware f\u00fcr Microsoft Windows angeboten, dank unseres gro\u00dfz\u00fcgigen Community-Mitglieds MGP.","robots":{"index":"index","follow":"follow","max-snippet":"max-snippet:-1","max-image-preview":"max-image-preview:large","max-video-preview":"max-video-preview:-1"},"canonical":"https:\/\/www.blackjackinfo.com\/de\/kostenloser-kombinatorischer-blackjack-analysator\/","og_locale":"de_DE","og_type":"article","og_title":"Free Blackjack Combinatorial Analyzer","og_description":"This amazingly useful software for analyzing any blackjack game is offered as freeware for Microsoft Windows, thanks to our generous community member MGP.","og_url":"https:\/\/www.blackjackinfo.com\/de\/kostenloser-kombinatorischer-blackjack-analysator\/","og_site_name":"BlackjackInfo.com","article_modified_time":"2021-01-09T05:37:26+00:00","twitter_misc":{"Gesch\u00e4tzte Lesezeit":"1\u00a0Minute"},"schema":{"@context":"https:\/\/schema.org","@graph":[{"@type":"WebPage","@id":"https:\/\/www.blackjackinfo.com\/free-blackjack-combinatorial-analyzer\/","url":"https:\/\/www.blackjackinfo.com\/free-blackjack-combinatorial-analyzer\/","name":"Kostenloser Blackjack Combinatorial Analyzer","isPartOf":{"@id":"https:\/\/www.blackjackinfo.com\/#website"},"datePublished":"2014-11-28T00:07:42+00:00","dateModified":"2021-01-09T05:37:26+00:00","description":"Diese erstaunlich n\u00fctzliche Software zur Analyse jedes Blackjack-Spiels wird als Freeware f\u00fcr Microsoft Windows angeboten, dank unseres gro\u00dfz\u00fcgigen Community-Mitglieds MGP.","breadcrumb":{"@id":"https:\/\/www.blackjackinfo.com\/free-blackjack-combinatorial-analyzer\/#breadcrumb"},"inLanguage":"de","potentialAction":[{"@type":"ReadAction","target":["https:\/\/www.blackjackinfo.com\/free-blackjack-combinatorial-analyzer\/"]}]},{"@type":"BreadcrumbList","@id":"https:\/\/www.blackjackinfo.com\/free-blackjack-combinatorial-analyzer\/#breadcrumb","itemListElement":[{"@type":"ListItem","position":1,"name":"Home","item":"https:\/\/www.blackjackinfo.com\/"},{"@type":"ListItem","position":2,"name":"Free Blackjack Combinatorial Analyzer"}]},{"@type":"WebSite","@id":"https:\/\/www.blackjackinfo.com\/#website","url":"https:\/\/www.blackjackinfo.com\/","name":"BlackjackInfo.de","description":"Denn Gewinnen macht mehr Spa\u00df!","potentialAction":[{"@type":"SearchAction","target":{"@type":"EntryPoint","urlTemplate":"https:\/\/www.blackjackinfo.com\/?s={search_term_string}"},"query-input":{"@type":"PropertyValueSpecification","valueRequired":true,"valueName":"search_term_string"}}],"inLanguage":"de"}]}},"_links":{"self":[{"href":"https:\/\/www.blackjackinfo.com\/de\/wp-json\/wp\/v2\/pages\/1043","targetHints":{"allow":["GET"]}}],"collection":[{"href":"https:\/\/www.blackjackinfo.com\/de\/wp-json\/wp\/v2\/pages"}],"about":[{"href":"https:\/\/www.blackjackinfo.com\/de\/wp-json\/wp\/v2\/types\/page"}],"author":[{"embeddable":true,"href":"https:\/\/www.blackjackinfo.com\/de\/wp-json\/wp\/v2\/users\/2"}],"replies":[{"embeddable":true,"href":"https:\/\/www.blackjackinfo.com\/de\/wp-json\/wp\/v2\/comments?post=1043"}],"version-history":[{"count":8,"href":"https:\/\/www.blackjackinfo.com\/de\/wp-json\/wp\/v2\/pages\/1043\/revisions"}],"predecessor-version":[{"id":5860,"href":"https:\/\/www.blackjackinfo.com\/de\/wp-json\/wp\/v2\/pages\/1043\/revisions\/5860"}],"wp:attachment":[{"href":"https:\/\/www.blackjackinfo.com\/de\/wp-json\/wp\/v2\/media?parent=1043"}],"wp:term":[{"taxonomy":"post_tag","embeddable":true,"href":"https:\/\/www.blackjackinfo.com\/de\/wp-json\/wp\/v2\/tags?post=1043"}],"curies":[{"name":"wp","href":"https:\/\/api.w.org\/{rel}","templated":true}]}}