{"id":1052,"date":"2014-11-27T19:44:07","date_gmt":"2014-11-28T01:44:07","guid":{"rendered":"http:\/\/test.blackjackinfo.com\/?page_id=1052"},"modified":"2025-11-04T08:40:23","modified_gmt":"2025-11-04T14:40:23","slug":"blackjack-turniere","status":"publish","type":"page","link":"https:\/\/www.blackjackinfo.com\/de\/blackjack-tournaments\/","title":{"rendered":"Blackjack-Turnier-Strategie"},"content":{"rendered":"<p class=\"intro\">Blackjack-Turniere, ob <a href=\"https:\/\/www.blackjackinfo.com\/online-blackjack\/tournaments\/\">online gespielt<\/a> oder in landbasierten Casinos, bieten einen der besten Werte in der Welt des Gl\u00fccksspiels. Da Turnierspieler gegeneinander und nicht gegen das Casino antreten, kann ein kluger Spieler einen gro\u00dfen Vorteil erzielen, indem er lernt, besser zu spielen als der durchschnittliche Spieler.<\/p>\n<h2 style=\"text-align: center;\">Artikel \u00fcber Blackjack-Turnierspiele<\/h2>\n<table class=\"data-table\">\n<tbody>\n<tr>\n<th style=\"text-align: center;\" colspan=\"2\">Blackjack-Turnier Einf\u00fchrungsartikel<\/th>\n<\/tr>\n<tr>\n<td><a href=\"\/blackjack-tournaments\/introduction-to-tournaments\/\">Einf\u00fchrung<\/a><\/td>\n<td>Eine grundlegende Einf\u00fchrung in Blackjack-Turniere<\/td>\n<\/tr>\n<tr>\n<td><a href=\"\/blackjack-tournaments\/tournament-strategy-basics\/\">Grundlagen der Strategie<\/a><\/td>\n<td>Grundlegende Konzepte der Turnierstrategie<\/td>\n<\/tr>\n<tr>\n<th style=\"text-align: center;\" colspan=\"2\">Blackjack-Turnier-Strategien<\/th>\n<\/tr>\n<tr>\n<td><a href=\"\/blackjack-tournaments\/tournament-position\/\">Position<\/a><\/td>\n<td>Erl\u00e4utert die Bedeutung der Sitzposition in der Turnierstrategie<\/td>\n<\/tr>\n<tr>\n<td><a href=\"\/blackjack-tournaments\/catch-up-bets\/\">Nachholende Wetten<\/a><\/td>\n<td>Wie und wann man einen \"Catch-Up\"-Einsatz macht, um die Chip-F\u00fchrung zu \u00fcbernehmen<\/td>\n<\/tr>\n<tr>\n<td><a href=\"\/blackjack-tournaments\/free-hits\/\">Freie Treffer<\/a><\/td>\n<td>Etwas f\u00fcr nichts bekommen - \"Free Hits\" beim Turnier-Blackjack<\/td>\n<\/tr>\n<tr>\n<td><a href=\"\/blackjack-tournaments\/doubling-for-less\/\">Verdoppeln f\u00fcr weniger<\/a><\/td>\n<td>Eine leistungsstarke Strategie f\u00fcr den Einsatz im Turnierspiel<\/td>\n<\/tr>\n<tr>\n<td><a href=\"\/blackjack-tournaments\/the-rule-of-2-4-and-5\/\">Die Regel der 2, 4 und 5<\/a><\/td>\n<td>Eine Abk\u00fcrzung f\u00fcr die Suche nach einer optimalen Wette in Eile<\/td>\n<\/tr>\n<tr>\n<td><a href=\"https:\/\/www.blackjackinfo.com\/blackjack-tournaments\/beyond-wong-tournament-tips-uncle-stanford-never-told-you\/\">Jenseits von Wong<\/a><\/td>\n<td>Turniertipps, die Ihnen Onkel Stanford nie erz\u00e4hlt hat, von Anthony Curtis<\/td>\n<\/tr>\n<tr>\n<th style=\"text-align: center;\" colspan=\"2\">Werkzeuge f\u00fcr Strategieentscheidungen<\/th>\n<\/tr>\n<tr>\n<td><a href=\"\/dealer-outcome-probabilities\/\">Dealer Outcome Charts<\/a><\/td>\n<td>Tabelle der genauen Ergebniswahrscheinlichkeiten der H\u00e4ndler<\/td>\n<\/tr>\n<tr>\n<td><a href=\"\/double-down-probabilities\/\">Double Down Wahrscheinlichkeiten<\/a><\/td>\n<td>Tabelle der genauen Wahrscheinlichkeiten f\u00fcr das Verdoppeln einer beliebigen 2-Karten-Hand<\/td>\n<\/tr>\n<\/tbody>\n<\/table>\n<h2 style=\"text-align: center;\">Weitere Turniertipps von Ken Smith<\/h2>\n<p><a href=\"http:\/\/www.bjinsider.com\/BuyHowToWin\"><img loading=\"lazy\" decoding=\"async\" class=\"alignright size-medium wp-image-1064\" src=\"\/files\/Ebook-cover-201x300.jpg\" alt=\"How to Win More Blackjack Tournaments E-book\" width=\"201\" height=\"300\" srcset=\"https:\/\/www.blackjackinfo.com\/files\/Ebook-cover-201x300.jpg 201w, https:\/\/www.blackjackinfo.com\/files\/Ebook-cover.jpg 250w\" sizes=\"auto, (max-width: 201px) 100vw, 201px\" data-no-auto-translation=\"\" \/><\/a><\/p>\n<p class=\"intro\"><b>M\u00f6chten Sie weitere Tipps vom Turnierexperten Ken Smith?<\/b><\/p>\n<p>Ken hat ein E-Book verfasst, das eine F\u00fclle von Informationen \u00fcber Turniere sowie wirkungsvolle Tipps und Strategien f\u00fcr die Teilnahme an Wettk\u00e4mpfen enth\u00e4lt.<\/p>\n<p>Erh\u00e4ltlich zum sofortigen Download zum Preis von $14.95, <a href=\"http:\/\/www.bjinsider.com\/BuyHowToWin\">Wie man mehr Blackjack-Turniere gewinnt - Band I<\/a> ist eine professionell produzierte 98 Seiten umfassende Information, die Ihr Spiel aufwerten wird.<\/p>\n<p>Dieses E-Book enth\u00e4lt alles, was Sie brauchen, um Ihr Turnierspiel auf die n\u00e4chste Stufe zu heben. Mit Material f\u00fcr jede Spielst\u00e4rke und vielen Konzepten, die noch nie zuvor in gedruckter Form erschienen sind, ist dies ein Muss, wenn Sie es mit Blackjack-Turnieren ernst meinen.<\/p>\n<p>Das 98-seitige PDF-Buch steht nach dem Kauf sofort zum Download bereit.<\/p>\n<p>Ein zweites Buch ist jetzt ebenfalls erh\u00e4ltlich: <a href=\"http:\/\/deepnettech.com\/estore\/index.php?main_page=product_info&amp;products_id=84\">Wie man noch mehr Blackjack-Turniere gewinnt - Band II<\/a>, ebenfalls zum Preis von $14,95. Oder, Sie k\u00f6nnen eine besonders preisg\u00fcnstige <a href=\"http:\/\/deepnettech.com\/estore\/index.php?main_page=product_info&amp;products_id=85\">B\u00fcndel von beiden E-B\u00fcchern<\/a> f\u00fcr $24.95.<\/p>\n<h2 style=\"text-align: center;\">Viel mehr verf\u00fcgbar unter <a href=\"https:\/\/www.blackjacktournaments.com\/\">BlackjackTurniere.de<\/a><\/h2>\n<p class=\"intro\">Unsere Schwesterseite <a href=\"https:\/\/www.blackjacktournaments.com\/\">BlackjackTurniere.de<\/a> ist der ma\u00dfgebliche Ort f\u00fcr Diskussionen \u00fcber Tischspielturniere und Turnierstrategien. Viele der besten Spieler der Welt beteiligen sich an dem aktiven Message Board. Es gibt auch eine kostenlose Auflistung bevorstehender Blackjack-Turniere im ganzen Land, mit buchst\u00e4blich Tausenden von Veranstaltungen aufgelistet. Dies ist eine wahre Goldgrube an Turnierinformationen.<\/p>\n<h2 style=\"text-align: center;\">\u00dcber Ken Smith<\/h2>\n<p class=\"intro\">Ken Smith nimmt seit 1994 an Blackjack-Turnieren teil und schreibt dar\u00fcber. Wie viele begeisterte Turnierspieler hatte auch er schon fr\u00fch Erfolg und gewann in seinem ersten Jahr eine betr\u00e4chtliche Summe bei Veranstaltungen. Ken lebt in S\u00fcd-Mississippi in der N\u00e4he der Golfk\u00fcste, wo die Kasinobranche Mitte der 90er Jahre noch ganz neu war. Zu dieser Zeit konkurrierten die Casinos in Mississippi um das Gesch\u00e4ft, und in den verschiedenen Casinos fanden buchst\u00e4blich jeden Abend der Woche Blackjack-Turniere statt. Bei den w\u00f6chentlichen Turnieren konnten die Spieler eine Startgeb\u00fchr von $50 zahlen und um ein Preisgeld von $10.000 spielen. Gr\u00f6\u00dfere Veranstaltungen wurden mehrmals im Jahr abgehalten.<\/p>\n<p>Da die Turniere in dieser Gegend neu waren, kannten viele der Spieler die entsprechenden Strategien nicht und waren den besseren Spielern gegen\u00fcber deutlich im Nachteil. Woche f\u00fcr Woche tauchten die gleichen Namen am Finaltisch auf, und Ken war einer von ihnen. Er spielte oft, lernte eine Menge und verdiente sich ein nettes Zusatzeinkommen.<\/p>\n<p>Zu Kens Auftritten bei im Fernsehen \u00fcbertragenen Blackjack-Turnieren geh\u00f6ren alle vier Staffeln der World Series of Blackjack auf GSN, die Ultimate Blackjack Tour auf CBS und das Las Vegas Hilton Million Dollar Blackjack Tournament auf dem Travel Channel.<\/p>\n<p>Weitere Informationen \u00fcber Ken finden Sie unter <a href=\"\/ken-smith\/\">hier<\/a>.<\/p>","protected":false},"excerpt":{"rendered":"<p>Blackjack Tournaments, whether played online or at land-based casinos, offer one of the best values in the gambling world. Since tournament players are competing against each other instead of against the casino, a smart player can get a big edge by learning to play better than the average gambler. Articles about Blackjack Tournament Play Blackjack [&hellip;]<\/p>\n","protected":false},"author":2,"featured_media":0,"parent":0,"menu_order":0,"comment_status":"open","ping_status":"closed","template":"","meta":{"_acf_changed":false,"footnotes":""},"tags":[],"class_list":["post-1052","page","type-page","status-publish","hentry"],"acf":[],"yoast_head":"<!-- This site is optimized with the Yoast SEO plugin v26.6 - https:\/\/yoast.com\/wordpress\/plugins\/seo\/ -->\n<title>Blackjack Tournament Strategy<\/title>\n<meta name=\"description\" content=\"These articles on blackjack tournament strategy from leading expert Ken Smith will give you a big edge at the table.\" \/>\n<meta name=\"robots\" content=\"index, follow, max-snippet:-1, max-image-preview:large, max-video-preview:-1\" \/>\n<link rel=\"canonical\" href=\"https:\/\/www.blackjackinfo.com\/de\/blackjack-turniere\/\" \/>\n<meta property=\"og:locale\" content=\"de_DE\" \/>\n<meta property=\"og:type\" content=\"article\" \/>\n<meta property=\"og:title\" content=\"Blackjack Tournament Strategy\" \/>\n<meta property=\"og:description\" content=\"These articles on blackjack tournament strategy from leading expert Ken Smith will give you a big edge at the table.\" \/>\n<meta property=\"og:url\" content=\"https:\/\/www.blackjackinfo.com\/de\/blackjack-turniere\/\" \/>\n<meta property=\"og:site_name\" content=\"BlackjackInfo.com\" \/>\n<meta property=\"article:modified_time\" content=\"2025-11-04T14:40:23+00:00\" \/>\n<meta name=\"twitter:label1\" content=\"Gesch\u00e4tzte Lesezeit\" \/>\n\t<meta name=\"twitter:data1\" content=\"3\u00a0Minuten\" \/>\n<script type=\"application\/ld+json\" class=\"yoast-schema-graph\">{\"@context\":\"https:\/\/schema.org\",\"@graph\":[{\"@type\":\"WebPage\",\"@id\":\"https:\/\/www.blackjackinfo.com\/blackjack-tournaments\/\",\"url\":\"https:\/\/www.blackjackinfo.com\/blackjack-tournaments\/\",\"name\":\"Blackjack Tournament Strategy\",\"isPartOf\":{\"@id\":\"https:\/\/www.blackjackinfo.com\/#website\"},\"datePublished\":\"2014-11-28T01:44:07+00:00\",\"dateModified\":\"2025-11-04T14:40:23+00:00\",\"description\":\"These articles on blackjack tournament strategy from leading expert Ken Smith will give you a big edge at the table.\",\"breadcrumb\":{\"@id\":\"https:\/\/www.blackjackinfo.com\/blackjack-tournaments\/#breadcrumb\"},\"inLanguage\":\"de\",\"potentialAction\":[{\"@type\":\"ReadAction\",\"target\":[\"https:\/\/www.blackjackinfo.com\/blackjack-tournaments\/\"]}]},{\"@type\":\"BreadcrumbList\",\"@id\":\"https:\/\/www.blackjackinfo.com\/blackjack-tournaments\/#breadcrumb\",\"itemListElement\":[{\"@type\":\"ListItem\",\"position\":1,\"name\":\"Home\",\"item\":\"https:\/\/www.blackjackinfo.com\/\"},{\"@type\":\"ListItem\",\"position\":2,\"name\":\"Blackjack Tournament Strategy\"}]},{\"@type\":\"WebSite\",\"@id\":\"https:\/\/www.blackjackinfo.com\/#website\",\"url\":\"https:\/\/www.blackjackinfo.com\/\",\"name\":\"BlackjackInfo.com\",\"description\":\"Because Winning is More Fun!\",\"potentialAction\":[{\"@type\":\"SearchAction\",\"target\":{\"@type\":\"EntryPoint\",\"urlTemplate\":\"https:\/\/www.blackjackinfo.com\/?s={search_term_string}\"},\"query-input\":{\"@type\":\"PropertyValueSpecification\",\"valueRequired\":true,\"valueName\":\"search_term_string\"}}],\"inLanguage\":\"de\"}]}<\/script>\n<!-- \/ Yoast SEO plugin. -->","yoast_head_json":{"title":"Blackjack-Turnier-Strategie","description":"Diese Artikel \u00fcber Blackjack-Turnierstrategie vom f\u00fchrenden Experten Ken Smith werden Ihnen einen gro\u00dfen Vorteil am Tisch verschaffen.","robots":{"index":"index","follow":"follow","max-snippet":"max-snippet:-1","max-image-preview":"max-image-preview:large","max-video-preview":"max-video-preview:-1"},"canonical":"https:\/\/www.blackjackinfo.com\/de\/blackjack-turniere\/","og_locale":"de_DE","og_type":"article","og_title":"Blackjack Tournament Strategy","og_description":"These articles on blackjack tournament strategy from leading expert Ken Smith will give you a big edge at the table.","og_url":"https:\/\/www.blackjackinfo.com\/de\/blackjack-turniere\/","og_site_name":"BlackjackInfo.com","article_modified_time":"2025-11-04T14:40:23+00:00","twitter_misc":{"Gesch\u00e4tzte Lesezeit":"3\u00a0Minuten"},"schema":{"@context":"https:\/\/schema.org","@graph":[{"@type":"WebPage","@id":"https:\/\/www.blackjackinfo.com\/blackjack-tournaments\/","url":"https:\/\/www.blackjackinfo.com\/blackjack-tournaments\/","name":"Blackjack-Turnier-Strategie","isPartOf":{"@id":"https:\/\/www.blackjackinfo.com\/#website"},"datePublished":"2014-11-28T01:44:07+00:00","dateModified":"2025-11-04T14:40:23+00:00","description":"Diese Artikel \u00fcber Blackjack-Turnierstrategie vom f\u00fchrenden Experten Ken Smith werden Ihnen einen gro\u00dfen Vorteil am Tisch verschaffen.","breadcrumb":{"@id":"https:\/\/www.blackjackinfo.com\/blackjack-tournaments\/#breadcrumb"},"inLanguage":"de","potentialAction":[{"@type":"ReadAction","target":["https:\/\/www.blackjackinfo.com\/blackjack-tournaments\/"]}]},{"@type":"BreadcrumbList","@id":"https:\/\/www.blackjackinfo.com\/blackjack-tournaments\/#breadcrumb","itemListElement":[{"@type":"ListItem","position":1,"name":"Home","item":"https:\/\/www.blackjackinfo.com\/"},{"@type":"ListItem","position":2,"name":"Blackjack Tournament Strategy"}]},{"@type":"WebSite","@id":"https:\/\/www.blackjackinfo.com\/#website","url":"https:\/\/www.blackjackinfo.com\/","name":"BlackjackInfo.de","description":"Denn Gewinnen macht mehr Spa\u00df!","potentialAction":[{"@type":"SearchAction","target":{"@type":"EntryPoint","urlTemplate":"https:\/\/www.blackjackinfo.com\/?s={search_term_string}"},"query-input":{"@type":"PropertyValueSpecification","valueRequired":true,"valueName":"search_term_string"}}],"inLanguage":"de"}]}},"_links":{"self":[{"href":"https:\/\/www.blackjackinfo.com\/de\/wp-json\/wp\/v2\/pages\/1052","targetHints":{"allow":["GET"]}}],"collection":[{"href":"https:\/\/www.blackjackinfo.com\/de\/wp-json\/wp\/v2\/pages"}],"about":[{"href":"https:\/\/www.blackjackinfo.com\/de\/wp-json\/wp\/v2\/types\/page"}],"author":[{"embeddable":true,"href":"https:\/\/www.blackjackinfo.com\/de\/wp-json\/wp\/v2\/users\/2"}],"replies":[{"embeddable":true,"href":"https:\/\/www.blackjackinfo.com\/de\/wp-json\/wp\/v2\/comments?post=1052"}],"version-history":[{"count":32,"href":"https:\/\/www.blackjackinfo.com\/de\/wp-json\/wp\/v2\/pages\/1052\/revisions"}],"predecessor-version":[{"id":9255,"href":"https:\/\/www.blackjackinfo.com\/de\/wp-json\/wp\/v2\/pages\/1052\/revisions\/9255"}],"wp:attachment":[{"href":"https:\/\/www.blackjackinfo.com\/de\/wp-json\/wp\/v2\/media?parent=1052"}],"wp:term":[{"taxonomy":"post_tag","embeddable":true,"href":"https:\/\/www.blackjackinfo.com\/de\/wp-json\/wp\/v2\/tags?post=1052"}],"curies":[{"name":"wp","href":"https:\/\/api.w.org\/{rel}","templated":true}]}}