{"id":1093,"date":"2014-12-02T20:02:30","date_gmt":"2014-12-03T02:02:30","guid":{"rendered":"http:\/\/test.blackjackinfo.com\/?page_id=1093"},"modified":"2018-06-22T02:45:42","modified_gmt":"2018-06-22T07:45:42","slug":"der-beste-job-der-welt","status":"publish","type":"page","link":"https:\/\/www.blackjackinfo.com\/de\/worlds-greatest-job\/","title":{"rendered":"Der tollste Job der Welt"},"content":{"rendered":"<p class=\"intro\">In den letzten zwei Jahrzehnten habe ich das gelebt, was viele als den amerikanischen Traum bezeichnen w\u00fcrden: Ich habe viel Geld verdient und nur Teilzeit gearbeitet. Mein Beruf? Kartenz\u00e4hler. Mein B\u00fcro? Blackjack-Tische auf der ganzen Welt. Unglaubliche Verg\u00fcnstigungen begleiteten meine Berufung - Karten f\u00fcr gro\u00dfe Boxk\u00e4mpfe am Ring, Angebote, mit Ber\u00fchmtheiten Golf zu spielen, Pl\u00e4tze in der ersten Reihe bei ausverkauften Shows und Gourmet-Dinner in den besten Restaurants. Auch wenn ich diese kulinarischen Erlebnisse genoss, waren die Verg\u00fcnstigungen nur ein Nebeneffekt. Ich habe diesen ungew\u00f6hnlichen Beruf nur aus einem einzigen Grund gew\u00e4hlt - um Geld zu verdienen. Leichtes Geld. Und das gelang mir, denn ich wurde einer der besten Blackjack-Spieler des Landes.<\/p>\n<p>Wie habe ich in einem Spiel gewonnen, in dem jeder verlieren sollte? Oder, was noch wichtiger ist, ist es f\u00fcr einen Leser wie Sie m\u00f6glich, in meine Fu\u00dfstapfen zu treten und routinem\u00e4\u00dfig Geld aus Casinos abzuheben? Im Gegensatz zu dem, was manche Leute glauben, muss man kein mathematisches Genie sein oder in einem hochkapitalisierten Team spielen, um beim Blackjack zum R\u00e4uber statt zur Beute zu werden. Ich werde zeigen, wie meine Karriere diese beiden verbreiteten Missverst\u00e4ndnisse widerlegt und wie Disziplin, Tatkraft und Beharrlichkeit die Eintrittskarte zu meinem Erfolg waren. Diese Eigenschaften unterscheiden letztlich die wenigen, die mit Blackjack ihren Lebensunterhalt verdienen, von denen, die die glitzernden Tempel des Gl\u00fccks nur aufsuchen, um die Stromrechnung zu bezahlen.<\/p>\n<p>Der typische Hollywood-Mythos stellt professionelle Blackjack-Spieler als wandelnde Datenbanken dar - \"Rain Man\"-Klone mit einem unglaublichen fotografischen Ged\u00e4chtnis. Die Wahrheit ist, dass jeder mit einer durchschnittlichen Begabung lernen kann, Karten zu z\u00e4hlen und ein erfolgreicher Spieler zu werden. Ich besitze zwar ein au\u00dfergew\u00f6hnliches Ged\u00e4chtnis, aber meine gr\u00f6\u00dfte St\u00e4rke war meine Hartn\u00e4ckigkeit. Ich habe alles gelesen, was die begabten Spieler vor mir geschrieben haben: brillante M\u00e4nner wie Uston und Wong. Ich saugte ihre Ratschl\u00e4ge auf und verfeinerte sie, indem ich jedes letzte Qu\u00e4ntchen theoretischen Vorteils, den Kartenz\u00e4hler gegen\u00fcber dem Haus erlangen k\u00f6nnen, herausholte. Dann, noch bevor ich einen Fu\u00df in ein Kasino setzte, disziplinierte ich mich selbst, um wie eine Maschine zu spielen. Ich verfeinerte meine F\u00e4higkeiten mit \u00fcber hundert \u00dcbungsstunden zu Hause und trainierte unerm\u00fcdlich, bis alle Entscheidungen und Berechnungen so nat\u00fcrlich wurden wie das Atmen. Ich habe zum Beispiel ge\u00fcbt, zu sprechen, w\u00e4hrend ich schnell die Kartendecks herunterz\u00e4hlte, und mich selbst so weit getrieben, dass ich schlie\u00dflich zweiundf\u00fcnfzig Karten in 12-14 Sekunden durchgehen konnte.<\/p>\n<p> Im Vertrauen auf meine F\u00e4higkeiten wagte ich mich an jedes Blackjack-Spiel mit bis zu sechs Kartendecks, das gute Regeln und einen hohen Durchdringungsgrad bot, aber ich merkte schnell, dass es am einfachsten war, das Spiel mit einem Deck zu spielen. (Das Z\u00e4hlen von sechs Decks ist nicht schwieriger als das Z\u00e4hlen eines Decks, aber der Vorteil ist selten so hoch und die Gewinnquote ist bei mehreren Decks in der Regel niedriger). Einige Experten empfahlen jedoch, nur Shoe Games zu spielen, weil die Pitbosse das Single Deck so genau beobachteten. Da ich von Natur aus gegens\u00e4tzlicher Meinung bin, weigerte ich mich, der Herde zu folgen, und schwor mir schon fr\u00fch, nur die allerbesten Spiele zu spielen, und ein und zwei Decks boten den gr\u00f6\u00dften Vorteil f\u00fcr Straight Card Counting. W\u00e4hrend also die meisten Z\u00e4hler wie Lemminge zu den Schuhen str\u00f6mten, suchte ich, wann immer es m\u00f6glich war, Handheld-Spiele. Ich spielte immer noch an einigen Tischen mit sechs Kartendecks, aber ich disziplinierte mich selbst, nur f\u00fcr die st\u00e4rksten Spiele Geld auf den Filz zu legen, was bedeutete, dass ich an vielen Tagen mehr Zeit damit verbrachte, auf der Suche nach idealen Bedingungen zu laufen, als zu spielen.<\/p>\n<p>Eine weitere wichtige Eigenschaft, die ein professioneller Blackjack-Spieler braucht, ist Tatkraft. Um unter dem Radar der Casino\u00fcberwachung zu bleiben, zog ich st\u00e4ndig umher. W\u00e4hrend die meisten Profis gew\u00f6hnlich nach Las Vegas zur\u00fcckkehrten, besuchte ich kleine St\u00e4dte abseits der ausgetretenen Pfade und trotzte vereisten Stra\u00dfen, um am Lake Tahoe zu spielen, als ein Casino dort eine potenziell lukrative \"Over\/under 13\"-Nebenwette einrichtete.<\/p>\n<p>In den letzten zehn Jahren habe ich die Gl\u00fccksspielexplosion im amerikanischen Kernland genutzt und an zahlreichen Flussschiffen und in Indianerreservaten gespielt. Mississippi kombinierte hohe Limits mit dem weltbesten Blackjack mit einem Deck. Ein Kasino in Minnesota machte mir ein Angebot, das ich nicht ablehnen konnte, und ich verbrachte eine Woche damit, ein sensationelles Doppelstockspiel mit besonderen Regeln zu spielen. Einmal fuhr ich die ganze Nacht von Chicago aus, um im 800 Meilen entfernten Vicksburg ein 2:1-Angebot f\u00fcr Blackjack zu nutzen.<\/p>\n<p>Um die angesagtesten Clubs zu finden, waren harte Arbeit und zus\u00e4tzliche Anstrengungen erforderlich. Auf der Suche nach lukrativen Spielen reiste ich um die ganze Welt, z. B. in die Dominikanische Republik, wo ich an privaten Tischen in kleinen, schmutzigen und gef\u00e4hrlichen Casinos spielte. Es er\u00fcbrigt sich zu erw\u00e4hnen, dass es eine Herausforderung ist, sich in anderen Kulturen zurechtzufinden, und dass dies oft unvorhersehbar ist. Ich bin in den Orient geflogen, als dort seltene Boni f\u00fcr F\u00fcnf-Karten-Bl\u00e4tter eingef\u00fchrt wurden, nur um mir meine Gewinne von einem Casino mit Falschgeld auszahlen zu lassen. Ich habe nur eine einzige Gl\u00fccksspielreise nach Europa unternommen, die sich aber gelohnt hat, da ich in Belgien mehrere Clubs mit einer vorteilhaften Early-Surrender-Regel \u00fcberfallen habe. <\/p>\n<p> Ich bin nicht auf der Suche nach zus\u00e4tzlichen Vielfliegermeilen zu diesen weit entfernten Zielen gereist. Wie andere Z\u00e4hler auch, pilgerte ich regelm\u00e4\u00dfig in das Mekka des Gl\u00fccksspiels, das als Sin City bekannt ist. Um Blackjack dauerhaft zu schlagen, waren harte Arbeit und die Bereitschaft erforderlich, auf der Suche nach den besten Spielen dorthin zu gehen, wo nur wenige zuvor gewesen waren. Kartenz\u00e4hler brauchen viel Ausdauer und Beharrlichkeit, um die vielen Hindernisse zu \u00fcberwinden, mit denen sie konfrontiert sind.<\/p>\n<p>F\u00fcr viele ist Blackjack der ideale Lebensstil, da er hohe Gewinne mit ultimativ flexiblen Arbeitszeiten verbindet. Diese Leute zieht es zum Kartenz\u00e4hlen, weil sie die Art von Job wollen, bei dem sie morgens, wenn alle anderen aufstehen, einfach umdrehen. Den Gehaltsscheck gegen Casino-Chips einzutauschen ist jedoch alles andere als einfach und nichts f\u00fcr schwache Nerven.<\/p>\n<p>Meine Blackjack-Karriere begann eher bescheiden. Auf meiner ersten Reise setzte ich zaghaft meinen H\u00f6chsteinsatz von zehn Dollar auf den Filz, wohl wissend, dass sich mein gesamtes Guthaben in den engen Grenzen meiner Brieftasche befand. In den ersten Jahren hatte ich das Gl\u00fcck, oft zu gewinnen, und mein Kapital wuchs stetig, bis ich eine sechsstellige Summe angesammelt hatte. Das erm\u00f6glichte mir, in guten Situationen bis zu eintausend pro Blatt zu setzen, was in den meisten Clubs an die Limits st\u00f6\u00dft. Ein guter Kartenz\u00e4hler gewinnt zwischen einem Viertel und einem Drittel seines maximalen Einsatzes pro Stunde. Mit einem H\u00f6chsteinsatz von $1000 verdiente ich also etwa 300 Dollar pro Stunde. Wenn Ihr Bankkonto jedoch nur einen H\u00f6chsteinsatz von $25 zul\u00e4sst, sinkt Ihr erwarteter Gewinn auf $7 pro Stunde - was niemanden dazu veranlassen wird, seine berufliche Laufbahn und seine Altersvorsorge aufzugeben.<\/p>\n<p>Auch hohe Reisekosten k\u00f6nnen den potenziellen Gewinn schm\u00e4lern, so dass viele angehende Kartenz\u00e4hler ihre Bankrolls \u00fcberbewerten, um den Stundensatz in die H\u00f6he zu treiben. Dies ist einer der Hauptgr\u00fcnde, warum die Kasinos die meisten angehenden Kartenz\u00e4hler nicht ins Schwitzen bringen. Die gro\u00dfen Clubs verf\u00fcgen \u00fcber nahezu unbegrenzte Geldbetr\u00e4ge, mit denen sie arbeiten k\u00f6nnen, und viele Kartenz\u00e4hler sind unterkapitalisiert. Diese Tatsache und die Tatsache, dass Spieler Fehler machen, f\u00fchrt dazu, dass viele pleite nach Hause gehen und nach ihrer Mutter schreien.<\/p>\n<p>Es ist leicht, davon zu tr\u00e4umen, wie man bei der n\u00e4chsten Reise genug gewinnt, um sich einen neuen Porsche zu kaufen. Aber es ist eine ganz andere Welt, wenn man zehn kr\u00e4ftezehrende Stunden mit den schlimmsten Karten, die man sich vorstellen kann, verbracht hat. Man braucht Nerven aus Stahl und eine harte Schale, um sich von dem Kaleidoskop an Emotionen, das potenzielle Profis an den Tischen \u00fcberf\u00e4llt, nicht beeindrucken zu lassen.<\/p>\n<p>Ein professioneller Blackjack-Spieler gewinnt nicht immer, und ich habe erwartet, dass ich auf einer kurzen Reise in etwa zwei Dritteln der F\u00e4lle gewinnen w\u00fcrde. Dennoch pr\u00e4gen sich die Verlustphasen viel l\u00e4nger ein als die Gewinntage. Ich erinnere mich noch lebhaft daran, wie einige Freunde ein Grillfest in der Nachbarschaft absagten, so dass ich meine Pl\u00e4ne \u00e4nderte, einen Tag l\u00e4nger in einem Indianerreservat blieb und achtzehntausend Dollar verlor. Oder an die Reise nach Las Vegas, wo ich einen m\u00e4\u00dfigen Gewinn erzielt hatte, um dann in den letzten zehn Minuten vor dem Abflug zw\u00f6lf Riesen zu verlieren. Das meiste davon kam in der letzten katastrophalen Hand des Schuhs - als ich viermal teilte und zweimal verdoppelte - nur um die unvermeidliche Dealer 21 zu sehen.<\/p>\n<p> Ich habe nie versucht, das Rad neu zu erfinden, sondern nur die von fr\u00fcheren Spielern entwickelten Techniken verfeinert. Bei der Kartenz\u00e4hlung geht es darum, ob ein \u00dcberschuss an hohen oder niedrigen Karten aus dem Spiel genommen wurde. Im Gegensatz zu anderen Kasinospielen wie Roulette oder Craps, die kein Ged\u00e4chtnis haben, beeinflusst die Vergangenheit beim Blackjack die Zukunft. Ich entschied mich f\u00fcr ein schwierigeres Z\u00e4hlsystem und verzichtete auf das einfache High-Low, das von vielen verwendet wird, da ich davon ausging, dass eine st\u00e4rkere Z\u00e4hlung auf lange Sicht einen viel gr\u00f6\u00dferen Gewinn bringen w\u00fcrde. Ich benutzte Hi-Opt II und z\u00e4hlte Asse im Stehen. Es war schwierig, aber der zus\u00e4tzliche Gewinn hat sich in der halben Million Blackjack-H\u00e4nde, die ich in meiner Karriere gespielt habe, wirklich summiert.<\/p>\n<p>Ein \"typischer Tag im B\u00fcro\" bestand f\u00fcr mich aus einem morgendlichen Lauf und einem Fr\u00fchst\u00fcck, bevor ich mich an die Tische setzte. Oft musste ich bis zu vierzehn Stunden vor Ort sein, um acht Stunden zu spielen. Auf die meisten Reisen nahm ich bis zu vierzigtausend Euro in bar mit (den Rest des Geldes lie\u00df ich zu Hause oder parkte es an der B\u00f6rse, denn jeder wei\u00df, dass Aktien nie fallen). Dann stopfte ich etwa zwanzigtausend von den vierzig in meine G\u00fcrteltasche f\u00fcr jede t\u00e4gliche Sitzung und lie\u00df den Rest in einem Bankschlie\u00dffach. Ich rechnete mit einem Gewinn von etwa zweitausend Dollar pro Tag, aber bei der Fluktuation gewann oder verlor ich in der Regel f\u00fcnf- bis zehntausend pro Tag, wobei es gelegentlich zu einer Achterbahnfahrt \u00fcber zwanzig Riesen kam.<\/p>\n<p>Immer wenn ich mein erstes Spiel des Tages in einem Kasino mit Schuhspielen machte, umrundete ich zuerst die Grube, suchte mir einen frisch gemischten Tisch und stellte mich hinter den Tisch, um zu z\u00e4hlen, bis ich eine g\u00fcnstige Situation vorfand. Dann w\u00fcrde ich versuchen, nonchalant mit einem gro\u00dfen Einsatz einzusteigen. Die meisten Pit-Bosse werden einem neuen Gesicht, das um viel Geld spielt, im Zweifelsfall den Vorzug geben. Wie ich bereits erw\u00e4hnt habe, verlieren weitaus mehr M\u00f6chtegern-Kartenz\u00e4hler als sie gewinnen, und die Kasinos sind zur\u00fcckhaltend, einen High Roller auszuschlie\u00dfen, wenn sie nicht sicher sind, dass er ein erfahrener Profi ist, der sie auf lange Sicht schlagen wird. Aus diesem Grund konnte ich es mir oft erlauben, meine Eins\u00e4tze eine Zeit lang je nach Z\u00e4hlung hoch- und runterzuspielen. In Vegas spielte ich in der Regel kurze Sessions und wechselte schnell von Casino zu Casino, bevor sie feststellen konnten, ob ich zu gut f\u00fcr ihr Spiel war. Aber in den Staaten au\u00dferhalb Nevadas haben die Spieler diesen Luxus nur selten, da die Isolation der meisten Clubs l\u00e4ngere Sessions fast zwingend erforderlich macht.<\/p>\n<p>Zugegeben, die Hitze und die Pr\u00fcfung durch das Kasinopersonal sind intensiver, wenn man gezwungen ist, den ganzen Tag im selben Club zu spielen, aber ich war nie leicht einzusch\u00fcchtern. (Einmal fuhr ich mit einem Motorrad in Schulabschlussm\u00fctze und Talar durch die Flure meiner High School - nur um eine kleine Wette zu gewinnen). Mein Spiel mit hohen Eins\u00e4tzen brachte mir \u00fcberall auf der Welt Hausverbot ein, und ich wurde \u00fcber zweihundert Mal rausgeschmissen. Und ich trage diese Auszeichnung nicht als Ehrenabzeichen. Es hat nie Spa\u00df gemacht, 86'd zu werden und ein weiteres lukratives Spiel verschwinden zu sehen.<\/p>\n<p>Aber unterm Strich blieb es f\u00fcr mich immer dasselbe: Ich spielte, um Geld zu verdienen, nicht um Freunde zu finden. Ich betrachtete das Sperren einfach als Berufsrisiko. Wenn man ein starker Gewinner ist, dann ist man eine Bedrohung, und die Kasinos werfen normalerweise jeden raus, der das erste Gebot des Gl\u00fccksspiels in Frage stellt - das Haus soll immer gewinnen. Ich habe viele Z\u00e4hler gesehen, die so paranoid waren, dass sie es vers\u00e4umt haben, in kritischen, positiven Situationen gro\u00dfe Eins\u00e4tze zu machen, weil sie Angst hatten, rausgeschmissen zu werden. Diese \u00c4ngstlichkeit verschaffte ihnen ein langes Leben, aber zu einem zu hohen Preis, da sie nur selten einen gro\u00dfen Vorteil gegen\u00fcber dem Haus erlangten. Andere Spieler, die ein- oder zweimal ausgeschlossen wurden, dachten, ihre Karriere sei vorbei und gaben einfach zu fr\u00fch auf. Um in diesem Gesch\u00e4ft erfolgreich zu sein, ist eine unnachgiebige Pers\u00f6nlichkeit fast zwingend erforderlich.<\/p>\n<p> Das andere Missverst\u00e4ndnis, das ich bereits erw\u00e4hnte, betraf die Frage, ob man beim Blackjack allein ernsthaft Geld gewinnen kann. Ich habe w\u00e4hrend meiner Karriere nur selten in Teams gespielt, sondern bin lieber als Einzelk\u00e4mpfer an die Tische gegangen. Viele profitable Blackjack-Teams mit riesigen Kriegskassen haben einen stetigen Strom von Chips eingespielt. Aber als Einzelspieler habe ich mehr Geld verdient als fast jeder andere Kartenz\u00e4hler im Alleingang - denn ich habe \u00fcber eine Million Dollar allein in Blackjack-Spielen mit einem und zwei Kartendecks gewonnen.<\/p>\n<p>Dennoch schloss ich mich gelegentlich mit anderen Z\u00e4hlern zusammen. Eine Zeit lang spielte ich mit dem ber\u00fcchtigten tschechischen Team und versuchte auch ein paar Unternehmungen mit einigen von Ken Ustons alten Kumpanen. Diese Gruppen hatten riesige Bankrolls, und einmal in Atlantic City gewann ich etwa zwanzig Riesen auf einen Schlag, nur um sie zusammen mit weiteren zwanzig Riesen innerhalb derselben Stunde wieder zu verlieren. Hinter meinem Tisch hatte sich eine kleine Menschenmenge gebildet, die den unglaublichen Schwung beobachtete, und nach dem v\u00f6lligen Zusammenbruch trat ein junger Mann vor. Ich erinnere mich noch genau, wie er langsam den Kopf sch\u00fcttelte und sagte: \"Mann, du hast gerade mehr Geld verloren, als ich in einem Jahr verdiene.\"<\/p>\n<p>Clevere Leute wie Tom Hyland sind sehr erfolgreich darin, Gruppen von eifrigen Spielern zu organisieren und sie in Casinos zu platzieren. Zwar kann man potenziell mehr Geld verdienen, wenn man sich einem gut eingespielten Team anschlie\u00dft, aber es gibt auch einige negative Aspekte. Oft f\u00fchren zu viele Finger im Spiel zu Problemen, wie zum Beispiel das eine Mal, als ich sechs Tage in einem Team gespielt und f\u00fcnfzig Riesen gewonnen habe. Meine Ausbeute? Mickrige $2.100, weil ein paar unterdurchschnittliche Spieler den Anteil aller verw\u00e4ssert haben. Zahlreiche Teams wurden auch von Skimming und Inkompetenz heimgesucht, und viele Bankkonten wurden von der Kokainsucht oder der Gier eines Spielers ausgeh\u00f6hlt. Das Gl\u00fccksspiel um gro\u00dfe Geldbetr\u00e4ge kann das Schlimmste in den Menschen hervorbringen.<\/p>\n<p>Daher bin ich der Meinung, dass ein konzentrierter Spieler auch alleine gut zurechtkommt und es besser ist, individuell zu spielen, als sich mit anderen Z\u00e4hlern zusammenzutun. Obwohl viele der hochprofitablen Handheld-Spiele in den letzten Jahren verschwunden sind, habe ich in diesem Artikel meine Erfahrungen mit Single- und Double-Deck-Spielen weitergegeben, denn die Grunds\u00e4tze f\u00fcr den Erfolg beim Blackjack (oder in jedem anderen Gesch\u00e4ft) bleiben dieselben - man muss bereit sein, die Extrameile zu gehen und extrem hart zu arbeiten, um die besten M\u00f6glichkeiten zu finden. Seitdem es Blackjack gibt, gibt es legale M\u00f6glichkeiten, die Chancen zu nutzen und das Haus zu schlagen. Und auch wenn sich die Bedingungen verschlechtern, glaube ich, dass kreative und disziplinierte Spieler weiterhin die Schw\u00e4chen des Spiels finden und ausnutzen werden.<\/p>\n<p>Es gibt nur wenige Jobs auf der Welt, bei denen man mit nur einem langen Wochenende im Monat zehn Riesen verdienen kann, aber es ist extrem schwierig, ein erfolgreicher Kartenz\u00e4hler zu werden. Ich habe es mir selbst beigebracht, aber f\u00fcr jeden erfolgreichen Blackjack-Spieler gibt es unz\u00e4hlige andere Opfer, die mit leeren Geldb\u00f6rsen am Stra\u00dfenrand stehen. Vielen erschien mein Beruf glamour\u00f6s und \"James-Bond-m\u00e4\u00dfig\", aber in Wirklichkeit ist es ein verdammt harter Weg, leichtes Geld zu verdienen. <\/p>\n<hr>\n<p>Dieser Artikel erscheint mit der Genehmigung des Autors <a href=\"http:\/\/www.kevinblackwood.com\/\">Kevin Blackwood<\/a>. Alle Rechte vorbehalten.<\/p>","protected":false},"excerpt":{"rendered":"<p>For the last two decades, I&#8217;ve lived what many would consider the American dream, earning big bucks while working only part-time. My profession? Card counter. My office? Blackjack tables all over the world. Incredible perks accompanied my vocation &#8212; ringside boxing tickets for the big fights, offers to play golf with celebrities, front row seats [&hellip;]<\/p>\n","protected":false},"author":2,"featured_media":0,"parent":0,"menu_order":0,"comment_status":"open","ping_status":"closed","template":"","meta":{"_acf_changed":false,"footnotes":""},"tags":[],"class_list":["post-1093","page","type-page","status-publish","hentry"],"acf":[],"yoast_head":"<!-- This site is optimized with the Yoast SEO plugin v26.6 - https:\/\/yoast.com\/wordpress\/plugins\/seo\/ -->\n<title>World&#039;s Greatest Job<\/title>\n<meta name=\"description\" content=\"Card counting at blackjack may be the world&#039;s greatest job. Kevin Blackwood describes his life on the green felt, on the way to a $1 million dollar profit.\" \/>\n<meta name=\"robots\" content=\"index, follow, max-snippet:-1, max-image-preview:large, max-video-preview:-1\" \/>\n<link rel=\"canonical\" href=\"https:\/\/www.blackjackinfo.com\/de\/der-beste-job-der-welt\/\" \/>\n<meta property=\"og:locale\" content=\"de_DE\" \/>\n<meta property=\"og:type\" content=\"article\" \/>\n<meta property=\"og:title\" content=\"World&#039;s Greatest Job\" \/>\n<meta property=\"og:description\" content=\"Card counting at blackjack may be the world&#039;s greatest job. Kevin Blackwood describes his life on the green felt, on the way to a $1 million dollar profit.\" \/>\n<meta property=\"og:url\" content=\"https:\/\/www.blackjackinfo.com\/de\/der-beste-job-der-welt\/\" \/>\n<meta property=\"og:site_name\" content=\"BlackjackInfo.com\" \/>\n<meta property=\"article:modified_time\" content=\"2018-06-22T07:45:42+00:00\" \/>\n<meta name=\"twitter:label1\" content=\"Gesch\u00e4tzte Lesezeit\" \/>\n\t<meta name=\"twitter:data1\" content=\"13\u00a0Minuten\" \/>\n<script type=\"application\/ld+json\" class=\"yoast-schema-graph\">{\"@context\":\"https:\/\/schema.org\",\"@graph\":[{\"@type\":\"WebPage\",\"@id\":\"https:\/\/www.blackjackinfo.com\/worlds-greatest-job\/\",\"url\":\"https:\/\/www.blackjackinfo.com\/worlds-greatest-job\/\",\"name\":\"World's Greatest Job\",\"isPartOf\":{\"@id\":\"https:\/\/www.blackjackinfo.com\/#website\"},\"datePublished\":\"2014-12-03T02:02:30+00:00\",\"dateModified\":\"2018-06-22T07:45:42+00:00\",\"description\":\"Card counting at blackjack may be the world's greatest job. Kevin Blackwood describes his life on the green felt, on the way to a $1 million dollar profit.\",\"breadcrumb\":{\"@id\":\"https:\/\/www.blackjackinfo.com\/worlds-greatest-job\/#breadcrumb\"},\"inLanguage\":\"de\",\"potentialAction\":[{\"@type\":\"ReadAction\",\"target\":[\"https:\/\/www.blackjackinfo.com\/worlds-greatest-job\/\"]}]},{\"@type\":\"BreadcrumbList\",\"@id\":\"https:\/\/www.blackjackinfo.com\/worlds-greatest-job\/#breadcrumb\",\"itemListElement\":[{\"@type\":\"ListItem\",\"position\":1,\"name\":\"Home\",\"item\":\"https:\/\/www.blackjackinfo.com\/\"},{\"@type\":\"ListItem\",\"position\":2,\"name\":\"World&#8217;s Greatest Job\"}]},{\"@type\":\"WebSite\",\"@id\":\"https:\/\/www.blackjackinfo.com\/#website\",\"url\":\"https:\/\/www.blackjackinfo.com\/\",\"name\":\"BlackjackInfo.com\",\"description\":\"Because Winning is More Fun!\",\"potentialAction\":[{\"@type\":\"SearchAction\",\"target\":{\"@type\":\"EntryPoint\",\"urlTemplate\":\"https:\/\/www.blackjackinfo.com\/?s={search_term_string}\"},\"query-input\":{\"@type\":\"PropertyValueSpecification\",\"valueRequired\":true,\"valueName\":\"search_term_string\"}}],\"inLanguage\":\"de\"}]}<\/script>\n<!-- \/ Yoast SEO plugin. -->","yoast_head_json":{"title":"Der tollste Job der Welt","description":"Kartenz\u00e4hlen beim Blackjack ist vielleicht der beste Job der Welt. Kevin Blackwood beschreibt sein Leben auf dem gr\u00fcnen Filz, auf dem Weg zu einem Gewinn von $1 Million Dollar.","robots":{"index":"index","follow":"follow","max-snippet":"max-snippet:-1","max-image-preview":"max-image-preview:large","max-video-preview":"max-video-preview:-1"},"canonical":"https:\/\/www.blackjackinfo.com\/de\/der-beste-job-der-welt\/","og_locale":"de_DE","og_type":"article","og_title":"World's Greatest Job","og_description":"Card counting at blackjack may be the world's greatest job. Kevin Blackwood describes his life on the green felt, on the way to a $1 million dollar profit.","og_url":"https:\/\/www.blackjackinfo.com\/de\/der-beste-job-der-welt\/","og_site_name":"BlackjackInfo.com","article_modified_time":"2018-06-22T07:45:42+00:00","twitter_misc":{"Gesch\u00e4tzte Lesezeit":"13\u00a0Minuten"},"schema":{"@context":"https:\/\/schema.org","@graph":[{"@type":"WebPage","@id":"https:\/\/www.blackjackinfo.com\/worlds-greatest-job\/","url":"https:\/\/www.blackjackinfo.com\/worlds-greatest-job\/","name":"Der tollste Job der Welt","isPartOf":{"@id":"https:\/\/www.blackjackinfo.com\/#website"},"datePublished":"2014-12-03T02:02:30+00:00","dateModified":"2018-06-22T07:45:42+00:00","description":"Kartenz\u00e4hlen beim Blackjack ist vielleicht der beste Job der Welt. Kevin Blackwood beschreibt sein Leben auf dem gr\u00fcnen Filz, auf dem Weg zu einem Gewinn von $1 Million Dollar.","breadcrumb":{"@id":"https:\/\/www.blackjackinfo.com\/worlds-greatest-job\/#breadcrumb"},"inLanguage":"de","potentialAction":[{"@type":"ReadAction","target":["https:\/\/www.blackjackinfo.com\/worlds-greatest-job\/"]}]},{"@type":"BreadcrumbList","@id":"https:\/\/www.blackjackinfo.com\/worlds-greatest-job\/#breadcrumb","itemListElement":[{"@type":"ListItem","position":1,"name":"Home","item":"https:\/\/www.blackjackinfo.com\/"},{"@type":"ListItem","position":2,"name":"World&#8217;s Greatest Job"}]},{"@type":"WebSite","@id":"https:\/\/www.blackjackinfo.com\/#website","url":"https:\/\/www.blackjackinfo.com\/","name":"BlackjackInfo.de","description":"Denn Gewinnen macht mehr Spa\u00df!","potentialAction":[{"@type":"SearchAction","target":{"@type":"EntryPoint","urlTemplate":"https:\/\/www.blackjackinfo.com\/?s={search_term_string}"},"query-input":{"@type":"PropertyValueSpecification","valueRequired":true,"valueName":"search_term_string"}}],"inLanguage":"de"}]}},"_links":{"self":[{"href":"https:\/\/www.blackjackinfo.com\/de\/wp-json\/wp\/v2\/pages\/1093","targetHints":{"allow":["GET"]}}],"collection":[{"href":"https:\/\/www.blackjackinfo.com\/de\/wp-json\/wp\/v2\/pages"}],"about":[{"href":"https:\/\/www.blackjackinfo.com\/de\/wp-json\/wp\/v2\/types\/page"}],"author":[{"embeddable":true,"href":"https:\/\/www.blackjackinfo.com\/de\/wp-json\/wp\/v2\/users\/2"}],"replies":[{"embeddable":true,"href":"https:\/\/www.blackjackinfo.com\/de\/wp-json\/wp\/v2\/comments?post=1093"}],"version-history":[{"count":2,"href":"https:\/\/www.blackjackinfo.com\/de\/wp-json\/wp\/v2\/pages\/1093\/revisions"}],"predecessor-version":[{"id":3718,"href":"https:\/\/www.blackjackinfo.com\/de\/wp-json\/wp\/v2\/pages\/1093\/revisions\/3718"}],"wp:attachment":[{"href":"https:\/\/www.blackjackinfo.com\/de\/wp-json\/wp\/v2\/media?parent=1093"}],"wp:term":[{"taxonomy":"post_tag","embeddable":true,"href":"https:\/\/www.blackjackinfo.com\/de\/wp-json\/wp\/v2\/tags?post=1093"}],"curies":[{"name":"wp","href":"https:\/\/api.w.org\/{rel}","templated":true}]}}