{"id":1219,"date":"2014-12-10T21:49:52","date_gmt":"2014-12-11T02:49:52","guid":{"rendered":"http:\/\/test.blackjackinfo.com\/?page_id=1219"},"modified":"2018-06-22T01:10:48","modified_gmt":"2018-06-22T06:10:48","slug":"casino-grundlagen","status":"publish","type":"page","link":"https:\/\/www.blackjackinfo.com\/de\/blackjack-rules\/casino-basics\/","title":{"rendered":"Blackjack-Regeln: Teil 1 - Casino-Grundlagen"},"content":{"rendered":"<div class=\"bji-byline\">von <a href=\"\/ken-smith\/\">Kenneth R. Smith<\/a><\/div>\n<h2 class=\"text-center\">Auswahl eines Tisches<\/h2>\n<p>Wenn Sie neu im Spiel sind, sollten Sie bei der Suche nach einem Spiel einige Punkte beachten...<\/p>\n<p>Der wichtigste Punkt ist das Schild, auf dem die Einsatzgrenzen angegeben sind. Wenn Sie dies lesen, m\u00f6chten Sie sich wahrscheinlich nicht an einen Tisch setzen, der einen Mindesteinsatz von $100 verlangt!  Sowohl der Mindest- als auch der H\u00f6chsteinsatz sollten auf einem Schild auf der Tischplatte angegeben sein. Schauen Sie sich um, um einen Tisch zu finden, der zu Ihren Einsatzh\u00f6hen passt.<\/p>\n<p>Vergewissern Sie sich, dass der Tisch, den Sie ausgew\u00e4hlt haben, tats\u00e4chlich f\u00fcr Blackjack bestimmt ist und nicht f\u00fcr eine andere der vielen Arten von Tischspielen, die Casinos anbieten. Achten Sie auf dem Tisch auf den Schriftzug \"<i>Blackjack zahlt 3 zu 2<\/i>\".  Vermeiden Sie alle Spiele, bei denen \"<i>Blackjack zahlt 6 bis 5<\/i>\" stattdessen. (Siehe <a href=\"\/no-6-to-5-blackjack\/\">6 bis 5 Blackjack? Sag einfach Nein!<\/a>.)<\/p>\n<p>Schauen Sie sich als n\u00e4chstes an, wie das Spiel ausgeteilt wird.  Es gibt zwei verschiedene Arten des Austeilens:<\/p>\n<ul>\n<li><strong>Schuh Spiele<\/strong>: Der Geber verteilt Karten aus einem Kartenspielschuh, und die Spielerkarten werden alle offen ausgeteilt.  Bei diesen Spielen werden in der Regel 6 oder 8 Kartendecks verwendet.<\/li>\n<li><strong>Handgehaltene Spiele<\/strong>: Der Geber h\u00e4lt die Karten in der Hand und teilt den Spielern normalerweise verdeckte Karten aus.  Bei diesen Spielen werden in der Regel 1 oder 2 Kartendecks verwendet.<\/li>\n<\/ul>\n<p>Anf\u00e4nger sollten zun\u00e4chst mit den Shoe-Spielen beginnen.  Der Vorteil dieser Spielart besteht darin, dass alle Karten der Spieler offen ausgeteilt werden, so dass der Dealer und die anderen Spieler Ihnen bei Spielfragen und Entscheidungen leicht helfen k\u00f6nnen. Sobald Sie das Spiel beherrschen, k\u00f6nnen Sie zu einem Spiel mit weniger Kartendecks wechseln, da dies den Vorteil des Casinos verringert.<\/p>\n<hr>\n<h2 class=\"text-center\">Chips kaufen<\/h2>\n<p>Um das Spiel zu spielen, m\u00fcssen Sie etwas Bargeld gegen Chips vom Dealer eintauschen.<\/p>\n<p>Warten Sie auf eine Spielpause und legen Sie Ihr Geld vor sich auf den Filz des Tisches.<\/p>\n<p>Hier gelten ein paar Regeln der Etikette:<\/p>\n<ul>\n<li>Versuchen Sie nicht, dem Dealer Ihr Geld zu geben.  Aus Sicherheitsgr\u00fcnden kann er Ihnen nichts aus der Hand nehmen.  Legen Sie es stattdessen einfach auf den Tisch.<\/li>\n<li>Legen Sie es nicht in den Wettkreis, da einige Casinos Barwetten zulassen und der Dealer denken k\u00f6nnte, dass Sie alles setzen wollen!<\/li>\n<li>Kaufen Sie sich mit mindestens so viel Geld ein, dass Sie mehrere H\u00e4nde spielen k\u00f6nnen.  Ein typischer $5-Spieler k\u00f6nnte sich mit $40 oder so einkaufen.<\/li>\n<\/ul>\n<p>Der Dealer tauscht den gesamten Bargeldbetrag gegen den Gegenwert in Chips um und wirft das Geld in eine Box auf dem Tisch.<\/p>\n<p>Werfen Sie einen kurzen Blick auf die Chips, um sicherzustellen, dass Sie den Wert jeder Farbe kennen.  \u00dcbliche Chipfarben sind rot f\u00fcr $5, gr\u00fcn f\u00fcr $25 und schwarz f\u00fcr $100.<\/p>\n<p>Wenn Sie Fragen haben, fragen Sie einfach den Dealer.  Es geh\u00f6rt zu seinen Aufgaben, den Spielern beim Erlernen des Spiels zu helfen.<\/p>\n<hr>\n<h2 class=\"text-center\">Eine Wette platzieren<\/h2>\n<p>Wenn Sie bereit sind, einen Einsatz zu machen, warten Sie, bis das aktuelle Blatt beendet ist, und schieben Sie dann Ihren Einsatz in den Wettkreis.<\/p>\n<p>Ihre Chips sollten in einem Stapel liegen.  Wenn Sie Chips mit mehreren Werten setzen, legen Sie die Chips mit dem h\u00f6heren Wert unten auf den Stapel und die Chips mit dem niedrigeren Wert obenauf.<\/p>\n<p>Sobald die Karten ausgeteilt wurden, d\u00fcrfen Sie den Einsatz im Kreis nicht mehr ber\u00fchren.  Wenn Sie wissen m\u00fcssen, wie viel Sie gesetzt haben, um zu verdoppeln oder zu teilen (wird sp\u00e4ter erkl\u00e4rt), z\u00e4hlt der Geber die Chips f\u00fcr Sie ab.<\/p>\n<p>Sobald die Runde zu Ende ist, geht der Geber nacheinander zu jeder Position am Tisch, zahlt die Gewinne aus und sammelt die Chips der Verlierer ein. Nachdem der Dealer Sie ausgezahlt hat, k\u00f6nnen Sie Ihre Chips aus dem Kreis nehmen und Ihren n\u00e4chsten Einsatz t\u00e4tigen.<\/p>\n<p>Wenn Sie Ihre Gewinne mitnehmen m\u00f6chten, m\u00fcssen Sie einen Chipstapel aus den zwei oder mehr Stapeln auf dem Tisch bilden, nachdem der Dealer Sie ausgezahlt hat. Denken Sie daran, dass Chips mit h\u00f6herem Wert ganz unten auf den Stapel gelegt werden sollten.<\/p>\n<hr>\n<h2 class=\"text-center\">Deine Chips einl\u00f6sen<\/h2>\n<p>Wenn Sie bereit sind, den Tisch zu verlassen, geben Sie Ihre Chips nicht auf dieselbe Weise zur\u00fcck, wie Sie sie gekauft haben.  Der Dealer kann Ihnen kein Bargeld f\u00fcr die Chips am Tisch geben.  Dazu m\u00fcssen Sie die Chips zum Kassierer des Casinos bringen.<\/p>\n<p>Wenn Sie viele Chips mit niedrigem Wert vor sich am Tisch liegen haben, sollten Sie diese gegen entsprechende Chips mit h\u00f6herem Wert eintauschen.  Sagen Sie dem Croupier zwischen den Spielrunden, dass Sie Ihre Chips in die Mitte des Tisches schieben m\u00f6chten, und er wird Sie bitten, Ihre Chips in die Mitte des Tisches zu schieben.  Er z\u00e4hlt sie dann ab und gibt Ihnen einen kleineren Stapel Chips, die den gleichen Wert haben.  Das macht es f\u00fcr Sie einfacher, die Chips zu tragen, und f\u00fcr den Dealer bleibt sein Vorrat an kleineren Chips erhalten.<\/p>\n<p>Jetzt k\u00f6nnen Sie diese Chips zu einem anderen Tisch mitnehmen, um weiter zu spielen, oder zur Casino-Kasse gehen, wo Sie sie in Bargeld umtauschen k\u00f6nnen.<\/p>\n<hr>\n<p class=\"left\">\u2190 Zur\u00fcck zu <a href=\"\/blackjack-rules\/\" rel=\"prev\">Blackjack Regeln<\/a><\/p>\n<p class=\"right\">Teil 2 - <a href=\"\/blackjack-rules\/blackjack-basics\" rel=\"next\">Blackjack-Grundlagen<\/a> \u2192<\/p>","protected":false},"excerpt":{"rendered":"<p>by Kenneth R Smith Choosing a table If you are new to the game, there are a few items you should notice when looking for a game&#8230; The most important item is the sign declaring betting limits. If you are reading this, you probably don&#8217;t want to sit down at a table that requires a [&hellip;]<\/p>\n","protected":false},"author":2,"featured_media":0,"parent":1174,"menu_order":1,"comment_status":"open","ping_status":"open","template":"","meta":{"_acf_changed":false,"footnotes":""},"tags":[],"class_list":["post-1219","page","type-page","status-publish","hentry"],"acf":[],"yoast_head":"<!-- This site is optimized with the Yoast SEO plugin v26.6 - https:\/\/yoast.com\/wordpress\/plugins\/seo\/ -->\n<title>Blackjack Rules: Part 1 - Casino Basics<\/title>\n<meta name=\"description\" content=\"Casino table games can be intimidating to a beginner. We will show you what to expect, and how to handle the basics, from buying in to cashing out.\" \/>\n<meta name=\"robots\" content=\"index, follow, max-snippet:-1, max-image-preview:large, max-video-preview:-1\" \/>\n<link rel=\"canonical\" href=\"https:\/\/www.blackjackinfo.com\/de\/blackjack-regeln\/\" \/>\n<meta property=\"og:locale\" content=\"de_DE\" \/>\n<meta property=\"og:type\" content=\"article\" \/>\n<meta property=\"og:title\" content=\"Blackjack Rules: Part 1 - Casino Basics\" \/>\n<meta property=\"og:description\" content=\"Casino table games can be intimidating to a beginner. We will show you what to expect, and how to handle the basics, from buying in to cashing out.\" \/>\n<meta property=\"og:url\" content=\"https:\/\/www.blackjackinfo.com\/de\/blackjack-regeln\/\" \/>\n<meta property=\"og:site_name\" content=\"BlackjackInfo.com\" \/>\n<meta property=\"article:modified_time\" content=\"2018-06-22T06:10:48+00:00\" \/>\n<meta name=\"twitter:label1\" content=\"Gesch\u00e4tzte Lesezeit\" \/>\n\t<meta name=\"twitter:data1\" content=\"4\u00a0Minuten\" \/>\n<script type=\"application\/ld+json\" class=\"yoast-schema-graph\">{\"@context\":\"https:\/\/schema.org\",\"@graph\":[{\"@type\":\"WebPage\",\"@id\":\"https:\/\/www.blackjackinfo.com\/blackjack-rules\/casino-basics\/\",\"url\":\"https:\/\/www.blackjackinfo.com\/blackjack-rules\/\",\"name\":\"Blackjack Rules: Part 1 - Casino Basics\",\"isPartOf\":{\"@id\":\"https:\/\/www.blackjackinfo.com\/#website\"},\"datePublished\":\"2014-12-11T02:49:52+00:00\",\"dateModified\":\"2018-06-22T06:10:48+00:00\",\"description\":\"Casino table games can be intimidating to a beginner. We will show you what to expect, and how to handle the basics, from buying in to cashing out.\",\"breadcrumb\":{\"@id\":\"https:\/\/www.blackjackinfo.com\/blackjack-rules\/#breadcrumb\"},\"inLanguage\":\"de\",\"potentialAction\":[{\"@type\":\"ReadAction\",\"target\":[\"https:\/\/www.blackjackinfo.com\/blackjack-rules\/\"]}]},{\"@type\":\"BreadcrumbList\",\"@id\":\"https:\/\/www.blackjackinfo.com\/blackjack-rules\/#breadcrumb\",\"itemListElement\":[{\"@type\":\"ListItem\",\"position\":1,\"name\":\"Home\",\"item\":\"https:\/\/www.blackjackinfo.com\/\"},{\"@type\":\"ListItem\",\"position\":2,\"name\":\"Casino Blackjack: Rules of the Game\",\"item\":\"https:\/\/www.blackjackinfo.com\/blackjack-rules\/\"},{\"@type\":\"ListItem\",\"position\":3,\"name\":\"Blackjack Rules: Part 1 &#8211; Casino Basics\"}]},{\"@type\":\"WebSite\",\"@id\":\"https:\/\/www.blackjackinfo.com\/#website\",\"url\":\"https:\/\/www.blackjackinfo.com\/\",\"name\":\"BlackjackInfo.com\",\"description\":\"Because Winning is More Fun!\",\"potentialAction\":[{\"@type\":\"SearchAction\",\"target\":{\"@type\":\"EntryPoint\",\"urlTemplate\":\"https:\/\/www.blackjackinfo.com\/?s={search_term_string}\"},\"query-input\":{\"@type\":\"PropertyValueSpecification\",\"valueRequired\":true,\"valueName\":\"search_term_string\"}}],\"inLanguage\":\"de\"}]}<\/script>\n<!-- \/ Yoast SEO plugin. -->","yoast_head_json":{"title":"Blackjack-Regeln: Teil 1 - Casino-Grundlagen","description":"Casino-Tischspiele k\u00f6nnen f\u00fcr einen Anf\u00e4nger einsch\u00fcchternd sein. Wir zeigen Ihnen, was Sie erwarten k\u00f6nnen und wie Sie mit den Grundlagen umgehen, vom Einzahlen bis zum Auszahlen.","robots":{"index":"index","follow":"follow","max-snippet":"max-snippet:-1","max-image-preview":"max-image-preview:large","max-video-preview":"max-video-preview:-1"},"canonical":"https:\/\/www.blackjackinfo.com\/de\/blackjack-regeln\/","og_locale":"de_DE","og_type":"article","og_title":"Blackjack Rules: Part 1 - Casino Basics","og_description":"Casino table games can be intimidating to a beginner. We will show you what to expect, and how to handle the basics, from buying in to cashing out.","og_url":"https:\/\/www.blackjackinfo.com\/de\/blackjack-regeln\/","og_site_name":"BlackjackInfo.com","article_modified_time":"2018-06-22T06:10:48+00:00","twitter_misc":{"Gesch\u00e4tzte Lesezeit":"4\u00a0Minuten"},"schema":{"@context":"https:\/\/schema.org","@graph":[{"@type":"WebPage","@id":"https:\/\/www.blackjackinfo.com\/blackjack-rules\/casino-basics\/","url":"https:\/\/www.blackjackinfo.com\/blackjack-rules\/","name":"Blackjack-Regeln: Teil 1 - Casino-Grundlagen","isPartOf":{"@id":"https:\/\/www.blackjackinfo.com\/#website"},"datePublished":"2014-12-11T02:49:52+00:00","dateModified":"2018-06-22T06:10:48+00:00","description":"Casino-Tischspiele k\u00f6nnen f\u00fcr einen Anf\u00e4nger einsch\u00fcchternd sein. Wir zeigen Ihnen, was Sie erwarten k\u00f6nnen und wie Sie mit den Grundlagen umgehen, vom Einzahlen bis zum Auszahlen.","breadcrumb":{"@id":"https:\/\/www.blackjackinfo.com\/blackjack-rules\/#breadcrumb"},"inLanguage":"de","potentialAction":[{"@type":"ReadAction","target":["https:\/\/www.blackjackinfo.com\/blackjack-rules\/"]}]},{"@type":"BreadcrumbList","@id":"https:\/\/www.blackjackinfo.com\/blackjack-rules\/#breadcrumb","itemListElement":[{"@type":"ListItem","position":1,"name":"Home","item":"https:\/\/www.blackjackinfo.com\/"},{"@type":"ListItem","position":2,"name":"Casino Blackjack: Rules of the Game","item":"https:\/\/www.blackjackinfo.com\/blackjack-rules\/"},{"@type":"ListItem","position":3,"name":"Blackjack Rules: Part 1 &#8211; Casino Basics"}]},{"@type":"WebSite","@id":"https:\/\/www.blackjackinfo.com\/#website","url":"https:\/\/www.blackjackinfo.com\/","name":"BlackjackInfo.de","description":"Denn Gewinnen macht mehr Spa\u00df!","potentialAction":[{"@type":"SearchAction","target":{"@type":"EntryPoint","urlTemplate":"https:\/\/www.blackjackinfo.com\/?s={search_term_string}"},"query-input":{"@type":"PropertyValueSpecification","valueRequired":true,"valueName":"search_term_string"}}],"inLanguage":"de"}]}},"_links":{"self":[{"href":"https:\/\/www.blackjackinfo.com\/de\/wp-json\/wp\/v2\/pages\/1219","targetHints":{"allow":["GET"]}}],"collection":[{"href":"https:\/\/www.blackjackinfo.com\/de\/wp-json\/wp\/v2\/pages"}],"about":[{"href":"https:\/\/www.blackjackinfo.com\/de\/wp-json\/wp\/v2\/types\/page"}],"author":[{"embeddable":true,"href":"https:\/\/www.blackjackinfo.com\/de\/wp-json\/wp\/v2\/users\/2"}],"replies":[{"embeddable":true,"href":"https:\/\/www.blackjackinfo.com\/de\/wp-json\/wp\/v2\/comments?post=1219"}],"version-history":[{"count":23,"href":"https:\/\/www.blackjackinfo.com\/de\/wp-json\/wp\/v2\/pages\/1219\/revisions"}],"predecessor-version":[{"id":1654,"href":"https:\/\/www.blackjackinfo.com\/de\/wp-json\/wp\/v2\/pages\/1219\/revisions\/1654"}],"up":[{"embeddable":true,"href":"https:\/\/www.blackjackinfo.com\/de\/wp-json\/wp\/v2\/pages\/1174"}],"wp:attachment":[{"href":"https:\/\/www.blackjackinfo.com\/de\/wp-json\/wp\/v2\/media?parent=1219"}],"wp:term":[{"taxonomy":"post_tag","embeddable":true,"href":"https:\/\/www.blackjackinfo.com\/de\/wp-json\/wp\/v2\/tags?post=1219"}],"curies":[{"name":"wp","href":"https:\/\/api.w.org\/{rel}","templated":true}]}}