{"id":1226,"date":"2014-12-10T21:57:43","date_gmt":"2014-12-11T02:57:43","guid":{"rendered":"http:\/\/test.blackjackinfo.com\/?page_id=1226"},"modified":"2018-06-22T01:13:46","modified_gmt":"2018-06-22T06:13:46","slug":"blackjack-grundlagen","status":"publish","type":"page","link":"https:\/\/www.blackjackinfo.com\/de\/blackjack-rules\/blackjack-basics\/","title":{"rendered":"Blackjack-Regeln: Teil 2 - Blackjack-Grundlagen"},"content":{"rendered":"<div class=\"bji-byline\">von <a href=\"\/ken-smith\/\">Kenneth R. Smith<\/a><\/div>\n<h2 class=\"text-center\">Pr\u00e4misse des Spiels<\/h2>\n<p>Blackjack ist ziemlich einfach.  Die Grundvoraussetzung f\u00fcr das Spiel ist, dass Sie einen Handwert haben wollen, der n\u00e4her an 21 liegt als der des Dealers, ohne \u00fcber 21 zu gehen. Die anderen Spieler am Tisch sind nicht von Belang. Ihre Hand konkurriert nur mit der Hand des Dealers.<\/p>\n<p>Die Spielregeln f\u00fcr den Geber sind streng vorgegeben, und der Geber hat keinerlei Entscheidungsfreiheit. Daher ist es kein Problem, wenn der Geber oder einer der anderen Spieler am Tisch die Karten auf Ihrer Hand sieht. Wenn Sie an einem Shoe-Spiel teilnehmen, werden die Spielerkarten sogar offen ausgeteilt.<\/p>\n<p>Wenn Sie gerade erst spielen lernen, sollten Sie auf jeden Fall nicht z\u00f6gern, dem Geber oder anderen Spielern Ihre Karten zu zeigen und Fragen zu stellen.<\/p>\n<hr>\n<h2 class=\"text-center\">Werte der Karten<\/h2>\n<p>Beim Blackjack werden die Karten wie folgt gewertet:<\/p>\n<ul>\n<li>Ein Ass kann entweder als 1 oder als 11 z\u00e4hlen, wie unten erkl\u00e4rt.<\/li>\n<li>Die Karten von 2 bis 9 werden mit ihrem Nennwert bewertet.<\/li>\n<li>Die 10, der Bube, die Dame und der K\u00f6nig haben alle einen Wert von 10.<\/li>\n<\/ul>\n<p>Die Farben der Karten haben in diesem Spiel keine Bedeutung. Der Wert eines Blattes ergibt sich einfach aus der Summe der Punkte jeder Karte im Blatt.  Einige Beispiele:<\/p>\n<p><img loading=\"lazy\" decoding=\"async\" class=\"card\" src=\"\/img\/cards\/5c.gif\" width=\"79\" height=\"96\" alt=\"Five of Clubs\" data-no-auto-translation=\"\"><img loading=\"lazy\" decoding=\"async\" class=\"card\" src=\"\/img\/cards\/7h.gif\" width=\"79\" height=\"96\" alt=\"Seven of Hearts\" data-no-auto-translation=\"\"><img loading=\"lazy\" decoding=\"async\" class=\"card\" src=\"\/img\/cards\/9d.gif\" width=\"79\" height=\"96\" alt=\"Nine of Diamonds\" data-no-auto-translation=\"\"><br \/>\n5 + 7 + 9 = 21, also hat dieses Blatt einen Wert von 21.<\/p>\n<p><img loading=\"lazy\" decoding=\"async\" class=\"card\" src=\"\/img\/cards\/jd.gif\" width=\"79\" height=\"96\" alt=\"Jack of Diamonds\" data-no-auto-translation=\"\"><img loading=\"lazy\" decoding=\"async\" class=\"card\" src=\"\/img\/cards\/ts.gif\" width=\"79\" height=\"96\" alt=\"Ten of Spades\" data-no-auto-translation=\"\"><br \/>\n10 + 10 = 20, also hat dieses Blatt einen Wert von 20.<\/p>\n<p><img loading=\"lazy\" decoding=\"async\" class=\"card\" src=\"\/img\/cards\/9s.gif\" width=\"79\" height=\"96\" alt=\"Nine of Spades\" data-no-auto-translation=\"\"><img loading=\"lazy\" decoding=\"async\" class=\"card\" src=\"\/img\/cards\/3s.gif\" width=\"79\" height=\"96\" alt=\"Three of Spades\" data-no-auto-translation=\"\"><img loading=\"lazy\" decoding=\"async\" class=\"card\" src=\"\/img\/cards\/qh.gif\" width=\"79\" height=\"96\" alt=\"Queen of Hearts\" data-no-auto-translation=\"\"><br \/>\n9 + 3 + 10 = 22, also ist dieses Blatt ein \"Bust\".  Jede Hand, die \u00fcber 21 hinausgeht, wird \"gebrochen\" oder \"busted\" und ist automatisch ein Verlierer.<\/p>\n<p>Ziemlich einfach, oder?<\/p>\n<p>Das Ace f\u00fcgt eine neue Wendung hinzu...<\/p>\n<p>Ein Ass kann entweder als 1 oder als 11 gez\u00e4hlt werden. Sie m\u00fcssen nicht angeben, welchen Wert das Ass hat. Es wird angenommen, dass es den Wert hat, der das beste Blatt ergibt, und das kann sich \u00e4ndern, wenn weitere Karten zum Blatt hinzugef\u00fcgt werden.<\/p>\n<p><img loading=\"lazy\" decoding=\"async\" class=\"card\" src=\"\/img\/cards\/ac.gif\" width=\"79\" height=\"96\" alt=\"Ace of Clubs\" data-no-auto-translation=\"\"><img loading=\"lazy\" decoding=\"async\" class=\"card\" src=\"\/img\/cards\/6d.gif\" width=\"79\" height=\"96\" alt=\"Six of Diamonds\" data-no-auto-translation=\"\"><br \/>\nDiese Hand wird mit 7 oder 17 bewertet, auch bekannt als eine \"weiche\" 17.<\/p>\n<p>Ein weiches Blatt ist ein Blatt, bei dem ein Ass entweder als 1 oder als 11 gez\u00e4hlt werden kann, ohne dass es \u00fcber 21 geht.  Der Name spiegelt die Tatsache wider, dass das Blatt nicht zusammenbrechen kann, wenn Sie eine weitere Karte ziehen.  Es ist \"weich\".<\/p>\n<p>Ziehen wir eine weitere Karte:<br \/>\n<img loading=\"lazy\" decoding=\"async\" class=\"card\" src=\"\/img\/cards\/ac.gif\" width=\"79\" height=\"96\" alt=\"Ace of Clubs\" data-no-auto-translation=\"\"><img loading=\"lazy\" decoding=\"async\" class=\"card\" src=\"\/img\/cards\/6d.gif\" width=\"79\" height=\"96\" alt=\"Six of Diamonds\" data-no-auto-translation=\"\"><img loading=\"lazy\" decoding=\"async\" class=\"card\" src=\"\/img\/cards\/ks.gif\" width=\"79\" height=\"96\" alt=\"King of Spades\" data-no-auto-translation=\"\"><\/p>\n<p>Jetzt ist unser Blatt 17, da 1 + 6 + 10 = 17.  Wir haben nicht mehr die M\u00f6glichkeit, das Ass als 11 zu z\u00e4hlen, weil das \u00fcber 21 hinausgehen w\u00fcrde.  (Diese Hand ist jetzt eine harte 17, obwohl sie ein Ass enth\u00e4lt.)<\/p>\n<p>Lass uns zur\u00fcckgehen und stattdessen eine andere Karte ziehen:<br \/>\n<img loading=\"lazy\" decoding=\"async\" class=\"card\" src=\"\/img\/cards\/ac.gif\" width=\"79\" height=\"96\" alt=\"Ace of Clubs\" data-no-auto-translation=\"\"><img loading=\"lazy\" decoding=\"async\" class=\"card\" src=\"\/img\/cards\/6d.gif\" width=\"79\" height=\"96\" alt=\"Six of Diamonds\" data-no-auto-translation=\"\"><img loading=\"lazy\" decoding=\"async\" class=\"card\" src=\"\/img\/cards\/3d.gif\" width=\"79\" height=\"96\" alt=\"Three of Diamonds\" data-no-auto-translation=\"\"><\/p>\n<p>Jetzt ist unsere Hand \"10 oder 20\", eine weiche 20.  Zwanzig ist ein tolles Blatt, also w\u00fcrden wir dort aufh\u00f6ren.<\/p>\n<hr>\n<h2 class=\"text-center\">Der Deal der Karten<\/h2>\n<p>Sobald alle Wetten platziert sind, teilt der Geber die Karten an die Spieler aus. Er geht zweimal um den Tisch herum, beginnend zu seiner Linken (Ihrer Rechten), so dass die Spieler und der Dealer jeweils zwei Karten haben.  Der Geber dreht eine seiner Karten um und legt ihren Wert als \"offene Karte\" offen.<\/p>\n<p>(In manchen Teilen der Welt bekommt der Geber nur eine Karte.  Dies wird in <a href=\"\/blackjack-rules\/rule-variations\/\">Regel Variationen<\/a>, sp\u00e4ter in dieser Serie).<\/p>\n<p>Bei Spielen, die aus einem Schuh ausgeteilt werden, liegen die Karten der Spieler offen auf dem Tisch, und die Spieler d\u00fcrfen die Karten nicht anfassen. Wenn Sie gerade erst anfangen, ist dies die beste Art von Spiel, weil Sie sich keine Sorgen \u00fcber die Handhabung der Karten machen m\u00fcssen.<\/p>\n<div class=\"panel\">\nHandheld-Spiele sind etwas anders.  Bei diesen Spielen werden die Karten der Spieler verdeckt ausgeteilt und die Spieler nehmen die Karten auf. Beim Umgang mit den Karten in einem Handheld-Spiel gibt es einige wichtige Dinge zu beachten.<\/p>\n<ul>\n<li>Sie d\u00fcrfen die Karten nur mit einer Hand ber\u00fchren. Wenn Sie ein Pokerspieler sind, kann es einige M\u00fche kosten, alte Gewohnheiten abzulegen!<\/li>\n<li>Sie m\u00fcssen die Karten \u00fcber dem Tisch halten.  Ziehen Sie sie nicht nah an Ihren K\u00f6rper heran.<\/li>\n<li>Alle Karten, die der Geber anschlie\u00dfend an Sie austeilt, bleiben auf dem Tisch liegen und werden nicht zu den Karten in Ihrer Hand hinzugef\u00fcgt.<\/li>\n<\/ul>\n<\/div>\n<p>Sobald die ersten Bl\u00e4tter ausgeteilt wurden, beginnt das Spiel am Tisch mit dem ersten Platz links vom Dealer, auch \"First Base\" genannt. Jeder Spieler zeigt dem Geber der Reihe nach an, wie er das Blatt spielen m\u00f6chte. (Alle diese Wahlm\u00f6glichkeiten werden im n\u00e4chsten Teil dieser Serie erl\u00e4utert).<\/p>\n<p>Nachdem alle Spieler ihr Blatt beendet haben, vervollst\u00e4ndigt der Geber sein Blatt und zahlt dann die Gewinne aus und kassiert die Verluste.<\/p>\n<hr>\n<h2 class=\"text-center\">Wie der Geber sein Blatt spielt<\/h2>\n<p>Der Geber dreht zun\u00e4chst die \"Hole Card\" um, um sein Startblatt aus zwei Karten aufzudecken.  Der Geber muss dann sein Blatt auf eine ganz bestimmte Art und Weise spielen, wobei er keine Wahlm\u00f6glichkeiten hat.<\/p>\n<p>Er muss so lange Karten ziehen, bis er eine Gesamtsumme von 17 oder mehr hat.  Der Dealer hat keine Wahl, wie er das Blatt spielt.  Er muss so lange Karten nehmen, bis seine Gesamtsumme mindestens 17 betr\u00e4gt.<\/p>\n<p>(Eine leichte Abwandlung dieser Regel werde ich in der <a href=\"\/blackjack-rules\/rule-variations\/\">Regel Variationen<\/a> Abschnitt dieser Reihe).<\/p>\n<p>Schauen wir uns ein m\u00f6gliches H\u00e4ndlerblatt an:<\/p>\n<p><img loading=\"lazy\" decoding=\"async\" class=\"card\" src=\"\/img\/cards\/ac.gif\" width=\"79\" height=\"96\" alt=\"Ace of Clubs\" data-no-auto-translation=\"\"><img loading=\"lazy\" decoding=\"async\" class=\"card\" src=\"\/img\/cards\/5h.gif\" width=\"79\" height=\"96\" alt=\"Five of Hearts\" data-no-auto-translation=\"\"><img loading=\"lazy\" decoding=\"async\" class=\"card\" src=\"\/img\/cards\/7d.gif\" width=\"79\" height=\"96\" alt=\"Seven of Diamonds\" data-no-auto-translation=\"\"><img loading=\"lazy\" decoding=\"async\" class=\"card\" src=\"\/img\/cards\/6c.gif\" width=\"79\" height=\"96\" alt=\"Six of Clubs\" data-no-auto-translation=\"\"><\/p>\n<p>Nachdem er die verdeckte Karte umgedreht hat, hat der Dealer (Ass, 5) auf der Hand.  Das ergibt einen Handwert von 16, also muss er eine weitere Karte ziehen.<\/p>\n<p>Er hat eine 7 gezogen, was den Wert der Hand auf 13 erh\u00f6ht (das Ass kann nicht mehr als 11 gez\u00e4hlt werden).  Bei einem Gesamtwert von 13 muss er erneut schlagen.<\/p>\n<p>Er hat eine 6 gezogen, so dass die Gesamtsumme der Hand 19 betr\u00e4gt.  Da dies \"17 oder mehr\" ist, h\u00f6rt der Dealer mit einer Endsumme von 19 auf.<\/p>\n<hr>\n<h2 class=\"text-center\">Siege, Niederlagen und Unentschieden<\/h2>\n<p>Wie entscheidet der Dealer nach dem Spiel, welche Eins\u00e4tze er bezahlt und welche er einkassiert?<\/p>\n<p>Wenn Sie eine Karte ziehen, die Ihr Blatt auf \u00fcber 21 bringt, ist Ihr Blatt ein Bust.  Das ist ein automatischer Verlierer.  Der Dealer kassiert sofort Ihren Einsatz und wirft Ihr Blatt weg.<\/p>\n<p>Vorausgesetzt, Sie haben sich nicht \u00fcberkauft, wird der Dealer sein Blatt am Ende ausspielen.  Wenn er mit \u00fcber 21 \u00fcberkauft, gewinnen alle verbleibenden Spieler ihre Eins\u00e4tze.<\/p>\n<p>Wenn weder du noch der Dealer gebustet haben, vergleicht der Dealer jetzt seine Endsumme mit deiner.<\/p>\n<p>Wenn seine Summe h\u00f6her ist als Ihre, verlieren Sie den Einsatz, und er sammelt Ihren Einsatz ein und legt die Chips in sein Fach.<\/p>\n<p>Wenn Ihre Summe h\u00f6her ist als seine, haben Sie die Wette gewonnen, und er zahlt Ihnen den gesamten Betrag aus, den Sie gesetzt haben.  Nachdem er Sie bezahlt hat, haben Sie Ihren urspr\u00fcnglichen Einsatz plus den Betrag, den Sie im Kreis gewonnen haben.<\/p>\n<p>Was passiert also, wenn Sie und der Dealer mit der gleichen Summe unentschieden spielen?  \u00dcberhaupt nichts.  Ein Gleichstand wird als \"Push\" bezeichnet, und Sie gewinnen oder verlieren Ihren Einsatz nicht.  Ihre Chips verbleiben im Setzkreis, wo Sie sie f\u00fcr die n\u00e4chste Runde zur\u00fccklassen k\u00f6nnen, wenn Sie m\u00f6chten, oder Sie k\u00f6nnen sie vor der n\u00e4chsten Runde nach Belieben aufstocken oder entfernen.<\/p>\n<hr>\n<h2 class=\"text-center\">Was ist ein Blackjack oder ein Natural?<\/h2>\n<p>Ein Blackjack oder ein Natural ist eine Summe von 21 in Ihren ersten beiden Karten. Ein Blackjack ist also ein Ass und eine beliebige Karte mit dem Wert zehn, wobei es sich dabei um Ihre ersten beiden Karten handeln muss. Wenn Sie zum Beispiel ein Paar Asse teilen und dann eine Karte mit dem Wert zehn auf einem der Asse ziehen, ist dies kein Blackjack, sondern eine Summe von 21.<\/p>\n<p>Die Unterscheidung ist wichtig, denn ein gewonnener Blackjack wird dem Spieler mit 3 zu 2 ausgezahlt. Ein Einsatz von $10 gewinnt $15, wenn der Spieler einen Blackjack zieht. Ein Blackjack des Spielers schl\u00e4gt jede Summe des Dealers, die kein Blackjack ist, einschlie\u00dflich der 21 des Dealers mit drei oder mehr Karten. Wenn sowohl ein Spieler als auch der Dealer einen Blackjack haben, ist das Blatt unentschieden oder ein Push.<\/p>\n<p>Wenn Sie an der Reihe sind, zahlt der Croupier Ihren gewonnenen Blackjack-Einsatz normalerweise sofort aus. Bei verdeckten Spielen bedeutet dies, dass Sie dem Geber den Blackjack zu diesem Zeitpunkt zeigen sollten. Manche Casinos zahlen den Blackjack erst aus, wenn das Spiel vorbei ist, wenn der Dealer eine 10 aufgedeckt hat und nicht nach einem Dealer-Blackjack gefragt hat. Andere Casinos pr\u00fcfen sowohl bei offenen 10er- als auch bei offenen Ass-Karten und w\u00fcrden den Blackjack daher sofort auszahlen.<\/p>\n<p>Wie auch immer, wenn Sie einen Blackjack erhalten, drehen Sie die Karten auf und l\u00e4cheln Sie. Das passiert nur etwa einmal alle 21 H\u00e4nde, aber es macht einen Gro\u00dfteil des Spielspa\u00dfes aus. <\/p>\n<hr>\n<p class=\"left\">\u2190 Teil 1 - <a href=\"\/blackjack-rules\/casino-basics\/\" rel=\"prev\">Casino-Grundlagen<\/a><\/p>\n<p class=\"right\">Teil 3 - <a href=\"\/blackjack-rules\/player-choices\/\" rel=\"next\">Spieler-Auswahlen<\/a> \u2192<\/p>","protected":false},"excerpt":{"rendered":"<p>by Kenneth R Smith Premise of the Game Blackjack is pretty simple. The basic premise of the game is that you want to have a hand value that is closer to 21 than that of the dealer, without going over 21. Other players at the table are of no concern. Your hand competes only against [&hellip;]<\/p>\n","protected":false},"author":2,"featured_media":0,"parent":1174,"menu_order":2,"comment_status":"open","ping_status":"open","template":"","meta":{"_acf_changed":false,"footnotes":""},"tags":[],"class_list":["post-1226","page","type-page","status-publish","hentry"],"acf":[],"yoast_head":"<!-- This site is optimized with the Yoast SEO plugin v26.6 - https:\/\/yoast.com\/wordpress\/plugins\/seo\/ -->\n<title>Blackjack Rules: Part 2 - Blackjack Basics<\/title>\n<meta name=\"description\" content=\"We continue our explanation of casino blackjack with thorough coverage of the basics, from the value of the cards to how the dealer plays his hand.\" \/>\n<meta name=\"robots\" content=\"index, follow, max-snippet:-1, max-image-preview:large, max-video-preview:-1\" \/>\n<link rel=\"canonical\" href=\"https:\/\/www.blackjackinfo.com\/de\/blackjack-regeln\/\" \/>\n<meta property=\"og:locale\" content=\"de_DE\" \/>\n<meta property=\"og:type\" content=\"article\" \/>\n<meta property=\"og:title\" content=\"Blackjack Rules: Part 2 - Blackjack Basics\" \/>\n<meta property=\"og:description\" content=\"We continue our explanation of casino blackjack with thorough coverage of the basics, from the value of the cards to how the dealer plays his hand.\" \/>\n<meta property=\"og:url\" content=\"https:\/\/www.blackjackinfo.com\/de\/blackjack-regeln\/\" \/>\n<meta property=\"og:site_name\" content=\"BlackjackInfo.com\" \/>\n<meta property=\"article:modified_time\" content=\"2018-06-22T06:13:46+00:00\" \/>\n<meta name=\"twitter:label1\" content=\"Gesch\u00e4tzte Lesezeit\" \/>\n\t<meta name=\"twitter:data1\" content=\"7\u00a0Minuten\" \/>\n<script type=\"application\/ld+json\" class=\"yoast-schema-graph\">{\"@context\":\"https:\/\/schema.org\",\"@graph\":[{\"@type\":\"WebPage\",\"@id\":\"https:\/\/www.blackjackinfo.com\/blackjack-rules\/blackjack-basics\/\",\"url\":\"https:\/\/www.blackjackinfo.com\/blackjack-rules\/\",\"name\":\"Blackjack Rules: Part 2 - Blackjack Basics\",\"isPartOf\":{\"@id\":\"https:\/\/www.blackjackinfo.com\/#website\"},\"datePublished\":\"2014-12-11T02:57:43+00:00\",\"dateModified\":\"2018-06-22T06:13:46+00:00\",\"description\":\"We continue our explanation of casino blackjack with thorough coverage of the basics, from the value of the cards to how the dealer plays his hand.\",\"breadcrumb\":{\"@id\":\"https:\/\/www.blackjackinfo.com\/blackjack-rules\/#breadcrumb\"},\"inLanguage\":\"de\",\"potentialAction\":[{\"@type\":\"ReadAction\",\"target\":[\"https:\/\/www.blackjackinfo.com\/blackjack-rules\/\"]}]},{\"@type\":\"BreadcrumbList\",\"@id\":\"https:\/\/www.blackjackinfo.com\/blackjack-rules\/#breadcrumb\",\"itemListElement\":[{\"@type\":\"ListItem\",\"position\":1,\"name\":\"Home\",\"item\":\"https:\/\/www.blackjackinfo.com\/\"},{\"@type\":\"ListItem\",\"position\":2,\"name\":\"Casino Blackjack: Rules of the Game\",\"item\":\"https:\/\/www.blackjackinfo.com\/blackjack-rules\/\"},{\"@type\":\"ListItem\",\"position\":3,\"name\":\"Blackjack Rules: Part 2 &#8211; Blackjack Basics\"}]},{\"@type\":\"WebSite\",\"@id\":\"https:\/\/www.blackjackinfo.com\/#website\",\"url\":\"https:\/\/www.blackjackinfo.com\/\",\"name\":\"BlackjackInfo.com\",\"description\":\"Because Winning is More Fun!\",\"potentialAction\":[{\"@type\":\"SearchAction\",\"target\":{\"@type\":\"EntryPoint\",\"urlTemplate\":\"https:\/\/www.blackjackinfo.com\/?s={search_term_string}\"},\"query-input\":{\"@type\":\"PropertyValueSpecification\",\"valueRequired\":true,\"valueName\":\"search_term_string\"}}],\"inLanguage\":\"de\"}]}<\/script>\n<!-- \/ Yoast SEO plugin. -->","yoast_head_json":{"title":"Blackjack-Regeln: Teil 2 - Blackjack-Grundlagen","description":"Wir setzen unsere Erkl\u00e4rung von Casino-Blackjack mit einer gr\u00fcndlichen Behandlung der Grundlagen fort, vom Wert der Karten bis zur Art und Weise, wie der Dealer sein Blatt spielt.","robots":{"index":"index","follow":"follow","max-snippet":"max-snippet:-1","max-image-preview":"max-image-preview:large","max-video-preview":"max-video-preview:-1"},"canonical":"https:\/\/www.blackjackinfo.com\/de\/blackjack-regeln\/","og_locale":"de_DE","og_type":"article","og_title":"Blackjack Rules: Part 2 - Blackjack Basics","og_description":"We continue our explanation of casino blackjack with thorough coverage of the basics, from the value of the cards to how the dealer plays his hand.","og_url":"https:\/\/www.blackjackinfo.com\/de\/blackjack-regeln\/","og_site_name":"BlackjackInfo.com","article_modified_time":"2018-06-22T06:13:46+00:00","twitter_misc":{"Gesch\u00e4tzte Lesezeit":"7\u00a0Minuten"},"schema":{"@context":"https:\/\/schema.org","@graph":[{"@type":"WebPage","@id":"https:\/\/www.blackjackinfo.com\/blackjack-rules\/blackjack-basics\/","url":"https:\/\/www.blackjackinfo.com\/blackjack-rules\/","name":"Blackjack-Regeln: Teil 2 - Blackjack-Grundlagen","isPartOf":{"@id":"https:\/\/www.blackjackinfo.com\/#website"},"datePublished":"2014-12-11T02:57:43+00:00","dateModified":"2018-06-22T06:13:46+00:00","description":"Wir setzen unsere Erkl\u00e4rung von Casino-Blackjack mit einer gr\u00fcndlichen Behandlung der Grundlagen fort, vom Wert der Karten bis zur Art und Weise, wie der Dealer sein Blatt spielt.","breadcrumb":{"@id":"https:\/\/www.blackjackinfo.com\/blackjack-rules\/#breadcrumb"},"inLanguage":"de","potentialAction":[{"@type":"ReadAction","target":["https:\/\/www.blackjackinfo.com\/blackjack-rules\/"]}]},{"@type":"BreadcrumbList","@id":"https:\/\/www.blackjackinfo.com\/blackjack-rules\/#breadcrumb","itemListElement":[{"@type":"ListItem","position":1,"name":"Home","item":"https:\/\/www.blackjackinfo.com\/"},{"@type":"ListItem","position":2,"name":"Casino Blackjack: Rules of the Game","item":"https:\/\/www.blackjackinfo.com\/blackjack-rules\/"},{"@type":"ListItem","position":3,"name":"Blackjack Rules: Part 2 &#8211; Blackjack Basics"}]},{"@type":"WebSite","@id":"https:\/\/www.blackjackinfo.com\/#website","url":"https:\/\/www.blackjackinfo.com\/","name":"BlackjackInfo.de","description":"Denn Gewinnen macht mehr Spa\u00df!","potentialAction":[{"@type":"SearchAction","target":{"@type":"EntryPoint","urlTemplate":"https:\/\/www.blackjackinfo.com\/?s={search_term_string}"},"query-input":{"@type":"PropertyValueSpecification","valueRequired":true,"valueName":"search_term_string"}}],"inLanguage":"de"}]}},"_links":{"self":[{"href":"https:\/\/www.blackjackinfo.com\/de\/wp-json\/wp\/v2\/pages\/1226","targetHints":{"allow":["GET"]}}],"collection":[{"href":"https:\/\/www.blackjackinfo.com\/de\/wp-json\/wp\/v2\/pages"}],"about":[{"href":"https:\/\/www.blackjackinfo.com\/de\/wp-json\/wp\/v2\/types\/page"}],"author":[{"embeddable":true,"href":"https:\/\/www.blackjackinfo.com\/de\/wp-json\/wp\/v2\/users\/2"}],"replies":[{"embeddable":true,"href":"https:\/\/www.blackjackinfo.com\/de\/wp-json\/wp\/v2\/comments?post=1226"}],"version-history":[{"count":43,"href":"https:\/\/www.blackjackinfo.com\/de\/wp-json\/wp\/v2\/pages\/1226\/revisions"}],"predecessor-version":[{"id":1655,"href":"https:\/\/www.blackjackinfo.com\/de\/wp-json\/wp\/v2\/pages\/1226\/revisions\/1655"}],"up":[{"embeddable":true,"href":"https:\/\/www.blackjackinfo.com\/de\/wp-json\/wp\/v2\/pages\/1174"}],"wp:attachment":[{"href":"https:\/\/www.blackjackinfo.com\/de\/wp-json\/wp\/v2\/media?parent=1226"}],"wp:term":[{"taxonomy":"post_tag","embeddable":true,"href":"https:\/\/www.blackjackinfo.com\/de\/wp-json\/wp\/v2\/tags?post=1226"}],"curies":[{"name":"wp","href":"https:\/\/api.w.org\/{rel}","templated":true}]}}