{"id":1290,"date":"2014-12-12T15:20:15","date_gmt":"2014-12-12T20:20:15","guid":{"rendered":"http:\/\/test.blackjackinfo.com\/?page_id=1290"},"modified":"2018-06-22T01:14:55","modified_gmt":"2018-06-22T06:14:55","slug":"spielerwahlen","status":"publish","type":"page","link":"https:\/\/www.blackjackinfo.com\/de\/blackjack-rules\/player-choices\/","title":{"rendered":"Blackjack-Regeln: Teil 3 - Spielerwahlen"},"content":{"rendered":"<div class=\"bji-byline\">von <a href=\"\/ken-smith\/\">Kenneth R. Smith<\/a><\/div>\n<h2 class=\"text-center\">Schlagen und Stehen<\/h2>\n<p>Die h\u00e4ufigste Entscheidung, die ein Spieler w\u00e4hrend des Spiels treffen muss, ist die, ob er eine weitere Karte auf die Hand nehmen (\"Hit\") oder bei der aktuellen Summe stehen bleiben (\"Stand\") will.<\/p>\n<p>Sie m\u00fcssen dem Dealer Handzeichen geben und nicht nur \"Hit\" oder \"Stand\" ansagen.  Dies dient dazu, jegliche Verwirrung oder Zweideutigkeit in Bezug auf Ihre Entscheidung zu vermeiden, und auch zum Nutzen der allgegenw\u00e4rtigen \u00dcberwachungskameras.  Wenn Sie \u00fcber 21 gehen oder \"bust\", kassiert der Dealer Ihren Einsatz und nimmt Ihre Karten sofort vom Tisch.<\/p>\n<p>Wie du dem Geber deine Absicht signalisierst, h\u00e4ngt davon ab, welche Art von Spiel du spielst:<\/p>\n<h3 class=\"text-center\">Handsignale im Schuhspiel<\/h3>\n<p>Beim offenen Schuhspiel zeigen Sie an, dass Sie eine weitere Karte m\u00f6chten, indem Sie mit einem Finger auf den Tisch hinter Ihren Karten tippen.<\/p>\n<p>Wenn Sie sich entscheiden, aufzustehen, winken Sie einfach mit Ihrer Hand in einer horizontalen Bewegung \u00fcber Ihre Karten.<\/p>\n<p>Denke daran, dass du die Karten bei dieser Art von Spiel nicht ber\u00fchren darfst.<\/p>\n<h3 class=\"text-center\">Handsignale im Handheld-Spiel<\/h3>\n<p>Beim verdeckten Spiel sind die Dinge ein wenig anders. Sie halten die ersten beiden Karten mit einer Hand.<\/p>\n<p>Um dem Geber mitzuteilen, dass Sie eine weitere Karte auf die Hand nehmen m\u00f6chten, kratzen Sie leicht mit der Unterseite Ihrer Karten auf dem Tisch. Beobachten Sie zun\u00e4chst einen anderen Spieler, um zu sehen, wie das funktioniert. Der Geber wird Ihre zus\u00e4tzlichen Karten auf dem Tisch vor Ihrem Einsatz verteilen. Lassen Sie diese Karten auf dem Tisch liegen, aber addieren Sie sie gedanklich zu Ihrem Gesamtwert der Hand. Wenn Sie \u00fcber 21 gehen, werfen Sie einfach die beiden Karten auf Ihrer Hand offen auf den Tisch. Der Dealer kassiert Ihren Einsatz und wirft Ihr Blatt ab.<\/p>\n<p>Wenn Sie sich entscheiden, aufzustehen, stecken Sie die beiden Karten, die Sie verdeckt halten, unter die Chips in Ihrem Setzkreis. Das kann bei den ersten Malen ein bisschen knifflig sein. Heben Sie den Einsatz nicht auf, um die Karten darunter zu legen. Denken Sie daran, dass Sie die Chips im Kreis nicht mehr ber\u00fchren d\u00fcrfen, sobald die Karten ausgeteilt wurden. Schieben Sie einfach die Ecke der Karten unter die Chips.<\/p>\n<p>Wenn ich diese Bewegungen beschreibe, klingt das kompliziert.  Sind sie aber nicht.  Achten Sie einfach darauf, was die anderen Spieler tun, und Sie werden sich gut einf\u00fcgen. <\/p>\n<hr>\n<h2 class=\"text-center\">Verdoppeln<\/h2>\n<p>Ein Gro\u00dfteil der Aufregung und des Gewinns beim Blackjack kommt von H\u00e4nden, bei denen Sie die M\u00f6glichkeit haben, \"zu verdoppeln\".  Diese Option ist nur bei einem Blatt mit zwei Karten m\u00f6glich, bevor eine weitere Karte gezogen wurde. Beim Verdoppeln k\u00f6nnen Sie Ihren Einsatz verdoppeln und erhalten eine (und nur eine) zus\u00e4tzliche Karte auf Ihr Blatt.<\/p>\n<p>Ein gutes Beispiel f\u00fcr eine Verdopplungsm\u00f6glichkeit ist, wenn Sie insgesamt 11 Karten halten, z. B. eine (6,5) gegen eine offene Karte des Dealers von 5. In diesem Fall haben Sie eine gute Chance, das Blatt zu gewinnen, indem Sie eine zus\u00e4tzliche Karte ziehen, also sollten Sie Ihren Einsatz in dieser vorteilhaften Situation erh\u00f6hen, indem Sie verdoppeln.<\/p>\n<p>Wenn Sie in einem Handheld-Spiel spielen, werfen Sie einfach Ihre beiden Originalkarten offen auf den Tisch vor Ihrem Einsatz.<\/p>\n<p>Bei beiden Spieltypen f\u00fcgen Sie dem Wettkreis einen zus\u00e4tzlichen Einsatz hinzu. Platzieren Sie den zus\u00e4tzlichen Einsatz neben dem urspr\u00fcnglichen Einsatz, nicht auf diesem.<\/p>\n<p>Der Geber gibt eine zus\u00e4tzliche Karte auf die Hand. In einem Schuhspiel wird er die Karte wahrscheinlich seitlich austeilen, um anzuzeigen, dass es sich um eine Verdopplung handelt.  Bei einem Handspiel wird die Karte verdeckt unter Ihrem Einsatz versteckt und erst nach Beendigung des Spiels aufgedeckt.  Je nachdem, was der Geber mit seinem Blatt macht, kann es ein spannendes Warten sein, bis die Karte am Ende aufgedeckt wird!<\/p>\n<p>Sie k\u00f6nnen jeden Betrag bis zur H\u00f6he Ihres urspr\u00fcnglichen Einsatzes verdoppeln, Sie k\u00f6nnten also auch f\u00fcr weniger verdoppeln, wenn Sie wollen. Das w\u00e4re allerdings ein schlechter Zug.  Denken Sie daran, dass Sie etwas aufgeben, wenn Sie Ihren Einsatz erh\u00f6hen d\u00fcrfen: die M\u00f6glichkeit, mehr als eine zus\u00e4tzliche Karte zu ziehen. Wenn es richtig ist, den Einsatz zu verdoppeln, sollten Sie nach M\u00f6glichkeit immer mit dem vollen Betrag verdoppeln.<\/p>\n<p>Sie fragen sich, wann Sie den Betrag verdoppeln sollten?  F\u00fcr diese Informationen nutzen Sie einfach unsere <a href=\"\/blackjack-basic-strategy-engine\/\">Blackjack Basic Strategy Engine<\/a>.<\/p>\n<hr>\n<h3 class=\"text-center\">Paare aufteilen<\/h3>\n<p>Wenn Sie ein Paar Karten desselben Ranges erhalten, d\u00fcrfen Sie das Paar in zwei separate H\u00e4nde aufteilen und diese unabh\u00e4ngig voneinander spielen. Nehmen wir an, Sie erhalten ein Paar Achten und damit insgesamt sechzehn Karten. Sechzehn ist die schlechteste m\u00f6gliche Spielerhand, da es unwahrscheinlich ist, dass Sie damit gewinnen, aber es ist sehr wahrscheinlich, dass Sie pleite gehen, wenn Sie dazu ziehen. Das ist eine gro\u00dfartige Chance, eine schlechte Situation zu verbessern.<\/p>\n<p>Wenn Sie ein Handspiel spielen, werfen Sie die Karten offen vor Ihren Einsatz, genau wie bei einem Double Down. Dann platzieren Sie bei beiden Spieltypen einen passenden Einsatz neben dem urspr\u00fcnglichen Einsatz im Kreis. Beachten Sie, dass Sie bei einem Split den gleichen Betrag setzen m\u00fcssen, im Gegensatz zu einem Double-Down, bei dem Sie f\u00fcr weniger verdoppeln d\u00fcrfen.<\/p>\n<p>Der Dealer trennt die beiden Karten und behandelt sie als zwei unabh\u00e4ngige Bl\u00e4tter.  Er gibt eine zweite Karte auf die erste Acht, und Sie spielen dieses Zwei-Karten-Blatt zu Ende.  (In vielen Casinos k\u00f6nnen Sie das Blatt mit zwei Karten verdoppeln, wenn Sie m\u00f6chten.  Ich werde die Option \"Verdoppeln nach Split\" in <a href=\"\/blackjack-rules\/rule-variations\/\">Regel Variationen<\/a>.)<\/p>\n<p>Egal, was in Ihrer ersten Hand passiert, wenn Sie damit fertig sind, teilt der Dealer eine zweite Karte f\u00fcr Ihre n\u00e4chste Hand aus und der Prozess beginnt von vorne.<\/p>\n<h3 class=\"text-center\">Resplitting<\/h3>\n<p>Wenn Sie in den ersten beiden Karten eines Blattes zus\u00e4tzliche Paare erhalten, k\u00f6nnen Sie in den meisten Casinos das Blatt erneut teilen und ein weiteres Blatt bilden. Normalerweise darf ein Spieler bis zu 3 Mal splitten, also 4 verschiedene H\u00e4nde mit 4 verschiedenen Eins\u00e4tzen bilden. Wenn das Verdoppeln nach dem Teilen erlaubt ist, k\u00f6nnen Sie bis zum 8-fachen Ihres urspr\u00fcnglichen Einsatzes auf dem Tisch haben!<\/p>\n<h3 class=\"text-center\">Zehner spalten<\/h3>\n<p>Beachten Sie, dass Sie alle Karten mit dem Wert 10 teilen d\u00fcrfen, Sie k\u00f6nnten also ein Blatt (Bube, Dame) teilen. Dies ist jedoch normalerweise ein schlechtes Spiel.  Behalten Sie die 20.  Sie werden mehr Geld mit der Pat 20 verdienen, als wenn Sie versuchen, zwei gute H\u00e4nde daraus zu machen.<\/p>\n<p>Nicht \u00fcberzeugt?  Ich habe einen Beitrag \u00fcber genau das geschrieben: <a href=\"\/why-splitting-tens-is-a-bad-move\/\">Warum es schlecht ist, Zehner zu teilen<\/a>.<\/p>\n<h3 class=\"text-center\">Asse spalten<\/h3>\n<p>Eine weitere Besonderheit ergibt sich beim Teilen von Assen. Das Teilen von Assen ist ein sehr starker Spielzug, daher beschr\u00e4nkt das Casino Sie darauf, nur eine zus\u00e4tzliche Karte auf jedes Ass zu ziehen. Wenn Sie auf einem Ihrer geteilten Asse eine Karte mit dem Wert zehn ziehen, wird das Blatt nicht als Blackjack gewertet, sondern wie eine normale 21 behandelt und erh\u00e4lt daher keine 3:2-Auszahlung.<\/p>\n<p>In einigen Casinos ist es erlaubt, Asse erneut zu teilen, wenn du ein anderes ziehst, aber in vielen Casinos ist das nicht der Fall.<\/p>\n<p>Angesichts all dieser Einschr\u00e4nkungen fragst du dich vielleicht, ob es sinnvoll ist, Asse zu teilen.<br \/>\nDie Antwort ist ein schallendes <strong>YES<\/strong>.  <strong>Asse immer teilen<\/strong>.<\/p>\n<p>Genaue Ratschl\u00e4ge, welche anderen Paare du aufteilen solltest, findest du in der <a href=\"\/blackjack-basic-strategy-engine\/\">Blackjack Basic Strategy Engine<\/a>.<\/p>\n<hr>\n<p class=\"left\">\u2190 Teil 2 - <a href=\"\/blackjack-rules\/blackjack-basics\/\" rel=\"prev\">Blackjack-Grundlagen<\/a><\/p>\n<p class=\"right\">Teil 4 - <a href=\"\/blackjack-rules\/insurance-and-surrender\/\" rel=\"next\">Versicherung und R\u00fcckgabe<\/a> \u2192<\/p>","protected":false},"excerpt":{"rendered":"<p>by Kenneth R Smith Hitting and Standing The most common decision a player must make during the game is whether to draw another card to the hand (&#8220;hit&#8221;), or stop at the current total (&#8220;stand&#8221;). You will be required to make hand signals rather than just announcing &#8220;hit&#8221; or &#8220;stand&#8221; to the dealer. This is [&hellip;]<\/p>\n","protected":false},"author":2,"featured_media":0,"parent":1174,"menu_order":3,"comment_status":"open","ping_status":"open","template":"","meta":{"_acf_changed":false,"footnotes":""},"tags":[],"class_list":["post-1290","page","type-page","status-publish","hentry"],"acf":[],"yoast_head":"<!-- This site is optimized with the Yoast SEO plugin v26.6 - https:\/\/yoast.com\/wordpress\/plugins\/seo\/ -->\n<title>Blackjack Rules: Part 3 - Player Choices<\/title>\n<meta name=\"description\" content=\"The player&#039;s choices are the most important part of blackjack. We cover all the details of hitting, standing, doubling down, and splitting.\" \/>\n<meta name=\"robots\" content=\"index, follow, max-snippet:-1, max-image-preview:large, max-video-preview:-1\" \/>\n<link rel=\"canonical\" href=\"https:\/\/www.blackjackinfo.com\/de\/blackjack-regeln\/\" \/>\n<meta property=\"og:locale\" content=\"de_DE\" \/>\n<meta property=\"og:type\" content=\"article\" \/>\n<meta property=\"og:title\" content=\"Blackjack Rules: Part 3 - Player Choices\" \/>\n<meta property=\"og:description\" content=\"The player&#039;s choices are the most important part of blackjack. We cover all the details of hitting, standing, doubling down, and splitting.\" \/>\n<meta property=\"og:url\" content=\"https:\/\/www.blackjackinfo.com\/de\/blackjack-regeln\/\" \/>\n<meta property=\"og:site_name\" content=\"BlackjackInfo.com\" \/>\n<meta property=\"article:modified_time\" content=\"2018-06-22T06:14:55+00:00\" \/>\n<meta name=\"twitter:label1\" content=\"Gesch\u00e4tzte Lesezeit\" \/>\n\t<meta name=\"twitter:data1\" content=\"6\u00a0Minuten\" \/>\n<script type=\"application\/ld+json\" class=\"yoast-schema-graph\">{\"@context\":\"https:\/\/schema.org\",\"@graph\":[{\"@type\":\"WebPage\",\"@id\":\"https:\/\/www.blackjackinfo.com\/blackjack-rules\/player-choices\/\",\"url\":\"https:\/\/www.blackjackinfo.com\/blackjack-rules\/\",\"name\":\"Blackjack Rules: Part 3 - Player Choices\",\"isPartOf\":{\"@id\":\"https:\/\/www.blackjackinfo.com\/#website\"},\"datePublished\":\"2014-12-12T20:20:15+00:00\",\"dateModified\":\"2018-06-22T06:14:55+00:00\",\"description\":\"The player's choices are the most important part of blackjack. We cover all the details of hitting, standing, doubling down, and splitting.\",\"breadcrumb\":{\"@id\":\"https:\/\/www.blackjackinfo.com\/blackjack-rules\/#breadcrumb\"},\"inLanguage\":\"de\",\"potentialAction\":[{\"@type\":\"ReadAction\",\"target\":[\"https:\/\/www.blackjackinfo.com\/blackjack-rules\/\"]}]},{\"@type\":\"BreadcrumbList\",\"@id\":\"https:\/\/www.blackjackinfo.com\/blackjack-rules\/#breadcrumb\",\"itemListElement\":[{\"@type\":\"ListItem\",\"position\":1,\"name\":\"Home\",\"item\":\"https:\/\/www.blackjackinfo.com\/\"},{\"@type\":\"ListItem\",\"position\":2,\"name\":\"Casino Blackjack: Rules of the Game\",\"item\":\"https:\/\/www.blackjackinfo.com\/blackjack-rules\/\"},{\"@type\":\"ListItem\",\"position\":3,\"name\":\"Blackjack Rules: Part 3 &#8211; Player Choices\"}]},{\"@type\":\"WebSite\",\"@id\":\"https:\/\/www.blackjackinfo.com\/#website\",\"url\":\"https:\/\/www.blackjackinfo.com\/\",\"name\":\"BlackjackInfo.com\",\"description\":\"Because Winning is More Fun!\",\"potentialAction\":[{\"@type\":\"SearchAction\",\"target\":{\"@type\":\"EntryPoint\",\"urlTemplate\":\"https:\/\/www.blackjackinfo.com\/?s={search_term_string}\"},\"query-input\":{\"@type\":\"PropertyValueSpecification\",\"valueRequired\":true,\"valueName\":\"search_term_string\"}}],\"inLanguage\":\"de\"}]}<\/script>\n<!-- \/ Yoast SEO plugin. -->","yoast_head_json":{"title":"Blackjack-Regeln: Teil 3 - Spielerwahlen","description":"Die Entscheidungen des Spielers sind der wichtigste Teil des Blackjack. Wir behandeln alle Details des Treffens, Stehens, Verdoppelns und Teilens.","robots":{"index":"index","follow":"follow","max-snippet":"max-snippet:-1","max-image-preview":"max-image-preview:large","max-video-preview":"max-video-preview:-1"},"canonical":"https:\/\/www.blackjackinfo.com\/de\/blackjack-regeln\/","og_locale":"de_DE","og_type":"article","og_title":"Blackjack Rules: Part 3 - Player Choices","og_description":"The player's choices are the most important part of blackjack. We cover all the details of hitting, standing, doubling down, and splitting.","og_url":"https:\/\/www.blackjackinfo.com\/de\/blackjack-regeln\/","og_site_name":"BlackjackInfo.com","article_modified_time":"2018-06-22T06:14:55+00:00","twitter_misc":{"Gesch\u00e4tzte Lesezeit":"6\u00a0Minuten"},"schema":{"@context":"https:\/\/schema.org","@graph":[{"@type":"WebPage","@id":"https:\/\/www.blackjackinfo.com\/blackjack-rules\/player-choices\/","url":"https:\/\/www.blackjackinfo.com\/blackjack-rules\/","name":"Blackjack-Regeln: Teil 3 - Spielerwahlen","isPartOf":{"@id":"https:\/\/www.blackjackinfo.com\/#website"},"datePublished":"2014-12-12T20:20:15+00:00","dateModified":"2018-06-22T06:14:55+00:00","description":"Die Entscheidungen des Spielers sind der wichtigste Teil des Blackjack. Wir behandeln alle Details des Treffens, Stehens, Verdoppelns und Teilens.","breadcrumb":{"@id":"https:\/\/www.blackjackinfo.com\/blackjack-rules\/#breadcrumb"},"inLanguage":"de","potentialAction":[{"@type":"ReadAction","target":["https:\/\/www.blackjackinfo.com\/blackjack-rules\/"]}]},{"@type":"BreadcrumbList","@id":"https:\/\/www.blackjackinfo.com\/blackjack-rules\/#breadcrumb","itemListElement":[{"@type":"ListItem","position":1,"name":"Home","item":"https:\/\/www.blackjackinfo.com\/"},{"@type":"ListItem","position":2,"name":"Casino Blackjack: Rules of the Game","item":"https:\/\/www.blackjackinfo.com\/blackjack-rules\/"},{"@type":"ListItem","position":3,"name":"Blackjack Rules: Part 3 &#8211; Player Choices"}]},{"@type":"WebSite","@id":"https:\/\/www.blackjackinfo.com\/#website","url":"https:\/\/www.blackjackinfo.com\/","name":"BlackjackInfo.de","description":"Denn Gewinnen macht mehr Spa\u00df!","potentialAction":[{"@type":"SearchAction","target":{"@type":"EntryPoint","urlTemplate":"https:\/\/www.blackjackinfo.com\/?s={search_term_string}"},"query-input":{"@type":"PropertyValueSpecification","valueRequired":true,"valueName":"search_term_string"}}],"inLanguage":"de"}]}},"_links":{"self":[{"href":"https:\/\/www.blackjackinfo.com\/de\/wp-json\/wp\/v2\/pages\/1290","targetHints":{"allow":["GET"]}}],"collection":[{"href":"https:\/\/www.blackjackinfo.com\/de\/wp-json\/wp\/v2\/pages"}],"about":[{"href":"https:\/\/www.blackjackinfo.com\/de\/wp-json\/wp\/v2\/types\/page"}],"author":[{"embeddable":true,"href":"https:\/\/www.blackjackinfo.com\/de\/wp-json\/wp\/v2\/users\/2"}],"replies":[{"embeddable":true,"href":"https:\/\/www.blackjackinfo.com\/de\/wp-json\/wp\/v2\/comments?post=1290"}],"version-history":[{"count":31,"href":"https:\/\/www.blackjackinfo.com\/de\/wp-json\/wp\/v2\/pages\/1290\/revisions"}],"predecessor-version":[{"id":1656,"href":"https:\/\/www.blackjackinfo.com\/de\/wp-json\/wp\/v2\/pages\/1290\/revisions\/1656"}],"up":[{"embeddable":true,"href":"https:\/\/www.blackjackinfo.com\/de\/wp-json\/wp\/v2\/pages\/1174"}],"wp:attachment":[{"href":"https:\/\/www.blackjackinfo.com\/de\/wp-json\/wp\/v2\/media?parent=1290"}],"wp:term":[{"taxonomy":"post_tag","embeddable":true,"href":"https:\/\/www.blackjackinfo.com\/de\/wp-json\/wp\/v2\/tags?post=1290"}],"curies":[{"name":"wp","href":"https:\/\/api.w.org\/{rel}","templated":true}]}}