{"id":1292,"date":"2014-12-12T15:20:51","date_gmt":"2014-12-12T20:20:51","guid":{"rendered":"http:\/\/test.blackjackinfo.com\/?page_id=1292"},"modified":"2018-06-22T01:16:41","modified_gmt":"2018-06-22T06:16:41","slug":"regelvarianten","status":"publish","type":"page","link":"https:\/\/www.blackjackinfo.com\/de\/blackjack-rules\/rule-variations\/","title":{"rendered":"Blackjack-Regeln: Teil 5 - Regelvariationen"},"content":{"rendered":"<div class=\"bji-byline\">von <a href=\"\/ken-smith\/\">Kenneth R. Smith<\/a><\/div>\n<p>Beim Blackjack gibt es ein paar Regeln, die von Casino zu Casino leicht variieren k\u00f6nnen.<\/p>\n<h2 class=\"text-center\">Dealer trifft Soft 17<\/h2>\n<p>Im Allgemeinen muss der Geber beim Blackjack bei einem Gesamtwert von 16 oder weniger ziehen und bei 17 oder mehr stehen bleiben.<\/p>\n<p>Bei einigen Spielen gibt es jedoch eine Ausnahme, wenn der Dealer eine \"weiche\" 17 auf der Hand hat.<\/p>\n<p>Wenn du auf den Tisch schaust, wirst du einen von zwei S\u00e4tzen auf dem Filz sehen:<\/p>\n<ul>\n<li><strong>H\u00e4ndler bleibt bei allen 17ern stehen<\/strong>: Dies ist die einfache Version.  Der Dealer bleibt bei jeder Summe von 17 oder mehr stehen, egal ob diese Summe \"weich\" ist oder nicht.  (Diese Regel wird mit S17 abgek\u00fcrzt. Das S steht f\u00fcr Stand, nicht f\u00fcr Soft!)<\/li>\n<li><strong>Dealer trifft Soft 17<\/strong>: In Casinos mit dieser Regel bleibt der Geber bei einer harten 17 stehen, zieht aber eine weitere Karte, wenn er eine weiche 17 hat, z. B. (Ass, 2, 4).  (Diese Regel wird mit H17 abgek\u00fcrzt.)<\/li>\n<\/ul>\n<p>Siebzehn ist ein schwaches Blatt. Wenn der Dealer also versuchen darf, die Soft-17-H\u00e4nde zu verbessern, wird das Spiel schwieriger.  Wenn der Dealer die weiche 17 treffen darf, erh\u00f6ht dies den Hausvorteil um etwa 0,2%.<\/p>\n<p>Vor Jahren gab es in den USA nur in und um Reno, Nevada, \"Hit Soft 17\"-Spiele.  In fast allen anderen Gebieten galt die bessere Regel des Stehens auf allen 17ern.  Im Laufe der Jahre sind immer mehr Casinos zu \"Hit Soft 17\" \u00fcbergegangen, und es gibt jetzt viel mehr H17-Spiele als S17-Spiele.<\/p>\n<p>Sie k\u00f6nnen immer noch einige Spiele finden, bei denen der Dealer auf allen 17ern steht, sogar in Casinos, in denen einige der Tische die H17-Regel verwenden.  Schauen Sie sich um!<\/p>\n<hr>\n<h2 class=\"text-center\">Double After Split<\/h2>\n<p>Nachdem Sie ein Paar geteilt haben, k\u00f6nnen Sie in vielen Casinos ein Zwei-Karten-Blatt verdoppeln, das sich aus dem Split ergibt.  Wenn Sie zum Beispiel ein Paar Achten teilen und in der ersten Hand eine 3 ziehen, ist es wertvoll, mit der daraus resultierenden Hand von 11 verdoppeln zu k\u00f6nnen.<\/p>\n<p>Diese Regel ist ziemlich verbreitet und hilft dem Spieler um etwa 0,12%.<\/p>\n<hr>\n<h2 class=\"text-center\">Asse neu spalten<\/h2>\n<p>Wie bereits im vorherigen Abschnitt \u00fcber das Teilen von Paaren erw\u00e4hnt, gibt es einige allgemeine Einschr\u00e4nkungen beim Teilen von Assen.  Nach dem Splitten erhalten Sie nur eine Karte pro Ass.<\/p>\n<p>In einigen Casinos k\u00f6nnen Sie erneut teilen, wenn Sie ein weiteres Ass ziehen, in anderen nicht.  Das gilt auch dann, wenn das Kasino die Wiederholung aller anderen Paare erlaubt.<\/p>\n<p>Wenn das Casino das Resplitting von Assen erlaubt, hilft es dem Spieler um etwa 0,08%.<\/p>\n<p>Diese Regel wird selten am Tisch ausgeh\u00e4ngt.  Wenn Sie neugierig sind, m\u00fcssen Sie den Dealer fragen.<\/p>\n<hr>\n<h2 class=\"text-center\">Peek oder No-Peek, Hole Card oder No Hole Card<\/h2>\n<p>Viele Casinos in Europa und einige in anderen Teilen der Welt handhaben die zweite Karte des Dealers anders.  Bei diesen \"European No Hole Card\"-Spielen teilt der Dealer zu Beginn der Runde nur eine Karte aus.  Nachdem alle Spieler ihr Blatt vervollst\u00e4ndigt haben, teilt er seine eigene zweite Karte aus und vervollst\u00e4ndigt das Blatt.<\/p>\n<p>Dies steht im Gegensatz zu der in den USA \u00fcblichen Spielweise.  Wenn der Dealer dort eine Zehn oder ein Ass aufdeckt, pr\u00fcft er sofort die andere Karte, um zu sehen, ob er einen Blackjack hat.  Wenn ja, ist das Spiel vorbei.  Dieses Verfahren, bei dem unter die verdeckte Karte geschaut wird, um zu pr\u00fcfen, ob ein Blackjack vorliegt, bedeutet, dass die Spieler nur einen Einsatz pro Spiel verlieren k\u00f6nnen, wenn der Dealer einen Blackjack hat.<\/p>\n<p>In einem No-Hole-Card-Spiel kann ein Spieler splitten oder verdoppeln und mehrere Eins\u00e4tze gegen einen Blackjack des Dealers riskieren, da der Dealer nicht im Voraus pr\u00fcfen kann.  Dies \u00e4ndert die optimale Strategie und bedeutet, dass Spieler in der Regel nicht splitten oder verdoppeln sollten, wenn der Geber eine Zehn oder ein Ass als offene Karte hat.  (Eine Ausnahme ist das Teilen von Assen gegen eine Geber-Zehn.)<\/p>\n<p>Beachten Sie, dass es einige wenige Spiele ohne Hole Card gibt, bei denen die Regeln ausdr\u00fccklich besagen, dass nur ein Einsatz von einem Spieler verlangt wird, wenn der Dealer einen Blackjack hat.  Bei diesen Spielen k\u00f6nnen Sie, obwohl es keine Hole Card gibt, das Spiel so spielen, als ob es eine g\u00e4be.  (Das hei\u00dft, Sie sollten es als Peek-Spiel spielen, auch wenn es eigentlich keinen Peek gibt!)  Das ist alles ein bisschen verwirrend.<\/p>\n<p>Wenn die \"No-Hole-Card\"-Regel angewendet wird und alle Eins\u00e4tze dem Risiko eines Dealer-Blackjacks ausgesetzt sind, kostet dies den Spieler 0,11%, und die Spieler sollten ihre Strategie entsprechend anpassen.  (Verwenden Sie die Option \"No-Peek\" in unserem <a href=\"\/blackjack-basic-strategy-engine\/\">Strategie-Engine<\/a>.)<\/p>\n<hr>\n<h2 class=\"text-center\">Was kommt als N\u00e4chstes?<\/h2>\n<p>Wenn Sie es also bis hierher geschafft haben, dann herzlichen Gl\u00fcckwunsch.  Sie sollten eine gute Vorstellung davon haben, was Sie erwartet, wenn Sie sich an einen Blackjack-Tisch im Casino setzen.<\/p>\n<p>Wor\u00fcber wir noch nicht gesprochen haben, ist, wie man beim Spielen die besten Entscheidungen trifft.  Das ist ein ganz eigenes Thema f\u00fcr sich.  Um die besten Gewinnchancen zu haben, sollten Sie die \"Basisstrategie\" erlernen und praktizieren, d. h. die mathematisch beste Art und Weise, jedes Blatt gegen jede m\u00f6gliche offene Karte des Dealers zu spielen.<\/p>\n<p>Eine kostenlose Tabelle, die zeigt, was in jedem Fall richtig ist, findest du in unserer <a href=\"\/blackjack-basic-strategy-engine\/\">Blackjack Basic Strategy Engine<\/a>.<\/p>\n<p>Sie sind auf einem guten Weg.<\/p>\n<hr>\n<p class=\"left\">\u2190 Teil 4 - <a href=\"\/blackjack-rules\/insurance-and-surrender\/\" rel=\"prev\">Versicherung und R\u00fcckgabe<\/a><\/p>\n<p class=\"right\">Zur\u00fcck zum Anfang - <a href=\"\/blackjack-rules\/\">Blackjack Regeln<\/a> \u2192<\/p>","protected":false},"excerpt":{"rendered":"<p>by Kenneth R Smith There are a few rules in blackjack that can vary slightly from casino to casino. Dealer Hits Soft 17 Generally, the dealer in blackjack must hit if he has a total of 16 or less, and stand if he has 17 or more. But at some games there is an exception [&hellip;]<\/p>\n","protected":false},"author":2,"featured_media":0,"parent":1174,"menu_order":5,"comment_status":"open","ping_status":"open","template":"","meta":{"_acf_changed":false,"footnotes":""},"tags":[],"class_list":["post-1292","page","type-page","status-publish","hentry"],"acf":[],"yoast_head":"<!-- This site is optimized with the Yoast SEO plugin v26.6 - https:\/\/yoast.com\/wordpress\/plugins\/seo\/ -->\n<title>Blackjack Rules: Part 5 - Rule Variations<\/title>\n<meta name=\"description\" content=\"The rules of casino blackjack can vary from one casino to another. We discuss the rules that can change, and how you can pick the best games.\" \/>\n<meta name=\"robots\" content=\"index, follow, max-snippet:-1, max-image-preview:large, max-video-preview:-1\" \/>\n<link rel=\"canonical\" href=\"https:\/\/www.blackjackinfo.com\/de\/blackjack-regeln\/\" \/>\n<meta property=\"og:locale\" content=\"de_DE\" \/>\n<meta property=\"og:type\" content=\"article\" \/>\n<meta property=\"og:title\" content=\"Blackjack Rules: Part 5 - Rule Variations\" \/>\n<meta property=\"og:description\" content=\"The rules of casino blackjack can vary from one casino to another. We discuss the rules that can change, and how you can pick the best games.\" \/>\n<meta property=\"og:url\" content=\"https:\/\/www.blackjackinfo.com\/de\/blackjack-regeln\/\" \/>\n<meta property=\"og:site_name\" content=\"BlackjackInfo.com\" \/>\n<meta property=\"article:modified_time\" content=\"2018-06-22T06:16:41+00:00\" \/>\n<meta name=\"twitter:label1\" content=\"Gesch\u00e4tzte Lesezeit\" \/>\n\t<meta name=\"twitter:data1\" content=\"4\u00a0Minuten\" \/>\n<script type=\"application\/ld+json\" class=\"yoast-schema-graph\">{\"@context\":\"https:\/\/schema.org\",\"@graph\":[{\"@type\":\"WebPage\",\"@id\":\"https:\/\/www.blackjackinfo.com\/blackjack-rules\/rule-variations\/\",\"url\":\"https:\/\/www.blackjackinfo.com\/blackjack-rules\/\",\"name\":\"Blackjack Rules: Part 5 - Rule Variations\",\"isPartOf\":{\"@id\":\"https:\/\/www.blackjackinfo.com\/#website\"},\"datePublished\":\"2014-12-12T20:20:51+00:00\",\"dateModified\":\"2018-06-22T06:16:41+00:00\",\"description\":\"The rules of casino blackjack can vary from one casino to another. We discuss the rules that can change, and how you can pick the best games.\",\"breadcrumb\":{\"@id\":\"https:\/\/www.blackjackinfo.com\/blackjack-rules\/#breadcrumb\"},\"inLanguage\":\"de\",\"potentialAction\":[{\"@type\":\"ReadAction\",\"target\":[\"https:\/\/www.blackjackinfo.com\/blackjack-rules\/\"]}]},{\"@type\":\"BreadcrumbList\",\"@id\":\"https:\/\/www.blackjackinfo.com\/blackjack-rules\/#breadcrumb\",\"itemListElement\":[{\"@type\":\"ListItem\",\"position\":1,\"name\":\"Home\",\"item\":\"https:\/\/www.blackjackinfo.com\/\"},{\"@type\":\"ListItem\",\"position\":2,\"name\":\"Casino Blackjack: Rules of the Game\",\"item\":\"https:\/\/www.blackjackinfo.com\/blackjack-rules\/\"},{\"@type\":\"ListItem\",\"position\":3,\"name\":\"Blackjack Rules: Part 5 &#8211; Rule Variations\"}]},{\"@type\":\"WebSite\",\"@id\":\"https:\/\/www.blackjackinfo.com\/#website\",\"url\":\"https:\/\/www.blackjackinfo.com\/\",\"name\":\"BlackjackInfo.com\",\"description\":\"Because Winning is More Fun!\",\"potentialAction\":[{\"@type\":\"SearchAction\",\"target\":{\"@type\":\"EntryPoint\",\"urlTemplate\":\"https:\/\/www.blackjackinfo.com\/?s={search_term_string}\"},\"query-input\":{\"@type\":\"PropertyValueSpecification\",\"valueRequired\":true,\"valueName\":\"search_term_string\"}}],\"inLanguage\":\"de\"}]}<\/script>\n<!-- \/ Yoast SEO plugin. -->","yoast_head_json":{"title":"Blackjack-Regeln: Teil 5 - Regelvariationen","description":"Die Regeln f\u00fcr Casino-Blackjack k\u00f6nnen von einem Casino zum anderen variieren. Wir besprechen die Regeln, die sich \u00e4ndern k\u00f6nnen, und wie Sie die besten Spiele ausw\u00e4hlen k\u00f6nnen.","robots":{"index":"index","follow":"follow","max-snippet":"max-snippet:-1","max-image-preview":"max-image-preview:large","max-video-preview":"max-video-preview:-1"},"canonical":"https:\/\/www.blackjackinfo.com\/de\/blackjack-regeln\/","og_locale":"de_DE","og_type":"article","og_title":"Blackjack Rules: Part 5 - Rule Variations","og_description":"The rules of casino blackjack can vary from one casino to another. We discuss the rules that can change, and how you can pick the best games.","og_url":"https:\/\/www.blackjackinfo.com\/de\/blackjack-regeln\/","og_site_name":"BlackjackInfo.com","article_modified_time":"2018-06-22T06:16:41+00:00","twitter_misc":{"Gesch\u00e4tzte Lesezeit":"4\u00a0Minuten"},"schema":{"@context":"https:\/\/schema.org","@graph":[{"@type":"WebPage","@id":"https:\/\/www.blackjackinfo.com\/blackjack-rules\/rule-variations\/","url":"https:\/\/www.blackjackinfo.com\/blackjack-rules\/","name":"Blackjack-Regeln: Teil 5 - Regelvariationen","isPartOf":{"@id":"https:\/\/www.blackjackinfo.com\/#website"},"datePublished":"2014-12-12T20:20:51+00:00","dateModified":"2018-06-22T06:16:41+00:00","description":"Die Regeln f\u00fcr Casino-Blackjack k\u00f6nnen von einem Casino zum anderen variieren. Wir besprechen die Regeln, die sich \u00e4ndern k\u00f6nnen, und wie Sie die besten Spiele ausw\u00e4hlen k\u00f6nnen.","breadcrumb":{"@id":"https:\/\/www.blackjackinfo.com\/blackjack-rules\/#breadcrumb"},"inLanguage":"de","potentialAction":[{"@type":"ReadAction","target":["https:\/\/www.blackjackinfo.com\/blackjack-rules\/"]}]},{"@type":"BreadcrumbList","@id":"https:\/\/www.blackjackinfo.com\/blackjack-rules\/#breadcrumb","itemListElement":[{"@type":"ListItem","position":1,"name":"Home","item":"https:\/\/www.blackjackinfo.com\/"},{"@type":"ListItem","position":2,"name":"Casino Blackjack: Rules of the Game","item":"https:\/\/www.blackjackinfo.com\/blackjack-rules\/"},{"@type":"ListItem","position":3,"name":"Blackjack Rules: Part 5 &#8211; Rule Variations"}]},{"@type":"WebSite","@id":"https:\/\/www.blackjackinfo.com\/#website","url":"https:\/\/www.blackjackinfo.com\/","name":"BlackjackInfo.de","description":"Denn Gewinnen macht mehr Spa\u00df!","potentialAction":[{"@type":"SearchAction","target":{"@type":"EntryPoint","urlTemplate":"https:\/\/www.blackjackinfo.com\/?s={search_term_string}"},"query-input":{"@type":"PropertyValueSpecification","valueRequired":true,"valueName":"search_term_string"}}],"inLanguage":"de"}]}},"_links":{"self":[{"href":"https:\/\/www.blackjackinfo.com\/de\/wp-json\/wp\/v2\/pages\/1292","targetHints":{"allow":["GET"]}}],"collection":[{"href":"https:\/\/www.blackjackinfo.com\/de\/wp-json\/wp\/v2\/pages"}],"about":[{"href":"https:\/\/www.blackjackinfo.com\/de\/wp-json\/wp\/v2\/types\/page"}],"author":[{"embeddable":true,"href":"https:\/\/www.blackjackinfo.com\/de\/wp-json\/wp\/v2\/users\/2"}],"replies":[{"embeddable":true,"href":"https:\/\/www.blackjackinfo.com\/de\/wp-json\/wp\/v2\/comments?post=1292"}],"version-history":[{"count":17,"href":"https:\/\/www.blackjackinfo.com\/de\/wp-json\/wp\/v2\/pages\/1292\/revisions"}],"predecessor-version":[{"id":1658,"href":"https:\/\/www.blackjackinfo.com\/de\/wp-json\/wp\/v2\/pages\/1292\/revisions\/1658"}],"up":[{"embeddable":true,"href":"https:\/\/www.blackjackinfo.com\/de\/wp-json\/wp\/v2\/pages\/1174"}],"wp:attachment":[{"href":"https:\/\/www.blackjackinfo.com\/de\/wp-json\/wp\/v2\/media?parent=1292"}],"wp:term":[{"taxonomy":"post_tag","embeddable":true,"href":"https:\/\/www.blackjackinfo.com\/de\/wp-json\/wp\/v2\/tags?post=1292"}],"curies":[{"name":"wp","href":"https:\/\/api.w.org\/{rel}","templated":true}]}}