{"id":1348,"date":"2014-12-12T18:27:00","date_gmt":"2014-12-12T23:27:00","guid":{"rendered":"http:\/\/test.blackjackinfo.com\/?page_id=1348"},"modified":"2018-06-22T01:15:34","modified_gmt":"2018-06-22T06:15:34","slug":"versicherung-und-ruckkauf","status":"publish","type":"page","link":"https:\/\/www.blackjackinfo.com\/de\/blackjack-rules\/insurance-and-surrender\/","title":{"rendered":"Blackjack-Regeln: Teil 4 - Versicherung und R\u00fcckgabe"},"content":{"rendered":"<div class=\"bji-byline\">von <a href=\"\/ken-smith\/\">Kenneth R. Smith<\/a><\/div>\n<h2 class=\"text-center\">Versicherung<\/h2>\n<p>Die Versicherung beim Blackjack wird von den Spielern oft missverstanden und ist f\u00fcr die Kasinos ein gro\u00dfer Geldbringer.  Die Bezeichnung \"Versicherung\" f\u00fcr diese Nebenwette war ein genialer Marketingtrick, und einige ansonsten solide Spieler machen diese schlechte Wette h\u00e4ufig, um sich zu \"versichern\", wenn sie ein gutes Blatt haben.  Aber eigentlich ist eine Versicherung nicht immer eine schlechte Wette.  F\u00fcr Spieler, die erkennen k\u00f6nnen, wann der verbleibende Kartensatz reich an Karten mit zehn Werten ist, kann dies tats\u00e4chlich eine profitable Nebenwette sein.<\/p>\n<p>Was genau ist eigentlich eine \"Versicherung\" beim Blackjack?<\/p>\n<p>Insurance ist eine Proposition-Wette, die nur m\u00f6glich ist, wenn die Upcard des Dealers ein Ass ist.<\/p>\n<p>Wenn der Dealer ein Ass aufdeckt, bietet er den Spielern eine \"Versicherung\" an.  Sie k\u00f6nnen eine Versicherungswette abschlie\u00dfen, indem Sie bis zur H\u00e4lfte Ihres urspr\u00fcnglichen Einsatzes in den Versicherungswettstreifen vor Ihrem Einsatz setzen.<\/p>\n<p>Der Geber pr\u00fcft, ob er eine Karte mit dem Wert 10 unter seinem Ass hat, und wenn er einen Blackjack hat, wird Ihr gewonnener Versicherungseinsatz mit einer Quote von 2:1 ausgezahlt. Sie verlieren trotzdem Ihren urspr\u00fcnglichen Einsatz (es sei denn, Sie haben auch einen Blackjack), so dass Sie unterm Strich ein ausgeglichenes Ergebnis erzielen (vorausgesetzt, Sie setzen den vollen halben Einsatz f\u00fcr die Versicherung). Wenn der Geber keinen Blackjack hat, verlieren Sie nat\u00fcrlich die Versicherungswette und m\u00fcssen trotzdem den urspr\u00fcnglichen Einsatz ausspielen.<\/p>\n<p>Die Versicherung ist einfach eine Nebenwette, bei der die Wahrscheinlichkeit 2:1 betr\u00e4gt, dass der Dealer eine Karte mit dem Wert 10 unter seinem Ass hat.  Es \u00fcberrascht nicht, dass das Casino bei dieser Wette einen erheblichen Vorteil hat.  Bei einem Spiel mit einem Deck gibt es 16 Karten mit dem Wert 10. Angenommen, Sie sehen keine anderen Karten, einschlie\u00dflich Ihrer eigenen, dann bestehen die Zehner aus 16 der 51 verbleibenden Karten, nachdem das Ass des Gebers entfernt wurde. Damit die Versicherungswette kostendeckend ist, m\u00fcsste die Hole Card in 1 von 3 F\u00e4llen eine Zehn sein, aber 16\/51 ist nur 1 zu 3,1875.<\/p>\n<p>Das ergibt einen Hausvorteil von 5,88% f\u00fcr die Versicherungswette bei einem Deck.  Bei sechs Decks ist es mit einem Hausvorteil von 7,40% noch schlimmer.<\/p>\n<p>Kartenz\u00e4hler k\u00f6nnen die Versicherungswette immer noch schlagen, indem sie die Wette nur machen, wenn sie wissen, dass mehr als ein Drittel der verbleibenden Karten Zehner sind.<\/p>\n<p>Sofern Sie kein Kartenz\u00e4hler sind und wissen, dass das Deck ausreichend schief ist, sollten Sie die Versicherungswette einfach ignorieren.  Es spielt keine Rolle, ob Sie ein gutes oder ein schlechtes Blatt haben.<\/p>\n<hr>\n<h2 class=\"text-center\">Beim Blackjack \"Even Money\" nehmen<\/h2>\n<p>Wenn Sie einen Blackjack haben und der Croupier ein Ass aufdeckt, wird er Ihnen wahrscheinlich \"Even Money\" anstelle des Versicherungseinsatzes anbieten.  Wenn Sie dieses Angebot annehmen, zahlt Ihnen der Dealer den Betrag Ihres urspr\u00fcnglichen Einsatzes und wirft Ihr Blackjack-Blatt weg, noch bevor er unter seinem Ass nachsieht, ob er ebenfalls einen Blackjack hat.<\/p>\n<p>Viele Spieler denken, dass dies ein gutes Gesch\u00e4ft ist, das ihnen einen Gewinn garantiert, selbst wenn der Dealer einen Blackjack hat.  Aber dieser garantierte Gewinn hat seinen Preis.  Langfristig gewinnen Sie mehr Geld, wenn Sie auf die volle $15-Auszahlung warten, wenn der Dealer keinen Blackjack hat, auch wenn Sie manchmal mit leeren H\u00e4nden dastehen werden.<\/p>\n<p>\"Even Money\" ist nichts anderes als eine Versicherungswette auf Ihren Blackjack, nicht mehr und nicht weniger.  Ich zeige Ihnen, wie das funktioniert:<\/p>\n<p>Nehmen wir an, Sie setzen $10 und haben einen Blackjack. Normalerweise w\u00fcrden Sie daf\u00fcr $15 kassieren, es sei denn, der Dealer hat ebenfalls einen Blackjack; in diesem Fall w\u00fcrden Sie pushen oder unentschieden spielen.  Nehmen wir an, der Geber hat ein Ass und Sie entscheiden sich, eine Versicherung f\u00fcr den vollen erlaubten Betrag von $5 abzuschlie\u00dfen.<\/p>\n<p>Nun k\u00f6nnen zwei Dinge passieren:<br \/>\n1) Der Dealer hat einen Blackjack. Sie erzielen mit $10 ein Unentschieden, kassieren aber 2:1 auf die $5-Versicherungswette f\u00fcr einen Gesamtgewinn von $10.<br \/>\n2) Der Dealer hat keinen Blackjack. Sie verlieren den Versicherungseinsatz von $5, erhalten aber $15 f\u00fcr Ihren Blackjack. Ihr Gesamtgewinn betr\u00e4gt wieder $10.<\/p>\n<p>In beiden F\u00e4llen wird Ihnen nach Abschluss der Versicherungswette ein Gewinn von $10 garantiert, d. h. eine Auszahlung in gleicher H\u00f6he wie Ihr urspr\u00fcnglicher Einsatz.  In den Casinos k\u00f6nnen Sie also die Versicherungswette ganz weglassen und einfach erkl\u00e4ren, dass Sie \"gleiches Geld\" f\u00fcr Ihren Blackjack haben m\u00f6chten, wenn der Dealer ein Ass zeigt.<\/p>\n<p>Das Problem ist, dass Sie immer noch eine schlechte Wette auf eine Versicherung abschlie\u00dfen, die Sie Geld kostet.  Wenn Sie das Angebot des geraden Geldes ignorieren, erhalten Sie manchmal $15, und manchmal $0.  Aber im Durchschnitt erhalten Sie etwas mehr als die $10, die Ihnen f\u00fcr gerades Geld angeboten werden.<\/p>\n<p>Ein Spieler, der keine Karten z\u00e4hlt, sollte einfach nie eine Versicherungswette annehmen, auch nicht die \"Even Money\"-Variante.<\/p>\n<hr>\n<h2 class=\"text-center\">Aufgeben<\/h2>\n<p>Einige Spiele bieten dem Spieler die M\u00f6glichkeit, sein Blatt aufzugeben und die H\u00e4lfte seines Einsatzes zu verlieren.  Dieser Verzicht muss die erste Aktion sein, die der Spieler w\u00e4hrend des Spiels durchf\u00fchrt.  Mit anderen Worten: Sie k\u00f6nnen nicht eine Karte ziehen und sich dann entscheiden, auszusteigen!<\/p>\n<p>Selbst wenn die M\u00f6glichkeit der R\u00fcckgabe besteht, wird sie von den Spielern nur selten genutzt.  Oft wird es in den Regeln am Tisch nicht erw\u00e4hnt, selbst wenn das Casino es erlaubt.  Und vielen Spielern gef\u00e4llt der Gedanke, ein Blatt aufzugeben, einfach nicht.  Aber f\u00fcr einen klugen Spieler ist es eine n\u00fctzliche Option, die den Hausvorteil um etwa 0,08% reduziert.<\/p>\n<p>Wenn Sie die M\u00f6glichkeit des Aufgebens haben, sollten Sie die richtige Strategie f\u00fcr die Nutzung dieser Option kennen.  Die meisten Spieler, die diese Option nutzen, geben zu viele H\u00e4nde auf.  Wenn Ihr Spiel Surrender anbietet, empfehle ich Ihnen die Lekt\u00fcre meiner <a href=\"\/blackjack-surrender-explained\/\">Vollst\u00e4ndige Erkl\u00e4rung der Blackjack-Kapitulation<\/a>.<\/p>\n<p>Bei der h\u00e4ufigsten Variante (der so genannten \"sp\u00e4ten\" Kapitulation) kann ein Spieler erst kapitulieren, wenn der Dealer einen Blackjack hat.  Wenn der Dealer einen Blackjack hat, verlieren Sie Ihren gesamten Einsatz und haben keine Chance, f\u00fcr die H\u00e4lfte der Kosten zu kapitulieren.<\/p>\n<hr>\n<p class=\"left\">\u2190 Teil 3 - <a href=\"\/blackjack-rules\/player-choices\/\" rel=\"prev\">Spieler-Auswahlen<\/a><\/p>\n<p class=\"right\">Teil 5 - <a href=\"\/blackjack-rules\/rule-variations\/\" rel=\"next\">Regel Variationen<\/a> \u2192<\/p>","protected":false},"excerpt":{"rendered":"<p>by Kenneth R Smith Insurance Insurance in blackjack is often misunderstood by players, and is a big money-maker for casinos. Naming this side-bet &#8220;insurance&#8221; was a brilliant marketing ploy, and some otherwise solid players will frequently make this bad bet to &#8220;insure&#8221; when they have a good hand. But actually, insurance is not always a [&hellip;]<\/p>\n","protected":false},"author":2,"featured_media":0,"parent":1174,"menu_order":4,"comment_status":"open","ping_status":"open","template":"","meta":{"_acf_changed":false,"footnotes":""},"tags":[],"class_list":["post-1348","page","type-page","status-publish","hentry"],"acf":[],"yoast_head":"<!-- This site is optimized with the Yoast SEO plugin v26.6 - https:\/\/yoast.com\/wordpress\/plugins\/seo\/ -->\n<title>Blackjack Rules: Part 4 - Insurance and Surrender<\/title>\n<meta name=\"description\" content=\"We continue our explanation of the rules of casino blackjack, covering insurance, taking even money for blackjack, and also the option of surrender.\" \/>\n<meta name=\"robots\" content=\"index, follow, max-snippet:-1, max-image-preview:large, max-video-preview:-1\" \/>\n<link rel=\"canonical\" href=\"https:\/\/www.blackjackinfo.com\/de\/blackjack-regeln\/\" \/>\n<meta property=\"og:locale\" content=\"de_DE\" \/>\n<meta property=\"og:type\" content=\"article\" \/>\n<meta property=\"og:title\" content=\"Blackjack Rules: Part 4 - Insurance and Surrender\" \/>\n<meta property=\"og:description\" content=\"We continue our explanation of the rules of casino blackjack, covering insurance, taking even money for blackjack, and also the option of surrender.\" \/>\n<meta property=\"og:url\" content=\"https:\/\/www.blackjackinfo.com\/de\/blackjack-regeln\/\" \/>\n<meta property=\"og:site_name\" content=\"BlackjackInfo.com\" \/>\n<meta property=\"article:modified_time\" content=\"2018-06-22T06:15:34+00:00\" \/>\n<meta name=\"twitter:label1\" content=\"Gesch\u00e4tzte Lesezeit\" \/>\n\t<meta name=\"twitter:data1\" content=\"5\u00a0Minuten\" \/>\n<script type=\"application\/ld+json\" class=\"yoast-schema-graph\">{\"@context\":\"https:\/\/schema.org\",\"@graph\":[{\"@type\":\"WebPage\",\"@id\":\"https:\/\/www.blackjackinfo.com\/blackjack-rules\/insurance-and-surrender\/\",\"url\":\"https:\/\/www.blackjackinfo.com\/blackjack-rules\/\",\"name\":\"Blackjack Rules: Part 4 - Insurance and Surrender\",\"isPartOf\":{\"@id\":\"https:\/\/www.blackjackinfo.com\/#website\"},\"datePublished\":\"2014-12-12T23:27:00+00:00\",\"dateModified\":\"2018-06-22T06:15:34+00:00\",\"description\":\"We continue our explanation of the rules of casino blackjack, covering insurance, taking even money for blackjack, and also the option of surrender.\",\"breadcrumb\":{\"@id\":\"https:\/\/www.blackjackinfo.com\/blackjack-rules\/#breadcrumb\"},\"inLanguage\":\"de\",\"potentialAction\":[{\"@type\":\"ReadAction\",\"target\":[\"https:\/\/www.blackjackinfo.com\/blackjack-rules\/\"]}]},{\"@type\":\"BreadcrumbList\",\"@id\":\"https:\/\/www.blackjackinfo.com\/blackjack-rules\/#breadcrumb\",\"itemListElement\":[{\"@type\":\"ListItem\",\"position\":1,\"name\":\"Home\",\"item\":\"https:\/\/www.blackjackinfo.com\/\"},{\"@type\":\"ListItem\",\"position\":2,\"name\":\"Casino Blackjack: Rules of the Game\",\"item\":\"https:\/\/www.blackjackinfo.com\/blackjack-rules\/\"},{\"@type\":\"ListItem\",\"position\":3,\"name\":\"Blackjack Rules: Part 4 &#8211; Insurance and Surrender\"}]},{\"@type\":\"WebSite\",\"@id\":\"https:\/\/www.blackjackinfo.com\/#website\",\"url\":\"https:\/\/www.blackjackinfo.com\/\",\"name\":\"BlackjackInfo.com\",\"description\":\"Because Winning is More Fun!\",\"potentialAction\":[{\"@type\":\"SearchAction\",\"target\":{\"@type\":\"EntryPoint\",\"urlTemplate\":\"https:\/\/www.blackjackinfo.com\/?s={search_term_string}\"},\"query-input\":{\"@type\":\"PropertyValueSpecification\",\"valueRequired\":true,\"valueName\":\"search_term_string\"}}],\"inLanguage\":\"de\"}]}<\/script>\n<!-- \/ Yoast SEO plugin. -->","yoast_head_json":{"title":"Blackjack-Regeln: Teil 4 - Versicherung und R\u00fcckgabe","description":"Wir setzen unsere Erkl\u00e4rung der Regeln von Casino-Blackjack fort und behandeln die Versicherung, die Annahme von geradem Geld f\u00fcr Blackjack und auch die M\u00f6glichkeit des Aufgebens.","robots":{"index":"index","follow":"follow","max-snippet":"max-snippet:-1","max-image-preview":"max-image-preview:large","max-video-preview":"max-video-preview:-1"},"canonical":"https:\/\/www.blackjackinfo.com\/de\/blackjack-regeln\/","og_locale":"de_DE","og_type":"article","og_title":"Blackjack Rules: Part 4 - Insurance and Surrender","og_description":"We continue our explanation of the rules of casino blackjack, covering insurance, taking even money for blackjack, and also the option of surrender.","og_url":"https:\/\/www.blackjackinfo.com\/de\/blackjack-regeln\/","og_site_name":"BlackjackInfo.com","article_modified_time":"2018-06-22T06:15:34+00:00","twitter_misc":{"Gesch\u00e4tzte Lesezeit":"5\u00a0Minuten"},"schema":{"@context":"https:\/\/schema.org","@graph":[{"@type":"WebPage","@id":"https:\/\/www.blackjackinfo.com\/blackjack-rules\/insurance-and-surrender\/","url":"https:\/\/www.blackjackinfo.com\/blackjack-rules\/","name":"Blackjack-Regeln: Teil 4 - Versicherung und R\u00fcckgabe","isPartOf":{"@id":"https:\/\/www.blackjackinfo.com\/#website"},"datePublished":"2014-12-12T23:27:00+00:00","dateModified":"2018-06-22T06:15:34+00:00","description":"Wir setzen unsere Erkl\u00e4rung der Regeln von Casino-Blackjack fort und behandeln die Versicherung, die Annahme von geradem Geld f\u00fcr Blackjack und auch die M\u00f6glichkeit des Aufgebens.","breadcrumb":{"@id":"https:\/\/www.blackjackinfo.com\/blackjack-rules\/#breadcrumb"},"inLanguage":"de","potentialAction":[{"@type":"ReadAction","target":["https:\/\/www.blackjackinfo.com\/blackjack-rules\/"]}]},{"@type":"BreadcrumbList","@id":"https:\/\/www.blackjackinfo.com\/blackjack-rules\/#breadcrumb","itemListElement":[{"@type":"ListItem","position":1,"name":"Home","item":"https:\/\/www.blackjackinfo.com\/"},{"@type":"ListItem","position":2,"name":"Casino Blackjack: Rules of the Game","item":"https:\/\/www.blackjackinfo.com\/blackjack-rules\/"},{"@type":"ListItem","position":3,"name":"Blackjack Rules: Part 4 &#8211; Insurance and Surrender"}]},{"@type":"WebSite","@id":"https:\/\/www.blackjackinfo.com\/#website","url":"https:\/\/www.blackjackinfo.com\/","name":"BlackjackInfo.de","description":"Denn Gewinnen macht mehr Spa\u00df!","potentialAction":[{"@type":"SearchAction","target":{"@type":"EntryPoint","urlTemplate":"https:\/\/www.blackjackinfo.com\/?s={search_term_string}"},"query-input":{"@type":"PropertyValueSpecification","valueRequired":true,"valueName":"search_term_string"}}],"inLanguage":"de"}]}},"_links":{"self":[{"href":"https:\/\/www.blackjackinfo.com\/de\/wp-json\/wp\/v2\/pages\/1348","targetHints":{"allow":["GET"]}}],"collection":[{"href":"https:\/\/www.blackjackinfo.com\/de\/wp-json\/wp\/v2\/pages"}],"about":[{"href":"https:\/\/www.blackjackinfo.com\/de\/wp-json\/wp\/v2\/types\/page"}],"author":[{"embeddable":true,"href":"https:\/\/www.blackjackinfo.com\/de\/wp-json\/wp\/v2\/users\/2"}],"replies":[{"embeddable":true,"href":"https:\/\/www.blackjackinfo.com\/de\/wp-json\/wp\/v2\/comments?post=1348"}],"version-history":[{"count":15,"href":"https:\/\/www.blackjackinfo.com\/de\/wp-json\/wp\/v2\/pages\/1348\/revisions"}],"predecessor-version":[{"id":1657,"href":"https:\/\/www.blackjackinfo.com\/de\/wp-json\/wp\/v2\/pages\/1348\/revisions\/1657"}],"up":[{"embeddable":true,"href":"https:\/\/www.blackjackinfo.com\/de\/wp-json\/wp\/v2\/pages\/1174"}],"wp:attachment":[{"href":"https:\/\/www.blackjackinfo.com\/de\/wp-json\/wp\/v2\/media?parent=1348"}],"wp:term":[{"taxonomy":"post_tag","embeddable":true,"href":"https:\/\/www.blackjackinfo.com\/de\/wp-json\/wp\/v2\/tags?post=1348"}],"curies":[{"name":"wp","href":"https:\/\/api.w.org\/{rel}","templated":true}]}}