{"id":1367,"date":"2014-12-13T11:18:06","date_gmt":"2014-12-13T17:18:06","guid":{"rendered":"http:\/\/test.blackjackinfo.com\/?page_id=1367"},"modified":"2018-09-06T00:54:44","modified_gmt":"2018-09-06T05:54:44","slug":"einfuhrung-in-die-turniere","status":"publish","type":"page","link":"https:\/\/www.blackjackinfo.com\/de\/blackjack-tournaments\/introduction-to-tournaments\/","title":{"rendered":"Einf\u00fchrung in Blackjack-Turniere"},"content":{"rendered":"<div class=\"bji-byline\">von <a href=\"\/ken-smith\/\">Kenneth R. Smith<\/a>.<\/div>\n<h2>Was ist ein Blackjack-Turnier?<\/h2>\n<p class=\"intro\">Anders als bei einem normalen Blackjack-Spiel im Casino trittst du bei einem Blackjack-Turnier gegen deine Mitspieler an. Zwar gewinnt oder verliert jeder Spieler gegen den Dealer, aber dein eigentliches Ziel ist es, am Ende mehr Chips zu haben als die anderen Spieler am Tisch.<\/p>\n<p>Ein typisches Blackjack-Turnier besteht aus mehreren kurzen Spielrunden, bei denen Tische mit etwa 6 Spielern in jeder Runde gegeneinander antreten. Das Format ist in der Regel ein Ausscheidungsformat, bei dem nur 1 oder 2 Spieler\/innen an jedem Tisch in die n\u00e4chste Runde kommen.<\/p>\n<p>Jede Runde besteht aus einer bestimmten Anzahl von Bl\u00e4ttern und die Spieler\/innen beginnen die Runde mit einer gleichen Anzahl von Chips. Am Ende der Runde kommt der Spieler oder die Spieler mit der h\u00f6chsten Bankroll in die n\u00e4chste Runde. Eine typische Runde dauert zwischen 15 und 30 H\u00e4nden. Bei einigen Turnieren werden Echtgeldchips verwendet, w\u00e4hrend andere mit nicht verhandelbaren Turnierchips ohne Geldwert gespielt werden.<\/p>\n<p>Anstatt dass der Dealer immer am ersten Platz mit dem Geben beginnt, wird ein Button vor einem Spieler auf dem Tisch platziert, der anzeigt, dass dieser Spieler die \"erste Basis\" f\u00fcr diese Hand ist. Der Button wandert dann mit jeder weiteren Hand um den Tisch. Das ist ein wichtiger Punkt, denn die Wett- und Spielreihenfolge dreht sich mit dem Button, und Spieler\/innen, die bei einer bestimmten Hand fr\u00fch setzen und handeln m\u00fcssen, sind im Nachteil.<\/p>\n<p>Die meisten Turniere bestehen aus 3 bis 5 Ausscheidungsrunden. Ein typisches Format sieht vor, dass 2 Spieler\/innen von jedem 6er-Tisch in der ersten Runde weiterkommen, 1 Spieler\/in von jedem 6er-Tisch in der zweiten Runde und dann der Finaltisch. Dieses Format mit 6 Spielern am Finaltisch w\u00fcrde 108 Teilnehmer an 18 Tischen in der ersten Runde erm\u00f6glichen. Bei kleineren Turnieren wird die erste Runde oft in mehrere Qualifikationsrunden aufgeteilt, so dass du, wenn du nicht weiterkommst, erneut antreten kannst, um einen Platz in der ersten Runde zu bekommen.<\/p>\n<h2 class=\"text-center\">Warum solltest du ein Blackjack-Turnier spielen?<\/h2>\n<p>Der Preispool f\u00fcr ein Turnier betr\u00e4gt normalerweise 100% der von den Spielern gezahlten Teilnahmegeb\u00fchren. Das bedeutet, dass das Casino keinen Vorteil gegen\u00fcber den Spielern im Turnier hat. Tats\u00e4chlich kann ein geschickter Spieler einen gro\u00dfen Vorteil gegen\u00fcber den anderen Spielern haben, wenn diese weniger Erfahrung mit Turnierstrategien haben. Viele Casinos garantieren das Preisgeld auch dann, wenn sich das Turnier nicht mit Teilnehmern f\u00fcllt. In diesen F\u00e4llen bezahlt das Casino die Spieler buchst\u00e4blich daf\u00fcr, dass sie das Turnier spielen! Aus Sicht des Casinos ist das eine gute Marketingma\u00dfnahme, da sie zwischen den Turnierrunden neue Spieler\/innen an die Tische locken.<\/p>\n<p>Da die gr\u00f6\u00dferen Turniere oft spezielle Zimmerpreise und kostenloses Essen beinhalten, kannst du bei deinem Urlaub in Vegas etwas Geld sparen, wenn du ihn rund um ein Turnier buchst. Wenn du ohnehin in ein Casino reisen willst, kannst du mit einem Turnier Geld sparen und mit minimalem Risiko um einen gro\u00dfen Preis spielen.<\/p>\n<h2 class=\"text-center\">Was sind die typischen Preise?<\/h2>\n<p>Die Preisgelder variieren stark, wie du vielleicht erwarten kannst. Kleinere Turniere haben vielleicht eine Startgeb\u00fchr von $10 und zahlen $500 oder $1000 f\u00fcr den ersten Platz. Die meisten Turniere zahlen mindestens 6 Pl\u00e4tze. Gr\u00f6\u00dfere Turniere k\u00f6nnen ein Startgeld von $300-$500 haben, mit einer entsprechend h\u00f6heren Auszahlung. Die gr\u00f6\u00dften Turniere haben ein Startgeld von $1000 oder mehr und manchmal gibt es Preisgelder von \u00fcber einer Million Dollar.<\/p>\n<h2 class=\"text-center\">Wo kannst du mehr Informationen bekommen?<\/h2>\n<p>Besuche unsere Schwesterseite <a href=\"https:\/\/www.blackjacktournaments.com\/\">BlackjackTurniere.de<\/a> wo der kostenlose Kalender der kommenden Blackjack-Turniere buchst\u00e4blich Tausende von Veranstaltungen im ganzen Land enth\u00e4lt.<\/p>\n<hr \/>\n<p>Weitere Artikel \u00fcber Blackjack-Turniere und Turnierstrategien findest du hier:<br \/>\nR\u00fcckkehr zum <a href=\"\/blackjack-tournaments\/\">Abschnitt Blackjack-Turniere<\/a>, oder<br \/>\nWeiter zum n\u00e4chsten Artikel <a href=\"\/blackjack-tournaments\/tournament-strategy-basics\/\">Grundlegende Konzepte der Turnierstrategie<\/a>.<\/p>","protected":false},"excerpt":{"rendered":"<p>by Kenneth R Smith. What is a blackjack tournament? Unlike normal casino blackjack play, in a blackjack tournament you are competing against your fellow players. While each of the players still wins or loses against the dealer, your real goal is to finish with more chips than the other players at the table. A typical [&hellip;]<\/p>\n","protected":false},"author":2,"featured_media":0,"parent":1052,"menu_order":1,"comment_status":"open","ping_status":"closed","template":"page-with-sidebar.php","meta":{"_acf_changed":false,"footnotes":""},"tags":[],"class_list":["post-1367","page","type-page","status-publish","hentry"],"acf":[],"yoast_head":"<!-- This site is optimized with the Yoast SEO plugin v26.6 - https:\/\/yoast.com\/wordpress\/plugins\/seo\/ -->\n<title>Introduction to Blackjack Tournaments<\/title>\n<meta name=\"description\" content=\"An explanation of how blackjack tournaments work, including the typical format and rules.\" \/>\n<meta name=\"robots\" content=\"index, follow, max-snippet:-1, max-image-preview:large, max-video-preview:-1\" \/>\n<link rel=\"canonical\" href=\"https:\/\/www.blackjackinfo.com\/de\/blackjack-turniere\/einfuhrung-in-die-turniere\/\" \/>\n<meta property=\"og:locale\" content=\"de_DE\" \/>\n<meta property=\"og:type\" content=\"article\" \/>\n<meta property=\"og:title\" content=\"Introduction to Blackjack Tournaments\" \/>\n<meta property=\"og:description\" content=\"An explanation of how blackjack tournaments work, including the typical format and rules.\" \/>\n<meta property=\"og:url\" content=\"https:\/\/www.blackjackinfo.com\/de\/blackjack-turniere\/einfuhrung-in-die-turniere\/\" \/>\n<meta property=\"og:site_name\" content=\"BlackjackInfo.com\" \/>\n<meta property=\"article:modified_time\" content=\"2018-09-06T05:54:44+00:00\" \/>\n<meta name=\"twitter:label1\" content=\"Gesch\u00e4tzte Lesezeit\" \/>\n\t<meta name=\"twitter:data1\" content=\"3\u00a0Minuten\" \/>\n<script type=\"application\/ld+json\" class=\"yoast-schema-graph\">{\"@context\":\"https:\/\/schema.org\",\"@graph\":[{\"@type\":\"WebPage\",\"@id\":\"https:\/\/www.blackjackinfo.com\/blackjack-tournaments\/introduction-to-tournaments\/\",\"url\":\"https:\/\/www.blackjackinfo.com\/blackjack-tournaments\/introduction-to-tournaments\/\",\"name\":\"Introduction to Blackjack Tournaments\",\"isPartOf\":{\"@id\":\"https:\/\/www.blackjackinfo.com\/#website\"},\"datePublished\":\"2014-12-13T17:18:06+00:00\",\"dateModified\":\"2018-09-06T05:54:44+00:00\",\"description\":\"An explanation of how blackjack tournaments work, including the typical format and rules.\",\"breadcrumb\":{\"@id\":\"https:\/\/www.blackjackinfo.com\/blackjack-tournaments\/introduction-to-tournaments\/#breadcrumb\"},\"inLanguage\":\"de\",\"potentialAction\":[{\"@type\":\"ReadAction\",\"target\":[\"https:\/\/www.blackjackinfo.com\/blackjack-tournaments\/introduction-to-tournaments\/\"]}]},{\"@type\":\"BreadcrumbList\",\"@id\":\"https:\/\/www.blackjackinfo.com\/blackjack-tournaments\/introduction-to-tournaments\/#breadcrumb\",\"itemListElement\":[{\"@type\":\"ListItem\",\"position\":1,\"name\":\"Home\",\"item\":\"https:\/\/www.blackjackinfo.com\/\"},{\"@type\":\"ListItem\",\"position\":2,\"name\":\"Blackjack Tournament Strategy\",\"item\":\"https:\/\/www.blackjackinfo.com\/blackjack-tournaments\/\"},{\"@type\":\"ListItem\",\"position\":3,\"name\":\"Introduction to Blackjack Tournaments\"}]},{\"@type\":\"WebSite\",\"@id\":\"https:\/\/www.blackjackinfo.com\/#website\",\"url\":\"https:\/\/www.blackjackinfo.com\/\",\"name\":\"BlackjackInfo.com\",\"description\":\"Because Winning is More Fun!\",\"potentialAction\":[{\"@type\":\"SearchAction\",\"target\":{\"@type\":\"EntryPoint\",\"urlTemplate\":\"https:\/\/www.blackjackinfo.com\/?s={search_term_string}\"},\"query-input\":{\"@type\":\"PropertyValueSpecification\",\"valueRequired\":true,\"valueName\":\"search_term_string\"}}],\"inLanguage\":\"de\"}]}<\/script>\n<!-- \/ Yoast SEO plugin. -->","yoast_head_json":{"title":"Einf\u00fchrung in Blackjack-Turniere","description":"Eine Erkl\u00e4rung, wie Blackjack-Turniere funktionieren, einschlie\u00dflich des typischen Formats und der Regeln.","robots":{"index":"index","follow":"follow","max-snippet":"max-snippet:-1","max-image-preview":"max-image-preview:large","max-video-preview":"max-video-preview:-1"},"canonical":"https:\/\/www.blackjackinfo.com\/de\/blackjack-turniere\/einfuhrung-in-die-turniere\/","og_locale":"de_DE","og_type":"article","og_title":"Introduction to Blackjack Tournaments","og_description":"An explanation of how blackjack tournaments work, including the typical format and rules.","og_url":"https:\/\/www.blackjackinfo.com\/de\/blackjack-turniere\/einfuhrung-in-die-turniere\/","og_site_name":"BlackjackInfo.com","article_modified_time":"2018-09-06T05:54:44+00:00","twitter_misc":{"Gesch\u00e4tzte Lesezeit":"3\u00a0Minuten"},"schema":{"@context":"https:\/\/schema.org","@graph":[{"@type":"WebPage","@id":"https:\/\/www.blackjackinfo.com\/blackjack-tournaments\/introduction-to-tournaments\/","url":"https:\/\/www.blackjackinfo.com\/blackjack-tournaments\/introduction-to-tournaments\/","name":"Einf\u00fchrung in Blackjack-Turniere","isPartOf":{"@id":"https:\/\/www.blackjackinfo.com\/#website"},"datePublished":"2014-12-13T17:18:06+00:00","dateModified":"2018-09-06T05:54:44+00:00","description":"Eine Erkl\u00e4rung, wie Blackjack-Turniere funktionieren, einschlie\u00dflich des typischen Formats und der Regeln.","breadcrumb":{"@id":"https:\/\/www.blackjackinfo.com\/blackjack-tournaments\/introduction-to-tournaments\/#breadcrumb"},"inLanguage":"de","potentialAction":[{"@type":"ReadAction","target":["https:\/\/www.blackjackinfo.com\/blackjack-tournaments\/introduction-to-tournaments\/"]}]},{"@type":"BreadcrumbList","@id":"https:\/\/www.blackjackinfo.com\/blackjack-tournaments\/introduction-to-tournaments\/#breadcrumb","itemListElement":[{"@type":"ListItem","position":1,"name":"Home","item":"https:\/\/www.blackjackinfo.com\/"},{"@type":"ListItem","position":2,"name":"Blackjack Tournament Strategy","item":"https:\/\/www.blackjackinfo.com\/blackjack-tournaments\/"},{"@type":"ListItem","position":3,"name":"Introduction to Blackjack Tournaments"}]},{"@type":"WebSite","@id":"https:\/\/www.blackjackinfo.com\/#website","url":"https:\/\/www.blackjackinfo.com\/","name":"BlackjackInfo.de","description":"Denn Gewinnen macht mehr Spa\u00df!","potentialAction":[{"@type":"SearchAction","target":{"@type":"EntryPoint","urlTemplate":"https:\/\/www.blackjackinfo.com\/?s={search_term_string}"},"query-input":{"@type":"PropertyValueSpecification","valueRequired":true,"valueName":"search_term_string"}}],"inLanguage":"de"}]}},"_links":{"self":[{"href":"https:\/\/www.blackjackinfo.com\/de\/wp-json\/wp\/v2\/pages\/1367","targetHints":{"allow":["GET"]}}],"collection":[{"href":"https:\/\/www.blackjackinfo.com\/de\/wp-json\/wp\/v2\/pages"}],"about":[{"href":"https:\/\/www.blackjackinfo.com\/de\/wp-json\/wp\/v2\/types\/page"}],"author":[{"embeddable":true,"href":"https:\/\/www.blackjackinfo.com\/de\/wp-json\/wp\/v2\/users\/2"}],"replies":[{"embeddable":true,"href":"https:\/\/www.blackjackinfo.com\/de\/wp-json\/wp\/v2\/comments?post=1367"}],"version-history":[{"count":10,"href":"https:\/\/www.blackjackinfo.com\/de\/wp-json\/wp\/v2\/pages\/1367\/revisions"}],"predecessor-version":[{"id":5233,"href":"https:\/\/www.blackjackinfo.com\/de\/wp-json\/wp\/v2\/pages\/1367\/revisions\/5233"}],"up":[{"embeddable":true,"href":"https:\/\/www.blackjackinfo.com\/de\/wp-json\/wp\/v2\/pages\/1052"}],"wp:attachment":[{"href":"https:\/\/www.blackjackinfo.com\/de\/wp-json\/wp\/v2\/media?parent=1367"}],"wp:term":[{"taxonomy":"post_tag","embeddable":true,"href":"https:\/\/www.blackjackinfo.com\/de\/wp-json\/wp\/v2\/tags?post=1367"}],"curies":[{"name":"wp","href":"https:\/\/api.w.org\/{rel}","templated":true}]}}