{"id":1374,"date":"2014-12-13T11:30:22","date_gmt":"2014-12-13T17:30:22","guid":{"rendered":"http:\/\/test.blackjackinfo.com\/?page_id=1374"},"modified":"2018-09-06T01:23:39","modified_gmt":"2018-09-06T06:23:39","slug":"grundlagen-der-turnierstrategie","status":"publish","type":"page","link":"https:\/\/www.blackjackinfo.com\/de\/blackjack-tournaments\/tournament-strategy-basics\/","title":{"rendered":"Blackjack-Turnierstrategie-Grundlagen"},"content":{"rendered":"<div class=\"bji-byline\">von <a href=\"\/ken-smith\/\">Kenneth R. Smith<\/a>.<\/div>\n<p class=\"intro\">Beim Turnier-Blackjack kann ein wenig Wissen \u00fcber die Turnierstrategie Ihre Erfolgschancen drastisch verbessern. In diesem Artikel befassen wir uns mit den allgemeinen Grunds\u00e4tzen, die die wichtigsten Ideen der Turnierstrategie darstellen. Diese Konzepte werden Ihnen einen gro\u00dfen Vorteil gegen\u00fcber den meisten Gegnern verschaffen, und sie sind einfach genug, dass Sie nicht lernen m\u00fcssen, um sie zu nutzen.<\/p>\n<h2 class=\"text-center\">Risiko und Belohnung<\/h2>\n<p>Wie bei den meisten informierten Gl\u00fccksspielen kommt es bei einer effektiven Turnierstrategie auf das Risikomanagement an. Um an einem Tisch zu gewinnen, m\u00fcssen Sie in der Regel irgendwann einen Gro\u00dfteil Ihrer Bankroll riskieren. Der Schl\u00fcssel zum langfristigen Erfolg liegt darin, sicherzustellen, dass Sie f\u00fcr jede gro\u00dfe Wette, die Sie eingehen, den vollen Wert erhalten. Wenn es einen Denkprozess gibt, der bei jeder einzelnen Entscheidung, die Sie am Turniertisch treffen, wichtig ist, dann ist es dieser. W\u00e4gen Sie das Risiko und den Ertrag Ihrer Entscheidungen ab. Wenn Sie st\u00e4ndig in diesem Sinne denken, k\u00f6nnen Sie den Wert verschiedener Strategien je nach Ihrer aktuellen Situation am Tisch einsch\u00e4tzen.<\/p>\n<h2 class=\"text-center\">\u00c4hnliche Ergebnisse<\/h2>\n<p>Eines der wichtigsten Merkmale von Blackjack-Turnieren ist, dass alle Spieler gegen denselben Dealer antreten. Das bedeutet, dass die Spieler in der Regel bei jedem Blatt zu einem \u00e4hnlichen Ergebnis kommen. Wenn der Dealer einen Blackjack zieht, wird der gesamte Tisch wahrscheinlich das gleiche Ergebnis haben, n\u00e4mlich einen Verlust. Es ist zwar durchaus m\u00f6glich (und oft auch notwendig!), einen Vorteil zu erlangen, wenn man bessere Karten hat als ein Gegner, aber es ist viel einfacher, einen Vorteil zu erlangen, wenn man anders setzt und spielt als der Gegner.<\/p>\n<h2 class=\"text-center\">Grundlegende Strategie<\/h2>\n<p>Die Kenntnis der richtigen Grundstrategie ist wichtig f\u00fcr Ihren Turniererfolg, aber Sie werden vielleicht \u00fcberrascht sein, dass sie bei den meisten H\u00e4nden gar keine so gro\u00dfe Rolle spielt. Wenn Sie das Risiko begrenzen, indem Sie bei den meisten H\u00e4nden kleine Eins\u00e4tze t\u00e4tigen, fallen Fehler bei diesen H\u00e4nden nicht ins Gewicht. Wenn Sie jedoch Ihre gro\u00dfen Eins\u00e4tze falsch spielen, kann dies ein kostspieliger Fehler sein, weshalb eine solide Grundstrategie unser Dreiergespann an Turnierkonzepten abrundet. Das sind \"Risiko und Belohnung, \u00e4hnliche Ergebnisse und grundlegende Strategie\".<\/p>\n<p>Lassen Sie uns nun einen Blick darauf werfen, wie Sie diese Ideen am Tisch anwenden k\u00f6nnen. Diese Beispiele gehen davon aus, dass Sie eine typische Ausscheidungsrunde spielen, in der Sie nur gegen die anderen Spieler an Ihrem Tisch antreten.<\/p>\n<p>Wenn Sie w\u00e4hrend einer Turnierrunde keine Chips mehr haben, sind Sie erledigt. Sie k\u00f6nnen keine weiteren Chips f\u00fcr eine zweite Chance kaufen.<\/p>\n<h2 class=\"text-center\">Bewahren Sie Ihr Guthaben fr\u00fchzeitig, aber riskieren Sie es, wenn es n\u00f6tig ist<\/h2>\n<p>Risikomanagement beginnt mit der Gr\u00f6\u00dfe der Eins\u00e4tze. Kleine Eins\u00e4tze reduzieren oder eliminieren sogar Ihr Risiko, am Turniertisch zu versagen. Wenn Sie w\u00e4hrend einer Turnierrunde keine Chips mehr haben, sind Sie erledigt. Sie k\u00f6nnen keine weiteren Chips f\u00fcr eine zweite Chance kaufen. Das bedeutet, dass Sie Ihre Schlachten mit Bedacht w\u00e4hlen sollten. Vor Jahren, als die meisten Teilnehmer noch neu bei Turnieren waren, garantierte Ihnen eine konservative Mindesteinsatzstrategie fast immer eine gute Chance, in die letzten paar H\u00e4nde eines Tisches entweder mit der F\u00fchrung oder zumindest mit der zweiten oder dritten Chipanzahl zu gehen. Viele Spieler glaubten damals, dass der einzige Weg zum Erfolg bei Turnieren darin besteht, viele gro\u00dfe Eins\u00e4tze zu machen und einen Berg von Chips anzuh\u00e4ufen. Diese Spieler hatten zwar manchmal Erfolg, aber sie schieden viel h\u00e4ufiger aus. Ein Spieler, der stattdessen seine anf\u00e4ngliche Bankroll bis zu den letzten zehn H\u00e4nden oder so beibehielt, war ein gro\u00dfer Favorit bei diesen Veranstaltungen. Obwohl es schwierig war, diese erfolgreichen Big Bets am Ende noch zu erwischen, war es auch nicht ungew\u00f6hnlich, einen Tisch zu gewinnen, wenn der Dealer hei\u00df war und alle Spieler aus dem Spiel nahm, bevor die Runde \u00fcberhaupt beendet war. Ein gro\u00dfer Teil meines fr\u00fchen Erfolgs bei Turnieren war auf diesen einfachen Ansatz zur\u00fcckzuf\u00fchren. Setzen Sie bis zum Ende wenig, dann setzen Sie so viel, dass Sie die F\u00fchrenden einholen k\u00f6nnen, falls es welche gibt.<\/p>\n<p>Die Zeiten haben sich sehr ge\u00e4ndert, denn die Turnierspieler sind sehr viel anspruchsvoller geworden. Als viele Spieler begannen, diesen zaghaften Ansatz zu imitieren, nahm seine Wirksamkeit stark ab. Im aktuellen Spiel richte ich mich bei der Wahl meiner Strategie oft danach, wie zaghaft oder mutig meine Gegner zu sein scheinen. Wenn der ganze Tisch kleine Eins\u00e4tze macht, ist es oft klug, fr\u00fch einen gro\u00dfen Einsatz zu machen. Wenn ich jedoch ein paar wilde Spieler am Tisch habe, bin ich durchaus bereit, immer noch denselben einfachen Ansatz zu verwenden, den ich vor Jahren mit gro\u00dfem Erfolg eingesetzt habe.<\/p>\n<p>Wenn Sie gerade genug setzen, um den Job zu erledigen, maximieren Sie den Wert der Chips, die Sie riskieren.<\/p>\n<p>Heutzutage ist ein hybrider Ansatz viel \u00fcblicher, bei dem das Risikomanagement wirklich zu gl\u00e4nzen beginnt. Indem Sie haupts\u00e4chlich kleine Eins\u00e4tze machen und Gelegenheiten f\u00fcr gro\u00dfe Eins\u00e4tze w\u00e4hlen, k\u00f6nnen Sie beide Spielertypen effektiv bek\u00e4mpfen. Da es an den meisten Tischen eine Mischung aus aggressiven und minimalen Spielern gibt, k\u00f6nnen Sie sorgf\u00e4ltig H\u00e4nde ausw\u00e4hlen, bei denen ein gro\u00dfer Einsatz am effektivsten ist. In der Mitte der Runde warte ich in der Regel, bis der Button meinen Platz passiert hat, damit ich die Eins\u00e4tze aller meiner Mitspieler sehen kann, bevor ich meine Einsatzh\u00f6he w\u00e4hle. So kann ich genau genug setzen, um die F\u00fchrung zu \u00fcbernehmen, ohne zus\u00e4tzliche Chips zu riskieren. Die Idee ist einfach: Wenn Sie gerade genug setzen, um die Aufgabe zu erledigen, maximieren Sie den Wert der Chips, die Sie riskieren. Wann immer Sie sich f\u00fcr einen gro\u00dfen Schritt entscheiden, denken Sie an das zweite Schl\u00fcsselkonzept: Die Ergebnisse aller Spieler sind in der Regel \u00e4hnlich. Wenn Sie genug setzen, um Ihr Ziel zu erreichen, selbst wenn Ihr Gegner seinen Einsatz ebenfalls gewinnt, ist Ihr Einsatz wahrscheinlich angemessen bemessen. Es gibt Ausnahmen, vor allem, wenn Sie einen erheblichen R\u00fcckstand auf die Chip-Leader haben. In der Regel ist es jedoch am besten, wenn Sie genug setzen, um die F\u00fchrung zu \u00fcbernehmen, wenn der Dealer den gesamten Tisch auszahlt.<\/p>\n<p>Wenn Sie einmal in F\u00fchrung liegen, sollten Sie dennoch daran denken, dass \u00e4hnliche Ergebnisse die Regel sind. Wenn Sie als F\u00fchrender nur minimale Eins\u00e4tze t\u00e4tigen, geben Sie Ihren Gegnern die Chance, Sie zu \u00fcberholen. Versuchen Sie stattdessen, ihre Eins\u00e4tze zu erh\u00f6hen, indem Sie einen \u00e4hnlichen Betrag setzen. Auch wenn Sie oft Opfer schlechter Karten werden und sie Sie deshalb \u00fcberholen, ist es die bessere Strategie, einen mittleren Einsatz zu riskieren, um mit den nachfolgenden Spielern gleichzuziehen.<\/p>\n<p>Wenn Sie Ihre Schlachten w\u00e4hlen, sollten Sie nur dann einen gro\u00dfen Einsatz t\u00e4tigen, wenn Sie einen Grund daf\u00fcr haben. Spieler, die gewohnheitsm\u00e4\u00dfig mittelgro\u00dfe Betr\u00e4ge auf die meisten Bl\u00e4tter setzen, schr\u00e4nken ihre Erfolgschancen stark ein. Diese Eins\u00e4tze k\u00f6nnen einzeln nicht viel bewirken, aber der kumulative Effekt auf das Risiko des Ruins ist betr\u00e4chtlich. Ich neige dazu, ein Spieler der Extreme zu sein. Sie werden mich normalerweise mit sehr kleinen oder sehr gro\u00dfen Eins\u00e4tzen sehen. Wenn ich einen mittelgro\u00dfen Einsatz mache, dann aus einem der beiden folgenden Gr\u00fcnde: Entweder liege ich in F\u00fchrung und unterbiete die Eins\u00e4tze meines Gegners, oder ein mittelgro\u00dfer Einsatz ist gro\u00df genug, um mein unmittelbares Ziel zu erreichen, und daher ist es eigentlich eine Art gro\u00dfer Einsatz.<\/p>\n<p>Stellen Sie sich eine Situation vor, in der Sie mit fast einem vollen Maximaleinsatz im R\u00fcckstand sind. Wenn der F\u00fchrende einen kleinen Einsatz gemacht hat, sollten Sie das Risiko und die Belohnung abw\u00e4gen, wenn Sie bei dieser Hand einen Max-Einsatz machen, um die F\u00fchrung zu \u00fcbernehmen. Sie riskieren wahrscheinlich den gr\u00f6\u00dften Teil Ihrer Bankroll, aber die Belohnung ist m\u00f6glicherweise betr\u00e4chtlich. Je nachdem, wie viele H\u00e4nde in der Runde noch \u00fcbrig sind, k\u00f6nnte dies die letzte Gelegenheit sein, die F\u00fchrung mit einem einzigen Einsatz zu \u00fcbernehmen. Wenn Sie beschlie\u00dfen, dass die Zeit f\u00fcr dieses Risiko reif ist, sollten Sie herausfinden, wie viel Sie wirklich setzen m\u00fcssen, um das Ziel, Chip-Leader zu werden, zu erreichen. M\u00f6glicherweise m\u00fcssen Sie nicht den vollen Maximaleinsatz t\u00e4tigen. Wenn m\u00f6glich, setzen Sie genug, um die F\u00fchrung zu \u00fcbernehmen, wenn der Leader auch seinen kleinen Einsatz gewinnt, oder vielleicht sogar einen Double Down. Der Grundgedanke dabei ist, dass Sie nicht einfach einen mittleren Einsatz machen und hoffen, dass Sie sich allm\u00e4hlich an die Spitze herantasten. Wenn Sie die F\u00fchrung \u00fcbernehmen m\u00fcssen, sollten Sie dies m\u00f6glichst in einer Hand tun. Es mag paradox erscheinen, dass die Minimierung des Risikos bedeutet, dass Sie Ihre gesamte Bankroll in einer Hand riskieren. Aber ein einziges erfolgreiches gro\u00dfes Risiko kann die Notwendigkeit vieler mittlerer Risiken beseitigen.<\/p>\n<p>Der Rat, keine zus\u00e4tzlichen Chips zu riskieren, hat eine allgemeine Ausnahme. Immer dann, wenn Sie bei einer Wette so viel riskieren, dass Ihre verbleibenden Chips unwirksam w\u00e4ren, wenn Sie die Wette verlieren, sollten Sie All-in gehen. Das hei\u00dft, wenn Sie sp\u00e4t in der Runde sind und $350 Ihrer $400 Bankroll setzen m\u00fcssen, um in F\u00fchrung zu gehen, sollten Sie stattdessen die $400 setzen. Andernfalls sind die $50, die Sie noch \u00fcbrig haben k\u00f6nnten, wahrscheinlich nur totes Geld. All-in zu gehen hat seine Nachteile, da Sie nicht splitten k\u00f6nnen, aber wenn Sie einen Betrag gewinnen m\u00fcssen, der mehr als die H\u00e4lfte Ihrer Bankroll ausmacht, sind Sie besser dran, wenn Sie versuchen, dies mit einem einzigen Einsatz zu erreichen, anstatt auf eine gute Double- oder Split-Hand zu hoffen.<\/p>\n<p>Diese Ideen werden einen gro\u00dfen Beitrag zum langfristigen Turniererfolg leisten. Die meisten Turniere werden nur mit den Grundlagen und ein wenig Gl\u00fcck gewonnen.<\/p>\n<p>Ich hoffe, wir sehen uns in der Endrunde, -Ken-<\/p>\n<hr \/>\n<p>Weitere Artikel \u00fcber Blackjack-Turniere und Turnierstrategien findest du hier:<br \/>\nR\u00fcckkehr zum <a href=\"\/blackjack-tournaments\/\">Abschnitt Blackjack-Turniere<\/a>, oder<br \/>\nWeiter zum n\u00e4chsten Artikel <a href=\"\/blackjack-tournaments\/tournament-position\/\">Position, ein entscheidender Teil der Blackjack-Turnierstrategie<\/a>.<\/p>","protected":false},"excerpt":{"rendered":"<p>by Kenneth R Smith. In tournament blackjack, having just a little knowledge about tournament strategy can dramatically improve your chances of success. In this article, we&#8217;ll look at the general principles that form the most important ideas in tournament strategy. These concepts will give you a big edge over most opponents, and they&#8217;re simple enough [&hellip;]<\/p>\n","protected":false},"author":2,"featured_media":0,"parent":1052,"menu_order":2,"comment_status":"open","ping_status":"closed","template":"page-with-sidebar.php","meta":{"_acf_changed":false,"footnotes":""},"tags":[],"class_list":["post-1374","page","type-page","status-publish","hentry"],"acf":[],"yoast_head":"<!-- This site is optimized with the Yoast SEO plugin v26.6 - https:\/\/yoast.com\/wordpress\/plugins\/seo\/ -->\n<title>Blackjack Tournament Strategy Basics<\/title>\n<meta name=\"description\" content=\"Understanding just a few concepts can make a big difference in your success in blackjack tournaments. Ken Smith explains a few powerful key ideas.\" \/>\n<meta name=\"robots\" content=\"index, follow, max-snippet:-1, max-image-preview:large, max-video-preview:-1\" \/>\n<link rel=\"canonical\" href=\"https:\/\/www.blackjackinfo.com\/de\/blackjack-turniere\/grundlagen-der-turnierstrategie\/\" \/>\n<meta property=\"og:locale\" content=\"de_DE\" \/>\n<meta property=\"og:type\" content=\"article\" \/>\n<meta property=\"og:title\" content=\"Blackjack Tournament Strategy Basics\" \/>\n<meta property=\"og:description\" content=\"Understanding just a few concepts can make a big difference in your success in blackjack tournaments. Ken Smith explains a few powerful key ideas.\" \/>\n<meta property=\"og:url\" content=\"https:\/\/www.blackjackinfo.com\/de\/blackjack-turniere\/grundlagen-der-turnierstrategie\/\" \/>\n<meta property=\"og:site_name\" content=\"BlackjackInfo.com\" \/>\n<meta property=\"article:modified_time\" content=\"2018-09-06T06:23:39+00:00\" \/>\n<meta name=\"twitter:label1\" content=\"Gesch\u00e4tzte Lesezeit\" \/>\n\t<meta name=\"twitter:data1\" content=\"8\u00a0Minuten\" \/>\n<script type=\"application\/ld+json\" class=\"yoast-schema-graph\">{\"@context\":\"https:\/\/schema.org\",\"@graph\":[{\"@type\":\"WebPage\",\"@id\":\"https:\/\/www.blackjackinfo.com\/blackjack-tournaments\/tournament-strategy-basics\/\",\"url\":\"https:\/\/www.blackjackinfo.com\/blackjack-tournaments\/tournament-strategy-basics\/\",\"name\":\"Blackjack Tournament Strategy Basics\",\"isPartOf\":{\"@id\":\"https:\/\/www.blackjackinfo.com\/#website\"},\"datePublished\":\"2014-12-13T17:30:22+00:00\",\"dateModified\":\"2018-09-06T06:23:39+00:00\",\"description\":\"Understanding just a few concepts can make a big difference in your success in blackjack tournaments. Ken Smith explains a few powerful key ideas.\",\"breadcrumb\":{\"@id\":\"https:\/\/www.blackjackinfo.com\/blackjack-tournaments\/tournament-strategy-basics\/#breadcrumb\"},\"inLanguage\":\"de\",\"potentialAction\":[{\"@type\":\"ReadAction\",\"target\":[\"https:\/\/www.blackjackinfo.com\/blackjack-tournaments\/tournament-strategy-basics\/\"]}]},{\"@type\":\"BreadcrumbList\",\"@id\":\"https:\/\/www.blackjackinfo.com\/blackjack-tournaments\/tournament-strategy-basics\/#breadcrumb\",\"itemListElement\":[{\"@type\":\"ListItem\",\"position\":1,\"name\":\"Home\",\"item\":\"https:\/\/www.blackjackinfo.com\/\"},{\"@type\":\"ListItem\",\"position\":2,\"name\":\"Blackjack Tournament Strategy\",\"item\":\"https:\/\/www.blackjackinfo.com\/blackjack-tournaments\/\"},{\"@type\":\"ListItem\",\"position\":3,\"name\":\"Blackjack Tournament Strategy Basics\"}]},{\"@type\":\"WebSite\",\"@id\":\"https:\/\/www.blackjackinfo.com\/#website\",\"url\":\"https:\/\/www.blackjackinfo.com\/\",\"name\":\"BlackjackInfo.com\",\"description\":\"Because Winning is More Fun!\",\"potentialAction\":[{\"@type\":\"SearchAction\",\"target\":{\"@type\":\"EntryPoint\",\"urlTemplate\":\"https:\/\/www.blackjackinfo.com\/?s={search_term_string}\"},\"query-input\":{\"@type\":\"PropertyValueSpecification\",\"valueRequired\":true,\"valueName\":\"search_term_string\"}}],\"inLanguage\":\"de\"}]}<\/script>\n<!-- \/ Yoast SEO plugin. -->","yoast_head_json":{"title":"Blackjack-Turnierstrategie-Grundlagen","description":"Das Verst\u00e4ndnis einiger weniger Konzepte kann einen gro\u00dfen Unterschied f\u00fcr Ihren Erfolg bei Blackjack-Turnieren ausmachen. Ken Smith erkl\u00e4rt ein paar wichtige Schl\u00fcsselideen.","robots":{"index":"index","follow":"follow","max-snippet":"max-snippet:-1","max-image-preview":"max-image-preview:large","max-video-preview":"max-video-preview:-1"},"canonical":"https:\/\/www.blackjackinfo.com\/de\/blackjack-turniere\/grundlagen-der-turnierstrategie\/","og_locale":"de_DE","og_type":"article","og_title":"Blackjack Tournament Strategy Basics","og_description":"Understanding just a few concepts can make a big difference in your success in blackjack tournaments. Ken Smith explains a few powerful key ideas.","og_url":"https:\/\/www.blackjackinfo.com\/de\/blackjack-turniere\/grundlagen-der-turnierstrategie\/","og_site_name":"BlackjackInfo.com","article_modified_time":"2018-09-06T06:23:39+00:00","twitter_misc":{"Gesch\u00e4tzte Lesezeit":"8\u00a0Minuten"},"schema":{"@context":"https:\/\/schema.org","@graph":[{"@type":"WebPage","@id":"https:\/\/www.blackjackinfo.com\/blackjack-tournaments\/tournament-strategy-basics\/","url":"https:\/\/www.blackjackinfo.com\/blackjack-tournaments\/tournament-strategy-basics\/","name":"Blackjack-Turnierstrategie-Grundlagen","isPartOf":{"@id":"https:\/\/www.blackjackinfo.com\/#website"},"datePublished":"2014-12-13T17:30:22+00:00","dateModified":"2018-09-06T06:23:39+00:00","description":"Das Verst\u00e4ndnis einiger weniger Konzepte kann einen gro\u00dfen Unterschied f\u00fcr Ihren Erfolg bei Blackjack-Turnieren ausmachen. Ken Smith erkl\u00e4rt ein paar wichtige Schl\u00fcsselideen.","breadcrumb":{"@id":"https:\/\/www.blackjackinfo.com\/blackjack-tournaments\/tournament-strategy-basics\/#breadcrumb"},"inLanguage":"de","potentialAction":[{"@type":"ReadAction","target":["https:\/\/www.blackjackinfo.com\/blackjack-tournaments\/tournament-strategy-basics\/"]}]},{"@type":"BreadcrumbList","@id":"https:\/\/www.blackjackinfo.com\/blackjack-tournaments\/tournament-strategy-basics\/#breadcrumb","itemListElement":[{"@type":"ListItem","position":1,"name":"Home","item":"https:\/\/www.blackjackinfo.com\/"},{"@type":"ListItem","position":2,"name":"Blackjack Tournament Strategy","item":"https:\/\/www.blackjackinfo.com\/blackjack-tournaments\/"},{"@type":"ListItem","position":3,"name":"Blackjack Tournament Strategy Basics"}]},{"@type":"WebSite","@id":"https:\/\/www.blackjackinfo.com\/#website","url":"https:\/\/www.blackjackinfo.com\/","name":"BlackjackInfo.de","description":"Denn Gewinnen macht mehr Spa\u00df!","potentialAction":[{"@type":"SearchAction","target":{"@type":"EntryPoint","urlTemplate":"https:\/\/www.blackjackinfo.com\/?s={search_term_string}"},"query-input":{"@type":"PropertyValueSpecification","valueRequired":true,"valueName":"search_term_string"}}],"inLanguage":"de"}]}},"_links":{"self":[{"href":"https:\/\/www.blackjackinfo.com\/de\/wp-json\/wp\/v2\/pages\/1374","targetHints":{"allow":["GET"]}}],"collection":[{"href":"https:\/\/www.blackjackinfo.com\/de\/wp-json\/wp\/v2\/pages"}],"about":[{"href":"https:\/\/www.blackjackinfo.com\/de\/wp-json\/wp\/v2\/types\/page"}],"author":[{"embeddable":true,"href":"https:\/\/www.blackjackinfo.com\/de\/wp-json\/wp\/v2\/users\/2"}],"replies":[{"embeddable":true,"href":"https:\/\/www.blackjackinfo.com\/de\/wp-json\/wp\/v2\/comments?post=1374"}],"version-history":[{"count":3,"href":"https:\/\/www.blackjackinfo.com\/de\/wp-json\/wp\/v2\/pages\/1374\/revisions"}],"predecessor-version":[{"id":4585,"href":"https:\/\/www.blackjackinfo.com\/de\/wp-json\/wp\/v2\/pages\/1374\/revisions\/4585"}],"up":[{"embeddable":true,"href":"https:\/\/www.blackjackinfo.com\/de\/wp-json\/wp\/v2\/pages\/1052"}],"wp:attachment":[{"href":"https:\/\/www.blackjackinfo.com\/de\/wp-json\/wp\/v2\/media?parent=1374"}],"wp:term":[{"taxonomy":"post_tag","embeddable":true,"href":"https:\/\/www.blackjackinfo.com\/de\/wp-json\/wp\/v2\/tags?post=1374"}],"curies":[{"name":"wp","href":"https:\/\/api.w.org\/{rel}","templated":true}]}}