{"id":1378,"date":"2014-12-13T11:40:39","date_gmt":"2014-12-13T17:40:39","guid":{"rendered":"http:\/\/test.blackjackinfo.com\/?page_id=1378"},"modified":"2018-09-06T01:25:19","modified_gmt":"2018-09-06T06:25:19","slug":"nachholwetten","status":"publish","type":"page","link":"https:\/\/www.blackjackinfo.com\/de\/blackjack-tournaments\/catch-up-bets\/","title":{"rendered":"Wie und wann man eine Nachholwette abschlie\u00dft"},"content":{"rendered":"<div class=\"bji-byline\">von <a href=\"\/ken-smith\/\">Kenneth R. Smith<\/a>.<\/div>\n<p class=\"intro\">Es kommt selten vor, dass man eine Blackjack-Turnierrunde gewinnt, ohne irgendwann eine Aufholwette abschlie\u00dfen zu m\u00fcssen. Die Entscheidung, wann und wie man die Chipleader an seinem Tisch einholt, ist daher die h\u00e4ufigste Entscheidung, die ein Spieler treffen muss, aber es ist auch eine Entscheidung, bei der viele Spieler grundlegende Fehler machen. In diesem Artikel geht es darum, wie Sie das richtige Spiel machen k\u00f6nnen.<\/p>\n<p>Erstens: Wie entscheiden Sie, wann Sie Ihren Zug machen sollten? Wenn die Chipleader an Ihrem Tisch noch innerhalb eines maximalen Einsatzes Ihrer Bankroll liegen, k\u00f6nnen Sie es sich normalerweise leisten, ein wenig zu warten und zu sehen, ob sie weiterhin hohe Eins\u00e4tze t\u00e4tigen. Wenn sie hohe Eins\u00e4tze machen, k\u00f6nnen Sie einen kleinen Einsatz machen und hoffen, dass der Dealer gewinnt. Nat\u00fcrlich werden Ihre Gegner in solchen Situationen oft ihren Vorsprung ausbauen. Der beste Weg, einen anderen Spieler zu \u00fcberrumpeln, ist jedoch, ihm gegen\u00fcber zu setzen. Solange die Chance besteht, dass das funktioniert, sollten Sie riskantere Spiele aufschieben.<\/p>\n<p>In der Regel reichen diese kleinen, wartenden Wetten so oder so nicht aus, um den Job zu erledigen. Wenn die f\u00fchrenden Spieler mit kleinen Eins\u00e4tzen beginnen und Sie noch innerhalb eines maximalen Einsatzes liegen, ist Ihre beste Chance, mit einem gro\u00dfen Einsatz die F\u00fchrung zu \u00fcbernehmen. Es ist viel besser, wenn Sie versuchen, die F\u00fchrung in einer Hand zur\u00fcckzuerobern, als zu hoffen, dass Sie mehrere der n\u00e4chsten H\u00e4nde mit mittleren Eins\u00e4tzen gewinnen. Wenn Sie mehrere Maximaleins\u00e4tze hinter dem F\u00fchrenden liegen, m\u00fcssen Sie Gl\u00fcck haben, um ihn einzuholen, indem Sie mehrere gro\u00dfe Eins\u00e4tze gewinnen. In diesen F\u00e4llen ist oft wenig Strategie erforderlich. Setzen Sie viel und hoffen Sie auf das Beste.<\/p>\n<p>Wenn Sie stattdessen Ihr Ziel mit einem Einsatz erreichen k\u00f6nnen, sollten Sie Ihren Einsatz zeitlich optimal abstimmen. Angenommen, Sie haben noch ein paar H\u00e4nde vor der letzten Runde \u00fcbrig, ist es in der Regel am besten, wenn Sie warten, bis der First-Base-Button Sie \u00fcberholt, bevor Sie Ihren Aufhol-Einsatz machen. Wenn Sie in der Lage sind, alle Eins\u00e4tze Ihrer Gegner zu sehen, bevor Sie Ihren gro\u00dfen Einsatz machen, k\u00f6nnen Sie genug setzen, um die F\u00fchrung zu \u00fcbernehmen, und nicht mehr. Wenn Sie gezwungen sind, Ihren Aufhol-Einsatz von einer anderen Position aus zu machen, m\u00fcssen Sie raten, was Ihre Gegner wahrscheinlich setzen werden. Noch schlimmer ist, dass Ihre Gegner Ihren Einsatz leicht \u00fcberbieten k\u00f6nnen, wenn sie sehen, dass Sie in F\u00fchrung gehen wollen.<\/p>\n<p>Manchmal haben Sie nicht den Luxus, darauf zu warten, dass der Button passt. In diesen F\u00e4llen sollten Sie versuchen zu erraten, was Ihre Gegner hinter Ihnen setzen werden. Wenn Sie die ganze Zeit auf ihre Eins\u00e4tze geachtet haben, haben Sie vielleicht ihre \"bevorzugte\" Einsatzh\u00f6he herausgefunden. Das ist eine wertvolle Information.<\/p>\n<p>Wie viel soll man nun setzen? Schauen wir uns ein Beispiel an.<\/p>\n<table class=\"data-table\">\n<tbody>\n<tr>\n<td>Platz 1:<\/td>\n<td>Banknotenrolle $850<\/td>\n<td>Wette $10<\/td>\n<\/tr>\n<tr>\n<td>Platz 2:<\/td>\n<td>Banknotenrolle $550<\/td>\n<td>Wette $100<\/td>\n<\/tr>\n<tr>\n<td>Platz 3:<\/td>\n<td>Banknotenrolle $320<\/td>\n<td>Wette $60<\/td>\n<\/tr>\n<tr>\n<td>Sitz 4 (Sie):<\/td>\n<td>Banknotenrolle $520<\/td>\n<td>Wette ?<\/td>\n<\/tr>\n<\/tbody>\n<\/table>\n<p>Angenommen, es sind noch 5 H\u00e4nde \u00fcbrig und die Einsatzlimits liegen zwischen $5 und $500.<\/p>\n<p>Der F\u00fchrende hat $850, was einen betr\u00e4chtlichen Vorsprung von $330 gegen\u00fcber Ihren $520 bedeutet. Da der F\u00fchrende einen kleinen Einsatz gemacht hat, ist dies ein guter Zeitpunkt, um einen gro\u00dfen Einsatz zu riskieren. Wie viel sollten Sie setzen? Ich habe schon Spieler gesehen, die hier $335 gesetzt haben und damit ihr Defizit plus einen Chip gesetzt haben. Das ist in Ordnung, wenn der F\u00fchrende pusht oder diese Hand verliert, w\u00e4hrend Sie gewinnen, aber das ist nicht das h\u00e4ufigste Ergebnis. Wenn Sie gewinnen, wird der f\u00fchrende Spieler wahrscheinlich auch gewinnen, da Sie beide gegen die gleichen Karten des Dealers spielen.<\/p>\n<p>Eine bessere Wette ist $345, so dass Sie, wenn Sie beide gewinnen, immer noch mit $5 f\u00fchren. Aber Sie k\u00f6nnen noch mehr tun. Da der F\u00fchrende so wenig gesetzt hat, k\u00f6nnen Sie leicht mehrere andere m\u00f6gliche Probleme abdecken. Wenn der F\u00fchrende einen Blackjack oder einen Double Down bekommt, ist der Einsatz von $345 zu gering. Warum nicht ein paar Chips mehr setzen, um diese M\u00f6glichkeiten abzudecken?<\/p>\n<p>Generell gilt: Wenn Sie den Double-Down-Einsatz Ihres Gegners mit ein paar Chips mehr decken k\u00f6nnen, sollten Sie das tun. Mir gef\u00e4llt hier ein Einsatz von $355, und ich k\u00f6nnte auch $365 oder $375 in Betracht ziehen. Diese Betr\u00e4ge decken mehrere Splits oder Verdopplungen nach dem Split ab. Es ist jedoch unwahrscheinlich, dass ein Gegner mehr als das Doppelte seines urspr\u00fcnglichen Einsatzes gewinnt, daher ist $355 wahrscheinlich meine Wahl, es sei denn, ich habe noch Chips \u00fcbrig.<\/p>\n<p>Lassen Sie uns nun einen wichtigen Teil unseres Beispiels \u00e4ndern. Nehmen wir stattdessen an, dass dies die vorletzte Hand der Runde ist. Was ist nun der beste Einsatz? Das ist nicht dasselbe, denn der Wert Ihrer nicht gesetzten Chips ist jetzt ganz anders. Wenn Sie einen Einsatz von $355 verlieren, haben Sie nur noch $165. $165 sind in der letzten Hand nutzlos, es sei denn, Ihre Gegner machen einen gro\u00dfen Fehler. Wenn Sie durch den Verlust einer Wette in eine aussichtslose Situation geraten, sollten Sie einen Maximaleinsatz t\u00e4tigen. Ihr bester Einsatz f\u00fcr das vorletzte Blatt ist ein Maximaleinsatz von $500. Wenn Sie das Blatt gewinnen m\u00fcssen, um eine Chance zu haben, sollten Sie sich so viel wie m\u00f6glich daf\u00fcr auszahlen lassen. Die zus\u00e4tzlichen Chips, die Sie gewinnen, k\u00f6nnen f\u00fcr das letzte Blatt entscheidend sein.<\/p>\n<p>Wir sehen uns an den Tischen,<br \/>\n-Ken-<\/p>\n<hr \/>\n<p>Weitere Artikel \u00fcber Blackjack-Turniere und Turnierstrategien findest du hier:<br \/>\nR\u00fcckkehr zum <a href=\"\/blackjack-tournaments\/\">Abschnitt Blackjack-Turniere<\/a>, oder<br \/>\nWeiter zum n\u00e4chsten Artikel <a href=\"\/blackjack-tournament\/free-hits\/\">Freie Treffer beim Turnier-Blackjack<\/a>.<\/p>","protected":false},"excerpt":{"rendered":"<p>by Kenneth R Smith. It is rare to win a blackjack tournament round without having to make a catch-up bet somewhere along the way. Deciding when and how to catch the chip leaders at your table is therefore the most common decision a player must make, but it&#8217;s also a decision where many players make [&hellip;]<\/p>\n","protected":false},"author":2,"featured_media":0,"parent":1052,"menu_order":4,"comment_status":"open","ping_status":"closed","template":"page-with-sidebar.php","meta":{"_acf_changed":false,"footnotes":""},"tags":[],"class_list":["post-1378","page","type-page","status-publish","hentry"],"acf":[],"yoast_head":"<!-- This site is optimized with the Yoast SEO plugin v26.6 - https:\/\/yoast.com\/wordpress\/plugins\/seo\/ -->\n<title>How and When to Make a Catch-Up Bet<\/title>\n<meta name=\"description\" content=\"When you need to catch the leaders in a blackjack tournament round, Ken Smith shows how to time your bet for maximum effectiveness.\" \/>\n<meta name=\"robots\" content=\"index, follow, max-snippet:-1, max-image-preview:large, max-video-preview:-1\" \/>\n<link rel=\"canonical\" href=\"https:\/\/www.blackjackinfo.com\/de\/blackjack-turniere\/nachholwetten\/\" \/>\n<meta property=\"og:locale\" content=\"de_DE\" \/>\n<meta property=\"og:type\" content=\"article\" \/>\n<meta property=\"og:title\" content=\"How and When to Make a Catch-Up Bet\" \/>\n<meta property=\"og:description\" content=\"When you need to catch the leaders in a blackjack tournament round, Ken Smith shows how to time your bet for maximum effectiveness.\" \/>\n<meta property=\"og:url\" content=\"https:\/\/www.blackjackinfo.com\/de\/blackjack-turniere\/nachholwetten\/\" \/>\n<meta property=\"og:site_name\" content=\"BlackjackInfo.com\" \/>\n<meta property=\"article:modified_time\" content=\"2018-09-06T06:25:19+00:00\" \/>\n<meta name=\"twitter:label1\" content=\"Gesch\u00e4tzte Lesezeit\" \/>\n\t<meta name=\"twitter:data1\" content=\"4\u00a0Minuten\" \/>\n<script type=\"application\/ld+json\" class=\"yoast-schema-graph\">{\"@context\":\"https:\/\/schema.org\",\"@graph\":[{\"@type\":\"WebPage\",\"@id\":\"https:\/\/www.blackjackinfo.com\/blackjack-tournaments\/catch-up-bets\/\",\"url\":\"https:\/\/www.blackjackinfo.com\/blackjack-tournaments\/catch-up-bets\/\",\"name\":\"How and When to Make a Catch-Up Bet\",\"isPartOf\":{\"@id\":\"https:\/\/www.blackjackinfo.com\/#website\"},\"datePublished\":\"2014-12-13T17:40:39+00:00\",\"dateModified\":\"2018-09-06T06:25:19+00:00\",\"description\":\"When you need to catch the leaders in a blackjack tournament round, Ken Smith shows how to time your bet for maximum effectiveness.\",\"breadcrumb\":{\"@id\":\"https:\/\/www.blackjackinfo.com\/blackjack-tournaments\/catch-up-bets\/#breadcrumb\"},\"inLanguage\":\"de\",\"potentialAction\":[{\"@type\":\"ReadAction\",\"target\":[\"https:\/\/www.blackjackinfo.com\/blackjack-tournaments\/catch-up-bets\/\"]}]},{\"@type\":\"BreadcrumbList\",\"@id\":\"https:\/\/www.blackjackinfo.com\/blackjack-tournaments\/catch-up-bets\/#breadcrumb\",\"itemListElement\":[{\"@type\":\"ListItem\",\"position\":1,\"name\":\"Home\",\"item\":\"https:\/\/www.blackjackinfo.com\/\"},{\"@type\":\"ListItem\",\"position\":2,\"name\":\"Blackjack Tournament Strategy\",\"item\":\"https:\/\/www.blackjackinfo.com\/blackjack-tournaments\/\"},{\"@type\":\"ListItem\",\"position\":3,\"name\":\"How and When to Make a Catch-Up Bet\"}]},{\"@type\":\"WebSite\",\"@id\":\"https:\/\/www.blackjackinfo.com\/#website\",\"url\":\"https:\/\/www.blackjackinfo.com\/\",\"name\":\"BlackjackInfo.com\",\"description\":\"Because Winning is More Fun!\",\"potentialAction\":[{\"@type\":\"SearchAction\",\"target\":{\"@type\":\"EntryPoint\",\"urlTemplate\":\"https:\/\/www.blackjackinfo.com\/?s={search_term_string}\"},\"query-input\":{\"@type\":\"PropertyValueSpecification\",\"valueRequired\":true,\"valueName\":\"search_term_string\"}}],\"inLanguage\":\"de\"}]}<\/script>\n<!-- \/ Yoast SEO plugin. -->","yoast_head_json":{"title":"Wie und wann man eine Nachholwette abschlie\u00dft","description":"Wenn Sie in einer Blackjack-Turnierrunde die f\u00fchrenden Spieler erwischen m\u00fcssen, zeigt Ihnen Ken Smith, wie Sie Ihren Einsatz zeitlich optimal gestalten k\u00f6nnen.","robots":{"index":"index","follow":"follow","max-snippet":"max-snippet:-1","max-image-preview":"max-image-preview:large","max-video-preview":"max-video-preview:-1"},"canonical":"https:\/\/www.blackjackinfo.com\/de\/blackjack-turniere\/nachholwetten\/","og_locale":"de_DE","og_type":"article","og_title":"How and When to Make a Catch-Up Bet","og_description":"When you need to catch the leaders in a blackjack tournament round, Ken Smith shows how to time your bet for maximum effectiveness.","og_url":"https:\/\/www.blackjackinfo.com\/de\/blackjack-turniere\/nachholwetten\/","og_site_name":"BlackjackInfo.com","article_modified_time":"2018-09-06T06:25:19+00:00","twitter_misc":{"Gesch\u00e4tzte Lesezeit":"4\u00a0Minuten"},"schema":{"@context":"https:\/\/schema.org","@graph":[{"@type":"WebPage","@id":"https:\/\/www.blackjackinfo.com\/blackjack-tournaments\/catch-up-bets\/","url":"https:\/\/www.blackjackinfo.com\/blackjack-tournaments\/catch-up-bets\/","name":"Wie und wann man eine Nachholwette abschlie\u00dft","isPartOf":{"@id":"https:\/\/www.blackjackinfo.com\/#website"},"datePublished":"2014-12-13T17:40:39+00:00","dateModified":"2018-09-06T06:25:19+00:00","description":"Wenn Sie in einer Blackjack-Turnierrunde die f\u00fchrenden Spieler erwischen m\u00fcssen, zeigt Ihnen Ken Smith, wie Sie Ihren Einsatz zeitlich optimal gestalten k\u00f6nnen.","breadcrumb":{"@id":"https:\/\/www.blackjackinfo.com\/blackjack-tournaments\/catch-up-bets\/#breadcrumb"},"inLanguage":"de","potentialAction":[{"@type":"ReadAction","target":["https:\/\/www.blackjackinfo.com\/blackjack-tournaments\/catch-up-bets\/"]}]},{"@type":"BreadcrumbList","@id":"https:\/\/www.blackjackinfo.com\/blackjack-tournaments\/catch-up-bets\/#breadcrumb","itemListElement":[{"@type":"ListItem","position":1,"name":"Home","item":"https:\/\/www.blackjackinfo.com\/"},{"@type":"ListItem","position":2,"name":"Blackjack Tournament Strategy","item":"https:\/\/www.blackjackinfo.com\/blackjack-tournaments\/"},{"@type":"ListItem","position":3,"name":"How and When to Make a Catch-Up Bet"}]},{"@type":"WebSite","@id":"https:\/\/www.blackjackinfo.com\/#website","url":"https:\/\/www.blackjackinfo.com\/","name":"BlackjackInfo.de","description":"Denn Gewinnen macht mehr Spa\u00df!","potentialAction":[{"@type":"SearchAction","target":{"@type":"EntryPoint","urlTemplate":"https:\/\/www.blackjackinfo.com\/?s={search_term_string}"},"query-input":{"@type":"PropertyValueSpecification","valueRequired":true,"valueName":"search_term_string"}}],"inLanguage":"de"}]}},"_links":{"self":[{"href":"https:\/\/www.blackjackinfo.com\/de\/wp-json\/wp\/v2\/pages\/1378","targetHints":{"allow":["GET"]}}],"collection":[{"href":"https:\/\/www.blackjackinfo.com\/de\/wp-json\/wp\/v2\/pages"}],"about":[{"href":"https:\/\/www.blackjackinfo.com\/de\/wp-json\/wp\/v2\/types\/page"}],"author":[{"embeddable":true,"href":"https:\/\/www.blackjackinfo.com\/de\/wp-json\/wp\/v2\/users\/2"}],"replies":[{"embeddable":true,"href":"https:\/\/www.blackjackinfo.com\/de\/wp-json\/wp\/v2\/comments?post=1378"}],"version-history":[{"count":7,"href":"https:\/\/www.blackjackinfo.com\/de\/wp-json\/wp\/v2\/pages\/1378\/revisions"}],"predecessor-version":[{"id":4587,"href":"https:\/\/www.blackjackinfo.com\/de\/wp-json\/wp\/v2\/pages\/1378\/revisions\/4587"}],"up":[{"embeddable":true,"href":"https:\/\/www.blackjackinfo.com\/de\/wp-json\/wp\/v2\/pages\/1052"}],"wp:attachment":[{"href":"https:\/\/www.blackjackinfo.com\/de\/wp-json\/wp\/v2\/media?parent=1378"}],"wp:term":[{"taxonomy":"post_tag","embeddable":true,"href":"https:\/\/www.blackjackinfo.com\/de\/wp-json\/wp\/v2\/tags?post=1378"}],"curies":[{"name":"wp","href":"https:\/\/api.w.org\/{rel}","templated":true}]}}