{"id":1390,"date":"2014-12-13T11:55:19","date_gmt":"2014-12-13T17:55:19","guid":{"rendered":"http:\/\/test.blackjackinfo.com\/?page_id=1390"},"modified":"2018-09-06T01:26:35","modified_gmt":"2018-09-06T06:26:35","slug":"verdoppelung-fur-weniger","status":"publish","type":"page","link":"https:\/\/www.blackjackinfo.com\/de\/blackjack-tournaments\/doubling-for-less\/","title":{"rendered":"Verdoppeln f\u00fcr weniger, eine m\u00e4chtige Turnierstrategie"},"content":{"rendered":"<div class=\"bji-byline\">von <a href=\"\/ken-smith\/\">Kenneth R. Smith<\/a>.<\/div>\n<p class=\"intro\">Beim Casino Blackjack unterscheiden sich die Regeln f\u00fcr das Verdoppeln und das Teilen in einem entscheidenden Punkt. Beide Regeln erlauben es dem Spieler, seinen Einsatz zu erh\u00f6hen, nachdem die ersten Karten ausgeteilt wurden. Beim Splitting muss der Spieler jedoch den gleichen Betrag wie beim urspr\u00fcnglichen Einsatz auf die zweite Hand setzen, w\u00e4hrend es beim Verdoppeln keine solche Einschr\u00e4nkung gibt. Das Casino wird dir gerne erlauben, \"f\u00fcr weniger zu verdoppeln\", indem du einen geringeren Betrag als den urspr\u00fcnglichen Einsatz hinzuf\u00fcgst und im Gegenzug nur eine zus\u00e4tzliche Karte ziehst. Das ist nicht verwunderlich, denn f\u00fcr weniger zu verdoppeln ist nie die richtige Strategie f\u00fcr einen Spieler bei einem regul\u00e4ren Spiel. Wenn es von Vorteil ist, zu verdoppeln, ist es am besten, so viel Geld wie m\u00f6glich auf den Tisch zu bringen. Denk daran, dass du damit auch die M\u00f6glichkeit aufgibst, mehr als eine Karte auf die Hand zu nehmen.<\/p>\n<p>W\u00e4hrend es in einem Live-Spiel immer ein Fehler ist, f\u00fcr weniger zu verdoppeln, ist das bei Turnieren anders. Richtig eingesetzt, ist das Verdoppeln f\u00fcr weniger eine m\u00e4chtige Technik, mit der du dir einen zus\u00e4tzlichen Vorteil gegen\u00fcber deinen Gegnern verschaffen kannst. In diesem Artikel sehen wir uns zwei Beispiele daf\u00fcr an, wann es angebracht ist.<\/p>\n<p>In der <a href=\"\/blackjack-tournaments\/tournament-position\/\">Artikel \u00fcber Position<\/a>In meinem Artikel \u00fcber die Bedeutung der Position bei Turnieren habe ich darauf hingewiesen, dass die Spieler auf der linken Seite eine gr\u00f6\u00dfere Gefahr darstellen als die Spieler auf der rechten Seite. Der Grund daf\u00fcr ist einfach. Bei den meisten H\u00e4nden sehen die Spieler\/innen zu deiner Linken deinen Einsatz und deine Spielentscheidungen, bevor sie ihre eigenen Entscheidungen treffen. Daher kann es wertvoll sein, eine zweite Gelegenheit zu haben, den Betrag deines Einsatzes zu \u00e4ndern. Das bedeutet, dass Verdoppeln und Teilen n\u00fctzlicher sind als bei einem normalen Tischspiel.<\/p>\n<h2 class=\"text-center\">Beispiel 1: Eine Chance auf die F\u00fchrung stehlen<\/h2>\n<p>Stell dir vor, du liegst mit $50 hinter einem Spieler zu deiner Linken zur\u00fcck und die Runde neigt sich dem Ende zu. Wenn du es dir nicht leisten kannst, zu warten, bis der Button an dir vorbeizieht, um in F\u00fchrung zu gehen, kann eine Verdopplung oder ein Splitting deine beste Chance sein. Nehmen wir an, du setzt $100 und dein Gegner macht den gleichen Einsatz wie du. Die Karten werden ausgeteilt und du hast eine harte 12, er hat eine harte 18 und der Geber zeigt eine 4 als Upcard. Das ist eine Situation, in der du aus strategischer Sicht stehen bleiben solltest. Es ist aber auch eine gute Gelegenheit, deinem Gegner die F\u00fchrung zu entrei\u00dfen. Indem du deine 12 verdoppelst, kannst du bei Erfolg die F\u00fchrung \u00fcbernehmen. Da dies jedoch in der Regel ein schlechtes Spiel ist, solltest du f\u00fcr so wenig wie m\u00f6glich verdoppeln, um dein Ziel zu erreichen. In diesem Fall ist eine Verdopplung f\u00fcr $55 oder $60 angemessen.<\/p>\n<p>Das kann ein starkes Spiel sein, aber es gibt mehrere Faktoren, die du beachten solltest, bevor du den Abzug f\u00fcr die Verdopplung dr\u00fcckst. Wie viele H\u00e4nde sind noch \u00fcbrig? Wie viele H\u00e4nde wird er hinter dir setzen? Wie hoch ist der maximale Einsatz und wie hoch sind die Bankrolls? Der vielleicht wichtigste Faktor ist die Frage, wie sehr sich ein verlorener Swing auf deine Chancen auswirken w\u00fcrde. Wenn du die 12 bustest und der Dealer hinter dir bustet, liegst du jetzt $305 zur\u00fcck. Wenn der Maximaleinsatz $300 betr\u00e4gt, ist das ein schreckliches Handicap, und wenn die Runde nicht schon fast vorbei ist, solltest du diese Chance vielleicht auslassen und auf eine bessere Chance sp\u00e4ter hoffen. Liegt der Maximaleinsatz hingegen bei $1000 und ihr habt beide gen\u00fcgend Chips, dann ist ein R\u00fcckstand von $305 kein gro\u00dfes Problem und es ist wahrscheinlich ein guter Zeitpunkt, um eine Chance zu nutzen.<\/p>\n<p>Beachte, dass die gleichen Faktoren auch f\u00fcr deinen Gegner gelten, nachdem du verdoppelt hast. Wenn es dir gelingt, eine gute Karte auf die Hand zu bekommen, k\u00f6nnte er in Betracht ziehen, seine harten 18 hinter dir zu verdoppeln. Das ist zwar fast ein sicherer Verlierer, aber wenn ein negativer Swing keine gro\u00dfe Sache ist, k\u00f6nnte es das richtige Spiel f\u00fcr ihn sein.<\/p>\n<h2 class=\"text-center\">Beispiel 2: Zwinge deinen Gegner zu einer Entscheidung<\/h2>\n<p>Hier ist eine m\u00e4chtige Technik, die ich noch nie in der Presse gesehen habe. Obwohl sie unter Turnierprofis nicht unbekannt ist, habe ich nur sehr wenige Spieler gesehen, die sie anwenden, obwohl die Situation ziemlich h\u00e4ufig vorkommt.<\/p>\n<p>Zur\u00fcck am Tisch liegst du immer noch $50 hinter Lefty zur\u00fcck, aber jetzt ist die letzte Hand dran. Du hast $250 gesetzt, und Lefty passt. Du hast eine 11, Lefty hat ein Paar Bildkarten und der Geber zeigt eine 8. Du hast eine grundlegende Strategie, um zu verdoppeln, und es ist ziemlich offensichtlich, dass du verdoppeln solltest, wenn du eine vern\u00fcnftige Chance haben willst, die Runde zu gewinnen. Im letzten Beispiel hatten wir einen schlechten Double-Down und wollten die Kosten minimieren, indem wir f\u00fcr weniger verdoppeln.<\/p>\n<p>Dieses Mal w\u00fcrden sich die meisten Spieler mit einer soliden Grundstrategie daf\u00fcr entscheiden, f\u00fcr den vollen Betrag zu verdoppeln. Das w\u00e4re ein gro\u00dfer Fehler! \u00dcberlege dir, was passiert, wenn du bei deinem Pasch eine schlechte Karte ziehst. Wenn dein Pasch mit einer Summe von weniger als 17 Punkten endet, kann Lefty dir jetzt jede Chance auf einen Gewinn nehmen. Er kann die Bildkarten teilen, auf einem Stiff stehen bleiben und du hast keine Chance, die Runde zu gewinnen. Das war's!<\/p>\n<p>Um diese M\u00f6glichkeit auszuschlie\u00dfen, solltest du f\u00fcr weniger verdoppeln. Wenn du f\u00fcr irgendetwas zwischen $55 und $195 verdoppelst, hast du deinen Gegner vor eine schwierige Wahl gestellt. Er kann dich nicht mehr mit einem Split aussperren. Wenn er splittet und der Geber euch beide schl\u00e4gt, kommst du jetzt an seiner Stelle weiter. Da er nicht f\u00fcr weniger splitten kann, zwingst du ihn dazu, zwischen \"First High\" und \"First Low\" zu w\u00e4hlen. Er muss sich entscheiden, ob er dich oder den Geber gewinnen lassen will, da er nicht beides machen kann. Und das alles, nur weil du f\u00fcr weniger als den vollen Betrag verdoppelt hast.<\/p>\n<p>Diese Taktik wirkt Wunder, egal, welche Upcard der Dealer hat, und fast egal, was du bei deinem Double-Down ziehst. F\u00fcr weniger zu verdoppeln ist fast immer besser als f\u00fcr den vollen Betrag zu verdoppeln, wenn dein Gegner ein Paar hat, das er lieber teilen w\u00fcrde, als zu verdoppeln.<\/p>\n<p>Dies ist ein m\u00e4chtiger Spielzug, der oft genug vorkommt, um einen Namen zu verdienen. Da ich noch nie gesehen habe, dass er von anderen Autoren erw\u00e4hnt wurde, wage ich den Versuch und taufe ihn \"Ken's Quandary\" (Kens Zwickm\u00fchle), wobei die Zwickm\u00fchle die deines Gegners ist, nachdem du verdoppelt hast. Es gibt nur wenige Spielz\u00fcge, die ein gr\u00f6\u00dferes Grinsen auf der anderen Seite des Tisches hervorrufen.<\/p>\n<p>Viel Gl\u00fcck da drau\u00dfen, -Ken-.<\/p>\n<hr \/>\n<p>Weitere Artikel \u00fcber Blackjack-Turniere und Turnierstrategien findest du hier:<br \/>\nR\u00fcckkehr zum <a href=\"\/blackjack-tournaments\/\">Abschnitt Blackjack-Turniere<\/a>, oder<br \/>\nWeiter zum n\u00e4chsten Artikel <a href=\"\/blackjack-tournaments\/the-rule-of-2-4-and-5\/\">Die Regel der 2, 4 und 5<\/a>.<\/p>","protected":false},"excerpt":{"rendered":"<p>by Kenneth R Smith. In casino blackjack, the rules for doubling and splitting have one key difference. While both of these rules allow a player to increase his wager after the initial cards are dealt, splitting specifically requires the player to match the original bet amount with an equal wager on the second hand, while [&hellip;]<\/p>\n","protected":false},"author":2,"featured_media":0,"parent":1052,"menu_order":6,"comment_status":"open","ping_status":"closed","template":"page-with-sidebar.php","meta":{"_acf_changed":false,"footnotes":""},"tags":[],"class_list":["post-1390","page","type-page","status-publish","hentry"],"acf":[],"yoast_head":"<!-- This site is optimized with the Yoast SEO plugin v26.6 - https:\/\/yoast.com\/wordpress\/plugins\/seo\/ -->\n<title>Doubling For Less, A Powerful Tournament Strategy<\/title>\n<meta name=\"description\" content=\"Doubling for less is almost always a mistake at blackjack, but that&#039;s not true in tournament blackjack. Ken Smith explains how this can be a powerful tool.\" \/>\n<meta name=\"robots\" content=\"index, follow, max-snippet:-1, max-image-preview:large, max-video-preview:-1\" \/>\n<link rel=\"canonical\" href=\"https:\/\/www.blackjackinfo.com\/de\/blackjack-turniere\/verdoppelung-fur-weniger\/\" \/>\n<meta property=\"og:locale\" content=\"de_DE\" \/>\n<meta property=\"og:type\" content=\"article\" \/>\n<meta property=\"og:title\" content=\"Doubling For Less, A Powerful Tournament Strategy\" \/>\n<meta property=\"og:description\" content=\"Doubling for less is almost always a mistake at blackjack, but that&#039;s not true in tournament blackjack. Ken Smith explains how this can be a powerful tool.\" \/>\n<meta property=\"og:url\" content=\"https:\/\/www.blackjackinfo.com\/de\/blackjack-turniere\/verdoppelung-fur-weniger\/\" \/>\n<meta property=\"og:site_name\" content=\"BlackjackInfo.com\" \/>\n<meta property=\"article:modified_time\" content=\"2018-09-06T06:26:35+00:00\" \/>\n<meta name=\"twitter:label1\" content=\"Gesch\u00e4tzte Lesezeit\" \/>\n\t<meta name=\"twitter:data1\" content=\"5\u00a0Minuten\" \/>\n<script type=\"application\/ld+json\" class=\"yoast-schema-graph\">{\"@context\":\"https:\/\/schema.org\",\"@graph\":[{\"@type\":\"WebPage\",\"@id\":\"https:\/\/www.blackjackinfo.com\/blackjack-tournaments\/doubling-for-less\/\",\"url\":\"https:\/\/www.blackjackinfo.com\/blackjack-tournaments\/doubling-for-less\/\",\"name\":\"Doubling For Less, A Powerful Tournament Strategy\",\"isPartOf\":{\"@id\":\"https:\/\/www.blackjackinfo.com\/#website\"},\"datePublished\":\"2014-12-13T17:55:19+00:00\",\"dateModified\":\"2018-09-06T06:26:35+00:00\",\"description\":\"Doubling for less is almost always a mistake at blackjack, but that's not true in tournament blackjack. Ken Smith explains how this can be a powerful tool.\",\"breadcrumb\":{\"@id\":\"https:\/\/www.blackjackinfo.com\/blackjack-tournaments\/doubling-for-less\/#breadcrumb\"},\"inLanguage\":\"de\",\"potentialAction\":[{\"@type\":\"ReadAction\",\"target\":[\"https:\/\/www.blackjackinfo.com\/blackjack-tournaments\/doubling-for-less\/\"]}]},{\"@type\":\"BreadcrumbList\",\"@id\":\"https:\/\/www.blackjackinfo.com\/blackjack-tournaments\/doubling-for-less\/#breadcrumb\",\"itemListElement\":[{\"@type\":\"ListItem\",\"position\":1,\"name\":\"Home\",\"item\":\"https:\/\/www.blackjackinfo.com\/\"},{\"@type\":\"ListItem\",\"position\":2,\"name\":\"Blackjack Tournament Strategy\",\"item\":\"https:\/\/www.blackjackinfo.com\/blackjack-tournaments\/\"},{\"@type\":\"ListItem\",\"position\":3,\"name\":\"Doubling For Less, A Powerful Tournament Strategy\"}]},{\"@type\":\"WebSite\",\"@id\":\"https:\/\/www.blackjackinfo.com\/#website\",\"url\":\"https:\/\/www.blackjackinfo.com\/\",\"name\":\"BlackjackInfo.com\",\"description\":\"Because Winning is More Fun!\",\"potentialAction\":[{\"@type\":\"SearchAction\",\"target\":{\"@type\":\"EntryPoint\",\"urlTemplate\":\"https:\/\/www.blackjackinfo.com\/?s={search_term_string}\"},\"query-input\":{\"@type\":\"PropertyValueSpecification\",\"valueRequired\":true,\"valueName\":\"search_term_string\"}}],\"inLanguage\":\"de\"}]}<\/script>\n<!-- \/ Yoast SEO plugin. -->","yoast_head_json":{"title":"Verdoppeln f\u00fcr weniger, eine m\u00e4chtige Turnierstrategie","description":"F\u00fcr weniger zu verdoppeln ist beim Blackjack fast immer ein Fehler, aber beim Turnier-Blackjack ist das nicht so. Ken Smith erkl\u00e4rt, wie dies ein m\u00e4chtiges Werkzeug sein kann.","robots":{"index":"index","follow":"follow","max-snippet":"max-snippet:-1","max-image-preview":"max-image-preview:large","max-video-preview":"max-video-preview:-1"},"canonical":"https:\/\/www.blackjackinfo.com\/de\/blackjack-turniere\/verdoppelung-fur-weniger\/","og_locale":"de_DE","og_type":"article","og_title":"Doubling For Less, A Powerful Tournament Strategy","og_description":"Doubling for less is almost always a mistake at blackjack, but that's not true in tournament blackjack. Ken Smith explains how this can be a powerful tool.","og_url":"https:\/\/www.blackjackinfo.com\/de\/blackjack-turniere\/verdoppelung-fur-weniger\/","og_site_name":"BlackjackInfo.com","article_modified_time":"2018-09-06T06:26:35+00:00","twitter_misc":{"Gesch\u00e4tzte Lesezeit":"5\u00a0Minuten"},"schema":{"@context":"https:\/\/schema.org","@graph":[{"@type":"WebPage","@id":"https:\/\/www.blackjackinfo.com\/blackjack-tournaments\/doubling-for-less\/","url":"https:\/\/www.blackjackinfo.com\/blackjack-tournaments\/doubling-for-less\/","name":"Verdoppeln f\u00fcr weniger, eine m\u00e4chtige Turnierstrategie","isPartOf":{"@id":"https:\/\/www.blackjackinfo.com\/#website"},"datePublished":"2014-12-13T17:55:19+00:00","dateModified":"2018-09-06T06:26:35+00:00","description":"F\u00fcr weniger zu verdoppeln ist beim Blackjack fast immer ein Fehler, aber beim Turnier-Blackjack ist das nicht so. Ken Smith erkl\u00e4rt, wie dies ein m\u00e4chtiges Werkzeug sein kann.","breadcrumb":{"@id":"https:\/\/www.blackjackinfo.com\/blackjack-tournaments\/doubling-for-less\/#breadcrumb"},"inLanguage":"de","potentialAction":[{"@type":"ReadAction","target":["https:\/\/www.blackjackinfo.com\/blackjack-tournaments\/doubling-for-less\/"]}]},{"@type":"BreadcrumbList","@id":"https:\/\/www.blackjackinfo.com\/blackjack-tournaments\/doubling-for-less\/#breadcrumb","itemListElement":[{"@type":"ListItem","position":1,"name":"Home","item":"https:\/\/www.blackjackinfo.com\/"},{"@type":"ListItem","position":2,"name":"Blackjack Tournament Strategy","item":"https:\/\/www.blackjackinfo.com\/blackjack-tournaments\/"},{"@type":"ListItem","position":3,"name":"Doubling For Less, A Powerful Tournament Strategy"}]},{"@type":"WebSite","@id":"https:\/\/www.blackjackinfo.com\/#website","url":"https:\/\/www.blackjackinfo.com\/","name":"BlackjackInfo.de","description":"Denn Gewinnen macht mehr Spa\u00df!","potentialAction":[{"@type":"SearchAction","target":{"@type":"EntryPoint","urlTemplate":"https:\/\/www.blackjackinfo.com\/?s={search_term_string}"},"query-input":{"@type":"PropertyValueSpecification","valueRequired":true,"valueName":"search_term_string"}}],"inLanguage":"de"}]}},"_links":{"self":[{"href":"https:\/\/www.blackjackinfo.com\/de\/wp-json\/wp\/v2\/pages\/1390","targetHints":{"allow":["GET"]}}],"collection":[{"href":"https:\/\/www.blackjackinfo.com\/de\/wp-json\/wp\/v2\/pages"}],"about":[{"href":"https:\/\/www.blackjackinfo.com\/de\/wp-json\/wp\/v2\/types\/page"}],"author":[{"embeddable":true,"href":"https:\/\/www.blackjackinfo.com\/de\/wp-json\/wp\/v2\/users\/2"}],"replies":[{"embeddable":true,"href":"https:\/\/www.blackjackinfo.com\/de\/wp-json\/wp\/v2\/comments?post=1390"}],"version-history":[{"count":2,"href":"https:\/\/www.blackjackinfo.com\/de\/wp-json\/wp\/v2\/pages\/1390\/revisions"}],"predecessor-version":[{"id":4589,"href":"https:\/\/www.blackjackinfo.com\/de\/wp-json\/wp\/v2\/pages\/1390\/revisions\/4589"}],"up":[{"embeddable":true,"href":"https:\/\/www.blackjackinfo.com\/de\/wp-json\/wp\/v2\/pages\/1052"}],"wp:attachment":[{"href":"https:\/\/www.blackjackinfo.com\/de\/wp-json\/wp\/v2\/media?parent=1390"}],"wp:term":[{"taxonomy":"post_tag","embeddable":true,"href":"https:\/\/www.blackjackinfo.com\/de\/wp-json\/wp\/v2\/tags?post=1390"}],"curies":[{"name":"wp","href":"https:\/\/api.w.org\/{rel}","templated":true}]}}