{"id":1392,"date":"2014-12-13T11:57:29","date_gmt":"2014-12-13T17:57:29","guid":{"rendered":"http:\/\/test.blackjackinfo.com\/?page_id=1392"},"modified":"2018-09-06T01:27:17","modified_gmt":"2018-09-06T06:27:17","slug":"die-regel-von-2-4-und-5","status":"publish","type":"page","link":"https:\/\/www.blackjackinfo.com\/de\/blackjack-tournaments\/the-rule-of-2-4-and-5\/","title":{"rendered":"Die m\u00e4chtige Regel der 2, 4 und 5"},"content":{"rendered":"<div class=\"bji-byline\">von <a href=\"\/ken-smith\/\">Kenneth R. Smith<\/a>.<\/div>\n<p class=\"intro\">Vor einigen Jahren habe ich in einem Artikel in der Zeitschrift Blackjack Confidential zum ersten Mal eine Idee vorgestellt, die sich als eine der n\u00fctzlichsten Abk\u00fcrzungen f\u00fcr Turnierstrategien erwiesen hat, die ich kenne. Die \"2er-, 4er- und 5er-Regel\" erm\u00f6glicht es Ihnen, in vielen Situationen, in denen Sie hinter dem Tischf\u00fchrer liegen, aber vor ihm setzen m\u00fcssen, schnell einen optimalen Einsatz zu bestimmen. Dieses Tool geh\u00f6rt in die Trickkiste eines jeden Turnierspielers und verdient einen weiteren Blick. Und wenn ich schon dabei bin, f\u00fcge ich noch ein paar weitere Punkte hinzu.<\/p>\n<p>Einer der frustrierendsten Momente an einem Turniertisch ist, wenn Sie in der Chipanzahl zur\u00fcckliegen und vor dem Leader setzen. Egal, was Sie setzen, der F\u00fchrende hat die M\u00f6glichkeit, Ihren Einsatz in etwa auszugleichen und sowohl das High als auch das Low f\u00fcr diese Hand zu ergattern. Wenn dann noch eine Turnierregel hinzukommt, die die Bedenkzeit vor dem Setzen begrenzt, kann es schwierig werden, einen guten Einsatz zu machen. Zum Gl\u00fcck gibt es eine gro\u00dfartige Abk\u00fcrzung, mit der Sie eine Einsatzh\u00f6he w\u00e4hlen k\u00f6nnen, die Ihre Chancen, den Leader zu \u00fcberholen, maximiert, ohne dass Sie viele Berechnungen anstellen m\u00fcssen.<\/p>\n<p>Wie \u00fcblich werden wir hier einige konkrete Beispiele verwenden, also machen Sie sich ein wenig Gedanken. Stellen wir uns vor, unser Turnier erlaubt Einsatzlimits von $5 bis $1000, und wir liegen mit $2000 Chips hinter dem F\u00fchrenden zur\u00fcck, verglichen mit seinen $2050. Die gute Nachricht ist, dass wir nur $50 von der F\u00fchrung entfernt sind. Die schlechte Nachricht ist, dass der F\u00fchrende unseren Einsatz leicht \u00fcberbieten kann, da wir \"on the button\" sind und zuerst setzen m\u00fcssen. Der Dealer wartet auf Ihre Wettentscheidung und die Zeit l\u00e4uft ab. Wie k\u00f6nnen Sie die beste Einsatzh\u00f6he bestimmen? Wenn noch einige H\u00e4nde in der Runde zu spielen sind, w\u00e4re es sch\u00f6n, hier in F\u00fchrung zu gehen, aber wir wollen nicht mehr Chips riskieren, als n\u00f6tig sind, um der Sache zu helfen.<\/p>\n<p>Da der F\u00fchrende hinter Ihnen mit Ihrem Einsatz gleichziehen kann, k\u00f6nnen Sie ihn nicht mit einem einzigen Einsatz \u00fcberholen, es sei denn, er macht einen Wettfehler oder Sie erhalten bessere Karten. Mit den Optionen Verdoppeln, Teilen und Blackjack haben Sie jedoch zus\u00e4tzliche M\u00f6glichkeiten, den F\u00fchrenden zu \u00fcberholen. Schauen wir uns ein paar dieser M\u00f6glichkeiten an.<\/p>\n<p>Sein optimaler Einsatz wird wahrscheinlich das sein, was Sie setzen, plus fast seinen gesamten Vorsprung.<\/p>\n<p>\u00dcberlegen Sie zun\u00e4chst, wie viel der f\u00fchrende Spieler hinter Ihnen setzen kann. Sein optimaler Einsatz ist wahrscheinlich das, was Sie setzen, plus fast seinen gesamten Vorsprung. Wenn Sie $100 setzen, kann er bis zu $149 setzen und trotzdem sowohl das High als auch das Low haben. (Definitionen der Begriffe \"High\" und \"Low\" finden Sie im vorherigen Artikel: <a href=\"\/blackjack-tournaments\/free-hits\/\">Freie Treffer<\/a>.)<\/p>\n<p>Sie werden den F\u00fchrenden \u00fcberholen, wenn Sie gewinnen, w\u00e4hrend er pusht oder verliert, und auch, wenn Sie pushen, w\u00e4hrend er verliert. Das gilt immer, wenn Sie mindestens Ihr Defizit plus einen Chip setzen. Ihr Einsatz von $100 bietet Ihnen jedoch eine zus\u00e4tzliche M\u00f6glichkeit zu gewinnen, die der Mindesteinsatz von $51 nicht bietet. Nehmen wir an, dass er $149 hinter Ihnen setzt. Wenn Sie nun eine Double-Down-Wette gewinnen k\u00f6nnen, \u00fcberholen Sie ihn, selbst wenn er sein Blatt gewinnt. Sie gewinnen $200, er gewinnt $149, und Sie haben nun einen Vorsprung von $1. Das ist kein Zufall. Aber wir k\u00f6nnen noch besser werden.<\/p>\n<p>Dieses Mal setzen Sie $200. Er platziert einen optimalen Einsatz von $249. Sie haben soeben eine zus\u00e4tzliche Gewinnm\u00f6glichkeit geschaffen. Ein Double-Down gewinnt nat\u00fcrlich immer noch f\u00fcr Sie, aber sehen Sie sich an, was passiert, wenn Sie einen Blackjack ziehen. Ein Blackjack auf Ihren Einsatz von $200 bringt $300. Wenn er seine $249 gewinnt und Sie $300 gewinnen, liegen Sie wieder $1 vorne. Auch das ist kein Zufall.<\/p>\n<p>Ein weiteres Mal, diesmal setzen Sie $250. Ihr Gegner wettet $299. Diesmal ist er der Gl\u00fcckliche, denn er zieht einen Blackjack. Sie st\u00f6hnen auf, aber dann schieben Sie das Geld hinaus, um zu verdoppeln, was auch immer Sie auf der Hand haben. Wenn Sie erfolgreich verdoppeln, gewinnen Sie $500. Der F\u00fchrende hat nur $448,50 gewonnen. Sie f\u00fchren nun mit $1,50.<\/p>\n<p>Jede dieser Entscheidungen erfordert mehrere Berechnungen, und es ist offensichtlich ein Problem, diesen Prozess am Tisch zu durchlaufen. Hier kommt die Abk\u00fcrzung ins Spiel. Sie haben garantiert diese zus\u00e4tzlichen M\u00f6glichkeiten zu gewinnen, wenn Sie einfach sicherstellen, dass Sie mindestens die folgenden Vielfachen Ihres Defizits setzen. In unserem Beispiel hatten wir zu Beginn der Hand ein Defizit von $50:<\/p>\n<ul>\n<li><strong>Setzen Sie 2x Ihr Defizit ($100)<\/strong>: Sie gewinnen mit einem Double-Down gegen\u00fcber einem Einzelwettgewinn des F\u00fchrenden.<\/li>\n<li><strong>Setzen Sie 4x Ihr Defizit ($200)<\/strong>: Sie gewinnen mit einem Blackjack \u00fcber einen einzelnen Wettgewinn des F\u00fchrenden.<\/li>\n<li><strong>Setzen Sie 5x Ihr Defizit ($250)<\/strong>: Sie gewinnen mit einem Double-Down sogar bei einem Blackjack des F\u00fchrenden.<\/li>\n<\/ul>\n<p>Versuchen Sie also im Zweifelsfall, das 5-fache des Defizits zu setzen. Wenn ein so hoher Einsatz Ihre Position gegen\u00fcber anderen Spielern am Tisch gef\u00e4hrdet, sollten Sie stattdessen das 4-fache oder 2-fache des Defizits setzen. Im schlimmsten Fall gehen Sie zur\u00fcck auf 1x plus einen Chip.<\/p>\n<p>Manchmal sind diese Multiplikatoren \u00fcbertrieben, und ein kleinerer Einsatz erreicht das Gleiche. Wenn Ihr Einsatz in der N\u00e4he oder am Maximum liegt, kann der F\u00fchrende nicht viel von seinem Vorsprung auf den passenden Einsatz setzen. Auch wenn der Einsatz in Vielfachen von $5 erfolgen muss, schie\u00dfen diese Vielfachen manchmal ein wenig \u00fcber das Ziel hinaus. Aber das wirklich Sch\u00f6ne an dieser Regel ist ihre Einfachheit. Sie ist schnell und einfach zu berechnen, und Sie haben garantiert die beschriebenen Vorteile.<\/p>\n<p>Sie werden auch oft feststellen, dass der F\u00fchrende nicht ann\u00e4hernd einen optimalen Einsatz hinter Ihnen macht. Sie setzen vielleicht zu wenig und geben Ihnen zus\u00e4tzliche M\u00f6glichkeiten, sie zu \u00fcberholen, oder sie setzen zu viel und geben Ihnen das niedrige Blatt. Auch wenn Sie einen betr\u00e4chtlichen Einsatz haben, k\u00f6nnten Sie darauf hoffen, dass der Dealer den Tisch ausl\u00f6scht.<\/p>\n<p>Nat\u00fcrlich kann in jedem dieser F\u00e4lle der F\u00fchrende hinter Ihnen einen Double-Down machen, um die Spitze zur\u00fcckzuerobern. Aber hey, du liegst zur\u00fcck, auf dem Button. Nat\u00fcrlich sind Sie ein Underdog! Sie m\u00fcssen das Beste aus Ihrer Situation machen. Die 2er-, 4er- und 5er-Regel bietet Ihnen eine einfache M\u00f6glichkeit, genau das zu tun.<\/p>\n<p>Wir sehen uns an den Tischen, Ken...<\/p>\n<hr \/>\n<p>Weitere Artikel \u00fcber Blackjack-Turniere und Turnierstrategien findest du hier:<br \/>\nR\u00fcckkehr zum <a href=\"\/blackjack-tournaments\/\">Abschnitt Blackjack-Turniere<\/a>, oder<br \/>\nWeiter zum n\u00e4chsten Artikel <a href=\"\/blackjack-tournaments\/beyond-wong-tournament-tips-uncle-stanford-never-told-you\/\">Jenseits von Wong - Ein paar Turniertipps, die Onkel Stanford dir nie erz\u00e4hlt hat<\/a>.<\/p>","protected":false},"excerpt":{"rendered":"<p>by Kenneth R Smith. A few years back, in an article in Blackjack Confidential magazine, I first detailed an idea that has proven to be among the most useful tournament strategy shortcuts that I know. The &#8220;Rule of 2, 4, and 5&#8221; allows you to quickly determine an optimal bet in many situations where you [&hellip;]<\/p>\n","protected":false},"author":2,"featured_media":0,"parent":1052,"menu_order":7,"comment_status":"open","ping_status":"closed","template":"page-with-sidebar.php","meta":{"_acf_changed":false,"footnotes":""},"tags":[],"class_list":["post-1392","page","type-page","status-publish","hentry"],"acf":[],"yoast_head":"<!-- This site is optimized with the Yoast SEO plugin v26.6 - https:\/\/yoast.com\/wordpress\/plugins\/seo\/ -->\n<title>The Powerful Rule of 2, 4, and 5<\/title>\n<meta name=\"description\" content=\"The &quot;Rule of 2, 4, and 5&quot; is a useful shortcut developed by Ken Smith for use in blackjack tournaments. It is a simple and quick way to make a great bet.\" \/>\n<meta name=\"robots\" content=\"index, follow, max-snippet:-1, max-image-preview:large, max-video-preview:-1\" \/>\n<link rel=\"canonical\" href=\"https:\/\/www.blackjackinfo.com\/de\/blackjack-turniere\/die-regel-von-2-4-und-5\/\" \/>\n<meta property=\"og:locale\" content=\"de_DE\" \/>\n<meta property=\"og:type\" content=\"article\" \/>\n<meta property=\"og:title\" content=\"The Powerful Rule of 2, 4, and 5\" \/>\n<meta property=\"og:description\" content=\"The &quot;Rule of 2, 4, and 5&quot; is a useful shortcut developed by Ken Smith for use in blackjack tournaments. It is a simple and quick way to make a great bet.\" \/>\n<meta property=\"og:url\" content=\"https:\/\/www.blackjackinfo.com\/de\/blackjack-turniere\/die-regel-von-2-4-und-5\/\" \/>\n<meta property=\"og:site_name\" content=\"BlackjackInfo.com\" \/>\n<meta property=\"article:modified_time\" content=\"2018-09-06T06:27:17+00:00\" \/>\n<meta name=\"twitter:label1\" content=\"Gesch\u00e4tzte Lesezeit\" \/>\n\t<meta name=\"twitter:data1\" content=\"5\u00a0Minuten\" \/>\n<script type=\"application\/ld+json\" class=\"yoast-schema-graph\">{\"@context\":\"https:\/\/schema.org\",\"@graph\":[{\"@type\":\"WebPage\",\"@id\":\"https:\/\/www.blackjackinfo.com\/blackjack-tournaments\/the-rule-of-2-4-and-5\/\",\"url\":\"https:\/\/www.blackjackinfo.com\/blackjack-tournaments\/the-rule-of-2-4-and-5\/\",\"name\":\"The Powerful Rule of 2, 4, and 5\",\"isPartOf\":{\"@id\":\"https:\/\/www.blackjackinfo.com\/#website\"},\"datePublished\":\"2014-12-13T17:57:29+00:00\",\"dateModified\":\"2018-09-06T06:27:17+00:00\",\"description\":\"The \\\"Rule of 2, 4, and 5\\\" is a useful shortcut developed by Ken Smith for use in blackjack tournaments. It is a simple and quick way to make a great bet.\",\"breadcrumb\":{\"@id\":\"https:\/\/www.blackjackinfo.com\/blackjack-tournaments\/the-rule-of-2-4-and-5\/#breadcrumb\"},\"inLanguage\":\"de\",\"potentialAction\":[{\"@type\":\"ReadAction\",\"target\":[\"https:\/\/www.blackjackinfo.com\/blackjack-tournaments\/the-rule-of-2-4-and-5\/\"]}]},{\"@type\":\"BreadcrumbList\",\"@id\":\"https:\/\/www.blackjackinfo.com\/blackjack-tournaments\/the-rule-of-2-4-and-5\/#breadcrumb\",\"itemListElement\":[{\"@type\":\"ListItem\",\"position\":1,\"name\":\"Home\",\"item\":\"https:\/\/www.blackjackinfo.com\/\"},{\"@type\":\"ListItem\",\"position\":2,\"name\":\"Blackjack Tournament Strategy\",\"item\":\"https:\/\/www.blackjackinfo.com\/blackjack-tournaments\/\"},{\"@type\":\"ListItem\",\"position\":3,\"name\":\"The Powerful Rule of 2, 4, and 5\"}]},{\"@type\":\"WebSite\",\"@id\":\"https:\/\/www.blackjackinfo.com\/#website\",\"url\":\"https:\/\/www.blackjackinfo.com\/\",\"name\":\"BlackjackInfo.com\",\"description\":\"Because Winning is More Fun!\",\"potentialAction\":[{\"@type\":\"SearchAction\",\"target\":{\"@type\":\"EntryPoint\",\"urlTemplate\":\"https:\/\/www.blackjackinfo.com\/?s={search_term_string}\"},\"query-input\":{\"@type\":\"PropertyValueSpecification\",\"valueRequired\":true,\"valueName\":\"search_term_string\"}}],\"inLanguage\":\"de\"}]}<\/script>\n<!-- \/ Yoast SEO plugin. -->","yoast_head_json":{"title":"Die m\u00e4chtige Regel der 2, 4 und 5","description":"Die \"2er-, 4er- und 5er-Regel\" ist eine n\u00fctzliche Abk\u00fcrzung, die von Ken Smith f\u00fcr den Einsatz bei Blackjack-Turnieren entwickelt wurde. Sie ist eine einfache und schnelle Methode, um einen guten Einsatz zu machen.","robots":{"index":"index","follow":"follow","max-snippet":"max-snippet:-1","max-image-preview":"max-image-preview:large","max-video-preview":"max-video-preview:-1"},"canonical":"https:\/\/www.blackjackinfo.com\/de\/blackjack-turniere\/die-regel-von-2-4-und-5\/","og_locale":"de_DE","og_type":"article","og_title":"The Powerful Rule of 2, 4, and 5","og_description":"The \"Rule of 2, 4, and 5\" is a useful shortcut developed by Ken Smith for use in blackjack tournaments. It is a simple and quick way to make a great bet.","og_url":"https:\/\/www.blackjackinfo.com\/de\/blackjack-turniere\/die-regel-von-2-4-und-5\/","og_site_name":"BlackjackInfo.com","article_modified_time":"2018-09-06T06:27:17+00:00","twitter_misc":{"Gesch\u00e4tzte Lesezeit":"5\u00a0Minuten"},"schema":{"@context":"https:\/\/schema.org","@graph":[{"@type":"WebPage","@id":"https:\/\/www.blackjackinfo.com\/blackjack-tournaments\/the-rule-of-2-4-and-5\/","url":"https:\/\/www.blackjackinfo.com\/blackjack-tournaments\/the-rule-of-2-4-and-5\/","name":"Die m\u00e4chtige Regel der 2, 4 und 5","isPartOf":{"@id":"https:\/\/www.blackjackinfo.com\/#website"},"datePublished":"2014-12-13T17:57:29+00:00","dateModified":"2018-09-06T06:27:17+00:00","description":"Die \"2er-, 4er- und 5er-Regel\" ist eine n\u00fctzliche Abk\u00fcrzung, die von Ken Smith f\u00fcr den Einsatz bei Blackjack-Turnieren entwickelt wurde. Sie ist eine einfache und schnelle Methode, um einen guten Einsatz zu machen.","breadcrumb":{"@id":"https:\/\/www.blackjackinfo.com\/blackjack-tournaments\/the-rule-of-2-4-and-5\/#breadcrumb"},"inLanguage":"de","potentialAction":[{"@type":"ReadAction","target":["https:\/\/www.blackjackinfo.com\/blackjack-tournaments\/the-rule-of-2-4-and-5\/"]}]},{"@type":"BreadcrumbList","@id":"https:\/\/www.blackjackinfo.com\/blackjack-tournaments\/the-rule-of-2-4-and-5\/#breadcrumb","itemListElement":[{"@type":"ListItem","position":1,"name":"Home","item":"https:\/\/www.blackjackinfo.com\/"},{"@type":"ListItem","position":2,"name":"Blackjack Tournament Strategy","item":"https:\/\/www.blackjackinfo.com\/blackjack-tournaments\/"},{"@type":"ListItem","position":3,"name":"The Powerful Rule of 2, 4, and 5"}]},{"@type":"WebSite","@id":"https:\/\/www.blackjackinfo.com\/#website","url":"https:\/\/www.blackjackinfo.com\/","name":"BlackjackInfo.de","description":"Denn Gewinnen macht mehr Spa\u00df!","potentialAction":[{"@type":"SearchAction","target":{"@type":"EntryPoint","urlTemplate":"https:\/\/www.blackjackinfo.com\/?s={search_term_string}"},"query-input":{"@type":"PropertyValueSpecification","valueRequired":true,"valueName":"search_term_string"}}],"inLanguage":"de"}]}},"_links":{"self":[{"href":"https:\/\/www.blackjackinfo.com\/de\/wp-json\/wp\/v2\/pages\/1392","targetHints":{"allow":["GET"]}}],"collection":[{"href":"https:\/\/www.blackjackinfo.com\/de\/wp-json\/wp\/v2\/pages"}],"about":[{"href":"https:\/\/www.blackjackinfo.com\/de\/wp-json\/wp\/v2\/types\/page"}],"author":[{"embeddable":true,"href":"https:\/\/www.blackjackinfo.com\/de\/wp-json\/wp\/v2\/users\/2"}],"replies":[{"embeddable":true,"href":"https:\/\/www.blackjackinfo.com\/de\/wp-json\/wp\/v2\/comments?post=1392"}],"version-history":[{"count":5,"href":"https:\/\/www.blackjackinfo.com\/de\/wp-json\/wp\/v2\/pages\/1392\/revisions"}],"predecessor-version":[{"id":4590,"href":"https:\/\/www.blackjackinfo.com\/de\/wp-json\/wp\/v2\/pages\/1392\/revisions\/4590"}],"up":[{"embeddable":true,"href":"https:\/\/www.blackjackinfo.com\/de\/wp-json\/wp\/v2\/pages\/1052"}],"wp:attachment":[{"href":"https:\/\/www.blackjackinfo.com\/de\/wp-json\/wp\/v2\/media?parent=1392"}],"wp:term":[{"taxonomy":"post_tag","embeddable":true,"href":"https:\/\/www.blackjackinfo.com\/de\/wp-json\/wp\/v2\/tags?post=1392"}],"curies":[{"name":"wp","href":"https:\/\/api.w.org\/{rel}","templated":true}]}}