{"id":1419,"date":"2019-11-03T13:22:28","date_gmt":"2019-11-03T19:22:28","guid":{"rendered":"http:\/\/test.blackjackinfo.com\/?page_id=1419"},"modified":"2019-11-03T18:00:56","modified_gmt":"2019-11-04T00:00:56","slug":"keine-6-bis-5-blackjack","status":"publish","type":"page","link":"https:\/\/www.blackjackinfo.com\/de\/no-6-to-5-blackjack\/","title":{"rendered":"6 bis 5 Blackjack? Sag einfach Nein!"},"content":{"rendered":"<p>von <a href=\"\/ken-smith\/\">Kenneth R. Smith<\/a><\/p>\n<p><img loading=\"lazy\" decoding=\"async\" class=\"alignright size-full wp-image-1420\" src=\"\/files\/no6to5.gif\" alt=\"No 6 to 5\" width=\"100\" height=\"100\" data-no-auto-translation=\"\"><\/p>\n<p class=\"intro\">F\u00fcr Fans von Casino-Blackjack bahnt sich eine echte Krise an. Viele Casinos in den USA haben mit der Einf\u00fchrung einer Regel\u00e4nderung begonnen, die den Hausvorteil im Spiel drastisch erh\u00f6ht. Wenn Sie in letzter Zeit in Las Vegas waren, haben Sie vielleicht Schilder gesehen, auf denen \"<strong>Single Deck Blackjack<\/strong>\" in vielen Casinos auf dem Las Vegas Strip.<\/p>\n<p>Aber es gibt einen Haken. Achten Sie auf ein Schild auf dem Tisch, auf dem steht \"Blackjack zahlt 6:5\". Bei einem normalen Blackjack-Spiel wird ein \"nat\u00fcrlicher\" oder Blackjack im Verh\u00e4ltnis 3:2 ausgezahlt. Wenn Sie $10 setzen und einen Blackjack ziehen, erhalten Sie $15. Bei diesen neuen 6:5-Spielen bringt ein Blackjack von $10 jedoch nur $12 ein.<\/p>\n<p>Die Kasinos haben dieses Spiel bisher erfolgreich vermarktet, weil vielen Gelegenheitsspielern im Laufe der Jahre gesagt wurde, dass Blackjack mit nur einem Deck ein besseres Spiel ist als die h\u00e4ufigeren Spiele mit 6 oder 8 Decks in den Kasinos.<\/p>\n<p>Mit diesem einzigen Marketingansatz haben die Kasinos viele Spieler zu der neuen 6:5-Version gelockt, obwohl diese Single-Deck-Spiele f\u00fcr den Spieler schlechter sind als das schlechteste 8-Deck-Spiel im Kasino. Viel schlimmer.<\/p>\n<blockquote><p>Die \u00c4nderung dieser einen Regel, <strong>Die Reduzierung der Blackjack-Auszahlung von 3:2 auf 6:5 erh\u00f6ht den Vorteil des Casinos um 1,39%.<\/strong>.<\/p><\/blockquote>\n<p>Betrachten Sie dieses Beispiel aus der <a href=\"https:\/\/www.caesars.com\/flamingo-las-vegas\">Flamingo auf dem Las Vegas Strip<\/a>:<\/p>\n<p>Sie bieten ein 6:5-Einzeldeckspiel an, bei dem der Hausvorteil f\u00fcr einen einfachen Strategiespieler 1,45% betr\u00e4gt. (Wie die meisten dieser 6:5-Spiele erlauben sie eine Verdopplung nach dem Split, was die schlechte 6:5-Regel nicht ann\u00e4hernd ausgleicht.) Sie bieten auch ein Spiel mit 8 Kartendecks an, bei dem der Hausvorteil f\u00fcr einen einfachen Strategiespieler 0,56% betr\u00e4gt. <strong>Ein Spieler, der sich f\u00fcr sein Single-Deck-Angebot entscheidet, hat also fast den dreifachen erwarteten Verlust eines Spielers, der sein 8-Deck-Spiel spielt!<\/strong>.<\/p>\n<p>Wie hoch ist der Unterschied in tats\u00e4chlichen Dollars? F\u00fcr einen Spieler mit $25, der 80 H\u00e4nde pro Stunde spielt, betr\u00e4gt der erwartete Verlust beim 8-Deck-Spiel im Flamingo $11,20 pro Stunde. Der erwartete Verlust f\u00fcr denselben Spieler beim 6:5 Single-Deck-Spiel betr\u00e4gt dagegen $29.00. Und vergessen Sie nicht, dass es sich dabei um das Spiel handelt, das zuvor der schlechteste Blackjack des Hauses war!<\/p>\n<h2>Was k\u00f6nnen Sie tun, um zu helfen?<\/h2>\n<ul>\n<li>Spielen Sie kein Blackjack-Spiel, das weniger als 3:2 f\u00fcr einen Blackjack auszahlt.<\/li>\n<li>Warnen Sie Ihre Freunde und Verwandten, wenn sie ins Kasino gehen wollen. Sagen Sie ihnen, dass sie stattdessen die \"Schuh\"-Spiele mit mehreren Decks spielen sollen.<\/li>\n<li>Lassen Sie das Casino-Personal in Ihrem Lieblings-Casino wissen, dass Sie es hassen, wenn das Casino mit irref\u00fchrenden Spielen anstelle von echtem Blackjack gef\u00fcllt ist.<\/li>\n<li>Wenn Sie einen Casino-Gastgeber haben, teilen Sie ihm ebenfalls Ihren Unmut mit.<\/li>\n<\/ul>\n<p>Wenn die Spieler nicht aufh\u00f6ren, diese Spiele zu unterst\u00fctzen, ist es nur eine Frage der Zeit, bis die Kasinos alle echten Blackjack-Spiele entfernen. Lassen Sie es nicht geschehen.<\/p>\n<p>Andere Webmaster sind eingeladen, diesen Artikel und die Grafik \"No 6 to 5\" auf ihren eigenen Websites zu verwenden. Wenn Sie den Artikel verwenden, lassen Sie bitte die Autorenzeile intakt, einschlie\u00dflich des Links zum Autor unter <a href=\"https:\/\/www.blackjackinfo.com\">BlackjackInfo.de<\/a>.<\/p>\n<p>Alternativ k\u00f6nnen Sie den Artikel auch hier verlinken. Wie auch immer, helfen Sie mit, die Nachricht zu verbreiten. Vielen Dank!<\/p>","protected":false},"excerpt":{"rendered":"<p>by Kenneth R Smith There&#8217;s a real crisis developing for fans of casino blackjack. Many casinos in the US have begun introducing a rule change that dramatically increases the house advantage in the game. If you&#8217;ve been to Las Vegas lately, you may have seen signs advertising &#8220;Single Deck Blackjack&#8221; at many of the casinos [&hellip;]<\/p>\n","protected":false},"author":2,"featured_media":0,"parent":0,"menu_order":0,"comment_status":"open","ping_status":"open","template":"page-centred-8-column.php","meta":{"_acf_changed":false,"footnotes":""},"tags":[],"class_list":["post-1419","page","type-page","status-publish","hentry"],"acf":[],"yoast_head":"<!-- This site is optimized with the Yoast SEO plugin v26.6 - https:\/\/yoast.com\/wordpress\/plugins\/seo\/ -->\n<title>6 to 5 Blackjack? Just Say No!<\/title>\n<meta name=\"description\" content=\"Some casinos now offer a version of blackjack that pays only 6 to 5 for a blackjack. See why this is game is so much worse for the player.\" \/>\n<meta name=\"robots\" content=\"index, follow, max-snippet:-1, max-image-preview:large, max-video-preview:-1\" \/>\n<link rel=\"canonical\" href=\"https:\/\/www.blackjackinfo.com\/de\/keine-6-bis-5-blackjack\/\" \/>\n<meta property=\"og:locale\" content=\"de_DE\" \/>\n<meta property=\"og:type\" content=\"article\" \/>\n<meta property=\"og:title\" content=\"6 to 5 Blackjack? Just Say No!\" \/>\n<meta property=\"og:description\" content=\"Some casinos now offer a version of blackjack that pays only 6 to 5 for a blackjack. See why this is game is so much worse for the player.\" \/>\n<meta property=\"og:url\" content=\"https:\/\/www.blackjackinfo.com\/de\/keine-6-bis-5-blackjack\/\" \/>\n<meta property=\"og:site_name\" content=\"BlackjackInfo.com\" \/>\n<meta property=\"article:modified_time\" content=\"2019-11-04T00:00:56+00:00\" \/>\n<meta name=\"twitter:label1\" content=\"Gesch\u00e4tzte Lesezeit\" \/>\n\t<meta name=\"twitter:data1\" content=\"2\u00a0Minuten\" \/>\n<script type=\"application\/ld+json\" class=\"yoast-schema-graph\">{\"@context\":\"https:\/\/schema.org\",\"@graph\":[{\"@type\":\"WebPage\",\"@id\":\"https:\/\/www.blackjackinfo.com\/no-6-to-5-blackjack\/\",\"url\":\"https:\/\/www.blackjackinfo.com\/no-6-to-5-blackjack\/\",\"name\":\"6 to 5 Blackjack? Just Say No!\",\"isPartOf\":{\"@id\":\"https:\/\/www.blackjackinfo.com\/#website\"},\"datePublished\":\"2019-11-03T19:22:28+00:00\",\"dateModified\":\"2019-11-04T00:00:56+00:00\",\"description\":\"Some casinos now offer a version of blackjack that pays only 6 to 5 for a blackjack. See why this is game is so much worse for the player.\",\"breadcrumb\":{\"@id\":\"https:\/\/www.blackjackinfo.com\/no-6-to-5-blackjack\/#breadcrumb\"},\"inLanguage\":\"de\",\"potentialAction\":[{\"@type\":\"ReadAction\",\"target\":[\"https:\/\/www.blackjackinfo.com\/no-6-to-5-blackjack\/\"]}]},{\"@type\":\"BreadcrumbList\",\"@id\":\"https:\/\/www.blackjackinfo.com\/no-6-to-5-blackjack\/#breadcrumb\",\"itemListElement\":[{\"@type\":\"ListItem\",\"position\":1,\"name\":\"Home\",\"item\":\"https:\/\/www.blackjackinfo.com\/\"},{\"@type\":\"ListItem\",\"position\":2,\"name\":\"6 to 5 Blackjack? Just Say No!\"}]},{\"@type\":\"WebSite\",\"@id\":\"https:\/\/www.blackjackinfo.com\/#website\",\"url\":\"https:\/\/www.blackjackinfo.com\/\",\"name\":\"BlackjackInfo.com\",\"description\":\"Because Winning is More Fun!\",\"potentialAction\":[{\"@type\":\"SearchAction\",\"target\":{\"@type\":\"EntryPoint\",\"urlTemplate\":\"https:\/\/www.blackjackinfo.com\/?s={search_term_string}\"},\"query-input\":{\"@type\":\"PropertyValueSpecification\",\"valueRequired\":true,\"valueName\":\"search_term_string\"}}],\"inLanguage\":\"de\"}]}<\/script>\n<!-- \/ Yoast SEO plugin. -->","yoast_head_json":{"title":"6 bis 5 Blackjack? Sag einfach Nein!","description":"Einige Casinos bieten jetzt eine Version von Blackjack an, bei der nur 6 zu 5 f\u00fcr einen Blackjack ausgezahlt wird. Sehen Sie, warum dieses Spiel so viel schlechter f\u00fcr den Spieler ist.","robots":{"index":"index","follow":"follow","max-snippet":"max-snippet:-1","max-image-preview":"max-image-preview:large","max-video-preview":"max-video-preview:-1"},"canonical":"https:\/\/www.blackjackinfo.com\/de\/keine-6-bis-5-blackjack\/","og_locale":"de_DE","og_type":"article","og_title":"6 to 5 Blackjack? Just Say No!","og_description":"Some casinos now offer a version of blackjack that pays only 6 to 5 for a blackjack. See why this is game is so much worse for the player.","og_url":"https:\/\/www.blackjackinfo.com\/de\/keine-6-bis-5-blackjack\/","og_site_name":"BlackjackInfo.com","article_modified_time":"2019-11-04T00:00:56+00:00","twitter_misc":{"Gesch\u00e4tzte Lesezeit":"2\u00a0Minuten"},"schema":{"@context":"https:\/\/schema.org","@graph":[{"@type":"WebPage","@id":"https:\/\/www.blackjackinfo.com\/no-6-to-5-blackjack\/","url":"https:\/\/www.blackjackinfo.com\/no-6-to-5-blackjack\/","name":"6 bis 5 Blackjack? Sag einfach Nein!","isPartOf":{"@id":"https:\/\/www.blackjackinfo.com\/#website"},"datePublished":"2019-11-03T19:22:28+00:00","dateModified":"2019-11-04T00:00:56+00:00","description":"Einige Casinos bieten jetzt eine Version von Blackjack an, bei der nur 6 zu 5 f\u00fcr einen Blackjack ausgezahlt wird. Sehen Sie, warum dieses Spiel so viel schlechter f\u00fcr den Spieler ist.","breadcrumb":{"@id":"https:\/\/www.blackjackinfo.com\/no-6-to-5-blackjack\/#breadcrumb"},"inLanguage":"de","potentialAction":[{"@type":"ReadAction","target":["https:\/\/www.blackjackinfo.com\/no-6-to-5-blackjack\/"]}]},{"@type":"BreadcrumbList","@id":"https:\/\/www.blackjackinfo.com\/no-6-to-5-blackjack\/#breadcrumb","itemListElement":[{"@type":"ListItem","position":1,"name":"Home","item":"https:\/\/www.blackjackinfo.com\/"},{"@type":"ListItem","position":2,"name":"6 to 5 Blackjack? Just Say No!"}]},{"@type":"WebSite","@id":"https:\/\/www.blackjackinfo.com\/#website","url":"https:\/\/www.blackjackinfo.com\/","name":"BlackjackInfo.de","description":"Denn Gewinnen macht mehr Spa\u00df!","potentialAction":[{"@type":"SearchAction","target":{"@type":"EntryPoint","urlTemplate":"https:\/\/www.blackjackinfo.com\/?s={search_term_string}"},"query-input":{"@type":"PropertyValueSpecification","valueRequired":true,"valueName":"search_term_string"}}],"inLanguage":"de"}]}},"_links":{"self":[{"href":"https:\/\/www.blackjackinfo.com\/de\/wp-json\/wp\/v2\/pages\/1419","targetHints":{"allow":["GET"]}}],"collection":[{"href":"https:\/\/www.blackjackinfo.com\/de\/wp-json\/wp\/v2\/pages"}],"about":[{"href":"https:\/\/www.blackjackinfo.com\/de\/wp-json\/wp\/v2\/types\/page"}],"author":[{"embeddable":true,"href":"https:\/\/www.blackjackinfo.com\/de\/wp-json\/wp\/v2\/users\/2"}],"replies":[{"embeddable":true,"href":"https:\/\/www.blackjackinfo.com\/de\/wp-json\/wp\/v2\/comments?post=1419"}],"version-history":[{"count":11,"href":"https:\/\/www.blackjackinfo.com\/de\/wp-json\/wp\/v2\/pages\/1419\/revisions"}],"predecessor-version":[{"id":5414,"href":"https:\/\/www.blackjackinfo.com\/de\/wp-json\/wp\/v2\/pages\/1419\/revisions\/5414"}],"wp:attachment":[{"href":"https:\/\/www.blackjackinfo.com\/de\/wp-json\/wp\/v2\/media?parent=1419"}],"wp:term":[{"taxonomy":"post_tag","embeddable":true,"href":"https:\/\/www.blackjackinfo.com\/de\/wp-json\/wp\/v2\/tags?post=1419"}],"curies":[{"name":"wp","href":"https:\/\/api.w.org\/{rel}","templated":true}]}}