{"id":1435,"date":"2014-12-13T13:53:43","date_gmt":"2014-12-13T19:53:43","guid":{"rendered":"http:\/\/test.blackjackinfo.com\/?page_id=1435"},"modified":"2018-09-10T01:27:26","modified_gmt":"2018-09-10T06:27:26","slug":"blackjack-software","status":"publish","type":"page","link":"https:\/\/www.blackjackinfo.com\/de\/blackjack-software\/","title":{"rendered":"Blackjack Software"},"content":{"rendered":"<p>\n<a href=\"https:\/\/www.blackjackinfo.com\/goto\/casino-verite\/\" rel=\"nofollow\" target=\"_blank\" ><strong>Spielbank Verit\u00e9<\/strong><\/a>($90 bei Amazon)<br \/>\n<a href=\"https:\/\/www.blackjackinfo.com\/goto\/casino-verite\/\" rel=\"nofollow\" target=\"_blank\" ><img loading=\"lazy\" decoding=\"async\" src=\"\/files\/cvscreen.gif\" alt=\"Casino Verite Screenshot\" width=\"200\" height=\"149\" class=\"pull-right thumbnail img-responsive\" data-no-auto-translation=\"\" \/><\/a>\n<\/p>\n<p>Dieses Produkt ist das Nonplusultra der Blackjack-\u00dcbungssoftware. Mit mehr Funktionen, als Sie sich \u00fcberhaupt vorstellen k\u00f6nnen, k\u00f6nnen Sie mit diesem Programm das Kartenz\u00e4hlen und Spielen in einer sehr realistischen Umgebung \u00fcben. Zus\u00e4tzlich zum \u00dcben gibt es \u00dcbungen, Tests und eine Vielzahl von n\u00fctzlichen Rechnern.<\/p>\n<p>\n<a href=\"https:\/\/www.blackjackinfo.com\/casino-verite-blackjack-the-ultimate-practice-tool\/\">Lesen Sie mehr \u00fcber CVBJ<\/a><\/p>\n<p><strong><a href=\"\/free-blackjack-combinatorial-analyzer\/\" title=\"Kostenloser Blackjack Combinatorial Analyzer\">MGP's Blackjack Combinatorial Analyzer<\/a><\/strong>: (Freeware)<br \/>\n<a href=\"\/free-blackjack-combinatorial-analyzer\/\"><img loading=\"lazy\" decoding=\"async\" src=\"\/files\/BJCA_Strategy-300x248.gif\" alt=\"BJCA Strategy\" width=\"300\" height=\"248\" class=\"pull-right thumbnail img-responsive\" data-no-auto-translation=\"\" \/><\/a><\/p>\n<p class=\"indent\">Mit dieser kostenlosen Software f\u00fcr Windows k\u00f6nnen Sie eine genaue Analyse beliebiger Blackjack-Regeln durchf\u00fchren. Sie liefert optimale Strategien, den Erwartungswert jeder Entscheidung und vieles mehr. Vielen Dank an MGP f\u00fcr die Freigabe dieses gro\u00dfartigen Tools als Freeware.<\/p>","protected":false},"excerpt":{"rendered":"<p>Casino Verit\u00e9: ($90 at Amazon) This product is the ultimate in blackjack practice software. With more features than you can even imagine, this program will let you practice card counting and playing in a very realistic environment. In addition to practice, there are drills, tests, and a variety of useful calculators included. Read more about [&hellip;]<\/p>\n","protected":false},"author":2,"featured_media":0,"parent":0,"menu_order":0,"comment_status":"open","ping_status":"closed","template":"","meta":{"_acf_changed":false,"footnotes":""},"tags":[],"class_list":["post-1435","page","type-page","status-publish","hentry"],"acf":[],"yoast_head":"<!-- This site is optimized with the Yoast SEO plugin v26.6 - https:\/\/yoast.com\/wordpress\/plugins\/seo\/ -->\n<title>Blackjack Software<\/title>\n<meta name=\"description\" content=\"Software programs for blackjack practice, blackjack game analysis and simulation.\" \/>\n<meta name=\"robots\" content=\"index, follow, max-snippet:-1, max-image-preview:large, max-video-preview:-1\" \/>\n<link rel=\"canonical\" href=\"https:\/\/www.blackjackinfo.com\/de\/blackjack-software\/\" \/>\n<meta property=\"og:locale\" content=\"de_DE\" \/>\n<meta property=\"og:type\" content=\"article\" \/>\n<meta property=\"og:title\" content=\"Blackjack Software\" \/>\n<meta property=\"og:description\" content=\"Software programs for blackjack practice, blackjack game analysis and simulation.\" \/>\n<meta property=\"og:url\" content=\"https:\/\/www.blackjackinfo.com\/de\/blackjack-software\/\" \/>\n<meta property=\"og:site_name\" content=\"BlackjackInfo.com\" \/>\n<meta property=\"article:modified_time\" content=\"2018-09-10T06:27:26+00:00\" \/>\n<script type=\"application\/ld+json\" class=\"yoast-schema-graph\">{\"@context\":\"https:\/\/schema.org\",\"@graph\":[{\"@type\":\"WebPage\",\"@id\":\"https:\/\/www.blackjackinfo.com\/blackjack-software\/\",\"url\":\"https:\/\/www.blackjackinfo.com\/blackjack-software\/\",\"name\":\"Blackjack Software\",\"isPartOf\":{\"@id\":\"https:\/\/www.blackjackinfo.com\/#website\"},\"datePublished\":\"2014-12-13T19:53:43+00:00\",\"dateModified\":\"2018-09-10T06:27:26+00:00\",\"description\":\"Software programs for blackjack practice, blackjack game analysis and simulation.\",\"breadcrumb\":{\"@id\":\"https:\/\/www.blackjackinfo.com\/blackjack-software\/#breadcrumb\"},\"inLanguage\":\"de\",\"potentialAction\":[{\"@type\":\"ReadAction\",\"target\":[\"https:\/\/www.blackjackinfo.com\/blackjack-software\/\"]}]},{\"@type\":\"BreadcrumbList\",\"@id\":\"https:\/\/www.blackjackinfo.com\/blackjack-software\/#breadcrumb\",\"itemListElement\":[{\"@type\":\"ListItem\",\"position\":1,\"name\":\"Home\",\"item\":\"https:\/\/www.blackjackinfo.com\/\"},{\"@type\":\"ListItem\",\"position\":2,\"name\":\"Blackjack Software\"}]},{\"@type\":\"WebSite\",\"@id\":\"https:\/\/www.blackjackinfo.com\/#website\",\"url\":\"https:\/\/www.blackjackinfo.com\/\",\"name\":\"BlackjackInfo.com\",\"description\":\"Because Winning is More Fun!\",\"potentialAction\":[{\"@type\":\"SearchAction\",\"target\":{\"@type\":\"EntryPoint\",\"urlTemplate\":\"https:\/\/www.blackjackinfo.com\/?s={search_term_string}\"},\"query-input\":{\"@type\":\"PropertyValueSpecification\",\"valueRequired\":true,\"valueName\":\"search_term_string\"}}],\"inLanguage\":\"de\"}]}<\/script>\n<!-- \/ Yoast SEO plugin. -->","yoast_head_json":{"title":"Blackjack Software","description":"Softwareprogramme f\u00fcr die Blackjack-Praxis, Blackjack-Spielanalyse und -simulation.","robots":{"index":"index","follow":"follow","max-snippet":"max-snippet:-1","max-image-preview":"max-image-preview:large","max-video-preview":"max-video-preview:-1"},"canonical":"https:\/\/www.blackjackinfo.com\/de\/blackjack-software\/","og_locale":"de_DE","og_type":"article","og_title":"Blackjack Software","og_description":"Software programs for blackjack practice, blackjack game analysis and simulation.","og_url":"https:\/\/www.blackjackinfo.com\/de\/blackjack-software\/","og_site_name":"BlackjackInfo.com","article_modified_time":"2018-09-10T06:27:26+00:00","schema":{"@context":"https:\/\/schema.org","@graph":[{"@type":"WebPage","@id":"https:\/\/www.blackjackinfo.com\/blackjack-software\/","url":"https:\/\/www.blackjackinfo.com\/blackjack-software\/","name":"Blackjack Software","isPartOf":{"@id":"https:\/\/www.blackjackinfo.com\/#website"},"datePublished":"2014-12-13T19:53:43+00:00","dateModified":"2018-09-10T06:27:26+00:00","description":"Softwareprogramme f\u00fcr die Blackjack-Praxis, Blackjack-Spielanalyse und -simulation.","breadcrumb":{"@id":"https:\/\/www.blackjackinfo.com\/blackjack-software\/#breadcrumb"},"inLanguage":"de","potentialAction":[{"@type":"ReadAction","target":["https:\/\/www.blackjackinfo.com\/blackjack-software\/"]}]},{"@type":"BreadcrumbList","@id":"https:\/\/www.blackjackinfo.com\/blackjack-software\/#breadcrumb","itemListElement":[{"@type":"ListItem","position":1,"name":"Home","item":"https:\/\/www.blackjackinfo.com\/"},{"@type":"ListItem","position":2,"name":"Blackjack Software"}]},{"@type":"WebSite","@id":"https:\/\/www.blackjackinfo.com\/#website","url":"https:\/\/www.blackjackinfo.com\/","name":"BlackjackInfo.de","description":"Denn Gewinnen macht mehr Spa\u00df!","potentialAction":[{"@type":"SearchAction","target":{"@type":"EntryPoint","urlTemplate":"https:\/\/www.blackjackinfo.com\/?s={search_term_string}"},"query-input":{"@type":"PropertyValueSpecification","valueRequired":true,"valueName":"search_term_string"}}],"inLanguage":"de"}]}},"_links":{"self":[{"href":"https:\/\/www.blackjackinfo.com\/de\/wp-json\/wp\/v2\/pages\/1435","targetHints":{"allow":["GET"]}}],"collection":[{"href":"https:\/\/www.blackjackinfo.com\/de\/wp-json\/wp\/v2\/pages"}],"about":[{"href":"https:\/\/www.blackjackinfo.com\/de\/wp-json\/wp\/v2\/types\/page"}],"author":[{"embeddable":true,"href":"https:\/\/www.blackjackinfo.com\/de\/wp-json\/wp\/v2\/users\/2"}],"replies":[{"embeddable":true,"href":"https:\/\/www.blackjackinfo.com\/de\/wp-json\/wp\/v2\/comments?post=1435"}],"version-history":[{"count":10,"href":"https:\/\/www.blackjackinfo.com\/de\/wp-json\/wp\/v2\/pages\/1435\/revisions"}],"predecessor-version":[{"id":4627,"href":"https:\/\/www.blackjackinfo.com\/de\/wp-json\/wp\/v2\/pages\/1435\/revisions\/4627"}],"wp:attachment":[{"href":"https:\/\/www.blackjackinfo.com\/de\/wp-json\/wp\/v2\/media?parent=1435"}],"wp:term":[{"taxonomy":"post_tag","embeddable":true,"href":"https:\/\/www.blackjackinfo.com\/de\/wp-json\/wp\/v2\/tags?post=1435"}],"curies":[{"name":"wp","href":"https:\/\/api.w.org\/{rel}","templated":true}]}}