{"id":1499,"date":"2014-12-22T23:06:06","date_gmt":"2014-12-23T05:06:06","guid":{"rendered":"https:\/\/test.blackjackinfo.com\/?page_id=1499"},"modified":"2018-06-22T02:44:46","modified_gmt":"2018-06-22T07:44:46","slug":"top-ten-blackjack-grundstrategie-fehler","status":"publish","type":"page","link":"https:\/\/www.blackjackinfo.com\/de\/top-ten-blackjack-basic-strategy-mistakes\/","title":{"rendered":"Top Ten Blackjack grundlegende Strategie Fehler"},"content":{"rendered":"<div class=\"top-ten-mistakes\">\n<p class=\"intro\">Wenn Sie ein oder zwei Stunden lang Blackjack spielen, sind Ihre Ergebnisse ziemlich unvorhersehbar. Vielleicht gewinnen Sie viel, vielleicht verlieren Sie auch viel. Die meiste Zeit werden Sie irgendwo dazwischen liegen. Kurzfristig entscheiden Gl\u00fcck oder Pech dar\u00fcber, ob Sie ein Nettogewinner oder -verlierer sind. Wenn Sie jedoch den Durchschnitt Ihrer Ergebnisse \u00fcber viele Stunden hinweg ermitteln, wird deutlich, dass Sie durch kluges Spielen eine Menge Geld sparen k\u00f6nnen.<\/p>\n<p>\nEin typischer Blackjack-Spieler verliert im Laufe vieler Eins\u00e4tze 2% seiner Gesamteins\u00e4tze an das Casino. Das mag nicht viel klingen, aber es ist viermal so teuer wie n\u00f6tig. Ein Spieler mit einfacher Strategie verliert bei einem typischen Spiel mit 6 Kartendecks etwa 0,5%. Wenn Sie stattdessen ein Spiel mit zwei Kartendecks spielen, sinkt der Hausvorteil auf etwa 0,2%, und ein Spiel mit nur einem Kartendeck und vern\u00fcnftigen Regeln ist im Grunde ein kostendeckendes Spiel.\n<\/p>\n<p>\nWenn Sie mit einem Einsatz von $10 ein typisches Spiel mit 6 Kartendecks spielen, wie es auf dem Las Vegas Strip angeboten wird, k\u00f6nnen Sie davon ausgehen, dass Sie in einer Spielstunde etwa $600 einsetzen. Ein durchschnittlicher Spieler wird davon 2% verlieren, also $12 pro Stunde. Ein Spieler, der die richtige Grundstrategie anwendet, verliert stattdessen 0,5% von $600, also nur $3.\n<\/p>\n<p>\nWas macht diesen Unterschied aus? Im Folgenden finden Sie eine Liste der h\u00e4ufigsten Fehler, die ich bei Blackjack-Spielern sehe. Die Beispiele gehen davon aus, dass Sie $10 pro Blatt bei einem Spiel mit 6 Kartendecks setzen, bei dem der Dealer auf allen 17ern steht und eine Verdopplung nach Split erlaubt ist.\n<\/p>\n<p>    <!-- Mistake 10-------------------------------------------------><\/p>\n<div class=\"mistake\">\n<div class=\"mistake-title\">\n<div class=\"mistake-number\">10<\/div>\n<p>12 gegen H\u00e4ndler 3<\/p>\n<div class=\"correct-play\"><span class=\"black\">Das korrekte Spiel: <\/span>HIT<\/div>\n<div class=\"clearfix\"><\/div>\n<\/div>\n<div class=\"row\">\n<div class=\"col-sm-10 col-center\">\n<p>Viele Spieler hassen es, hier die 12 zu treffen, besonders auf dem Third-Base-Platz.  Sie reden dann davon, dass sie die Bust-Karte des Dealers nehmen und so weiter.  Die Casinos lieben es, das zu h\u00f6ren.<\/p>\n<p>Im Durchschnitt verliert man beim Stehen mit 12 gegen eine 3 $2.55.  Wer schl\u00e4gt, verliert mit durchschnittlich $2,31 etwas weniger.  Schlagen ist also um 24 Cent besser.<\/p>\n<\/div>\n<\/div>\n<hr>\n<div class=\"row\">\n<div class=\"col-xs-6 col-sm-4\"> Stehend:<\/p>\n<div class=\"red\"><i class=\"fa fa-arrow-down\" aria-hidden=\"true\"><\/i> $2.55<\/div>\n<\/div>\n<div class=\"col-xs-6 col-sm-4\"> Schlagen:<\/p>\n<div class=\"red\"><i class=\"fa fa-arrow-down\" aria-hidden=\"true\"><\/i> $2.31<\/div>\n<\/div>\n<div class=\"col-xs-12 col-sm-4\">\n<hr class=\"visible-xs\">\n          Was ist es wert?<\/p>\n<div class=\"text-success\">$0.24 <span class=\"red\">(HIT)<\/span><\/div>\n<\/div>\n<\/div>\n<\/div>\n<p>   <!-- Mistake 9-------------------------------------------------><\/p>\n<div class=\"mistake\">\n<div class=\"mistake-title\">\n<div class=\"mistake-number\">9<\/div>\n<p>        (Ass, 7) gegen H\u00e4ndler Zehn<\/p>\n<div class=\"correct-play\"><span class=\"black\">Das korrekte Spiel: <\/span>HIT<\/div>\n<div class=\"clearfix\"><\/div>\n<\/p><\/div>\n<div class=\"row\">\n<div class=\"col-sm-10 col-center\">\n<p>Die meisten Spieler spielen diese Hand falsch. Sie denken sich, warum eine 18 schlagen? Nun, ich werde Ihnen sagen, warum. Achtzehn ist ein schlechtes Blatt. Sie ist hier ein Verlierer, egal was passiert. Ja, Sie werden die Hand oft schlechter machen, wenn Sie sie schlagen, und Sie m\u00fcssen sie vielleicht mehrmals schlagen. Trotzdem l\u00fcgen die Zahlen nicht:<\/p>\n<\/p><\/div>\n<\/p><\/div>\n<hr>\n<div class=\"row\">\n<div class=\"col-xs-6 col-sm-4\"> Stehend:<\/p>\n<div class=\"red\"><i class=\"fa fa-arrow-down\" aria-hidden=\"true\"><\/i> $1.80<\/div>\n<\/p><\/div>\n<div class=\"col-xs-6 col-sm-4\"> Schlagen:<\/p>\n<div class=\"red\"><i class=\"fa fa-arrow-down\" aria-hidden=\"true\"><\/i> $1.43<\/div>\n<\/p><\/div>\n<div class=\"col-xs-12 col-sm-4\">\n<hr class=\"visible-xs\">\n          Was ist es wert?<\/p>\n<div class=\"text-success\">$0.37 <span class=\"red\">(HIT)<\/span><\/div>\n<\/p><\/div>\n<\/p><\/div>\n<\/p><\/div>\n<p>    <!-- Mistake 8-------------------------------------------------><\/p>\n<div class=\"mistake\">\n<div class=\"mistake-title\">\n<div class=\"mistake-number\">8<\/div>\n<p>        Beim Blackjack \"Even Money\" nehmen<\/p>\n<div class=\"correct-play\"><span class=\"black\">Das korrekte Spiel: <\/span>NICHT<\/div>\n<div class=\"clearfix\"><\/div>\n<\/p><\/div>\n<div class=\"row\">\n<div class=\"col-sm-10 col-center\">\n<p>Die H\u00e4ndler werden Ihnen sagen: \"Das ist die einzige sichere Wette im Casino\". Nun, ja, es ist eine sichere Sache. Aber sie hat ihren Preis. Even Money ist nur eine Versicherung unter einem anderen Namen, und wenn Sie nicht gerade Karten z\u00e4hlen, ist es eine bl\u00f6de Wette.<\/p>\n<\/p><\/div>\n<\/p><\/div>\n<hr>\n<div class=\"row\">\n<div class=\"col-xs-6 col-sm-4\"> Sogar Geld nehmen:<\/p>\n<div class=\"text-success\"><i class=\"fa fa-arrow-up\" aria-hidden=\"true\"><\/i> $10.00 (jedes Mal)<\/div>\n<\/p><\/div>\n<div class=\"col-xs-6 col-sm-4\"> Wir nehmen nicht einmal Geld:<\/p>\n<div class=\"text-success\"><i class=\"fa fa-arrow-up\" aria-hidden=\"true\"><\/i> $10.39 (im Durchschnitt)<\/div>\n<\/p><\/div>\n<div class=\"col-xs-12 col-sm-4\">\n<hr class=\"visible-xs\">\n          Was ist es wert?<\/p>\n<div class=\"text-success\">$0.39 <span class=\"red\">(DON'T)<\/span><\/div>\n<\/p><\/div>\n<\/p><\/div>\n<\/p><\/div>\n<p>    <!-- Mistake 7-------------------------------------------------><\/p>\n<div class=\"mistake\">\n<div class=\"mistake-title\">\n<div class=\"mistake-number\">7<\/div>\n<p>        12 gegen H\u00e4ndler 2<\/p>\n<div class=\"correct-play\"><span class=\"black\">Das korrekte Spiel: <\/span>HIT<\/div>\n<div class=\"clearfix\"><\/div>\n<\/p><\/div>\n<div class=\"row\">\n<div class=\"col-sm-10 col-center\">\n<p>Das ist genau wie 12 gegen 3, mit den gleichen dummen Ausreden. Aber jetzt sind die Zahlen noch \u00fcberzeugender...<\/p>\n<\/p><\/div>\n<\/p><\/div>\n<hr>\n<div class=\"row\">\n<div class=\"col-xs-6 col-sm-4\"> Stehend:<\/p>\n<div class=\"red\"><i class=\"fa fa-arrow-down\" aria-hidden=\"true\"><\/i> $2.96<\/div>\n<\/p><\/div>\n<div class=\"col-xs-6 col-sm-4\"> Schlagen:<\/p>\n<div class=\"red\"><i class=\"fa fa-arrow-down\" aria-hidden=\"true\"><\/i> $2.52<\/div>\n<\/p><\/div>\n<div class=\"col-xs-12 col-sm-4\">\n<hr class=\"visible-xs\">\n          Was ist es wert?<\/p>\n<div class=\"text-success\">$0.44 <span class=\"red\">(HIT)<\/span><\/div>\n<\/p><\/div>\n<\/p><\/div>\n<\/p><\/div>\n<p>    <!-- Mistake 6-------------------------------------------------><\/p>\n<div class=\"mistake\">\n<div class=\"mistake-title\">\n<div class=\"mistake-number\">6<\/div>\n<p>        (8,8) gegen Zehn<\/p>\n<div class=\"correct-play\"><span class=\"black\">Das korrekte Spiel: <\/span>SPLIT<\/div>\n<div class=\"clearfix\"><\/div>\n<\/p><\/div>\n<div class=\"row\">\n<div class=\"col-sm-10 col-center\">\n<p>Dies ist eine beliebte Frage. Viele Spieler hassen es, in einer Verlustsituation mehr Geld auf den Tisch zu legen. Klingt vern\u00fcnftig, oder? Nun, manchmal nicht. Hier ist ein gutes Beispiel. Indem wir weitere $10 setzen, werden wir ein wirklich schreckliches Blatt von 16 los und beginnen mit zwei ganz normalen schlechten Bl\u00e4ttern von 8. Wir werden immer noch Geld verlieren, aber weniger.<\/p>\n<\/p><\/div>\n<\/p><\/div>\n<hr>\n<div class=\"row mB15\">\n<div class=\"col-xs-4 col-sm-3\"> Stehend:<\/p>\n<div class=\"red\"><i class=\"fa fa-arrow-down\" aria-hidden=\"true\"><\/i> $5.37<\/div>\n<\/p><\/div>\n<div class=\"col-xs-4 col-sm-3\"> Schlagen:<\/p>\n<div class=\"red\"><i class=\"fa fa-arrow-down\" aria-hidden=\"true\"><\/i> $5.35<\/div>\n<\/p><\/div>\n<div class=\"col-xs-4 col-sm-3\"> Splitting:<\/p>\n<div class=\"red\"><i class=\"fa fa-arrow-down\" aria-hidden=\"true\"><\/i> $4.83<\/div>\n<\/p><\/div>\n<div class=\"col-xs-12 col-sm-3\">\n<hr class=\"visible-xs\">\n          Was ist es wert?<\/p>\n<div class=\"text-success\">$0.52 <span class=\"red\">(SPLIT)<\/span><\/div>\n<\/p><\/div>\n<\/p><\/div>\n<div class=\"small\">(Exception: In the European No-Hole-Card game, players should NOT split this hand because the dealer might end up with blackjack.<br \/>\n        In the US-style game, the dealer has already checked for blackjack.) <\/div>\n<\/p><\/div>\n<p>    <!-- Mistake 5-------------------------------------------------><\/p>\n<div class=\"mistake\">\n<div class=\"mistake-title\">\n<div class=\"mistake-number\">5<\/div>\n<p>        11 gegen H\u00e4ndler Zehn<\/p>\n<div class=\"correct-play\"><span class=\"black\">Das korrekte Spiel: <\/span>DOPPEL<\/div>\n<div class=\"clearfix\"><\/div>\n<\/p><\/div>\n<div class=\"row\">\n<div class=\"col-sm-10 col-center\">\n<p>Es ist eine Sache, in einer Verlierersituation nicht mehr Geld zu setzen, aber viele Leute entscheiden sich auch daf\u00fcr, die 11 gegen eine Dealer-Zehn nicht zu verdoppeln, obwohl sie die \"besten Chancen\" haben.<\/p>\n<\/p><\/div>\n<\/p><\/div>\n<hr>\n<div class=\"row mB15\">\n<div class=\"col-xs-6 col-sm-4\"> Schlagen:<\/p>\n<div class=\"text-success\"><i class=\"fa fa-arrow-up\" aria-hidden=\"true\"><\/i> $1.18<\/div>\n<\/p><\/div>\n<div class=\"col-xs-6 col-sm-4\"> Verdoppelung:<\/p>\n<div class=\"text-success\"><i class=\"fa fa-arrow-up\" aria-hidden=\"true\"><\/i> $1.78<\/div>\n<\/p><\/div>\n<div class=\"col-xs-12 col-sm-4\">\n<hr class=\"visible-xs\">\n          Was ist es wert?<\/p>\n<div class=\"text-success\">$0.60 <span class=\"red\">(DOPPEL)<\/span><\/div>\n<\/p><\/div>\n<\/p><\/div>\n<div class=\"small\">(Ausnahme: Im europ\u00e4ischen No-Hole-Card-Spiel sollten die Spieler dieses Blatt NICHT verdoppeln).<\/div>\n<\/p><\/div>\n<p>    <!-- Mistake 4-------------------------------------------------><\/p>\n<div class=\"mistake\">\n<div class=\"mistake-title\">\n<div class=\"mistake-number\">4<\/div>\n<p>        (Ass, 7) gegen H\u00e4ndler 9<\/p>\n<div class=\"correct-play\"><span class=\"black\">Das korrekte Spiel: <\/span>HIT<\/div>\n<div class=\"clearfix\"><\/div>\n<\/p><\/div>\n<div class=\"row\">\n<div class=\"col-sm-10 col-center\">\n<p>Dies ist ein weiterer Fehler, den die meisten Spieler machen. Und es f\u00e4ngt an, ziemlich teuer bei $0.85 pro Fehler zu werden. Z\u00f6gern Sie nicht einmal. Schlagen Sie zu.<\/p>\n<\/p><\/div>\n<\/p><\/div>\n<hr>\n<div class=\"row\">\n<div class=\"col-xs-6 col-sm-4\">Stehend:<\/p>\n<div class=\"red\"><i class=\"fa fa-arrow-down\" aria-hidden=\"true\"><\/i> $1.83<\/div>\n<\/p><\/div>\n<div class=\"col-xs-6 col-sm-4\">Schlagen:<\/p>\n<div class=\"red\"><i class=\"fa fa-arrow-down\" aria-hidden=\"true\"><\/i> $0.98<\/div>\n<\/p><\/div>\n<div class=\"col-xs-12 col-sm-4\">\n<hr class=\"visible-xs\">\n          Was ist es wert?<\/p>\n<div class=\"text-success\">$0.85 <span class=\"red\">(HIT)<\/span><\/div>\n<\/p><\/div>\n<\/p><\/div>\n<\/p><\/div>\n<p>    <!-- Mistake 3-------------------------------------------------><\/p>\n<div class=\"mistake\">\n<div class=\"mistake-title\">\n<div class=\"mistake-number\">3<\/div>\n<p>        (8,8) gegen H\u00e4ndler-Ass<\/p>\n<div class=\"correct-play\"><span class=\"black\">Das korrekte Spiel: <\/span>SPLIT<\/div>\n<div class=\"clearfix\"><\/div>\n<\/p><\/div>\n<div class=\"row\">\n<div class=\"col-sm-10 col-center\">\n<p>Es handelt sich um eine Wiederholung des Fehlers Nr. 6, nur dass er teurer ist. Es ist derselbe alte Widerwille, sich aus einer Notlage herauszukaufen.<\/p>\n<p>Es gibt drei M\u00f6glichkeiten, dieses miserable Blatt zu spielen:<\/p>\n<\/p><\/div>\n<\/p><\/div>\n<hr>\n<div class=\"row mB15\">\n<div class=\"col-xs-4 col-sm-3\">Stehend:<\/p>\n<div class=\"red\"><i class=\"fa fa-arrow-down\" aria-hidden=\"true\"><\/i> $6.63<\/div>\n<\/p><\/div>\n<div class=\"col-xs-4 col-sm-3\">Schlagen:<\/p>\n<div class=\"red\"><i class=\"fa fa-arrow-down\" aria-hidden=\"true\"><\/i> $5.14<\/div>\n<\/p><\/div>\n<div class=\"col-xs-4 col-sm-3\">Splitting:<\/p>\n<div class=\"red\"><i class=\"fa fa-arrow-down\" aria-hidden=\"true\"><\/i> $3.86<\/div>\n<\/p><\/div>\n<div class=\"col-xs-12 col-sm-3\">\n<hr class=\"visible-xs\">\n          Was ist es wert?<\/p>\n<div class=\"text-success\">$1.28 <span class=\"red\">(SPLIT)<\/span><\/div>\n<\/p><\/div>\n<\/p><\/div>\n<div class=\"small\">(Ausnahme: Im europ\u00e4ischen No-Hole-Card-Spiel sollten die Spieler dieses Blatt NICHT teilen).<\/div>\n<\/p><\/div>\n<p>    <!-- Mistake 2-------------------------------------------------><\/p>\n<div class=\"mistake\">\n<div class=\"mistake-title\">\n<div class=\"mistake-number\">2<\/div>\n<p>        (Ass, 6) gegen H\u00e4ndler 7<\/p>\n<div class=\"correct-play\"><span class=\"black\">Das korrekte Spiel: <\/span>HIT<\/div>\n<div class=\"clearfix\"><\/div>\n<\/p><\/div>\n<div class=\"row\">\n<div class=\"col-sm-10 col-center\">\n<p>Ich sch\u00e4tze, dass einige Leute hier einfach nur um einen Ansto\u00df spielen wollen. Aber, hier ist eine seltene Gelegenheit. Mit dieser Hand k\u00f6nnen Sie im Durchschnitt eine Verlustsituation in eine Gewinnsituation verwandeln. Es ist kein Zufall, dass dies auf Platz 2 rangiert. Es ist der zweitteuerste Fehler auf dieser Liste. Schlagen Sie einfach zu.<\/p>\n<\/p><\/div>\n<\/p><\/div>\n<hr>\n<div class=\"row\">\n<div class=\"col-xs-6 col-sm-4\">Stehend:<\/p>\n<div class=\"red\"><i class=\"fa fa-arrow-down\" aria-hidden=\"true\"><\/i> $1.04<\/div>\n<\/p><\/div>\n<div class=\"col-xs-6 col-sm-4\">Schlagen:<\/p>\n<div class=\"text-success\"><i class=\"fa fa-arrow-up\" aria-hidden=\"true\"><\/i> Gewinnt $0.55<\/div>\n<\/p><\/div>\n<div class=\"col-xs-12 col-sm-4\">\n<hr class=\"visible-xs\">\n          Was ist es wert?<\/p>\n<div class=\"text-success\">$1.59 <span class=\"red\">(HIT)<\/span><\/div>\n<\/p><\/div>\n<\/p><\/div>\n<\/p><\/div>\n<p>    <!-- Mistake 1-------------------------------------------------><\/p>\n<div class=\"mistake\">\n<div class=\"mistake-title\">\n<div class=\"mistake-number\">1<\/div>\n<p>        (Ass, Ass) gegen H\u00e4ndler Zehn<\/p>\n<div class=\"correct-play\"><span class=\"black\">Das korrekte Spiel: <\/span>SPLIT<\/div>\n<div class=\"clearfix\"><\/div>\n<\/p><\/div>\n<div class=\"row\">\n<div class=\"col-sm-10 col-center\">\n<p>Zum Gl\u00fcck sehe ich diesen Fehler nicht allzu oft. Aber ich sehe ihn gelegentlich. Wenn Sie Asse teilen, d\u00fcrfen Sie nur jeweils ein Ass ziehen. Einige fehlgeleitete Spieler denken, dass dies ein schlechtes Spiel ist. Wenn Sie das st\u00f6rt, sehen Sie es einfach als Verdopplung von zwei Elevens an. Und bedenken Sie, was es bedeutet, mit einem Blatt von 2 oder 12 zu beginnen. Das hier ist ein echter No-Brainer. Erh\u00f6hen Sie den Einsatz und teilen Sie. Jedes Mal.<\/p>\n<\/p><\/div>\n<\/p><\/div>\n<hr>\n<div class=\"row mB15\">\n<div class=\"col-xs-6 col-sm-4\">Schlagen:<\/p>\n<div class=\"red\"><i class=\"fa fa-arrow-down\" aria-hidden=\"true\"><\/i> $0.66<\/div>\n<\/p><\/div>\n<div class=\"col-xs-6 col-sm-4\">Splitting:<\/p>\n<div class=\"text-success\"><i class=\"fa fa-arrow-up\" aria-hidden=\"true\"><\/i> $1.82<\/div>\n<\/p><\/div>\n<div class=\"col-xs-12 col-sm-4\">\n<hr class=\"visible-xs\">\n          Was ist es wert?<\/p>\n<div class=\"text-success\">$2.48 <span class=\"red\">(SPLIT)<\/span><\/div>\n<\/p><\/div>\n<\/p><\/div>\n<div class=\"small\">(Dieses Spiel machen Sie auch im europ\u00e4ischen No-Hole-Card-Spiel. Asse zu teilen ist stark genug, um das Risiko zu rechtfertigen).<\/div>\n<\/p><\/div>\n<p>    <!-- Mistake end -------------------------------------------------><\/p>\n<p>\nNun, das war's.  Die \"Hall of Shame\" f\u00fcr h\u00e4ufige Strategiefehler.  Wie Sie sehen k\u00f6nnen, f\u00e4ngt das Zeug selbst bei $10 pro Hand an, sich zu summieren.\n<\/p>\n<p>\nWenn jeder Spieler die richtige Grundstrategie erlernen w\u00fcrde, k\u00f6nnten es sich die Kasinos nicht leisten, das Spiel, wie wir es kennen, anzubieten.  Die Spielfl\u00e4che w\u00fcrde im Handumdrehen in Spielautomaten umgewandelt werden.  Aber es scheint, als g\u00e4be es einen nicht enden wollenden Vorrat an Spielern, die es vorziehen, auf gut Gl\u00fcck zu spielen und die Casinos mit Geld zu versorgen.\n<\/p>\n<p>\nViel Gl\u00fcck, -Ken-\n<\/p>\n<hr>\n<p>\nDetails f\u00fcr die Besessenen: Die in diesem Artikel berechneten Dollarbetr\u00e4ge gehen von einem S17 DAS-Spiel mit 6 Kartendecks aus.  Die Hand des Spielers von 12 wird als (Zehn,2) angenommen. Die Spielerhand von 11 wird als (5,6) angenommen.  Andere Zusammensetzungen ergeben sehr leicht abweichende Betr\u00e4ge.<\/p>\n<\/div>","protected":false},"excerpt":{"rendered":"<p>If you play blackjack for an hour or two, your results will be pretty unpredictable. You may win a lot, or you may lose a lot. Most of the time, you&#8217;ll be somewhere in between. In the short-term, good luck or bad luck decides whether you&#8217;ll be a net winner or loser. However, if you [&hellip;]<\/p>\n","protected":false},"author":2,"featured_media":0,"parent":0,"menu_order":0,"comment_status":"open","ping_status":"closed","template":"","meta":{"_acf_changed":false,"footnotes":""},"tags":[],"class_list":["post-1499","page","type-page","status-publish","hentry"],"acf":[],"yoast_head":"<!-- This site is optimized with the Yoast SEO plugin v26.6 - https:\/\/yoast.com\/wordpress\/plugins\/seo\/ -->\n<title>Top Ten Blackjack Basic Strategy Mistakes<\/title>\n<meta name=\"description\" content=\"The Top Ten Mistakes Made by Blackjack Players.\" \/>\n<meta name=\"robots\" content=\"index, follow, max-snippet:-1, max-image-preview:large, max-video-preview:-1\" \/>\n<link rel=\"canonical\" href=\"https:\/\/www.blackjackinfo.com\/de\/top-ten-blackjack-grundstrategie-fehler\/\" \/>\n<meta property=\"og:locale\" content=\"de_DE\" \/>\n<meta property=\"og:type\" content=\"article\" \/>\n<meta property=\"og:title\" content=\"Top Ten Blackjack Basic Strategy Mistakes\" \/>\n<meta property=\"og:description\" content=\"The Top Ten Mistakes Made by Blackjack Players.\" \/>\n<meta property=\"og:url\" content=\"https:\/\/www.blackjackinfo.com\/de\/top-ten-blackjack-grundstrategie-fehler\/\" \/>\n<meta property=\"og:site_name\" content=\"BlackjackInfo.com\" \/>\n<meta property=\"article:modified_time\" content=\"2018-06-22T07:44:46+00:00\" \/>\n<meta name=\"twitter:label1\" content=\"Gesch\u00e4tzte Lesezeit\" \/>\n\t<meta name=\"twitter:data1\" content=\"5\u00a0Minuten\" \/>\n<script type=\"application\/ld+json\" class=\"yoast-schema-graph\">{\"@context\":\"https:\/\/schema.org\",\"@graph\":[{\"@type\":\"WebPage\",\"@id\":\"https:\/\/www.blackjackinfo.com\/top-ten-blackjack-basic-strategy-mistakes\/\",\"url\":\"https:\/\/www.blackjackinfo.com\/top-ten-blackjack-basic-strategy-mistakes\/\",\"name\":\"Top Ten Blackjack Basic Strategy Mistakes\",\"isPartOf\":{\"@id\":\"https:\/\/www.blackjackinfo.com\/#website\"},\"datePublished\":\"2014-12-23T05:06:06+00:00\",\"dateModified\":\"2018-06-22T07:44:46+00:00\",\"description\":\"The Top Ten Mistakes Made by Blackjack Players.\",\"breadcrumb\":{\"@id\":\"https:\/\/www.blackjackinfo.com\/top-ten-blackjack-basic-strategy-mistakes\/#breadcrumb\"},\"inLanguage\":\"de\",\"potentialAction\":[{\"@type\":\"ReadAction\",\"target\":[\"https:\/\/www.blackjackinfo.com\/top-ten-blackjack-basic-strategy-mistakes\/\"]}]},{\"@type\":\"BreadcrumbList\",\"@id\":\"https:\/\/www.blackjackinfo.com\/top-ten-blackjack-basic-strategy-mistakes\/#breadcrumb\",\"itemListElement\":[{\"@type\":\"ListItem\",\"position\":1,\"name\":\"Home\",\"item\":\"https:\/\/www.blackjackinfo.com\/\"},{\"@type\":\"ListItem\",\"position\":2,\"name\":\"Top Ten Blackjack Basic Strategy Mistakes\"}]},{\"@type\":\"WebSite\",\"@id\":\"https:\/\/www.blackjackinfo.com\/#website\",\"url\":\"https:\/\/www.blackjackinfo.com\/\",\"name\":\"BlackjackInfo.com\",\"description\":\"Because Winning is More Fun!\",\"potentialAction\":[{\"@type\":\"SearchAction\",\"target\":{\"@type\":\"EntryPoint\",\"urlTemplate\":\"https:\/\/www.blackjackinfo.com\/?s={search_term_string}\"},\"query-input\":{\"@type\":\"PropertyValueSpecification\",\"valueRequired\":true,\"valueName\":\"search_term_string\"}}],\"inLanguage\":\"de\"}]}<\/script>\n<!-- \/ Yoast SEO plugin. -->","yoast_head_json":{"title":"Top Ten Blackjack grundlegende Strategie Fehler","description":"Die zehn gr\u00f6\u00dften Fehler von Blackjack-Spielern.","robots":{"index":"index","follow":"follow","max-snippet":"max-snippet:-1","max-image-preview":"max-image-preview:large","max-video-preview":"max-video-preview:-1"},"canonical":"https:\/\/www.blackjackinfo.com\/de\/top-ten-blackjack-grundstrategie-fehler\/","og_locale":"de_DE","og_type":"article","og_title":"Top Ten Blackjack Basic Strategy Mistakes","og_description":"The Top Ten Mistakes Made by Blackjack Players.","og_url":"https:\/\/www.blackjackinfo.com\/de\/top-ten-blackjack-grundstrategie-fehler\/","og_site_name":"BlackjackInfo.com","article_modified_time":"2018-06-22T07:44:46+00:00","twitter_misc":{"Gesch\u00e4tzte Lesezeit":"5\u00a0Minuten"},"schema":{"@context":"https:\/\/schema.org","@graph":[{"@type":"WebPage","@id":"https:\/\/www.blackjackinfo.com\/top-ten-blackjack-basic-strategy-mistakes\/","url":"https:\/\/www.blackjackinfo.com\/top-ten-blackjack-basic-strategy-mistakes\/","name":"Top Ten Blackjack grundlegende Strategie Fehler","isPartOf":{"@id":"https:\/\/www.blackjackinfo.com\/#website"},"datePublished":"2014-12-23T05:06:06+00:00","dateModified":"2018-06-22T07:44:46+00:00","description":"Die zehn gr\u00f6\u00dften Fehler von Blackjack-Spielern.","breadcrumb":{"@id":"https:\/\/www.blackjackinfo.com\/top-ten-blackjack-basic-strategy-mistakes\/#breadcrumb"},"inLanguage":"de","potentialAction":[{"@type":"ReadAction","target":["https:\/\/www.blackjackinfo.com\/top-ten-blackjack-basic-strategy-mistakes\/"]}]},{"@type":"BreadcrumbList","@id":"https:\/\/www.blackjackinfo.com\/top-ten-blackjack-basic-strategy-mistakes\/#breadcrumb","itemListElement":[{"@type":"ListItem","position":1,"name":"Home","item":"https:\/\/www.blackjackinfo.com\/"},{"@type":"ListItem","position":2,"name":"Top Ten Blackjack Basic Strategy Mistakes"}]},{"@type":"WebSite","@id":"https:\/\/www.blackjackinfo.com\/#website","url":"https:\/\/www.blackjackinfo.com\/","name":"BlackjackInfo.de","description":"Denn Gewinnen macht mehr Spa\u00df!","potentialAction":[{"@type":"SearchAction","target":{"@type":"EntryPoint","urlTemplate":"https:\/\/www.blackjackinfo.com\/?s={search_term_string}"},"query-input":{"@type":"PropertyValueSpecification","valueRequired":true,"valueName":"search_term_string"}}],"inLanguage":"de"}]}},"_links":{"self":[{"href":"https:\/\/www.blackjackinfo.com\/de\/wp-json\/wp\/v2\/pages\/1499","targetHints":{"allow":["GET"]}}],"collection":[{"href":"https:\/\/www.blackjackinfo.com\/de\/wp-json\/wp\/v2\/pages"}],"about":[{"href":"https:\/\/www.blackjackinfo.com\/de\/wp-json\/wp\/v2\/types\/page"}],"author":[{"embeddable":true,"href":"https:\/\/www.blackjackinfo.com\/de\/wp-json\/wp\/v2\/users\/2"}],"replies":[{"embeddable":true,"href":"https:\/\/www.blackjackinfo.com\/de\/wp-json\/wp\/v2\/comments?post=1499"}],"version-history":[{"count":14,"href":"https:\/\/www.blackjackinfo.com\/de\/wp-json\/wp\/v2\/pages\/1499\/revisions"}],"predecessor-version":[{"id":3729,"href":"https:\/\/www.blackjackinfo.com\/de\/wp-json\/wp\/v2\/pages\/1499\/revisions\/3729"}],"wp:attachment":[{"href":"https:\/\/www.blackjackinfo.com\/de\/wp-json\/wp\/v2\/media?parent=1499"}],"wp:term":[{"taxonomy":"post_tag","embeddable":true,"href":"https:\/\/www.blackjackinfo.com\/de\/wp-json\/wp\/v2\/tags?post=1499"}],"curies":[{"name":"wp","href":"https:\/\/api.w.org\/{rel}","templated":true}]}}