{"id":1509,"date":"2015-01-02T21:45:47","date_gmt":"2015-01-03T03:45:47","guid":{"rendered":"https:\/\/www.blackjackinfo.com\/?page_id=1509"},"modified":"2018-09-06T01:27:56","modified_gmt":"2018-09-06T06:27:56","slug":"jenseits-der-wong-turniertipps-die-onkel-stanford-dir-nie-erzahlt-hat","status":"publish","type":"page","link":"https:\/\/www.blackjackinfo.com\/de\/blackjack-tournaments\/beyond-wong-tournament-tips-uncle-stanford-never-told-you\/","title":{"rendered":"Jenseits von Wong - Ein paar Turniertipps, die Onkel Stanford dir nie erz\u00e4hlt hat"},"content":{"rendered":"<div class=\"bji-byline\">von <a href=\"http:\/\/www.huntingtonpress.com\/go\/authors\/curtis-anthony\">Anthony Curtis<\/a>.<\/div>\n<div class=\"panel smaller\">\n<p>Dieser Artikel wird hier mit der freundlichen Genehmigung von Anthony Curtis ver\u00f6ffentlicht. Er erschien urspr\u00fcnglich in der Zeitschrift Blackjack Forum und unter <a href=\"http:\/\/www.lasvegasadvisor.com\">Las Vegas-Berater<\/a>.<\/p>\n<\/div>\n<div class=\"panel smaller\">\n<p><i>Anmerkung von Anthony Curtis:<\/i><\/p>\n<p><i>Die Ausstrahlung der ersten Sendung von GSN <b>World Series of Blackjack<\/b> brachte eine Flut von E-Mails und Anrufen mit sich, in denen ich oft gefragt wurde, warum ich so gespielt habe, wie ich es tat. Mir ist klar, dass dies f\u00fcr viele die erste Begegnung mit einem Turnierspiel war; daher sah vieles von dem, was Sie sahen, seltsam aus. Es ist wichtig, sich klarzumachen, dass das Spielen eines Turniers oft eine Strategie erfordert, die sich stark von der eines Live-Spiels unterscheidet. Nachdem Sie \u00fcber Turniere gelesen und einige davon gespielt oder beobachtet haben, werden Sie ein grundlegendes Verst\u00e4ndnis daf\u00fcr entwickeln.<\/i><\/p>\n<p>Interessanter waren jedoch die Fragen von vielen, die bereits an Turnieren teilgenommen hatten. Einige waren schockiert, als sie sahen, dass ich Dinge tat, die sich von dem unterschieden, was sie im Klassiker von Stanford Wong gelesen hatten <a href=\"http:\/\/www.amazon.com\/dp\/0935926224\/?tag=theblackjacbasic\">Casino-Turnier-Strategie<\/a>. Warum habe ich \"gegen die Regeln versto\u00dfen\"? Ein Teil der Antwort findet sich in dem folgenden Artikel, der urspr\u00fcnglich in der folgenden Zeitschrift ver\u00f6ffentlicht wurde <b>Blackjack Forum<\/b>. Achten Sie besonders auf die lange Liste von \u00dcberlegungen, die bei der Entscheidung, wie eine bestimmte Runde am besten zu spielen ist, eine Rolle spielen, und machen Sie sich klar, dass diese Liste nur einen Ausschnitt darstellt.<\/p>\n<p><i>(Zusatz der Redaktion: Es gibt eine Zusammenfassung von Anthonys Tisch in WSOBJ Saison I hier: <a href=\"https:\/\/www.blackjacktournaments.com\/threads\/world-series-of-blackjack-on-gsn-episode-1.80\/\">World Series of Blackjack, Saison 1, Episode 1<\/a>.)<\/i><\/p>\n<\/div>\n<p>Eines Abends, Ende 1985, klingelte mein Telefon. Es war ein Anruf, auf den ich als einen der wichtigsten meines Lebens zur\u00fcckblicke.<\/p>\n<p>Am anderen Ende der Leitung sa\u00df Stanford Wong, der, wie es seine Gewohnheit ist, sofort zur Sache kam.<\/p>\n<p>\"Ich bilde eine Turniermannschaft\", sagte er. \"Wir sind zu viert und ich denke, f\u00fcnf w\u00e4ren eine gute, effiziente Gruppe. Ich habe an dich gedacht. H\u00e4ttest du Lust, mit uns zu spielen?\"<\/p>\n<p>Ich war schockiert. Wong war einer meiner fr\u00fchesten Gl\u00fccksspiel-Helden. Wir hatten eine kurze Korrespondenz gef\u00fchrt und uns einmal getroffen. Jetzt rief er mich in meiner Ein-Zimmer-Wohnung an und bat mich, seinem Team beizutreten. Es war, als w\u00fcrde ein Football-Hoffnungstr\u00e4ger einen Anruf von den 49ers erhalten. Ein Traum wird wahr...<\/p>\n<p>\"N-n-nein\", stotterte ich.<\/p>\n<p>\"Warum nicht?\"<\/p>\n<p>\"Ich bin ein guter Blackjack-Spieler, aber Turniere sind eine andere Welt. Ich habe keine Ahnung davon.\"<\/p>\n<p>\"Ich auch nicht\", sagte Wong, \"aber ich habe ein paar Ideen. Wir werden alle zusammen lernen.\"<\/p>\n<p>Und so begann eine unglaubliche Erfahrung, die mir eine Menge Geld (und sogar ein wenig Ruhm) einbrachte.<\/p>\n<p>Inzwischen kennen viele von Ihnen die Geschichte. Stanford Wong erkannte die Gelegenheit und konstruierte ein Computermodell, um das Turnier-Blackjack-Endspiel zu analysieren. Er stellte seine Ergebnisse in Spiralheften zusammen und gab sie an mich und die anderen Mitglieder des Teams weiter (die Informationen in diesen geheimen Spiralheften sind jetzt in Wongs Buch zu finden), <a href=\"http:\/\/www.amazon.com\/dp\/0935926224\/?tag=theblackjacbasic\">Casino-Turnier-Strategie<\/a>). Etwa zwei Jahre lang reisten wir viel, um an Turnieren teilzunehmen - Reno, Tahoe, Atlantic City, die Bahamas und Aruba. Drei sehr erfolgreiche Jahre sp\u00e4ter l\u00f6ste sich das Team auf. Es sei darauf hingewiesen, dass Wong nicht der erste war, der Turniere erfand. Als wir auf den Plan traten, nutzten die Spieler diese Konzepte bereits. Sp\u00e4ter erfuhr ich, dass sie die Turniere jahrelang dominiert hatten, und zwar zu einer Zeit, als die Preise noch viel h\u00f6her waren als heute.<\/p>\n<p>Wong wusste von Anfang an, dass er sich nur ein paar Jahre lang dem ernsthaften Turnierspiel widmen w\u00fcrde. Er wollte das gro\u00dfe Buch \u00fcber dieses Thema schreiben und sich dann anderen Dingen zuwenden. Ich hingegen sah Turniere als eine tiefe Quelle (von Gewinnen), die ich noch lange Zeit nutzen konnte. Einige der anderen Jungs (und M\u00e4dels), die zu dieser Zeit aufgestiegen sind, sahen das genauso. Wir schlossen Freundschaften, redeten viel, spielten zusammen und entwickelten die Kunst weiter.<\/p>\n<p>Da wir jung und ungest\u00fcm waren, wollten meine Kumpels und ich die Turnierwelt beherrschen. Wir blieben bis sp\u00e4t in die Nacht auf und diskutierten \u00fcber die Runden des Tages, wenn wir gespielt hatten, oder \u00fcber allgemeine Strategien, wenn wir nicht gespielt hatten. Wir nahmen alles auseinander, was uns einen Vorteil verschaffen k\u00f6nnte, und die Gespr\u00e4che wurden immer esoterischer, je mehr Freigetr\u00e4nke wir zu uns nahmen. Zu den Diskussionsthemen geh\u00f6rten: Endspiel, Mittelspiel, geheime Wetten, Playoffs, Anpassungen an das Format, positionelle \u00dcberlegungen, Vor- und Nachteile der Korrelation, Erzeugung von Swings, Techniken zum Z\u00e4hlen von Chips, Tendenzen der Gegner, Shuffle-Tracking in Turnieren, Hole-Carding in Turnieren, Tells in Turnieren (durch Dealer und Spieler), Zeitmanagement in zeitlich begrenzten Turnieren, wie man den Regelversto\u00df eines Spielers ausnutzt, wie man den Fehler eines Dealers ausnutzt, wie man seinen Ruf ausnutzt, wie man spielt, wenn man unbekannt ist, wie man mit mehr als einem von uns am Tisch spielt, wie man mit einem anderen Experten am Tisch umgeht, wie man sich bei der Auslosung eine gute Tischposition sichert, wie man einen Gegner dazu bringt, au\u00dfer der Reihe zu setzen, wie man seine Gegner beeinflusst, indem man au\u00dfer der Reihe setzt, und nat\u00fcrlich, wie man am besten ein Date mit der gut aussehenden Assistentin des Turnierdirektors bekommt (eine F\u00e4higkeit, die ich nie ganz beherrscht habe). Denken Sie daran, dass ich hier nur von Blackjack-Turnieren spreche; es gab noch ganz andere Themen f\u00fcr Craps, Keno usw. Der Punkt ist, dass wir eine Menge Zeit au\u00dferhalb der Seiten von Wongs Turnierhandbuch verbracht haben.<\/p>\n<p>Heutzutage nehme ich nicht mehr so oft an den Turnieren teil wie fr\u00fcher, deshalb m\u00f6chte ich Ihnen ein paar unserer Schlussfolgerungen verraten. Seien Sie jedoch nicht zu begeistert. Verglichen mit dem Wert der Informationen in Casino-Turnierstrategie und der St\u00e4rke der einzigartigen Taktik, Ihr Geld zu setzen (siehe Bomben weg), sind diese Informationen von geringem Wert. Andererseits k\u00f6nnten Sie vielleicht einen Leckerbissen aufschnappen, der Sie durch ein oder zwei zus\u00e4tzliche Runden bringt.<\/p>\n<h2 class=\"text-center\">Klug w\u00e4hlen<\/h2>\n<p>Eine einfache M\u00f6glichkeit zur Verbesserung der Ergebnisse (unabh\u00e4ngig von der Spielst\u00e4rke) besteht darin, bei der Auswahl der Turniere, an denen Sie teilnehmen, w\u00e4hlerisch zu sein. Hier spielen mehrere Faktoren eine Rolle, aber die Spielst\u00e4rke ist das grundlegende Ma\u00df f\u00fcr die Spielf\u00e4higkeit. Equity ist der Prozentsatz der eingenommenen Startgelder, der in Form von Preisgeldern zur\u00fcckflie\u00dft. Das ist ein wichtiger Faktor. Jedes Mal, wenn der Preispool weniger als 100% einbringt, m\u00fcssen Sie eine Entscheidung treffen. Sind Sie dem Durchschnittsspieler in diesem Turnier \u00fcberlegen genug, um den Fehlbetrag auszugleichen? Egal, wer Sie sind, es gibt immer einen Punkt, an dem die Antwort \"Nein\" lauten muss. Je besser Sie diesen Prozentsatz einsch\u00e4tzen k\u00f6nnen, desto besser werden Ihre Ergebnisse sein. Heutzutage lasse ich immer mehr Turniere ausfallen, weil das Niveau der Teilnehmer dramatisch gestiegen ist. Wenn der durchschnittliche Spieler ann\u00e4hernd so gut ist wie ich, dann bietet selbst ein Turnier mit einer Gewinnaussch\u00fcttung von ann\u00e4hernd 100% eine zu geringe Rendite, als dass es sich aus rein monet\u00e4rer Sicht lohnen w\u00fcrde, daran teilzunehmen.<\/p>\n<p>Oft gibt es zus\u00e4tzliche \u00dcberlegungen. In meinem Fall habe ich den einzigartigen Luxus, an Turnieren teilnehmen zu k\u00f6nnen, bei denen ich dank des Werbewertes, den ich durch den Gewinn erhalte, einen kleinen Vorteil habe. Wenn ich den Wert berechne, weise ich dem Preispool manchmal den doppelten oder dreifachen Wert zu, weil der Gewinn der Meisterschaft meiner Karriere als Gl\u00fccksspielautor mehr Glaubw\u00fcrdigkeit verleiht. Ein Profi zum Beispiel k\u00f6nnte die schwer zu erlangende Praxis, die er durch das Spielen erh\u00e4lt, mit einem Mehrwert versehen. Ein Neuling k\u00f6nnte seine Teilnahme mit dem Urlaubswert rechtfertigen - er gleicht die Differenz durch ein kostenloses Zimmer, Freikarten, Partys, Getr\u00e4nke und andere Verg\u00fcnstigungen aus, die mit der Turnierteilnahme einhergehen. Ich kenne viele Leute, die einfach nur gerne an Turnieren teilnehmen. F\u00fcr sie mindert der Spa\u00dffaktor die Eigenkapitalanforderungen.<\/p>\n<p>Es gibt noch zwei weitere Tatsachen, die einem buchst\u00e4blich ins Auge springen, wenn man umfangreiche Aufzeichnungen von Turnierergebnissen untersucht. Erstens: Fr\u00fchbucherrabatte sind wertvoll. Planen Sie fr\u00fch genug, um die damit verbundenen Einsparungen nutzen zu k\u00f6nnen. Zweitens: Verluste \u00fcber den Tisch hinaus stellen einen gro\u00dfen Kostenfaktor dar. Turniere mit hohen Eintrittspreisen und niedrigen Buy-ins sind w\u00fcnschenswert. Turniere, die mit Spielgeld ausgetragen werden, sind in der Regel die besten von allen.<\/p>\n<h2 class=\"text-center\">Verlassen Sie sich nicht darauf<\/h2>\n<p>Ich reibe mir immer die H\u00e4nde, wenn ich an einem Turniertisch Kartenz\u00e4hler treffe. Warum eigentlich? Weil sie so vorhersehbar sind. Ein wichtiger Spielzug bei Turnieren ist es, die Gelegenheit f\u00fcr einen Swing zu schaffen, wenn man hinten liegt. Das bedeutet in der Regel, dass man viel wettet, wenn die Gegner wenig wetten (oder andersherum). Dies kann problematisch sein, wenn der Hauptgegner nach Ihnen setzt, weil er Ihre Eins\u00e4tze einfach in dem Ma\u00dfe spiegeln kann, wie es ihm beliebt. Da manche Kartenz\u00e4hler sich lieber \u00f6ffentlich anprangern lassen, als ihre Eins\u00e4tze in ein negatives Deck zu erh\u00f6hen, k\u00f6nnen Sie jederzeit einen potenziellen Swing erzeugen, indem Sie einfach gegen den Count setzen.<\/p>\n<p>Das bemerkenswerteste Beispiel daf\u00fcr ist mir bei einem gro\u00dfen Turnier auf den Bahamas begegnet. Ich sa\u00df an einem Tisch mit f\u00fcnf Spielern und alle meine Gegner waren eingefleischte Kartenz\u00e4hler. Nach einem Drittel der Runde wurde der Schuh positiv und die vier anderen sprangen darauf an. Da ich bereits einige Maximaleins\u00e4tze verloren hatte, war ich froh, sie ziehen zu lassen, in der Hoffnung, dass der Dealer sie mit ein paar guten H\u00e4nden wieder zu mir zur\u00fcckbringen w\u00fcrde. Aber als der Schuh zu Ende war, war ich es auch. Die vier waren in einem toten Rennen um die F\u00fchrung, etwa acht Maximaleins\u00e4tze vor mir. In Anbetracht des Ein-Personen-Advance-Formats war ich so gut wie verloren. Der n\u00e4chste Shoe ging jedoch schnell ins Minus. Ich machte einen Maximaleinsatz, w\u00e4hrend alle anderen den Mindesteinsatz setzten. Ich gewann und gewann einen Einsatz. Als wir weiterspielten, machte ich mir nicht einmal Gedanken dar\u00fcber, was ich bekommen hatte. Ich war damit besch\u00e4ftigt zu beten, dass der Count negativ bleiben w\u00fcrde, damit ich weiterhin der einzige gro\u00dfe Setzer sein w\u00fcrde. Das tat ich auch, und in der letzten Runde musste ich nur noch meinen Einsatz gewinnen, um f\u00fcr $250.000 ins Vierer-Finale einzuziehen (leider wurde mein bemerkenswertes Comeback nicht vollendet). Nach der Runde kam einer der Spieler, der mich als Kartenz\u00e4hler kannte, auf mich zu und sagte: \"Sch\u00f6nes Comeback, aber warum hast du so viel auf diesen riesigen negativen Count gesetzt?\" Die Frage war noch l\u00e4cherlicher, als es offensichtlich ist - wir spielten mit Falschgeld.<\/p>\n<p>Das ist zwar ein anschauliches Beispiel, aber keineswegs das Hauptproblem beim Z\u00e4hlen von Karten in Turnieren. Wenn Sie wissen, wie man z\u00e4hlt, werden Sie es w\u00e4hrend des Spiels tun, und daran ist in der Anfangsphase auch nichts auszusetzen. Tats\u00e4chlich ist es so, dass in One-Advance-Formaten, in denen es fast sicher ist, dass Sie irgendwann w\u00e4hrend der Runde mindestens einen (vorzugsweise unkorrelierten) gro\u00dfen Einsatz machen m\u00fcssen, ein fr\u00fchzeitiger Einsatz nach dem Z\u00e4hlen Ihre Ergebnisse am Tisch verbessern wird. Aber in den letzten f\u00fcnf bis zehn H\u00e4nden sind Sie aufgeschmissen, wenn Sie den Count auf Kosten all der wichtigeren Dinge beibehalten, die es zu beachten gilt, wie etwa eine genaue Abrechnung der drohenden Bankrolls.<\/p>\n<h2 class=\"text-center\">Position Disposition<\/h2>\n<p>Nur wenige Spieler schenken der Position die Aufmerksamkeit, die sie verdient. Es ist wichtig, dass Sie Ihren gesamten Spielplan auf der Wettreihenfolge der letzten Hand aufbauen, insbesondere im One-Advance-Format. Kurz gesagt: Je schlechter Ihre Position am Ende ist, desto aggressiver m\u00fcssen Sie sein, bevor Sie dort ankommen. Wenn Ihre Position durch einen W\u00fcrfelwurf oder ein Unentschieden am Tisch bestimmt wird, m\u00fcssen Sie sofort berechnen, wo Sie in der letzten Runde setzen werden (falls alle es so weit schaffen), und dann entsprechend spielen. Sie m\u00fcssen auch darauf vorbereitet sein, neu zu kalkulieren und Ihre Strategie zu \u00e4ndern, wenn Spieler aussteigen und die Reihenfolge der letzten Hand \u00e4ndern. Positionsbezogene \u00dcberlegungen sind \u00fcbrigens bei anderen Turnieren als Blackjack viel wichtiger (und komplizierter), z. B. beim Craps.<\/p>\n<h2 class=\"text-center\">Es ist besser, wenn man gemocht wird<\/h2>\n<p>Die erfolgreichsten Kartenz\u00e4hler verbringen viel Zeit damit, sicherzustellen, dass die Willkommensmatte drau\u00dfen bleibt. Man w\u00fcrde erwarten, dass Turnierspieler das Gleiche tun, aber das tun sie nicht. Aus irgendeinem Grund kann der typische Turnierexperte nicht widerstehen, seine Talente zur Schau zu stellen, und zwar nicht so sehr vor den Casinos oder anderen Kunden, sondern voreinander. Turnierspieler versammeln sich in Gruppen und Cliquen, analysieren offen jeden Zug, den sie und ihre Mitspieler w\u00e4hrend des Spiels machen, und machen nicht ganz so subtile Witze \u00fcber das nicht optimale Spiel der weniger Informierten. Die Turnierprofis m\u00fcssen erkennen, dass gerade die Spieler, die sie ausnutzen, oft die besten Kunden des Casinos sind. Wenn man sie genug \u00e4rgert, beschweren sie sich irgendwann bei der Casinobetriebsleitung, und dann ist es vorbei mit der Willkommenskultur. Die Kasinos werden nicht riskieren, ihre guten Kunden um ein paar Eintrittsgelder zu verlieren.<\/p>\n<p>Einige dieser esoterischen Diskussionen, die ich vorhin erw\u00e4hnte, hatten damit zu tun, wie viel Spielraum man den regul\u00e4ren Casinokunden bei Fehlern (Regelverst\u00f6\u00dfe, zu hohe Zahlungen usw.) einr\u00e4umt, bevor man einen Einwand erhebt, der sich einen Feind machen k\u00f6nnte. Untersch\u00e4tzen Sie diese \u00dcberlegung nicht. Einige der erfolgreichsten Langzeit-Turniergewinner, die ich kenne, geh\u00f6ren auch zu den sympathischsten Menschen, die ich je getroffen habe.<\/p>\n<h2 class=\"text-center\">Bombs Away<\/h2>\n<p>Wenn Sie sich mit Turnieren befasst haben, wissen Sie wahrscheinlich schon, was ich jetzt sagen werde. Aber es ist so wichtig, dass ich mir nicht vorstellen kann, \u00fcber Turnierspiele zu sprechen, ohne es zu erw\u00e4hnen. Keine andere Strategie ist so wirkungsvoll wie diese: Setzen Sie Ihr Geld, wenn Sie im R\u00fcckstand sind. Ein Turnier ist ein Feuergefecht, und die Chips sind Ihre Kugeln. Sie m\u00fcssen diese Kugeln abfeuern, bis Sie entweder die Schie\u00dferei gewinnen oder Ihnen die Munition ausgeht. Wenn es hei\u00df hergeht und Sie nicht sicher sind, was Sie tun sollen, wenden Sie diese Regel an: Im Zweifelsfall l\u00f6sche sie. Das tue ich. Maximal zu setzen ist vielleicht nicht das beste Spiel, aber es ist selten das schlechteste.<\/p>\n<p>Ich habe einmal an einem Mini-Turnier teilgenommen, bei dem der ganze Tisch vom Wettfieber befallen war. Es war eine wilde Angelegenheit, bei der f\u00fcnf von uns einen Buy-in von $500 in mehr als $2.000 verwandelten. Als sich der Rauch lichtete, war ich zusammen mit einem jungen Flieger von der Nellis Air Force Base, der sein erstes Turnier \u00fcberhaupt spielte, weitergekommen. Der Flieger hatte sich schnell eingefunden und setzte jedes Mal den Maximalbetrag, wenn der Chipstapel eines anderen Spielers seinen \u00fcberstieg. Nach der Runde sprang der aufgeregte Flieger von seinem Sitz auf, rannte zu seiner Freundin und rief: \"Da ging es nicht ums Kartenspielen. Es ging ums Wetten!\" Wahre Worte...<\/p>\n<hr \/>\n<p>Weitere Artikel \u00fcber Blackjack-Turniere und Turnierstrategien findest du hier:<br \/>\nR\u00fcckkehr zum <a href=\"\/blackjack-tournaments\/\">Abschnitt Blackjack-Turniere<\/a>, oder<br \/>\nBesuchen Sie unsere Schwesterseite, die sich ganz den Turnieren widmet: <a href=\"https:\/\/www.blackjacktournaments.com\/\">BlackjackTurniere.de<\/a>.<\/p>","protected":false},"excerpt":{"rendered":"<p>by Anthony Curtis. This article is published here with the kind permission of Anthony Curtis. It originally appeared in Blackjack Forum magazine and at Las Vegas Advisor. Note from Anthony Curtis: The airing of GSN&#8217;s first World Series of Blackjack brought a flood of e-mail and phone calls, much of it asking why I played [&hellip;]<\/p>\n","protected":false},"author":2,"featured_media":0,"parent":1052,"menu_order":8,"comment_status":"open","ping_status":"closed","template":"page-with-sidebar.php","meta":{"_acf_changed":false,"footnotes":""},"tags":[],"class_list":["post-1509","page","type-page","status-publish","hentry"],"acf":[],"yoast_head":"<!-- This site is optimized with the Yoast SEO plugin v26.6 - https:\/\/yoast.com\/wordpress\/plugins\/seo\/ -->\n<title>Beyond Wong - A Few Tournament Tips Uncle Stanford Never Told You<\/title>\n<meta name=\"description\" content=\"Tournament expert Anthony Curtis looks at how blackjack tournament strategy has evolved beyond the basics covered by Stanford Wong in his popular book.\" \/>\n<meta name=\"robots\" content=\"index, follow, max-snippet:-1, max-image-preview:large, max-video-preview:-1\" \/>\n<link rel=\"canonical\" href=\"https:\/\/www.blackjackinfo.com\/de\/blackjack-turniere\/jenseits-der-wong-turniertipps-die-onkel-stanford-dir-nie-erzahlt-hat\/\" \/>\n<meta property=\"og:locale\" content=\"de_DE\" \/>\n<meta property=\"og:type\" content=\"article\" \/>\n<meta property=\"og:title\" content=\"Beyond Wong - A Few Tournament Tips Uncle Stanford Never Told You\" \/>\n<meta property=\"og:description\" content=\"Tournament expert Anthony Curtis looks at how blackjack tournament strategy has evolved beyond the basics covered by Stanford Wong in his popular book.\" \/>\n<meta property=\"og:url\" content=\"https:\/\/www.blackjackinfo.com\/de\/blackjack-turniere\/jenseits-der-wong-turniertipps-die-onkel-stanford-dir-nie-erzahlt-hat\/\" \/>\n<meta property=\"og:site_name\" content=\"BlackjackInfo.com\" \/>\n<meta property=\"article:modified_time\" content=\"2018-09-06T06:27:56+00:00\" \/>\n<meta name=\"twitter:label1\" content=\"Gesch\u00e4tzte Lesezeit\" \/>\n\t<meta name=\"twitter:data1\" content=\"12\u00a0Minuten\" \/>\n<script type=\"application\/ld+json\" class=\"yoast-schema-graph\">{\"@context\":\"https:\/\/schema.org\",\"@graph\":[{\"@type\":\"WebPage\",\"@id\":\"https:\/\/www.blackjackinfo.com\/blackjack-tournaments\/beyond-wong-tournament-tips-uncle-stanford-never-told-you\/\",\"url\":\"https:\/\/www.blackjackinfo.com\/blackjack-tournaments\/beyond-wong-tournament-tips-uncle-stanford-never-told-you\/\",\"name\":\"Beyond Wong - A Few Tournament Tips Uncle Stanford Never Told You\",\"isPartOf\":{\"@id\":\"https:\/\/www.blackjackinfo.com\/#website\"},\"datePublished\":\"2015-01-03T03:45:47+00:00\",\"dateModified\":\"2018-09-06T06:27:56+00:00\",\"description\":\"Tournament expert Anthony Curtis looks at how blackjack tournament strategy has evolved beyond the basics covered by Stanford Wong in his popular book.\",\"breadcrumb\":{\"@id\":\"https:\/\/www.blackjackinfo.com\/blackjack-tournaments\/beyond-wong-tournament-tips-uncle-stanford-never-told-you\/#breadcrumb\"},\"inLanguage\":\"de\",\"potentialAction\":[{\"@type\":\"ReadAction\",\"target\":[\"https:\/\/www.blackjackinfo.com\/blackjack-tournaments\/beyond-wong-tournament-tips-uncle-stanford-never-told-you\/\"]}]},{\"@type\":\"BreadcrumbList\",\"@id\":\"https:\/\/www.blackjackinfo.com\/blackjack-tournaments\/beyond-wong-tournament-tips-uncle-stanford-never-told-you\/#breadcrumb\",\"itemListElement\":[{\"@type\":\"ListItem\",\"position\":1,\"name\":\"Home\",\"item\":\"https:\/\/www.blackjackinfo.com\/\"},{\"@type\":\"ListItem\",\"position\":2,\"name\":\"Blackjack Tournament Strategy\",\"item\":\"https:\/\/www.blackjackinfo.com\/blackjack-tournaments\/\"},{\"@type\":\"ListItem\",\"position\":3,\"name\":\"Beyond Wong &#8211; A Few Tournament Tips Uncle Stanford Never Told You\"}]},{\"@type\":\"WebSite\",\"@id\":\"https:\/\/www.blackjackinfo.com\/#website\",\"url\":\"https:\/\/www.blackjackinfo.com\/\",\"name\":\"BlackjackInfo.com\",\"description\":\"Because Winning is More Fun!\",\"potentialAction\":[{\"@type\":\"SearchAction\",\"target\":{\"@type\":\"EntryPoint\",\"urlTemplate\":\"https:\/\/www.blackjackinfo.com\/?s={search_term_string}\"},\"query-input\":{\"@type\":\"PropertyValueSpecification\",\"valueRequired\":true,\"valueName\":\"search_term_string\"}}],\"inLanguage\":\"de\"}]}<\/script>\n<!-- \/ Yoast SEO plugin. -->","yoast_head_json":{"title":"Jenseits von Wong - Ein paar Turniertipps, die Onkel Stanford dir nie erz\u00e4hlt hat","description":"Der Turnierexperte Anthony Curtis zeigt auf, wie sich die Blackjack-Turnierstrategie \u00fcber die Grundlagen hinaus entwickelt hat, die Stanford Wong in seinem beliebten Buch behandelt.","robots":{"index":"index","follow":"follow","max-snippet":"max-snippet:-1","max-image-preview":"max-image-preview:large","max-video-preview":"max-video-preview:-1"},"canonical":"https:\/\/www.blackjackinfo.com\/de\/blackjack-turniere\/jenseits-der-wong-turniertipps-die-onkel-stanford-dir-nie-erzahlt-hat\/","og_locale":"de_DE","og_type":"article","og_title":"Beyond Wong - A Few Tournament Tips Uncle Stanford Never Told You","og_description":"Tournament expert Anthony Curtis looks at how blackjack tournament strategy has evolved beyond the basics covered by Stanford Wong in his popular book.","og_url":"https:\/\/www.blackjackinfo.com\/de\/blackjack-turniere\/jenseits-der-wong-turniertipps-die-onkel-stanford-dir-nie-erzahlt-hat\/","og_site_name":"BlackjackInfo.com","article_modified_time":"2018-09-06T06:27:56+00:00","twitter_misc":{"Gesch\u00e4tzte Lesezeit":"12\u00a0Minuten"},"schema":{"@context":"https:\/\/schema.org","@graph":[{"@type":"WebPage","@id":"https:\/\/www.blackjackinfo.com\/blackjack-tournaments\/beyond-wong-tournament-tips-uncle-stanford-never-told-you\/","url":"https:\/\/www.blackjackinfo.com\/blackjack-tournaments\/beyond-wong-tournament-tips-uncle-stanford-never-told-you\/","name":"Jenseits von Wong - Ein paar Turniertipps, die Onkel Stanford dir nie erz\u00e4hlt hat","isPartOf":{"@id":"https:\/\/www.blackjackinfo.com\/#website"},"datePublished":"2015-01-03T03:45:47+00:00","dateModified":"2018-09-06T06:27:56+00:00","description":"Der Turnierexperte Anthony Curtis zeigt auf, wie sich die Blackjack-Turnierstrategie \u00fcber die Grundlagen hinaus entwickelt hat, die Stanford Wong in seinem beliebten Buch behandelt.","breadcrumb":{"@id":"https:\/\/www.blackjackinfo.com\/blackjack-tournaments\/beyond-wong-tournament-tips-uncle-stanford-never-told-you\/#breadcrumb"},"inLanguage":"de","potentialAction":[{"@type":"ReadAction","target":["https:\/\/www.blackjackinfo.com\/blackjack-tournaments\/beyond-wong-tournament-tips-uncle-stanford-never-told-you\/"]}]},{"@type":"BreadcrumbList","@id":"https:\/\/www.blackjackinfo.com\/blackjack-tournaments\/beyond-wong-tournament-tips-uncle-stanford-never-told-you\/#breadcrumb","itemListElement":[{"@type":"ListItem","position":1,"name":"Home","item":"https:\/\/www.blackjackinfo.com\/"},{"@type":"ListItem","position":2,"name":"Blackjack Tournament Strategy","item":"https:\/\/www.blackjackinfo.com\/blackjack-tournaments\/"},{"@type":"ListItem","position":3,"name":"Beyond Wong &#8211; A Few Tournament Tips Uncle Stanford Never Told You"}]},{"@type":"WebSite","@id":"https:\/\/www.blackjackinfo.com\/#website","url":"https:\/\/www.blackjackinfo.com\/","name":"BlackjackInfo.de","description":"Denn Gewinnen macht mehr Spa\u00df!","potentialAction":[{"@type":"SearchAction","target":{"@type":"EntryPoint","urlTemplate":"https:\/\/www.blackjackinfo.com\/?s={search_term_string}"},"query-input":{"@type":"PropertyValueSpecification","valueRequired":true,"valueName":"search_term_string"}}],"inLanguage":"de"}]}},"_links":{"self":[{"href":"https:\/\/www.blackjackinfo.com\/de\/wp-json\/wp\/v2\/pages\/1509","targetHints":{"allow":["GET"]}}],"collection":[{"href":"https:\/\/www.blackjackinfo.com\/de\/wp-json\/wp\/v2\/pages"}],"about":[{"href":"https:\/\/www.blackjackinfo.com\/de\/wp-json\/wp\/v2\/types\/page"}],"author":[{"embeddable":true,"href":"https:\/\/www.blackjackinfo.com\/de\/wp-json\/wp\/v2\/users\/2"}],"replies":[{"embeddable":true,"href":"https:\/\/www.blackjackinfo.com\/de\/wp-json\/wp\/v2\/comments?post=1509"}],"version-history":[{"count":18,"href":"https:\/\/www.blackjackinfo.com\/de\/wp-json\/wp\/v2\/pages\/1509\/revisions"}],"predecessor-version":[{"id":4591,"href":"https:\/\/www.blackjackinfo.com\/de\/wp-json\/wp\/v2\/pages\/1509\/revisions\/4591"}],"up":[{"embeddable":true,"href":"https:\/\/www.blackjackinfo.com\/de\/wp-json\/wp\/v2\/pages\/1052"}],"wp:attachment":[{"href":"https:\/\/www.blackjackinfo.com\/de\/wp-json\/wp\/v2\/media?parent=1509"}],"wp:term":[{"taxonomy":"post_tag","embeddable":true,"href":"https:\/\/www.blackjackinfo.com\/de\/wp-json\/wp\/v2\/tags?post=1509"}],"curies":[{"name":"wp","href":"https:\/\/api.w.org\/{rel}","templated":true}]}}