{"id":1949,"date":"2016-10-10T07:50:09","date_gmt":"2016-10-10T12:50:09","guid":{"rendered":"https:\/\/www.blackjackinfo.com\/?page_id=1949"},"modified":"2025-10-30T07:12:10","modified_gmt":"2025-10-30T12:12:10","slug":"ist-es-legal-online-blackjack-in-den-usa-zu-spielen","status":"publish","type":"page","link":"https:\/\/www.blackjackinfo.com\/de\/online-blackjack\/is-it-legal-to-play-online-blackjack-in-the-us\/","title":{"rendered":"Ist es legal, Online Blackjack in den USA zu spielen?"},"content":{"rendered":"<blockquote><p><strong><img loading=\"lazy\" decoding=\"async\" class=\"alignright size-medium wp-image-4704\" src=\"\/files\/is_it_legal_to_play_online_blackjack_in_the_us-300x214.png\" alt=\"is_it_legal_to_play_online_blackjack_in_the_us\" width=\"300\" height=\"214\" srcset=\"https:\/\/www.blackjackinfo.com\/files\/is_it_legal_to_play_online_blackjack_in_the_us-300x214.png 300w, https:\/\/www.blackjackinfo.com\/files\/is_it_legal_to_play_online_blackjack_in_the_us.png 350w\" sizes=\"auto, (max-width: 300px) 100vw, 300px\" data-no-auto-translation=\"\" \/>Kurz gesagt;<\/strong> Es gibt kein Bundesgesetz gegen <a href=\"https:\/\/www.blackjackinfo.com\/online-blackjack\/\">Blackjack online spielen<\/a>. Es gibt einige Staaten, in denen es f\u00fcr illegal erkl\u00e4rt wird, aber eine strafrechtliche Verfolgung w\u00e4re extrem selten und w\u00fcrde sich wahrscheinlich eher gegen eine Einrichtung als gegen den Spieler richten.<\/p>\n<p><strong>Es ist v\u00f6llig sicher, Blackjack online um echtes Geld zu spielen.<\/strong><\/p><\/blockquote>\n<p>Es wird oft berichtet, dass es in den USA illegal ist, Blackjack online um echtes Geld zu spielen.<\/p>\n<p><strong>Aber ist es das wirklich?<\/strong><\/p>\n<p>Lassen Sie uns dieses verwirrende und h\u00e4ufig missverstandene Problem direkt angehen und l\u00f6sen.<\/p>\n<p>Lassen Sie uns also eines klarstellen:<\/p>\n<h2 id=\"playing-blackjack-online-is-not-legally-prohibited-in-any-way-by-federal-law\">Blackjack online zu spielen ist in keiner Weise durch Bundesgesetz verboten<\/h2>\n<p><img loading=\"lazy\" decoding=\"async\" class=\"alignright size-medium wp-image-4702\" src=\"\/files\/playing_blackjack_online_is_not_legally-300x214.png\" alt=\"playing_blackjack_online_is_not_legally\" width=\"300\" height=\"214\" srcset=\"https:\/\/www.blackjackinfo.com\/files\/playing_blackjack_online_is_not_legally-300x214.png 300w, https:\/\/www.blackjackinfo.com\/files\/playing_blackjack_online_is_not_legally.png 350w\" sizes=\"auto, (max-width: 300px) 100vw, 300px\" data-no-auto-translation=\"\" \/>Es gibt <strong>kein einziges Gesetz<\/strong> gegen Online-Gl\u00fccksspiele auf Bundesebene, was ein Mythos ist, der h\u00f6chstwahrscheinlich auf einer Fehlinterpretation des Gesetzes beruht <a href=\"https:\/\/www.fdic.gov\/news\/news\/financial\/2010\/fil10035a.pdf\" target=\"_blank\" rel=\"noopener noreferrer\">Gesetz zur Durchsetzung des ungesetzlichen Internet-Gl\u00fccksspiels von 2006<\/a> die besagt:<\/p>\n<blockquote><p><em>Das Gesetz verbietet Gl\u00fccksspielunternehmen die wissentliche Annahme von Zahlungen im Zusammenhang mit der Teilnahme einer anderen Person an einer Wette oder einem Wetteinsatz, die\/der die Nutzung des Internets beinhaltet und die\/der nach einem Bundes- oder Landesgesetz ungesetzlich ist (im Gesetz als \"beschr\u00e4nkte Transaktionen\" bezeichnet). <\/em><\/p><\/blockquote>\n<p><strong>Dies bedeutet im Grunde, dass es den Banken verboten ist, wissentlich Transaktionen zu akzeptieren, die das Ergebnis einer illegalen Online-Wette sind.<\/strong><\/p>\n<p><strong>Sie besagt keineswegs, dass die Teilnahme an Online-Gl\u00fccksspielen f\u00fcr einen Spieler illegal ist!<\/strong><\/p>\n<p>Ein weiterer Grund, warum manche Leute denken, dass es illegal ist, ist die Verwirrung der <a href=\"https:\/\/en.wikipedia.org\/wiki\/Federal_Wire_Act\" target=\"_blank\" rel=\"noopener noreferrer\">Federal Wire Act<\/a> die sich auf Sportwetten bezieht und nicht f\u00fcr die Frage gilt, ob Online-Blackjack legal ist, da sie als unterschiedliche Formen des Gl\u00fccksspiels angesehen werden.<\/p>\n<div class=\"img-shadow-box blue-box\">\n<div class=\"row\">\n<div class=\"col-md-6\">\n<h3 id=\"Play-Blackjack-Live-Online-\">Blackjack live online spielen<\/h3>\n<p>Wenn Sie Blackjack online um echtes Geld spielen m\u00f6chten, empfehlen wir US-Spielern, das Bovada Casino zu besuchen.<\/p>\n<p><a class=\"btn btn-lg btn-success\" href=\"https:\/\/www.blackjackinfo.com\/goto\/bovada-live-dealers\/\" target=\"_blank\" rel=\"nofollow noopener noreferrer\" type=\"button\">JETZT SPIELEN<\/a><\/p>\n<\/div>\n<div class=\"col-md-6\"><a href=\"\/goto\/betonline-casino\/\" target=\"_blank\" rel=\"nofollow noopener noreferrer\" type=\"button\"><img decoding=\"async\" class=\"thumbnail img-rounded\" src=\"\/files\/bovada-live-blackjack-e1532156665431.jpg\" data-no-auto-translation=\"\" \/><\/a><\/div>\n<\/div>\n<\/div>\n<h2 id=\"are-there-any-state-laws-which-explicitly-allow-online-blackjack\">Gibt es staatliche Gesetze, die Online Blackjack ausdr\u00fccklich zulassen?<\/h2>\n<p>Ein weiterer Grund, warum es verwirrend ist, festzustellen, ob das Online-Gl\u00fccksspiel legal ist, ist die Tatsache, dass die meisten Staaten tats\u00e4chlich <strong>keine besonderen Gesetze haben<\/strong> die f\u00fcr Online-Gl\u00fccksspiele im Allgemeinen gelten.<\/p>\n<p>Wenn es kein spezielles Gesetz gibt, das Online-Gl\u00fccksspiele verbietet, gelten sie als legal.<\/p>\n<p>Es gibt jedoch drei Staaten, die explizit Gesetze f\u00fcr die Zulassung von Online-Gl\u00fccksspielen erlassen haben, n\u00e4mlich<\/p>\n<ol>\n<li><a href=\"https:\/\/www.gambledex.com\/casinos-usa\/delaware-casinos\/\">Delaware<\/a><\/li>\n<li><a href=\"https:\/\/www.blackjackinfo.com\/online-blackjack\/new-jersey\/\">New Jersey<\/a><\/li>\n<li><a href=\"https:\/\/www.gamblinggurus.com\/usa-online-casinos\/pennsylvania-online-casinos\/\">Pennsylvania<\/a><\/li>\n<li><a href=\"https:\/\/www.michigan.gov\/mgcb\/news\/2021\/01\/22\/online-gaming-and-sports-betting-are-now-live-in-michigan-as-sen--hertel-places-first-wager\">Michigan<\/a><\/li>\n<li><a href=\"https:\/\/wvlottery.com\/about-us\/rules-and-regulations\/\">West Virginia<\/a><\/li>\n<li><a href=\"https:\/\/tax.nv.gov\/uploadedFiles\/taxnvgov\/Content\/FAQs\/NV-Gaming-History.pdf\">Nevada<\/a><\/li>\n<\/ol>\n<p>Interessanterweise hat Nevada Online-Poker und Sportwetten erlaubt, aber Online-Casinospiele verboten.<\/p>\n<h2 id=\"states-where-online-blackjack-is-technically-illegal\">Staaten, in denen Online Blackjack technisch gesehen illegal ist<\/h2>\n<ol>\n<li><img loading=\"lazy\" decoding=\"async\" class=\"alignright size-medium wp-image-4706\" src=\"\/files\/sates_where_online_blackjack_is_technically_illegal-300x214.png\" alt=\"sates_where_online_blackjack_is_technically_illegal\" width=\"300\" height=\"214\" srcset=\"https:\/\/www.blackjackinfo.com\/files\/sates_where_online_blackjack_is_technically_illegal-300x214.png 300w, https:\/\/www.blackjackinfo.com\/files\/sates_where_online_blackjack_is_technically_illegal.png 350w\" sizes=\"auto, (max-width: 300px) 100vw, 300px\" data-no-auto-translation=\"\" \/>Illinois<\/li>\n<li>Indiana<\/li>\n<li>Louisiana<\/li>\n<li>Montana<\/li>\n<li>Nevada<\/li>\n<li>Oregon<\/li>\n<li>South Dakota<\/li>\n<li>Washington<\/li>\n<li>Wisconsin<\/li>\n<\/ol>\n<p>Es gibt 9 Staaten, die Verbote gegen Online-Casino-Gl\u00fccksspiele haben, aber es sollte beachtet werden, dass das eigentliche Ziel dieser Gesetze die <a href=\"https:\/\/www.blackjackinfo.com\/online-blackjack\/#recommended-casinos\">Online-Casinos<\/a> sich selbst und nicht den Spieler.<\/p>\n<p>Die Wahrscheinlichkeit, strafrechtlich belangt zu werden, ist \u00e4u\u00dferst gering, und selbst wenn dies der Fall w\u00e4re, w\u00fcrde es h\u00f6chstwahrscheinlich als <a href=\"https:\/\/web.archive.org\/web\/20190219095030\/http:\/\/www.gambling-law-us.com\/State-Law-Summary\/\">nur eine Ordnungswidrigkeit<\/a><\/p>\n<p>Es gibt nur einen Vorfall aus dem Jahr 2003 in North Dakota, bei dem sich ein Spieler, Jeffrey Trauman, schuldig bekannte, eine Wette \u00fcber $500 platziert zu haben, und wegen einer Ordnungswidrigkeit angeklagt und anschlie\u00dfend mit einer Geldstrafe von $500 belegt wurde. (Quelle: <a href=\"https:\/\/digitalscholarship.unlv.edu\/cgi\/viewcontent.cgi?article=1146&amp;context=grrj\" target=\"_blank\" rel=\"noopener noreferrer\"><em>https:\/\/digitalscholarship.unlv.edu\/cgi\/viewcontent.cgi?article=1146&amp;context=grrj<\/em><\/a>)<\/p>\n<p>Um mehr Klarheit zu schaffen, sehen wir uns eine Tabelle mit allen Staaten an, damit Sie die Gesetze des Staates, in dem Sie wohnen, leicht unterscheiden k\u00f6nnen.<\/p>\n<table class=\"table-fill\" style=\"width: auto;\">\n<tbody>\n<tr>\n<th class=\"red\">Staat<\/th>\n<th class=\"red\">Legal?<\/th>\n<th class=\"red\">Staat<\/th>\n<th class=\"red\">Legal?<\/th>\n<\/tr>\n<tr>\n<td>Alabama<\/td>\n<td class=\"text-success\"><center>Ja<\/center><\/td>\n<td>Montana<\/td>\n<td class=\"red text-center\">Nein<\/td>\n<\/tr>\n<tr>\n<td>Alaska<\/td>\n<td class=\"text-success\"><center>Ja<\/center><\/td>\n<td>Nebraska<\/td>\n<td class=\"text-success\"><center>Ja<\/center><\/td>\n<\/tr>\n<tr>\n<td>Arizona<\/td>\n<td class=\"text-success\"><center>Ja<\/center><\/td>\n<td>Nevada<\/td>\n<td class=\"red text-center\">Nein<\/td>\n<\/tr>\n<tr>\n<td>Arkansas<\/td>\n<td class=\"text-success\"><center>Ja<\/center><\/td>\n<td>New Hampshire<\/td>\n<td class=\"text-success\"><center>Ja<\/center><\/td>\n<\/tr>\n<tr>\n<td>Kalifornien<\/td>\n<td class=\"text-success\"><center>Ja<\/center><\/td>\n<td>New Jersey<\/td>\n<td class=\"text-success\"><center>Ja<\/center><\/td>\n<\/tr>\n<tr>\n<td>Colorado<\/td>\n<td class=\"text-success\"><center>Ja<\/center><\/td>\n<td>New Mexico<\/td>\n<td class=\"text-success\"><center>Ja<\/center><\/td>\n<\/tr>\n<tr>\n<td>Connecticut<\/td>\n<td class=\"text-success\"><center>Ja<\/center><\/td>\n<td>New York<\/td>\n<td class=\"text-success\"><center>Ja<\/center><\/td>\n<\/tr>\n<tr>\n<td>Delaware<\/td>\n<td class=\"text-success\"><center>Ja<\/center><\/td>\n<td>North Carolina<\/td>\n<td class=\"text-success\"><center>Ja<\/center><\/td>\n<\/tr>\n<tr>\n<td>Florida<\/td>\n<td class=\"text-success\"><center>Ja<\/center><\/td>\n<td>North Dakota<\/td>\n<td class=\"text-success\"><center>Ja<\/center><\/td>\n<\/tr>\n<tr>\n<td>Georgia<\/td>\n<td class=\"text-success\"><center>Ja<\/center><\/td>\n<td>Ohio<\/td>\n<td class=\"text-success\"><center>Ja<\/center><\/td>\n<\/tr>\n<tr>\n<td>Hawaii<\/td>\n<td class=\"text-success\"><center>Ja<\/center><\/td>\n<td>Oklahoma<\/td>\n<td class=\"text-success\"><center>Ja<\/center><\/td>\n<\/tr>\n<tr>\n<td>Idaho<\/td>\n<td class=\"text-success\"><center>Ja<\/center><\/td>\n<td>Oregon<\/td>\n<td class=\"red\"><center>Nein<\/center><\/td>\n<\/tr>\n<tr>\n<td>Illinois<\/td>\n<td class=\"red\"><center>Nein<\/center><\/td>\n<td>Pennsylvania<\/td>\n<td class=\"text-success\"><center>Ja<\/center><\/td>\n<\/tr>\n<tr>\n<td>Indiana<\/td>\n<td class=\"red\"><center>Nein<\/center><\/td>\n<td>Rhode Island<\/td>\n<td class=\"text-success\"><center>Ja<\/center><\/td>\n<\/tr>\n<tr>\n<td>Iowa<\/td>\n<td class=\"text-success\"><center>Ja<\/center><\/td>\n<td>South Carolina<\/td>\n<td class=\"text-success\"><center>Ja<\/center><\/td>\n<\/tr>\n<tr>\n<td>Kansas<\/td>\n<td class=\"text-success\"><center>Ja<\/center><\/td>\n<td>South Dakota<\/td>\n<td class=\"red\"><center>Nein<\/center><\/td>\n<\/tr>\n<tr>\n<td>Kentucky<\/td>\n<td class=\"text-success\"><center>Ja<\/center><\/td>\n<td>Tennessee<\/td>\n<td class=\"text-success\"><center>Ja<\/center><\/td>\n<\/tr>\n<tr>\n<td>Louisiana<\/td>\n<td class=\"red\"><center>Nein<\/center><\/td>\n<td>Texas<\/td>\n<td class=\"text-success\"><center>Ja<\/center><\/td>\n<\/tr>\n<tr>\n<td>Maine<\/td>\n<td class=\"text-success\"><center>Ja<\/center><\/td>\n<td>Utah<\/td>\n<td class=\"text-success\"><center>Ja<\/center><\/td>\n<\/tr>\n<tr>\n<td>Maryland<\/td>\n<td class=\"text-success\"><center>Ja<\/center><\/td>\n<td>Vermont<\/td>\n<td class=\"text-success\"><center>Ja<\/center><\/td>\n<\/tr>\n<tr>\n<td>Massachusetts<\/td>\n<td class=\"text-success\"><center>Ja<\/center><\/td>\n<td>Virginia<\/td>\n<td class=\"text-success\"><center>Ja<\/center><\/td>\n<\/tr>\n<tr>\n<td>Michigan<\/td>\n<td class=\"text-success\"><center>Ja<\/center><\/td>\n<td>Washington<\/td>\n<td class=\"red\"><center>Nein<\/center><\/td>\n<\/tr>\n<tr>\n<td>Minnesota<\/td>\n<td class=\"text-success\"><center>Ja<\/center><\/td>\n<td>West Virginia<\/td>\n<td class=\"text-success\"><center>Ja<\/center><\/td>\n<\/tr>\n<tr>\n<td>Mississippi<\/td>\n<td class=\"text-success\"><center>Ja<\/center><\/td>\n<td>Wisconsin<\/td>\n<td class=\"red\"><center>Nein<\/center><\/td>\n<\/tr>\n<tr>\n<td>Missouri<\/td>\n<td class=\"text-success\"><center>Ja<\/center><\/td>\n<td>Wyoming<\/td>\n<td class=\"text-success\"><center>Ja<\/center><\/td>\n<\/tr>\n<\/tbody>\n<\/table>\n<h2 class=\"mT30\">Wenn Sie unsicher sind, lassen Sie sich rechtlich beraten<\/h2>\n<p>Im Zweifelsfall sollten Sie professionellen Rechtsrat einholen: Diese Website dient dazu, den Spielern Ratschl\u00e4ge zu geben, und ist nicht rechtsverbindlich. Sollten Sie also einmal differenziertere Fragen haben, sollten Sie einen Juristen konsultieren.<\/p>\n<h2>Wie kann ich angesichts des UIGEA Geld einzahlen und abheben und wo kann ich spielen?<\/h2>\n<p>Das UIGEA hat es f\u00fcr US-B\u00fcrger erheblich schwieriger gemacht, Geld in Casinos einzuzahlen und abzuheben. Zum Beispiel, <a href=\"https:\/\/wizardofodds.com\/banking\/ewallets\/\" target=\"_blank\" rel=\"noopener noreferrer\">e-Wallet-Dienste<\/a> wie PayPal oder Moneybookers, die \u00fcblicherweise f\u00fcr den Geldtransfer zu\/von Casinos verwendet werden, funktionieren in der Regel nicht mit US-Einwohnern, die an Online-Spielen teilnehmen. Wir empfehlen US-Spielern, diese generell zu meiden.<\/p>\n<p>Meistens k\u00f6nnen Spieler aus den USA Debitkarten, direkte Bank\u00fcberweisungen, Schecks und ACH (Automated Clearing House) verwenden. Die <a href=\"https:\/\/www.blackjackinfo.com\/guide-to-buying-bitcoin-for-gambling-online\/\">Die beste Methode ist jedoch die Verwendung von Bitcoin<\/a> was extrem schnell geht und keine \u00fcberm\u00e4\u00dfigen Geb\u00fchren mit sich bringt. Lesen Sie unseren vollst\u00e4ndigen Leitfaden, wie Sie Bitcoin kaufen, um in einem Casino einzuzahlen <a href=\"https:\/\/www.blackjackinfo.com\/depositing-withdrawing-to-an-online-casino-with-bitcoin\/\">hier<\/a>.<\/p>\n<p>F\u00fcr US-Einwohner au\u00dferhalb von <a href=\"https:\/\/www.blackjackinfo.com\/online-blackjack\/new-jersey\/\">New Jersey<\/a>, Nevada und Delaware, empfehlen wir das Spielen bei <a href=\"https:\/\/www.blackjackinfo.com\/casino\/bovada\/\">Bovada<\/a> oder <a href=\"https:\/\/www.blackjackinfo.com\/goto\/betonline-casino-live-dealer\/\" target=\"_blank\" rel=\"nofollow noopener noreferrer\">Betonline<\/a>.<\/p>\n<h2>Weiterf\u00fchrende Lekt\u00fcre<\/h2>\n<ul>\n<li><a href=\"https:\/\/www.blackjackinfo.com\/the-current-state-of-the-law-for-online-blackjack-in-north-america-beyond\/\">Der aktuelle Stand der Gesetzgebung f\u00fcr Online Blackjack in Nordamerika und dar\u00fcber hinaus<\/a><\/li>\n<li><a href=\"https:\/\/wizardofodds.com\/the-legality-of-online-gambling-us\/\" target=\"_blank\" rel=\"noopener noreferrer\">Die Legalit\u00e4t von Online-Gl\u00fccksspielen in den USA - Der Zustand der Staaten<\/a><\/li>\n<li><a href=\"https:\/\/www.realmoneyaction.com\/us-casinos\/legal\/\" target=\"_blank\" rel=\"noopener noreferrer\">Legale US-Online-Casinos<\/a><\/li>\n<\/ul>","protected":false},"excerpt":{"rendered":"<p>In short; There is no federal law against playing blackjack online. There are some states where it is declared illegal however prosecution would be extremely rare and would most likely be against any establishment rather than the player. It is completely safe to play blackjack online for real money. It&#8217;s often reported that playing blackjack [&hellip;]<\/p>\n","protected":false},"author":4,"featured_media":4704,"parent":1928,"menu_order":0,"comment_status":"closed","ping_status":"closed","template":"","meta":{"_acf_changed":false,"footnotes":""},"tags":[],"class_list":["post-1949","page","type-page","status-publish","has-post-thumbnail","hentry"],"acf":[],"yoast_head":"<!-- This site is optimized with the Yoast SEO plugin v26.6 - https:\/\/yoast.com\/wordpress\/plugins\/seo\/ -->\n<title>Is it Legal to Play Online Blackjack in the US?<\/title>\n<meta name=\"description\" content=\"In short; There is no federal law against playing blackjack online. There are some states where it is declared illegal however prosecution would be\" \/>\n<meta name=\"robots\" content=\"index, follow, max-snippet:-1, max-image-preview:large, max-video-preview:-1\" \/>\n<link rel=\"canonical\" href=\"https:\/\/www.blackjackinfo.com\/de\/online-blackjack\/ist-es-legal-online-blackjack-in-den-usa-zu-spielen\/\" \/>\n<meta property=\"og:locale\" content=\"de_DE\" \/>\n<meta property=\"og:type\" content=\"article\" \/>\n<meta property=\"og:title\" content=\"Is it Legal to Play Online Blackjack in the US?\" \/>\n<meta property=\"og:description\" content=\"In short; There is no federal law against playing blackjack online. There are some states where it is declared illegal however prosecution would be\" \/>\n<meta property=\"og:url\" content=\"https:\/\/www.blackjackinfo.com\/de\/online-blackjack\/ist-es-legal-online-blackjack-in-den-usa-zu-spielen\/\" \/>\n<meta property=\"og:site_name\" content=\"BlackjackInfo.com\" \/>\n<meta property=\"article:modified_time\" content=\"2025-10-30T12:12:10+00:00\" \/>\n<meta property=\"og:image\" content=\"https:\/\/www.blackjackinfo.com\/files\/is_it_legal_to_play_online_blackjack_in_the_us.png\" \/>\n\t<meta property=\"og:image:width\" content=\"350\" \/>\n\t<meta property=\"og:image:height\" content=\"250\" \/>\n\t<meta property=\"og:image:type\" content=\"image\/png\" \/>\n<meta name=\"twitter:label1\" content=\"Gesch\u00e4tzte Lesezeit\" \/>\n\t<meta name=\"twitter:data1\" content=\"5\u00a0Minuten\" \/>\n<script type=\"application\/ld+json\" class=\"yoast-schema-graph\">{\"@context\":\"https:\/\/schema.org\",\"@graph\":[{\"@type\":\"WebPage\",\"@id\":\"https:\/\/www.blackjackinfo.com\/online-blackjack\/is-it-legal-to-play-online-blackjack-in-the-us\/\",\"url\":\"https:\/\/www.blackjackinfo.com\/online-blackjack\/is-it-legal-to-play-online-blackjack-in-the-us\/\",\"name\":\"Is it Legal to Play Online Blackjack in the US?\",\"isPartOf\":{\"@id\":\"https:\/\/www.blackjackinfo.com\/#website\"},\"primaryImageOfPage\":{\"@id\":\"https:\/\/www.blackjackinfo.com\/online-blackjack\/is-it-legal-to-play-online-blackjack-in-the-us\/#primaryimage\"},\"image\":{\"@id\":\"https:\/\/www.blackjackinfo.com\/online-blackjack\/is-it-legal-to-play-online-blackjack-in-the-us\/#primaryimage\"},\"thumbnailUrl\":\"https:\/\/www.blackjackinfo.com\/files\/is_it_legal_to_play_online_blackjack_in_the_us.png\",\"datePublished\":\"2016-10-10T12:50:09+00:00\",\"dateModified\":\"2025-10-30T12:12:10+00:00\",\"description\":\"In short; There is no federal law against playing blackjack online. There are some states where it is declared illegal however prosecution would be\",\"breadcrumb\":{\"@id\":\"https:\/\/www.blackjackinfo.com\/online-blackjack\/is-it-legal-to-play-online-blackjack-in-the-us\/#breadcrumb\"},\"inLanguage\":\"de\",\"potentialAction\":[{\"@type\":\"ReadAction\",\"target\":[\"https:\/\/www.blackjackinfo.com\/online-blackjack\/is-it-legal-to-play-online-blackjack-in-the-us\/\"]}]},{\"@type\":\"ImageObject\",\"inLanguage\":\"de\",\"@id\":\"https:\/\/www.blackjackinfo.com\/online-blackjack\/is-it-legal-to-play-online-blackjack-in-the-us\/#primaryimage\",\"url\":\"https:\/\/www.blackjackinfo.com\/files\/is_it_legal_to_play_online_blackjack_in_the_us.png\",\"contentUrl\":\"https:\/\/www.blackjackinfo.com\/files\/is_it_legal_to_play_online_blackjack_in_the_us.png\",\"width\":350,\"height\":250,\"caption\":\"is_it_legal_to_play_online_blackjack_in_the_us\"},{\"@type\":\"BreadcrumbList\",\"@id\":\"https:\/\/www.blackjackinfo.com\/online-blackjack\/is-it-legal-to-play-online-blackjack-in-the-us\/#breadcrumb\",\"itemListElement\":[{\"@type\":\"ListItem\",\"position\":1,\"name\":\"Home\",\"item\":\"https:\/\/www.blackjackinfo.com\/\"},{\"@type\":\"ListItem\",\"position\":2,\"name\":\"Online Blackjack for Real Money\",\"item\":\"https:\/\/www.blackjackinfo.com\/online-blackjack\/\"},{\"@type\":\"ListItem\",\"position\":3,\"name\":\"Is it Legal to Play Online Blackjack in the US?\"}]},{\"@type\":\"WebSite\",\"@id\":\"https:\/\/www.blackjackinfo.com\/#website\",\"url\":\"https:\/\/www.blackjackinfo.com\/\",\"name\":\"BlackjackInfo.com\",\"description\":\"Because Winning is More Fun!\",\"potentialAction\":[{\"@type\":\"SearchAction\",\"target\":{\"@type\":\"EntryPoint\",\"urlTemplate\":\"https:\/\/www.blackjackinfo.com\/?s={search_term_string}\"},\"query-input\":{\"@type\":\"PropertyValueSpecification\",\"valueRequired\":true,\"valueName\":\"search_term_string\"}}],\"inLanguage\":\"de\"}]}<\/script>\n<!-- \/ Yoast SEO plugin. -->","yoast_head_json":{"title":"Ist es legal, Online Blackjack in den USA zu spielen?","description":"Kurz gesagt: Es gibt kein Bundesgesetz gegen das Spielen von Blackjack im Internet. Es gibt einige Staaten, in denen es f\u00fcr illegal erkl\u00e4rt wird, aber eine Strafverfolgung w\u00e4re","robots":{"index":"index","follow":"follow","max-snippet":"max-snippet:-1","max-image-preview":"max-image-preview:large","max-video-preview":"max-video-preview:-1"},"canonical":"https:\/\/www.blackjackinfo.com\/de\/online-blackjack\/ist-es-legal-online-blackjack-in-den-usa-zu-spielen\/","og_locale":"de_DE","og_type":"article","og_title":"Is it Legal to Play Online Blackjack in the US?","og_description":"In short; There is no federal law against playing blackjack online. There are some states where it is declared illegal however prosecution would be","og_url":"https:\/\/www.blackjackinfo.com\/de\/online-blackjack\/ist-es-legal-online-blackjack-in-den-usa-zu-spielen\/","og_site_name":"BlackjackInfo.com","article_modified_time":"2025-10-30T12:12:10+00:00","og_image":[{"width":350,"height":250,"url":"https:\/\/www.blackjackinfo.com\/files\/is_it_legal_to_play_online_blackjack_in_the_us.png","type":"image\/png"}],"twitter_misc":{"Gesch\u00e4tzte Lesezeit":"5\u00a0Minuten"},"schema":{"@context":"https:\/\/schema.org","@graph":[{"@type":"WebPage","@id":"https:\/\/www.blackjackinfo.com\/online-blackjack\/is-it-legal-to-play-online-blackjack-in-the-us\/","url":"https:\/\/www.blackjackinfo.com\/online-blackjack\/is-it-legal-to-play-online-blackjack-in-the-us\/","name":"Ist es legal, Online Blackjack in den USA zu spielen?","isPartOf":{"@id":"https:\/\/www.blackjackinfo.com\/#website"},"primaryImageOfPage":{"@id":"https:\/\/www.blackjackinfo.com\/online-blackjack\/is-it-legal-to-play-online-blackjack-in-the-us\/#primaryimage"},"image":{"@id":"https:\/\/www.blackjackinfo.com\/online-blackjack\/is-it-legal-to-play-online-blackjack-in-the-us\/#primaryimage"},"thumbnailUrl":"https:\/\/www.blackjackinfo.com\/files\/is_it_legal_to_play_online_blackjack_in_the_us.png","datePublished":"2016-10-10T12:50:09+00:00","dateModified":"2025-10-30T12:12:10+00:00","description":"Kurz gesagt: Es gibt kein Bundesgesetz gegen das Spielen von Blackjack im Internet. Es gibt einige Staaten, in denen es f\u00fcr illegal erkl\u00e4rt wird, aber eine Strafverfolgung w\u00e4re","breadcrumb":{"@id":"https:\/\/www.blackjackinfo.com\/online-blackjack\/is-it-legal-to-play-online-blackjack-in-the-us\/#breadcrumb"},"inLanguage":"de","potentialAction":[{"@type":"ReadAction","target":["https:\/\/www.blackjackinfo.com\/online-blackjack\/is-it-legal-to-play-online-blackjack-in-the-us\/"]}]},{"@type":"ImageObject","inLanguage":"de","@id":"https:\/\/www.blackjackinfo.com\/online-blackjack\/is-it-legal-to-play-online-blackjack-in-the-us\/#primaryimage","url":"https:\/\/www.blackjackinfo.com\/files\/is_it_legal_to_play_online_blackjack_in_the_us.png","contentUrl":"https:\/\/www.blackjackinfo.com\/files\/is_it_legal_to_play_online_blackjack_in_the_us.png","width":350,"height":250,"caption":"is_it_legal_to_play_online_blackjack_in_the_us"},{"@type":"BreadcrumbList","@id":"https:\/\/www.blackjackinfo.com\/online-blackjack\/is-it-legal-to-play-online-blackjack-in-the-us\/#breadcrumb","itemListElement":[{"@type":"ListItem","position":1,"name":"Home","item":"https:\/\/www.blackjackinfo.com\/"},{"@type":"ListItem","position":2,"name":"Online Blackjack for Real Money","item":"https:\/\/www.blackjackinfo.com\/online-blackjack\/"},{"@type":"ListItem","position":3,"name":"Is it Legal to Play Online Blackjack in the US?"}]},{"@type":"WebSite","@id":"https:\/\/www.blackjackinfo.com\/#website","url":"https:\/\/www.blackjackinfo.com\/","name":"BlackjackInfo.de","description":"Denn Gewinnen macht mehr Spa\u00df!","potentialAction":[{"@type":"SearchAction","target":{"@type":"EntryPoint","urlTemplate":"https:\/\/www.blackjackinfo.com\/?s={search_term_string}"},"query-input":{"@type":"PropertyValueSpecification","valueRequired":true,"valueName":"search_term_string"}}],"inLanguage":"de"}]}},"_links":{"self":[{"href":"https:\/\/www.blackjackinfo.com\/de\/wp-json\/wp\/v2\/pages\/1949","targetHints":{"allow":["GET"]}}],"collection":[{"href":"https:\/\/www.blackjackinfo.com\/de\/wp-json\/wp\/v2\/pages"}],"about":[{"href":"https:\/\/www.blackjackinfo.com\/de\/wp-json\/wp\/v2\/types\/page"}],"author":[{"embeddable":true,"href":"https:\/\/www.blackjackinfo.com\/de\/wp-json\/wp\/v2\/users\/4"}],"replies":[{"embeddable":true,"href":"https:\/\/www.blackjackinfo.com\/de\/wp-json\/wp\/v2\/comments?post=1949"}],"version-history":[{"count":57,"href":"https:\/\/www.blackjackinfo.com\/de\/wp-json\/wp\/v2\/pages\/1949\/revisions"}],"predecessor-version":[{"id":9238,"href":"https:\/\/www.blackjackinfo.com\/de\/wp-json\/wp\/v2\/pages\/1949\/revisions\/9238"}],"up":[{"embeddable":true,"href":"https:\/\/www.blackjackinfo.com\/de\/wp-json\/wp\/v2\/pages\/1928"}],"wp:featuredmedia":[{"embeddable":true,"href":"https:\/\/www.blackjackinfo.com\/de\/wp-json\/wp\/v2\/media\/4704"}],"wp:attachment":[{"href":"https:\/\/www.blackjackinfo.com\/de\/wp-json\/wp\/v2\/media?parent=1949"}],"wp:term":[{"taxonomy":"post_tag","embeddable":true,"href":"https:\/\/www.blackjackinfo.com\/de\/wp-json\/wp\/v2\/tags?post=1949"}],"curies":[{"name":"wp","href":"https:\/\/api.w.org\/{rel}","templated":true}]}}