{"id":2028,"date":"2016-10-15T22:56:16","date_gmt":"2016-10-16T03:56:16","guid":{"rendered":"https:\/\/www.blackjackinfo.com\/?page_id=2028"},"modified":"2018-06-22T02:44:38","modified_gmt":"2018-06-22T07:44:38","slug":"die-vier-besten-blackjack-bucher","status":"publish","type":"page","link":"https:\/\/www.blackjackinfo.com\/de\/top-four-blackjack-books\/","title":{"rendered":"Die vier besten Blackjack-B\u00fccher"},"content":{"rendered":"<p><span style=\"font-weight: 400;\">K\u00fcrzlich war ich auf dem UNLV-Campus und habe die <\/span><a href=\"http:\/\/gaming.unlv.edu\/\"><span style=\"font-weight: 400;\">Forschungszentrum f\u00fcr Spiele<\/span><\/a><span style=\"font-weight: 400;\"> die sich im dritten Stock der Lied-Bibliothek befindet. Ich mache das von Zeit zu Zeit, um mich zu informieren und um auf dem Laufenden zu bleiben, was Spieltechniken und Erkenntnisse angeht. Im Zentrum gibt es eine Abteilung f\u00fcr Sondersammlungen, in der sich fast alle Spieleb\u00fccher und akademischen Abhandlungen befinden, die jemals zu diesem Thema ver\u00f6ffentlicht wurden.  Es handelt sich um die umfangreichste Spielbuchsammlung der Welt.  Einige der B\u00fccher sind klassische Texte \u00fcber eine Vielzahl von Vorteilsspielen und einige sind unentbehrliche Lekt\u00fcre f\u00fcr den aufstrebenden professionellen Spieler, w\u00e4hrend andere purer M\u00fcll sind und das Papier nicht wert sind, auf dem sie geschrieben sind. \u00a0<\/span><\/p>\n<p><span style=\"font-weight: 400;\">Der Besuch veranlasste mich, \u00fcber all die B\u00fccher und Artikel nachzudenken, die ich im Laufe der Jahre \u00fcber das Vorteilsspiel gelesen habe, und das sind etwa hundert bzw. tausend.  Vier B\u00fccher ragen aus allen anderen Texten, die zu diesem Thema geschrieben wurden, heraus. Das soll nicht hei\u00dfen, dass dies die einzigen B\u00fccher sind, die es wert sind, gelesen zu werden, denn es gibt Dutzende von Autoren, die einen bedeutenden Beitrag zur Weiterentwicklung des Themas geleistet haben.  Diesen B\u00fcchern werde ich am Ende des Artikels eine lobende Erw\u00e4hnung zuteil werden lassen.  Aber diese vier sind meiner bescheidenen, aber fundierten Meinung nach die Schl\u00fcsseltexte, aus denen man alle wesentlichen Spieltechniken ableiten kann.<\/span><\/p>\n<p><span style=\"font-weight: 400;\">Das erste der vier B\u00fccher d\u00fcrfte niemanden \u00fcberraschen, der sich auch nur oberfl\u00e4chlich mit Gl\u00fccksspielen besch\u00e4ftigt hat.  Im Jahr 1962 ver\u00f6ffentlichte Ed Thorp <\/span><i><span style=\"font-weight: 400;\">Den Geber schlagen<\/span><\/i><span style=\"font-weight: 400;\">.  Es war der erste wissenschaftlich fundierte Text zu diesem Thema, der in der \u00d6ffentlichkeit weit verbreitet wurde.  Die Vorstellung, dass ein Casinospiel besiegbar ist, war der breiten \u00d6ffentlichkeit v\u00f6llig fremd, und dieses Buch brachte die Ideologie f\u00fcr alle sichtbar in den Mittelpunkt. \u00a0<\/span><\/p>\n<p><span style=\"font-weight: 400;\"><img loading=\"lazy\" decoding=\"async\" class=\"alignright wp-image-2035 size-medium\" src=\"https:\/\/www.blackjackinfo.com\/files\/beat-the-dealer-179x300.jpg\" alt=\"beat-the-dealer\" width=\"179\" height=\"300\" srcset=\"https:\/\/www.blackjackinfo.com\/files\/beat-the-dealer-179x300.jpg 179w, https:\/\/www.blackjackinfo.com\/files\/beat-the-dealer.jpg 502w\" sizes=\"auto, (max-width: 179px) 100vw, 179px\" data-no-auto-translation=\"\" \/>Die Ideen in <\/span><i><span style=\"font-weight: 400;\">Den Geber schlagen<\/span><\/i><span style=\"font-weight: 400;\"> wurden in der Zeit entwickelt, als Blackjack mit einem Deck das dominierende Tischspiel in Las Vegas war.  Die Einf\u00fchrung von Thorps Book veranlasste Las Vegas, die Regeln des traditionellen 21-Spiels zu \u00e4ndern, aber die urspr\u00fcnglichen Regeln wurden schnell wieder eingef\u00fchrt, kurz nachdem die \u00c4nderung der Regeln dazu f\u00fchrte, dass die G\u00e4ste der Hotels und Casinos in Las Vegas praktisch verschwanden. \u00a0<\/span><\/p>\n<p><span style=\"font-weight: 400;\">Als zus\u00e4tzliche Decks und Regel\u00e4nderungen zum traditionellen Single-Deck-Spiel hinzukamen, musste Thorps urspr\u00fcngliche Analyse modifiziert werden. Eine Vielzahl von Autoren und Spielern hat versucht, Thorps bahnbrechendes Werk zu interpretieren, einige werden ihm gerecht, andere bleiben weit hinter diesem Ziel zur\u00fcck.  Der langj\u00e4hrige Profispieler und Autor Henry Tamburin PhD schreibt in seinem Online-Dokument, <\/span><a href=\"https:\/\/www.888casino.com\/blog\/blackjack-strategy-guide\/\"><span style=\"font-weight: 400;\">Der ultimative Leitfaden f\u00fcr Blackjack<\/span><\/a><span style=\"font-weight: 400;\"> das im 888casino.com-Blog ver\u00f6ffentlicht wurde, leistet eine solide Arbeit, indem es Thorps urspr\u00fcngliche Analyse in einen Rahmen stellt, der mit der heutigen Zeit vereinbar ist.  Professor Thorp wird Ende Januar 2017 ein neues Buch ver\u00f6ffentlichen. <\/span><a href=\"http:\/\/www.penguinrandomhouse.com\/books\/178551\/a-man-for-all-markets-by-edward-o-thorp\/9781400067961\/\"><span style=\"font-weight: 400;\">Ein Mann f\u00fcr alle M\u00e4rkte<\/span><\/a><span style=\"font-weight: 400;\"> ist eine Reflexion \u00fcber sein Leben, seinen Einfluss auf Las Vegas und die Aktien- und Optionsm\u00e4rkte sowie Ratschl\u00e4ge f\u00fcr das allgemeine Gesch\u00e4ft des Lebens.<\/span><\/p>\n<p><span style=\"font-weight: 400;\"><img loading=\"lazy\" decoding=\"async\" class=\"alignleft size-medium wp-image-2040\" src=\"\/files\/the-theory-of-blackjack-book-194x300.jpg\" alt=\"the-theory-of-blackjack-book\" width=\"194\" height=\"300\" srcset=\"https:\/\/www.blackjackinfo.com\/files\/the-theory-of-blackjack-book-194x300.jpg 194w, https:\/\/www.blackjackinfo.com\/files\/the-theory-of-blackjack-book.jpg 323w\" sizes=\"auto, (max-width: 194px) 100vw, 194px\" data-no-auto-translation=\"\" \/>Das zweite der vier B\u00fccher, die ich f\u00fcr die Weiterentwicklung des Vorteils-Blackjackspiels f\u00fcr wesentlich halte, ist <\/span><a href=\"https:\/\/www.amazon.com\/Theory-Blackjack-Compleat-Counters-Indexed\/dp\/0929712137\"><span style=\"font-weight: 400;\">Peter Griffins: Die Theorie des Blackjack<\/span><\/a><span style=\"font-weight: 400;\">. Dieses Buch brach jeden Aspekt von Blackjack in einer strengen mathematischen Ansatz.  Das gesamte Buch liest sich wie ein mathematischer Text auf hohem Niveau.  Im Wesentlichen handelt es sich um einen Beweis nach dem anderen, der sowohl in der Integral- als auch in der Differentialrechnung verwendet wird.  Ein Laie, der das Buch nur fl\u00fcchtig durchbl\u00e4ttert, w\u00fcrde wahrscheinlich von den seitenlangen Gleichungen abgeschreckt werden und es schnell als nicht der M\u00fche wert verwerfen.  Aber wie bei den meisten Dingen im Kasinospiel ist das Gegenteil der Fall.<\/span><\/p>\n<p><span style=\"font-weight: 400;\">Die Ans\u00e4tze von Griffin umrissen die grundlegenden Beweise, die der aufstrebende Spieltheoretiker bei der Analyse eines jeden Spiels, das er zu l\u00f6sen versucht, anwenden sollte.  Einfach ausgedr\u00fcckt war The Theory of Blackjack eine Blaupause f\u00fcr k\u00fcnftige Vorteilsspieler, an der sie sich orientieren k\u00f6nnen, wenn sie bei der Entwicklung neuer Strategien die richtigen Fragen stellen.  Es bietet auch allgemeine Hinweise f\u00fcr den hoffnungsvollen Probleml\u00f6ser.<\/span><\/p>\n<p><span style=\"font-weight: 400;\">Das Buch Million Dollar Blackjack von Ken Uston ist das dritte Buch im Quartett der Pflichtlekt\u00fcre. \u00a0<\/span><a href=\"http:\/\/www.uston.com\/\"><span style=\"font-weight: 400;\">Ken Uston<\/span><\/a><span style=\"font-weight: 400;\"> bleibt auch nach seinem Tod einer der bedeutendsten <img loading=\"lazy\" decoding=\"async\" class=\"alignright size-medium wp-image-2042\" src=\"\/files\/million-dollar-blackjack-194x300.jpg\" alt=\"million-dollar-blackjack\" width=\"194\" height=\"300\" srcset=\"https:\/\/www.blackjackinfo.com\/files\/million-dollar-blackjack-194x300.jpg 194w, https:\/\/www.blackjackinfo.com\/files\/million-dollar-blackjack.jpg 307w\" sizes=\"auto, (max-width: 194px) 100vw, 194px\" data-no-auto-translation=\"\" \/>umstrittenen Spieler in der Geschichte des Spiels.  MDB ist ein erstaunliches Buch und Ustons Aufschl\u00fcsselung komplexer Ideen in einfacher und verst\u00e4ndlicher Form bleibt seine gr\u00f6\u00dfte Leistung. Das Buch stellt eine Vielzahl neuer Konzepte vor, wie die Einf\u00fchrung eines mehrstufigen Z\u00e4hlsystems und Ass-Seitenz\u00e4hlungen.  Gau\u00dfsche Verteilungskurven \u00fcber die Trefferh\u00e4ufigkeit des h\u00e4ufigsten Gewinnprozentsatzes sowie eine vergleichende Analyse zwischen mehrstufigen Z\u00e4hlsystemen und einstufigen Systemen geh\u00f6ren zu den neuen Ideen, die Uston in MDB einf\u00fchrt.  Ich habe jedes Mal, wenn ich das Buch gelesen habe, etwas Neues darin gefunden.<\/span><\/p>\n<p><span style=\"font-weight: 400;\">Beyond Counting Exhibit CAA ist wohl der fortschrittlichste Text, der jemals zum Thema Blackjack und den anderen Aspekten des Casinospiels geschrieben wurde.  Es ist auch eines der seltensten.  Es wurden nur 1000 Exemplare gedruckt und man musste vom Autor gepr\u00fcft und zum Kauf des Buches zugelassen werden.  Der urspr\u00fcngliche Preis betrug $250, aber wenn ein Exemplar des Buches auf Ebay zum Verkauf angeboten wird, liegt der Preis bei $4000. Das 700-seitige Buch liest sich an manchen Stellen wie ein mathematisches Lehrbuch und an anderen wie ein sarkastischer Kommentar.  Es bewertet Spiele wie 3-Karten-Poker, Caribbean Stud und er\u00f6rtert sogar Ans\u00e4tze f\u00fcr das gro\u00dfe Sechserrad und Roulette. Ich gebe in aller Bescheidenheit zu, dass ich nicht jedes Konzept beim ersten Durchgang begriffen habe.   Die meisten Spieler, mich eingeschlossen, wenden nur ein oder zwei Kapitel auf einmal an.  Dies f\u00fchrt zu mehr als ausreichenden Gewinnen f\u00fcr den engagierten Praktiker.<\/span><\/p>\n<p><a href=\"http:\/\/www.gamblingwithanedge.com\/about-james-grosjean\"><span style=\"font-weight: 400;\">James Grosjean<\/span><\/a><span style=\"font-weight: 400;\"> der das Buch Beyond Counting Exhibit CAA verfasst hat, wird von jedem AP als der Beste in der Branche angesehen, wenn das K\u00f6nnen an der Hingabe, dem Willen und den analytischen F\u00e4higkeiten gemessen wird.  Der Grosjean Cup, der den Titel des weltbesten Blackjack repr\u00e4sentiert, wird jedes Jahr beim j\u00e4hrlichen Blackjack Ball verliehen.  Er wurde nach James Grosjean benannt, nachdem er vor 7 Jahren vom Wettbewerb ausgeschlossen wurde, weil er in den zehn Jahren vor seinem Verbot jedes Jahr den ersten oder zweiten Platz belegt hatte. <\/span><\/p>\n<p><span style=\"font-weight: 400;\">Diese vier B\u00fccher sind meiner Erfahrung nach die wichtigsten B\u00fccher zum Thema Vorteilsspiel, die bis heute erschienen sind.  Es gibt noch ein paar weitere Autoren, die ebenfalls sehr beeindruckende Beitr\u00e4ge zur Weiterentwicklung des Vorteilsspiels geleistet haben.  Professional Blackjack von Stanford Wong und Playing Blackjack as a Business sind zwei klassische Texte.  Alles von Arnold Snyder ist ein guter Ausgangspunkt f\u00fcr die meisten neuen Spieler.  Und schlie\u00dflich ist Turning the Tables on Las Vegas von Ian Anderson eine gro\u00dfartige Lekt\u00fcre mit ebenso gro\u00dfartigen Einsichten.<\/span><\/p>\n<p><span style=\"font-weight: 400;\">Geht hinaus und erobert. <\/span><\/p>\n<p><i><span style=\"font-weight: 400;\">Nicholas ist der Gesch\u00e4ftsf\u00fchrer von <\/span><\/i><a href=\"http:\/\/www.aleaconsultinggroup.com\/\"><i><span style=\"font-weight: 400;\">Alea Consulting Gruppe<\/span><\/i><\/a><i><span style=\"font-weight: 400;\">ist ein Beratungsunternehmen f\u00fcr Casinospiele mit einer spielerorientierten Philosophie.  Die Mitarbeiter sind Weltklassespieler, Gl\u00fccksspielautoren, Mathematiker, f\u00fchrende Juristen und eine Vielzahl von Branchenexperten.<\/span><\/i><span style=\"font-weight: 400;\">.<\/span><\/p>\n<p><i><span style=\"font-weight: 400;\">Folgen Sie Nicholas und Alea auf Twitter <\/span><\/i><a href=\"https:\/\/twitter.com\/byth3numb3rs\"><i><span style=\"font-weight: 400;\">@byth3numb3rs<\/span><\/i><\/a><span style=\"font-weight: 400;\">.<\/span><\/p>\n<p>&nbsp;<\/p>","protected":false},"excerpt":{"rendered":"<p>Recently, I was at the UNLV campus visiting the Gaming Research Center that is on the third floor of the Lied Library. I do this from time to time as a point of review, and to stay sharp on advantage play techniques and insights. There is a special collections section at the center where almost [&hellip;]<\/p>\n","protected":false},"author":3,"featured_media":0,"parent":0,"menu_order":0,"comment_status":"closed","ping_status":"closed","template":"","meta":{"_acf_changed":false,"footnotes":""},"tags":[],"class_list":["post-2028","page","type-page","status-publish","hentry"],"acf":[],"yoast_head":"<!-- This site is optimized with the Yoast SEO plugin v26.6 - https:\/\/yoast.com\/wordpress\/plugins\/seo\/ -->\n<title>The Top Four Blackjack Books<\/title>\n<meta name=\"description\" content=\"Recently, I was at the UNLV campus visiting the Gaming Research Center that is on the third floor of the Lied Library. I do this from time to time as a\" \/>\n<meta name=\"robots\" content=\"index, follow, max-snippet:-1, max-image-preview:large, max-video-preview:-1\" \/>\n<link rel=\"canonical\" href=\"https:\/\/www.blackjackinfo.com\/de\/die-vier-besten-blackjack-bucher\/\" \/>\n<meta property=\"og:locale\" content=\"de_DE\" \/>\n<meta property=\"og:type\" content=\"article\" \/>\n<meta property=\"og:title\" content=\"The Top Four Blackjack Books\" \/>\n<meta property=\"og:description\" content=\"Recently, I was at the UNLV campus visiting the Gaming Research Center that is on the third floor of the Lied Library. I do this from time to time as a\" \/>\n<meta property=\"og:url\" content=\"https:\/\/www.blackjackinfo.com\/de\/die-vier-besten-blackjack-bucher\/\" \/>\n<meta property=\"og:site_name\" content=\"BlackjackInfo.com\" \/>\n<meta property=\"article:modified_time\" content=\"2018-06-22T07:44:38+00:00\" \/>\n<meta property=\"og:image\" content=\"https:\/\/www.blackjackinfo.com\/files\/beat-the-dealer-179x300.jpg\" \/>\n<meta name=\"twitter:label1\" content=\"Gesch\u00e4tzte Lesezeit\" \/>\n\t<meta name=\"twitter:data1\" content=\"6\u00a0Minuten\" \/>\n<script type=\"application\/ld+json\" class=\"yoast-schema-graph\">{\"@context\":\"https:\/\/schema.org\",\"@graph\":[{\"@type\":\"WebPage\",\"@id\":\"https:\/\/www.blackjackinfo.com\/top-four-blackjack-books\/\",\"url\":\"https:\/\/www.blackjackinfo.com\/top-four-blackjack-books\/\",\"name\":\"The Top Four Blackjack Books\",\"isPartOf\":{\"@id\":\"https:\/\/www.blackjackinfo.com\/#website\"},\"primaryImageOfPage\":{\"@id\":\"https:\/\/www.blackjackinfo.com\/top-four-blackjack-books\/#primaryimage\"},\"image\":{\"@id\":\"https:\/\/www.blackjackinfo.com\/top-four-blackjack-books\/#primaryimage\"},\"thumbnailUrl\":\"https:\/\/www.blackjackinfo.com\/files\/beat-the-dealer-179x300.jpg\",\"datePublished\":\"2016-10-16T03:56:16+00:00\",\"dateModified\":\"2018-06-22T07:44:38+00:00\",\"description\":\"Recently, I was at the UNLV campus visiting the Gaming Research Center that is on the third floor of the Lied Library. I do this from time to time as a\",\"breadcrumb\":{\"@id\":\"https:\/\/www.blackjackinfo.com\/top-four-blackjack-books\/#breadcrumb\"},\"inLanguage\":\"de\",\"potentialAction\":[{\"@type\":\"ReadAction\",\"target\":[\"https:\/\/www.blackjackinfo.com\/top-four-blackjack-books\/\"]}]},{\"@type\":\"ImageObject\",\"inLanguage\":\"de\",\"@id\":\"https:\/\/www.blackjackinfo.com\/top-four-blackjack-books\/#primaryimage\",\"url\":\"https:\/\/www.blackjackinfo.com\/files\/beat-the-dealer-179x300.jpg\",\"contentUrl\":\"https:\/\/www.blackjackinfo.com\/files\/beat-the-dealer-179x300.jpg\"},{\"@type\":\"BreadcrumbList\",\"@id\":\"https:\/\/www.blackjackinfo.com\/top-four-blackjack-books\/#breadcrumb\",\"itemListElement\":[{\"@type\":\"ListItem\",\"position\":1,\"name\":\"Home\",\"item\":\"https:\/\/www.blackjackinfo.com\/\"},{\"@type\":\"ListItem\",\"position\":2,\"name\":\"The Top Four Blackjack Books\"}]},{\"@type\":\"WebSite\",\"@id\":\"https:\/\/www.blackjackinfo.com\/#website\",\"url\":\"https:\/\/www.blackjackinfo.com\/\",\"name\":\"BlackjackInfo.com\",\"description\":\"Because Winning is More Fun!\",\"potentialAction\":[{\"@type\":\"SearchAction\",\"target\":{\"@type\":\"EntryPoint\",\"urlTemplate\":\"https:\/\/www.blackjackinfo.com\/?s={search_term_string}\"},\"query-input\":{\"@type\":\"PropertyValueSpecification\",\"valueRequired\":true,\"valueName\":\"search_term_string\"}}],\"inLanguage\":\"de\"}]}<\/script>\n<!-- \/ Yoast SEO plugin. -->","yoast_head_json":{"title":"Die vier besten Blackjack-B\u00fccher","description":"K\u00fcrzlich besuchte ich auf dem UNLV-Campus das Gaming Research Center, das sich im dritten Stock der Lied-Bibliothek befindet. Ich mache das von Zeit zu Zeit als","robots":{"index":"index","follow":"follow","max-snippet":"max-snippet:-1","max-image-preview":"max-image-preview:large","max-video-preview":"max-video-preview:-1"},"canonical":"https:\/\/www.blackjackinfo.com\/de\/die-vier-besten-blackjack-bucher\/","og_locale":"de_DE","og_type":"article","og_title":"The Top Four Blackjack Books","og_description":"Recently, I was at the UNLV campus visiting the Gaming Research Center that is on the third floor of the Lied Library. I do this from time to time as a","og_url":"https:\/\/www.blackjackinfo.com\/de\/die-vier-besten-blackjack-bucher\/","og_site_name":"BlackjackInfo.com","article_modified_time":"2018-06-22T07:44:38+00:00","og_image":[{"url":"https:\/\/www.blackjackinfo.com\/files\/beat-the-dealer-179x300.jpg","type":"","width":"","height":""}],"twitter_misc":{"Gesch\u00e4tzte Lesezeit":"6\u00a0Minuten"},"schema":{"@context":"https:\/\/schema.org","@graph":[{"@type":"WebPage","@id":"https:\/\/www.blackjackinfo.com\/top-four-blackjack-books\/","url":"https:\/\/www.blackjackinfo.com\/top-four-blackjack-books\/","name":"Die vier besten Blackjack-B\u00fccher","isPartOf":{"@id":"https:\/\/www.blackjackinfo.com\/#website"},"primaryImageOfPage":{"@id":"https:\/\/www.blackjackinfo.com\/top-four-blackjack-books\/#primaryimage"},"image":{"@id":"https:\/\/www.blackjackinfo.com\/top-four-blackjack-books\/#primaryimage"},"thumbnailUrl":"https:\/\/www.blackjackinfo.com\/files\/beat-the-dealer-179x300.jpg","datePublished":"2016-10-16T03:56:16+00:00","dateModified":"2018-06-22T07:44:38+00:00","description":"K\u00fcrzlich besuchte ich auf dem UNLV-Campus das Gaming Research Center, das sich im dritten Stock der Lied-Bibliothek befindet. Ich mache das von Zeit zu Zeit als","breadcrumb":{"@id":"https:\/\/www.blackjackinfo.com\/top-four-blackjack-books\/#breadcrumb"},"inLanguage":"de","potentialAction":[{"@type":"ReadAction","target":["https:\/\/www.blackjackinfo.com\/top-four-blackjack-books\/"]}]},{"@type":"ImageObject","inLanguage":"de","@id":"https:\/\/www.blackjackinfo.com\/top-four-blackjack-books\/#primaryimage","url":"https:\/\/www.blackjackinfo.com\/files\/beat-the-dealer-179x300.jpg","contentUrl":"https:\/\/www.blackjackinfo.com\/files\/beat-the-dealer-179x300.jpg"},{"@type":"BreadcrumbList","@id":"https:\/\/www.blackjackinfo.com\/top-four-blackjack-books\/#breadcrumb","itemListElement":[{"@type":"ListItem","position":1,"name":"Home","item":"https:\/\/www.blackjackinfo.com\/"},{"@type":"ListItem","position":2,"name":"The Top Four Blackjack Books"}]},{"@type":"WebSite","@id":"https:\/\/www.blackjackinfo.com\/#website","url":"https:\/\/www.blackjackinfo.com\/","name":"BlackjackInfo.de","description":"Denn Gewinnen macht mehr Spa\u00df!","potentialAction":[{"@type":"SearchAction","target":{"@type":"EntryPoint","urlTemplate":"https:\/\/www.blackjackinfo.com\/?s={search_term_string}"},"query-input":{"@type":"PropertyValueSpecification","valueRequired":true,"valueName":"search_term_string"}}],"inLanguage":"de"}]}},"_links":{"self":[{"href":"https:\/\/www.blackjackinfo.com\/de\/wp-json\/wp\/v2\/pages\/2028","targetHints":{"allow":["GET"]}}],"collection":[{"href":"https:\/\/www.blackjackinfo.com\/de\/wp-json\/wp\/v2\/pages"}],"about":[{"href":"https:\/\/www.blackjackinfo.com\/de\/wp-json\/wp\/v2\/types\/page"}],"author":[{"embeddable":true,"href":"https:\/\/www.blackjackinfo.com\/de\/wp-json\/wp\/v2\/users\/3"}],"replies":[{"embeddable":true,"href":"https:\/\/www.blackjackinfo.com\/de\/wp-json\/wp\/v2\/comments?post=2028"}],"version-history":[{"count":9,"href":"https:\/\/www.blackjackinfo.com\/de\/wp-json\/wp\/v2\/pages\/2028\/revisions"}],"predecessor-version":[{"id":2043,"href":"https:\/\/www.blackjackinfo.com\/de\/wp-json\/wp\/v2\/pages\/2028\/revisions\/2043"}],"wp:attachment":[{"href":"https:\/\/www.blackjackinfo.com\/de\/wp-json\/wp\/v2\/media?parent=2028"}],"wp:term":[{"taxonomy":"post_tag","embeddable":true,"href":"https:\/\/www.blackjackinfo.com\/de\/wp-json\/wp\/v2\/tags?post=2028"}],"curies":[{"name":"wp","href":"https:\/\/api.w.org\/{rel}","templated":true}]}}