{"id":2044,"date":"2016-10-17T00:48:23","date_gmt":"2016-10-17T05:48:23","guid":{"rendered":"https:\/\/www.blackjackinfo.com\/?page_id=2044"},"modified":"2018-06-22T02:40:22","modified_gmt":"2018-06-22T07:40:22","slug":"online-blackjack-variationen","status":"publish","type":"page","link":"https:\/\/www.blackjackinfo.com\/de\/online-blackjack\/online-blackjack-variations\/","title":{"rendered":"Online Blackjack-Varianten"},"content":{"rendered":"<p>\u00c4hnlich wie Blackjack in Live-Casinos kann Online-Blackjack viele verschiedene Formen annehmen, die von einer Reihe von Faktoren abh\u00e4ngen, z. B. von den Regeln eines bestimmten Blackjack-Spiels und davon, ob es sich bei dem betreffenden Spiel um eine Blackjack-Variante handelt oder nicht.  Es ist \u00e4u\u00dferst wichtig f\u00fcr einen Spieler zu erkennen, dass die Regeln eines Blackjack-Spiels mehr als nur eine subjektive Auswirkung darauf haben, wie viel Spa\u00df das Spiel macht, sie haben auch eine Auswirkung auf den Hausvorteil des Spiels, der eine Auswirkung auf Ihre Brieftasche hat, sollten Sie sich entscheiden zu spielen.<br \/>\n<img loading=\"lazy\" decoding=\"async\" class=\"size-full wp-image-2077 alignright\" src=\"\/files\/online_blackjack_variations.jpg\" alt=\"online_blackjack_variations\" width=\"350\" height=\"250\" srcset=\"https:\/\/www.blackjackinfo.com\/files\/online_blackjack_variations.jpg 350w, https:\/\/www.blackjackinfo.com\/files\/online_blackjack_variations-300x214.jpg 300w\" sizes=\"auto, (max-width: 350px) 100vw, 350px\" data-no-auto-translation=\"\" \/><br \/>\nWir werden einen Blick auf die verschiedenen Arten von Regels\u00e4tzen werfen, die f\u00fcr Online-Blackjack verf\u00fcgbar sind, und die Auswirkungen untersuchen, die bestimmte Regel\u00e4nderungen auf den Hausvorteil haben k\u00f6nnen.  Au\u00dferdem werfen wir einen Blick auf einige der Blackjack-Varianten (Spiele, die in unterschiedlichem Ma\u00dfe auf dem Blackjack-Spiel basieren), die online verf\u00fcgbar sind, und untersuchen die Hausvorteile dieser Spiele. <\/p>\n<p>Wenn es um Blackjack und Blackjack-basierte Spiele geht, h\u00e4ngt der Hausvorteil eines bestimmten Blackjack-Spiels (oder einer Variante) wiederum von den Regeln ab.  Wir w\u00fcrden jedoch vorschlagen, dass jedes Blackjack-Spiel mit einem Hausvorteil von mehr als 0,4% (was einer Rendite von weniger als 99,6% entspricht) wahrscheinlich ein ziemlich schlechtes Spiel ist (abgesehen von einer gro\u00dfartigen Werbeaktion) und Sie wahrscheinlich anderswo etwas Besseres finden k\u00f6nnen.  Gl\u00fccklicherweise sind die meisten Blackjack-Spiele, die online verf\u00fcgbar sind, besser als das, also werden wir die Gelegenheit haben, uns einige davon anzusehen. <\/p>\n<h2><a href=\"https:\/\/www.blackjackinfo.com\/online-blackjack\/online-blackjack-variations\/online-blackjack-rule-differences\/\">Teil 1 Verstehen der Auswirkungen der Vorschriften<\/a><\/h2>\n<p>Splitting, Verdoppeln, Re-Splitting von Assen, Blackjacks, Verdoppeln, Double-After-Split, Surrenders, Anzahl der Decks, Soft 17's<\/p>\n<h2>Teil 2 Blackjack-Varianten<\/h2>\n<ul><li><a href='https:\/\/www.blackjackinfo.com\/de\/blackjack_variation\/sonya-blackjack\/'>Sonya Blackjack<\/a><\/li><li><a href='https:\/\/www.blackjackinfo.com\/de\/blackjack_variation\/dr-fortuno-blackjack\/'>Dr. Fortuno Blackjack<\/a><\/li><li><a href='https:\/\/www.blackjackinfo.com\/de\/blackjack_variation\/blackjack-multi-hand\/'>Blackjack Multi-Hand<\/a><\/li><li><a href='https:\/\/www.blackjackinfo.com\/de\/blackjack_variation\/blackjack-atlantic-city-gold\/'>Blackjack Atlantic City Gold<\/a><\/li><li><a href='https:\/\/www.blackjackinfo.com\/de\/blackjack_variation\/blackjack-atlantic-city\/'>Blackjack Atlantic City<\/a><\/li><li><a href='https:\/\/www.blackjackinfo.com\/de\/blackjack_variation\/21-burn\/'>21 Verbrennung<\/a><\/li><li><a href='https:\/\/www.blackjackinfo.com\/de\/blackjack_variation\/pirate-21\/'>Pirat 21<\/a><\/li><li><a href='https:\/\/www.blackjackinfo.com\/de\/blackjack_variation\/mutli-hand-blackjack\/'>Blackjack mit zwei H\u00e4nden<\/a><\/li><li><a href='https:\/\/www.blackjackinfo.com\/de\/blackjack_variation\/european-blackjack-redeal\/'>Europ\u00e4ischer Blackjack Redeal<\/a><\/li><li><a href='https:\/\/www.blackjackinfo.com\/de\/blackjack_variation\/double-attack-blackjack\/'>Double Attack Blackjack<\/a><\/li><li><a href='https:\/\/www.blackjackinfo.com\/de\/blackjack_variation\/spanish-21\/'>Spanisch 21<\/a><\/li><li><a href='https:\/\/www.blackjackinfo.com\/de\/blackjack_variation\/power-blackjack\/'>Power Blackjack<\/a><\/li><li><a href='https:\/\/www.blackjackinfo.com\/de\/blackjack_variation\/lucky-blackjack\/'>Lucky Blackjack<\/a><\/li><li><a href='https:\/\/www.blackjackinfo.com\/de\/blackjack_variation\/blackjack-switch\/'>Blackjack Schalter<\/a><\/li><li><a href='https:\/\/www.blackjackinfo.com\/de\/blackjack_variation\/suit-em-up-blackjack\/'>Anzug 'Em Up Blackjack<\/a><\/li><li><a href='https:\/\/www.blackjackinfo.com\/de\/blackjack_variation\/zappit-blackjack\/'>Zappit Blackjack<\/a><\/li><li><a href='https:\/\/www.blackjackinfo.com\/de\/blackjack_variation\/european-blackjack\/'>Europ\u00e4ischer Blackjack<\/a><\/li><li><a href='https:\/\/www.blackjackinfo.com\/de\/blackjack_variation\/double-deck-blackjack\/'>Double Deck Blackjack<\/a><\/li><li><a href='https:\/\/www.blackjackinfo.com\/de\/blackjack_variation\/single-deck-blackjack\/'>Single Deck Blackjack<\/a><\/li><li><a href='https:\/\/www.blackjackinfo.com\/de\/blackjack_variation\/super-21\/'>Super 21<\/a><\/li><li><a href='https:\/\/www.blackjackinfo.com\/de\/blackjack_variation\/pontoon\/'>Ponton<\/a><\/li><li><a href='https:\/\/www.blackjackinfo.com\/de\/blackjack_variation\/perfect-pairs-blackjack\/'>Perfekte Paare Blackjack<\/a><\/li><li><a href='https:\/\/www.blackjackinfo.com\/de\/blackjack_variation\/match-play-21\/'>Match Play 21<\/a><\/li><li><a href='https:\/\/www.blackjackinfo.com\/de\/blackjack_variation\/blackjack\/'>Blackjack<\/a><\/li><\/ul>","protected":false},"excerpt":{"rendered":"<p>Much like Blackjack in live casinos, online Blackjack can take many different forms depending on a number of factors such as the Rules of a particular Blackjack game, as well as whether or not the game in question is a Blackjack variant. \u00a0It is extremely essential for a player to realize that the Rules of [&hellip;]<\/p>\n","protected":false},"author":3,"featured_media":0,"parent":1928,"menu_order":0,"comment_status":"closed","ping_status":"closed","template":"","meta":{"_acf_changed":false,"footnotes":""},"tags":[],"class_list":["post-2044","page","type-page","status-publish","hentry"],"acf":[],"yoast_head":"<!-- This site is optimized with the Yoast SEO plugin v26.6 - https:\/\/yoast.com\/wordpress\/plugins\/seo\/ -->\n<title>Online Blackjack Variations<\/title>\n<meta name=\"description\" content=\"Much like Blackjack in live casinos, online Blackjack can take many different forms depending on a number of factors such as the Rules of a particular\" \/>\n<meta name=\"robots\" content=\"index, follow, max-snippet:-1, max-image-preview:large, max-video-preview:-1\" \/>\n<link rel=\"canonical\" href=\"https:\/\/www.blackjackinfo.com\/de\/online-blackjack\/online-blackjack-variationen\/\" \/>\n<meta property=\"og:locale\" content=\"de_DE\" \/>\n<meta property=\"og:type\" content=\"article\" \/>\n<meta property=\"og:title\" content=\"Online Blackjack Variations\" \/>\n<meta property=\"og:description\" content=\"Much like Blackjack in live casinos, online Blackjack can take many different forms depending on a number of factors such as the Rules of a particular\" \/>\n<meta property=\"og:url\" content=\"https:\/\/www.blackjackinfo.com\/de\/online-blackjack\/online-blackjack-variationen\/\" \/>\n<meta property=\"og:site_name\" content=\"BlackjackInfo.com\" \/>\n<meta property=\"article:modified_time\" content=\"2018-06-22T07:40:22+00:00\" \/>\n<meta name=\"twitter:label1\" content=\"Gesch\u00e4tzte Lesezeit\" \/>\n\t<meta name=\"twitter:data1\" content=\"1\u00a0Minute\" \/>\n<script type=\"application\/ld+json\" class=\"yoast-schema-graph\">{\"@context\":\"https:\/\/schema.org\",\"@graph\":[{\"@type\":\"WebPage\",\"@id\":\"https:\/\/www.blackjackinfo.com\/online-blackjack\/online-blackjack-variations\/\",\"url\":\"https:\/\/www.blackjackinfo.com\/online-blackjack\/online-blackjack-variations\/\",\"name\":\"Online Blackjack Variations\",\"isPartOf\":{\"@id\":\"https:\/\/www.blackjackinfo.com\/#website\"},\"datePublished\":\"2016-10-17T05:48:23+00:00\",\"dateModified\":\"2018-06-22T07:40:22+00:00\",\"description\":\"Much like Blackjack in live casinos, online Blackjack can take many different forms depending on a number of factors such as the Rules of a particular\",\"breadcrumb\":{\"@id\":\"https:\/\/www.blackjackinfo.com\/online-blackjack\/online-blackjack-variations\/#breadcrumb\"},\"inLanguage\":\"de\",\"potentialAction\":[{\"@type\":\"ReadAction\",\"target\":[\"https:\/\/www.blackjackinfo.com\/online-blackjack\/online-blackjack-variations\/\"]}]},{\"@type\":\"BreadcrumbList\",\"@id\":\"https:\/\/www.blackjackinfo.com\/online-blackjack\/online-blackjack-variations\/#breadcrumb\",\"itemListElement\":[{\"@type\":\"ListItem\",\"position\":1,\"name\":\"Home\",\"item\":\"https:\/\/www.blackjackinfo.com\/\"},{\"@type\":\"ListItem\",\"position\":2,\"name\":\"Online Blackjack for Real Money\",\"item\":\"https:\/\/www.blackjackinfo.com\/online-blackjack\/\"},{\"@type\":\"ListItem\",\"position\":3,\"name\":\"Online Blackjack Variations\"}]},{\"@type\":\"WebSite\",\"@id\":\"https:\/\/www.blackjackinfo.com\/#website\",\"url\":\"https:\/\/www.blackjackinfo.com\/\",\"name\":\"BlackjackInfo.com\",\"description\":\"Because Winning is More Fun!\",\"potentialAction\":[{\"@type\":\"SearchAction\",\"target\":{\"@type\":\"EntryPoint\",\"urlTemplate\":\"https:\/\/www.blackjackinfo.com\/?s={search_term_string}\"},\"query-input\":{\"@type\":\"PropertyValueSpecification\",\"valueRequired\":true,\"valueName\":\"search_term_string\"}}],\"inLanguage\":\"de\"}]}<\/script>\n<!-- \/ Yoast SEO plugin. -->","yoast_head_json":{"title":"Online Blackjack-Varianten","description":"\u00c4hnlich wie Blackjack in Live-Casinos kann Online-Blackjack viele verschiedene Formen annehmen, die von einer Reihe von Faktoren abh\u00e4ngen, wie zum Beispiel den Regeln eines bestimmten","robots":{"index":"index","follow":"follow","max-snippet":"max-snippet:-1","max-image-preview":"max-image-preview:large","max-video-preview":"max-video-preview:-1"},"canonical":"https:\/\/www.blackjackinfo.com\/de\/online-blackjack\/online-blackjack-variationen\/","og_locale":"de_DE","og_type":"article","og_title":"Online Blackjack Variations","og_description":"Much like Blackjack in live casinos, online Blackjack can take many different forms depending on a number of factors such as the Rules of a particular","og_url":"https:\/\/www.blackjackinfo.com\/de\/online-blackjack\/online-blackjack-variationen\/","og_site_name":"BlackjackInfo.com","article_modified_time":"2018-06-22T07:40:22+00:00","twitter_misc":{"Gesch\u00e4tzte Lesezeit":"1\u00a0Minute"},"schema":{"@context":"https:\/\/schema.org","@graph":[{"@type":"WebPage","@id":"https:\/\/www.blackjackinfo.com\/online-blackjack\/online-blackjack-variations\/","url":"https:\/\/www.blackjackinfo.com\/online-blackjack\/online-blackjack-variations\/","name":"Online Blackjack-Varianten","isPartOf":{"@id":"https:\/\/www.blackjackinfo.com\/#website"},"datePublished":"2016-10-17T05:48:23+00:00","dateModified":"2018-06-22T07:40:22+00:00","description":"\u00c4hnlich wie Blackjack in Live-Casinos kann Online-Blackjack viele verschiedene Formen annehmen, die von einer Reihe von Faktoren abh\u00e4ngen, wie zum Beispiel den Regeln eines bestimmten","breadcrumb":{"@id":"https:\/\/www.blackjackinfo.com\/online-blackjack\/online-blackjack-variations\/#breadcrumb"},"inLanguage":"de","potentialAction":[{"@type":"ReadAction","target":["https:\/\/www.blackjackinfo.com\/online-blackjack\/online-blackjack-variations\/"]}]},{"@type":"BreadcrumbList","@id":"https:\/\/www.blackjackinfo.com\/online-blackjack\/online-blackjack-variations\/#breadcrumb","itemListElement":[{"@type":"ListItem","position":1,"name":"Home","item":"https:\/\/www.blackjackinfo.com\/"},{"@type":"ListItem","position":2,"name":"Online Blackjack for Real Money","item":"https:\/\/www.blackjackinfo.com\/online-blackjack\/"},{"@type":"ListItem","position":3,"name":"Online Blackjack Variations"}]},{"@type":"WebSite","@id":"https:\/\/www.blackjackinfo.com\/#website","url":"https:\/\/www.blackjackinfo.com\/","name":"BlackjackInfo.de","description":"Denn Gewinnen macht mehr Spa\u00df!","potentialAction":[{"@type":"SearchAction","target":{"@type":"EntryPoint","urlTemplate":"https:\/\/www.blackjackinfo.com\/?s={search_term_string}"},"query-input":{"@type":"PropertyValueSpecification","valueRequired":true,"valueName":"search_term_string"}}],"inLanguage":"de"}]}},"_links":{"self":[{"href":"https:\/\/www.blackjackinfo.com\/de\/wp-json\/wp\/v2\/pages\/2044","targetHints":{"allow":["GET"]}}],"collection":[{"href":"https:\/\/www.blackjackinfo.com\/de\/wp-json\/wp\/v2\/pages"}],"about":[{"href":"https:\/\/www.blackjackinfo.com\/de\/wp-json\/wp\/v2\/types\/page"}],"author":[{"embeddable":true,"href":"https:\/\/www.blackjackinfo.com\/de\/wp-json\/wp\/v2\/users\/3"}],"replies":[{"embeddable":true,"href":"https:\/\/www.blackjackinfo.com\/de\/wp-json\/wp\/v2\/comments?post=2044"}],"version-history":[{"count":9,"href":"https:\/\/www.blackjackinfo.com\/de\/wp-json\/wp\/v2\/pages\/2044\/revisions"}],"predecessor-version":[{"id":2520,"href":"https:\/\/www.blackjackinfo.com\/de\/wp-json\/wp\/v2\/pages\/2044\/revisions\/2520"}],"up":[{"embeddable":true,"href":"https:\/\/www.blackjackinfo.com\/de\/wp-json\/wp\/v2\/pages\/1928"}],"wp:attachment":[{"href":"https:\/\/www.blackjackinfo.com\/de\/wp-json\/wp\/v2\/media?parent=2044"}],"wp:term":[{"taxonomy":"post_tag","embeddable":true,"href":"https:\/\/www.blackjackinfo.com\/de\/wp-json\/wp\/v2\/tags?post=2044"}],"curies":[{"name":"wp","href":"https:\/\/api.w.org\/{rel}","templated":true}]}}