{"id":2060,"date":"2016-10-18T03:47:01","date_gmt":"2016-10-18T08:47:01","guid":{"rendered":"https:\/\/www.blackjackinfo.com\/?page_id=2060"},"modified":"2025-09-07T11:05:34","modified_gmt":"2025-09-07T16:05:34","slug":"glucks-blackjack","status":"publish","type":"page","link":"https:\/\/www.blackjackinfo.com\/de\/online-blackjack\/online-blackjack-variations\/lucky-blackjack\/","title":{"rendered":"Lucky Blackjack"},"content":{"rendered":"<p>Lucky Blackjack ist fast mehr eine Nebenwette als eine Blackjack-Variante. Tats\u00e4chlich handelt es sich um eine Blackjack-Variante, die \u00fcberhaupt keine Strategie erfordert, weil der Spieler buchst\u00e4blich keine Entscheidungen trifft.<img loading=\"lazy\" decoding=\"async\" class=\"alignright size-full wp-image-2084\" src=\"\/files\/lucky_blackjack.jpg\" alt=\"lucky_blackjack\" width=\"350\" height=\"250\" srcset=\"https:\/\/www.blackjackinfo.com\/files\/lucky_blackjack.jpg 350w, https:\/\/www.blackjackinfo.com\/files\/lucky_blackjack-300x214.jpg 300w\" sizes=\"auto, (max-width: 350px) 100vw, 350px\" data-no-auto-translation=\"\" \/><\/p>\n<p>Das Spiel funktioniert so, dass der Spieler auf eine beliebige Summe von 17-21 setzen kann. Alternativ dazu kann der Spieler auch auf einen nat\u00fcrlichen Blackjack oder einen Bust setzen. Die Regeln sind denkbar einfach: Es werden so lange Karten aufgedeckt, bis die Gesamtsumme entweder gr\u00f6\u00dfer oder gleich siebzehn ist, oder bis die Gesamtsumme zweiundzwanzig (oder mehr) betr\u00e4gt, was einen Bust darstellt. Wenn die Summe sechzehn oder weniger betr\u00e4gt, werden weitere Karten gezogen, bis die Summe mindestens siebzehn betr\u00e4gt,<\/p>\n<p>Nat\u00fcrlich muss der Spieler seinen Einsatz platzieren, bevor die Karten aufgedeckt wurden, so dass der Einsatz auf keinerlei Informationen basiert. Der Spieler kann auf ein Endresultat von 17, 18, 19, 20, 21, einen nat\u00fcrlichen Blackjack oder einen Bust setzen, wobei die Auszahlung je nach Einsatz unterschiedlich ist. Au\u00dferdem kann der Spieler auf mehrere Ergebnisse desselben Blattes setzen.<\/p>\n<p>Der beste Fall f\u00fcr den Spieler, der dieses Spiel ohne Geschicklichkeit, mit reinem Gl\u00fcck und ohne jegliche Entscheidungsfindung spielt, ist ein <strong>Hausvorteil von 3,36%<\/strong>Das f\u00fchrt auch dazu, dass man mit Fug und Recht behaupten kann, dass es sich nicht um ein Blackjack-Spiel handelt, da Blackjack keinen so hohen Hausvorteil hat. In der Tat kann ein Spieler nur dann einen so niedrigen Hausvorteil genie\u00dfen, wenn er auf achtzehn setzt, da alle anderen Wetten einen h\u00f6heren Hausvorteil haben, einschlie\u00dflich der '<em>B\u00fcste<\/em>Wette mit einem Hausvorteil von erschreckenden 14,92%.<\/p>\n<p>Eine Sache, die zugegebenerma\u00dfen interessant ist, ist, dass der Bust-Einsatz mit 2:1 auch die niedrigste Auszahlung aller Wetten f\u00fcr dieses Spiel hat. Normalerweise hat bei Wetten dieser Art die Wette mit der h\u00f6chstm\u00f6glichen Auszahlung den gr\u00f6\u00dften Hausvorteil, aber in diesem Fall ist das nicht der Fall. Die Wette mit der h\u00f6chsten Gewinnwahrscheinlichkeit und der niedrigsten Auszahlung hat den gr\u00f6\u00dften Hausvorteil, der gegen den Spieler arbeitet.<\/p>\n<p>Also, <strong>warum wird es Lucky Blackjack genannt?<\/strong> Ich vermute, weil der Spieler wirklich Gl\u00fcck haben muss, um nicht in relativ kurzer Zeit sein ganzes Geld zu verlieren.<\/p>","protected":false},"excerpt":{"rendered":"<p>Lucky Blackjack is almost more of a side bet than it is a Blackjack variant. In fact, this is a Blackjack variant that doesn\u2019t require any strategy whatsoever because the player literally doesn\u2019t make any decisions. The way that the game works is that the player can bet on any total from 17-21, alternatively, the [&hellip;]<\/p>\n","protected":false},"author":4,"featured_media":0,"parent":2044,"menu_order":0,"comment_status":"closed","ping_status":"closed","template":"","meta":{"_acf_changed":false,"footnotes":""},"tags":[],"class_list":["post-2060","page","type-page","status-publish","hentry"],"acf":[],"yoast_head":"<!-- This site is optimized with the Yoast SEO plugin v26.6 - https:\/\/yoast.com\/wordpress\/plugins\/seo\/ -->\n<title>Lucky Blackjack<\/title>\n<meta name=\"description\" content=\"Lucky Blackjack is almost more of a side bet than it is a Blackjack variant. In fact, this is a Blackjack variant that doesn\u2019t require any strategy\" \/>\n<meta name=\"robots\" content=\"index, follow, max-snippet:-1, max-image-preview:large, max-video-preview:-1\" \/>\n<link rel=\"canonical\" href=\"https:\/\/www.blackjackinfo.com\/de\/blackjack_variation\/glucks-blackjack\/\" \/>\n<meta property=\"og:locale\" content=\"de_DE\" \/>\n<meta property=\"og:type\" content=\"article\" \/>\n<meta property=\"og:title\" content=\"Lucky Blackjack\" \/>\n<meta property=\"og:description\" content=\"Lucky Blackjack is almost more of a side bet than it is a Blackjack variant. In fact, this is a Blackjack variant that doesn\u2019t require any strategy\" \/>\n<meta property=\"og:url\" content=\"https:\/\/www.blackjackinfo.com\/de\/blackjack_variation\/glucks-blackjack\/\" \/>\n<meta property=\"og:site_name\" content=\"BlackjackInfo.com\" \/>\n<meta property=\"article:modified_time\" content=\"2025-09-07T16:05:34+00:00\" \/>\n<meta name=\"twitter:label1\" content=\"Gesch\u00e4tzte Lesezeit\" \/>\n\t<meta name=\"twitter:data1\" content=\"2\u00a0Minuten\" \/>\n<script type=\"application\/ld+json\" class=\"yoast-schema-graph\">{\"@context\":\"https:\/\/schema.org\",\"@graph\":[{\"@type\":\"WebPage\",\"@id\":\"https:\/\/www.blackjackinfo.com\/online-blackjack\/online-blackjack-variations\/lucky-blackjack\/\",\"url\":\"https:\/\/www.blackjackinfo.com\/blackjack_variation\/lucky-blackjack\/\",\"name\":\"Lucky Blackjack\",\"isPartOf\":{\"@id\":\"https:\/\/www.blackjackinfo.com\/#website\"},\"datePublished\":\"2016-10-18T08:47:01+00:00\",\"dateModified\":\"2025-09-07T16:05:34+00:00\",\"description\":\"Lucky Blackjack is almost more of a side bet than it is a Blackjack variant. In fact, this is a Blackjack variant that doesn\u2019t require any strategy\",\"breadcrumb\":{\"@id\":\"https:\/\/www.blackjackinfo.com\/blackjack_variation\/lucky-blackjack\/#breadcrumb\"},\"inLanguage\":\"de\",\"potentialAction\":[{\"@type\":\"ReadAction\",\"target\":[\"https:\/\/www.blackjackinfo.com\/blackjack_variation\/lucky-blackjack\/\"]}]},{\"@type\":\"BreadcrumbList\",\"@id\":\"https:\/\/www.blackjackinfo.com\/blackjack_variation\/lucky-blackjack\/#breadcrumb\",\"itemListElement\":[{\"@type\":\"ListItem\",\"position\":1,\"name\":\"Home\",\"item\":\"https:\/\/www.blackjackinfo.com\/\"},{\"@type\":\"ListItem\",\"position\":2,\"name\":\"Online Blackjack for Real Money\",\"item\":\"https:\/\/www.blackjackinfo.com\/online-blackjack\/\"},{\"@type\":\"ListItem\",\"position\":3,\"name\":\"Online Blackjack Variations\",\"item\":\"https:\/\/www.blackjackinfo.com\/online-blackjack\/online-blackjack-variations\/\"},{\"@type\":\"ListItem\",\"position\":4,\"name\":\"Lucky Blackjack\"}]},{\"@type\":\"WebSite\",\"@id\":\"https:\/\/www.blackjackinfo.com\/#website\",\"url\":\"https:\/\/www.blackjackinfo.com\/\",\"name\":\"BlackjackInfo.com\",\"description\":\"Because Winning is More Fun!\",\"potentialAction\":[{\"@type\":\"SearchAction\",\"target\":{\"@type\":\"EntryPoint\",\"urlTemplate\":\"https:\/\/www.blackjackinfo.com\/?s={search_term_string}\"},\"query-input\":{\"@type\":\"PropertyValueSpecification\",\"valueRequired\":true,\"valueName\":\"search_term_string\"}}],\"inLanguage\":\"de\"}]}<\/script>\n<!-- \/ Yoast SEO plugin. -->","yoast_head_json":{"title":"Lucky Blackjack","description":"Lucky Blackjack is almost more of a side bet than it is a Blackjack variant. In fact, this is a Blackjack variant that doesn\u2019t require any strategy","robots":{"index":"index","follow":"follow","max-snippet":"max-snippet:-1","max-image-preview":"max-image-preview:large","max-video-preview":"max-video-preview:-1"},"canonical":"https:\/\/www.blackjackinfo.com\/de\/blackjack_variation\/glucks-blackjack\/","og_locale":"de_DE","og_type":"article","og_title":"Lucky Blackjack","og_description":"Lucky Blackjack is almost more of a side bet than it is a Blackjack variant. In fact, this is a Blackjack variant that doesn\u2019t require any strategy","og_url":"https:\/\/www.blackjackinfo.com\/de\/blackjack_variation\/glucks-blackjack\/","og_site_name":"BlackjackInfo.com","article_modified_time":"2025-09-07T16:05:34+00:00","twitter_misc":{"Gesch\u00e4tzte Lesezeit":"2\u00a0Minuten"},"schema":{"@context":"https:\/\/schema.org","@graph":[{"@type":"WebPage","@id":"https:\/\/www.blackjackinfo.com\/online-blackjack\/online-blackjack-variations\/lucky-blackjack\/","url":"https:\/\/www.blackjackinfo.com\/blackjack_variation\/lucky-blackjack\/","name":"Lucky Blackjack","isPartOf":{"@id":"https:\/\/www.blackjackinfo.com\/#website"},"datePublished":"2016-10-18T08:47:01+00:00","dateModified":"2025-09-07T16:05:34+00:00","description":"Lucky Blackjack is almost more of a side bet than it is a Blackjack variant. In fact, this is a Blackjack variant that doesn\u2019t require any strategy","breadcrumb":{"@id":"https:\/\/www.blackjackinfo.com\/blackjack_variation\/lucky-blackjack\/#breadcrumb"},"inLanguage":"de","potentialAction":[{"@type":"ReadAction","target":["https:\/\/www.blackjackinfo.com\/blackjack_variation\/lucky-blackjack\/"]}]},{"@type":"BreadcrumbList","@id":"https:\/\/www.blackjackinfo.com\/blackjack_variation\/lucky-blackjack\/#breadcrumb","itemListElement":[{"@type":"ListItem","position":1,"name":"Home","item":"https:\/\/www.blackjackinfo.com\/"},{"@type":"ListItem","position":2,"name":"Online Blackjack for Real Money","item":"https:\/\/www.blackjackinfo.com\/online-blackjack\/"},{"@type":"ListItem","position":3,"name":"Online Blackjack Variations","item":"https:\/\/www.blackjackinfo.com\/online-blackjack\/online-blackjack-variations\/"},{"@type":"ListItem","position":4,"name":"Lucky Blackjack"}]},{"@type":"WebSite","@id":"https:\/\/www.blackjackinfo.com\/#website","url":"https:\/\/www.blackjackinfo.com\/","name":"BlackjackInfo.de","description":"Denn Gewinnen macht mehr Spa\u00df!","potentialAction":[{"@type":"SearchAction","target":{"@type":"EntryPoint","urlTemplate":"https:\/\/www.blackjackinfo.com\/?s={search_term_string}"},"query-input":{"@type":"PropertyValueSpecification","valueRequired":true,"valueName":"search_term_string"}}],"inLanguage":"de"}]}},"_links":{"self":[{"href":"https:\/\/www.blackjackinfo.com\/de\/wp-json\/wp\/v2\/pages\/2060","targetHints":{"allow":["GET"]}}],"collection":[{"href":"https:\/\/www.blackjackinfo.com\/de\/wp-json\/wp\/v2\/pages"}],"about":[{"href":"https:\/\/www.blackjackinfo.com\/de\/wp-json\/wp\/v2\/types\/page"}],"author":[{"embeddable":true,"href":"https:\/\/www.blackjackinfo.com\/de\/wp-json\/wp\/v2\/users\/4"}],"replies":[{"embeddable":true,"href":"https:\/\/www.blackjackinfo.com\/de\/wp-json\/wp\/v2\/comments?post=2060"}],"version-history":[{"count":7,"href":"https:\/\/www.blackjackinfo.com\/de\/wp-json\/wp\/v2\/pages\/2060\/revisions"}],"predecessor-version":[{"id":9028,"href":"https:\/\/www.blackjackinfo.com\/de\/wp-json\/wp\/v2\/pages\/2060\/revisions\/9028"}],"up":[{"embeddable":true,"href":"https:\/\/www.blackjackinfo.com\/de\/wp-json\/wp\/v2\/pages\/2044"}],"wp:attachment":[{"href":"https:\/\/www.blackjackinfo.com\/de\/wp-json\/wp\/v2\/media?parent=2060"}],"wp:term":[{"taxonomy":"post_tag","embeddable":true,"href":"https:\/\/www.blackjackinfo.com\/de\/wp-json\/wp\/v2\/tags?post=2060"}],"curies":[{"name":"wp","href":"https:\/\/api.w.org\/{rel}","templated":true}]}}