{"id":2435,"date":"2017-01-19T19:37:28","date_gmt":"2017-01-20T01:37:28","guid":{"rendered":"https:\/\/www.blackjackinfo.com\/?page_id=2435"},"modified":"2018-01-28T21:17:25","modified_gmt":"2018-01-29T03:17:25","slug":"kens-online-blackjack-erfahrung","status":"publish","type":"page","link":"https:\/\/www.blackjackinfo.com\/de\/kens-online-blackjack-experience\/","title":{"rendered":"Ken's Online Blackjack Erfahrung"},"content":{"rendered":"<p>Als ich zum ersten Mal mit der Idee konfrontiert wurde, in Online-Casinos zu wetten, hatte ich die \u00fcblichen Fragen...<\/p>\n<blockquote><p>Woher wissen Sie, dass die Spiele fair sind?<br \/>\nWoher wissen Sie, dass sie Sie im Falle eines Gewinns auch tats\u00e4chlich bezahlen werden?<\/p><\/blockquote>\n<p>Es ist mir gelungen, diese Fragen zu meiner Zufriedenheit zu beantworten, und jetzt spiele ich online. Zum Zeitpunkt der Erstellung dieses Artikels habe ich bereits in 51 verschiedenen Online-Casinos gespielt. Und ich habe dabei Geld verdient. Als Webmaster einer beliebten Gl\u00fccksspiel-Informationsseite erhalte ich eine Menge Fragen per E-Mail. Viele neugierige Besucher meiner Website stellen mir die beiden oben genannten Fragen. Hier ist also meine Meinung zur Online-Gl\u00fccksspielbranche, die guten und die schlechten Seiten.<\/p>\n<h2 class=\"gbs-heading\">Sind die Spiele fair?<\/h2>\n<p>Ich f\u00fchre akribisch Buch \u00fcber mein Spiel und verfolge den Gesamtbetrag meiner Eins\u00e4tze. Das ist eine Menge Arbeit, aber ich mache das aus mehreren Gr\u00fcnden. Meistens spiele ich mit Bonusgeldern, und die Auszahlungsbedingungen f\u00fcr Boni schreiben in der Regel eine bestimmte Spielzeit vor. Au\u00dferdem m\u00f6chte ich in der Lage sein, den Prozentsatz der verlorenen Eins\u00e4tze im Auge zu behalten.<\/p>\n<p>Aufgrund der gro\u00dfen Anzahl von Spielen, die ich aufgezeichnet habe, kann ich mit ziemlicher Sicherheit sagen, dass die Spiele, die ich gespielt habe, fair sind. Das hei\u00dft, sie entsprechen genau den Spielen, die man in einem landbasierten Casino finden w\u00fcrde. Ich habe online \u00fcber $300.000 gesetzt und davon insgesamt 0,6% verloren. Das meiste davon war Blackjack, mit Hausvorteilen von bis zu 0,5%. Ein Teil des Spiels fand aber auch an Online-Spielautomaten statt, bei denen der Hausvorteil zwar unbekannt, aber mit Sicherheit h\u00f6her ist. Ein Verlust von 0,6% ist ein bisschen hoch, aber mit ein bisschen Pech ist das durchaus vertretbar.<\/p>\n<p><strong>Update<\/strong>: Mein Spiel zu Beginn des Jahres 2002 war sehr profitabel. Meine Gesamteins\u00e4tze haben jetzt die Marke von einer halben Million Dollar erreicht, und ich liege sogar vor den Spielen, ohne die Boni zu ber\u00fccksichtigen. Das ist f\u00fcr mich ziemlich \u00fcberraschend, aber wahr.<\/p>\n<p>In den Casinos, in denen ich gespielt habe, scheinen die Spiele also legal zu sein. Nat\u00fcrlich w\u00e4re es f\u00fcr Online-Gl\u00fccksspielsoftware ziemlich einfach, so programmiert zu werden, dass sie Sie betr\u00fcgt. Und ich bin sicher, dass es einige Online-Casinos gibt, die das tun. Es ist kein Zufall, dass ich auf diesen Seiten nicht gespielt habe. Wenn Sie sich f\u00fcr eine seri\u00f6se Website entscheiden, k\u00f6nnen Sie den Spielen meiner Meinung nach vertrauen und sich keine Sorgen machen. Es gibt insbesondere vier gro\u00dfe Softwareanbieter, die meiner Meinung nach grundsolide sind. F\u00fcr weitere Informationen lesen Sie bitte weiter. Kurz gesagt, ich habe keinen Grund zu der Annahme, dass ich jemals online betrogen wurde.<\/p>\n<p>Die kl\u00fcgeren Betreiber von Online-Casinos haben erkannt, dass sie mit einem seri\u00f6sen Spielangebot \u00fcber viele Jahre hinweg viel mehr Geld verdienen k\u00f6nnen, als wenn sie kurzfristig ein paar Spieler betr\u00fcgen. Aus diesem Grund sind Gr\u00f6\u00dfe und Ruf wichtig.<\/p>\n<p>Wie kommt es nun, dass ich 0,6% meiner Wetten verloren habe, aber trotzdem Geld verdient habe?<br \/>\nEin Wort: Boni. Lesen Sie weiter und ich erkl\u00e4re es Ihnen.<\/p>\n<p><strong>Update<\/strong>: Jetzt, wo ich einen Vorsprung habe und nicht mehr 0,6% im Loch stecke, sind die Boni ein reiner Gewinn.<\/p>\n<p>Aber was ist mit dem Erhalt Ihrer Gewinne? ...<\/p>\n<h2 class=\"gbs-heading\">Werden Sie bezahlt?<\/h2>\n<p>Wenn es einen Bereich des Online-Gl\u00fccksspiels gibt, der mich entt\u00e4uscht hat, dann ist es die Tatsache, dass ich einige Probleme bei der Abholung meiner Gewinne hatte. Nichtsdestotrotz wurde ich nie betrogen. Im Laufe der Jahre habe ich Hunderte von Bargeldtransaktionen durchgef\u00fchrt. Bei f\u00fcnf von ihnen hatte ich Probleme. Ich habe es jedes Mal geschafft, meinen Gewinn zu kassieren, aber es hat mich einige Anrufe und E-Mails an den Kundendienst gekostet. Wenn Sie sich entscheiden, online zu spielen, sollten Sie Ihre Unterlagen gut aufbewahren, sonst sind Sie ihnen ausgeliefert.<\/p>\n<p><strong>Update<\/strong>: Seit 2003 hatte ich absolut keine Probleme mit Einzahlungen. Vielleicht geh\u00f6ren Einzahlungsverz\u00f6gerungen der Vergangenheit an.<\/p>\n<p>Was waren also meine 5 Probleme?<\/p>\n<p>Die langsamsten Auszahlungen erfolgten in dem inzwischen aufgel\u00f6sten Fairplay Casino. Ich sollte wohl dankbar daf\u00fcr sein, dass ich jemals mein Geld von einem Casino erhalten habe, das wegen schlechten Managements den Betrieb eingestellt hat. Gl\u00fccklicherweise wurde mir nicht viel geschuldet, als es geschlossen wurde. Vier Monate nach der Schlie\u00dfung erhielt ich eine \u00dcberweisung \u00fcber die letzten $35, die sie mir schuldeten.<\/p>\n<p>Fast genauso langsam war das Lucky Nugget Casino, wo ich fast vier Monate brauchte, um $85 zu sammeln. Lucky Nugget war eines der ersten Casinos, in denen ich gespielt habe, und ich war noch ziemlich misstrauisch gegen\u00fcber den Spielen. Ich erhielt von ihnen einen betr\u00e4chtlichen Bonus von $110, spielte etwas mehr als den geforderten Betrag und lie\u00df mir $85 meiner urspr\u00fcnglichen $100 auszahlen, was einem Nettoverlust von $15 entspricht. Ich glaube immer noch, dass sie meine Einzahlung absichtlich falsch behandelt haben, da ich kaum genug gespielt habe, um mich f\u00fcr meinen Bonus zu qualifizieren. Lektion gelernt: Spielen Sie ein wenig mehr, wenn es um Boni geht, oder besser noch, viel mehr.<br \/>\nAls n\u00e4chstes ist Captain Cooks Casino an der Reihe, wo ich 7 Wochen auf eine PayPal-\u00dcberweisung von $349 gewartet habe. Ihre Behauptungen \u00fcber verschiedene Verz\u00f6gerungen sind ziemlich durchschaubar, vor allem da ihr Schwesterunternehmen Illustrated Casino mich zur gleichen Zeit an der Nase herumgef\u00fchrt hat.<br \/>\nIllustrated Casino, das zu Captain Cooks geh\u00f6rt, brauchte 6 Wochen f\u00fcr eine PayPal-\u00dcberweisung von $393, die nicht zuf\u00e4llig am selben Tag gutgeschrieben wurde, an dem mein Captain Cooks-Fiasko gel\u00f6st wurde.<\/p>\n<p>Zuletzt hatte ich Probleme mit King Solomon's, wo ich einen kostenlosen $50-Bonus erhielt, um die neue Software zu testen. Ich habe das Guthaben auf $250 aufgestockt und ausgezahlt, aber nur ein Teil meines Cash-Ins wurde auf \u00e4ltere Kreditkarteneink\u00e4ufe angerechnet. Zwei Monate nach Anrufen und E-Mails erhielt ich endlich den Rest meines Guthabens.<\/p>\n<p>Diese Episoden zeichnen ein ziemlich d\u00fcsteres Bild. Die gute Nachricht ist, dass meine anderen Einzahlungen ohne Probleme abgewickelt wurden. Im Jahr 2004 schienen sich die durchschnittlichen Auszahlungszeiten fast \u00fcberall zu verbessern. Die meisten Auszahlungen werden innerhalb von 2 Tagen abgewickelt, einige sogar innerhalb weniger Minuten. In einigen wenigen F\u00e4llen dauert es immer noch mehrere Tage, aber alles in allem sind die Transaktionen jetzt schneller als je zuvor. Heutzutage wickle ich die meisten meiner Transaktionen \u00fcber Neteller ab, eine Art Online-Geldb\u00f6rse \u00e4hnlich wie PayPal. (Anmerkung der Redaktion: Neteller hat sich schlie\u00dflich vom US-Markt zur\u00fcckgezogen).<\/p>\n<p>Zur\u00fcck zur Frage: Werden Sie bezahlt werden? Die kurze Antwort: Ja, das habe ich immer getan.<\/p>\n<p>Weitere \u00dcberlegungen zu Zahlungsfragen finden Sie im n\u00e4chsten Abschnitt, Auswahl eines Casinos...<\/p>\n<h2 class=\"gbs-heading\">Auswahl eines Casinos<\/h2>\n<p>Ich habe geh\u00f6rt, dass es \u00fcber 1400 Online-Casinos im Internet gibt. Ich kann diese Zahl zwar nicht best\u00e4tigen, aber ich wei\u00df, dass es sehr, sehr viele Seiten da drau\u00dfen gibt. Und nat\u00fcrlich behauptet jede Seite, dass sie faire Spiele und schnelle Auszahlungen anbietet. Es ist sehr wichtig zu wissen, welche Seiten wirklich vertrauensw\u00fcrdig sind. Meine Methode ist einfach: Halten Sie sich an die gr\u00f6\u00dften und seri\u00f6sesten Seiten. Online-Casinos werden nicht popul\u00e4r, ohne ihre Spieler fair zu behandeln.<\/p>\n<p>Das erste, was ich \u00fcber ein Online-Casino wissen m\u00f6chte, ist: Wer hat die Software entwickelt? Es gibt sechs oder sieben Unternehmen, die weithin f\u00fcr Online-Gl\u00fccksspielsoftware verwendet werden, und auch viele weniger popul\u00e4re Softwareanbieter der zweiten Reihe. Fast alle meine Spiele habe ich auf Seiten gespielt, die einen der \"gro\u00dfen Vier\" Software-Anbieter verwenden.<\/p>\n<p>MicroGaming: Dies ist vielleicht der beliebteste Softwareanbieter, da viele Casinos die Software von MicroGaming verwenden. Sie bieten eine sehr gro\u00dfe Anzahl von Spielen, darunter mehrere gro\u00dfe progressive Slots. Die Blackjack ist ausgezeichnet, mit vielen Sorten zur Verf\u00fcgung.<\/p>\n<p>Cryptologic: Obwohl Cryptologic einst ein wichtiger Akteur im Bereich der Online-Gl\u00fccksspielsoftware war, ist sein Marktanteil geschrumpft, da viele seiner Casinos zu anderen Softwareanbietern \u00fcbergegangen sind. Die Flaggschiff-Casino-Marke von Intercasino ist immer noch ein ausgezeichneter Ort zum Spielen. Ich hatte noch nie irgendwelche Zahlungsverz\u00f6gerungen oder Probleme mit einem von Cryptologic betriebenen Casino. Ein nettes Feature ihrer Spiele ist Blackjack f\u00fcr mehrere Spieler.<\/p>\n<p>Boss Media: Fr\u00fcher war dies meine Lieblingssoftware zum Spielen. Sie ist attraktiv, schnell und einfach. In den letzten Jahren wurden die Fortschritte der Konkurrenz jedoch nicht von Boss Media widergespiegelt. Es ist immer noch gut, aber nicht mehr mein Favorit. Eine sch\u00f6ne Sache ist, dass einige der Boss Media Casinos ein au\u00dfergew\u00f6hnliches Blackjack-Spiel anbieten. Einige bieten nur ein Spiel mit sechs Kartendecks an, aber einige wenige bieten auch ein Spiel mit nur einem Kartendeck mit S17 und DAS an. Das ist das beste Spiel im Netz. E-cash wird von einem externen Unternehmen namens WebDollar abgewickelt. Ich hatte noch nie irgendwelche Probleme mit von Boss Media betriebenen Websites.<\/p>\n<p>Playtech: Ein weiterer hervorragender Software-Anbieter mit vielen seri\u00f6sen Casinos. Dies ist meine derzeitige Lieblingssoftwareplattform, mit vielen interessanten Spielen und guten progressiven Jackpots. Es gibt ein 25-Cent-Video-Poker-Spiel namens MegaJacks, das oft hoch genug ist, um ein profitables Spiel zu sein.<\/p>\n<p>Unter den zweitklassigen Softwareanbietern habe ich auch auf Websites gespielt, die die Software von Real Time Gaming verwenden. Obwohl die Software nicht schlecht ist, habe ich in den Foren viele Beschwerden von Spielern gelesen, die Probleme mit der Auszahlung ihrer Gewinne hatten. Viele dieser Websites scheinen nicht ausreichend finanziert zu sein und verhandeln gelegentlich mit den Spielern \u00fcber die Auszahlung ihrer Gewinne im Laufe der Zeit. Das ist nicht meine Vorstellung davon, wie die Dinge funktionieren sollten. Nein, danke.<\/p>\n<p><strong>Update<\/strong>: Es gibt ein paar wirklich gute Real Time Gaming-Casinos, deshalb habe ich eine Handvoll der seri\u00f6sen Casinos in die Liste der Inserenten aufgenommen. Ich bin allerdings sehr w\u00e4hlerisch und genehmige nur die allerbesten.<\/p>\n<p>Der zweite Punkt, der bei der Entscheidung f\u00fcr oder gegen eine Einzahlung in einem bestimmten Kasino von Interesse ist, ist die Frage, wie Sie das Kasino bei Bedarf kontaktieren k\u00f6nnen. Ich spiele nur auf Seiten, die einen geb\u00fchrenfreien telefonischen Kundendienst anbieten. Wenn sie nur E-Mail-Support anbieten, denke ich, dass es sich nicht um ein sehr gro\u00dfes Unternehmen handeln kann.<\/p>\n<p>Als Letztes untersuche ich die Auszahlungsmodalit\u00e4ten, um zu sehen, welche M\u00f6glichkeiten es gibt und wie hoch die damit verbundenen Geb\u00fchren sind. Cryptologic und Boss Media Casinos berechnen beide $1 f\u00fcr die meisten Arten von Transaktionen. Abhebungen von MicroGaming- und Playtech-Seiten sind in der Regel kostenlos.<\/p>\n<p>Als N\u00e4chstes werde ich er\u00f6rtern, wie man Boni nutzen kann, um online einen netten Gewinn zu erzielen...<\/p>\n<h2 class=\"gbs-heading\">Wie sieht es mit Boni aus?<\/h2>\n<p>W\u00e4hrend landbasierte Casinos den Spielern kostenlose Mahlzeiten, Getr\u00e4nke und Zimmer als Gegenleistung f\u00fcr ihr Spiel anbieten, neigen Online-Casinos dazu, den einzigen leicht verf\u00fcgbaren Ersatz anzubieten, den sie haben: kaltes, hartes Geld. Fast jedes Online-Casino bietet einen Anmeldebonus an, bei dem Ihre erste Einzahlung mit zus\u00e4tzlichen Chips erg\u00e4nzt wird. Diese Boni k\u00f6nnen in manchen F\u00e4llen recht lukrativ sein. Viele Websites haben auch laufende Werbeaktionen, bei denen sie zus\u00e4tzliche Chips anbieten.<\/p>\n<p>Wenn Sie mit einem Bonus spielen, sollten Sie unbedingt das Kleingedruckte, die so genannten \"Bedingungen\", lesen. Manchmal m\u00fcssen Sie eine E-Mail an das Casino schicken, um den Bonus zu erhalten. Manchmal m\u00fcssen Sie Ihre Einzahlung ein oder mehrere Male durchspielen, bevor Sie den Bonus in Anspruch nehmen k\u00f6nnen. Und in fast allen F\u00e4llen m\u00fcssen Sie den Betrag der Einzahlung und des Bonus mehrfach umsetzen, bevor Sie das Geld abheben k\u00f6nnen.<\/p>\n<p>In den meisten F\u00e4llen kann ein kluger Spieler jedoch davon ausgehen, dass er mit dem Bonus einen sch\u00f6nen Gewinn erzielt. Nehmen wir zum Beispiel ein MicroGaming-Casino mit einem \"Buy $50, Get $50 Free\"-Bonusangebot. Nehmen wir an, der Bonus verlangt, dass Sie die Einzahlung und den Bonus 20 Mal umsetzen, bevor Sie sich auszahlen lassen k\u00f6nnen. Sie kaufen also $50, es werden weitere $50 hinzugef\u00fcgt und Sie beginnen mit einem Guthaben von $100. Bevor Sie sich auszahlen lassen k\u00f6nnen, m\u00fcssen Sie mindestens $2000 einsetzen. Sie k\u00f6nnten zum Beispiel Blackjack mit $10 pro Runde f\u00fcr 200 Runden spielen. Die meisten Blackjack-Spiele, die online angeboten werden, haben einen Hausvorteil von weniger als 0,5%, wenn Sie die richtige Grundstrategie anwenden. Bei einem Einsatz von $2000 betr\u00e4gt der erwartete Verlust also nur $2000 x 0,005, also $10. Das Casino hat Ihnen $50 gezahlt, damit Sie ihm $10 an erwarteten Verlusten bringen. Kein schlechtes Gesch\u00e4ft!<\/p>\n<p><strong>Update<\/strong>: Diese Angebote sind heute weniger lukrativ als zu der Zeit, als dieser Artikel verfasst wurde. Viele Casinos verbieten jetzt das Spielen von Blackjack f\u00fcr die Zwecke der Bonuswettanforderungen. Stattdessen m\u00fcssen Sie einige der Spiele mit h\u00f6heren Hausvorteilen spielen. Lesen Sie die Bedingungen sorgf\u00e4ltig durch.<\/p>\n<p>Nat\u00fcrlich, dass $10 ist der durchschnittliche Verlust f\u00fcr eine perfekte grundlegende Strategie Spieler. Ihr Gl\u00fcck wird bestimmen, was mit Ihrer Bankroll passiert. Sie k\u00f6nnen die $100 verlieren, oder Sie k\u00f6nnen $100 oder mehr gewinnen. Aber auf lange Sicht werden Sie etwa $40 von diesem $50-Bonus behalten k\u00f6nnen.<\/p>\n<p>Allerdings... Boni sind zum Fluch der Online-Casino-Branche geworden, wobei einige Spieler von den Casinos als \"Bonusmissbraucher\" eingestuft werden. In den meisten F\u00e4llen handelt es sich dabei um Spieler, die die Bedingungen buchstabengetreu erf\u00fcllen, sich den Bonus auszahlen lassen und dann nie wieder gesehen werden. Die seri\u00f6sen Online-Websites wissen, dass einige Spieler nur wegen des Bonus spielen, sich diesen auszahlen lassen und nie wieder zur\u00fcckkommen, um zu spielen. Das ist einfach der Preis, den sie zahlen m\u00fcssen, um neue Spieler in ihr Casino zu locken. Einige der fragw\u00fcrdigeren Seiten werden jedoch jede Ausrede nutzen, um zu verhindern, dass ein Spieler, der anscheinend nur wegen des Bonus da ist, bezahlt wird.<\/p>\n<p>Vergewissern Sie sich unbedingt, dass Sie sich an alle Bedingungen halten, die dort genannt werden. Und ich empfehle Ihnen, viel mehr als das erforderliche Minimum zu spielen, um sich den Bonus auszahlen zu lassen. Denken Sie daran, dass Ihr Vorsprung auf lange Sicht enorm ist. Sicher, es kann sein, dass Sie eine Reihe von schlechten Karten haben und die $100 verlieren. Aber es kann auch vorkommen, dass Sie eine gute Serie von Karten haben und diese in $1000 umwandeln (zugegeben, wahrscheinlich nicht mit flachen $10-Eins\u00e4tzen). Wenn ich unseren Beispielbonus spielen w\u00fcrde, w\u00fcrde ich wahrscheinlich mindestens $3000 an Wetten spielen und wahrscheinlich $4000 oder $5000.<\/p>\n<p>Wenn Sie sich an die besten Online-Casinos halten, werden diese Sie nat\u00fcrlich ohnehin schnell auszahlen. Sie wissen, dass der Bonus ihnen zusteht, wenn ein Spieler die Bedingungen erf\u00fcllt, und zwar fair und anst\u00e4ndig. Wenn sie z\u00fcgig zahlen, gewinnen sie vielleicht einen Spieler f\u00fcr eine lange Zeit.<\/p>\n<p>Boni sind eine der letzten gro\u00dfen Werbegeschenke, die Sie wahrscheinlich erleben werden. Ich glaube nicht, dass es die gro\u00dfen Boni, die es heute gibt, in ein paar Jahren noch geben wird. Sie sind einfach zu teuer f\u00fcr die Kasinos. Nutzen Sie sie also, solange Sie k\u00f6nnen.<\/p>\n<p><strong>Update<\/strong>: Die wirklich lukrativen Boni sind tats\u00e4chlich verschwunden. Die heutigen Boni eignen sich hervorragend, um Casinos auszuprobieren, aber sie sind kein schneller Weg mehr, um einen sicheren Gewinn zu erzielen. Lesen Sie dennoch die Bedingungen und nutzen Sie das Angebot, das Ihnen zur Verf\u00fcgung steht.<\/p>","protected":false},"excerpt":{"rendered":"<p>When I was first introduced to the idea of wagering at online casinos, I had the usual questions&#8230; How do you know the games are fair? How do you know they&#8217;ll actually pay you if you win? I&#8217;ve managed to answer those questions to my satisfaction, and now I do play online. In fact, as [&hellip;]<\/p>\n","protected":false},"author":3,"featured_media":0,"parent":0,"menu_order":0,"comment_status":"closed","ping_status":"closed","template":"page-new.php","meta":{"_acf_changed":false,"footnotes":""},"tags":[],"class_list":["post-2435","page","type-page","status-publish","hentry"],"acf":[],"yoast_head":"<!-- This site is optimized with the Yoast SEO plugin v26.6 - https:\/\/yoast.com\/wordpress\/plugins\/seo\/ -->\n<title>Ken&#039;s Online Blackjack Experience<\/title>\n<meta name=\"description\" content=\"When I was first introduced to the idea of wagering at online casinos, I had the usual questions... How do you know the games are fair? How do you know\" \/>\n<meta name=\"robots\" content=\"index, follow, max-snippet:-1, max-image-preview:large, max-video-preview:-1\" \/>\n<link rel=\"canonical\" href=\"https:\/\/www.blackjackinfo.com\/de\/kens-online-blackjack-erfahrung\/\" \/>\n<meta property=\"og:locale\" content=\"de_DE\" \/>\n<meta property=\"og:type\" content=\"article\" \/>\n<meta property=\"og:title\" content=\"Ken&#039;s Online Blackjack Experience\" \/>\n<meta property=\"og:description\" content=\"When I was first introduced to the idea of wagering at online casinos, I had the usual questions... How do you know the games are fair? How do you know\" \/>\n<meta property=\"og:url\" content=\"https:\/\/www.blackjackinfo.com\/de\/kens-online-blackjack-erfahrung\/\" \/>\n<meta property=\"og:site_name\" content=\"BlackjackInfo.com\" \/>\n<meta property=\"article:modified_time\" content=\"2018-01-29T03:17:25+00:00\" \/>\n<meta name=\"twitter:label1\" content=\"Gesch\u00e4tzte Lesezeit\" \/>\n\t<meta name=\"twitter:data1\" content=\"11\u00a0Minuten\" \/>\n<script type=\"application\/ld+json\" class=\"yoast-schema-graph\">{\"@context\":\"https:\/\/schema.org\",\"@graph\":[{\"@type\":\"WebPage\",\"@id\":\"https:\/\/www.blackjackinfo.com\/kens-online-blackjack-experience\/\",\"url\":\"https:\/\/www.blackjackinfo.com\/kens-online-blackjack-experience\/\",\"name\":\"Ken's Online Blackjack Experience\",\"isPartOf\":{\"@id\":\"https:\/\/www.blackjackinfo.com\/#website\"},\"datePublished\":\"2017-01-20T01:37:28+00:00\",\"dateModified\":\"2018-01-29T03:17:25+00:00\",\"description\":\"When I was first introduced to the idea of wagering at online casinos, I had the usual questions... How do you know the games are fair? How do you know\",\"breadcrumb\":{\"@id\":\"https:\/\/www.blackjackinfo.com\/kens-online-blackjack-experience\/#breadcrumb\"},\"inLanguage\":\"de\",\"potentialAction\":[{\"@type\":\"ReadAction\",\"target\":[\"https:\/\/www.blackjackinfo.com\/kens-online-blackjack-experience\/\"]}]},{\"@type\":\"BreadcrumbList\",\"@id\":\"https:\/\/www.blackjackinfo.com\/kens-online-blackjack-experience\/#breadcrumb\",\"itemListElement\":[{\"@type\":\"ListItem\",\"position\":1,\"name\":\"Home\",\"item\":\"https:\/\/www.blackjackinfo.com\/\"},{\"@type\":\"ListItem\",\"position\":2,\"name\":\"Ken&#8217;s Online Blackjack Experience\"}]},{\"@type\":\"WebSite\",\"@id\":\"https:\/\/www.blackjackinfo.com\/#website\",\"url\":\"https:\/\/www.blackjackinfo.com\/\",\"name\":\"BlackjackInfo.com\",\"description\":\"Because Winning is More Fun!\",\"potentialAction\":[{\"@type\":\"SearchAction\",\"target\":{\"@type\":\"EntryPoint\",\"urlTemplate\":\"https:\/\/www.blackjackinfo.com\/?s={search_term_string}\"},\"query-input\":{\"@type\":\"PropertyValueSpecification\",\"valueRequired\":true,\"valueName\":\"search_term_string\"}}],\"inLanguage\":\"de\"}]}<\/script>\n<!-- \/ Yoast SEO plugin. -->","yoast_head_json":{"title":"Ken's Online Blackjack Erfahrung","description":"Als ich zum ersten Mal mit der Idee konfrontiert wurde, in Online-Casinos zu wetten, hatte ich die \u00fcblichen Fragen... Woher wei\u00df man, dass die Spiele fair sind? Woher wissen Sie","robots":{"index":"index","follow":"follow","max-snippet":"max-snippet:-1","max-image-preview":"max-image-preview:large","max-video-preview":"max-video-preview:-1"},"canonical":"https:\/\/www.blackjackinfo.com\/de\/kens-online-blackjack-erfahrung\/","og_locale":"de_DE","og_type":"article","og_title":"Ken's Online Blackjack Experience","og_description":"When I was first introduced to the idea of wagering at online casinos, I had the usual questions... How do you know the games are fair? How do you know","og_url":"https:\/\/www.blackjackinfo.com\/de\/kens-online-blackjack-erfahrung\/","og_site_name":"BlackjackInfo.com","article_modified_time":"2018-01-29T03:17:25+00:00","twitter_misc":{"Gesch\u00e4tzte Lesezeit":"11\u00a0Minuten"},"schema":{"@context":"https:\/\/schema.org","@graph":[{"@type":"WebPage","@id":"https:\/\/www.blackjackinfo.com\/kens-online-blackjack-experience\/","url":"https:\/\/www.blackjackinfo.com\/kens-online-blackjack-experience\/","name":"Ken's Online Blackjack Erfahrung","isPartOf":{"@id":"https:\/\/www.blackjackinfo.com\/#website"},"datePublished":"2017-01-20T01:37:28+00:00","dateModified":"2018-01-29T03:17:25+00:00","description":"Als ich zum ersten Mal mit der Idee konfrontiert wurde, in Online-Casinos zu wetten, hatte ich die \u00fcblichen Fragen... Woher wei\u00df man, dass die Spiele fair sind? Woher wissen Sie","breadcrumb":{"@id":"https:\/\/www.blackjackinfo.com\/kens-online-blackjack-experience\/#breadcrumb"},"inLanguage":"de","potentialAction":[{"@type":"ReadAction","target":["https:\/\/www.blackjackinfo.com\/kens-online-blackjack-experience\/"]}]},{"@type":"BreadcrumbList","@id":"https:\/\/www.blackjackinfo.com\/kens-online-blackjack-experience\/#breadcrumb","itemListElement":[{"@type":"ListItem","position":1,"name":"Home","item":"https:\/\/www.blackjackinfo.com\/"},{"@type":"ListItem","position":2,"name":"Ken&#8217;s Online Blackjack Experience"}]},{"@type":"WebSite","@id":"https:\/\/www.blackjackinfo.com\/#website","url":"https:\/\/www.blackjackinfo.com\/","name":"BlackjackInfo.de","description":"Denn Gewinnen macht mehr Spa\u00df!","potentialAction":[{"@type":"SearchAction","target":{"@type":"EntryPoint","urlTemplate":"https:\/\/www.blackjackinfo.com\/?s={search_term_string}"},"query-input":{"@type":"PropertyValueSpecification","valueRequired":true,"valueName":"search_term_string"}}],"inLanguage":"de"}]}},"_links":{"self":[{"href":"https:\/\/www.blackjackinfo.com\/de\/wp-json\/wp\/v2\/pages\/2435","targetHints":{"allow":["GET"]}}],"collection":[{"href":"https:\/\/www.blackjackinfo.com\/de\/wp-json\/wp\/v2\/pages"}],"about":[{"href":"https:\/\/www.blackjackinfo.com\/de\/wp-json\/wp\/v2\/types\/page"}],"author":[{"embeddable":true,"href":"https:\/\/www.blackjackinfo.com\/de\/wp-json\/wp\/v2\/users\/3"}],"replies":[{"embeddable":true,"href":"https:\/\/www.blackjackinfo.com\/de\/wp-json\/wp\/v2\/comments?post=2435"}],"version-history":[{"count":7,"href":"https:\/\/www.blackjackinfo.com\/de\/wp-json\/wp\/v2\/pages\/2435\/revisions"}],"predecessor-version":[{"id":2445,"href":"https:\/\/www.blackjackinfo.com\/de\/wp-json\/wp\/v2\/pages\/2435\/revisions\/2445"}],"wp:attachment":[{"href":"https:\/\/www.blackjackinfo.com\/de\/wp-json\/wp\/v2\/media?parent=2435"}],"wp:term":[{"taxonomy":"post_tag","embeddable":true,"href":"https:\/\/www.blackjackinfo.com\/de\/wp-json\/wp\/v2\/tags?post=2435"}],"curies":[{"name":"wp","href":"https:\/\/api.w.org\/{rel}","templated":true}]}}