{"id":2447,"date":"2017-01-19T20:22:34","date_gmt":"2017-01-20T02:22:34","guid":{"rendered":"https:\/\/www.blackjackinfo.com\/?page_id=2447"},"modified":"2018-06-22T02:39:49","modified_gmt":"2018-06-22T07:39:49","slug":"online-blackjack-anleitung","status":"publish","type":"page","link":"https:\/\/www.blackjackinfo.com\/de\/online-blackjack\/online-blackjack-guide\/","title":{"rendered":"Online Blackjack Leitfaden"},"content":{"rendered":"<p>Wenn es darum geht, Blackjack online zu spielen, kann es ziemlich verwirrend sein, auszuw\u00e4hlen, wo man spielt und wie man dabei vorgeht. Da webbasierte Casinos immer beliebter werden, haben wir beschlossen, einen Leitfaden mit Tipps zum legalen und sicheren Online-Spielen zusammenzustellen, damit unsere Besucher einfach eine echte Erfahrung genie\u00dfen k\u00f6nnen.<\/p>\n<div class=\"section-small\">\n      <h2 class=\"mB30 strong-underline\"><span>Empfohlene Online-Casinos<\/span><\/h2>\n      <div class=\"row\">\n            <div class=\"col-sm-4 mB30\">\n          <div class=\"recommended-casino text-center\" style=\"background:#263b1a;\">\n            <div class=\"buttons-upper\"> <a rel=\"nofollow\" href=\"\/goto\/goto\/\" class=\"btn btn-wire mR10\">WEBSEITE BESUCHEN<\/a> <\/div>\n            <p class=\"plan-logo\"> <img decoding=\"async\" src=\"https:\/\/www.blackjackinfo.com\/files\/bovada.png\" data-no-auto-translation=\"\"><\/p>\n            <div class=\"casino-title\">\n              <h2 class=\"white mB0\">Bovada<\/h2>\n              <div class=\"star-rating recommended\"><i class=\"fa fa-star\" aria-hidden=\"true\"><\/i><i class=\"fa fa-star\" aria-hidden=\"true\"><\/i><i class=\"fa fa-star\" aria-hidden=\"true\"><\/i><i class=\"fa fa-star\" aria-hidden=\"true\"><\/i><i class=\"fa fa-star-half-o\" aria-hidden=\"true\"><\/i>\n              <\/div>\n            <\/div>\n          <\/div>\n        <\/div>\n            <div class=\"col-sm-4 mB30\">\n          <div class=\"recommended-casino text-center\" style=\"background:#263b1a;\">\n            <div class=\"buttons-upper\"> <a rel=\"nofollow\" href=\"\/goto\/goto\/\" class=\"btn btn-wire mR10\">WEBSEITE BESUCHEN<\/a> <\/div>\n            <p class=\"plan-logo\"> <img decoding=\"async\" src=\"https:\/\/www.blackjackinfo.com\/files\/vegas_casino_online.png\" data-no-auto-translation=\"\"><\/p>\n            <div class=\"casino-title\">\n              <h2 class=\"white mB0\">Vegas Casino Online<\/h2>\n              <div class=\"star-rating recommended\"><i class=\"fa fa-star\" aria-hidden=\"true\"><\/i><i class=\"fa fa-star\" aria-hidden=\"true\"><\/i><i class=\"fa fa-star\" aria-hidden=\"true\"><\/i><i class=\"fa fa-star\" aria-hidden=\"true\"><\/i><i class=\"fa fa-star-half-o\" aria-hidden=\"true\"><\/i>\n              <\/div>\n            <\/div>\n          <\/div>\n        <\/div>\n            <div class=\"col-sm-4 mB30\">\n          <div class=\"recommended-casino text-center\" style=\"background:#263b1a;\">\n            <div class=\"buttons-upper\"> <a rel=\"nofollow\" href=\"\/goto\/goto\/\" class=\"btn btn-wire mR10\">WEBSEITE BESUCHEN<\/a> <\/div>\n            <p class=\"plan-logo\"> <img decoding=\"async\" src=\"https:\/\/www.blackjackinfo.com\/files\/red-dog-casino-logo-e1601018305105.png\" data-no-auto-translation=\"\"><\/p>\n            <div class=\"casino-title\">\n              <h2 class=\"white mB0\">Red Dog Casino<\/h2>\n              <div class=\"star-rating recommended\"><i class=\"fa fa-star\" aria-hidden=\"true\"><\/i><i class=\"fa fa-star\" aria-hidden=\"true\"><\/i><i class=\"fa fa-star\" aria-hidden=\"true\"><\/i><i class=\"fa fa-star\" aria-hidden=\"true\"><\/i><i class=\"fa fa-star-o\" aria-hidden=\"true\"><\/i>\n              <\/div>\n            <\/div>\n          <\/div>\n        <\/div><\/div><\/div>\n<p>&nbsp;<\/p>\n<h2 class=\"gbs-heading\">Leitfaden zum Spielen von Blackjack online f\u00fcr echtes Geld<\/h2>\n<p>Es gibt zwar viele Online-Casinos, die verschiedene Spielanreize bieten, aber wir sind sehr w\u00e4hlerisch bei der Auswahl der Casinos und empfehlen die folgenden aufgrund ihres guten Rufs, ihrer vertrauensw\u00fcrdigen Software und ihres Kundensupports.<\/p>\n<p>Wenn Sie in den Vereinigten Staaten leben, lesen Sie unbedingt unseren Artikel <a href=\"https:\/\/www.blackjackinfo.com\/online-blackjack\/is-it-legal-to-play-online-blackjack-in-the-us\/\">Ist es legal, in den USA online Blackjack zu spielen?<\/a><\/p>\n<h3 class=\"gbs-heading\">Schritt 1: Erstellen Sie ein Spielerkonto und erhalten Sie Zugang zu den Spielm\u00f6glichkeiten.<\/h3>\n<p>Auch wenn nicht alle Online-Casinos auf die gleiche Art und Weise arbeiten, sind die Schritte in der Regel die gleichen und beginnen mit der Benutzerregistrierung. Dies ist ein ziemlich unkompliziertes Verfahren, das nach Ihren pers\u00f6nlichen Daten und Zahlungsinformationen fragt.<\/p>\n<p>Als N\u00e4chstes ist es an der Zeit, sich tats\u00e4chlich Zugang zum Spielort zu verschaffen. Dies geschieht normalerweise auf zwei Arten:<\/p>\n<ul>\n<li><b>Sofortiges Spiel<\/b>. Mit dieser Option k\u00f6nnen Sie innerhalb Ihres Browsers spielen, und das Men\u00fc der Spiele steht Ihnen einfach zur Verf\u00fcgung, ohne dass zus\u00e4tzliche Downloads erforderlich sind.<\/li>\n<li><b>Software herunterladen<\/b>. Viele Casinos verlangen, dass Sie ihr spezielles Softwareprogramm auf Ihren Computer herunterladen, mit dem Sie auf die Spieleinrichtungen zugreifen k\u00f6nnen. Diese Software ist in der Regel in der Gr\u00f6\u00dfenordnung von etwa 5mb und die Anforderungen sind recht minimal und wird reibungslos auf den meisten Computern laufen.<\/li>\n<\/ul>\n<figure id=\"attachment_3004\" aria-describedby=\"caption-attachment-3004\" style=\"width: 300px\" class=\"wp-caption aligncenter\"><img loading=\"lazy\" decoding=\"async\" class=\"wp-image-3004 size-medium\" src=\"https:\/\/www.blackjackinfo.com\/files\/bovada-registration-300x169.jpg\" alt=\"\" width=\"300\" height=\"169\" srcset=\"https:\/\/www.blackjackinfo.com\/files\/bovada-registration-300x169.jpg 300w, https:\/\/www.blackjackinfo.com\/files\/bovada-registration.jpg 416w\" sizes=\"auto, (max-width: 300px) 100vw, 300px\" data-no-auto-translation=\"\" \/><figcaption id=\"caption-attachment-3004\" class=\"wp-caption-text\">Bovada Registrierung<\/figcaption><\/figure>\n<h3 class=\"gbs-heading\">Schritt 2: Boni und Einzahlung auf Ihr Konto<\/h3>\n<p>Jedes Online-Casino bietet Werbeboni und Anreize f\u00fcr die Anmeldung, aber seien Sie sehr vorsichtig, da einige von ihnen einen sehr hohen Durchspielwert verlangen, der es fast unm\u00f6glich macht, zu gewinnen. Achten Sie darauf, die angegebenen Bedingungen zu lesen, und wenn die Durchspielbedingungen zu hoch sind, ist es am besten, die Aktion \u00fcberhaupt nicht in Anspruch zu nehmen.<\/p>\n<p>Je nach Casino k\u00f6nnen Sie entweder per Debitkarte, Kreditkarte oder \u00fcber einen Finanzvermittler Geld auf Ihr Spielkonto einzahlen. Dies h\u00e4ngt davon ab, was das Casino zul\u00e4sst, sowie von den Regeln des Finanzvermittlers selbst.<\/p>\n<p>In den meisten F\u00e4llen akzeptieren Online-Casinos auch Zahlungen \u00fcber E-Wallet-Dienste wie Neteller, Paypal, Skrill sowie <a href=\"https:\/\/www.blackjackinfo.com\/banking\/bitcoin\/\">Bitcoin<\/a>.<\/p>\n<figure id=\"attachment_3006\" aria-describedby=\"caption-attachment-3006\" style=\"width: 300px\" class=\"wp-caption aligncenter\"><img loading=\"lazy\" decoding=\"async\" class=\"wp-image-3006 size-medium\" src=\"https:\/\/www.blackjackinfo.com\/files\/bovada-deposit-options-300x144.jpg\" alt=\"\" width=\"300\" height=\"144\" srcset=\"https:\/\/www.blackjackinfo.com\/files\/bovada-deposit-options-300x144.jpg 300w, https:\/\/www.blackjackinfo.com\/files\/bovada-deposit-options.jpg 489w\" sizes=\"auto, (max-width: 300px) 100vw, 300px\" data-no-auto-translation=\"\" \/><figcaption id=\"caption-attachment-3006\" class=\"wp-caption-text\">Bovada Einzahlungsoptionen<\/figcaption><\/figure>\n<h3 class=\"gbs-heading\">Schritt 3: Spielen Sie das Spiel!<\/h3>\n<p>Nachdem Sie nun Ihr Konto eingerichtet, auf die Spielm\u00f6glichkeiten zugegriffen und Geld zum Spielen eingezahlt haben, ist es an der Zeit, in den eigentlichen Spielspa\u00df einzutauchen.  Je nachdem, in welchem Casino Sie spielen, werden Sie feststellen, dass es eine Menge Blackjack-Varianten gibt, aus denen Sie w\u00e4hlen k\u00f6nnen.  Wenn Sie die Unterschiede zum Standard-Blackjack-Spiel verstehen wollen, lesen Sie unseren Artikel \u00fcber <a href=\"https:\/\/www.blackjackinfo.com\/online-blackjack\/online-blackjack-variations\/\">Online Blackjack Variationen<\/a> f\u00fcr eine umfassendere Aufschl\u00fcsselung.<\/p>\n<p>Unabh\u00e4ngig davon, welche Form von Online-Blackjack Sie spielen m\u00f6chten, empfehlen wir Folgendes <a href=\"https:\/\/www.blackjackinfo.com\/blackjack-basic-strategy-engine\/\">Grundstrategie<\/a> und auch unter Einsatz eines <a href=\"https:\/\/www.blackjackinfo.com\/blackjack-school\/lesson-07-money-management-part-1\/\">Geldmanagementsystem<\/a> das f\u00fcr Sie funktioniert.<\/p>\n<figure id=\"attachment_3008\" aria-describedby=\"caption-attachment-3008\" style=\"width: 300px\" class=\"wp-caption aligncenter\"><img loading=\"lazy\" decoding=\"async\" class=\"wp-image-3008 size-medium\" src=\"https:\/\/www.blackjackinfo.com\/files\/bovada-blackjack-300x210.jpg\" alt=\"bovada blackjack\" width=\"300\" height=\"210\" srcset=\"https:\/\/www.blackjackinfo.com\/files\/bovada-blackjack-300x210.jpg 300w, https:\/\/www.blackjackinfo.com\/files\/bovada-blackjack-768x539.jpg 768w, https:\/\/www.blackjackinfo.com\/files\/bovada-blackjack-1024x718.jpg 1024w, https:\/\/www.blackjackinfo.com\/files\/bovada-blackjack-610x428.jpg 610w, https:\/\/www.blackjackinfo.com\/files\/bovada-blackjack.jpg 1065w\" sizes=\"auto, (max-width: 300px) 100vw, 300px\" data-no-auto-translation=\"\" \/><figcaption id=\"caption-attachment-3008\" class=\"wp-caption-text\">Bovada Blackjack<\/figcaption><\/figure>\n<figure id=\"attachment_3007\" aria-describedby=\"caption-attachment-3007\" style=\"width: 300px\" class=\"wp-caption aligncenter\"><img loading=\"lazy\" decoding=\"async\" class=\"wp-image-3007 size-medium\" style=\"float: right;\" src=\"https:\/\/www.blackjackinfo.com\/files\/bovada-games-300x144.jpg\" alt=\"Bovada Games\" width=\"300\" height=\"144\" srcset=\"https:\/\/www.blackjackinfo.com\/files\/bovada-games-300x144.jpg 300w, https:\/\/www.blackjackinfo.com\/files\/bovada-games.jpg 486w\" sizes=\"auto, (max-width: 300px) 100vw, 300px\" data-no-auto-translation=\"\" \/><figcaption id=\"caption-attachment-3007\" class=\"wp-caption-text\">Bovada Games<\/figcaption><\/figure>\n<h3 class=\"gbs-heading\">Schritt 4: Abhebung Ihres Geldes<\/h3>\n<p>Wenn Sie an einem Punkt angelangt sind, an dem Sie Geld abheben m\u00f6chten, stellen Sie einen entsprechenden Antrag, indem Sie die daf\u00fcr vorgesehene Online-Funktion nutzen.<\/p>\n<p>Wenn Sie Ihr Konto nicht verifiziert haben (was nach der Anmeldung verlangt werden kann), werden Sie in den meisten F\u00e4llen aufgefordert, eine Form der Identifizierung vorzulegen, z. B. einen amtlichen Ausweis oder einen Scan der verwendeten Kreditkarte.<\/p>\n<p>Beachten Sie auch, dass einige Casinos Geb\u00fchren f\u00fcr mehrere Abhebungen innerhalb desselben Kalendermonats erheben k\u00f6nnen. Wenden Sie sich an den Support, um zu kl\u00e4ren, ob es irgendwelche Probleme dieser Art gibt.<\/p>\n<h3 class=\"gbs-heading\">Schritt 5: Melden Sie Ihre Spielgewinne und zahlen Sie Ihre Steuern (falls zutreffend)<\/h3>\n<p>Erl\u00f6se aus Gl\u00fccksspielen werden h\u00e4ufig als steuerpflichtige Eink\u00fcnfte angesehen, was bedeutet, dass diese den zust\u00e4ndigen Steuerbeh\u00f6rden Ihres Landes gemeldet werden m\u00fcssen. Denken Sie daran, dies genau und rechtzeitig zu tun, da Sie keine Strafe (Geld- und\/oder Freiheitsstrafe) von der zust\u00e4ndigen Beh\u00f6rde riskieren m\u00f6chten.<\/p>\n<p><a href=\"https:\/\/www.blackjackinfo.com\/online-blackjack\/tax-implications-online-blackjack\/\">Weitere Informationen<\/a>.<\/p>\n<h3 class=\"gbs-heading\">Kundenbetreuung<\/h3>\n<p>Auch wenn es eine Selbstverst\u00e4ndlichkeit ist, sollten Sie sich immer an den Kundendienst wenden, wenn Sie irgendwelche Fragen oder Bedenken haben<\/p>","protected":false},"excerpt":{"rendered":"<p>When it comes to playing blackjack online, it can get pretty confusing selecting where to play and how to go about doing so. As web based casinos have become more popular, we have decided to put together a guide with tips on how to approach playing online in a legal and safe manner so our [&hellip;]<\/p>\n","protected":false},"author":3,"featured_media":3046,"parent":1928,"menu_order":0,"comment_status":"closed","ping_status":"closed","template":"","meta":{"_acf_changed":false,"footnotes":""},"tags":[],"class_list":["post-2447","page","type-page","status-publish","has-post-thumbnail","hentry"],"acf":[],"yoast_head":"<!-- This site is optimized with the Yoast SEO plugin v26.6 - https:\/\/yoast.com\/wordpress\/plugins\/seo\/ -->\n<title>Online Blackjack Guide<\/title>\n<meta name=\"description\" content=\"Looking to play blackjack online? This comprehensive guide will walk you through the necessary steps for a safe and genuine experience\" \/>\n<meta name=\"robots\" content=\"index, follow, max-snippet:-1, max-image-preview:large, max-video-preview:-1\" \/>\n<link rel=\"canonical\" href=\"https:\/\/www.blackjackinfo.com\/de\/online-blackjack\/online-blackjack-anleitung\/\" \/>\n<meta property=\"og:locale\" content=\"de_DE\" \/>\n<meta property=\"og:type\" content=\"article\" \/>\n<meta property=\"og:title\" content=\"Online Blackjack Guide\" \/>\n<meta property=\"og:description\" content=\"Looking to play blackjack online? This comprehensive guide will walk you through the necessary steps for a safe and genuine experience\" \/>\n<meta property=\"og:url\" content=\"https:\/\/www.blackjackinfo.com\/de\/online-blackjack\/online-blackjack-anleitung\/\" \/>\n<meta property=\"og:site_name\" content=\"BlackjackInfo.com\" \/>\n<meta property=\"article:modified_time\" content=\"2018-06-22T07:39:49+00:00\" \/>\n<meta property=\"og:image\" content=\"https:\/\/www.blackjackinfo.com\/files\/online-blackjack-guide-featured-image.jpg\" \/>\n\t<meta property=\"og:image:width\" content=\"455\" \/>\n\t<meta property=\"og:image:height\" content=\"213\" \/>\n\t<meta property=\"og:image:type\" content=\"image\/jpeg\" \/>\n<meta name=\"twitter:label1\" content=\"Gesch\u00e4tzte Lesezeit\" \/>\n\t<meta name=\"twitter:data1\" content=\"4\u00a0Minuten\" \/>\n<script type=\"application\/ld+json\" class=\"yoast-schema-graph\">{\"@context\":\"https:\/\/schema.org\",\"@graph\":[{\"@type\":\"WebPage\",\"@id\":\"https:\/\/www.blackjackinfo.com\/online-blackjack\/online-blackjack-guide\/\",\"url\":\"https:\/\/www.blackjackinfo.com\/online-blackjack\/online-blackjack-guide\/\",\"name\":\"Online Blackjack Guide\",\"isPartOf\":{\"@id\":\"https:\/\/www.blackjackinfo.com\/#website\"},\"primaryImageOfPage\":{\"@id\":\"https:\/\/www.blackjackinfo.com\/online-blackjack\/online-blackjack-guide\/#primaryimage\"},\"image\":{\"@id\":\"https:\/\/www.blackjackinfo.com\/online-blackjack\/online-blackjack-guide\/#primaryimage\"},\"thumbnailUrl\":\"https:\/\/www.blackjackinfo.com\/files\/online-blackjack-guide-featured-image.jpg\",\"datePublished\":\"2017-01-20T02:22:34+00:00\",\"dateModified\":\"2018-06-22T07:39:49+00:00\",\"description\":\"Looking to play blackjack online? This comprehensive guide will walk you through the necessary steps for a safe and genuine experience\",\"breadcrumb\":{\"@id\":\"https:\/\/www.blackjackinfo.com\/online-blackjack\/online-blackjack-guide\/#breadcrumb\"},\"inLanguage\":\"de\",\"potentialAction\":[{\"@type\":\"ReadAction\",\"target\":[\"https:\/\/www.blackjackinfo.com\/online-blackjack\/online-blackjack-guide\/\"]}]},{\"@type\":\"ImageObject\",\"inLanguage\":\"de\",\"@id\":\"https:\/\/www.blackjackinfo.com\/online-blackjack\/online-blackjack-guide\/#primaryimage\",\"url\":\"https:\/\/www.blackjackinfo.com\/files\/online-blackjack-guide-featured-image.jpg\",\"contentUrl\":\"https:\/\/www.blackjackinfo.com\/files\/online-blackjack-guide-featured-image.jpg\",\"width\":455,\"height\":213},{\"@type\":\"BreadcrumbList\",\"@id\":\"https:\/\/www.blackjackinfo.com\/online-blackjack\/online-blackjack-guide\/#breadcrumb\",\"itemListElement\":[{\"@type\":\"ListItem\",\"position\":1,\"name\":\"Home\",\"item\":\"https:\/\/www.blackjackinfo.com\/\"},{\"@type\":\"ListItem\",\"position\":2,\"name\":\"Online Blackjack for Real Money\",\"item\":\"https:\/\/www.blackjackinfo.com\/online-blackjack\/\"},{\"@type\":\"ListItem\",\"position\":3,\"name\":\"Online Blackjack Guide\"}]},{\"@type\":\"WebSite\",\"@id\":\"https:\/\/www.blackjackinfo.com\/#website\",\"url\":\"https:\/\/www.blackjackinfo.com\/\",\"name\":\"BlackjackInfo.com\",\"description\":\"Because Winning is More Fun!\",\"potentialAction\":[{\"@type\":\"SearchAction\",\"target\":{\"@type\":\"EntryPoint\",\"urlTemplate\":\"https:\/\/www.blackjackinfo.com\/?s={search_term_string}\"},\"query-input\":{\"@type\":\"PropertyValueSpecification\",\"valueRequired\":true,\"valueName\":\"search_term_string\"}}],\"inLanguage\":\"de\"}]}<\/script>\n<!-- \/ Yoast SEO plugin. -->","yoast_head_json":{"title":"Online Blackjack Leitfaden","description":"M\u00f6chten Sie Blackjack online spielen? Dieser umfassende Leitfaden f\u00fchrt Sie durch die notwendigen Schritte f\u00fcr eine sichere und echte Erfahrung","robots":{"index":"index","follow":"follow","max-snippet":"max-snippet:-1","max-image-preview":"max-image-preview:large","max-video-preview":"max-video-preview:-1"},"canonical":"https:\/\/www.blackjackinfo.com\/de\/online-blackjack\/online-blackjack-anleitung\/","og_locale":"de_DE","og_type":"article","og_title":"Online Blackjack Guide","og_description":"Looking to play blackjack online? This comprehensive guide will walk you through the necessary steps for a safe and genuine experience","og_url":"https:\/\/www.blackjackinfo.com\/de\/online-blackjack\/online-blackjack-anleitung\/","og_site_name":"BlackjackInfo.com","article_modified_time":"2018-06-22T07:39:49+00:00","og_image":[{"width":455,"height":213,"url":"https:\/\/www.blackjackinfo.com\/files\/online-blackjack-guide-featured-image.jpg","type":"image\/jpeg"}],"twitter_misc":{"Gesch\u00e4tzte Lesezeit":"4\u00a0Minuten"},"schema":{"@context":"https:\/\/schema.org","@graph":[{"@type":"WebPage","@id":"https:\/\/www.blackjackinfo.com\/online-blackjack\/online-blackjack-guide\/","url":"https:\/\/www.blackjackinfo.com\/online-blackjack\/online-blackjack-guide\/","name":"Online Blackjack Leitfaden","isPartOf":{"@id":"https:\/\/www.blackjackinfo.com\/#website"},"primaryImageOfPage":{"@id":"https:\/\/www.blackjackinfo.com\/online-blackjack\/online-blackjack-guide\/#primaryimage"},"image":{"@id":"https:\/\/www.blackjackinfo.com\/online-blackjack\/online-blackjack-guide\/#primaryimage"},"thumbnailUrl":"https:\/\/www.blackjackinfo.com\/files\/online-blackjack-guide-featured-image.jpg","datePublished":"2017-01-20T02:22:34+00:00","dateModified":"2018-06-22T07:39:49+00:00","description":"M\u00f6chten Sie Blackjack online spielen? Dieser umfassende Leitfaden f\u00fchrt Sie durch die notwendigen Schritte f\u00fcr eine sichere und echte Erfahrung","breadcrumb":{"@id":"https:\/\/www.blackjackinfo.com\/online-blackjack\/online-blackjack-guide\/#breadcrumb"},"inLanguage":"de","potentialAction":[{"@type":"ReadAction","target":["https:\/\/www.blackjackinfo.com\/online-blackjack\/online-blackjack-guide\/"]}]},{"@type":"ImageObject","inLanguage":"de","@id":"https:\/\/www.blackjackinfo.com\/online-blackjack\/online-blackjack-guide\/#primaryimage","url":"https:\/\/www.blackjackinfo.com\/files\/online-blackjack-guide-featured-image.jpg","contentUrl":"https:\/\/www.blackjackinfo.com\/files\/online-blackjack-guide-featured-image.jpg","width":455,"height":213},{"@type":"BreadcrumbList","@id":"https:\/\/www.blackjackinfo.com\/online-blackjack\/online-blackjack-guide\/#breadcrumb","itemListElement":[{"@type":"ListItem","position":1,"name":"Home","item":"https:\/\/www.blackjackinfo.com\/"},{"@type":"ListItem","position":2,"name":"Online Blackjack for Real Money","item":"https:\/\/www.blackjackinfo.com\/online-blackjack\/"},{"@type":"ListItem","position":3,"name":"Online Blackjack Guide"}]},{"@type":"WebSite","@id":"https:\/\/www.blackjackinfo.com\/#website","url":"https:\/\/www.blackjackinfo.com\/","name":"BlackjackInfo.de","description":"Denn Gewinnen macht mehr Spa\u00df!","potentialAction":[{"@type":"SearchAction","target":{"@type":"EntryPoint","urlTemplate":"https:\/\/www.blackjackinfo.com\/?s={search_term_string}"},"query-input":{"@type":"PropertyValueSpecification","valueRequired":true,"valueName":"search_term_string"}}],"inLanguage":"de"}]}},"_links":{"self":[{"href":"https:\/\/www.blackjackinfo.com\/de\/wp-json\/wp\/v2\/pages\/2447","targetHints":{"allow":["GET"]}}],"collection":[{"href":"https:\/\/www.blackjackinfo.com\/de\/wp-json\/wp\/v2\/pages"}],"about":[{"href":"https:\/\/www.blackjackinfo.com\/de\/wp-json\/wp\/v2\/types\/page"}],"author":[{"embeddable":true,"href":"https:\/\/www.blackjackinfo.com\/de\/wp-json\/wp\/v2\/users\/3"}],"replies":[{"embeddable":true,"href":"https:\/\/www.blackjackinfo.com\/de\/wp-json\/wp\/v2\/comments?post=2447"}],"version-history":[{"count":8,"href":"https:\/\/www.blackjackinfo.com\/de\/wp-json\/wp\/v2\/pages\/2447\/revisions"}],"predecessor-version":[{"id":3942,"href":"https:\/\/www.blackjackinfo.com\/de\/wp-json\/wp\/v2\/pages\/2447\/revisions\/3942"}],"up":[{"embeddable":true,"href":"https:\/\/www.blackjackinfo.com\/de\/wp-json\/wp\/v2\/pages\/1928"}],"wp:featuredmedia":[{"embeddable":true,"href":"https:\/\/www.blackjackinfo.com\/de\/wp-json\/wp\/v2\/media\/3046"}],"wp:attachment":[{"href":"https:\/\/www.blackjackinfo.com\/de\/wp-json\/wp\/v2\/media?parent=2447"}],"wp:term":[{"taxonomy":"post_tag","embeddable":true,"href":"https:\/\/www.blackjackinfo.com\/de\/wp-json\/wp\/v2\/tags?post=2447"}],"curies":[{"name":"wp","href":"https:\/\/api.w.org\/{rel}","templated":true}]}}