{"id":2715,"date":"2017-03-09T22:35:52","date_gmt":"2017-03-10T04:35:52","guid":{"rendered":"https:\/\/www.blackjackinfo.com\/?page_id=2715\/"},"modified":"2018-04-18T01:59:16","modified_gmt":"2018-04-18T06:59:16","slug":"scuola-di-blackjack","status":"publish","type":"page","link":"https:\/\/www.blackjackinfo.com\/de\/scuola-di-blackjack\/","title":{"rendered":"Die Blackjack-Schule von GameMaster"},"content":{"rendered":"<h2 style=\"text-align: center;\">Herzlich willkommen in der Blackjack-Schule von GameMaster<\/h2>\n<p class=\"entry-meta text-right\">di GameMaster, ristampa autorizzata.<\/p>\n<h3 class=\"gbs-heading\">Una breve introduzione.<\/h3>\n<p class=\"intro\">Ich freue mich sehr, die vollst\u00e4ndige \u00dcberarbeitung des Dokuments anzuk\u00fcndigen. <strong>Blackjack-Schule von GameMaster<\/strong>. F\u00fcr diejenigen, die nicht mit meiner \"Schule\" vertraut sind, handelt es sich um eine Serie von 24 Lektionen, mit denen man Blackjack spielen und gewinnen kann. <strong>Wir haben in diesen Schriften das gesamte Schulprogramm aufgearbeitet, indem wir es erweitert, perfektioniert und mit neuen Erkenntnissen erg\u00e4nzt haben.<\/strong>.<\/p>\n<p>Als der Staat Missouri 1994 das Gl\u00fccksspiel legalisierte, entwickelte ich einen Kurs, der den Spielern zeigte, wie sie beim Blackjack einen Vorteil gegen\u00fcber dem Spielcasino erlangen k\u00f6nnen. Questo corso, che veniva tenuto da me a casa mia, inizialmente costava $400 ed includeva il materiale per le esercitazioni, quattro sessioni in \"classe\" di circa 2 ore ognuna, che venivano distribuite in un periodo di quattro settimane, e una sessione di gioco in un casino del luogo, dove andavo con i miei studenti per poter accertare le loro abilit\u00e0 durante l'impeto della battaglia.<\/p>\n<p>Nel 1995, fui uno dei fondatori del <strong>Rollende gute Zeiten Online<\/strong> (rgtonline.com), dem ersten Internet-\"E-Zine\" des Spiels, und das war der Auftakt f\u00fcr die Umsetzung meines Kurses in eine Reihe von Texten, die kostenlos im Internet pr\u00e4sentiert werden, als w\u00e4re es eine \"Schule\". Inzwischen wurden diese Texte von mehr als 120 Websites zur Ver\u00f6ffentlichung im Zusammenhang mit dem Azzardo-Spiel angefordert.<\/p>\n<p><strong>Nel Luglio del 1997 ho aperto il nostro sito principale<\/strong>: il GameMaster Online, da quel giorno in poi, siamo stati al servizio della comunit\u00e0 del blackjack e del gioco d'azzardo con centinaia di articoli riguardanti il modo di \"ottenere il vantaggio\" sul casino. Credo che questa scuola sia il punto focale di molti di questi sforzi.<\/p>\n<h3 class=\"gbs-heading\">Delle volte si ha solo bisogno di un posto da cui partire.<\/h3>\n<p><strong>Blackjack ist ein Geschicklichkeitsspiel und dies ist der richtige Ort, um die n\u00f6tige Kunst zu erlernen, um die Bank zu schlagen.<\/strong><\/p>\n<p><strong>Le 24 lezioni che potrete leggere qui vi porteranno, passo dopo passo, attraverso il processo di apprendimento, al giusto modo di giocare una mano, a come contare le carte, e come e quando scommettere correttamente e centinaia di altri \"trucchi del mestiere\"<\/strong>. Il corso \u00e8 lungo, ma non dovete impararlo in una sola notte. Studieren Sie in aller Ruhe, lernen Sie alles, was Sie wissen, und spielen Sie dann Blackjack.<\/p>\n<p>Es beginnt mit dem <a href=\"https:\/\/www.it.blackjackinfo.com\/it\/scuola-di-blackjack\/blackjack-lezione-01.php\">Lektion 1<\/a> e poi potrete andare veloci quanto volete. Das Gl\u00fcck, in einem Casino Blackjack spielen zu k\u00f6nnen, liegt vor allem in Ihren H\u00e4nden.<\/p>","protected":false},"excerpt":{"rendered":"<p>Benvenuti alla Scuola di Blackjack di GameMaster di GameMaster, ristampa autorizzata. Una breve introduzione. Sono molto fiero e soddisfatto di annunciare la revisione completa della scuola di blackjack di GameMaster. Per coloro che non hanno familiarit\u00e0 con la mia &#8220;scuola&#8221;, si tratta di una serie di 24 lezioni scritte che vi insegneranno a giocare e [&hellip;]<\/p>\n","protected":false},"author":4,"featured_media":0,"parent":0,"menu_order":0,"comment_status":"open","ping_status":"open","template":"page-blacjack-school-it.php","meta":{"_acf_changed":false,"footnotes":""},"tags":[],"class_list":["post-2715","page","type-page","status-publish","hentry"],"acf":[],"yoast_head":"<!-- This site is optimized with the Yoast SEO plugin v26.6 - https:\/\/yoast.com\/wordpress\/plugins\/seo\/ -->\n<title>La Scuola di Blackjack di GameMaster<\/title>\n<meta name=\"description\" content=\"Benvenuti alla Scuola di Blackjack di GameMaster di GameMaster, ristampa autorizzata. Una breve introduzione. Sono molto fiero e soddisfatto di annunciare\" \/>\n<meta name=\"robots\" content=\"index, follow, max-snippet:-1, max-image-preview:large, max-video-preview:-1\" \/>\n<link rel=\"canonical\" href=\"https:\/\/www.it.blackjackinfo.com\/scuola-di-blackjack\/\" \/>\n<meta property=\"og:locale\" content=\"de_DE\" \/>\n<meta property=\"og:type\" content=\"article\" \/>\n<meta property=\"og:title\" content=\"La Scuola di Blackjack di GameMaster\" \/>\n<meta property=\"og:description\" content=\"Benvenuti alla Scuola di Blackjack di GameMaster di GameMaster, ristampa autorizzata. Una breve introduzione. Sono molto fiero e soddisfatto di annunciare\" \/>\n<meta property=\"og:url\" content=\"https:\/\/www.it.blackjackinfo.com\/scuola-di-blackjack\/\" \/>\n<meta property=\"og:site_name\" content=\"BlackjackInfo.com\" \/>\n<meta property=\"article:modified_time\" content=\"2018-04-18T06:59:16+00:00\" \/>\n<meta name=\"twitter:label1\" content=\"Gesch\u00e4tzte Lesezeit\" \/>\n\t<meta name=\"twitter:data1\" content=\"2\u00a0Minuten\" \/>\n<script type=\"application\/ld+json\" class=\"yoast-schema-graph\">{\"@context\":\"https:\/\/schema.org\",\"@graph\":[{\"@type\":\"WebPage\",\"@id\":\"https:\/\/www.it.blackjackinfo.com\/scuola-di-blackjack\/\",\"url\":\"https:\/\/www.it.blackjackinfo.com\/scuola-di-blackjack\/\",\"name\":\"La Scuola di Blackjack di GameMaster\",\"isPartOf\":{\"@id\":\"https:\/\/www.blackjackinfo.com\/#website\"},\"datePublished\":\"2017-03-10T04:35:52+00:00\",\"dateModified\":\"2018-04-18T06:59:16+00:00\",\"description\":\"Benvenuti alla Scuola di Blackjack di GameMaster di GameMaster, ristampa autorizzata. Una breve introduzione. Sono molto fiero e soddisfatto di annunciare\",\"breadcrumb\":{\"@id\":\"https:\/\/www.it.blackjackinfo.com\/scuola-di-blackjack\/#breadcrumb\"},\"inLanguage\":\"de\",\"potentialAction\":[{\"@type\":\"ReadAction\",\"target\":[\"https:\/\/www.it.blackjackinfo.com\/scuola-di-blackjack\/\"]}]},{\"@type\":\"BreadcrumbList\",\"@id\":\"https:\/\/www.it.blackjackinfo.com\/scuola-di-blackjack\/#breadcrumb\",\"itemListElement\":[{\"@type\":\"ListItem\",\"position\":1,\"name\":\"Home\",\"item\":\"https:\/\/www.blackjackinfo.com\/\"},{\"@type\":\"ListItem\",\"position\":2,\"name\":\"La Scuola di Blackjack di GameMaster\"}]},{\"@type\":\"WebSite\",\"@id\":\"https:\/\/www.blackjackinfo.com\/#website\",\"url\":\"https:\/\/www.blackjackinfo.com\/\",\"name\":\"BlackjackInfo.com\",\"description\":\"Because Winning is More Fun!\",\"potentialAction\":[{\"@type\":\"SearchAction\",\"target\":{\"@type\":\"EntryPoint\",\"urlTemplate\":\"https:\/\/www.blackjackinfo.com\/?s={search_term_string}\"},\"query-input\":{\"@type\":\"PropertyValueSpecification\",\"valueRequired\":true,\"valueName\":\"search_term_string\"}}],\"inLanguage\":\"de\"}]}<\/script>\n<!-- \/ Yoast SEO plugin. -->","yoast_head_json":{"title":"Die Blackjack-Schule von GameMaster","description":"Benvenuti alla Scuola di Blackjack di GameMaster di GameMaster, ristampa autorizzata. Una breve introduzione. Sono molto fiero e soddisfatto di annunciare","robots":{"index":"index","follow":"follow","max-snippet":"max-snippet:-1","max-image-preview":"max-image-preview:large","max-video-preview":"max-video-preview:-1"},"canonical":"https:\/\/www.it.blackjackinfo.com\/scuola-di-blackjack\/","og_locale":"de_DE","og_type":"article","og_title":"La Scuola di Blackjack di GameMaster","og_description":"Benvenuti alla Scuola di Blackjack di GameMaster di GameMaster, ristampa autorizzata. Una breve introduzione. Sono molto fiero e soddisfatto di annunciare","og_url":"https:\/\/www.it.blackjackinfo.com\/scuola-di-blackjack\/","og_site_name":"BlackjackInfo.com","article_modified_time":"2018-04-18T06:59:16+00:00","twitter_misc":{"Gesch\u00e4tzte Lesezeit":"2\u00a0Minuten"},"schema":{"@context":"https:\/\/schema.org","@graph":[{"@type":"WebPage","@id":"https:\/\/www.it.blackjackinfo.com\/scuola-di-blackjack\/","url":"https:\/\/www.it.blackjackinfo.com\/scuola-di-blackjack\/","name":"Die Blackjack-Schule von GameMaster","isPartOf":{"@id":"https:\/\/www.blackjackinfo.com\/#website"},"datePublished":"2017-03-10T04:35:52+00:00","dateModified":"2018-04-18T06:59:16+00:00","description":"Benvenuti alla Scuola di Blackjack di GameMaster di GameMaster, ristampa autorizzata. Una breve introduzione. Sono molto fiero e soddisfatto di annunciare","breadcrumb":{"@id":"https:\/\/www.it.blackjackinfo.com\/scuola-di-blackjack\/#breadcrumb"},"inLanguage":"de","potentialAction":[{"@type":"ReadAction","target":["https:\/\/www.it.blackjackinfo.com\/scuola-di-blackjack\/"]}]},{"@type":"BreadcrumbList","@id":"https:\/\/www.it.blackjackinfo.com\/scuola-di-blackjack\/#breadcrumb","itemListElement":[{"@type":"ListItem","position":1,"name":"Home","item":"https:\/\/www.blackjackinfo.com\/"},{"@type":"ListItem","position":2,"name":"La Scuola di Blackjack di GameMaster"}]},{"@type":"WebSite","@id":"https:\/\/www.blackjackinfo.com\/#website","url":"https:\/\/www.blackjackinfo.com\/","name":"BlackjackInfo.de","description":"Denn Gewinnen macht mehr Spa\u00df!","potentialAction":[{"@type":"SearchAction","target":{"@type":"EntryPoint","urlTemplate":"https:\/\/www.blackjackinfo.com\/?s={search_term_string}"},"query-input":{"@type":"PropertyValueSpecification","valueRequired":true,"valueName":"search_term_string"}}],"inLanguage":"de"}]}},"_links":{"self":[{"href":"https:\/\/www.blackjackinfo.com\/de\/wp-json\/wp\/v2\/pages\/2715","targetHints":{"allow":["GET"]}}],"collection":[{"href":"https:\/\/www.blackjackinfo.com\/de\/wp-json\/wp\/v2\/pages"}],"about":[{"href":"https:\/\/www.blackjackinfo.com\/de\/wp-json\/wp\/v2\/types\/page"}],"author":[{"embeddable":true,"href":"https:\/\/www.blackjackinfo.com\/de\/wp-json\/wp\/v2\/users\/4"}],"replies":[{"embeddable":true,"href":"https:\/\/www.blackjackinfo.com\/de\/wp-json\/wp\/v2\/comments?post=2715"}],"version-history":[{"count":8,"href":"https:\/\/www.blackjackinfo.com\/de\/wp-json\/wp\/v2\/pages\/2715\/revisions"}],"predecessor-version":[{"id":2723,"href":"https:\/\/www.blackjackinfo.com\/de\/wp-json\/wp\/v2\/pages\/2715\/revisions\/2723"}],"wp:attachment":[{"href":"https:\/\/www.blackjackinfo.com\/de\/wp-json\/wp\/v2\/media?parent=2715"}],"wp:term":[{"taxonomy":"post_tag","embeddable":true,"href":"https:\/\/www.blackjackinfo.com\/de\/wp-json\/wp\/v2\/tags?post=2715"}],"curies":[{"name":"wp","href":"https:\/\/api.w.org\/{rel}","templated":true}]}}