{"id":2736,"date":"2017-03-10T00:13:16","date_gmt":"2017-03-10T06:13:16","guid":{"rendered":"https:\/\/www.blackjackinfo.com\/?page_id=2736\/"},"modified":"2018-04-18T02:07:13","modified_gmt":"2018-04-18T07:07:13","slug":"lezione-2-imparare-la-strategia-base","status":"publish","type":"page","link":"https:\/\/www.blackjackinfo.com\/de\/scuola-di-blackjack\/lezione-2-imparare-la-strategia-base\/","title":{"rendered":"Lektion 2 - Durchsetzung der Basisstrategie"},"content":{"rendered":"<p class=\"gbs-intro\"><b>Es handelt sich um eine sehr einfache \u00dcbung - Sie lernen, wie Sie sich die Strategie, die Sie gew\u00e4hlt haben, so perfekt einpr\u00e4gen, dass Sie nicht \u00fcberlegen m\u00fcssen, was Sie tun sollen, weil Sie es automatisch tun.<\/b> Diese F\u00e4higkeit entwickelt sich durch viel Praxis und viele \u00dcbungen, die die Grundstrategie im Ged\u00e4chtnis verankern, genauso wie die Wahl des eigenen Namens. (Non avevo detto che era una cosa facile, ma solo semplice).<\/p>\n<p>In Wirklichkeit k\u00f6nnen wir diese \u00dcbungsstunden mit verschiedenen Methoden sehr unterhaltsam und interessant - und auch stimulierend - gestalten. Se siete una persona competitiva gli esercizi a tempo faranno al caso vostro; sar\u00e0 molto divertente vedere se potete raggiungere un nuovo \"record personale\" in ciascuno di essi. Ma non preoccupatevi, non dovete essere una persona super intelligent per imparare la strategia di base perfetta. Sie m\u00fcssen die \u00dcbungen in Ruhe durchf\u00fchren und w\u00e4hrend des Tages so viel wie m\u00f6glich tun, und wenn das gelingt, wird das Wissen \u00fcber die Basisstrategie verinnerlicht sein. Denken Sie daran, dass Sie eine Technik erlernen, die Sie f\u00fcr den Rest Ihres Lebens nutzen k\u00f6nnen. Trascorrere, ora, una dozzina di ore si tramuter\u00e0 in futuro in centinaia di ore di gioco remunerative; mi sembra quindi un buon affare.<\/p>\n<p>Iniziamo subito.<\/p>\n<p><b>Flashcards<\/b> - Dovreste avere un insieme di queste carte e usarle regolarmente. Iniziate a contare il tempo quando vi esercitate con tali cartoncini; un buon obiettivo consiste nel ripetere ad alta voce tutte le regole senza sbagliare e terminare tutte le flashcards in meno di due minuti. La tensione introdotta con il tempo vi \"forzer\u00e0\" ad imparare bene le flashcards, cos\u00ec potrete memorizzare i vostri risultati per verificare in seguito i vostri progressi. Wenn Sie ein Messger\u00e4t haben, ist das noch besser, denn Sie k\u00f6nnen es nicht nur mit den Lernkarten, sondern auch mit vielen anderen \u00dcbungen benutzen. Se non lo avete non andate a comprarne uno; il tempo approssimativo \u00e8 tutto ci\u00f2 che ci interessa in questa sezione, cos\u00ec un orologio da polso andr\u00e0 bene ugualmente.<br \/>\n<b>\u00dcbung zur Erarbeitung einer Basisstrategie<\/b> - Stampate il modulo sottostante e fatene diverse copie. <a href=\"https:\/\/www.blackjackinfo.com\/blackjack-school\/blackjack-school-downloads\/\">Questa risorsa pu\u00f2 essere scaricata (per ragioni di stampa).<\/a> Beachten Sie, dass es sich dabei um das Modul handelt, das wir in der Phase 1 zur Erstellung der Regeln f\u00fcr jede anf\u00e4ngliche Hand des Spielers verwendet haben, mit einem \"Raum\". Die Aufgabe besteht darin, die Regeln f\u00fcr jede Hand zu erstellen und ihre Richtigkeit zu \u00fcberpr\u00fcfen. Ricordate il vecchio adagio; \"Se leggo dimentico; se faccio ricordo.\" Questo esercizio servir\u00e0 proprio per tale scopo. Cronometratevi mentre riempite il modulo e verificate se terminate entro 60 secondi con una precisione del 100%.<\/p>\n<table class=\"bs-rule-table\">\n<tbody>\n<tr>\n<th>Vostra Mano<\/th>\n<th>Entscheidung<\/th>\n<\/tr>\n<tr>\n<td>5-8<\/td>\n<td>_______________________________<\/td>\n<\/tr>\n<tr>\n<td>9<\/td>\n<td>_______________________________<\/td>\n<\/tr>\n<tr>\n<td>10<\/td>\n<td>_______________________________<\/td>\n<\/tr>\n<tr>\n<td>11<\/td>\n<td>_______________________________<\/td>\n<\/tr>\n<tr>\n<td>12<\/td>\n<td>_______________________________<\/td>\n<\/tr>\n<tr>\n<td>13-16<\/td>\n<td>_______________________________<\/td>\n<\/tr>\n<tr>\n<td>17+<\/td>\n<td>_______________________________<\/td>\n<\/tr>\n<tr>\n<td>A,2<\/td>\n<td>_______________________________<\/td>\n<\/tr>\n<tr>\n<td>A,3<\/td>\n<td>_______________________________<\/td>\n<\/tr>\n<tr>\n<td>A,4<\/td>\n<td>_______________________________<\/td>\n<\/tr>\n<tr>\n<td>A,5<\/td>\n<td>_______________________________<\/td>\n<\/tr>\n<tr>\n<td>A,6<\/td>\n<td>_______________________________<\/td>\n<\/tr>\n<tr>\n<td>A,7<\/td>\n<td>_______________________________<\/td>\n<\/tr>\n<tr>\n<td>A,8-A,9<\/td>\n<td>_______________________________<\/td>\n<\/tr>\n<tr>\n<td>2,2<\/td>\n<td>_______________________________<\/td>\n<\/tr>\n<tr>\n<td>3,3<\/td>\n<td>_______________________________<\/td>\n<\/tr>\n<tr>\n<td>4,4<\/td>\n<td>_______________________________<\/td>\n<\/tr>\n<tr>\n<td>5,5<\/td>\n<td>_______________________________<\/td>\n<\/tr>\n<tr>\n<td>6,6<\/td>\n<td>_______________________________<\/td>\n<\/tr>\n<tr>\n<td>7,7<\/td>\n<td>_______________________________<\/td>\n<\/tr>\n<tr>\n<td>8,8<\/td>\n<td>_______________________________<\/td>\n<\/tr>\n<tr>\n<td>9,9<\/td>\n<td>_______________________________<\/td>\n<\/tr>\n<tr>\n<td>10,10<\/td>\n<td>_______________________________<\/td>\n<\/tr>\n<tr>\n<td>A,A<\/td>\n<td>_______________________________<\/td>\n<\/tr>\n<tr>\n<td><\/td>\n<td><\/td>\n<\/tr>\n<\/tbody>\n<\/table>\n<p>&nbsp;<br \/>\n<b>Esercizio Decisione Strategia Base<\/b> - Ich habe mehrere Einstiegsm\u00f6glichkeiten f\u00fcr den Spieler mit der richtigen Bankkarte geschaffen. Benutze die eigene \"Matrice della Strategia Base\" der Lezione 1, um eine \"Copia per la correzione\" zu erstellen und sie so zu unterscheiden. Dann f\u00fcgen Sie das andere Exemplar ein und ziehen Sie die Spalten mit dem richtigen Moos ein. Utilizzate la vostra copia per la correzione per verificare gli errori. La velocit\u00e0 in questo caso \u00e8 tutto, dovrete pertanto lavorare con lo scopo di completare il tutto in meno di due minuti senza commettere alcun errore, cio\u00e8 con la precisione del 100%.<\/p>\n<hr \/>\n<p><em>(Geben Sie la mossa corretta unter \"Decisione\" an)<\/em><br \/>\n<b>F=Fermarsi T=Tirare D=Dividere R=Raddoppiare<\/b><\/p>\n<hr \/>\n<table class=\"bs-rule-table\">\n<tbody>\n<tr>\n<th><em>Giocatore<\/em><\/th>\n<th><em>Banco<\/em><\/th>\n<th><em>Entscheidung<\/em><\/th>\n<th><em>Giocatore<\/em><\/th>\n<th><em>Banco<\/em><\/th>\n<th><em>Entscheidung<\/em><\/th>\n<th><em>Giocatore<\/em><\/th>\n<th><em>Banco<\/em><\/th>\n<th><em>Entscheidung<\/em><\/th>\n<\/tr>\n<tr>\n<td>8,3<\/td>\n<td>A<\/td>\n<td>____<\/td>\n<td>2,3,6<\/td>\n<td>4<\/td>\n<td>____<\/td>\n<td>A,4,2<\/td>\n<td>3<\/td>\n<td>____<\/td>\n<\/tr>\n<tr>\n<td>6,6<\/td>\n<td>4<\/td>\n<td>____<\/td>\n<td>9,9<\/td>\n<td>7<\/td>\n<td>____<\/td>\n<td>7,6<\/td>\n<td>3<\/td>\n<td>____<\/td>\n<\/tr>\n<tr>\n<td>5,4<\/td>\n<td>6<\/td>\n<td>____<\/td>\n<td>10,3<\/td>\n<td>3<\/td>\n<td>____<\/td>\n<td>8,2<\/td>\n<td>A<\/td>\n<td>____<\/td>\n<\/tr>\n<tr>\n<td>7,7<\/td>\n<td>7<\/td>\n<td>____<\/td>\n<td>9,8<\/td>\n<td>7<\/td>\n<td>____<\/td>\n<td>8,8<\/td>\n<td>10<\/td>\n<td>____<\/td>\n<\/tr>\n<tr>\n<td>9,6<\/td>\n<td>8<\/td>\n<td>____<\/td>\n<td>A,7<\/td>\n<td>2<\/td>\n<td>____<\/td>\n<td>10,7<\/td>\n<td>2<\/td>\n<td>____<\/td>\n<\/tr>\n<tr>\n<td>7,5<\/td>\n<td>3<\/td>\n<td>____<\/td>\n<td>A,4<\/td>\n<td>5<\/td>\n<td>____<\/td>\n<td>9,3<\/td>\n<td>3<\/td>\n<td>____<\/td>\n<\/tr>\n<tr>\n<td>A,2<\/td>\n<td>5<\/td>\n<td>____<\/td>\n<td>6,4<\/td>\n<td>10<\/td>\n<td>____<\/td>\n<td>7,4<\/td>\n<td>A<\/td>\n<td>____<\/td>\n<\/tr>\n<tr>\n<td>3,3<\/td>\n<td>4<\/td>\n<td>____<\/td>\n<td>A,4<\/td>\n<td>5<\/td>\n<td>____<\/td>\n<td>6,3<\/td>\n<td>7<\/td>\n<td>____<\/td>\n<\/tr>\n<tr>\n<td>9,2<\/td>\n<td>10<\/td>\n<td>____<\/td>\n<td>10,8<\/td>\n<td>6<\/td>\n<td>____<\/td>\n<td>A,6<\/td>\n<td>5<\/td>\n<td>____<\/td>\n<\/tr>\n<tr>\n<td>5,5<\/td>\n<td>9<\/td>\n<td>____<\/td>\n<td>6,8<\/td>\n<td>7<\/td>\n<td>____<\/td>\n<td>A,9<\/td>\n<td>6<\/td>\n<td>____<\/td>\n<\/tr>\n<tr>\n<td>A,7<\/td>\n<td>6<\/td>\n<td>____<\/td>\n<td>9,7<\/td>\n<td>8<\/td>\n<td>____<\/td>\n<td>10,4<\/td>\n<td>5<\/td>\n<td>____<\/td>\n<\/tr>\n<tr>\n<td>6,3<\/td>\n<td>4<\/td>\n<td>____<\/td>\n<td>A,2,5<\/td>\n<td>6<\/td>\n<td>____<\/td>\n<td>9,9<\/td>\n<td>9<\/td>\n<td>____<\/td>\n<\/tr>\n<tr>\n<td>5,2<\/td>\n<td>2<\/td>\n<td>____<\/td>\n<td>3,6<\/td>\n<td>4<\/td>\n<td>____<\/td>\n<td>2,4<\/td>\n<td>2<\/td>\n<td>____<\/td>\n<\/tr>\n<tr>\n<td>10,2<\/td>\n<td>3<\/td>\n<td>____<\/td>\n<td>7,8<\/td>\n<td>9<\/td>\n<td>____<\/td>\n<td>6,5<\/td>\n<td>2<\/td>\n<td>____<\/td>\n<\/tr>\n<tr>\n<td>9,9<\/td>\n<td>7<\/td>\n<td>____<\/td>\n<td>10,3<\/td>\n<td>3<\/td>\n<td>____<\/td>\n<td>7,7<\/td>\n<td>2<\/td>\n<td>____<\/td>\n<\/tr>\n<tr>\n<td>10,4<\/td>\n<td>9<\/td>\n<td>____<\/td>\n<td>A,4<\/td>\n<td>4<\/td>\n<td>____<\/td>\n<td>3,4<\/td>\n<td>5<\/td>\n<td>____<\/td>\n<\/tr>\n<tr>\n<td>6,5<\/td>\n<td>9<\/td>\n<td>____<\/td>\n<td>10,5<\/td>\n<td>7<\/td>\n<td>____<\/td>\n<td>4,4<\/td>\n<td>6<\/td>\n<td>____<\/td>\n<\/tr>\n<tr>\n<td>A,6<\/td>\n<td>2<\/td>\n<td>____<\/td>\n<td>5,2<\/td>\n<td>10<\/td>\n<td>____<\/td>\n<td>A,2,4<\/td>\n<td>6<\/td>\n<td>____<\/td>\n<\/tr>\n<tr>\n<td>4,4<\/td>\n<td>6<\/td>\n<td>____<\/td>\n<td>8,8<\/td>\n<td>8<\/td>\n<td>____<\/td>\n<td>10,2,A<\/td>\n<td>3<\/td>\n<td>____<\/td>\n<\/tr>\n<tr>\n<td>10,10<\/td>\n<td>5<\/td>\n<td>____<\/td>\n<td>A,A<\/td>\n<td>7<\/td>\n<td>____<\/td>\n<td>8,2<\/td>\n<td>10<\/td>\n<td>____<\/td>\n<\/tr>\n<tr>\n<td>8,6<\/td>\n<td>7<\/td>\n<td>____<\/td>\n<td>8,3<\/td>\n<td>10<\/td>\n<td>____<\/td>\n<td>6,6<\/td>\n<td>6<\/td>\n<td>____<\/td>\n<\/tr>\n<tr>\n<td>7,9<\/td>\n<td>10<\/td>\n<td>____<\/td>\n<td>5,5<\/td>\n<td>10<\/td>\n<td>____<\/td>\n<td>5,4<\/td>\n<td>2<\/td>\n<td>____<\/td>\n<\/tr>\n<tr>\n<td>10,2,A<\/td>\n<td>3<\/td>\n<td>____<\/td>\n<td>A,5,A<\/td>\n<td>3<\/td>\n<td>____<\/td>\n<td>A,7<\/td>\n<td>3<\/td>\n<td>____<\/td>\n<\/tr>\n<tr>\n<td>A,2,2<\/td>\n<td>6<\/td>\n<td>____<\/td>\n<td>2,2<\/td>\n<td>7<\/td>\n<td>____<\/td>\n<td>3,3<\/td>\n<td>2<\/td>\n<td>____<\/td>\n<\/tr>\n<tr>\n<td>2,6<\/td>\n<td>4<\/td>\n<td>____<\/td>\n<td>A,5<\/td>\n<td>4<\/td>\n<td>____<\/td>\n<td>7,8<\/td>\n<td>7<\/td>\n<td>____<\/td>\n<\/tr>\n<tr>\n<td>9,A<\/td>\n<td>6<\/td>\n<td>____<\/td>\n<td>6,6<\/td>\n<td>2<\/td>\n<td>____<\/td>\n<td>9,9<\/td>\n<td>7<\/td>\n<td>____<\/td>\n<\/tr>\n<tr>\n<td>10,6<\/td>\n<td>3<\/td>\n<td>____<\/td>\n<td>3,7<\/td>\n<td>9<\/td>\n<td>____<\/td>\n<td>2,5,4<\/td>\n<td>2<\/td>\n<td>____<\/td>\n<\/tr>\n<tr>\n<td>7,7<\/td>\n<td>6<\/td>\n<td>____<\/td>\n<td>3,3<\/td>\n<td>2<\/td>\n<td>____<\/td>\n<td>10,4<\/td>\n<td>6<\/td>\n<td>____<\/td>\n<\/tr>\n<tr>\n<td>A,A<\/td>\n<td>9<\/td>\n<td>____<\/td>\n<td>5,5<\/td>\n<td>9<\/td>\n<td>____<\/td>\n<td>9,3<\/td>\n<td>5<\/td>\n<td>____<\/td>\n<\/tr>\n<tr>\n<td>2,2<\/td>\n<td>2<\/td>\n<td>____<\/td>\n<td>A,6<\/td>\n<td>3<\/td>\n<td>____<\/td>\n<td>A,2<\/td>\n<td>6<\/td>\n<td>____<\/td>\n<\/tr>\n<tr>\n<td>9,4<\/td>\n<td>4<\/td>\n<td>____<\/td>\n<td>10,6<\/td>\n<td>7<\/td>\n<td>____<\/td>\n<td>9,8<\/td>\n<td>7<\/td>\n<td>____<\/td>\n<\/tr>\n<tr>\n<td>A,3,4<\/td>\n<td>9<\/td>\n<td>____<\/td>\n<td>6,6<\/td>\n<td>3<\/td>\n<td>____<\/td>\n<td>A,4,A<\/td>\n<td>2<\/td>\n<td>____<\/td>\n<\/tr>\n<tr>\n<td>A,4,2<\/td>\n<td>6<\/td>\n<td>____<\/td>\n<td>9,4<\/td>\n<td>2<\/td>\n<td>____<\/td>\n<td>7,5<\/td>\n<td>3<\/td>\n<td>____<\/td>\n<\/tr>\n<tr>\n<td>8,8<\/td>\n<td>10<\/td>\n<td>____<\/td>\n<td>A,4<\/td>\n<td>10<\/td>\n<td>____<\/td>\n<td>2,2<\/td>\n<td>6<\/td>\n<td>____<\/td>\n<\/tr>\n<tr>\n<td>5,5<\/td>\n<td>8<\/td>\n<td>____<\/td>\n<td>6,4<\/td>\n<td>9<\/td>\n<td>____<\/td>\n<td>3,3<\/td>\n<td>7<\/td>\n<td>____<\/td>\n<\/tr>\n<tr>\n<td>A,8<\/td>\n<td>6<\/td>\n<td>____<\/td>\n<td>8,3<\/td>\n<td>A<\/td>\n<td>____<\/td>\n<td>6,6<\/td>\n<td>2<\/td>\n<td>____<\/td>\n<\/tr>\n<tr>\n<td>5,2<\/td>\n<td>2<\/td>\n<td>____<\/td>\n<td>9,9<\/td>\n<td>10<\/td>\n<td>____<\/td>\n<td>2,9<\/td>\n<td>10<\/td>\n<td>____<\/td>\n<\/tr>\n<tr>\n<td>A,4<\/td>\n<td>6<\/td>\n<td>____<\/td>\n<td>7,5<\/td>\n<td>4<\/td>\n<td>____<\/td>\n<td>9,7<\/td>\n<td>5<\/td>\n<td>____<\/td>\n<\/tr>\n<tr>\n<td>2,3,4,A<\/td>\n<td>6<\/td>\n<td>____<\/td>\n<td>7,7<\/td>\n<td>9<\/td>\n<td>____<\/td>\n<td>5,4<\/td>\n<td>3<\/td>\n<td>____<\/td>\n<\/tr>\n<tr>\n<td>A,A<\/td>\n<td>A<\/td>\n<td>____<\/td>\n<td>9,3<\/td>\n<td>7<\/td>\n<td>____<\/td>\n<td>7,4<\/td>\n<td>10<\/td>\n<td>____<\/td>\n<\/tr>\n<\/tbody>\n<\/table>\n<hr \/>\n<p><b>L'importanza della velocit\u00e0<\/b> - Insisto sulla velocit\u00e0 nelle mie classi perch\u00e8 l'abilit\u00e0 di fare qualsiasiasi cosa velocemente e in modo preciso \u00e8 equivalente a conoscere bene la materia in esame. Das Spiel der eigenen Hand sollte nicht \"automatisch\" sein, denn wenn man sich einmal dazu entschlossen hat, die Karten zu erfassen, ist man zu sehr in das Spiel vertieft, um an den richtigen Weg zu denken. Capite il senso?<br \/>\n<b>\u00dcbung mit der Karte Nr. 1<\/b> - Ora, con una copia della vostra Matrice della Strategia Base vicino a voi, tirate fuori un mazzo di carte e provate questo esercizio. Date una carta scoperta al banco und dopo due carte a voi per iniziare la vostra mano. Legen Sie Ihre Hand nach der richtigen Strategie an und nehmen Sie, ohne die Hand der Bank zu ber\u00fchren, die benutzten und mitgenommenen Karten in die Hand. Continuate cos\u00ec fino a quando non finisce tutto il mazzo, mischiate e ripetete. Questo esercizio vi aiuter\u00e0 a prendere decisioni come se foste ad un casino. Guardate la vostra Matrice ogni volta che avete un dubbio, in modo da non commettere errori e giocate correttamente.<br \/>\n<b>\u00dcbung mit der Karte Nr. 2<\/b> - Einige Spielerfiguren, wie die A-7, sind schwer zu imitieren. Cos\u00ec iniziamo un esercizio come quello sopra, ma lasciamo la mano del giocatore in modo che sia sempre la stessa e cambiamo solo la carta del croupier al termine di ogni partita. Wir setzen das Tirare oder Raddoppiare wie zuvor fort. Questo esercizio \u00e8 particolarmente indicato per esercitarvi con le mani \"soft\" (quelle che contengono un Asso). In questo caso il tempo non \u00e8 importante, ma la precisione si.<br \/>\n<b>\u00dcbung mit der Karte Nr. 3<\/b> - E' una variante dell'esercizio sopra. In questo caso, mantenete la carta del banco in modo che sia sempre la stessa - diciamo un 6 - dopo di che distribuite due carte per il giocatore. Giocate la mano e spostate, al termine della mano, solo le carte utilizzate per la mano del giocatore. \"Ammucchiate\" il vostro mazzo inserendo molte coppie in modo che possiate esercitarvi adeguatamente anche sulla divisione.<\/p>\n<h3>Zuschl\u00e4ge f\u00fcr Wohnungen<\/h3>\n<ul>\n<li>Dedicate almeno mezz'ora al giorno per gli esercizi con le flashcards e cronometratevi.<\/li>\n<li>Fate almeno un <b>\"Esercizio di Ricostruzione della Strategia Base\"<\/b> ogni giorno. Cronometratevi e segnatevi i risultati e la data sul foglio.<\/li>\n<li>Fate almeno un <b>\"Esercizio di Decisione della Strategia Base\"<\/b> al giorno e segnatevi, come al solito, date e tempo impiegato sul foglio appena compilato.<\/li>\n<li>Trascorrete almeno mezz'ora al giorno facendo i 3 esercizi con le carte. Lavorate soprattutto con le mani che per voi sono pi\u00f9 difficili da imparare.<\/li>\n<\/ul>","protected":false},"excerpt":{"rendered":"<p>Si tratta di una lezione veramente semplice \u2013 Vi mostrer\u00f2 come memorizzare perfettamente la strategia base che avete scelto in maniera cos\u00ec perfetta che non avrete bisogno di pensare quale \u00e8 la mossa giusta da fare perch\u00e8 la farete automaticamente. Questa abilit\u00e0 si sviluppa attraverso molta pratica e molte ore di esercizi ripetitivi che vi [&hellip;]<\/p>\n","protected":false},"author":4,"featured_media":0,"parent":2715,"menu_order":0,"comment_status":"open","ping_status":"open","template":"page-blacjack-school-it.php","meta":{"_acf_changed":false,"footnotes":""},"tags":[],"class_list":["post-2736","page","type-page","status-publish","hentry"],"acf":[],"yoast_head":"<!-- This site is optimized with the Yoast SEO plugin v26.6 - https:\/\/yoast.com\/wordpress\/plugins\/seo\/ -->\n<title>Lezione 2 - Imparare la Strategia Base<\/title>\n<meta name=\"description\" content=\"Si tratta di una lezione veramente semplice \u2013 Vi mostrer\u00f2 come memorizzare perfettamente la strategia base che avete scelto in maniera cos\u00ec perfetta che\" \/>\n<meta name=\"robots\" content=\"index, follow, max-snippet:-1, max-image-preview:large, max-video-preview:-1\" \/>\n<link rel=\"canonical\" href=\"https:\/\/www.blackjackinfo.com\/de\/blackjack-schule\/lektion-02-erlernen-der-grundlegenden-strategie\/\" \/>\n<meta property=\"og:locale\" content=\"de_DE\" \/>\n<meta property=\"og:type\" content=\"article\" \/>\n<meta property=\"og:title\" content=\"Lezione 2 - Imparare la Strategia Base\" \/>\n<meta property=\"og:description\" content=\"Si tratta di una lezione veramente semplice \u2013 Vi mostrer\u00f2 come memorizzare perfettamente la strategia base che avete scelto in maniera cos\u00ec perfetta che\" \/>\n<meta property=\"og:url\" content=\"https:\/\/www.blackjackinfo.com\/de\/blackjack-schule\/lektion-02-erlernen-der-grundlegenden-strategie\/\" \/>\n<meta property=\"og:site_name\" content=\"BlackjackInfo.com\" \/>\n<meta property=\"article:modified_time\" content=\"2018-04-18T07:07:13+00:00\" \/>\n<meta name=\"twitter:label1\" content=\"Gesch\u00e4tzte Lesezeit\" \/>\n\t<meta name=\"twitter:data1\" content=\"5\u00a0Minuten\" \/>\n<script type=\"application\/ld+json\" class=\"yoast-schema-graph\">{\"@context\":\"https:\/\/schema.org\",\"@graph\":[{\"@type\":\"WebPage\",\"@id\":\"https:\/\/www.blackjackinfo.com\/blackjack-school\/lesson-02-learning-basic-strategy\/\",\"url\":\"https:\/\/www.blackjackinfo.com\/blackjack-school\/lesson-02-learning-basic-strategy\/\",\"name\":\"Lezione 2 - Imparare la Strategia Base\",\"isPartOf\":{\"@id\":\"https:\/\/www.blackjackinfo.com\/#website\"},\"datePublished\":\"2017-03-10T06:13:16+00:00\",\"dateModified\":\"2018-04-18T07:07:13+00:00\",\"description\":\"Si tratta di una lezione veramente semplice \u2013 Vi mostrer\u00f2 come memorizzare perfettamente la strategia base che avete scelto in maniera cos\u00ec perfetta che\",\"breadcrumb\":{\"@id\":\"https:\/\/www.blackjackinfo.com\/blackjack-school\/lesson-02-learning-basic-strategy\/#breadcrumb\"},\"inLanguage\":\"de\",\"potentialAction\":[{\"@type\":\"ReadAction\",\"target\":[\"https:\/\/www.blackjackinfo.com\/blackjack-school\/lesson-02-learning-basic-strategy\/\"]}]},{\"@type\":\"BreadcrumbList\",\"@id\":\"https:\/\/www.blackjackinfo.com\/blackjack-school\/lesson-02-learning-basic-strategy\/#breadcrumb\",\"itemListElement\":[{\"@type\":\"ListItem\",\"position\":1,\"name\":\"Home\",\"item\":\"https:\/\/www.blackjackinfo.com\/\"},{\"@type\":\"ListItem\",\"position\":2,\"name\":\"La Scuola di Blackjack di GameMaster\",\"item\":\"https:\/\/www.it.blackjackinfo.com\/scuola-di-blackjack\/\"},{\"@type\":\"ListItem\",\"position\":3,\"name\":\"Lezione 2 &#8211; Imparare la Strategia Base\"}]},{\"@type\":\"WebSite\",\"@id\":\"https:\/\/www.blackjackinfo.com\/#website\",\"url\":\"https:\/\/www.blackjackinfo.com\/\",\"name\":\"BlackjackInfo.com\",\"description\":\"Because Winning is More Fun!\",\"potentialAction\":[{\"@type\":\"SearchAction\",\"target\":{\"@type\":\"EntryPoint\",\"urlTemplate\":\"https:\/\/www.blackjackinfo.com\/?s={search_term_string}\"},\"query-input\":{\"@type\":\"PropertyValueSpecification\",\"valueRequired\":true,\"valueName\":\"search_term_string\"}}],\"inLanguage\":\"de\"}]}<\/script>\n<!-- \/ Yoast SEO plugin. -->","yoast_head_json":{"title":"Lektion 2 - Umsetzung der Basisstrategie","description":"Si tratta di una lezione veramente semplice - Vi mostrer\u00f2 come memorizzare perfettamente la strategia base che avete scelto in maniera cos\u00ec perfetta che","robots":{"index":"index","follow":"follow","max-snippet":"max-snippet:-1","max-image-preview":"max-image-preview:large","max-video-preview":"max-video-preview:-1"},"canonical":"https:\/\/www.blackjackinfo.com\/de\/blackjack-schule\/lektion-02-erlernen-der-grundlegenden-strategie\/","og_locale":"de_DE","og_type":"article","og_title":"Lezione 2 - Imparare la Strategia Base","og_description":"Si tratta di una lezione veramente semplice \u2013 Vi mostrer\u00f2 come memorizzare perfettamente la strategia base che avete scelto in maniera cos\u00ec perfetta che","og_url":"https:\/\/www.blackjackinfo.com\/de\/blackjack-schule\/lektion-02-erlernen-der-grundlegenden-strategie\/","og_site_name":"BlackjackInfo.com","article_modified_time":"2018-04-18T07:07:13+00:00","twitter_misc":{"Gesch\u00e4tzte Lesezeit":"5\u00a0Minuten"},"schema":{"@context":"https:\/\/schema.org","@graph":[{"@type":"WebPage","@id":"https:\/\/www.blackjackinfo.com\/blackjack-school\/lesson-02-learning-basic-strategy\/","url":"https:\/\/www.blackjackinfo.com\/blackjack-school\/lesson-02-learning-basic-strategy\/","name":"Lektion 2 - Umsetzung der Basisstrategie","isPartOf":{"@id":"https:\/\/www.blackjackinfo.com\/#website"},"datePublished":"2017-03-10T06:13:16+00:00","dateModified":"2018-04-18T07:07:13+00:00","description":"Si tratta di una lezione veramente semplice - Vi mostrer\u00f2 come memorizzare perfettamente la strategia base che avete scelto in maniera cos\u00ec perfetta che","breadcrumb":{"@id":"https:\/\/www.blackjackinfo.com\/blackjack-school\/lesson-02-learning-basic-strategy\/#breadcrumb"},"inLanguage":"de","potentialAction":[{"@type":"ReadAction","target":["https:\/\/www.blackjackinfo.com\/blackjack-school\/lesson-02-learning-basic-strategy\/"]}]},{"@type":"BreadcrumbList","@id":"https:\/\/www.blackjackinfo.com\/blackjack-school\/lesson-02-learning-basic-strategy\/#breadcrumb","itemListElement":[{"@type":"ListItem","position":1,"name":"Home","item":"https:\/\/www.blackjackinfo.com\/"},{"@type":"ListItem","position":2,"name":"La Scuola di Blackjack di GameMaster","item":"https:\/\/www.it.blackjackinfo.com\/scuola-di-blackjack\/"},{"@type":"ListItem","position":3,"name":"Lezione 2 &#8211; Imparare la Strategia Base"}]},{"@type":"WebSite","@id":"https:\/\/www.blackjackinfo.com\/#website","url":"https:\/\/www.blackjackinfo.com\/","name":"BlackjackInfo.de","description":"Denn Gewinnen macht mehr Spa\u00df!","potentialAction":[{"@type":"SearchAction","target":{"@type":"EntryPoint","urlTemplate":"https:\/\/www.blackjackinfo.com\/?s={search_term_string}"},"query-input":{"@type":"PropertyValueSpecification","valueRequired":true,"valueName":"search_term_string"}}],"inLanguage":"de"}]}},"_links":{"self":[{"href":"https:\/\/www.blackjackinfo.com\/de\/wp-json\/wp\/v2\/pages\/2736","targetHints":{"allow":["GET"]}}],"collection":[{"href":"https:\/\/www.blackjackinfo.com\/de\/wp-json\/wp\/v2\/pages"}],"about":[{"href":"https:\/\/www.blackjackinfo.com\/de\/wp-json\/wp\/v2\/types\/page"}],"author":[{"embeddable":true,"href":"https:\/\/www.blackjackinfo.com\/de\/wp-json\/wp\/v2\/users\/4"}],"replies":[{"embeddable":true,"href":"https:\/\/www.blackjackinfo.com\/de\/wp-json\/wp\/v2\/comments?post=2736"}],"version-history":[{"count":3,"href":"https:\/\/www.blackjackinfo.com\/de\/wp-json\/wp\/v2\/pages\/2736\/revisions"}],"predecessor-version":[{"id":2739,"href":"https:\/\/www.blackjackinfo.com\/de\/wp-json\/wp\/v2\/pages\/2736\/revisions\/2739"}],"up":[{"embeddable":true,"href":"https:\/\/www.blackjackinfo.com\/de\/wp-json\/wp\/v2\/pages\/2715"}],"wp:attachment":[{"href":"https:\/\/www.blackjackinfo.com\/de\/wp-json\/wp\/v2\/media?parent=2736"}],"wp:term":[{"taxonomy":"post_tag","embeddable":true,"href":"https:\/\/www.blackjackinfo.com\/de\/wp-json\/wp\/v2\/tags?post=2736"}],"curies":[{"name":"wp","href":"https:\/\/api.w.org\/{rel}","templated":true}]}}