{"id":2742,"date":"2017-03-10T00:33:49","date_gmt":"2017-03-10T06:33:49","guid":{"rendered":"https:\/\/www.blackjackinfo.com\/?page_id=2742\/"},"modified":"2018-04-18T02:07:14","modified_gmt":"2018-04-18T07:07:14","slug":"lektion-3-die-karten-und-die-basis-enthalten","status":"publish","type":"page","link":"https:\/\/www.blackjackinfo.com\/de\/scuola-di-blackjack\/lezione-3-contare-le-carte-le-basi\/","title":{"rendered":"Lezione 3 - Contare le Carte, Le Basi"},"content":{"rendered":"<p class=\"intro\"><b>Bei dieser Aufgabe entdeckte ich das Geheimnis, das den Inhalt des Kartenspiels zu umkreisen schien.<\/b> Du brauchst kein Genie zu sein, um alle Karten in einer Tasche mit zwei M\u00e4usen aufzubewahren; du musst nur ein paar Dinge \u00fcber das Zusammenspiel der Karten wissen.<\/p>\n<p><b>Il primo \"segreto\" \u00e8 che non dovete memorizzare le carte nel mazzo.<\/b> Jeder Karte wird ein Wert oder eine Zahl zugeordnet, und alles, was ich tun muss, ist, diese Zahlen zu addieren und in eine verwertbare Information umzuwandeln. Die den Karten beigef\u00fcgten Werte h\u00e4ngen von der Art des Systems ab, das ein Spieler verwenden m\u00f6chte. In dieser Schule wird das System \"Hoch\/Tief\" oder \"Plus\/Minus\" verwendet, aber wenn du etwas anderes verwenden m\u00f6chtest, k\u00f6nnen alle von dir vorgeschlagenen Methoden auch anders angewendet werden.<\/p>\n<p><b>Ein anderes gro\u00dfes \"Geheimnis\" ist das Vorgehen beim Blackjack, wenn es um die Zusammenstellung von Karten geht.<\/b> Ich denke, dass viele Personen, die das Kartensystem ausprobiert haben, von zu Hause aus gute Ergebnisse erzielt haben, aber wenn sie einmal vor dem Casino stehen, sinkt ihre F\u00e4higkeit, die Karten zu halten, mit der richtigen Hand zu spielen und in n\u00fctzlicher Zeit zu punkten, rapide. Haben Sie sich schon gefragt, ob Sie die Strategie der Basis so gut kennen, wie Sie Ihren Namen kennen? Ora inizierete a capire perch\u00e8 ci\u00f2 \u00e8 necessario; non avete bisogno di altre cose a cui pensare quando siete sul \"panno verde\".<\/p>\n<h3>Scegliere un Sistema<\/h3>\n<p><b>Es gibt viele Unterschiede zwischen den verschiedenen Systemen zur Aufbewahrung von Karten, und jedes hat - wie viele andere Dinge im Leben auch - seine eigenen Vorteile und Nachteile.<\/b> Wir haben die bekanntesten Spiele klassifiziert und uns dabei geholfen, das zu finden, was am meisten zu Ihren Eigenschaften passt. Wahrscheinlich ist das wichtigste Kriterium bei der Auswahl eines Systems immer die Art des Spiels, das Sie spielen m\u00f6chten. Wenn Sie z.B. h\u00e4ufig in der Gegend von Reno\/Tahoe spielen, sollten Sie ein System w\u00e4hlen, das mit einem einzigen Kartenspiel gut zurechtkommt. Wenn Sie in meiner Stadt Atlantic City spielen, m\u00fcssen Sie ein System einf\u00fchren, das bei Spielen mit mehreren Geldautomaten leistungsf\u00e4hig ist.<\/p>\n<p><b>Ein weiterer wichtiger Faktor bei der Auswahl eines Systems ist die Zeit, die Sie zum Spielen von Blackjack zur Verf\u00fcgung haben.<\/b> Wahrscheinlich wird es Sie \u00fcberraschen, aber ein Spieler, der viel Zeit auf den Tischen verbringen m\u00f6chte, sollte sich ein einfaches System zulegen. Vi dico questo perch\u00e8, anche se questo in realt\u00e0 \u00e8 piuttosto facile, ci\u00f2 richiede una buona concentrazione e pi\u00f9 il sistema \u00e8 semplice, pi\u00f9 risulter\u00e0 semplice concentrarsi per un lungo periodo di tempo. D'altra parte, se avete intenzione di giocare per 3 o 4 ore alla settimana, allora un sistema pi\u00f9 difficile pu\u00f2 funzionare bene, poich\u00e8 un sistema complicato di solito \u00e8 pi\u00f9 potente e ottimizzer\u00e0 il tempo che trascorrerete ai tavoli. Einige von Ihnen, die \"A-Typen\", denken, dass sie viel Zeit in den Spielhallen verbringen und ein sehr leistungsf\u00e4higes (und kompliziertes) System benutzen, um mehr Geld aus dem eigenen Spiel zu gewinnen. Das Problem in diesem Fall ist, dass sich unter diesen Umst\u00e4nden Fehler einschleichen k\u00f6nnen, was zu einem Verlust des eigenen Gewinns f\u00fchren kann. Il principio base che si applica \u00e8: <\/p>\n<p><b>\"Sceglilo Semplice, Stupido\"<\/b>. Se volete ottenere il massimo dal gioco, fate ci\u00f2 che vi ho detto, imparate due sistemi di conteggio. Eines f\u00fcr die Spiele, in denen es mehrere Kartenm\u00e4use gibt, und das andere f\u00fcr das Spiel mit nur einem Kartenmauser. Non \u00e8 cos\u00ec difficile imparare a contare le carte e quando ci addentreremo nelle lezioni noteterete come, gli esercizi che vi insegner\u00f2, potranno attuare tale strategia vincente.<\/p>\n<p><b>Die Kartensysteme werden in erster Linie durch zwei Faktoren bewertet: die Effizienz der Eins\u00e4tze (Betting Efficiency, BE) und die Effizienz des Spiels (Playing Efficiency, PE).<\/b> Die Anomalie der Systeme ist, dass in den meisten F\u00e4llen, wenn die BE erh\u00f6ht wird, die PE im gleichen Zeitraum abnimmt. Dies ist auf die ungew\u00f6hnliche Rolle zur\u00fcckzuf\u00fchren, die ein Asso im Spiel spielt. In der Frage des Spiels ist der Asso eine sehr starke Karte; er ist die Hauptkomponente eines \"Blackjack\", der mit 3 zu 2 gezahlt wird, aber f\u00fcr das Spiel mit einem Spieler ist der Asso nur von begrenztem Wert. Quante volte avete raddoppiato un 11 e avete ottenuto un Asso? Oder hast du eine 12...verr\u00fcckt, oder? Tirate con un 14, ottenete un Asso e totalizzate 15; nulla per cui arrabbiarsi, no? Sicher, es ist sch\u00f6n, eine 10 zu verdoppeln und ein Asso zu bekommen, aber das ist nur eine der wenigen Situationen, in denen das Asso im Spiel mit einer Person hilft.<\/p>\n<p><b>Die Art und Weise, in der ein System die Daten\u00fcbertragung durchf\u00fchrt, bestimmt in hohem Ma\u00dfe die BE und PE dieses Systems.<\/b> Wenn Sie eine hohe Effizienz bei der Auswahl der Punkte ben\u00f6tigen - z.B. in einem Spiel mit mehreren Mazzi -, sollten Sie ein System w\u00e4hlen, das den Asso mit einer \"gro\u00dfen\" Karte bedient; Wenn das Spiel, das Sie ausgew\u00e4hlt haben, mit einem einzigen Mazzo gespielt wird, dann w\u00e4hlen Sie ein System, das den Asso als eine \"neutrale\" Karte behandelt (und nehmen Sie die Spuren der Assis mit einem \"lateralen Konteggio\" auf, einem Trick, mit dem Sie schneller vorankommen.)<\/p>\n<p><b>I giochi con pi\u00f9 mazzi sono battuti principalmente dall'uso di grosse puntate.<\/b> Im Klartext: Sie zahlen wenig, wenn die Bank den Vorteil hat, und viel mehr, wenn der Vorteil Ihr eigener ist. Un sistema di conteggio con un fattore BE alto ci dice quando alzare la puntata. In einem Spiel mit einem einzelnen Mazzo kann ein hoher BE weniger einbringen, aber auch weniger gewinnen. Keine Sorge, die Casinos wissen, dass ihre Spiele angreifbar sind und suchen deshalb st\u00e4ndig nach Spielern, die sie schlagen k\u00f6nnen. Ein grober Fehler in den Karten ist ein Indikator, um die Spieler zu identifizieren, und je nachdem, wo man spielt, kann es dazu f\u00fchren, dass man als Spieler vom Casino ausgeschlossen wird (\"Sperre\"). Fatemi dire che ci\u00f2 che vi sto insegnando \u00e8 totalmente legale, ma non tutti nei casino la pensano allo stesso modo. Es gibt keine Gesetze gegen das Sammeln von Karten und Sie k\u00f6nnen der beste Kartenanbieter der Welt sein, aber wenn die Casinos Ihnen das Spielen nicht erlauben, wird Ihre F\u00e4higkeit verweigert.<\/p>\n<p><b>Um Ihnen bei der Auswahl des zu verwendenden Spiels zu helfen, besuchen Sie die Artikelserie \"Z\u00e4hlsysteme\" im Blackjack-Men\u00fc der GameMaster OnLine Seite und lesen Sie die dort empfohlenen Systeme.<\/b> Wie bereits erw\u00e4hnt, verwenden wir in der Regel die Option \"High \/ Low\", aber Sie k\u00f6nnen auch jede andere Option verwenden. Wenn du mit einer einzelnen M\u00fchle spielst, ist die Option \"Hi-Opt 1\" wahrscheinlich die beste, mit der du beginnen kannst; wenn du mit mehreren M\u00fchlen spielen willst, kannst du auch die Option \"High \/ Low\" verwenden. Auch wenn wir den \"True Count\" nicht kennen, sind alle diese Systeme unabh\u00e4ngig vom Spiel, das wir spielen wollen, wirksam. Molti conteggi \"non bilanciati\" non richiedono di imparare il true count, ma ci\u00f2 non rappresenta un gran problema, cos\u00ec iniziamo dai conteggi \"bilanciati\". A coloro che desiderano invece approfondire tale questione, consiglio il conteggio dello \"Zen\" di Arnold Snyder's, ma dovreste acquistare il suo libro, \"Blackbelt in Blackjack\", per integrare ci\u00f2 che vi sto insegnando.<\/p>\n<p><b>Nella prossima lezione<\/b> vi mostrer\u00f2 come imparare un sistema di conteggio con il seguente \"punto\" di valori:<br \/>\n2, 3, 4, 5, 6 = +1<br \/>\n7, 8, 9 = 0<br \/>\n10, J, Q, K, A = -1<\/p>\n<p><b>Das System hat eine Scommessa-Effizienz von 97% und eine Spiel-Effizienz von 51%.<\/b> Das beste System der Welt hat 98% BE und 70% PE, und alles, was Sie sich aneignen k\u00f6nnen, ist leicht \u00fcber einen l\u00e4ngeren Zeitraum zu benutzen, ist gut geeignet, um die eigenen Wahrscheinlichkeiten beim Spielen zu stimulieren, und es ist \"OK\", um mit einer Person richtig zu spielen. (Ma non vi preoccupate; vi far\u00e0 guadagnare soldi.) A proposito, es gibt einen dritten Wert f\u00fcr die Systeme von conteggio che \u00e8 l'assicurazione dell'efficienza (Insurance Efficiency). Sebbene la strategia di base dica di non prendere mai l'assicurazione, una volta che la quantit\u00e0 dei dieci, rimasti nel mazzo(i), raggiunge un certo punto, diventa conveniente assicurarsi. Il sistema di conteggio High \/ Low ha una Insurance Efficiency del .76, il che significa che circa i 3\/4 del tempo prenderete l'assicurazione (in accordo con il \"true count\"), facendo la scelta corretta. Ma...stiamo andando troppo avanti, copiate quindi i vostri compiti per casa e terminate la lezione.<\/p>\n<h3>Zuschl\u00e4ge f\u00fcr Wohnungen<\/h3>\n<ul>\n<li>Arbeiten Sie weiter mit Ihren Mitarbeitern <b>Karteikarten<\/b> almeno mezz'ora al giorno.<\/li>\n<li>Fate almeno un <b>\"Esercizio di Ricostruzione della Strategia Base\"<\/b> ogni giorno e continuate a migliorare la velocit\u00e0.<\/li>\n<li>Fate almeno un <b>\"Esercizio Decisionale della Strategia Base\"<\/b> al giorno e concentratevi bene per portarlo a termine in meno di 2 minuti.<\/li>\n<li>Allenatevi con i tre <b>\"Esercizi con le Carte\"<\/b> e concentratevi sulla vostra mano quando vi avvalete della strategia di base corretta.<\/li>\n<\/ul>\n<p>La Scuola al momento \u00e8 sospesa. Arrivederci alla prossima.<\/p>","protected":false},"excerpt":{"rendered":"<p>Tramite questa lezione vi sveler\u00f2 il mistero che sembra circondare il concetto del conteggio delle carte. Scoprirete che non dovrete essere un genio per tenere traccia di tutte le carte in un sabot con sei mazzi; avrete bisogno solamente di conoscere pochi segreti del conteggio delle carte. Il primo &#8220;segreto&#8221; \u00e8 che non dovete memorizzare [&hellip;]<\/p>\n","protected":false},"author":4,"featured_media":0,"parent":2715,"menu_order":0,"comment_status":"open","ping_status":"open","template":"page-blacjack-school-it.php","meta":{"_acf_changed":false,"footnotes":""},"tags":[],"class_list":["post-2742","page","type-page","status-publish","hentry"],"acf":[],"yoast_head":"<!-- This site is optimized with the Yoast SEO plugin v26.6 - https:\/\/yoast.com\/wordpress\/plugins\/seo\/ -->\n<title>Lezione 3 - Contare le Carte, Le Basi<\/title>\n<meta name=\"description\" content=\"Tramite questa lezione vi sveler\u00f2 il mistero che sembra circondare il concetto del conteggio delle carte. Scoprirete che non dovrete essere un genio per\" \/>\n<meta name=\"robots\" content=\"index, follow, max-snippet:-1, max-image-preview:large, max-video-preview:-1\" \/>\n<link rel=\"canonical\" href=\"https:\/\/www.blackjackinfo.com\/de\/blackjack-schule\/lektion-03-kartenzahlen-die-grundlagen\/\" \/>\n<meta property=\"og:locale\" content=\"de_DE\" \/>\n<meta property=\"og:type\" content=\"article\" \/>\n<meta property=\"og:title\" content=\"Lezione 3 - Contare le Carte, Le Basi\" \/>\n<meta property=\"og:description\" content=\"Tramite questa lezione vi sveler\u00f2 il mistero che sembra circondare il concetto del conteggio delle carte. Scoprirete che non dovrete essere un genio per\" \/>\n<meta property=\"og:url\" content=\"https:\/\/www.blackjackinfo.com\/de\/blackjack-schule\/lektion-03-kartenzahlen-die-grundlagen\/\" \/>\n<meta property=\"og:site_name\" content=\"BlackjackInfo.com\" \/>\n<meta property=\"article:modified_time\" content=\"2018-04-18T07:07:14+00:00\" \/>\n<meta name=\"twitter:label1\" content=\"Gesch\u00e4tzte Lesezeit\" \/>\n\t<meta name=\"twitter:data1\" content=\"7\u00a0Minuten\" \/>\n<script type=\"application\/ld+json\" class=\"yoast-schema-graph\">{\"@context\":\"https:\/\/schema.org\",\"@graph\":[{\"@type\":\"WebPage\",\"@id\":\"https:\/\/www.blackjackinfo.com\/blackjack-school\/lesson-03-counting-cards-the-basics\/\",\"url\":\"https:\/\/www.blackjackinfo.com\/blackjack-school\/lesson-03-counting-cards-the-basics\/\",\"name\":\"Lezione 3 - Contare le Carte, Le Basi\",\"isPartOf\":{\"@id\":\"https:\/\/www.blackjackinfo.com\/#website\"},\"datePublished\":\"2017-03-10T06:33:49+00:00\",\"dateModified\":\"2018-04-18T07:07:14+00:00\",\"description\":\"Tramite questa lezione vi sveler\u00f2 il mistero che sembra circondare il concetto del conteggio delle carte. Scoprirete che non dovrete essere un genio per\",\"breadcrumb\":{\"@id\":\"https:\/\/www.blackjackinfo.com\/blackjack-school\/lesson-03-counting-cards-the-basics\/#breadcrumb\"},\"inLanguage\":\"de\",\"potentialAction\":[{\"@type\":\"ReadAction\",\"target\":[\"https:\/\/www.blackjackinfo.com\/blackjack-school\/lesson-03-counting-cards-the-basics\/\"]}]},{\"@type\":\"BreadcrumbList\",\"@id\":\"https:\/\/www.blackjackinfo.com\/blackjack-school\/lesson-03-counting-cards-the-basics\/#breadcrumb\",\"itemListElement\":[{\"@type\":\"ListItem\",\"position\":1,\"name\":\"Home\",\"item\":\"https:\/\/www.blackjackinfo.com\/\"},{\"@type\":\"ListItem\",\"position\":2,\"name\":\"La Scuola di Blackjack di GameMaster\",\"item\":\"https:\/\/www.it.blackjackinfo.com\/scuola-di-blackjack\/\"},{\"@type\":\"ListItem\",\"position\":3,\"name\":\"Lezione 3 &#8211; Contare le Carte, Le Basi\"}]},{\"@type\":\"WebSite\",\"@id\":\"https:\/\/www.blackjackinfo.com\/#website\",\"url\":\"https:\/\/www.blackjackinfo.com\/\",\"name\":\"BlackjackInfo.com\",\"description\":\"Because Winning is More Fun!\",\"potentialAction\":[{\"@type\":\"SearchAction\",\"target\":{\"@type\":\"EntryPoint\",\"urlTemplate\":\"https:\/\/www.blackjackinfo.com\/?s={search_term_string}\"},\"query-input\":{\"@type\":\"PropertyValueSpecification\",\"valueRequired\":true,\"valueName\":\"search_term_string\"}}],\"inLanguage\":\"de\"}]}<\/script>\n<!-- \/ Yoast SEO plugin. -->","yoast_head_json":{"title":"Lezione 3 - Contare le Carte, Le Basi","description":"Bei dieser Aufgabe entdeckte ich das Geheimnis, das den Inhalt des Kartenspiels zu umkreisen scheint. Scoprirete che non dovrete essere un genio per","robots":{"index":"index","follow":"follow","max-snippet":"max-snippet:-1","max-image-preview":"max-image-preview:large","max-video-preview":"max-video-preview:-1"},"canonical":"https:\/\/www.blackjackinfo.com\/de\/blackjack-schule\/lektion-03-kartenzahlen-die-grundlagen\/","og_locale":"de_DE","og_type":"article","og_title":"Lezione 3 - Contare le Carte, Le Basi","og_description":"Tramite questa lezione vi sveler\u00f2 il mistero che sembra circondare il concetto del conteggio delle carte. Scoprirete che non dovrete essere un genio per","og_url":"https:\/\/www.blackjackinfo.com\/de\/blackjack-schule\/lektion-03-kartenzahlen-die-grundlagen\/","og_site_name":"BlackjackInfo.com","article_modified_time":"2018-04-18T07:07:14+00:00","twitter_misc":{"Gesch\u00e4tzte Lesezeit":"7\u00a0Minuten"},"schema":{"@context":"https:\/\/schema.org","@graph":[{"@type":"WebPage","@id":"https:\/\/www.blackjackinfo.com\/blackjack-school\/lesson-03-counting-cards-the-basics\/","url":"https:\/\/www.blackjackinfo.com\/blackjack-school\/lesson-03-counting-cards-the-basics\/","name":"Lezione 3 - Contare le Carte, Le Basi","isPartOf":{"@id":"https:\/\/www.blackjackinfo.com\/#website"},"datePublished":"2017-03-10T06:33:49+00:00","dateModified":"2018-04-18T07:07:14+00:00","description":"Bei dieser Aufgabe entdeckte ich das Geheimnis, das den Inhalt des Kartenspiels zu umkreisen scheint. Scoprirete che non dovrete essere un genio per","breadcrumb":{"@id":"https:\/\/www.blackjackinfo.com\/blackjack-school\/lesson-03-counting-cards-the-basics\/#breadcrumb"},"inLanguage":"de","potentialAction":[{"@type":"ReadAction","target":["https:\/\/www.blackjackinfo.com\/blackjack-school\/lesson-03-counting-cards-the-basics\/"]}]},{"@type":"BreadcrumbList","@id":"https:\/\/www.blackjackinfo.com\/blackjack-school\/lesson-03-counting-cards-the-basics\/#breadcrumb","itemListElement":[{"@type":"ListItem","position":1,"name":"Home","item":"https:\/\/www.blackjackinfo.com\/"},{"@type":"ListItem","position":2,"name":"La Scuola di Blackjack di GameMaster","item":"https:\/\/www.it.blackjackinfo.com\/scuola-di-blackjack\/"},{"@type":"ListItem","position":3,"name":"Lezione 3 &#8211; Contare le Carte, Le Basi"}]},{"@type":"WebSite","@id":"https:\/\/www.blackjackinfo.com\/#website","url":"https:\/\/www.blackjackinfo.com\/","name":"BlackjackInfo.de","description":"Denn Gewinnen macht mehr Spa\u00df!","potentialAction":[{"@type":"SearchAction","target":{"@type":"EntryPoint","urlTemplate":"https:\/\/www.blackjackinfo.com\/?s={search_term_string}"},"query-input":{"@type":"PropertyValueSpecification","valueRequired":true,"valueName":"search_term_string"}}],"inLanguage":"de"}]}},"_links":{"self":[{"href":"https:\/\/www.blackjackinfo.com\/de\/wp-json\/wp\/v2\/pages\/2742","targetHints":{"allow":["GET"]}}],"collection":[{"href":"https:\/\/www.blackjackinfo.com\/de\/wp-json\/wp\/v2\/pages"}],"about":[{"href":"https:\/\/www.blackjackinfo.com\/de\/wp-json\/wp\/v2\/types\/page"}],"author":[{"embeddable":true,"href":"https:\/\/www.blackjackinfo.com\/de\/wp-json\/wp\/v2\/users\/4"}],"replies":[{"embeddable":true,"href":"https:\/\/www.blackjackinfo.com\/de\/wp-json\/wp\/v2\/comments?post=2742"}],"version-history":[{"count":3,"href":"https:\/\/www.blackjackinfo.com\/de\/wp-json\/wp\/v2\/pages\/2742\/revisions"}],"predecessor-version":[{"id":2745,"href":"https:\/\/www.blackjackinfo.com\/de\/wp-json\/wp\/v2\/pages\/2742\/revisions\/2745"}],"up":[{"embeddable":true,"href":"https:\/\/www.blackjackinfo.com\/de\/wp-json\/wp\/v2\/pages\/2715"}],"wp:attachment":[{"href":"https:\/\/www.blackjackinfo.com\/de\/wp-json\/wp\/v2\/media?parent=2742"}],"wp:term":[{"taxonomy":"post_tag","embeddable":true,"href":"https:\/\/www.blackjackinfo.com\/de\/wp-json\/wp\/v2\/tags?post=2742"}],"curies":[{"name":"wp","href":"https:\/\/api.w.org\/{rel}","templated":true}]}}