{"id":2746,"date":"2017-03-10T00:52:10","date_gmt":"2017-03-10T06:52:10","guid":{"rendered":"https:\/\/www.blackjackinfo.com\/?page_id=2746\/"},"modified":"2018-04-18T02:07:14","modified_gmt":"2018-04-18T07:07:14","slug":"lezione-4-conteggio-carte-come-fare","status":"publish","type":"page","link":"https:\/\/www.blackjackinfo.com\/de\/scuola-di-blackjack\/lezione-4-conteggio-carte-come-fare\/","title":{"rendered":"Lezione 4 - Conteggio Carte - Come fare"},"content":{"rendered":"<p class=\"intro\">Oder haben Sie das von Ihnen bevorzugte System gew\u00e4hlt, auch wenn es sich von dem von Hi\/Lo unterscheidet, die zur Umsetzung verwendeten Mittel sind in allen F\u00e4llen die gleichen. Ci sar\u00e0 solo bisogno di qualche aggiustamento e tutto andr\u00e0 per il meglio.<\/p>\n<p><b>Il sistema di conteggio Hi \/ Lo assegna un \"punteggio\" ad ogni tipo di carta che si trova nel mazzo.<\/b> Il primo passo verso il conteggio delle carte consiste nel memorizzare questi valori. Eccoli qui:<\/p>\n<table class=\"gbs-ctable\">\n<tbody>\n<tr>\n<th>Carta<\/th>\n<th>Punteggio<\/th>\n<\/tr>\n<tr>\n<td>2<\/td>\n<td>+1<\/td>\n<\/tr>\n<tr>\n<td>3<\/td>\n<td>+1<\/td>\n<\/tr>\n<tr>\n<td>4<\/td>\n<td>+1<\/td>\n<\/tr>\n<tr>\n<td>5<\/td>\n<td>+1<\/td>\n<\/tr>\n<tr>\n<td>6<\/td>\n<td>+1<\/td>\n<\/tr>\n<tr>\n<td>7<\/td>\n<td>0<\/td>\n<\/tr>\n<tr>\n<td>8<\/td>\n<td>0<\/td>\n<\/tr>\n<tr>\n<td>9<\/td>\n<td>0<\/td>\n<\/tr>\n<tr>\n<td>10<\/td>\n<td>-1<\/td>\n<\/tr>\n<tr>\n<td>J<\/td>\n<td>-1<\/td>\n<\/tr>\n<tr>\n<td>Q<\/td>\n<td>-1<\/td>\n<\/tr>\n<tr>\n<td>K<\/td>\n<td>-1<\/td>\n<\/tr>\n<tr>\n<td>A<\/td>\n<td>-1<\/td>\n<\/tr>\n<\/tbody>\n<\/table>\n<p>Eine einfache mathematische Formel besagt, dass es in einem Kartensammelsurium die gleiche Anzahl von Karten mit einem \"positiven\" und einem \"negativen\" Wert gibt. Die Karten mit dieser Eigenschaft werden als \"bilanciati\" bezeichnet, und da alle Karten den Wert 1 oder 0 haben, werden sie auch als Karten der \"Stufe 1\" bezeichnet.<\/p>\n<h3>La Potenza del Conteggio Carte<\/h3>\n<p>Il conteggio Hi \/ Lo riconosce che le carte che vanno dal 2 al 6 sono di grande valore per il banco, poich\u00e8 queste carte trasformano una mano difficile del banco (12 - 16) in cui \u00e8 costretto a tirare, in una buona mano. Per esempio un 5 fa diventare una mano di 12-16 in una di 17-21, di conseguenza \u00e8 la carta pi\u00f9 importante per il banco. D'altra parte un Asso \u00e8 la pi\u00f9 importante per il giocatore, poich\u00e8 \u00e8 la componente base per un \"blackjack\" che paga 3 a 2. Wenn die \"kleinen\" Karten gespielt werden, stehen nicht mehr so viele Karten f\u00fcr die Bank zur Verf\u00fcgung, und da es im Mazzo die gleiche Anzahl an positiven und negativen Karten gibt, bedeutet ein \"positiver\" Zusammenhang, dass es viele alte Karten mit einem Wert von zwei oder mehr Assen gibt, die auch im Mazzo zu finden sind. Diese Situation ist f\u00fcr den Spieler vorteilhaft, da die M\u00f6glichkeit, einen Blackjack zu spielen, und die Situationen, in denen man sich verdoppelt oder teilt, die besten Chancen haben, eine hohe Karte zu erhalten.<br \/>\nNaturalmente il banco ha la stessa vostra possibilit\u00e0 di ricevere una carta alta. Ma ricordatevi che il banco non riceve un pagamento di 3 a 2 quando realizza un blackjack, non pu\u00f2 raddoppiare n\u00e8 dividere e deve tirare sempre con 16 o con un punteggio inferiore. Inoltre, come imparerete in una prossima lezione, conoscere la quantit\u00e0 delle carte di valore 10 rimaste ancora nel mazzo, vi d\u00e0 la cognizione di quando risulta conveniente effettuare l'assicurazione.<\/p>\n<h3>Imparare i Valori dei Punteggi<\/h3>\n<p><b>Dies ist die einzige \u00dcbung, die Sie ben\u00f6tigen, um die Werte Ihres eigenen Kartensystems zu ermitteln.<\/b> E' l'unico che uso quando devo cambiare il conteggio da un gioco con un mazzo ad un altro con pi\u00f9 mazzi e viceversa. Nimm ein Kartenspiel, lege eine Karte auf einmal ab und nimm f\u00fcr jede Karte den Wert auf, den sie hat. Wenn eine Karte einen positiven Wert hat, schreibe nicht \"Pi\u00f9 1\", sondern nur \"uno\", da dies immer ein \"pi\u00f9\" impliziert. Se una carta \u00e8 di valore negativo, dite \"M 1\", non \"meno 1\" perch\u00e8 consente di risparmiare una sillaba. F\u00fcr Karten mit \"neutralem\" oder Nullwert geben Sie \"nulla\" ein - sie werden also von der Kontensteuerung komplett ignoriert.<br \/>\n<b>Allora, come vi sembra tutto questo? Ecco qui un rapido esempio:<\/b><\/p>\n<table class=\"gbs-table\">\n<tbody>\n<tr>\n<td>A (Asso)<\/td>\n<td>(M-1)<\/td>\n<\/tr>\n<tr>\n<td>9<\/td>\n<td><\/td>\n<\/tr>\n<tr>\n<td>5<\/td>\n<td>(1)<\/td>\n<\/tr>\n<tr>\n<td>6<\/td>\n<td>(1)<\/td>\n<\/tr>\n<tr>\n<td>7<\/td>\n<td><\/td>\n<\/tr>\n<tr>\n<td>K (Re)<\/td>\n<td>(M-1)<\/td>\n<\/tr>\n<tr>\n<td>2<\/td>\n<td>(1)<\/td>\n<\/tr>\n<tr>\n<td>10<\/td>\n<td>(M-1)<\/td>\n<\/tr>\n<\/tbody>\n<\/table>\n<p>&nbsp;<br \/>\n<b>Notate che non sto tenendo traccia delle carte, ma mi limito ad indicare il valore del punteggio assegnato ad ognuna.<\/b> Wir sollten uns auf diese Weise bem\u00fchen, dass wir nicht zu viel in unsere Gedanken hineininterpretieren, aber wir sollten uns nicht zu sehr damit besch\u00e4ftigen.<\/p>\n<h3>Umsturz eines Mazzos<\/h3>\n<p><b>Se ora conoscete a memoria tutti i punteggi delle carte in base al sistema che avete scelto, potete iniziare il conto alla rovescia di un mazzo.<\/b> Togliete tre carte senza guardarle (per non commettere errori) e tenetele da parte. Oder girate le carte una ad una e calcolate il totale dei loro valori. Ricordate un po' di algebra? Se aggiungi +1 a -1 il risultato \u00e8 0. La stessa cosa si applica qui, tenetelo in mente mentre procedete con il conteggio del mazzo.<br \/>\nEcco un esempio:<\/p>\n<table class=\"gbs-table\">\n<tbody>\n<tr>\n<td>1\u00b0 carta<\/td>\n<td>A (Asso)<\/td>\n<td>Il conteggio: M-1<\/td>\n<\/tr>\n<tr>\n<td>2\u00b0<\/td>\n<td>K (Re)<\/td>\n<td>M-2<\/td>\n<\/tr>\n<tr>\n<td>3\u00b0<\/td>\n<td>10<\/td>\n<td>M-3<\/td>\n<\/tr>\n<tr>\n<td>4\u00b0<\/td>\n<td>6<\/td>\n<td>M-2 (assicuratevi di sapere perch\u00e8)<\/td>\n<\/tr>\n<tr>\n<td>5\u00b0<\/td>\n<td>Q (Donna)<\/td>\n<td>M-3<\/td>\n<\/tr>\n<tr>\n<td>6\u00b0<\/td>\n<td>5<\/td>\n<td>M-2<\/td>\n<\/tr>\n<tr>\n<td>7\u00b0<\/td>\n<td>3<\/td>\n<td>M-1<\/td>\n<\/tr>\n<tr>\n<td>8\u00b0<\/td>\n<td>6<\/td>\n<td>Uguale (non si usa lo \"zero\")<\/td>\n<\/tr>\n<tr>\n<td>9\u00b0<\/td>\n<td>4<\/td>\n<td>1 (di nuovo, nessun \"pi\u00f9\")<\/td>\n<\/tr>\n<\/tbody>\n<\/table>\n<p><b>Capito? Bene. Non siete ancora molto veloci, vero?<\/b> Non vi preoccupate; lavoreremo sulla velocit\u00e0 pi\u00f9 avanti. Quando avrete terminato il mazzo, il conteggio dovrebbe essere terminato a meno delle tre carte che avevamo tolto all'inizio. Guardiamo queste tre carte, verifichiamo la precisione del nostro calcolo, mischiamo ed iniziamo di nuovo. Prendete l'abitudine di eliminare ogni volta tre carte per esercitarvi poich\u00e8 vi segnaleranno eventuali errori durante il conteggio.<br \/>\n<b>Per il momento la cosa pi\u00f9 importante \u00e8 la precisione; tenete questo a mente quando conterete un mazzo di carte per tre o quattro volte di seguito senza errori.<\/b> Ci\u00f2 che avete imparato in questo modo si chiama \"running count\". La prossima volta lavoreremo sulla velocit\u00e0; potete credere che vi far\u00f2 contare un mazzo di carte in meno di 20 secondi? Nelle feste le belle ragazze rimangono affascinate da queste cose ...<\/p>\n<h3>Zuschl\u00e4ge f\u00fcr Wohnungen<\/h3>\n<ul>\n<li>Continuate a fare gli esercizi della <b>Aufbau der Basisstrategie<\/b> e della <b>Strategia di Base Decisionale<\/b>. Non potrete vincere se non potete seguire la giusta strategia di base.<\/li>\n<li><b>Starten Sie mit den von Ihrem System bereitgestellten Daten<\/b> e quando li conoscerete a memoria - e solo allora - iniziate a fare il conteggio alla rovescia di un mazzo.<\/li>\n<\/ul>\n<p>Arrivederci alla prossima. <b>Esercitatevi!<\/b><\/p>","protected":false},"excerpt":{"rendered":"<p>Ormai avrete scelto il sistema di conteggio preferito ed anche se \u00e8 differente dal conteggio Hi \/ Lo che andremo ad affrontare, i metodi usati per impararlo sono gli stessi in entrambi i casi. Ci sar\u00e0 solo bisogno di qualche aggiustamento e tutto andr\u00e0 per il meglio. Il sistema di conteggio Hi \/ Lo assegna [&hellip;]<\/p>\n","protected":false},"author":4,"featured_media":0,"parent":2715,"menu_order":0,"comment_status":"open","ping_status":"open","template":"page-blacjack-school-it.php","meta":{"_acf_changed":false,"footnotes":""},"tags":[],"class_list":["post-2746","page","type-page","status-publish","hentry"],"acf":[],"yoast_head":"<!-- This site is optimized with the Yoast SEO plugin v26.6 - https:\/\/yoast.com\/wordpress\/plugins\/seo\/ -->\n<title>Lezione 4 - Conteggio Carte - Come fare<\/title>\n<meta name=\"description\" content=\"Ormai avrete scelto il sistema di conteggio preferito ed anche se \u00e8 differente dal conteggio Hi \/ Lo che andremo ad affrontare, i metodi usati per\" \/>\n<meta name=\"robots\" content=\"index, follow, max-snippet:-1, max-image-preview:large, max-video-preview:-1\" \/>\n<link rel=\"canonical\" href=\"https:\/\/www.blackjackinfo.com\/de\/blackjack-schule\/lektion-04-kartenzahlen-wie-man-es-macht\/\" \/>\n<meta property=\"og:locale\" content=\"de_DE\" \/>\n<meta property=\"og:type\" content=\"article\" \/>\n<meta property=\"og:title\" content=\"Lezione 4 - Conteggio Carte - Come fare\" \/>\n<meta property=\"og:description\" content=\"Ormai avrete scelto il sistema di conteggio preferito ed anche se \u00e8 differente dal conteggio Hi \/ Lo che andremo ad affrontare, i metodi usati per\" \/>\n<meta property=\"og:url\" content=\"https:\/\/www.blackjackinfo.com\/de\/blackjack-schule\/lektion-04-kartenzahlen-wie-man-es-macht\/\" \/>\n<meta property=\"og:site_name\" content=\"BlackjackInfo.com\" \/>\n<meta property=\"article:modified_time\" content=\"2018-04-18T07:07:14+00:00\" \/>\n<meta name=\"twitter:label1\" content=\"Gesch\u00e4tzte Lesezeit\" \/>\n\t<meta name=\"twitter:data1\" content=\"4\u00a0Minuten\" \/>\n<script type=\"application\/ld+json\" class=\"yoast-schema-graph\">{\"@context\":\"https:\/\/schema.org\",\"@graph\":[{\"@type\":\"WebPage\",\"@id\":\"https:\/\/www.blackjackinfo.com\/blackjack-school\/lesson-04-card-counting-how-to-do-it\/\",\"url\":\"https:\/\/www.blackjackinfo.com\/blackjack-school\/lesson-04-card-counting-how-to-do-it\/\",\"name\":\"Lezione 4 - Conteggio Carte - Come fare\",\"isPartOf\":{\"@id\":\"https:\/\/www.blackjackinfo.com\/#website\"},\"datePublished\":\"2017-03-10T06:52:10+00:00\",\"dateModified\":\"2018-04-18T07:07:14+00:00\",\"description\":\"Ormai avrete scelto il sistema di conteggio preferito ed anche se \u00e8 differente dal conteggio Hi \/ Lo che andremo ad affrontare, i metodi usati per\",\"breadcrumb\":{\"@id\":\"https:\/\/www.blackjackinfo.com\/blackjack-school\/lesson-04-card-counting-how-to-do-it\/#breadcrumb\"},\"inLanguage\":\"de\",\"potentialAction\":[{\"@type\":\"ReadAction\",\"target\":[\"https:\/\/www.blackjackinfo.com\/blackjack-school\/lesson-04-card-counting-how-to-do-it\/\"]}]},{\"@type\":\"BreadcrumbList\",\"@id\":\"https:\/\/www.blackjackinfo.com\/blackjack-school\/lesson-04-card-counting-how-to-do-it\/#breadcrumb\",\"itemListElement\":[{\"@type\":\"ListItem\",\"position\":1,\"name\":\"Home\",\"item\":\"https:\/\/www.blackjackinfo.com\/\"},{\"@type\":\"ListItem\",\"position\":2,\"name\":\"La Scuola di Blackjack di GameMaster\",\"item\":\"https:\/\/www.it.blackjackinfo.com\/scuola-di-blackjack\/\"},{\"@type\":\"ListItem\",\"position\":3,\"name\":\"Lezione 4 &#8211; Conteggio Carte &#8211; Come fare\"}]},{\"@type\":\"WebSite\",\"@id\":\"https:\/\/www.blackjackinfo.com\/#website\",\"url\":\"https:\/\/www.blackjackinfo.com\/\",\"name\":\"BlackjackInfo.com\",\"description\":\"Because Winning is More Fun!\",\"potentialAction\":[{\"@type\":\"SearchAction\",\"target\":{\"@type\":\"EntryPoint\",\"urlTemplate\":\"https:\/\/www.blackjackinfo.com\/?s={search_term_string}\"},\"query-input\":{\"@type\":\"PropertyValueSpecification\",\"valueRequired\":true,\"valueName\":\"search_term_string\"}}],\"inLanguage\":\"de\"}]}<\/script>\n<!-- \/ Yoast SEO plugin. -->","yoast_head_json":{"title":"Lezione 4 - Conteggio Carte - Come fare","description":"Oder haben Sie das von Ihnen bevorzugte System gew\u00e4hlt, auch wenn es sich von dem von Hi \/ Lo che andremo ad affrontare, i metodi usati per","robots":{"index":"index","follow":"follow","max-snippet":"max-snippet:-1","max-image-preview":"max-image-preview:large","max-video-preview":"max-video-preview:-1"},"canonical":"https:\/\/www.blackjackinfo.com\/de\/blackjack-schule\/lektion-04-kartenzahlen-wie-man-es-macht\/","og_locale":"de_DE","og_type":"article","og_title":"Lezione 4 - Conteggio Carte - Come fare","og_description":"Ormai avrete scelto il sistema di conteggio preferito ed anche se \u00e8 differente dal conteggio Hi \/ Lo che andremo ad affrontare, i metodi usati per","og_url":"https:\/\/www.blackjackinfo.com\/de\/blackjack-schule\/lektion-04-kartenzahlen-wie-man-es-macht\/","og_site_name":"BlackjackInfo.com","article_modified_time":"2018-04-18T07:07:14+00:00","twitter_misc":{"Gesch\u00e4tzte Lesezeit":"4\u00a0Minuten"},"schema":{"@context":"https:\/\/schema.org","@graph":[{"@type":"WebPage","@id":"https:\/\/www.blackjackinfo.com\/blackjack-school\/lesson-04-card-counting-how-to-do-it\/","url":"https:\/\/www.blackjackinfo.com\/blackjack-school\/lesson-04-card-counting-how-to-do-it\/","name":"Lezione 4 - Conteggio Carte - Come fare","isPartOf":{"@id":"https:\/\/www.blackjackinfo.com\/#website"},"datePublished":"2017-03-10T06:52:10+00:00","dateModified":"2018-04-18T07:07:14+00:00","description":"Oder haben Sie das von Ihnen bevorzugte System gew\u00e4hlt, auch wenn es sich von dem von Hi \/ Lo che andremo ad affrontare, i metodi usati per","breadcrumb":{"@id":"https:\/\/www.blackjackinfo.com\/blackjack-school\/lesson-04-card-counting-how-to-do-it\/#breadcrumb"},"inLanguage":"de","potentialAction":[{"@type":"ReadAction","target":["https:\/\/www.blackjackinfo.com\/blackjack-school\/lesson-04-card-counting-how-to-do-it\/"]}]},{"@type":"BreadcrumbList","@id":"https:\/\/www.blackjackinfo.com\/blackjack-school\/lesson-04-card-counting-how-to-do-it\/#breadcrumb","itemListElement":[{"@type":"ListItem","position":1,"name":"Home","item":"https:\/\/www.blackjackinfo.com\/"},{"@type":"ListItem","position":2,"name":"La Scuola di Blackjack di GameMaster","item":"https:\/\/www.it.blackjackinfo.com\/scuola-di-blackjack\/"},{"@type":"ListItem","position":3,"name":"Lezione 4 &#8211; Conteggio Carte &#8211; Come fare"}]},{"@type":"WebSite","@id":"https:\/\/www.blackjackinfo.com\/#website","url":"https:\/\/www.blackjackinfo.com\/","name":"BlackjackInfo.de","description":"Denn Gewinnen macht mehr Spa\u00df!","potentialAction":[{"@type":"SearchAction","target":{"@type":"EntryPoint","urlTemplate":"https:\/\/www.blackjackinfo.com\/?s={search_term_string}"},"query-input":{"@type":"PropertyValueSpecification","valueRequired":true,"valueName":"search_term_string"}}],"inLanguage":"de"}]}},"_links":{"self":[{"href":"https:\/\/www.blackjackinfo.com\/de\/wp-json\/wp\/v2\/pages\/2746","targetHints":{"allow":["GET"]}}],"collection":[{"href":"https:\/\/www.blackjackinfo.com\/de\/wp-json\/wp\/v2\/pages"}],"about":[{"href":"https:\/\/www.blackjackinfo.com\/de\/wp-json\/wp\/v2\/types\/page"}],"author":[{"embeddable":true,"href":"https:\/\/www.blackjackinfo.com\/de\/wp-json\/wp\/v2\/users\/4"}],"replies":[{"embeddable":true,"href":"https:\/\/www.blackjackinfo.com\/de\/wp-json\/wp\/v2\/comments?post=2746"}],"version-history":[{"count":2,"href":"https:\/\/www.blackjackinfo.com\/de\/wp-json\/wp\/v2\/pages\/2746\/revisions"}],"predecessor-version":[{"id":2748,"href":"https:\/\/www.blackjackinfo.com\/de\/wp-json\/wp\/v2\/pages\/2746\/revisions\/2748"}],"up":[{"embeddable":true,"href":"https:\/\/www.blackjackinfo.com\/de\/wp-json\/wp\/v2\/pages\/2715"}],"wp:attachment":[{"href":"https:\/\/www.blackjackinfo.com\/de\/wp-json\/wp\/v2\/media?parent=2746"}],"wp:term":[{"taxonomy":"post_tag","embeddable":true,"href":"https:\/\/www.blackjackinfo.com\/de\/wp-json\/wp\/v2\/tags?post=2746"}],"curies":[{"name":"wp","href":"https:\/\/api.w.org\/{rel}","templated":true}]}}