{"id":2754,"date":"2017-03-12T20:13:22","date_gmt":"2017-03-13T01:13:22","guid":{"rendered":"https:\/\/www.blackjackinfo.com\/?page_id=2754\/"},"modified":"2018-04-18T02:07:14","modified_gmt":"2018-04-18T07:07:14","slug":"lezione-5-conteggio-carte-trucchi","status":"publish","type":"page","link":"https:\/\/www.blackjackinfo.com\/de\/scuola-di-blackjack\/lezione-5-conteggio-carte-trucchi\/","title":{"rendered":"Lezione 5 - Conteggio Carte - I Trucchi"},"content":{"rendered":"<p class=\"intro\">No, non vi insegner\u00f2 i trucchi in questa lezione, ma <b>vi mostrer\u00f2 alcuni modi interessanti per allenarvi con il conteggio e poi vi insegner\u00f2 i metodi che si usano per tenere traccia delle carte quando vengono distribuite dal croupier<\/b>. Die Verbesserung der Spielgeschwindigkeit ist eine wichtige Komponente Ihrer \u00dcbung, denn wenn Sie nicht in der Lage sind, von zu Hause aus schnell zu spielen, k\u00f6nnen Sie sicher nicht den Croupier-Pass in einem Casino spielen. Ein unzureichendes Spiel kann zum Verlust des eigenen Vorteils gegen\u00fcber der Bank f\u00fchren und es ist sehr frustrierend, wenn man mit einem schnellen Croupier \"den Anschluss verliert\".<\/p>\n<p><b>Zu diesem Zeitpunkt m\u00fcssen Sie die Werte der einzelnen Karten kennen und eine bestimmte Anzahl von Karten f\u00fcr einen Mazzo gesichert haben.<\/b> Ich bin mir sicher, dass sie immer noch viel zu langsam sind, aber das ist auch gut so, denn die Pr\u00e4zision ist im Moment das wichtigste Kriterium. La velocit\u00e0 arriver\u00e0 da sola con il lavoro e con gli esercizi che vi mostrer\u00f2 questa settimana.<\/p>\n<h3 class=\"gbs-heading\">Esercizio Valori delle Coppie<\/h3>\n<p>Genauso wie Sie die zu einer Karte geh\u00f6renden Punteggi auf der Grundlage des Systems, das Sie verwenden m\u00f6chten, imparieren, k\u00f6nnen Sie auch die zu jeder Kartengruppe geh\u00f6renden Punteggi imparieren. <b>Dies ist einer der wichtigsten \"Fehler\" bei der Erfassung von Karten: die M\u00f6glichkeit, die Karten zusammenzufassen.<\/b> Mit einer diskreten \u00dcbung k\u00f6nnen Sie eine Hand von Donna und Jack als \"20\" und M-2 verwenden. Diese Kapazit\u00e4t erh\u00f6ht die Geschwindigkeit in Ihrem Spiel erheblich. Ecco i valori delle coppie usando il metodo di conteggio Hi \/ Lo:<\/p>\n<h3 class=\"gbs-heading\">Valore del Punteggio per una Mano Netta<\/h3>\n<p><img loading=\"lazy\" decoding=\"async\" class=\"card\" src=\"https:\/\/www.blackjackinfo.com\/img\/cards\/as.gif\" alt=\"Ace of Spades\" width=\"71\" height=\"96\" data-no-auto-translation=\"\" \/> <img loading=\"lazy\" decoding=\"async\" class=\"card\" src=\"https:\/\/www.blackjackinfo.com\/img\/cards\/kh.gif\" alt=\"King of Hearts\" width=\"71\" height=\"96\" data-no-auto-translation=\"\" \/> <span class=\"points\">-2<\/span><br \/>\n<img loading=\"lazy\" decoding=\"async\" class=\"card\" src=\"https:\/\/www.blackjackinfo.com\/img\/cards\/jc.gif\" alt=\"Jack of Clubs\" width=\"71\" height=\"96\" data-no-auto-translation=\"\" \/> <img loading=\"lazy\" decoding=\"async\" class=\"card\" src=\"https:\/\/www.blackjackinfo.com\/img\/cards\/th.gif\" alt=\"Ten of Hearts\" width=\"71\" height=\"96\" data-no-auto-translation=\"\" \/> <span class=\"points\">-2<\/span><\/p>\n<hr \/>\n<p><img loading=\"lazy\" decoding=\"async\" class=\"card\" src=\"https:\/\/www.blackjackinfo.com\/img\/cards\/qd.gif\" alt=\"Queen of Diamonds\" width=\"71\" height=\"96\" data-no-auto-translation=\"\" \/> <img loading=\"lazy\" decoding=\"async\" class=\"card\" src=\"https:\/\/www.blackjackinfo.com\/img\/cards\/9c.gif\" alt=\"Nine of Clubs\" width=\"71\" height=\"96\" data-no-auto-translation=\"\" \/> <span class=\"points\">-1<\/span><br \/>\n<img loading=\"lazy\" decoding=\"async\" class=\"card\" src=\"https:\/\/www.blackjackinfo.com\/img\/cards\/as.gif\" alt=\"Ace of Spades\" width=\"71\" height=\"96\" data-no-auto-translation=\"\" \/> <img loading=\"lazy\" decoding=\"async\" class=\"card\" src=\"https:\/\/www.blackjackinfo.com\/img\/cards\/7d.gif\" alt=\"Seven of Diamonds\" width=\"71\" height=\"96\" data-no-auto-translation=\"\" \/> <span class=\"points\">-1<\/span><\/p>\n<hr \/>\n<p><img loading=\"lazy\" decoding=\"async\" class=\"card\" src=\"https:\/\/www.blackjackinfo.com\/img\/cards\/8s.gif\" alt=\"Eight of Spades\" width=\"71\" height=\"96\" data-no-auto-translation=\"\" \/> <img loading=\"lazy\" decoding=\"async\" class=\"card\" src=\"https:\/\/www.blackjackinfo.com\/img\/cards\/9c.gif\" alt=\"Nine of Clubs\" width=\"71\" height=\"96\" data-no-auto-translation=\"\" \/> <span class=\"points\">0<\/span><br \/>\n<img loading=\"lazy\" decoding=\"async\" class=\"card\" src=\"https:\/\/www.blackjackinfo.com\/img\/cards\/kc.gif\" alt=\"King of Clubs\" width=\"71\" height=\"96\" data-no-auto-translation=\"\" \/> <img loading=\"lazy\" decoding=\"async\" class=\"card\" src=\"https:\/\/www.blackjackinfo.com\/img\/cards\/3c.gif\" alt=\"Three of Clubs\" width=\"71\" height=\"96\" data-no-auto-translation=\"\" \/> <span class=\"points\">0<\/span><\/p>\n<hr \/>\n<p><img loading=\"lazy\" decoding=\"async\" class=\"card\" src=\"https:\/\/www.blackjackinfo.com\/img\/cards\/7d.gif\" alt=\"Seven of Diamonds\" width=\"71\" height=\"96\" data-no-auto-translation=\"\" \/> <img loading=\"lazy\" decoding=\"async\" class=\"card\" src=\"https:\/\/www.blackjackinfo.com\/img\/cards\/3h.gif\" alt=\"Three of Hearts\" width=\"71\" height=\"96\" data-no-auto-translation=\"\" \/> <span class=\"points\">+1<\/span><br \/>\n<img loading=\"lazy\" decoding=\"async\" class=\"card\" src=\"https:\/\/www.blackjackinfo.com\/img\/cards\/9d.gif\" alt=\"Nine of Diamonds\" width=\"71\" height=\"96\" data-no-auto-translation=\"\" \/> <img loading=\"lazy\" decoding=\"async\" class=\"card\" src=\"https:\/\/www.blackjackinfo.com\/img\/cards\/6c.gif\" alt=\"Six of Clubs\" width=\"71\" height=\"96\" data-no-auto-translation=\"\" \/> <span class=\"points\">+1<\/span><\/p>\n<hr \/>\n<p><img loading=\"lazy\" decoding=\"async\" class=\"card\" src=\"https:\/\/www.blackjackinfo.com\/img\/cards\/4d.gif\" alt=\"Four of Diamonds\" width=\"71\" height=\"96\" data-no-auto-translation=\"\" \/> <img loading=\"lazy\" decoding=\"async\" class=\"card\" src=\"https:\/\/www.blackjackinfo.com\/img\/cards\/5s.gif\" alt=\"Five of Spades\" width=\"71\" height=\"96\" data-no-auto-translation=\"\" \/> <span class=\"points\">+2<\/span><br \/>\n<img loading=\"lazy\" decoding=\"async\" class=\"card\" src=\"https:\/\/www.blackjackinfo.com\/img\/cards\/2s.gif\" alt=\"Two of Spades\" width=\"71\" height=\"96\" data-no-auto-translation=\"\" \/> <img loading=\"lazy\" decoding=\"async\" class=\"card\" src=\"https:\/\/www.blackjackinfo.com\/img\/cards\/6d.gif\" alt=\"Six of Diamonds\" width=\"71\" height=\"96\" data-no-auto-translation=\"\" \/> <span class=\"points\">+2<\/span><\/p>\n<hr \/>\n<p><b>Wichtig!<\/b> Vergewissern Sie sich, dass jedes St\u00fcck wie angegeben bewertet wird, und denken Sie nicht daran, dass diese St\u00fccke unterschiedliche Werte annehmen k\u00f6nnten, wenn Sie ein anderes St\u00fcck einbringen.<br \/>\nSe avete capito tutto ci\u00f2 che \u00e8 stato appena spiegato, allora iniziate prendendo un mazzo di carte e girate due carte alla volta. Merken Sie sich den laufenden Z\u00e4hlerstand nicht, sondern nehmen Sie nur die Werte der einzelnen Karten auf, damit Sie die gew\u00fcnschten Erg\u00e4nzungen und Korrekturen vornehmen k\u00f6nnen. Dies sollte geschehen, wenn Sie sich noch nicht mit den Werten aller m\u00f6glichen Kombinationen vertraut gemacht haben. Poi esercitatevi ancora di pi\u00f9.<br \/>\n<b>Realizzando, in questo modo, una buona base, ci\u00f2 vi consentir\u00e0 di aumentare pi\u00f9 tardi la vostra velocit\u00e0, cos\u00ec il tempo utilizzato per questo esercizio sar\u00e0 ben speso.<\/b> Per i \"Tipi A\": potreste spingervi sino ad imparare i valori di tre carte contemporaneamente. Sarebbe una tecnica molto utile da padroneggiare, specialmente se vi capiter\u00e0 di giocare da solo contro il banco, poich\u00e8 vedrete sempre 3 carte subito; la vostra coppia iniziale e la carta scoperta del dealer. Viele von euch bevorzugen es, im Spielfeld zu beginnen, in dem andere Spieler anwesend sind, damit das Spiel etwas l\u00e4nger dauert, aber wie ich schon sagte, ist es nicht m\u00f6glich, die Werte von 3 Karten zu kennen, um zu spielen.<\/p>\n<h3 class=\"gbs-heading\">Besuch bei der Rovescia delle Coppie<\/h3>\n<p>Di nuovo, togliete tre carte a caso da un mazzo di carte e tenetele da parte. (Non sbirciate!) Ora, girate le carte due alla volta, tenete un conteggio (cumulativo) del mazzo e verificate alla fine l'esattezza dei vostri calcoli aggiungendo le tre carte riposte in disparte precedemente. Questo esercizio \u00e8 il modo fondamentale per imparare il conteggio delle carte.<br \/>\n<b>Allm\u00e4hlich erh\u00f6ht sich die eigene Geschwindigkeit nur bis zu dem Punkt, an dem man am schnellsten mit der Karte fahren kann.<\/b> Per andare ancora pi\u00f9 rapidi, tenete il mazzo con la vostra mano sinistra, a faccia in su, e tirate fuori le carte - due alla volta - dal mazzo con la vostra mano destra. (Fate l'opposto se siete mancini). Aiutatevi con il vostro pollice e potrete andare pi\u00f9 veloci. Wie hoch ist die zul\u00e4ssige Geschwindigkeit? Ich pers\u00f6nlich schlie\u00dfe das Labyrinth in 10,5 Sekunden ab, aber wir m\u00fcssen die Mittel eines Tisches, der mit 2 oder 3 Spielern 20 Sekunden braucht, in 15 Sekunden schaffen (das ist leicht zu schaffen, wenn man mitspielt).<\/p>\n<h3 class=\"gbs-heading\">Inhalt des Tavolo<\/h3>\n<p><b>Die Methode, mit der die Karten auf das Spielbrett gelegt werden, ist das eigentliche Geheimnis dieser Kunst.<\/b> Bei den Spielen, bei denen die Karten an die Spieler in einer bestimmten Weise verteilt werden, zeigt das unten stehende Diagramm, wie man vorgeht. I giochi where le carte vengono distribuite coperte (principalmente un solo mazzo) richiedono una metodologia differente che studieremo la prossima settimana.<br \/>\n<img loading=\"lazy\" decoding=\"async\" src=\"https:\/\/www.blackjackinfo.com\/img\/Blackjack-School\/Full-Blackjack-Table-400x253.gif\" alt=\"Card Counting Order\" width=\"400\" height=\"253\" data-no-auto-translation=\"\" \/><br \/>\n<b>Molti croupier mantengono la loro carta a faccia in gi\u00f9 e la scoprono solo quando ogni giocatore ha ricevuto entrambe le sue carte.<\/b> Die Prozedur f\u00fcr die Aufnahme in ein Spielfeld besteht darin, mit der Aufnahme zu beginnen, wenn der Spieler der \"ersten Basis\" seine zweite Karte aufnimmt, und dann die Kopien jedes Spielers aufzunehmen, wenn die Karten verteilt werden. Beende die Verbindung mit der Karte der Bank und fahre dann mit der Verbindung fort, sobald ein Spieler eine Karte \"schickt\". Alla fine, contate la carta coperta del banco ed ogni carta che eventualmente tirer\u00e0.<br \/>\n<b>Potrete notare come questo metodo di conteggio con le coppie vi permetter\u00e0 di guardare naturalmente al tavolo.<\/b> Viele Menschen glauben, dass sich die Spieler nur eine einzige Karte merken k\u00f6nnen, denn die Spieler, die das Casino \u00fcberwachen, wollen die Spieler, die jeder Karte folgen, individuell bestimmen. Meine Methode erlaubt es, den Blick vom Spieltisch abzuwenden, wenn die erste Karte kommt, und dann zu \u00fcberwachen, wenn die zweite Karte kommt und die Paare gebildet werden. Questo schema \u00e8 molto naturale, in quanto molti giocatori, sono interestedati nel vedere quali mani hanno gli altri.<\/p>\n<h3 class=\"gbs-heading\">Zuschl\u00e4ge f\u00fcr Wohnungen<\/h3>\n<p><b>Oltre a continuare con gli esercizi della strategia di base, iniziate a giocare a Blackjack in qualche \"tavolo da cucina\".<\/b> Wenn Sie jemanden davon \u00fcberzeugen k\u00f6nnen, dass Sie Croupier sind, gut, aber wenn Sie das nicht k\u00f6nnen, dann spielen Sie die Karten so, als ob vier Spieler in dem Casino, in dem Sie spielen, verteilt werden. Nehmen Sie nicht die Rolle des Croupiers an, sondern sehen Sie sich alles aus der Perspektive des Spielers an, d.h. geben Sie zuerst eine Karte an einen virtuellen Spieler, dann an Sie und dann an andere virtuelle Spieler. Terminate dall'altro lato con la carta scoperta del banco e poi distribuite la seconda carta a tutti i giocatori. Beginnen Sie, wie oben beschrieben, mit der Kontoverbindung und beenden Sie sie mit dem Kartenlesezeichen des H\u00e4ndlers. Oder, fate giocare TUTTI e QUATTRO i giocatori in accordo alla strategia di base appropriata e tenete il conteggio. Indaffarati, huh? Non vi preoccupate, con la pratica tutto verr\u00e0 da s\u00e8. Quando avete terminato la prima partita, fatene un'altra e poi guardate le carte rimaste per verificare che il conteggio era esatto.<br \/>\n<b>Questo esercizio costituir\u00e0 le basi per tutti i nostri esercizi - ad eccezione dello sviluppo della velocit\u00e0 - da qui in poi.<\/b> Come capirete, questo tipo di \"sovraccarico\" rende poi molto semplice giocare e tenere il conto delle carte in un vero casino; tutto ci\u00f2 di cui avrete bisogno l\u00e0 sar\u00e0 sedervi, contare e giocare.<\/p>","protected":false},"excerpt":{"rendered":"<p>No, non vi insegner\u00f2 i trucchi in questa lezione, ma vi mostrer\u00f2 alcuni modi interessanti per allenarvi con il conteggio e poi vi insegner\u00f2 i metodi che si usano per tenere traccia delle carte quando vengono distribuite dal croupier. Sviluppare la velocit\u00e0 nel conteggio \u00e8 una componente importante della vostra esercitazione, perch\u00e8 se non siete [&hellip;]<\/p>\n","protected":false},"author":4,"featured_media":0,"parent":2715,"menu_order":0,"comment_status":"open","ping_status":"open","template":"page-blacjack-school-it.php","meta":{"_acf_changed":false,"footnotes":""},"tags":[],"class_list":["post-2754","page","type-page","status-publish","hentry"],"acf":[],"yoast_head":"<!-- This site is optimized with the Yoast SEO plugin v26.6 - https:\/\/yoast.com\/wordpress\/plugins\/seo\/ -->\n<title>Lezione 5 - Conteggio Carte - I Trucchi<\/title>\n<meta name=\"description\" content=\"No, non vi insegner\u00f2 i trucchi in questa lezione, ma vi mostrer\u00f2 alcuni modi interessanti per allenarvi con il conteggio e poi vi insegner\u00f2 i metodi che\" \/>\n<meta name=\"robots\" content=\"index, follow, max-snippet:-1, max-image-preview:large, max-video-preview:-1\" \/>\n<link rel=\"canonical\" href=\"https:\/\/www.blackjackinfo.com\/de\/blackjack-schule\/lektion-05-kartenzahlen-die-tricks\/\" \/>\n<meta property=\"og:locale\" content=\"de_DE\" \/>\n<meta property=\"og:type\" content=\"article\" \/>\n<meta property=\"og:title\" content=\"Lezione 5 - Conteggio Carte - I Trucchi\" \/>\n<meta property=\"og:description\" content=\"No, non vi insegner\u00f2 i trucchi in questa lezione, ma vi mostrer\u00f2 alcuni modi interessanti per allenarvi con il conteggio e poi vi insegner\u00f2 i metodi che\" \/>\n<meta property=\"og:url\" content=\"https:\/\/www.blackjackinfo.com\/de\/blackjack-schule\/lektion-05-kartenzahlen-die-tricks\/\" \/>\n<meta property=\"og:site_name\" content=\"BlackjackInfo.com\" \/>\n<meta property=\"article:modified_time\" content=\"2018-04-18T07:07:14+00:00\" \/>\n<meta property=\"og:image\" content=\"https:\/\/www.blackjackinfo.com\/img\/cards\/as.gif\" \/>\n<meta name=\"twitter:label1\" content=\"Gesch\u00e4tzte Lesezeit\" \/>\n\t<meta name=\"twitter:data1\" content=\"6\u00a0Minuten\" \/>\n<script type=\"application\/ld+json\" class=\"yoast-schema-graph\">{\"@context\":\"https:\/\/schema.org\",\"@graph\":[{\"@type\":\"WebPage\",\"@id\":\"https:\/\/www.blackjackinfo.com\/blackjack-school\/lesson-05-card-counting-the-tricks\/\",\"url\":\"https:\/\/www.blackjackinfo.com\/blackjack-school\/lesson-05-card-counting-the-tricks\/\",\"name\":\"Lezione 5 - Conteggio Carte - I Trucchi\",\"isPartOf\":{\"@id\":\"https:\/\/www.blackjackinfo.com\/#website\"},\"primaryImageOfPage\":{\"@id\":\"https:\/\/www.blackjackinfo.com\/blackjack-school\/lesson-05-card-counting-the-tricks\/#primaryimage\"},\"image\":{\"@id\":\"https:\/\/www.blackjackinfo.com\/blackjack-school\/lesson-05-card-counting-the-tricks\/#primaryimage\"},\"thumbnailUrl\":\"https:\/\/www.blackjackinfo.com\/img\/cards\/as.gif\",\"datePublished\":\"2017-03-13T01:13:22+00:00\",\"dateModified\":\"2018-04-18T07:07:14+00:00\",\"description\":\"No, non vi insegner\u00f2 i trucchi in questa lezione, ma vi mostrer\u00f2 alcuni modi interessanti per allenarvi con il conteggio e poi vi insegner\u00f2 i metodi che\",\"breadcrumb\":{\"@id\":\"https:\/\/www.blackjackinfo.com\/blackjack-school\/lesson-05-card-counting-the-tricks\/#breadcrumb\"},\"inLanguage\":\"de\",\"potentialAction\":[{\"@type\":\"ReadAction\",\"target\":[\"https:\/\/www.blackjackinfo.com\/blackjack-school\/lesson-05-card-counting-the-tricks\/\"]}]},{\"@type\":\"ImageObject\",\"inLanguage\":\"de\",\"@id\":\"https:\/\/www.blackjackinfo.com\/blackjack-school\/lesson-05-card-counting-the-tricks\/#primaryimage\",\"url\":\"https:\/\/www.blackjackinfo.com\/img\/cards\/as.gif\",\"contentUrl\":\"https:\/\/www.blackjackinfo.com\/img\/cards\/as.gif\"},{\"@type\":\"BreadcrumbList\",\"@id\":\"https:\/\/www.blackjackinfo.com\/blackjack-school\/lesson-05-card-counting-the-tricks\/#breadcrumb\",\"itemListElement\":[{\"@type\":\"ListItem\",\"position\":1,\"name\":\"Home\",\"item\":\"https:\/\/www.blackjackinfo.com\/\"},{\"@type\":\"ListItem\",\"position\":2,\"name\":\"La Scuola di Blackjack di GameMaster\",\"item\":\"https:\/\/www.it.blackjackinfo.com\/scuola-di-blackjack\/\"},{\"@type\":\"ListItem\",\"position\":3,\"name\":\"Lezione 5 &#8211; Conteggio Carte &#8211; I Trucchi\"}]},{\"@type\":\"WebSite\",\"@id\":\"https:\/\/www.blackjackinfo.com\/#website\",\"url\":\"https:\/\/www.blackjackinfo.com\/\",\"name\":\"BlackjackInfo.com\",\"description\":\"Because Winning is More Fun!\",\"potentialAction\":[{\"@type\":\"SearchAction\",\"target\":{\"@type\":\"EntryPoint\",\"urlTemplate\":\"https:\/\/www.blackjackinfo.com\/?s={search_term_string}\"},\"query-input\":{\"@type\":\"PropertyValueSpecification\",\"valueRequired\":true,\"valueName\":\"search_term_string\"}}],\"inLanguage\":\"de\"}]}<\/script>\n<!-- \/ Yoast SEO plugin. -->","yoast_head_json":{"title":"Lezione 5 - Conteggio Carte - I Trucchi","description":"Nein, in dieser Lektion habe ich keine Tipps f\u00fcr den Umgang mit Waffen gegeben, aber ich habe einige interessante Methoden f\u00fcr den Umgang mit Waffen vorgestellt, und dann habe ich Tipps f\u00fcr die Methoden gegeben, die","robots":{"index":"index","follow":"follow","max-snippet":"max-snippet:-1","max-image-preview":"max-image-preview:large","max-video-preview":"max-video-preview:-1"},"canonical":"https:\/\/www.blackjackinfo.com\/de\/blackjack-schule\/lektion-05-kartenzahlen-die-tricks\/","og_locale":"de_DE","og_type":"article","og_title":"Lezione 5 - Conteggio Carte - I Trucchi","og_description":"No, non vi insegner\u00f2 i trucchi in questa lezione, ma vi mostrer\u00f2 alcuni modi interessanti per allenarvi con il conteggio e poi vi insegner\u00f2 i metodi che","og_url":"https:\/\/www.blackjackinfo.com\/de\/blackjack-schule\/lektion-05-kartenzahlen-die-tricks\/","og_site_name":"BlackjackInfo.com","article_modified_time":"2018-04-18T07:07:14+00:00","og_image":[{"url":"https:\/\/www.blackjackinfo.com\/img\/cards\/as.gif","type":"","width":"","height":""}],"twitter_misc":{"Gesch\u00e4tzte Lesezeit":"6\u00a0Minuten"},"schema":{"@context":"https:\/\/schema.org","@graph":[{"@type":"WebPage","@id":"https:\/\/www.blackjackinfo.com\/blackjack-school\/lesson-05-card-counting-the-tricks\/","url":"https:\/\/www.blackjackinfo.com\/blackjack-school\/lesson-05-card-counting-the-tricks\/","name":"Lezione 5 - Conteggio Carte - I Trucchi","isPartOf":{"@id":"https:\/\/www.blackjackinfo.com\/#website"},"primaryImageOfPage":{"@id":"https:\/\/www.blackjackinfo.com\/blackjack-school\/lesson-05-card-counting-the-tricks\/#primaryimage"},"image":{"@id":"https:\/\/www.blackjackinfo.com\/blackjack-school\/lesson-05-card-counting-the-tricks\/#primaryimage"},"thumbnailUrl":"https:\/\/www.blackjackinfo.com\/img\/cards\/as.gif","datePublished":"2017-03-13T01:13:22+00:00","dateModified":"2018-04-18T07:07:14+00:00","description":"Nein, in dieser Lektion habe ich keine Tipps f\u00fcr den Umgang mit Waffen gegeben, aber ich habe einige interessante Methoden f\u00fcr den Umgang mit Waffen vorgestellt, und dann habe ich Tipps f\u00fcr die Methoden gegeben, die","breadcrumb":{"@id":"https:\/\/www.blackjackinfo.com\/blackjack-school\/lesson-05-card-counting-the-tricks\/#breadcrumb"},"inLanguage":"de","potentialAction":[{"@type":"ReadAction","target":["https:\/\/www.blackjackinfo.com\/blackjack-school\/lesson-05-card-counting-the-tricks\/"]}]},{"@type":"ImageObject","inLanguage":"de","@id":"https:\/\/www.blackjackinfo.com\/blackjack-school\/lesson-05-card-counting-the-tricks\/#primaryimage","url":"https:\/\/www.blackjackinfo.com\/img\/cards\/as.gif","contentUrl":"https:\/\/www.blackjackinfo.com\/img\/cards\/as.gif"},{"@type":"BreadcrumbList","@id":"https:\/\/www.blackjackinfo.com\/blackjack-school\/lesson-05-card-counting-the-tricks\/#breadcrumb","itemListElement":[{"@type":"ListItem","position":1,"name":"Home","item":"https:\/\/www.blackjackinfo.com\/"},{"@type":"ListItem","position":2,"name":"La Scuola di Blackjack di GameMaster","item":"https:\/\/www.it.blackjackinfo.com\/scuola-di-blackjack\/"},{"@type":"ListItem","position":3,"name":"Lezione 5 &#8211; Conteggio Carte &#8211; I Trucchi"}]},{"@type":"WebSite","@id":"https:\/\/www.blackjackinfo.com\/#website","url":"https:\/\/www.blackjackinfo.com\/","name":"BlackjackInfo.de","description":"Denn Gewinnen macht mehr Spa\u00df!","potentialAction":[{"@type":"SearchAction","target":{"@type":"EntryPoint","urlTemplate":"https:\/\/www.blackjackinfo.com\/?s={search_term_string}"},"query-input":{"@type":"PropertyValueSpecification","valueRequired":true,"valueName":"search_term_string"}}],"inLanguage":"de"}]}},"_links":{"self":[{"href":"https:\/\/www.blackjackinfo.com\/de\/wp-json\/wp\/v2\/pages\/2754","targetHints":{"allow":["GET"]}}],"collection":[{"href":"https:\/\/www.blackjackinfo.com\/de\/wp-json\/wp\/v2\/pages"}],"about":[{"href":"https:\/\/www.blackjackinfo.com\/de\/wp-json\/wp\/v2\/types\/page"}],"author":[{"embeddable":true,"href":"https:\/\/www.blackjackinfo.com\/de\/wp-json\/wp\/v2\/users\/4"}],"replies":[{"embeddable":true,"href":"https:\/\/www.blackjackinfo.com\/de\/wp-json\/wp\/v2\/comments?post=2754"}],"version-history":[{"count":5,"href":"https:\/\/www.blackjackinfo.com\/de\/wp-json\/wp\/v2\/pages\/2754\/revisions"}],"predecessor-version":[{"id":2760,"href":"https:\/\/www.blackjackinfo.com\/de\/wp-json\/wp\/v2\/pages\/2754\/revisions\/2760"}],"up":[{"embeddable":true,"href":"https:\/\/www.blackjackinfo.com\/de\/wp-json\/wp\/v2\/pages\/2715"}],"wp:attachment":[{"href":"https:\/\/www.blackjackinfo.com\/de\/wp-json\/wp\/v2\/media?parent=2754"}],"wp:term":[{"taxonomy":"post_tag","embeddable":true,"href":"https:\/\/www.blackjackinfo.com\/de\/wp-json\/wp\/v2\/tags?post=2754"}],"curies":[{"name":"wp","href":"https:\/\/api.w.org\/{rel}","templated":true}]}}