{"id":2759,"date":"2017-03-12T20:36:24","date_gmt":"2017-03-13T01:36:24","guid":{"rendered":"https:\/\/www.blackjackinfo.com\/?page_id=2759\/"},"modified":"2018-04-18T02:07:14","modified_gmt":"2018-04-18T07:07:14","slug":"lezione-6-conteggio-gioco-con-un-solo-mazzo","status":"publish","type":"page","link":"https:\/\/www.blackjackinfo.com\/de\/scuola-di-blackjack\/lezione-6-conteggio-gioco-con-un-solo-mazzo\/","title":{"rendered":"Lezione 6 - Conteggio - Gioco con un solo mazzo"},"content":{"rendered":"<p class=\"gbs-intro\"><b>Jeder Teilnehmer sollte eine gute Vorstellung davon haben, wie man Blackjack mit einer einzelnen Mazzo spielt.<\/b>Auch wenn du die 90% in deinem Tempo mit dem Spiel mit mehreren Mazzi triffst, denn wenn du in der Lage bist, das Spiel mit einem einzigen Mazzo zu spielen, kann dies sehr vorteilhaft sein. Der Hauptvorteil des Spiels wird deutlicher, wenn wir unsere Spielstrategien erweitern, aber f\u00fcr den Moment sollten Sie meine Worte beherzigen: Alle \"gro\u00dfen\" Gewinne, die Sie beim Blackjack erzielen k\u00f6nnen, werden wahrscheinlich aus dem Spiel mit einem einzelnen Mazzo kommen.<\/p>\n<p><b>Molti di voi - specialmente coloro che sono vicini ad Atlantic City - dovrebbero trascorrere il proprio tempo allenandosi invece di giocare, con l'idea di fare 5 o 6 viaggi l'anno nelle zone come Reno o Laughlin.<\/b> Sarebbe molto meglio per voi giocare 60 o 70 ore in un anno al gioco con un singolo mazzo qu\u00ec che giocare diverse centinaia di ore agli squallidi giochi che offre attualmente Atlantic City. Einige meiner Sch\u00fcler, die aus der Gegend von St. Louis k\u00f6nnen im Areal Reno mit einem Aufenthalt von 3 oder 4 giorni f\u00fcr weniger als $300 auskommen, der eine Fahrt und eine R\u00fcckfahrt mit dem Hotel beinhaltet, und w\u00e4hrend sie alleine jeden Tag ein paar Dollar beim Blackjack gewinnen, k\u00f6nnen sie alleine mit einem Nettoeinkommen von $1000 und mehr nach Hause gehen. Per gli abitanti della \"Costa Est\" suggerisco di recarsi in modo analogo a Tunica, MS.<\/p>\n<h3 class=\"gbs-heading\">Conteggio al Tavolo<\/h3>\n<p><b>Um das Spiel mit einem einzigen Mazzo spielen zu k\u00f6nnen, m\u00fcssen Sie zun\u00e4chst ein anderes Verfahren f\u00fcr die \u00dcbertragung auf die Tafel anwenden, auf der die Karten gemeinsam verteilt werden sollen.<\/b> Wie wir in Lezione 5 erfahren haben, gibt es einen sehr strikten Ansatz f\u00fcr das Spiel, so dass wir sicher sein k\u00f6nnen, dass wir nicht auf der Strecke bleiben werden. Non dimenticher\u00f2 mai la prima volta che giocai con un solo mazzo; ero a Las Vegas e di solito giocavo al gioco con quattro mazzi ad Atlantic City. Alla seconda o terza mano, il croupier aveva un \"Blackjack\" e tutti gettarono via le loro carte all'ins\u00f9. Tutto il mio allenamento sulla velocit\u00e0 venne messo a dura prova, ma riuscii a contare prima che la mano seguente fosse distribuita. Questa \u00e8 un tipo di situazione alla quale dovreste essere pronti e solo l'allenamento vi potr\u00e0 aiutare.<br \/>\n<b>Le carte al gioco con un solo mazzo possono essere girate per vari motivi, prendiamo in esame una mano e cerchiamo di capire come contare le carte.<\/b> Iniziamo contando le nostre due carte, poi la carta scoperta del banco. Contate ogni carta chiesta dai giocatori presenti. Wenn ein Spieler nicht anwesend ist, muss er seine Karten mitnehmen, denn wir k\u00f6nnen sie mitnehmen. Allerdings wird die Karte des \"Raddoppelg\u00e4ngers\" nur gemeinsam verteilt, so dass wir nicht mehr mit ihm reden k\u00f6nnen. Wenn ein Spieler eine Gruppe aufteilt, werden seine Karten auf diese Weise verteilt und er kann auch die Karte, die \"verteilt\" wird, mitnehmen. In einem Spiel mit einem einzelnen Mazzo zeigt ein Spieler an, dass er \"aufh\u00f6ren\" will, indem er die Karten auf den Boden des Spielfeldes legt, so dass wir nicht in der Lage sind, sie weiterzugeben, und somit auch nicht in der Lage sind, sie weiterzugeben. Wenn ein Spieler die Karten in die Hand nimmt, kann er sie auch gleich wieder mitnehmen, wenn er sie sieht. Das Spiel endet mit der Hand des Croupiers, wir m\u00fcssen also die eigene Karte mitnehmen, wenn sie zusammen mit allen anderen Karten, die schlie\u00dflich in der Hand des Croupiers landen, auftaucht.<br \/>\n<b>Ora arriva la parte difficile.<\/b> Il croupier inizier\u00e0 dalla \"terza base\" e girer\u00e0 ogni carta \"coperta\" (come pure le carte coperte del raddoppio) da sotto le scommesse e le metter\u00e0 accanto alle carte della mano. Contatele appena le vedete. Una mano tipica sar\u00e0 in questo modo:<br \/>\n<img loading=\"lazy\" decoding=\"async\" src=\"https:\/\/www.blackjackinfo.com\/img\/Blackjack-School\/Hand-Example-Before-400x400.gif\" alt=\"Hand Example Before\" width=\"400\" height=\"400\" data-no-auto-translation=\"\" \/><\/p>\n<p><img loading=\"lazy\" decoding=\"async\" src=\"https:\/\/www.blackjackinfo.com\/img\/Blackjack-School\/Hand-Example-After-400x400.gif\" alt=\"Hand Example After\" width=\"400\" height=\"400\" data-no-auto-translation=\"\" \/><br \/>\nCome potete vedere, questo giocatore aveva una mano di 7 e chiede carta. Il croupier ha sballato e pagher\u00e0 la mano vincente del giocatore. Nimm die beiden Karten, die gerade gescannt wurden, mit, aber nimm NICHT die neue Karte mit, denn du m\u00fcsstest sie mitnehmen, wenn der Spieler die Karte \"raschiava\".<br \/>\nDas kann ein wenig Verwirrung stiften, aber wenn Sie die Idee gut im Kopf haben, werden Sie, wenn Sie das echte Spiel in Aktion sehen, schnell in das Schema Ihrer Funktion einsteigen. Dovrete solo stare dietro ed osservare fino a quando non sarete sicuri di aver assimilato la tecnica, ma non ci vorr\u00e0 molto. Il modo ideal di allenarvi \u00e8 avere qualcuno che faccia da croupier, ma assicuratevi che utilizzi la procedura spiegata sopra.<\/p>\n<h3 class=\"gbs-heading\">Die eigene Geschwindigkeit und Widerstandskraft verbessern<\/h3>\n<p><b>Uso spesso l'analogia di un pugile quando parlo della pratica nel conteggio delle carte; un pugile allena sia la velocit\u00e0 che la sua resistenza.<\/b> Allerdings verwenden die K\u00e4mpfer zwei verschiedene S\u00e4cke, einen \"schnellen\" f\u00fcr schnelle Schl\u00e4ge wie den Jab und einen anderen gro\u00dfen und kr\u00e4ftigen f\u00fcr die st\u00e4rkeren. Ein Futter f\u00fcr eine einzelne Mazzo ist Ihr schnelles Futter; \u00fcben Sie damit so schnell wie m\u00f6glich, ohne das Futter zu vernachl\u00e4ssigen. Um die eigene Widerstandsf\u00e4higkeit aufzubauen, beginnen Sie mit zwei gemischten Kartenmagazinen (es ist nicht ratsam, 3 Karten zu mischen, um die Genauigkeit des Spiels zu \u00fcberpr\u00fcfen). Quando riuscirete a fare due mazzi in 40 secondi, proseguite con 6 mazzi. Mischiate tutti e sei i mazzi insieme, poi tagliateli facendo 5 o 6 pile di carte sul tavolo e contateli fino alla fine il pi\u00f9 velocemente possibile. Ihr Ziel ist es in diesem Fall, die \u00dcbung in weniger als 2 Minuten zu beenden; ideal w\u00e4re 1:30. Der Grund, warum wir mehr Mazzi verwenden, wenn wir mit einem einzelnen Mazzo spielen, liegt darin, dass wir das Spiel \u00fcber einen l\u00e4ngeren Zeitraum und auch bei gr\u00f6\u00dferen Schwankungen im Spiel aufrechterhalten m\u00fcssen. Die Anzahl der Durchl\u00e4ufe f\u00fcr ein einzelnes Mazzo liegt in der Regel unter oder \u00fcber 10, aber diese Anzahl kann auch in einer Kombination aus zwei Mazzi erreicht werden, so dass man sich darauf einstellen sollte. Allenandovi in questo modo con molte distrazioni intorno \u00e8 una cosa ottima. Fatelo con il frastuono dei bambini, con la TV accesa, o con il vostro cane che abbaia e svilupperete la facolt\u00e0 di tenere traccia del conteggio anche quando sarete in un casino.<\/p>\n<h3 class=\"gbs-heading\">Alle Trucchi auf einmal<\/h3>\n<p><b>Imparate a contare all'indietro partendo da un numero dispari e scalando di due in due.<\/b> Tutti sanno contare \"2, 4, 6,\" etc., ma pochi di noi possono contare con \"11, 9, 7, 5, 3\" molto velocemente. Questo \u00e8 un buon esercizio da fare mentre guidate. Inizate da 25 fino a M5, e poi di nuovo ancora; cos\u00ec vi si \"imprimer\u00e0\" nella vostra testa e vi sar\u00e0 utile al tavolo da gioco quando il conteggio sar\u00e0 alto ed usciranno tutti quei 20 o Blackjack. Se vi annoiate, fate lo stesso percorso a ritroso partendo da un numero pari, giusto per tenervi in forma.<br \/>\n<b>Quando, per una qualsiasi ragione, il vostro conteggio viene interrotto, ripetetevi il conteggio pi\u00f9 e pi\u00f9 volte.<\/b> Stell dir vor, du bist zu Hause und die kleine Margaux oder dein Feigling Corky (ist nicht jeder Kartenleger ein Weinliebhaber?) hat eine Frage zum Thema \"Leben oder Sterben\" zu beantworten. Se siete arrivati ad un conteggio di M6, ripetete solamente \"M6, M6, M6\" nella vostra mente mentre li ascoltate. Saprete che state facendo dei buoni progressi quando potrete PARLARE con loro e ricordare contemporaneamente il conteggio! La pratica permetter\u00e0 che ci\u00f2 avvenga.<\/p>\n<h3 class=\"gbs-heading\">Zuschl\u00e4ge f\u00fcr Wohnungen<\/h3>\n<p>Continuate a lavorare sulla velocit\u00e0 con il conto alla rovescia di un mazzo, ma lavorate anche negli esercizi con due mazzi. Quando potrete contare due mazzi senza errori in meno di 40 secondi, proseguite con il conto alla rovescia di sei mazzi.<br \/>\n<b>Das ist wichtig:<\/b> Alles, was ich oben gesagt habe, gilt auch f\u00fcr Spiele mit zwei M\u00e4usen, aber man sollte bedenken, dass sich die Grundstrategie ein wenig \u00e4ndert, wenn man mit weniger als vier M\u00e4usen spielt. Guardate la Lezione 1 per imparare la strategia base con un solo mazzo.<br \/>\nProssimamente inizieremo a discutere dell'unico motivo per il quale si gioca a Blackjack: i Soldi.<br \/>\nFino ad allora, la scuola \u00e8 chiusa.<\/p>","protected":false},"excerpt":{"rendered":"<p>Ogni contatore dovrebbe avere una buona conoscenza di come giocare a Blackjack con un solo mazzo, anche se trascorrete il 90% del vostro tempo con il gioco a pi\u00f9 mazzi, perch\u00e8 quando siete in grado di padroneggiare il gioco con un solo mazzo, ci\u00f2 pu\u00f2 essere molto vantaggioso. Il vantaggio primario del gioco diventer\u00e0 pi\u00f9 [&hellip;]<\/p>\n","protected":false},"author":4,"featured_media":0,"parent":2715,"menu_order":0,"comment_status":"open","ping_status":"open","template":"page-blacjack-school-it.php","meta":{"_acf_changed":false,"footnotes":""},"tags":[],"class_list":["post-2759","page","type-page","status-publish","hentry"],"acf":[],"yoast_head":"<!-- This site is optimized with the Yoast SEO plugin v26.6 - https:\/\/yoast.com\/wordpress\/plugins\/seo\/ -->\n<title>Lezione 6 - Conteggio - Gioco con un solo mazzo<\/title>\n<meta name=\"description\" content=\"Ogni contatore dovrebbe avere una buona conoscenza di come giocare a Blackjack con un solo mazzo, anche se trascorrete il 90% del vostro tempo con il\" \/>\n<meta name=\"robots\" content=\"index, follow, max-snippet:-1, max-image-preview:large, max-video-preview:-1\" \/>\n<link rel=\"canonical\" href=\"https:\/\/www.blackjackinfo.com\/de\/blackjack-schule\/lektion-06-kartenzahlen-mit-einem-deck\/\" \/>\n<meta property=\"og:locale\" content=\"de_DE\" \/>\n<meta property=\"og:type\" content=\"article\" \/>\n<meta property=\"og:title\" content=\"Lezione 6 - Conteggio - Gioco con un solo mazzo\" \/>\n<meta property=\"og:description\" content=\"Ogni contatore dovrebbe avere una buona conoscenza di come giocare a Blackjack con un solo mazzo, anche se trascorrete il 90% del vostro tempo con il\" \/>\n<meta property=\"og:url\" content=\"https:\/\/www.blackjackinfo.com\/de\/blackjack-schule\/lektion-06-kartenzahlen-mit-einem-deck\/\" \/>\n<meta property=\"og:site_name\" content=\"BlackjackInfo.com\" \/>\n<meta property=\"article:modified_time\" content=\"2018-04-18T07:07:14+00:00\" \/>\n<meta property=\"og:image\" content=\"https:\/\/www.blackjackinfo.com\/img\/Blackjack-School\/Hand-Example-Before-400x400.gif\" \/>\n<meta name=\"twitter:label1\" content=\"Gesch\u00e4tzte Lesezeit\" \/>\n\t<meta name=\"twitter:data1\" content=\"6\u00a0Minuten\" \/>\n<script type=\"application\/ld+json\" class=\"yoast-schema-graph\">{\"@context\":\"https:\/\/schema.org\",\"@graph\":[{\"@type\":\"WebPage\",\"@id\":\"https:\/\/www.blackjackinfo.com\/blackjack-school\/lesson-06-card-counting-single-deck-play\/\",\"url\":\"https:\/\/www.blackjackinfo.com\/blackjack-school\/lesson-06-card-counting-single-deck-play\/\",\"name\":\"Lezione 6 - Conteggio - Gioco con un solo mazzo\",\"isPartOf\":{\"@id\":\"https:\/\/www.blackjackinfo.com\/#website\"},\"primaryImageOfPage\":{\"@id\":\"https:\/\/www.blackjackinfo.com\/blackjack-school\/lesson-06-card-counting-single-deck-play\/#primaryimage\"},\"image\":{\"@id\":\"https:\/\/www.blackjackinfo.com\/blackjack-school\/lesson-06-card-counting-single-deck-play\/#primaryimage\"},\"thumbnailUrl\":\"https:\/\/www.blackjackinfo.com\/img\/Blackjack-School\/Hand-Example-Before-400x400.gif\",\"datePublished\":\"2017-03-13T01:36:24+00:00\",\"dateModified\":\"2018-04-18T07:07:14+00:00\",\"description\":\"Ogni contatore dovrebbe avere una buona conoscenza di come giocare a Blackjack con un solo mazzo, anche se trascorrete il 90% del vostro tempo con il\",\"breadcrumb\":{\"@id\":\"https:\/\/www.blackjackinfo.com\/blackjack-school\/lesson-06-card-counting-single-deck-play\/#breadcrumb\"},\"inLanguage\":\"de\",\"potentialAction\":[{\"@type\":\"ReadAction\",\"target\":[\"https:\/\/www.blackjackinfo.com\/blackjack-school\/lesson-06-card-counting-single-deck-play\/\"]}]},{\"@type\":\"ImageObject\",\"inLanguage\":\"de\",\"@id\":\"https:\/\/www.blackjackinfo.com\/blackjack-school\/lesson-06-card-counting-single-deck-play\/#primaryimage\",\"url\":\"https:\/\/www.blackjackinfo.com\/img\/Blackjack-School\/Hand-Example-Before-400x400.gif\",\"contentUrl\":\"https:\/\/www.blackjackinfo.com\/img\/Blackjack-School\/Hand-Example-Before-400x400.gif\"},{\"@type\":\"BreadcrumbList\",\"@id\":\"https:\/\/www.blackjackinfo.com\/blackjack-school\/lesson-06-card-counting-single-deck-play\/#breadcrumb\",\"itemListElement\":[{\"@type\":\"ListItem\",\"position\":1,\"name\":\"Home\",\"item\":\"https:\/\/www.blackjackinfo.com\/\"},{\"@type\":\"ListItem\",\"position\":2,\"name\":\"La Scuola di Blackjack di GameMaster\",\"item\":\"https:\/\/www.it.blackjackinfo.com\/scuola-di-blackjack\/\"},{\"@type\":\"ListItem\",\"position\":3,\"name\":\"Lezione 6 &#8211; Conteggio &#8211; Gioco con un solo mazzo\"}]},{\"@type\":\"WebSite\",\"@id\":\"https:\/\/www.blackjackinfo.com\/#website\",\"url\":\"https:\/\/www.blackjackinfo.com\/\",\"name\":\"BlackjackInfo.com\",\"description\":\"Because Winning is More Fun!\",\"potentialAction\":[{\"@type\":\"SearchAction\",\"target\":{\"@type\":\"EntryPoint\",\"urlTemplate\":\"https:\/\/www.blackjackinfo.com\/?s={search_term_string}\"},\"query-input\":{\"@type\":\"PropertyValueSpecification\",\"valueRequired\":true,\"valueName\":\"search_term_string\"}}],\"inLanguage\":\"de\"}]}<\/script>\n<!-- \/ Yoast SEO plugin. -->","yoast_head_json":{"title":"Lezione 6 - Conteggio - Gioco con un solo mazzo","description":"Jeder Teilnehmer sollte eine gute Vorstellung davon haben, wie man Blackjack mit einer einzelnen Mazzo spielt, auch wenn man die 90% der eigenen Zeit mit der","robots":{"index":"index","follow":"follow","max-snippet":"max-snippet:-1","max-image-preview":"max-image-preview:large","max-video-preview":"max-video-preview:-1"},"canonical":"https:\/\/www.blackjackinfo.com\/de\/blackjack-schule\/lektion-06-kartenzahlen-mit-einem-deck\/","og_locale":"de_DE","og_type":"article","og_title":"Lezione 6 - Conteggio - Gioco con un solo mazzo","og_description":"Ogni contatore dovrebbe avere una buona conoscenza di come giocare a Blackjack con un solo mazzo, anche se trascorrete il 90% del vostro tempo con il","og_url":"https:\/\/www.blackjackinfo.com\/de\/blackjack-schule\/lektion-06-kartenzahlen-mit-einem-deck\/","og_site_name":"BlackjackInfo.com","article_modified_time":"2018-04-18T07:07:14+00:00","og_image":[{"url":"https:\/\/www.blackjackinfo.com\/img\/Blackjack-School\/Hand-Example-Before-400x400.gif","type":"","width":"","height":""}],"twitter_misc":{"Gesch\u00e4tzte Lesezeit":"6\u00a0Minuten"},"schema":{"@context":"https:\/\/schema.org","@graph":[{"@type":"WebPage","@id":"https:\/\/www.blackjackinfo.com\/blackjack-school\/lesson-06-card-counting-single-deck-play\/","url":"https:\/\/www.blackjackinfo.com\/blackjack-school\/lesson-06-card-counting-single-deck-play\/","name":"Lezione 6 - Conteggio - Gioco con un solo mazzo","isPartOf":{"@id":"https:\/\/www.blackjackinfo.com\/#website"},"primaryImageOfPage":{"@id":"https:\/\/www.blackjackinfo.com\/blackjack-school\/lesson-06-card-counting-single-deck-play\/#primaryimage"},"image":{"@id":"https:\/\/www.blackjackinfo.com\/blackjack-school\/lesson-06-card-counting-single-deck-play\/#primaryimage"},"thumbnailUrl":"https:\/\/www.blackjackinfo.com\/img\/Blackjack-School\/Hand-Example-Before-400x400.gif","datePublished":"2017-03-13T01:36:24+00:00","dateModified":"2018-04-18T07:07:14+00:00","description":"Jeder Teilnehmer sollte eine gute Vorstellung davon haben, wie man Blackjack mit einer einzelnen Mazzo spielt, auch wenn man die 90% der eigenen Zeit mit der","breadcrumb":{"@id":"https:\/\/www.blackjackinfo.com\/blackjack-school\/lesson-06-card-counting-single-deck-play\/#breadcrumb"},"inLanguage":"de","potentialAction":[{"@type":"ReadAction","target":["https:\/\/www.blackjackinfo.com\/blackjack-school\/lesson-06-card-counting-single-deck-play\/"]}]},{"@type":"ImageObject","inLanguage":"de","@id":"https:\/\/www.blackjackinfo.com\/blackjack-school\/lesson-06-card-counting-single-deck-play\/#primaryimage","url":"https:\/\/www.blackjackinfo.com\/img\/Blackjack-School\/Hand-Example-Before-400x400.gif","contentUrl":"https:\/\/www.blackjackinfo.com\/img\/Blackjack-School\/Hand-Example-Before-400x400.gif"},{"@type":"BreadcrumbList","@id":"https:\/\/www.blackjackinfo.com\/blackjack-school\/lesson-06-card-counting-single-deck-play\/#breadcrumb","itemListElement":[{"@type":"ListItem","position":1,"name":"Home","item":"https:\/\/www.blackjackinfo.com\/"},{"@type":"ListItem","position":2,"name":"La Scuola di Blackjack di GameMaster","item":"https:\/\/www.it.blackjackinfo.com\/scuola-di-blackjack\/"},{"@type":"ListItem","position":3,"name":"Lezione 6 &#8211; Conteggio &#8211; Gioco con un solo mazzo"}]},{"@type":"WebSite","@id":"https:\/\/www.blackjackinfo.com\/#website","url":"https:\/\/www.blackjackinfo.com\/","name":"BlackjackInfo.de","description":"Denn Gewinnen macht mehr Spa\u00df!","potentialAction":[{"@type":"SearchAction","target":{"@type":"EntryPoint","urlTemplate":"https:\/\/www.blackjackinfo.com\/?s={search_term_string}"},"query-input":{"@type":"PropertyValueSpecification","valueRequired":true,"valueName":"search_term_string"}}],"inLanguage":"de"}]}},"_links":{"self":[{"href":"https:\/\/www.blackjackinfo.com\/de\/wp-json\/wp\/v2\/pages\/2759","targetHints":{"allow":["GET"]}}],"collection":[{"href":"https:\/\/www.blackjackinfo.com\/de\/wp-json\/wp\/v2\/pages"}],"about":[{"href":"https:\/\/www.blackjackinfo.com\/de\/wp-json\/wp\/v2\/types\/page"}],"author":[{"embeddable":true,"href":"https:\/\/www.blackjackinfo.com\/de\/wp-json\/wp\/v2\/users\/4"}],"replies":[{"embeddable":true,"href":"https:\/\/www.blackjackinfo.com\/de\/wp-json\/wp\/v2\/comments?post=2759"}],"version-history":[{"count":4,"href":"https:\/\/www.blackjackinfo.com\/de\/wp-json\/wp\/v2\/pages\/2759\/revisions"}],"predecessor-version":[{"id":2764,"href":"https:\/\/www.blackjackinfo.com\/de\/wp-json\/wp\/v2\/pages\/2759\/revisions\/2764"}],"up":[{"embeddable":true,"href":"https:\/\/www.blackjackinfo.com\/de\/wp-json\/wp\/v2\/pages\/2715"}],"wp:attachment":[{"href":"https:\/\/www.blackjackinfo.com\/de\/wp-json\/wp\/v2\/media?parent=2759"}],"wp:term":[{"taxonomy":"post_tag","embeddable":true,"href":"https:\/\/www.blackjackinfo.com\/de\/wp-json\/wp\/v2\/tags?post=2759"}],"curies":[{"name":"wp","href":"https:\/\/api.w.org\/{rel}","templated":true}]}}