{"id":2766,"date":"2017-03-12T20:50:19","date_gmt":"2017-03-13T01:50:19","guid":{"rendered":"https:\/\/www.blackjackinfo.com\/?page_id=2766\/"},"modified":"2018-04-18T02:07:14","modified_gmt":"2018-04-18T07:07:14","slug":"lezione-7-gestione-dei-soldi-parte-1","status":"publish","type":"page","link":"https:\/\/www.blackjackinfo.com\/de\/scuola-di-blackjack\/lezione-7-gestione-dei-soldi-parte-1\/","title":{"rendered":"Lektion 7 - Gestaltung der Soldaten - Teil 1"},"content":{"rendered":"<h3 class=\"gbs-heading\">La Predica<\/h3>\n<p class=\"intro\"><b>Sehr oft habe ich auf den Seiten von GameMaster Online von Vorhersagen geh\u00f6rt, vor allem, weil ich nicht daran denken wollte, dass die Leute ihre eigenen Geldmittel in die Casinos stecken.<\/b> Non sto dicendo che io non perdo, perch\u00e8 anche io ho le giornate no, ma ci\u00f2 che voglio dire \u00e8 che i casino devono sudare un bel po' per ogni centesimo che otterranno da me. Dovete sviluppare questo tipo di atteggiamento e il solo fatto che state leggendo proprio ora questi suggerimenti mi dimostra che siete motivati ad apprendere, reputo quindi questo un buon inizio. I Casino fanno soldi perch\u00e8 i giocatori gli consentono di farli. Auch wenn Sie alles, was ich Ihnen beigebracht habe, bis zu diesem Punkt gelernt haben, sind Sie noch nicht bereit zu spielen, also lassen Sie das Spiel aus und denken Sie daran, Ihren eigenen Spielspa\u00df nur an dem Tag zu entwickeln, an dem Sie bereit sind zu spielen. Sie k\u00f6nnen nicht versuchen, Blackjack zu spielen, wenn Sie nur um das Geld spielen. Du musst eine bestimmte Menge an Geld auf der Seite haben, die ein \"Extra\" darstellt - Geld, das, wenn es verloren geht, den eigenen Lebensstil in keiner Weise beeinflusst. Wenn Sie so vorgehen, m\u00fcssen Sie die richtigen Ma\u00dfnahmen ergreifen und die Dinge so tun, wie sie getan werden m\u00fcssen. Dies ist der Grund, warum Sie die $$$ ins Casino mitnehmen. Penso di aver detto abbastanza.<\/p>\n<h3 class=\"gbs-heading\">Wie sieht die Verwaltung des Geldes aus?<\/h3>\n<p><b>Das gilt f\u00fcr das Blackjack-Spiel, wenn Sie mit den Karten spielen, denn der Umgang mit dem Geld ist eine Spielmethode, die Verluste minimiert und Gewinne maximiert.<\/b> Das Blackjack-Spiel birgt ein gewisses Verlustrisiko in sich. Der Vorteil eines Casinokontrahenten ist gro\u00df und die Geldverf\u00fcgbarkeit des Spielers kann mit einer beeindruckenden Geschwindigkeit \u00fcberpr\u00fcft werden. Eine ad\u00e4quate Verwaltung der eigenen Mittel ist in allen Bereichen des Spiels unbedingt erforderlich, um die besten M\u00f6glichkeiten zu haben, die unberechenbare \"lange Frist\" zu \u00fcberbr\u00fccken. Einige von euch beginnen ihre Karriere als Kartenleger mit einer gro\u00dfen \u00dcberzeugung und k\u00f6nnen sich nicht mehr zur\u00fccklehnen. Einige von euch beginnen ihre Karriere mit einer Niederlage und brauchen mehr Zeit, um eine Entscheidung zu treffen; das ist die Realit\u00e4t der Dinge. Was Sie in den n\u00e4chsten vier oder f\u00fcnf Lektionen lernen werden, ist, wie Sie das Spiel bis zu dem Zeitpunkt durchhalten k\u00f6nnen, an dem sich Ihr langfristiges Ziel verwirklicht und die entsprechenden positiven Auswirkungen hat.<\/p>\n<h3 class=\"gbs-heading\">Il True Count<\/h3>\n<p><b>Alle Entscheidungen \u00fcber Ihre Auftr\u00e4ge werden auf der Grundlage von Informationen getroffen, die als \"True Count\" oder genauer gesagt als \"Rahmendaten\" bezeichnet werden.<\/b> Auch wenn dies f\u00fcr alle gilt, die mit mehreren M\u00e4usen spielen, muss derjenige, der nur mit einem M\u00e4usespiel spielt, genauso aufmerksam sein - auch Sie m\u00fcssen die Dinge wissen, die Sie sagen wollen. Se sei carte di valore piccolo escono nella prima mano di un gioco avremo un conteggio (denominato running count) di 6. I giocatori che giocano con un solo mazzo, avranno un true count appena sopra il 6, poich\u00e8 rimane un po' meno di un mazzo da giocare. Wenn du mit zwei M\u00e4usen spielst, liegt die Anzahl der M\u00e4use am Rand (true count) ungef\u00e4hr bei 1, weil es weniger als 6 M\u00e4use zum Spielen gibt. Haben Sie herausgefunden, wie das funktioniert? Stiamo \"standardizzando\" il conteggio dividendo il running count per il numero totale dei mazzi rimasti. Wir machen ein anderes Beispiel, damit du diesen Zusammenhang besser verstehst. Wenn du mit einer einzelnen Maus spielst, wird ein laufender Z\u00e4hlerstand von 2 (bitte nicht das \"+\" verwenden, um eine positive Zahl anzuzeigen) in einen echten Z\u00e4hlerstand von 2 umgewandelt, und zwar im Wechsel. Wenn du mit zwei Mazzi spielst und nach dem ersten Spiel einen Running Count von 12 erreicht hast, ist der True Count gleich 2. Der True Count ist also 2, aber du brauchst einen h\u00f6heren Running Count, um im Spiel mit zwei Mazzi erfolgreich zu sein.<\/p>\n<p><b>UM DIE RICHTIGE ANZAHL ZU ERHALTEN, TEILEN SIE DIE \"LAUFENDE\" ANZAHL DURCH DIE ANZAHL DER ZU SPIELENDEN M\u00c4USE.<\/b><br \/>\n<b>Non fatevi confondere da questa affermazione. Ci\u00f2 che significa \u00e8 il numero di mazzi mancanti, anche se saranno effettivamente giocati o no.<\/b> In einem Spiel mit zwei Mazzi k\u00f6nnen eine oder mehrere Mazzi au\u00dferhalb des Croupiers getaggt werden, aber das ist f\u00fcr die Berechnung des True Count nicht relevant. Die Grundlage f\u00fcr die Berechnung ist die Gesamtzahl der Spiele, mit denen das Spiel beginnt, die sich aus der Anzahl der gespielten Spiele ergibt. Ein Beispiel: Wenn in einem Spiel mit zwei Mazzi zwei Mazzi gespielt und gescart werden, wird ein laufender Z\u00e4hler von 8 in einen echten Z\u00e4hler von 2 umgewandelt, da noch weitere vier Mazzi im Spiel vorhanden sind. Der Croupier k\u00f6nnte sie mischen, bevor alle vier Mazzi gespielt werden, aber f\u00fcr die Berechnung der Umrechnung in den True Count ist das irrelevant.<br \/>\nFate questo piccolo test con me per vedere se capite il principio.<\/p>\n<table class=\"gbs-ctable\">\n<tbody>\n<tr>\n<th><\/th>\n<th>Mazzi Rimasti<\/th>\n<th>Laufende Z\u00e4hlung<\/th>\n<th>Wahre Zahl<\/th>\n<\/tr>\n<tr>\n<td>1.<\/td>\n<td>4<\/td>\n<td>8<\/td>\n<td>2<\/td>\n<\/tr>\n<tr>\n<td>2.<\/td>\n<td>2<\/td>\n<td>10<\/td>\n<td>5<\/td>\n<\/tr>\n<tr>\n<td>3.<\/td>\n<td>5<\/td>\n<td>5<\/td>\n<td>1<\/td>\n<\/tr>\n<tr>\n<td>4.<\/td>\n<td>3<\/td>\n<td>12<\/td>\n<td>4<\/td>\n<\/tr>\n<\/tbody>\n<\/table>\n<h3 class=\"gbs-heading\">Stima del Numero di Mazzi Rimasti<\/h3>\n<p><b>I casino sono molto gentili nel fornirci un congegno che ci dice quanti mazzi ci sono ancora da giocare nel sabot. Nein, questo congegno non \u00e8 il sabot, ma il box di scarto che pu\u00f2 essere trovato su ogni tavolo in cui si giochi con pi\u00f9 mazzi.<\/b> Alle benutzten Karten werden vom Croupier in der Spielschachtel abgeholt, wo jeder sie kaufen kann. Die Spieler k\u00f6nnen diese M\u00f6glichkeit nutzen und mit ein paar Tricks die Anzahl der zu spielenden Mazzi bestimmen. Nel gioco con sei mazzi, se ci sono due mazzi nel box di scarto, ci devono essere quattro mazzi ancora nel sabot, supponendo che non ci siano carte sul tavolo. Cercheremo di adoperarci affinch\u00e8 la stima di errore di valutazione sia di mezzo mazzo. Come allenarsi per ottenere questa informazione sar\u00e0 uno dei nostri compiti per casa, quindi non preoccupatevene per il momento. An diesem Punkt angekommen, ist das Wichtigste der Mechanismus f\u00fcr die Berechnung des wahren Z\u00e4hlwerts mit Hilfe dieser Methode. Addentriamoci attraverso una spiegazione piuttosto semplice.<\/p>\n<p>Wir spielen mit zwei M\u00e4usen, die Anzahl der laufenden M\u00e4use ist M-6 und es gibt drei M\u00e4use in der Spielbox. Dies bedeutet, dass noch drei M\u00e4use im Spiel sind, also teilen wir die laufende Anzahl durch 3 und die tats\u00e4chliche Anzahl ist M-2. Si, il calcolo \u00e8 lo stesso anche per mazzi negativi - esattamente nello stesso modo. Capito? Fate questo test per vedere se avete capito la spiegazione.<br \/>\nSupponiamo di giocare con sei mazzi. Vi dar\u00f2 solamente il numero di mazzi nel box di scarto, quindi dovrete fare il calcolo per determinare il numero di mazzi che mancano nel sabot.<\/p>\n<table class=\"gbs-ctable\">\n<tbody>\n<tr>\n<th><\/th>\n<th>Mazzi Giocati<\/th>\n<th>Laufende Z\u00e4hlung<\/th>\n<th>Wahre Zahl<\/th>\n<\/tr>\n<tr>\n<td><b>1.<\/b><\/td>\n<td>2<\/td>\n<td>4<\/td>\n<td>?<\/td>\n<\/tr>\n<tr>\n<td><b>2.<\/b><\/td>\n<td>4<\/td>\n<td>8<\/td>\n<td>?<\/td>\n<\/tr>\n<tr>\n<td><b>3.<\/b><\/td>\n<td>5<\/td>\n<td>5<\/td>\n<td>?<\/td>\n<\/tr>\n<tr>\n<td><b>4.<\/b><\/td>\n<td>1<\/td>\n<td>5<\/td>\n<td>?<\/td>\n<\/tr>\n<tr>\n<td><b>5.<\/b><\/td>\n<td>2.5<\/td>\n<td>7<\/td>\n<td>?<\/td>\n<\/tr>\n<tr>\n<td><b>6.<\/b><\/td>\n<td>2<\/td>\n<td>0<\/td>\n<td>?<\/td>\n<\/tr>\n<tr>\n<td><b>7.<\/b><\/td>\n<td>3.5<\/td>\n<td>M-5<\/td>\n<td>?<\/td>\n<\/tr>\n<tr>\n<td><b>8.<\/b><\/td>\n<td>1.5<\/td>\n<td>9<\/td>\n<td>?<\/td>\n<\/tr>\n<tr>\n<td><b>9.<\/b><\/td>\n<td>3<\/td>\n<td>M-3<\/td>\n<td>?<\/td>\n<\/tr>\n<tr>\n<td><b>10.<\/b><\/td>\n<td>4.5<\/td>\n<td>2<\/td>\n<td>?<\/td>\n<\/tr>\n<\/tbody>\n<\/table>\n<p><b>Le Risposte<\/b><\/p>\n<p><b>1.<\/b> 1 (2 Mazzi giocati, 4 Mazzi rimasti, 4 \/ 4 = 1)<br \/>\n<b>2.<\/b> 4 (4 Mazzi giocati, 2 Mazzi rimasti, 8 \/ 2 = 4)<br \/>\n<b>3.<\/b> 5<br \/>\n<b>4.<\/b> 1<br \/>\n<b>5.<\/b> 2<br \/>\n<b>6.<\/b> 0<br \/>\n<b>7.<\/b> M-2<br \/>\n<b>8.<\/b> 2<br \/>\n<b>9.<\/b>M-1<br \/>\n<b>10.<\/b> Un po' sopra uno (ma arrotondiamo sempre \"per difetto\" in modo da essere prudenti, cos\u00ec lo chiameremo \"uno\".)<\/p>\n<p><b>Vi vedo con gli occhi persi, quindi faremo meglio a fermarci qui per questa settimana.<\/b> Ma non vi scoraggiate; potete imparare quanto sopra - c'\u00e8 solo bisogno di un po' di pratica. A propos di pratica, fate i vostri compiti per casa e allenatevi \"calibrando\" i vostri occhi.<\/p>\n<h3 class=\"gbs-heading\">Zuschl\u00e4ge f\u00fcr Wohnungen<\/h3>\n<p>Stimare il numero di mazzi rimasti in un box di scarto \u00e8 solo un esercizio ripetitivo e monotono. Se guardate abbastanza a lungo un mazzo di 52 carte, potrete capire se sono state aggiunte ad esso 10 o 12 carte. Quindi questo \u00e8 il modo in base al quale calibriamo gli occhi. Iniziate con un solo mazzo e guardatelo per qualche secondo. Danach nimmst du eine weitere Mazzo und legst sie \u00fcber die erste und h\u00e4ltst den Pila f\u00fcr ein paar Sekunden. Ora prendete un terzo mazzo e ponetelo sempre sopra gli altri due e guardate ancora per un po'. Alla fine togliete un mazzo - non contate le carte - stimate solamente ad occhio quanto sarebbe un mazzo e toglietelo, poi contate per vedere quanto vi siete avvicinati al numero esatto di carte. Oder, rimettete a posto il mazzo che avevate tolto e togliete due mazzi, contateli per vedere se avete commesso errori di valutazione e poi rimetteteli sopra di nuovo. Oder, fate una pila di carte con cinque mazzi e togliete un mazzo e mezzo, poi tre mazzi e cos\u00ec via. Rimarrete sorpresi di come avrete riconosciuto velocemente quanti mazzi sono rimasti nella pila. Eine interessante Abwechslung bei dieser \u00dcbung besteht darin, einen Freund zu haben, der Stapel unterschiedlicher Gr\u00f6\u00dfe (unter einem kleinen Mazzo) aufbaut, w\u00e4hrend ihr au\u00dferhalb des Stapels seid und wenn ihr euch konzentriert, die Gr\u00f6\u00dfe jedes Stapels neu bestimmen m\u00fcsst.<\/p>\n<p>Insistete, perch\u00e8 dovete essere accurati con questo calcolo in quanto i vostri soldi dipenderanno proprio da esso.<\/p>\n<p>Arrivederci alla prossima settimana quando parleremo di come scommettere usando il true count.<\/p>","protected":false},"excerpt":{"rendered":"<p>La Predica Molto spesso, su queste pagine di GameMaster Online, vi far\u00f2 frequentemente delle prediche, principalmente perch\u00e8 odio pensare che la gente regali i propri soldi ai casino. Non sto dicendo che io non perdo, perch\u00e8 anche io ho le giornate no, ma ci\u00f2 che voglio dire \u00e8 che i casino devono sudare un bel [&hellip;]<\/p>\n","protected":false},"author":4,"featured_media":0,"parent":2715,"menu_order":0,"comment_status":"open","ping_status":"open","template":"page-blacjack-school-it.php","meta":{"_acf_changed":false,"footnotes":""},"tags":[],"class_list":["post-2766","page","type-page","status-publish","hentry"],"acf":[],"yoast_head":"<!-- This site is optimized with the Yoast SEO plugin v26.6 - https:\/\/yoast.com\/wordpress\/plugins\/seo\/ -->\n<title>Lezione 7 - Gestione dei Soldi - Parte 1<\/title>\n<meta name=\"description\" content=\"La Predica Molto spesso, su queste pagine di GameMaster Online, vi far\u00f2 frequentemente delle prediche, principalmente perch\u00e8 odio pensare che la gente\" \/>\n<meta name=\"robots\" content=\"index, follow, max-snippet:-1, max-image-preview:large, max-video-preview:-1\" \/>\n<link rel=\"canonical\" href=\"https:\/\/www.it.blackjackinfo.com\/scuola-di-blackjack\/lezione-7-gestione-dei-soldi-parte-1\/\" \/>\n<meta property=\"og:locale\" content=\"de_DE\" \/>\n<meta property=\"og:type\" content=\"article\" \/>\n<meta property=\"og:title\" content=\"Lezione 7 - Gestione dei Soldi - Parte 1\" \/>\n<meta property=\"og:description\" content=\"La Predica Molto spesso, su queste pagine di GameMaster Online, vi far\u00f2 frequentemente delle prediche, principalmente perch\u00e8 odio pensare che la gente\" \/>\n<meta property=\"og:url\" content=\"https:\/\/www.it.blackjackinfo.com\/scuola-di-blackjack\/lezione-7-gestione-dei-soldi-parte-1\/\" \/>\n<meta property=\"og:site_name\" content=\"BlackjackInfo.com\" \/>\n<meta property=\"article:modified_time\" content=\"2018-04-18T07:07:14+00:00\" \/>\n<meta name=\"twitter:label1\" content=\"Gesch\u00e4tzte Lesezeit\" \/>\n\t<meta name=\"twitter:data1\" content=\"7\u00a0Minuten\" \/>\n<script type=\"application\/ld+json\" class=\"yoast-schema-graph\">{\"@context\":\"https:\/\/schema.org\",\"@graph\":[{\"@type\":\"WebPage\",\"@id\":\"https:\/\/www.it.blackjackinfo.com\/scuola-di-blackjack\/lezione-7-gestione-dei-soldi-parte-1\/\",\"url\":\"https:\/\/www.it.blackjackinfo.com\/scuola-di-blackjack\/lezione-7-gestione-dei-soldi-parte-1\/\",\"name\":\"Lezione 7 - Gestione dei Soldi - Parte 1\",\"isPartOf\":{\"@id\":\"https:\/\/www.blackjackinfo.com\/#website\"},\"datePublished\":\"2017-03-13T01:50:19+00:00\",\"dateModified\":\"2018-04-18T07:07:14+00:00\",\"description\":\"La Predica Molto spesso, su queste pagine di GameMaster Online, vi far\u00f2 frequentemente delle prediche, principalmente perch\u00e8 odio pensare che la gente\",\"breadcrumb\":{\"@id\":\"https:\/\/www.it.blackjackinfo.com\/scuola-di-blackjack\/lezione-7-gestione-dei-soldi-parte-1\/#breadcrumb\"},\"inLanguage\":\"de\",\"potentialAction\":[{\"@type\":\"ReadAction\",\"target\":[\"https:\/\/www.it.blackjackinfo.com\/scuola-di-blackjack\/lezione-7-gestione-dei-soldi-parte-1\/\"]}]},{\"@type\":\"BreadcrumbList\",\"@id\":\"https:\/\/www.it.blackjackinfo.com\/scuola-di-blackjack\/lezione-7-gestione-dei-soldi-parte-1\/#breadcrumb\",\"itemListElement\":[{\"@type\":\"ListItem\",\"position\":1,\"name\":\"Home\",\"item\":\"https:\/\/www.blackjackinfo.com\/\"},{\"@type\":\"ListItem\",\"position\":2,\"name\":\"La Scuola di Blackjack di GameMaster\",\"item\":\"https:\/\/www.it.blackjackinfo.com\/scuola-di-blackjack\/\"},{\"@type\":\"ListItem\",\"position\":3,\"name\":\"Lezione 7 &#8211; Gestione dei Soldi &#8211; Parte 1\"}]},{\"@type\":\"WebSite\",\"@id\":\"https:\/\/www.blackjackinfo.com\/#website\",\"url\":\"https:\/\/www.blackjackinfo.com\/\",\"name\":\"BlackjackInfo.com\",\"description\":\"Because Winning is More Fun!\",\"potentialAction\":[{\"@type\":\"SearchAction\",\"target\":{\"@type\":\"EntryPoint\",\"urlTemplate\":\"https:\/\/www.blackjackinfo.com\/?s={search_term_string}\"},\"query-input\":{\"@type\":\"PropertyValueSpecification\",\"valueRequired\":true,\"valueName\":\"search_term_string\"}}],\"inLanguage\":\"de\"}]}<\/script>\n<!-- \/ Yoast SEO plugin. -->","yoast_head_json":{"title":"Lektion 7 - Gestaltung der Soldaten - Teil 1","description":"Die Vorhersage Sehr selten, auf diesen Seiten von GameMaster Online, habe ich h\u00e4ufig Vorhersagen gemacht, vor allem, weil ich mir nicht vorstellen kann, dass die Leute","robots":{"index":"index","follow":"follow","max-snippet":"max-snippet:-1","max-image-preview":"max-image-preview:large","max-video-preview":"max-video-preview:-1"},"canonical":"https:\/\/www.it.blackjackinfo.com\/scuola-di-blackjack\/lezione-7-gestione-dei-soldi-parte-1\/","og_locale":"de_DE","og_type":"article","og_title":"Lezione 7 - Gestione dei Soldi - Parte 1","og_description":"La Predica Molto spesso, su queste pagine di GameMaster Online, vi far\u00f2 frequentemente delle prediche, principalmente perch\u00e8 odio pensare che la gente","og_url":"https:\/\/www.it.blackjackinfo.com\/scuola-di-blackjack\/lezione-7-gestione-dei-soldi-parte-1\/","og_site_name":"BlackjackInfo.com","article_modified_time":"2018-04-18T07:07:14+00:00","twitter_misc":{"Gesch\u00e4tzte Lesezeit":"7\u00a0Minuten"},"schema":{"@context":"https:\/\/schema.org","@graph":[{"@type":"WebPage","@id":"https:\/\/www.it.blackjackinfo.com\/scuola-di-blackjack\/lezione-7-gestione-dei-soldi-parte-1\/","url":"https:\/\/www.it.blackjackinfo.com\/scuola-di-blackjack\/lezione-7-gestione-dei-soldi-parte-1\/","name":"Lektion 7 - Gestaltung der Soldaten - Teil 1","isPartOf":{"@id":"https:\/\/www.blackjackinfo.com\/#website"},"datePublished":"2017-03-13T01:50:19+00:00","dateModified":"2018-04-18T07:07:14+00:00","description":"Die Vorhersage Sehr selten, auf diesen Seiten von GameMaster Online, habe ich h\u00e4ufig Vorhersagen gemacht, vor allem, weil ich mir nicht vorstellen kann, dass die Leute","breadcrumb":{"@id":"https:\/\/www.it.blackjackinfo.com\/scuola-di-blackjack\/lezione-7-gestione-dei-soldi-parte-1\/#breadcrumb"},"inLanguage":"de","potentialAction":[{"@type":"ReadAction","target":["https:\/\/www.it.blackjackinfo.com\/scuola-di-blackjack\/lezione-7-gestione-dei-soldi-parte-1\/"]}]},{"@type":"BreadcrumbList","@id":"https:\/\/www.it.blackjackinfo.com\/scuola-di-blackjack\/lezione-7-gestione-dei-soldi-parte-1\/#breadcrumb","itemListElement":[{"@type":"ListItem","position":1,"name":"Home","item":"https:\/\/www.blackjackinfo.com\/"},{"@type":"ListItem","position":2,"name":"La Scuola di Blackjack di GameMaster","item":"https:\/\/www.it.blackjackinfo.com\/scuola-di-blackjack\/"},{"@type":"ListItem","position":3,"name":"Lezione 7 &#8211; Gestione dei Soldi &#8211; Parte 1"}]},{"@type":"WebSite","@id":"https:\/\/www.blackjackinfo.com\/#website","url":"https:\/\/www.blackjackinfo.com\/","name":"BlackjackInfo.de","description":"Denn Gewinnen macht mehr Spa\u00df!","potentialAction":[{"@type":"SearchAction","target":{"@type":"EntryPoint","urlTemplate":"https:\/\/www.blackjackinfo.com\/?s={search_term_string}"},"query-input":{"@type":"PropertyValueSpecification","valueRequired":true,"valueName":"search_term_string"}}],"inLanguage":"de"}]}},"_links":{"self":[{"href":"https:\/\/www.blackjackinfo.com\/de\/wp-json\/wp\/v2\/pages\/2766","targetHints":{"allow":["GET"]}}],"collection":[{"href":"https:\/\/www.blackjackinfo.com\/de\/wp-json\/wp\/v2\/pages"}],"about":[{"href":"https:\/\/www.blackjackinfo.com\/de\/wp-json\/wp\/v2\/types\/page"}],"author":[{"embeddable":true,"href":"https:\/\/www.blackjackinfo.com\/de\/wp-json\/wp\/v2\/users\/4"}],"replies":[{"embeddable":true,"href":"https:\/\/www.blackjackinfo.com\/de\/wp-json\/wp\/v2\/comments?post=2766"}],"version-history":[{"count":2,"href":"https:\/\/www.blackjackinfo.com\/de\/wp-json\/wp\/v2\/pages\/2766\/revisions"}],"predecessor-version":[{"id":2768,"href":"https:\/\/www.blackjackinfo.com\/de\/wp-json\/wp\/v2\/pages\/2766\/revisions\/2768"}],"up":[{"embeddable":true,"href":"https:\/\/www.blackjackinfo.com\/de\/wp-json\/wp\/v2\/pages\/2715"}],"wp:attachment":[{"href":"https:\/\/www.blackjackinfo.com\/de\/wp-json\/wp\/v2\/media?parent=2766"}],"wp:term":[{"taxonomy":"post_tag","embeddable":true,"href":"https:\/\/www.blackjackinfo.com\/de\/wp-json\/wp\/v2\/tags?post=2766"}],"curies":[{"name":"wp","href":"https:\/\/api.w.org\/{rel}","templated":true}]}}