{"id":2769,"date":"2017-03-12T21:11:45","date_gmt":"2017-03-13T02:11:45","guid":{"rendered":"https:\/\/www.blackjackinfo.com\/?page_id=2769\/"},"modified":"2018-04-18T02:07:14","modified_gmt":"2018-04-18T07:07:14","slug":"lezione-8-gestione-dei-soldi-parte-2","status":"publish","type":"page","link":"https:\/\/www.blackjackinfo.com\/de\/scuola-di-blackjack\/lezione-8-gestione-dei-soldi-parte-2\/","title":{"rendered":"Lektion 8 - Gestaltung des Soldatentums - Teil 2"},"content":{"rendered":"<h3 class=\"gbs-heading\">Ein kleiner Hinweis auf Mazzo Singolo<\/h3>\n<p class=\"intro\"><b>In der vorangegangenen Lektion habe ich den \"wahren Z\u00e4hlwert\" f\u00fcr ein Spiel mit mehreren Mazzi berechnet, wobei ich darauf achten wollte, dass der wahre Z\u00e4hlwert auch f\u00fcr Spiele mit nur einem Mazzo gilt.<\/b> Die Umrechnung erfolgt etwas anders, aber das Ergebnis ist das gleiche: Sie erhalten ein Standardkonteggio f\u00fcr das Spielfeld. Wenn du eine einzelne Karte in einem Spiel mit einem einzelnen Mazzo, z.B. einer 5, siehst, dann haben wir einen \"running count\" von 1 und einen true count von 1. Dies liegt daran, dass es nur ein einziges Feld gibt, mit dem das Spiel beginnt, und dass der wahre Z\u00e4hler sich aus dem laufenden Z\u00e4hler und der Anzahl der Felder errechnet. Wenn nach einem Spiel mit mehreren Spielern die Anzahl der laufenden Spiele 6 ist und drei Viertel der zu spielenden Spiele vorhanden sind, m\u00fcssen wir 6 durch 0,75 teilen, um den wahren Wert zu bestimmen. In diesem Fall ist der wahre Wert 8. Se fossimo stati alla met\u00e0 del mazzo, il true count sarebbe stato 6 diviso 0.50 = 12. Avete capito questo concetto? In einem Spiel mit einem einzigen Hindernis muss man die Felder teilen, was nicht so einfach zu berechnen ist, denn alle Mitspieler eines Spiels mit einem einzigen Hindernis m\u00fcssen sich diesen Punkt merken, damit sie ihn richtig berechnen k\u00f6nnen, wenn sie spielen.<\/p>\n<h3 class=\"gbs-heading\">Scommettere con il True Count<\/h3>\n<p><b>F\u00fcr jedes Inkrement von 1 im wahren Z\u00e4hlwert, der nach der Methode der Spielberechnung Hi\/Lo berechnet wird, erh\u00f6ht sich der Gewinn des Spielers um ca. 0,5%, wenn man ein mittleres Blackjack-Spiel betrachtet.<\/b> Wenn das Casino einen Vorteil von 0,40% gegen\u00fcber der Basisstrategie des Spielers hat (6 Mazzi, Raddoppel f\u00fcr jedes anf\u00e4ngliche Kartenpaar, Raddoppel nach der Teilung, der Dealer spielt mit A-6), braucht es nur einen True Count von 1, um mit der Bank \"gleichzuziehen\". Parit\u00e4t bedeutet, dass ein Spieler, der die richtige Strategie anwendet, mit einem True Count von 1 so viel verliert, wie er - in einem l\u00e4ngeren Zeitraum - verlieren k\u00f6nnte. Un true count di 2 dar\u00e0 al contatore un vantaggio dello 0.5% rispetto al banco; un true count di 3 dar\u00e0 un vantaggio dell'1% e cos\u00ec via.<\/p>\n<p><b>Der Vorteil, den ein Spieler gegen\u00fcber den Karten, die verteilt werden m\u00fcssen, hat, bestimmt seinen Platz.<\/b> I contatori scommettono solo una piccola quantit\u00e0 del loro capitale per ogni mano, perch\u00e8 sebbene vinceranno nel lungo periodo, potrebbero perdere ogni mano. Durch die Festlegung eines Wertes, der im Verh\u00e4ltnis zu ihrem Nutzen steht (genannt \"Il Principio di Kelly\"), k\u00f6nnen sie ihr Potenzial maximieren und ihr Risiko minimieren. Molta gente interpreta male il Principio di Kelly credendo che l'importo da scommettere sia una proporzione diretta del vantaggio. Pensano che se voi avete un vantaggio dell'1%, allora dovreste scommettere l'1% della vostra \"disponibilit\u00e0\" e ci\u00f2 non \u00e8 corretto. Was nicht in Frage kommt, ist die M\u00f6glichkeit des Raddoppelns, des Aufteilens der Kopien, die sich nat\u00fcrlich w\u00e4hrend des Spiels ergeben und das Risiko oder die \"Variante\" einer Person erh\u00f6hen. F\u00fcr eine Spielvariante mit den oben genannten Regeln ist der optimale Wert die 76% des Spielerrisikos. Hier finden Sie eine Tabelle mit den optimalen Werten, die auch f\u00fcr viele andere Spiele mit mehr Spielern geeignet ist:<\/p>\n<table class=\"gbs-ctable\">\n<tbody>\n<tr>\n<td><b>Wahre Zahl<\/b><\/td>\n<td><b>Vantaggio<\/b><\/td>\n<td><b>% Ottimale-Sommessa<\/b><\/td>\n<\/tr>\n<tr>\n<td>-1 o di meno<\/td>\n<td>-1.00% oder mehr<\/td>\n<td>0%<\/td>\n<\/tr>\n<tr>\n<td>0<\/td>\n<td>-0.50%<\/td>\n<td>0%<\/td>\n<\/tr>\n<tr>\n<td>1<\/td>\n<td>0%<\/td>\n<td>0%<\/td>\n<\/tr>\n<tr>\n<td>2<\/td>\n<td>0.5%x76%<\/td>\n<td>.38%<\/td>\n<\/tr>\n<tr>\n<td>3<\/td>\n<td>1.0%x76%<\/td>\n<td>.76%<\/td>\n<\/tr>\n<tr>\n<td>4<\/td>\n<td>1.5%x76%<\/td>\n<td>1.14%<\/td>\n<\/tr>\n<tr>\n<td>5<\/td>\n<td>2.0%x76%<\/td>\n<td>1.52%<\/td>\n<\/tr>\n<tr>\n<td>6<\/td>\n<td>2.5%x76%<\/td>\n<td>1.90%<\/td>\n<\/tr>\n<tr>\n<td>7<\/td>\n<td>3.0%x76%<\/td>\n<td>2.28%<\/td>\n<\/tr>\n<\/tbody>\n<\/table>\n<p>Mit Hilfe dieser Tabelle k\u00f6nnen Sie den optimalen Wert f\u00fcr jedes Budget berechnen; Sie k\u00f6nnen den Wert in der letzten Spalte vervielfachen, um das eigene Budget zu erh\u00f6hen. Perci\u00f2, per un budget di $3000, la scommessa ottimale quando il true count \u00e8 2 \u00e8 di 0.0038 X $3000 = $11.40.<\/p>\n<h3 class=\"gbs-heading\">Einige praktische Erw\u00e4gungen<\/h3>\n<p><b>In erster Linie ist es nicht ratsam, in kleineren Einheiten von $1 zu spielen, da dann die Auswahl der Spielz\u00fcge je nach Situation unterschiedlich ausf\u00e4llt. In secondo luogo, risulta pi\u00f9 appropriato scommettere in unit\u00e0 di $5 in questo modo assomiglierete al giocatore medio, inoltre ci\u00f2 ridurr\u00e0 il calcolo che \u00e8 necessario fare.<\/b> Dar\u00fcber hinaus ist es nicht m\u00f6glich, die Berechnungen f\u00fcr den eigenen optimalen Punktestand zu \u00fcberpr\u00fcfen, wenn man am Spieltisch sitzt, auch wenn man sie in Abh\u00e4ngigkeit von der Entwicklung des eigenen Budgets w\u00e4hrend der Partie anpassen sollte. Au\u00dferdem ist es nicht m\u00f6glich, nur dann zu spielen, wenn der wahre Wert 2 oder mehr als 2 betr\u00e4gt; einige Male m\u00fcssen Sie die Spielz\u00fcge ausf\u00fchren, wenn das Spielfeld einen Vorteil f\u00fcr Sie hat. Tutti questi arrotondamenti e il gioco con i mazzi negativi diminuiscono la vostra percentuale di vincita, ma conoscere le condizioni che vi possono costare dei soldi, significa compiere dei passi per minimizzare il loro impatto sui vostri guadagni.<\/p>\n<h3 class=\"gbs-heading\">Lo Scarto delle Scommesse<\/h3>\n<p><b>Das Spiel mit einem einzigen Hindernis, das eine anst\u00e4ndige Anzahl von Punkten hat und in dem drei oder mehr Karten vor einer Mischung benutzt werden, kann mit einer Karte von 1 bis 4 bek\u00e4mpft werden.<\/b> Ein Spiel mit zwei Mazzi, bei dem drei oder mehr Karten vor dem Mischen benutzt werden, kann allein mit einer Karte von 1 bis 6 bek\u00e4mpft werden. Ein Spiel mit vier oder mehr Mazzi ben\u00f6tigt eine Karte von 1 bis 12, um einen Vorteil zu erhalten. Wir sprechen \u00fcber die Bewertung des Spieltyps in einer der n\u00e4chsten Ausgaben, aber ich m\u00f6chte Ihnen die Grundlagen f\u00fcr die Verwaltung Ihrer Eins\u00e4tze geben, damit Sie eine Vorstellung davon bekommen, was Sie beim Blackjack brauchen. Lo scarto viene espresso in unit\u00e0 di scommessa, quindi se giocate con le fiches da $5, avrete uno scarto da $5 a $60 se giocate con sei mazzi. Poich\u00e8 un contatore dovrebbe avere un budget di almeno 50 puntate di valore massimo nel suo budget, allora uno scarto del genere richieder\u00e0 un budget di $3000.<br \/>\nMit einem Budget von $3000 kann die Programmierung der Auftr\u00e4ge wie folgt erfolgen:<\/p>\n<table class=\"gbs-ctable\">\n<tbody>\n<tr>\n<td><b>Wahre Zahl<\/b><\/td>\n<td><b>Scommessa del Giocatore<\/b><\/td>\n<td><b>Scommessa Ottimale<\/b><\/td>\n<\/tr>\n<tr>\n<td>0 o di meno<\/td>\n<td>$5<\/td>\n<td>$0<\/td>\n<\/tr>\n<tr>\n<td>1<\/td>\n<td>$5<\/td>\n<td>$0<\/td>\n<\/tr>\n<tr>\n<td>2<\/td>\n<td>$10<\/td>\n<td>$11.20<\/td>\n<\/tr>\n<tr>\n<td>3<\/td>\n<td>$20<\/td>\n<td>$22.80<\/td>\n<\/tr>\n<tr>\n<td>4<\/td>\n<td>$40<\/td>\n<td>$34.20<\/td>\n<\/tr>\n<tr>\n<td>5<\/td>\n<td>$50<\/td>\n<td>$45.60<\/td>\n<\/tr>\n<tr>\n<td>6<\/td>\n<td>$60<\/td>\n<td>$57.00<\/td>\n<\/tr>\n<\/tbody>\n<\/table>\n<p>Das Programm f\u00fcr die oben genannten Punkte erlaubt es, die Punkte zu erh\u00f6hen, wenn das Volumen zunimmt, so dass man sich wie ein echter \"Spieler\" f\u00fchlt.<\/p>\n<p><b>RISPARMIERETE MOLTI SOLDI E TROVERETE SITUAZIONI PIU' VANTAGGIOSE SE LASCERETE IL TAVOLO QUANDO IL CONTEGGIO TRUE COUNT VA SOTTO -1. MA LASCIATELO SOLAMENTE DOPO AVER PERSO UNA MANO; NESSUN GIOCATORE D'AZZARDO LASCEREBBE UN TAVOLO DOPO UNA VITTORIA.<\/b><\/p>\n<p>Habt ihr schon ein wenig den Kopf h\u00e4ngen lassen? Se \u00e8 cos\u00ec non vi preoccupate perch\u00e8, nelle prossime settimane, confezioner\u00f2 tutto questo materiale in un bel pacchetto facile da capire. Come al solito fate i vostri compiti, e poi uscite.<\/p>\n<h3 class=\"gbs-heading\">Zuschl\u00e4ge f\u00fcr Wohnungen<\/h3>\n<p>Nessuno. Che ne dite di una pausa?<\/p>","protected":false},"excerpt":{"rendered":"<p>Qualche parola sul Mazzo Singolo Nella lezione precedente, vi ho insegnato a calcolare il &#8220;true count&#8221; per un gioco con pi\u00f9 mazzi, ma intendo sottolineare che il concetto di true count si applica anche ai giochi con un solo mazzo. La conversione si f\u00e0 un po&#8217; differentemente, ma il risultato \u00e8 lo stesso; terminerete sempre [&hellip;]<\/p>\n","protected":false},"author":4,"featured_media":0,"parent":2715,"menu_order":0,"comment_status":"open","ping_status":"open","template":"page-blacjack-school-it.php","meta":{"_acf_changed":false,"footnotes":""},"tags":[],"class_list":["post-2769","page","type-page","status-publish","hentry"],"acf":[],"yoast_head":"<!-- This site is optimized with the Yoast SEO plugin v26.6 - https:\/\/yoast.com\/wordpress\/plugins\/seo\/ -->\n<title>Lezione 8 - Gestione dei Soldi - Parte 2<\/title>\n<meta name=\"description\" content=\"Qualche parola sul Mazzo Singolo Nella lezione precedente, vi ho insegnato a calcolare il &quot;true count&quot; per un gioco con pi\u00f9 mazzi, ma intendo sottolineare\" \/>\n<meta name=\"robots\" content=\"index, follow, max-snippet:-1, max-image-preview:large, max-video-preview:-1\" \/>\n<link rel=\"canonical\" href=\"https:\/\/www.blackjackinfo.com\/de\/blackjack-schule\/lektion-08-geldmanagement-teil-2\/\" \/>\n<meta property=\"og:locale\" content=\"de_DE\" \/>\n<meta property=\"og:type\" content=\"article\" \/>\n<meta property=\"og:title\" content=\"Lezione 8 - Gestione dei Soldi - Parte 2\" \/>\n<meta property=\"og:description\" content=\"Qualche parola sul Mazzo Singolo Nella lezione precedente, vi ho insegnato a calcolare il &quot;true count&quot; per un gioco con pi\u00f9 mazzi, ma intendo sottolineare\" \/>\n<meta property=\"og:url\" content=\"https:\/\/www.blackjackinfo.com\/de\/blackjack-schule\/lektion-08-geldmanagement-teil-2\/\" \/>\n<meta property=\"og:site_name\" content=\"BlackjackInfo.com\" \/>\n<meta property=\"article:modified_time\" content=\"2018-04-18T07:07:14+00:00\" \/>\n<meta name=\"twitter:label1\" content=\"Gesch\u00e4tzte Lesezeit\" \/>\n\t<meta name=\"twitter:data1\" content=\"5\u00a0Minuten\" \/>\n<script type=\"application\/ld+json\" class=\"yoast-schema-graph\">{\"@context\":\"https:\/\/schema.org\",\"@graph\":[{\"@type\":\"WebPage\",\"@id\":\"https:\/\/www.blackjackinfo.com\/blackjack-school\/lesson-08-money-management-part-2\/\",\"url\":\"https:\/\/www.blackjackinfo.com\/blackjack-school\/lesson-08-money-management-part-2\/\",\"name\":\"Lezione 8 - Gestione dei Soldi - Parte 2\",\"isPartOf\":{\"@id\":\"https:\/\/www.blackjackinfo.com\/#website\"},\"datePublished\":\"2017-03-13T02:11:45+00:00\",\"dateModified\":\"2018-04-18T07:07:14+00:00\",\"description\":\"Qualche parola sul Mazzo Singolo Nella lezione precedente, vi ho insegnato a calcolare il \\\"true count\\\" per un gioco con pi\u00f9 mazzi, ma intendo sottolineare\",\"breadcrumb\":{\"@id\":\"https:\/\/www.blackjackinfo.com\/blackjack-school\/lesson-08-money-management-part-2\/#breadcrumb\"},\"inLanguage\":\"de\",\"potentialAction\":[{\"@type\":\"ReadAction\",\"target\":[\"https:\/\/www.blackjackinfo.com\/blackjack-school\/lesson-08-money-management-part-2\/\"]}]},{\"@type\":\"BreadcrumbList\",\"@id\":\"https:\/\/www.blackjackinfo.com\/blackjack-school\/lesson-08-money-management-part-2\/#breadcrumb\",\"itemListElement\":[{\"@type\":\"ListItem\",\"position\":1,\"name\":\"Home\",\"item\":\"https:\/\/www.blackjackinfo.com\/\"},{\"@type\":\"ListItem\",\"position\":2,\"name\":\"La Scuola di Blackjack di GameMaster\",\"item\":\"https:\/\/www.it.blackjackinfo.com\/scuola-di-blackjack\/\"},{\"@type\":\"ListItem\",\"position\":3,\"name\":\"Lezione 8 &#8211; Gestione dei Soldi &#8211; Parte 2\"}]},{\"@type\":\"WebSite\",\"@id\":\"https:\/\/www.blackjackinfo.com\/#website\",\"url\":\"https:\/\/www.blackjackinfo.com\/\",\"name\":\"BlackjackInfo.com\",\"description\":\"Because Winning is More Fun!\",\"potentialAction\":[{\"@type\":\"SearchAction\",\"target\":{\"@type\":\"EntryPoint\",\"urlTemplate\":\"https:\/\/www.blackjackinfo.com\/?s={search_term_string}\"},\"query-input\":{\"@type\":\"PropertyValueSpecification\",\"valueRequired\":true,\"valueName\":\"search_term_string\"}}],\"inLanguage\":\"de\"}]}<\/script>\n<!-- \/ Yoast SEO plugin. -->","yoast_head_json":{"title":"Lektion 8 - Gestaltung des Soldatentums - Teil 2","description":"Ein kleiner Hinweis zum Mazzo Singolo In der vorangegangenen Lektion habe ich die Berechnung des \"wahren Z\u00e4hlers\" f\u00fcr ein Spiel mit mehreren Mazzi erkl\u00e4rt, wobei ich mich darauf beschr\u00e4nken wollte","robots":{"index":"index","follow":"follow","max-snippet":"max-snippet:-1","max-image-preview":"max-image-preview:large","max-video-preview":"max-video-preview:-1"},"canonical":"https:\/\/www.blackjackinfo.com\/de\/blackjack-schule\/lektion-08-geldmanagement-teil-2\/","og_locale":"de_DE","og_type":"article","og_title":"Lezione 8 - Gestione dei Soldi - Parte 2","og_description":"Qualche parola sul Mazzo Singolo Nella lezione precedente, vi ho insegnato a calcolare il \"true count\" per un gioco con pi\u00f9 mazzi, ma intendo sottolineare","og_url":"https:\/\/www.blackjackinfo.com\/de\/blackjack-schule\/lektion-08-geldmanagement-teil-2\/","og_site_name":"BlackjackInfo.com","article_modified_time":"2018-04-18T07:07:14+00:00","twitter_misc":{"Gesch\u00e4tzte Lesezeit":"5\u00a0Minuten"},"schema":{"@context":"https:\/\/schema.org","@graph":[{"@type":"WebPage","@id":"https:\/\/www.blackjackinfo.com\/blackjack-school\/lesson-08-money-management-part-2\/","url":"https:\/\/www.blackjackinfo.com\/blackjack-school\/lesson-08-money-management-part-2\/","name":"Lektion 8 - Gestaltung des Soldatentums - Teil 2","isPartOf":{"@id":"https:\/\/www.blackjackinfo.com\/#website"},"datePublished":"2017-03-13T02:11:45+00:00","dateModified":"2018-04-18T07:07:14+00:00","description":"Ein kleiner Hinweis zum Mazzo Singolo In der vorangegangenen Lektion habe ich die Berechnung des \"wahren Z\u00e4hlers\" f\u00fcr ein Spiel mit mehreren Mazzi erkl\u00e4rt, wobei ich mich darauf beschr\u00e4nken wollte","breadcrumb":{"@id":"https:\/\/www.blackjackinfo.com\/blackjack-school\/lesson-08-money-management-part-2\/#breadcrumb"},"inLanguage":"de","potentialAction":[{"@type":"ReadAction","target":["https:\/\/www.blackjackinfo.com\/blackjack-school\/lesson-08-money-management-part-2\/"]}]},{"@type":"BreadcrumbList","@id":"https:\/\/www.blackjackinfo.com\/blackjack-school\/lesson-08-money-management-part-2\/#breadcrumb","itemListElement":[{"@type":"ListItem","position":1,"name":"Home","item":"https:\/\/www.blackjackinfo.com\/"},{"@type":"ListItem","position":2,"name":"La Scuola di Blackjack di GameMaster","item":"https:\/\/www.it.blackjackinfo.com\/scuola-di-blackjack\/"},{"@type":"ListItem","position":3,"name":"Lezione 8 &#8211; Gestione dei Soldi &#8211; Parte 2"}]},{"@type":"WebSite","@id":"https:\/\/www.blackjackinfo.com\/#website","url":"https:\/\/www.blackjackinfo.com\/","name":"BlackjackInfo.de","description":"Denn Gewinnen macht mehr Spa\u00df!","potentialAction":[{"@type":"SearchAction","target":{"@type":"EntryPoint","urlTemplate":"https:\/\/www.blackjackinfo.com\/?s={search_term_string}"},"query-input":{"@type":"PropertyValueSpecification","valueRequired":true,"valueName":"search_term_string"}}],"inLanguage":"de"}]}},"_links":{"self":[{"href":"https:\/\/www.blackjackinfo.com\/de\/wp-json\/wp\/v2\/pages\/2769","targetHints":{"allow":["GET"]}}],"collection":[{"href":"https:\/\/www.blackjackinfo.com\/de\/wp-json\/wp\/v2\/pages"}],"about":[{"href":"https:\/\/www.blackjackinfo.com\/de\/wp-json\/wp\/v2\/types\/page"}],"author":[{"embeddable":true,"href":"https:\/\/www.blackjackinfo.com\/de\/wp-json\/wp\/v2\/users\/4"}],"replies":[{"embeddable":true,"href":"https:\/\/www.blackjackinfo.com\/de\/wp-json\/wp\/v2\/comments?post=2769"}],"version-history":[{"count":2,"href":"https:\/\/www.blackjackinfo.com\/de\/wp-json\/wp\/v2\/pages\/2769\/revisions"}],"predecessor-version":[{"id":2771,"href":"https:\/\/www.blackjackinfo.com\/de\/wp-json\/wp\/v2\/pages\/2769\/revisions\/2771"}],"up":[{"embeddable":true,"href":"https:\/\/www.blackjackinfo.com\/de\/wp-json\/wp\/v2\/pages\/2715"}],"wp:attachment":[{"href":"https:\/\/www.blackjackinfo.com\/de\/wp-json\/wp\/v2\/media?parent=2769"}],"wp:term":[{"taxonomy":"post_tag","embeddable":true,"href":"https:\/\/www.blackjackinfo.com\/de\/wp-json\/wp\/v2\/tags?post=2769"}],"curies":[{"name":"wp","href":"https:\/\/api.w.org\/{rel}","templated":true}]}}