{"id":2772,"date":"2017-03-12T21:26:18","date_gmt":"2017-03-13T02:26:18","guid":{"rendered":"https:\/\/www.blackjackinfo.com\/?page_id=2772\/"},"modified":"2018-04-18T02:07:14","modified_gmt":"2018-04-18T07:07:14","slug":"lezione-9-gestione-dei-soldi-parte-3","status":"publish","type":"page","link":"https:\/\/www.blackjackinfo.com\/de\/scuola-di-blackjack\/lezione-9-gestione-dei-soldi-parte-3\/","title":{"rendered":"Lektion 9 - Soldatent\u00e4tigkeit - Teil 3"},"content":{"rendered":"<h3 class=\"gbs-heading\">Zielsetzung und Abweichung Standard<\/h3>\n<p class=\"intro\">Se tirate in aria una moneta 100 volte, vi <b>aspetterete<\/b> di trovare 50 volte testa e 50 volte croce. Die Realit\u00e4t k\u00f6nnte aber auch anders aussehen; die Abweichung von dieser Realit\u00e4t wird als \"Standardabweichung\" bezeichnet.<\/p>\n<p><b>La Deviazione Standard \u00e8 un termine matematico usato per predire il risultato di una situazione.<\/b> Nel lancio precedente della moneta, ci aspettiamo che si verifichi 50 volte testa e 50 volte croce, ma per due terzi del tempo il risultato reale sar\u00e0, qualcosa fra 45 e 55 in entrambi i casi. Cio\u00e8 un risultato di 55 teste e 45 croci, o in questo intervallo, non \u00e8 raro; accadr\u00e0 infatti il 68.3% delle volte. Diese Abweichung entspricht einer Standardabweichung von unserer Vorhersage, d.h. wenn wir nur 100 Volumina an konsistenten \"Beweisen\" haben, k\u00f6nnen wir unsere Ergebnisse auf eine Kurve umlegen, in der der gr\u00f6\u00dfte Teil der Ergebnisse in allen F\u00e4llen zwischen 55 und 45 liegt. Es w\u00e4re schwierig, viele F\u00e4lle zu finden, in denen das Ergebnis tats\u00e4chlich 50-50 ist! Avete capito? Bene. Du musst dieses Thema so verstehen, dass du die Angst \u00fcberwinden kannst, die du bekommst, wenn du die Verluste, die in diesem Spiel unvermeidlich sind, feststellst.<\/p>\n<p><b>Non c'\u00e8 nulla che ha causato pi\u00f9 abbandoni da parte dei contatori al Blackjack che la mancata comprensione del normal verificarsi della deviazione standard.<\/b> Coloro che contano le carte e che si sono allenati duramente si aspettano irrealisticamente di vincere ogni volta che giocano, di conseguenza quando perdono diverse volte, si dimenticano ci\u00f2 che hanno imparato. Se poi stanno scommettendo oltre le loro disponibilit\u00e0 e giocano male le loro mani quando si svegliano dalla batosta i loro soldi sono gi\u00e0 spariti.<\/p>\n<h3 class=\"gbs-heading\">LA PAZIENZA E L'ABILITA' CI FANNO VINCERE - LE IMPRESSIONI E LE SPERANZE NON CI FANNO VINCERE. LE PREGHIERE NON FUNZIONANO CON IL BLACKJACK.<\/h3>\n<p><b>Quindi, cosa ci aspettiamo - qual'\u00e8 la peggior cosa che pu\u00f2 succederci?<\/b> Che si perdano tutti i soldi, ma se stabilite un budget di almeno 50 puntate 'massime', giocando correttamente la strategia base tutte le volte e non scommettendo oltre il limite, avrete delle buone possibilit\u00e0 di fare soldi al Blackjack - se il gioco nel casino che frequentate \u00e8 un gioco che pu\u00f2 essere battuto. Vi ho mai detto che ci\u00f2 sarebbe stato facile?<\/p>\n<p><b>Die Tabelle unten zeigt die m\u00f6glichen Ergebnisse in der zweiten Spielrunde f\u00fcr ein Spiel auf Augenh\u00f6he.<\/b> Insieme alle previsioni vengono mostrati i possibili risultati in dollari misurati da 1 deviazione standard (68.3% delle volte) e 2 deviazioni standard che coprono i casi per il 95% delle volte. Tre deviazioni standard coprono i casi per il 99.7% delle volte.<\/p>\n<hr \/>\n<p class=\"ctr\"><b>Vincite Previste \/ Deviazione Standard<\/b><br \/>\nIpotesi: $12 per scommessa media, 50 mani ogni ora,<br \/>\nvantaggio in media del 1.25%.<\/p>\n<table class=\"gbs-ctable\">\n<caption>\u00a0<\/caption>\n<tbody>\n<tr>\n<th><\/th>\n<th><\/th>\n<th colspan=\"2\" align=\"center\">Risultati<\/th>\n<\/tr>\n<tr>\n<th>Durata<\/th>\n<th>Vincit Previste<\/th>\n<th>68.3% delle volte<\/th>\n<th>95% delle volte<\/th>\n<\/tr>\n<tr>\n<td>3 Erz<\/td>\n<td>$22.50<\/td>\n<td>+$191 bis -$147<\/td>\n<td>+$360 bis -$316<\/td>\n<\/tr>\n<tr>\n<td>12 Erze<\/td>\n<td>$90.00<\/td>\n<td>+$428 bis -$248<\/td>\n<td>+$766 bis -$586<\/td>\n<\/tr>\n<tr>\n<td>48 Erze<\/td>\n<td>$360.00<\/td>\n<td>+$1,036 bis -$316<\/td>\n<td>+$1,710 bis -$992<\/td>\n<\/tr>\n<tr>\n<td>90 Erze<\/td>\n<td>$675.00<\/td>\n<td>+$1,600 bis -$250<\/td>\n<td>+$2,525 bis -$1,175<\/td>\n<\/tr>\n<\/tbody>\n<\/table>\n<hr \/>\n<p><b>Parliamo un po' di questo. Wenn Sie mehrere Hundert \"Sitzungen\" von jeweils 3 Tagen absolvieren, betr\u00e4gt die Mediengeb\u00fchr f\u00fcr diese Sitzungen etwa $22,50.<\/b> (Diese Frage ergibt sich aus dem Umstand, dass wir ein Intervall zwischen $5 und $60 verwenden, das bereits in den vorangegangenen Lektionen besprochen wurde). Einige Sitzungen k\u00f6nnen nicht ohne Weiteres $22.50 vincere; ca. zwei Drittel sind zwischen einer Vincita von $191 und einer Perdita von $147 angesiedelt. Viele der verbleibenden Sitzungen k\u00f6nnen aus h\u00f6heren Gewinnen als $360 oder aus Verlusten \u00fcber $316 bestehen, einige davon sind die gr\u00f6\u00dften Gewinne oder Verluste dieser Art! Haben Sie schon einmal dar\u00fcber nachgedacht, ob ein Budget von $3000 erforderlich ist, um einen Teil der Kosten zwischen $5 und $60 zu decken? Um erfolgreich zu sein, m\u00fcssen Sie in der Lage sein, die Verluste auszugleichen, die oft zu denjenigen geh\u00f6ren, die wir anstreben. Queste fluttuazioni sono reali; vi capiteranno una volta o un'altra e se non siete preparati, inizierete a sentirvi frustrati e perderete la vostra calma facendo saltare il vostro budget.<\/p>\n<p><b>Ora guardate i risultati per 90 ore di gioco. Viele von euch werden - in den meisten F\u00e4llen - nach mehreren Runden auf den gleichen Punkt kommen.<\/b> Pochi di voi saranno sopra i $2500, ma qualcuno potrebbe essere sotto i $1175 o ancora peggio. Ragazzi, in quel caso non vorrei sentire il nome con cui chiamerete il vecchio GameMaster! Ma pu\u00f2 succedere e se capita non potr\u00e0 considerarsi raro, quindi chiedetevi fin d'ora se siete in grado di giocare in maniera disciplinata per 90 ore, stando ancora in perdita e continuando a giocare e scommettere come vi ho insegnato. E' triste dirlo, ma molti di voi non saranno in grado di sopportarlo e diventerete un'altra vittima della deviazione standard. Ecco perch\u00e8 non ho paura che i casino falliscano, anche se ogni giocatore nel mondo contasse le carte - pochi avrebbero la pazienza di continuare cos\u00ec fino alla fine. Non voglio essere eccessivamente negativo, ma questa \u00e8 la realt\u00e0. Doch wenn Sie das tun, was ich Ihnen gesagt habe, werden die Prozente am Ende zu Ihren Gunsten ausfallen. Come dico di solito ai miei studenti, \"i soldi arrivano a 'pezzi' nel Blackjack\". Non si tratta di un modo lento e costante di fare soldi; il vostro budget, delle volte, sar\u00e0 come le montagne russe e risulter\u00e0 difficile amministrarlo se lo affrontate da un punto di vista emotivo.<\/p>\n<p><b>Stellen Sie sicher, dass Sie den Standardabweichungsgrad kennen und fahren Sie damit fort, Ihre Augen zu kalibrieren, indem Sie die \u00dcbungen f\u00fcr die Stimulierung Ihrer Augen durchf\u00fchren.<\/b> Come vi ho detto in precedenza, dovete essere precisi con un margine di errore di mezzo mazzo per calcolare il true count.<\/p>","protected":false},"excerpt":{"rendered":"<p>Aspettativa e Deviazione Standard Se tirate in aria una moneta 100 volte, vi aspetterete di trovare 50 volte testa e 50 volte croce. Ma la realt\u00e0 potrebbe essere differente; la misura di questa realt\u00e0 viene chiamata &#8220;deviazione standard&#8221;. La Deviazione Standard \u00e8 un termine matematico usato per predire il risultato di una situazione. Nel lancio [&hellip;]<\/p>\n","protected":false},"author":4,"featured_media":0,"parent":2715,"menu_order":0,"comment_status":"open","ping_status":"open","template":"page-blacjack-school-it.php","meta":{"_acf_changed":false,"footnotes":""},"tags":[],"class_list":["post-2772","page","type-page","status-publish","hentry"],"acf":[],"yoast_head":"<!-- This site is optimized with the Yoast SEO plugin v26.6 - https:\/\/yoast.com\/wordpress\/plugins\/seo\/ -->\n<title>Lezione 9 - Gestione dei Soldi - Parte 3<\/title>\n<meta name=\"description\" content=\"Aspettativa e Deviazione Standard Se tirate in aria una moneta 100 volte, vi aspetterete di trovare 50 volte testa e 50 volte croce. Ma la realt\u00e0 potrebbe\" \/>\n<meta name=\"robots\" content=\"index, follow, max-snippet:-1, max-image-preview:large, max-video-preview:-1\" \/>\n<link rel=\"canonical\" href=\"https:\/\/www.blackjackinfo.com\/de\/blackjack-schule\/lektion-09-geldmanagement-teil-3\/\" \/>\n<meta property=\"og:locale\" content=\"de_DE\" \/>\n<meta property=\"og:type\" content=\"article\" \/>\n<meta property=\"og:title\" content=\"Lezione 9 - Gestione dei Soldi - Parte 3\" \/>\n<meta property=\"og:description\" content=\"Aspettativa e Deviazione Standard Se tirate in aria una moneta 100 volte, vi aspetterete di trovare 50 volte testa e 50 volte croce. Ma la realt\u00e0 potrebbe\" \/>\n<meta property=\"og:url\" content=\"https:\/\/www.blackjackinfo.com\/de\/blackjack-schule\/lektion-09-geldmanagement-teil-3\/\" \/>\n<meta property=\"og:site_name\" content=\"BlackjackInfo.com\" \/>\n<meta property=\"article:modified_time\" content=\"2018-04-18T07:07:14+00:00\" \/>\n<meta name=\"twitter:label1\" content=\"Gesch\u00e4tzte Lesezeit\" \/>\n\t<meta name=\"twitter:data1\" content=\"4\u00a0Minuten\" \/>\n<script type=\"application\/ld+json\" class=\"yoast-schema-graph\">{\"@context\":\"https:\/\/schema.org\",\"@graph\":[{\"@type\":\"WebPage\",\"@id\":\"https:\/\/www.blackjackinfo.com\/blackjack-school\/lesson-09-money-management-part-3\/\",\"url\":\"https:\/\/www.blackjackinfo.com\/blackjack-school\/lesson-09-money-management-part-3\/\",\"name\":\"Lezione 9 - Gestione dei Soldi - Parte 3\",\"isPartOf\":{\"@id\":\"https:\/\/www.blackjackinfo.com\/#website\"},\"datePublished\":\"2017-03-13T02:26:18+00:00\",\"dateModified\":\"2018-04-18T07:07:14+00:00\",\"description\":\"Aspettativa e Deviazione Standard Se tirate in aria una moneta 100 volte, vi aspetterete di trovare 50 volte testa e 50 volte croce. Ma la realt\u00e0 potrebbe\",\"breadcrumb\":{\"@id\":\"https:\/\/www.blackjackinfo.com\/blackjack-school\/lesson-09-money-management-part-3\/#breadcrumb\"},\"inLanguage\":\"de\",\"potentialAction\":[{\"@type\":\"ReadAction\",\"target\":[\"https:\/\/www.blackjackinfo.com\/blackjack-school\/lesson-09-money-management-part-3\/\"]}]},{\"@type\":\"BreadcrumbList\",\"@id\":\"https:\/\/www.blackjackinfo.com\/blackjack-school\/lesson-09-money-management-part-3\/#breadcrumb\",\"itemListElement\":[{\"@type\":\"ListItem\",\"position\":1,\"name\":\"Home\",\"item\":\"https:\/\/www.blackjackinfo.com\/\"},{\"@type\":\"ListItem\",\"position\":2,\"name\":\"La Scuola di Blackjack di GameMaster\",\"item\":\"https:\/\/www.it.blackjackinfo.com\/scuola-di-blackjack\/\"},{\"@type\":\"ListItem\",\"position\":3,\"name\":\"Lezione 9 &#8211; Gestione dei Soldi &#8211; Parte 3\"}]},{\"@type\":\"WebSite\",\"@id\":\"https:\/\/www.blackjackinfo.com\/#website\",\"url\":\"https:\/\/www.blackjackinfo.com\/\",\"name\":\"BlackjackInfo.com\",\"description\":\"Because Winning is More Fun!\",\"potentialAction\":[{\"@type\":\"SearchAction\",\"target\":{\"@type\":\"EntryPoint\",\"urlTemplate\":\"https:\/\/www.blackjackinfo.com\/?s={search_term_string}\"},\"query-input\":{\"@type\":\"PropertyValueSpecification\",\"valueRequired\":true,\"valueName\":\"search_term_string\"}}],\"inLanguage\":\"de\"}]}<\/script>\n<!-- \/ Yoast SEO plugin. -->","yoast_head_json":{"title":"Lektion 9 - Gestaltung der Soldaten - Teil 3","description":"Aspettativa e Deviazione Standard Se tirate in aria una moneta 100 volte, vi aspetterete di trovare 50 volte testa e 50 volte croce. Die Realit\u00e4t k\u00f6nnte jedoch sein","robots":{"index":"index","follow":"follow","max-snippet":"max-snippet:-1","max-image-preview":"max-image-preview:large","max-video-preview":"max-video-preview:-1"},"canonical":"https:\/\/www.blackjackinfo.com\/de\/blackjack-schule\/lektion-09-geldmanagement-teil-3\/","og_locale":"de_DE","og_type":"article","og_title":"Lezione 9 - Gestione dei Soldi - Parte 3","og_description":"Aspettativa e Deviazione Standard Se tirate in aria una moneta 100 volte, vi aspetterete di trovare 50 volte testa e 50 volte croce. Ma la realt\u00e0 potrebbe","og_url":"https:\/\/www.blackjackinfo.com\/de\/blackjack-schule\/lektion-09-geldmanagement-teil-3\/","og_site_name":"BlackjackInfo.com","article_modified_time":"2018-04-18T07:07:14+00:00","twitter_misc":{"Gesch\u00e4tzte Lesezeit":"4\u00a0Minuten"},"schema":{"@context":"https:\/\/schema.org","@graph":[{"@type":"WebPage","@id":"https:\/\/www.blackjackinfo.com\/blackjack-school\/lesson-09-money-management-part-3\/","url":"https:\/\/www.blackjackinfo.com\/blackjack-school\/lesson-09-money-management-part-3\/","name":"Lektion 9 - Gestaltung der Soldaten - Teil 3","isPartOf":{"@id":"https:\/\/www.blackjackinfo.com\/#website"},"datePublished":"2017-03-13T02:26:18+00:00","dateModified":"2018-04-18T07:07:14+00:00","description":"Aspettativa e Deviazione Standard Se tirate in aria una moneta 100 volte, vi aspetterete di trovare 50 volte testa e 50 volte croce. Die Realit\u00e4t k\u00f6nnte jedoch sein","breadcrumb":{"@id":"https:\/\/www.blackjackinfo.com\/blackjack-school\/lesson-09-money-management-part-3\/#breadcrumb"},"inLanguage":"de","potentialAction":[{"@type":"ReadAction","target":["https:\/\/www.blackjackinfo.com\/blackjack-school\/lesson-09-money-management-part-3\/"]}]},{"@type":"BreadcrumbList","@id":"https:\/\/www.blackjackinfo.com\/blackjack-school\/lesson-09-money-management-part-3\/#breadcrumb","itemListElement":[{"@type":"ListItem","position":1,"name":"Home","item":"https:\/\/www.blackjackinfo.com\/"},{"@type":"ListItem","position":2,"name":"La Scuola di Blackjack di GameMaster","item":"https:\/\/www.it.blackjackinfo.com\/scuola-di-blackjack\/"},{"@type":"ListItem","position":3,"name":"Lezione 9 &#8211; Gestione dei Soldi &#8211; Parte 3"}]},{"@type":"WebSite","@id":"https:\/\/www.blackjackinfo.com\/#website","url":"https:\/\/www.blackjackinfo.com\/","name":"BlackjackInfo.de","description":"Denn Gewinnen macht mehr Spa\u00df!","potentialAction":[{"@type":"SearchAction","target":{"@type":"EntryPoint","urlTemplate":"https:\/\/www.blackjackinfo.com\/?s={search_term_string}"},"query-input":{"@type":"PropertyValueSpecification","valueRequired":true,"valueName":"search_term_string"}}],"inLanguage":"de"}]}},"_links":{"self":[{"href":"https:\/\/www.blackjackinfo.com\/de\/wp-json\/wp\/v2\/pages\/2772","targetHints":{"allow":["GET"]}}],"collection":[{"href":"https:\/\/www.blackjackinfo.com\/de\/wp-json\/wp\/v2\/pages"}],"about":[{"href":"https:\/\/www.blackjackinfo.com\/de\/wp-json\/wp\/v2\/types\/page"}],"author":[{"embeddable":true,"href":"https:\/\/www.blackjackinfo.com\/de\/wp-json\/wp\/v2\/users\/4"}],"replies":[{"embeddable":true,"href":"https:\/\/www.blackjackinfo.com\/de\/wp-json\/wp\/v2\/comments?post=2772"}],"version-history":[{"count":1,"href":"https:\/\/www.blackjackinfo.com\/de\/wp-json\/wp\/v2\/pages\/2772\/revisions"}],"predecessor-version":[{"id":2773,"href":"https:\/\/www.blackjackinfo.com\/de\/wp-json\/wp\/v2\/pages\/2772\/revisions\/2773"}],"up":[{"embeddable":true,"href":"https:\/\/www.blackjackinfo.com\/de\/wp-json\/wp\/v2\/pages\/2715"}],"wp:attachment":[{"href":"https:\/\/www.blackjackinfo.com\/de\/wp-json\/wp\/v2\/media?parent=2772"}],"wp:term":[{"taxonomy":"post_tag","embeddable":true,"href":"https:\/\/www.blackjackinfo.com\/de\/wp-json\/wp\/v2\/tags?post=2772"}],"curies":[{"name":"wp","href":"https:\/\/api.w.org\/{rel}","templated":true}]}}