{"id":2776,"date":"2017-03-12T21:41:15","date_gmt":"2017-03-13T02:41:15","guid":{"rendered":"https:\/\/www.blackjackinfo.com\/?page_id=2776\/"},"modified":"2018-04-18T02:07:13","modified_gmt":"2018-04-18T07:07:13","slug":"lezione-11-valutazione-dei-giochi","status":"publish","type":"page","link":"https:\/\/www.blackjackinfo.com\/de\/scuola-di-blackjack\/lezione-11-valutazione-dei-giochi\/","title":{"rendered":"Lektion 11 - Bewertung der Werke"},"content":{"rendered":"<p class=\"intro\"><b>Sebbene tutti i giochi di Blackjack possono essere in definitiva sconfitti, la ricompensa che andrete a guadagnare dalle situazioni marginali potrebbe non ricompensarvi adeguatamente per il tempo e il rischio corso.<\/b> Deshalb sollte man ein Spiel vor dem Spielen auf verschiedene Arten bewerten. Die Hauptinteressensgebiete sind die Spielregeln, einschlie\u00dflich der Anzahl der benutzten Mazzi und der Zusammenstellung der Trennkarten, die ich als \"Durchdringung\" bezeichne.<\/p>\n<p>Die Umstellung der Regeln erfordert eine Umstellung der Basisstrategie, d.h. es ist nicht m\u00f6glich, die <a href=\"https:\/\/www.blackjackinfo.com\/it\/bjbse.php\">\"Calcolatore della Strategia Base\"<\/a>. I cambiamenti delle regole possono influenzare la pianificazione delle scommesse.<\/p>\n<h3 class=\"gbs-heading\">Auswirkungen der \u00c4nderung von Vorschriften auf den Gewinn von Spielern<\/h3>\n<p>(Nehmen wir an, wir spielen mit 6 M\u00e4usen, Raddopplung auf den ersten beiden Karten, Raddopplung nach der Teilung, die nicht genehmigt ist, Teilung der Paare, die genehmigt sind, bis auf die Assi, die Versicherung, die zur Verf\u00fcgung steht, und die Bank, die mit einem Asso-6 aufl\u00e4uft. Questo d\u00e0 un vantaggio di -0.54% per il giocatore.)<\/p>\n<table class=\"gbs-ctable\">\n<tbody>\n<tr>\n<th>\u00c4nderungen zur Unterst\u00fctzung des Spielers<\/th>\n<th>Ver\u00e4nderungen der Wahrscheinlichkeitsrechnung<\/th>\n<\/tr>\n<tr>\n<td>Raddoppio dopo divisione concesso<\/td>\n<td>+.14%<\/td>\n<\/tr>\n<tr>\n<td>Ridivisioni Assi<\/td>\n<td>+.07%<\/td>\n<\/tr>\n<tr>\n<td>Resa anticipata vs tutto<\/td>\n<td>+.70%<\/td>\n<\/tr>\n<tr>\n<td>Resa anticipata vs 10<\/td>\n<td>+.30%<\/td>\n<\/tr>\n<tr>\n<td>Resa posticipata<\/td>\n<td>+.08%<\/td>\n<\/tr>\n<tr>\n<td>Un Solo Mazzo<\/td>\n<td>+.50%<\/td>\n<\/tr>\n<tr>\n<td>Due Mazzi<\/td>\n<td>+.20%<\/td>\n<\/tr>\n<tr>\n<td>Quattro Mazzi<\/td>\n<td>+.05%<\/td>\n<\/tr>\n<\/tbody>\n<\/table>\n<table class=\"gbs-ctable\">\n<tbody>\n<tr>\n<th>\u00c4nderungen, die den Spieler beeintr\u00e4chtigen<\/th>\n<th>Ver\u00e4nderungen der Wahrscheinlichkeitsrechnung<\/th>\n<\/tr>\n<tr>\n<td>Banco tira con un A-6<\/td>\n<td>-.20%<\/td>\n<\/tr>\n<tr>\n<td>Raddoppio Solo con 11<\/td>\n<td>-.46%<\/td>\n<\/tr>\n<tr>\n<td>Raddoppio Solo con 10,11<\/td>\n<td>-.09%<\/td>\n<\/tr>\n<tr>\n<td>Raddoppio Solo mit 9,10,11<\/td>\n<td>-.09%<\/td>\n<\/tr>\n<tr>\n<td>Keinerlei Aufteilung der K\u00f6pfe<\/td>\n<td>-.04%<\/td>\n<\/tr>\n<tr>\n<td>Keine Zusicherung (wenn Sie die Karten behalten)<\/td>\n<td>-.40%<\/td>\n<\/tr>\n<\/tbody>\n<\/table>\n<p><b>Um den Gewinn des Casinos im Vergleich zu Ihnen zu Beginn des Spiels zu ermitteln, m\u00fcssen Sie die Variation der Spielregeln im oben genannten Spiel hinzuf\u00fcgen oder ausschalten.<\/b> Wenn Sie z.B. mit zwei Mazzi mit denselben Spielregeln des Basis-Spiels spielen, wird der Gewinn des Casinos wie folgt berechnet.<\/p>\n<div class=\"ctr\">\n<p class=\"gbs-big\">Gioco Sockel -.54%<br \/>\nDue Mazzi +.20%<br \/>\n_____________________<br \/>\nVantaggio del Giocatore -.34%<\/p>\n<h3 class=\"gbs-heading\">Auswirkungen des Eindringens von Mazzo<\/h3>\n<p><b>Per quanto a lungo il croupier distribuir\u00e0 le carte del mazzo(i) prima di mischiarle pu\u00f2 avere un grande effetto sulle vostre vincite.<\/b> Das Problem besteht darin, dass bei einem geringen Durchdringungsgrad die \"alten\" Ergebnisse, die es erm\u00f6glichen, mehr zu erkennen, in den F\u00e4llen, in denen die Vermischung schnell erfolgt, weniger nachgewiesen werden. In der Tabelle unten sehen Sie die prozentuale H\u00e4ufigkeit, mit der die Ergebnisse bei unterschiedlichen Durchdringungsgraden \u00fcberpr\u00fcft werden.<\/p>\n<table class=\"gbs-ctable\">\n<tbody>\n<tr>\n<th colspan=\"6\">Frequenze Percentuali a...<\/th>\n<\/tr>\n<tr>\n<td>Wahre Zahl<\/td>\n<td>50%<\/td>\n<td>65%<\/td>\n<td>75%<\/td>\n<td>85% Durchdringung<\/td>\n<\/tr>\n<tr>\n<td>+1<\/td>\n<td>15<\/td>\n<td>15<\/td>\n<td>13<\/td>\n<td>13<\/td>\n<\/tr>\n<tr>\n<td>+2<\/td>\n<td>8<\/td>\n<td>7<\/td>\n<td>8<\/td>\n<td>8<\/td>\n<\/tr>\n<tr>\n<td>+3<\/td>\n<td>3<\/td>\n<td>4<\/td>\n<td>4<\/td>\n<td>5<\/td>\n<\/tr>\n<tr>\n<td>+4<\/td>\n<td>1.5<\/td>\n<td>2.5<\/td>\n<td>3<\/td>\n<td>4<\/td>\n<\/tr>\n<tr>\n<td>+5<\/td>\n<td>1<\/td>\n<td>1<\/td>\n<td>2<\/td>\n<td>2<\/td>\n<\/tr>\n<tr>\n<td>+6<\/td>\n<td>.5<\/td>\n<td>1<\/td>\n<td>2<\/td>\n<td>2<\/td>\n<\/tr>\n<tr>\n<td>+7<\/td>\n<td>0<\/td>\n<td>.5<\/td>\n<td>1<\/td>\n<td>1.5<\/td>\n<\/tr>\n<tr>\n<td>+8<\/td>\n<td>0<\/td>\n<td>0<\/td>\n<td>.5<\/td>\n<td>1<\/td>\n<\/tr>\n<tr>\n<td>+9<\/td>\n<td>0<\/td>\n<td>0<\/td>\n<td>0<\/td>\n<td>.5<\/td>\n<\/tr>\n<tr>\n<td>+10<\/td>\n<td>0<\/td>\n<td>0<\/td>\n<td>0<\/td>\n<td>.5<\/td>\n<\/tr>\n<\/tbody>\n<\/table>\n<p><b>Esaminiamo ci\u00f2 che sto cercando di dirvi con questa tabella.<\/b> Bei einem Spiel mit nur 50% Durchschlagskraft haben von 100 Spielern nur 29 einen gleichwertigen oder h\u00f6heren True Count als 1. Wenn also ein True Count von 1 erforderlich ist, um mit der Bank gleichzuziehen, gibt es nur 14 Spieler, die einen Vorteil haben. Ora guardate alle statistiche per un gioco con l'85% di penetrazione. In diesem Fall sind ca. 37,5% der Spieler gleichauf oder im Vorteil und fast ein Viertel der Spieler ist im Vorteil.<\/p>\n<h3 class=\"gbs-heading\">WENN SIE MIT EINER GERINGEREN DURCHDRINGUNGSRATE ALS 65% SPIELEN, K\u00d6NNEN SIE NUR ZEIT UND GELD VERLIEREN.<\/h3>\n<p><b>Auch wenn ein Spiel nicht die besten Spielregeln bietet, kann es durchaus sinnvoll sein, es zu spielen, wenn eine gute Durchdringung vorhanden ist.<\/b> Du solltest immer ein Spiel spielen, bei dem das Ergebnis unter einem True Count von weniger als 1 liegt, weil du viel Zeit mit Spielen und dem Erzielen von Gewinnen in der so genannten \"Gewinnzone\" vergeudest.<\/p>\n<h3 class=\"gbs-heading\">Zuschl\u00e4ge f\u00fcr Wohnungen<\/h3>\n<p>Calcolate il vantaggio iniziale per il giocatore per i seguenti:<\/p>\n<ul>\n<li>Un solo mazzo, raddoppio solo con i 10 e 11 e il banco tira con un A-6. Ridivisione permessa (ad eccezione degli Assi) e assicurazione disponibile.<\/li>\n<li>Sei mazzi, il banco si ferma con un A-6, raddoppio consentito per ogni due carte iniziali, raddoppio dopo la divisione consentito, divisioni successive permesse, inclusi gli Assi e assicurazione disponibile.<\/li>\n<li>Due mazzi, raddoppio per ognuna delle due carte iniziali, divisioni successive di coppie non permesso, raddoppio dopo la divisione non concesso, resa in ritardo e assicurazione disponibile.<\/li>\n<\/ul>\n<p>Pubblicher\u00f2 le risposte corrette di questo quiz nella prossima lezione.<\/p>","protected":false},"excerpt":{"rendered":"<p>Sebbene tutti i giochi di Blackjack possono essere in definitiva sconfitti, la ricompensa che andrete a guadagnare dalle situazioni marginali potrebbe non ricompensarvi adeguatamente per il tempo e il rischio corso. Perci\u00f2, dovreste valutare un gioco in diversi modi prima di giocarlo. Due aree principali di interesse sono le regole del gioco, incluso il numero [&hellip;]<\/p>\n","protected":false},"author":4,"featured_media":0,"parent":2715,"menu_order":0,"comment_status":"open","ping_status":"open","template":"page-blacjack-school-it.php","meta":{"_acf_changed":false,"footnotes":""},"tags":[],"class_list":["post-2776","page","type-page","status-publish","hentry"],"acf":[],"yoast_head":"<!-- This site is optimized with the Yoast SEO plugin v26.6 - https:\/\/yoast.com\/wordpress\/plugins\/seo\/ -->\n<title>Lezione 11 - Valutazione dei Giochi<\/title>\n<meta name=\"description\" content=\"Sebbene tutti i giochi di Blackjack possono essere in definitiva sconfitti, la ricompensa che andrete a guadagnare dalle situazioni marginali potrebbe non\" \/>\n<meta name=\"robots\" content=\"index, follow, max-snippet:-1, max-image-preview:large, max-video-preview:-1\" \/>\n<link rel=\"canonical\" href=\"https:\/\/www.blackjackinfo.com\/de\/blackjack-schule\/lektion-11-bewertung-von-spielen\/\" \/>\n<meta property=\"og:locale\" content=\"de_DE\" \/>\n<meta property=\"og:type\" content=\"article\" \/>\n<meta property=\"og:title\" content=\"Lezione 11 - Valutazione dei Giochi\" \/>\n<meta property=\"og:description\" content=\"Sebbene tutti i giochi di Blackjack possono essere in definitiva sconfitti, la ricompensa che andrete a guadagnare dalle situazioni marginali potrebbe non\" \/>\n<meta property=\"og:url\" content=\"https:\/\/www.blackjackinfo.com\/de\/blackjack-schule\/lektion-11-bewertung-von-spielen\/\" \/>\n<meta property=\"og:site_name\" content=\"BlackjackInfo.com\" \/>\n<meta property=\"article:modified_time\" content=\"2018-04-18T07:07:13+00:00\" \/>\n<meta name=\"twitter:label1\" content=\"Gesch\u00e4tzte Lesezeit\" \/>\n\t<meta name=\"twitter:data1\" content=\"3\u00a0Minuten\" \/>\n<script type=\"application\/ld+json\" class=\"yoast-schema-graph\">{\"@context\":\"https:\/\/schema.org\",\"@graph\":[{\"@type\":\"WebPage\",\"@id\":\"https:\/\/www.blackjackinfo.com\/blackjack-school\/lesson-11-evaluating-games\/\",\"url\":\"https:\/\/www.blackjackinfo.com\/blackjack-school\/lesson-11-evaluating-games\/\",\"name\":\"Lezione 11 - Valutazione dei Giochi\",\"isPartOf\":{\"@id\":\"https:\/\/www.blackjackinfo.com\/#website\"},\"datePublished\":\"2017-03-13T02:41:15+00:00\",\"dateModified\":\"2018-04-18T07:07:13+00:00\",\"description\":\"Sebbene tutti i giochi di Blackjack possono essere in definitiva sconfitti, la ricompensa che andrete a guadagnare dalle situazioni marginali potrebbe non\",\"breadcrumb\":{\"@id\":\"https:\/\/www.blackjackinfo.com\/blackjack-school\/lesson-11-evaluating-games\/#breadcrumb\"},\"inLanguage\":\"de\",\"potentialAction\":[{\"@type\":\"ReadAction\",\"target\":[\"https:\/\/www.blackjackinfo.com\/blackjack-school\/lesson-11-evaluating-games\/\"]}]},{\"@type\":\"BreadcrumbList\",\"@id\":\"https:\/\/www.blackjackinfo.com\/blackjack-school\/lesson-11-evaluating-games\/#breadcrumb\",\"itemListElement\":[{\"@type\":\"ListItem\",\"position\":1,\"name\":\"Home\",\"item\":\"https:\/\/www.blackjackinfo.com\/\"},{\"@type\":\"ListItem\",\"position\":2,\"name\":\"La Scuola di Blackjack di GameMaster\",\"item\":\"https:\/\/www.it.blackjackinfo.com\/scuola-di-blackjack\/\"},{\"@type\":\"ListItem\",\"position\":3,\"name\":\"Lezione 11 &#8211; Valutazione dei Giochi\"}]},{\"@type\":\"WebSite\",\"@id\":\"https:\/\/www.blackjackinfo.com\/#website\",\"url\":\"https:\/\/www.blackjackinfo.com\/\",\"name\":\"BlackjackInfo.com\",\"description\":\"Because Winning is More Fun!\",\"potentialAction\":[{\"@type\":\"SearchAction\",\"target\":{\"@type\":\"EntryPoint\",\"urlTemplate\":\"https:\/\/www.blackjackinfo.com\/?s={search_term_string}\"},\"query-input\":{\"@type\":\"PropertyValueSpecification\",\"valueRequired\":true,\"valueName\":\"search_term_string\"}}],\"inLanguage\":\"de\"}]}<\/script>\n<!-- \/ Yoast SEO plugin. -->","yoast_head_json":{"title":"Lektion 11 - Bewertung der Werke","description":"Auch wenn alle Blackjack-Spiele in jedem Fall erfolgreich sein k\u00f6nnen, kann der Gewinn, den man aus den Grenzsituationen ziehen kann, nicht","robots":{"index":"index","follow":"follow","max-snippet":"max-snippet:-1","max-image-preview":"max-image-preview:large","max-video-preview":"max-video-preview:-1"},"canonical":"https:\/\/www.blackjackinfo.com\/de\/blackjack-schule\/lektion-11-bewertung-von-spielen\/","og_locale":"de_DE","og_type":"article","og_title":"Lezione 11 - Valutazione dei Giochi","og_description":"Sebbene tutti i giochi di Blackjack possono essere in definitiva sconfitti, la ricompensa che andrete a guadagnare dalle situazioni marginali potrebbe non","og_url":"https:\/\/www.blackjackinfo.com\/de\/blackjack-schule\/lektion-11-bewertung-von-spielen\/","og_site_name":"BlackjackInfo.com","article_modified_time":"2018-04-18T07:07:13+00:00","twitter_misc":{"Gesch\u00e4tzte Lesezeit":"3\u00a0Minuten"},"schema":{"@context":"https:\/\/schema.org","@graph":[{"@type":"WebPage","@id":"https:\/\/www.blackjackinfo.com\/blackjack-school\/lesson-11-evaluating-games\/","url":"https:\/\/www.blackjackinfo.com\/blackjack-school\/lesson-11-evaluating-games\/","name":"Lektion 11 - Bewertung der Werke","isPartOf":{"@id":"https:\/\/www.blackjackinfo.com\/#website"},"datePublished":"2017-03-13T02:41:15+00:00","dateModified":"2018-04-18T07:07:13+00:00","description":"Auch wenn alle Blackjack-Spiele in jedem Fall erfolgreich sein k\u00f6nnen, kann der Gewinn, den man aus den Grenzsituationen ziehen kann, nicht","breadcrumb":{"@id":"https:\/\/www.blackjackinfo.com\/blackjack-school\/lesson-11-evaluating-games\/#breadcrumb"},"inLanguage":"de","potentialAction":[{"@type":"ReadAction","target":["https:\/\/www.blackjackinfo.com\/blackjack-school\/lesson-11-evaluating-games\/"]}]},{"@type":"BreadcrumbList","@id":"https:\/\/www.blackjackinfo.com\/blackjack-school\/lesson-11-evaluating-games\/#breadcrumb","itemListElement":[{"@type":"ListItem","position":1,"name":"Home","item":"https:\/\/www.blackjackinfo.com\/"},{"@type":"ListItem","position":2,"name":"La Scuola di Blackjack di GameMaster","item":"https:\/\/www.it.blackjackinfo.com\/scuola-di-blackjack\/"},{"@type":"ListItem","position":3,"name":"Lezione 11 &#8211; Valutazione dei Giochi"}]},{"@type":"WebSite","@id":"https:\/\/www.blackjackinfo.com\/#website","url":"https:\/\/www.blackjackinfo.com\/","name":"BlackjackInfo.de","description":"Denn Gewinnen macht mehr Spa\u00df!","potentialAction":[{"@type":"SearchAction","target":{"@type":"EntryPoint","urlTemplate":"https:\/\/www.blackjackinfo.com\/?s={search_term_string}"},"query-input":{"@type":"PropertyValueSpecification","valueRequired":true,"valueName":"search_term_string"}}],"inLanguage":"de"}]}},"_links":{"self":[{"href":"https:\/\/www.blackjackinfo.com\/de\/wp-json\/wp\/v2\/pages\/2776","targetHints":{"allow":["GET"]}}],"collection":[{"href":"https:\/\/www.blackjackinfo.com\/de\/wp-json\/wp\/v2\/pages"}],"about":[{"href":"https:\/\/www.blackjackinfo.com\/de\/wp-json\/wp\/v2\/types\/page"}],"author":[{"embeddable":true,"href":"https:\/\/www.blackjackinfo.com\/de\/wp-json\/wp\/v2\/users\/4"}],"replies":[{"embeddable":true,"href":"https:\/\/www.blackjackinfo.com\/de\/wp-json\/wp\/v2\/comments?post=2776"}],"version-history":[{"count":2,"href":"https:\/\/www.blackjackinfo.com\/de\/wp-json\/wp\/v2\/pages\/2776\/revisions"}],"predecessor-version":[{"id":2778,"href":"https:\/\/www.blackjackinfo.com\/de\/wp-json\/wp\/v2\/pages\/2776\/revisions\/2778"}],"up":[{"embeddable":true,"href":"https:\/\/www.blackjackinfo.com\/de\/wp-json\/wp\/v2\/pages\/2715"}],"wp:attachment":[{"href":"https:\/\/www.blackjackinfo.com\/de\/wp-json\/wp\/v2\/media?parent=2776"}],"wp:term":[{"taxonomy":"post_tag","embeddable":true,"href":"https:\/\/www.blackjackinfo.com\/de\/wp-json\/wp\/v2\/tags?post=2776"}],"curies":[{"name":"wp","href":"https:\/\/api.w.org\/{rel}","templated":true}]}}