{"id":2779,"date":"2017-03-12T21:47:47","date_gmt":"2017-03-13T02:47:47","guid":{"rendered":"https:\/\/www.blackjackinfo.com\/?page_id=2779\/"},"modified":"2018-04-18T02:07:13","modified_gmt":"2018-04-18T07:07:13","slug":"lezione-12-tattiche-da-gioco-del-casino","status":"publish","type":"page","link":"https:\/\/www.blackjackinfo.com\/de\/scuola-di-blackjack\/lezione-12-tattiche-da-gioco-del-casino\/","title":{"rendered":"Lektion 12 - Spielkarten f\u00fcr das Casino"},"content":{"rendered":"<h3 class=\"gbs-heading\">Wie lauten die Spielregeln f\u00fcr das Casino?<\/h3>\n<p class=\"intro\"><b>Es ist ein gro\u00dfes Ungl\u00fcck, dass die Spieler im Casino, sowohl die Spieler am Spieltisch als auch die Spieler am Tisch, keine Freude an den Blackjack-Spielen haben, die mit den Karten spielen.<\/b> Sanno benissimo che il gioco pu\u00f2 essere sconfitto da un bravo giocatore, di conseguenza la loro reazione verso un giocatore che vince e che quindi \u00e8 sospettato di essere un contatore dipende da quanta paranoia hanno, pu\u00f2 variare da un controllo rigoroso ('caldo') fino all'allontanamento a titolo definitivo di quel giocatore. Infolgedessen muss ein erfahrener Spieler seine F\u00e4higkeiten \u00fcberdenken und w\u00e4hrend des Spiels wie ein anderer \"Verlierer\" erscheinen. Die Spieltipps des Casinos helfen dabei, unsere Technik zu beherrschen und erm\u00f6glichen es, weiter zu spielen.<\/p>\n<h3 class=\"gbs-heading\">Das Profil des Casinos f\u00fcr einen Kunden<\/h3>\n<p>I sorveglianti del Casino credono di aver delineato il profilo dei contatori di carte e pensano di poterli individuare grazie al loro comportamento. Anche se la lista \u00e8 lunga, ecco alcuni dei loro pregiudizi:<\/p>\n<ol>\n<li>I contatori di carte sono di solito giovani, uomini di razza bianca (probabilmente con la barba) che si vestono in modo molto casual per la quantit\u00e0 di denaro che gli gira intorno.<\/li>\n<li>I contatori di carte 'esplorano' prima i tavoli cercando un conteggio favorevole prima di sedersi.<\/li>\n<li>Un contatore cambier\u00e0 $200-300 di fiches, ma dopo scommetter\u00e0 solo $5 o $10 alla prima mano.<\/li>\n<li>I Contatori non parlano con nessuno; hanno sempre lo sguardo fisso al box di scarto e analizzano il tavolo verificando il conteggio.<\/li>\n<li>I contatori non fumano n\u00e8 bevono alcolici.<\/li>\n<li>I contatori pensano un po' prima di fare la loro puntata.<\/li>\n<li>Un contatore non ha alcuna esitazione quando deve giocare una mano 'difficile'.<\/li>\n<li>Un contatore non prende mai l'assicurazione quando ha puntato una piccola somma, ma la prende quando la scommessa \u00e8 alta, indipendentemente dalla sua mano.<\/li>\n<li>Un contatore varia le sue puntate oltre un 'parlay'.<\/li>\n<li>I contatori non danno la mancia al croupier.<\/li>\n<li>Un contatore ritira una grossa puntata e l'abbassa su una 'patta' o quando lo shoe termina.<\/li>\n<li>Un contatore fa sempre una puntata minima alla prima mano di un nuovo shoe appena mischiato.<\/li>\n<\/ol>\n<h3 class=\"gbs-heading\">Mimetizzazione di un Contatore di Carte<\/h3>\n<p><b>Per fare soldi al Blackjack, dovrete verificare il modo in cui venite accolti ai casino.<\/b> Auch wenn Sie bei den ersten Spielen, die Sie als Spieler absolvieren, das Gef\u00fchl haben, dass ein gro\u00dfes \"C\" an Ihrer Seite ist, ist es in Wirklichkeit nicht so, und wenn Sie sich vor Fehlern von \"Hauptpersonen\" h\u00fcten, werden die Spielleiter des Casinos Ihnen wahrscheinlich keine Beachtung schenken.<\/p>\n<p><b>Wenn Sie gro\u00dfe Spiele spielen, werden Sie wahrscheinlich nicht nur als Sieger, sondern auch als Verlierer notiert; die alten Spiele der Spieler werden immer notiert.<\/b> Ma, se avete iniziato con lo scarto tra $5 e $60 che vi ho consigliato, probabilmente non sarete notati affatto. Quanto spesso giocherete in un particolare casino ha molto a che fare con questo. Ricordate che molti casino hanno almeno due shift, quindi cercate di dividere il vostro gioco tra i casino e gli shift. <b>EVITATE DI GIOCARE DA UNO SHIFT AD UN ALTRO.<\/b> Cercate di fare delle sessioni abbastanza corte, ed impiegheranno molto tempo, sia a cominciare che a capire cosa state facendo.<\/p>\n<p>Der richtige Weg, um die Casinomitarbeiter zu gewinnen, besteht darin, selbst so zu erscheinen, als ob man einen anderen Spieler h\u00e4tte. Ecco alcune delle tecniche che uso di solito.<\/p>\n<ol>\n<li>Vestitevi in modo appropriato secondo il livello delle vostre puntate. Una 'balena' dovr\u00e0 sembrare una persona prospera e non, come dice qualcuno, \"come un supplente in ferie.\" Se andate in un casino in un giorno, durante la settimana, vestitevi come una persona d'affari che non \u00e8 andata a lavorare in ufficio. NON vestitevi come un turista (un travestimento molto efficace) se vi vedranno di nuovo la settimana seguente.<\/li>\n<li>Quando entrate in un casino, camminate direttamente verso un tavolo in cui il croupier sta mischiando le carte e sedetevi. Parlate con il croupier, o almeno ditegli \"ciao\".<\/li>\n<li>Se state giocando con una puntata minima di $5, cambiate meno di $100, ma pi\u00f9 di $40. Verwenden Sie keine Bezeichnungen wie \"rosse\" oder \"verdi\"; \"nickel\" oder \"quarti\". Chiamate le fiches con fiches da $5 o da $25.<\/li>\n<li>Bestellen Sie nichts von den Spielern im Casino; es ist sehr teuer, und wenn das Casino nicht funktioniert, m\u00fcssen Sie sich mit dem Spielen begn\u00fcgen, w\u00e4hrend Sie den Cocktail trinken. Quindi, ordinate bibite analcoliche al bar (O'Doul's, succo d'arancia, o qualsiasi cosa con il lime) e portatelo con voi.<\/li>\n<li>Cercate di avere sempre una puntata nell'apposito cerchietto per le scommesse. Richten Sie sich darauf ein, dass nur die Spieler denken, wie sie spielen sollen; die Spieler, die spielen, haben nur etwas dabei. Se nella mano sballate o fate Blackjack, scommettete la vostra prossima puntata mentre il croupier sta giocando la sua mano. In der Praxis wird der eigene Einsatz immer der richtige sein, aber es scheint nicht so, als ob man nicht viel nachdenken w\u00fcrde, wenn man die eigenen Eins\u00e4tze macht.<\/li>\n<li>I giocatori d'azzardo non lasciano MAI un tavolo dopo una vincita. Wenn das Spiel auf -1 gesunken ist, spielen Sie mit dem kleinsten Punkt weiter, bis Sie eine Hand verloren haben.<\/li>\n<li>Esitate prima di giocare una mano 'difficile'. Parlare alle carte aiuta.<\/li>\n<li>Saltuariamente, se avete scommesso con la puntata minima e il dealer mostra un Asso allora fate l'assicurazione. Non chiedete i 'soldi alla pari'; con dei gesti fate finta di non sapere come funzioni. Dies f\u00fchrt dazu, dass der Croupier in Zukunft w\u00e4hrend der Spiele f\u00fcr die Versicherung mehr Zeit hat, um den wahren Wert zu berechnen. E' bene fare questa assicurazione 'minima' quando un sorvegliante sta guardando il tavolo.<\/li>\n<li>Se intendete fare una puntata per il croupier (qualcosa che dovreste fare con parsimonia), aspettate fino a quando il conteggio \u00e8 alto e avete scommesso una bella somma. Wenn Sie in dieser Situation einen Gewinn f\u00fcr den Croupier setzen, bedeutet das, dass Sie dem Dealer sagen, dass er die Hand aufheben soll.<\/li>\n<li>Una o due volte in ogni sessione, iniziate un nuovo shoe facendo una scommessa doubleia o tripla della scommessa minima.<\/li>\n<li>Achten Sie nicht darauf, die richtige Strategie mit dem Ziel zu \u00e4ndern, Ihr Wissen zu verbessern; viele Casinospieler wissen nicht, was die richtige Spielweise ist. Die richtige Spielstrategie eines Spielers ist f\u00fcr sie eine Illusion - eine 12 gegen eine 2 oder eine 3 zu tauschen oder eine A-7 gegen eine 4 zu tauschen ist eine Unversch\u00e4mtheit! (Per loro.)<\/li>\n<li>Sie k\u00f6nnen nicht mit den anderen am Tisch \u00fcber Ihre F\u00e4higkeiten sprechen, und Sie k\u00f6nnen den anderen nicht helfen, richtig mit den eigenen H\u00e4nden zu spielen. Non ammettete mai di aver letto un libro di Blackjack. Sie sollten sich nicht zu sicher f\u00fchlen, aber auch nicht wie die Verlierer aufregen, wenn Sie zu den Gewinnern geh\u00f6ren - die Spieler wollen gewinnen!<\/li>\n<li>Non riesco ad indossarne uno, ma un \"marsupio\" \u00e8 uno degli accessori pi\u00f9 disarmanti che un contatore di carte possa indossare. Mit einem Marsupio und einem Paar Augen k\u00f6nnen nur wenige W\u00e4chter glauben, dass sie ein Kartengeber sind, der das Casino mit Blut \u00fcberschwemmt. Ma credo che se il mio modo usuale di recitare inizi dal vestirmi leggero, allora potrei prenderne uno ed indossarlo. Preferisco essere ricco che carino.<\/li>\n<\/ol>\n<h3 class=\"gbs-heading\">Zuschl\u00e4ge f\u00fcr Wohnungen<\/h3>\n<p>Ecco le risposte all'esercizio dell'altra settimana.<br \/>\nCalcolate il vantaggio iniziale del casino per le seguenti varianti di gioco:<\/p>\n<ul>\n<li>Un mazzo, raddoppio solo con i 10 o 11, il banco tira con A-6. <b>Risposta: 0,33%<\/b><\/li>\n<li>Sei mazzi, raddoppio per qualsiasi delle due carte iniziali, il banco si ferma con A-6, divisioni successive delle coppie, inclusi gli Assi, raddoppio dopo la divisione concesso. <b>Risposta: 0,33%<\/b><\/li>\n<li>Due mazzi, raddoppio per ognuna delle due carte iniziali, nessuna divisione successiva delle coppie, nessun raddoppio dopo la divisione, il banco si ferma con un A-6, resa posticipata. <b>Risposta: 0.30% (Non avevo specificato se il banco si fermava o tirava con un A-6; questa cifra \u00e8 corretta nel caso in cui il banco si ferma.)<\/b><\/li>\n<\/ul>","protected":false},"excerpt":{"rendered":"<p>Quali sono le Tattiche di Gioco del Casino? E&#8217; un fatto molto triste che agli impiegati del casino, sia agli addetti al tavolo che ai loro capi non piacciano i giocatori che contano le carte nei loro giochi di Blackjack. Sanno benissimo che il gioco pu\u00f2 essere sconfitto da un bravo giocatore, di conseguenza la [&hellip;]<\/p>\n","protected":false},"author":4,"featured_media":0,"parent":2715,"menu_order":0,"comment_status":"open","ping_status":"open","template":"page-blacjack-school-it.php","meta":{"_acf_changed":false,"footnotes":""},"tags":[],"class_list":["post-2779","page","type-page","status-publish","hentry"],"acf":[],"yoast_head":"<!-- This site is optimized with the Yoast SEO plugin v26.6 - https:\/\/yoast.com\/wordpress\/plugins\/seo\/ -->\n<title>Lezione 12 - Tattiche da Gioco del Casino<\/title>\n<meta name=\"description\" content=\"Quali sono le Tattiche di Gioco del Casino? E&#039; un fatto molto triste che agli impiegati del casino, sia agli addetti al tavolo che ai loro capi non\" \/>\n<meta name=\"robots\" content=\"index, follow, max-snippet:-1, max-image-preview:large, max-video-preview:-1\" \/>\n<link rel=\"canonical\" href=\"https:\/\/www.blackjackinfo.com\/de\/blackjack-schule\/lektion-12-spieltaktiken-im-casino\/\" \/>\n<meta property=\"og:locale\" content=\"de_DE\" \/>\n<meta property=\"og:type\" content=\"article\" \/>\n<meta property=\"og:title\" content=\"Lezione 12 - Tattiche da Gioco del Casino\" \/>\n<meta property=\"og:description\" content=\"Quali sono le Tattiche di Gioco del Casino? E&#039; un fatto molto triste che agli impiegati del casino, sia agli addetti al tavolo che ai loro capi non\" \/>\n<meta property=\"og:url\" content=\"https:\/\/www.blackjackinfo.com\/de\/blackjack-schule\/lektion-12-spieltaktiken-im-casino\/\" \/>\n<meta property=\"og:site_name\" content=\"BlackjackInfo.com\" \/>\n<meta property=\"article:modified_time\" content=\"2018-04-18T07:07:13+00:00\" \/>\n<meta name=\"twitter:label1\" content=\"Gesch\u00e4tzte Lesezeit\" \/>\n\t<meta name=\"twitter:data1\" content=\"6\u00a0Minuten\" \/>\n<script type=\"application\/ld+json\" class=\"yoast-schema-graph\">{\"@context\":\"https:\/\/schema.org\",\"@graph\":[{\"@type\":\"WebPage\",\"@id\":\"https:\/\/www.blackjackinfo.com\/blackjack-school\/lesson-12-casino-playing-tactics\/\",\"url\":\"https:\/\/www.blackjackinfo.com\/blackjack-school\/lesson-12-casino-playing-tactics\/\",\"name\":\"Lezione 12 - Tattiche da Gioco del Casino\",\"isPartOf\":{\"@id\":\"https:\/\/www.blackjackinfo.com\/#website\"},\"datePublished\":\"2017-03-13T02:47:47+00:00\",\"dateModified\":\"2018-04-18T07:07:13+00:00\",\"description\":\"Quali sono le Tattiche di Gioco del Casino? E' un fatto molto triste che agli impiegati del casino, sia agli addetti al tavolo che ai loro capi non\",\"breadcrumb\":{\"@id\":\"https:\/\/www.blackjackinfo.com\/blackjack-school\/lesson-12-casino-playing-tactics\/#breadcrumb\"},\"inLanguage\":\"de\",\"potentialAction\":[{\"@type\":\"ReadAction\",\"target\":[\"https:\/\/www.blackjackinfo.com\/blackjack-school\/lesson-12-casino-playing-tactics\/\"]}]},{\"@type\":\"BreadcrumbList\",\"@id\":\"https:\/\/www.blackjackinfo.com\/blackjack-school\/lesson-12-casino-playing-tactics\/#breadcrumb\",\"itemListElement\":[{\"@type\":\"ListItem\",\"position\":1,\"name\":\"Home\",\"item\":\"https:\/\/www.blackjackinfo.com\/\"},{\"@type\":\"ListItem\",\"position\":2,\"name\":\"La Scuola di Blackjack di GameMaster\",\"item\":\"https:\/\/www.it.blackjackinfo.com\/scuola-di-blackjack\/\"},{\"@type\":\"ListItem\",\"position\":3,\"name\":\"Lezione 12 &#8211; Tattiche da Gioco del Casino\"}]},{\"@type\":\"WebSite\",\"@id\":\"https:\/\/www.blackjackinfo.com\/#website\",\"url\":\"https:\/\/www.blackjackinfo.com\/\",\"name\":\"BlackjackInfo.com\",\"description\":\"Because Winning is More Fun!\",\"potentialAction\":[{\"@type\":\"SearchAction\",\"target\":{\"@type\":\"EntryPoint\",\"urlTemplate\":\"https:\/\/www.blackjackinfo.com\/?s={search_term_string}\"},\"query-input\":{\"@type\":\"PropertyValueSpecification\",\"valueRequired\":true,\"valueName\":\"search_term_string\"}}],\"inLanguage\":\"de\"}]}<\/script>\n<!-- \/ Yoast SEO plugin. -->","yoast_head_json":{"title":"Lektion 12 - Spielkarten f\u00fcr das Casino","description":"Wie lauten die Spielregeln f\u00fcr das Casino? E' un fatto molto triste che agli impiegati del casino, sia agli addetti al tavolo che ai loro capi non","robots":{"index":"index","follow":"follow","max-snippet":"max-snippet:-1","max-image-preview":"max-image-preview:large","max-video-preview":"max-video-preview:-1"},"canonical":"https:\/\/www.blackjackinfo.com\/de\/blackjack-schule\/lektion-12-spieltaktiken-im-casino\/","og_locale":"de_DE","og_type":"article","og_title":"Lezione 12 - Tattiche da Gioco del Casino","og_description":"Quali sono le Tattiche di Gioco del Casino? E' un fatto molto triste che agli impiegati del casino, sia agli addetti al tavolo che ai loro capi non","og_url":"https:\/\/www.blackjackinfo.com\/de\/blackjack-schule\/lektion-12-spieltaktiken-im-casino\/","og_site_name":"BlackjackInfo.com","article_modified_time":"2018-04-18T07:07:13+00:00","twitter_misc":{"Gesch\u00e4tzte Lesezeit":"6\u00a0Minuten"},"schema":{"@context":"https:\/\/schema.org","@graph":[{"@type":"WebPage","@id":"https:\/\/www.blackjackinfo.com\/blackjack-school\/lesson-12-casino-playing-tactics\/","url":"https:\/\/www.blackjackinfo.com\/blackjack-school\/lesson-12-casino-playing-tactics\/","name":"Lektion 12 - Spielkarten f\u00fcr das Casino","isPartOf":{"@id":"https:\/\/www.blackjackinfo.com\/#website"},"datePublished":"2017-03-13T02:47:47+00:00","dateModified":"2018-04-18T07:07:13+00:00","description":"Wie lauten die Spielregeln f\u00fcr das Casino? E' un fatto molto triste che agli impiegati del casino, sia agli addetti al tavolo che ai loro capi non","breadcrumb":{"@id":"https:\/\/www.blackjackinfo.com\/blackjack-school\/lesson-12-casino-playing-tactics\/#breadcrumb"},"inLanguage":"de","potentialAction":[{"@type":"ReadAction","target":["https:\/\/www.blackjackinfo.com\/blackjack-school\/lesson-12-casino-playing-tactics\/"]}]},{"@type":"BreadcrumbList","@id":"https:\/\/www.blackjackinfo.com\/blackjack-school\/lesson-12-casino-playing-tactics\/#breadcrumb","itemListElement":[{"@type":"ListItem","position":1,"name":"Home","item":"https:\/\/www.blackjackinfo.com\/"},{"@type":"ListItem","position":2,"name":"La Scuola di Blackjack di GameMaster","item":"https:\/\/www.it.blackjackinfo.com\/scuola-di-blackjack\/"},{"@type":"ListItem","position":3,"name":"Lezione 12 &#8211; Tattiche da Gioco del Casino"}]},{"@type":"WebSite","@id":"https:\/\/www.blackjackinfo.com\/#website","url":"https:\/\/www.blackjackinfo.com\/","name":"BlackjackInfo.de","description":"Denn Gewinnen macht mehr Spa\u00df!","potentialAction":[{"@type":"SearchAction","target":{"@type":"EntryPoint","urlTemplate":"https:\/\/www.blackjackinfo.com\/?s={search_term_string}"},"query-input":{"@type":"PropertyValueSpecification","valueRequired":true,"valueName":"search_term_string"}}],"inLanguage":"de"}]}},"_links":{"self":[{"href":"https:\/\/www.blackjackinfo.com\/de\/wp-json\/wp\/v2\/pages\/2779","targetHints":{"allow":["GET"]}}],"collection":[{"href":"https:\/\/www.blackjackinfo.com\/de\/wp-json\/wp\/v2\/pages"}],"about":[{"href":"https:\/\/www.blackjackinfo.com\/de\/wp-json\/wp\/v2\/types\/page"}],"author":[{"embeddable":true,"href":"https:\/\/www.blackjackinfo.com\/de\/wp-json\/wp\/v2\/users\/4"}],"replies":[{"embeddable":true,"href":"https:\/\/www.blackjackinfo.com\/de\/wp-json\/wp\/v2\/comments?post=2779"}],"version-history":[{"count":1,"href":"https:\/\/www.blackjackinfo.com\/de\/wp-json\/wp\/v2\/pages\/2779\/revisions"}],"predecessor-version":[{"id":2780,"href":"https:\/\/www.blackjackinfo.com\/de\/wp-json\/wp\/v2\/pages\/2779\/revisions\/2780"}],"up":[{"embeddable":true,"href":"https:\/\/www.blackjackinfo.com\/de\/wp-json\/wp\/v2\/pages\/2715"}],"wp:attachment":[{"href":"https:\/\/www.blackjackinfo.com\/de\/wp-json\/wp\/v2\/media?parent=2779"}],"wp:term":[{"taxonomy":"post_tag","embeddable":true,"href":"https:\/\/www.blackjackinfo.com\/de\/wp-json\/wp\/v2\/tags?post=2779"}],"curies":[{"name":"wp","href":"https:\/\/api.w.org\/{rel}","templated":true}]}}