{"id":2781,"date":"2017-03-12T22:05:47","date_gmt":"2017-03-13T03:05:47","guid":{"rendered":"https:\/\/www.blackjackinfo.com\/?page_id=2781\/"},"modified":"2018-04-18T02:07:13","modified_gmt":"2018-04-18T07:07:13","slug":"lezione-13-il-corso-avanzato-parte-1","status":"publish","type":"page","link":"https:\/\/www.blackjackinfo.com\/de\/scuola-di-blackjack\/lezione-13-il-corso-avanzato-parte-1\/","title":{"rendered":"Lezione 13 - Il Corso Avanzato - Parte 1"},"content":{"rendered":"<p class=\"intro\"><b>Die wirksamste (und rechtlich zul\u00e4ssige) Methode zur \u00dcberwindung des Bankguthabens besteht darin, die Betr\u00e4ge im Sekundentakt nach der tats\u00e4chlichen Anzahl zu variieren.<\/b> Weitere Verbesserungen von 0,2 bis 0,3% sind f\u00fcr alle m\u00f6glich, die das Spiel mit ihren eigenen H\u00e4nden in der Sekunde des richtigen Z\u00e4hlens variieren. Zweifelsohne gab es Situationen, in denen das Ergebnis sehr hoch war und man die eigene 12 gegen die 3 des H\u00e4ndlers tauschen musste, um eine Karte zu erhalten. C'\u00e8 un punto, determinato dal true count, dove fermarsi con un 12 contro un 3 risulta pi\u00f9 conveniente che tirare. Dies wird als \"Variation der Basisstrategie\" bezeichnet und wird w\u00e4hrend dieser Lektionen ausf\u00fchrlich besprochen.<\/p>\n<h3 class=\"gbs-heading\">Anpassungen der Basisstrategie<\/h3>\n<p><b>Die \u00c4nderung des eigenen Spiels durch die Ver\u00e4nderung der Anzahl der echten Z\u00e4hlungen f\u00fchrt dazu, dass der 10% ca. zwei Mal verwendet wird. Wenn das Spiel knapp wird, raddoppiere weniger, tirerete di pi\u00f9 con mani 'difficili' e dividerete le coppie meno frequentemente.<\/b> Wenn Sie das Spiel verkaufen wollen, m\u00fcssen Sie schneller raddoppieren, weniger mit \"schwierigen\" Spielern spielen und mehr Spielfiguren aufteilen. F\u00fcr jede Basisstrategie des Spiels gibt es nur eine Variante. Per esempio, la variazione della mano 10, 6 contro il 10 \u00e8 di fermarsi invece di tirare; non raddoppierete mai e ovviamente non potete dividere. Un altro esempio \u00e8 5,4 contro 2. La Strategia Base dice di tirare, ma se il conteggio \u00e8 alto abbastanza, questa mano andrebbe raddoppiata. Un buon esempio per il lato negativo \u00e8 un A-2 contro il 5; la strategia base dice di raddoppiare, ma se il conteggio \u00e8 sotto 0, dovreste tirare. Un modo semplice per ricordarsi ci\u00f2 \u00e8 \"Raddoppia Asso-2 contro 5 con maggiore o uguale a 0.\" Traducendolo con la 'scorciatoia' di una flashcard diventa A-2 contro 5 = 0. (Esatto, ritorneremo indietro di nuovo alle nostre vecchie amiche, le flashcard.)<\/p>\n<h3 class=\"gbs-heading\">La Forza delle Variazioni della Strategia Base<\/h3>\n<p><b>Der Wert einer jeden Ver\u00e4nderung wird durch die Menge bestimmt, die in den Medien verwendet wird.<\/b> Wenn Sie 100.000 Blackjack-Spiele im Jahr spielen (ca. 20 Tage im Jahr), k\u00f6nnen Sie ca. 3500 Mal (3,5%) eine 16er-Mannschaft gegen eine 10er-Mannschaft antreten lassen. Che in realt\u00e0 \u00e8 una delle situazioni peggiori. In questo caso ogni variazione ha un valore considerevole, semplicemente perch\u00e8 la userete relativamente spesso. Al contrario, riceverete un 9,9 contro un 2 solo 43 volte in quelle 100,000-mani di esempio, quindi la variazione in questo caso assume un valore piccolo, poich\u00e8 la userete raramente. La frequenza delle mani ci permetter\u00e0 di ordinare, in modo prioritario, l'apprendimento delle variazioni della strategia base.<\/p>\n<p><b>Una delle variazioni pi\u00f9 importanti della strategia base \u00e8 la puntata sull'assicurazione.<\/b> Poich\u00e8 il banco mostrer\u00e0 un Asso circa il 7.5% delle volte, conoscere quando diventa conveniente assicurarsi \u00e8 molto importante. Wenn ihr mit zwei M\u00e4usen spielt, ist es sinnvoll, sich zu versichern, dass die Anzahl der echten M\u00e4use gr\u00f6\u00dfer oder kleiner als 3 ist. In diesem Fall m\u00fcsst ihr euch immer versichern, unabh\u00e4ngig von den Karten, die ihr habt, sofern diese nicht mit eurer Hand in Verbindung stehen. Das High\/Low-Kontensystem hat eine dem 80% vergleichbare \"Sicherheitseffizienz\", was bedeutet, dass Sie 8 Mal pro 10 Minuten die richtige Einstellung f\u00fcr die Sicherheit w\u00e4hlen k\u00f6nnen, basierend auf der Anzahl der tats\u00e4chlichen Z\u00e4hlungen.<\/p>\n<p>Come detto precedentemente, <b>Der zu ber\u00fccksichtigende Wert ergibt sich aus den Abweichungen, die zwischen den ersten 12-16 Karten und jeder anderen Karte auftreten, da dies die am h\u00e4ufigsten \u00fcberpr\u00fcften Karten sind.<\/b> Allerdings ist der 54% zu einem bestimmten Zeitpunkt des Spiels mit allen Ihren Spielern \"schwierig\". Wir machen eine wichtige Beobachtung: Die Variationen der Basisstrategie gelten nicht nur f\u00fcr die ersten beiden Karten, sondern auch f\u00fcr alle Karten, die aus 3 oder mehr Karten bestehen. Vi fermerete con A, 2, 10, 3 contro 10 se il conteggio \u00e8 maggiore o uguale a 0, nello stesso modo in cui vi fermerete con un 10, 6. Raddoppiare (o non raddoppiare) \u00e8 la prossima cosa da affrontare in ordine di importanza e la divisione o la non divisione delle coppie \u00e8 meno importante.<\/p>\n<h3 class=\"gbs-heading\">Der Wert der Ver\u00e4nderungen in der Basisstrategie<\/h3>\n<p><b>Wir k\u00f6nnen mit Gewissheit sagen, dass die Verwendung dieser Variationen unsere Erfolge mit dem 10% im Spiel mit anderen Spielern steigern wird.<\/b> Ma c'\u00e8 anche un ulteriore beneficio. Wenn Sie diese Variationen im Kasino einsetzen, werden Sie zu einem \"Spieler mit K\u00f6pfchen\". Einige Male mit 16 gegen 10 zu spielen und andere Male auszusteigen ist ein typisches Verhalten von Spielern. F\u00fcr die Spieler des Casinos, die die richtige Strategie kennen (nur ein paar!), ist ein Raddoppel auf A,7 gegen 2 ein typisches Verhalten der Spieler, genauso wie das Fermarsi auf 15 gegen 10 ein typisches Verhalten der Spieler ist. Dennoch sind diese Situationen - mit einigen Abstrichen - der richtige Weg, um zu spielen.<\/p>\n<p>Wenn du mit einem einzelnen Spiel spielst, erh\u00f6ht sich der Wert der Strategievariationen bis zu 25% oder sogar noch mehr. Se trascorrete il vostro tempo con questi giochi dovrete impararli.<\/p>\n<p>Nella prossima lezione, vi mostrer\u00f2 il modo per imparare queste variazioni.<\/p>","protected":false},"excerpt":{"rendered":"<p>Il modo pi\u00f9 potente (e legale) di superare il vantaggio del banco consiste nel variare le scommesse a seconda del true count. Ulteriori miglioramenti dallo 0.2 al 0.3% sono possibili per coloro che variano il gioco delle proprie mani a seconda del true count. Senza dubbio avrete avuto delle situazioni nelle quali il conteggio era [&hellip;]<\/p>\n","protected":false},"author":4,"featured_media":0,"parent":2715,"menu_order":0,"comment_status":"open","ping_status":"open","template":"page-blacjack-school-it.php","meta":{"_acf_changed":false,"footnotes":""},"tags":[],"class_list":["post-2781","page","type-page","status-publish","hentry"],"acf":[],"yoast_head":"<!-- This site is optimized with the Yoast SEO plugin v26.6 - https:\/\/yoast.com\/wordpress\/plugins\/seo\/ -->\n<title>Lezione 13 - Il Corso Avanzato - Parte 1<\/title>\n<meta name=\"description\" content=\"Il modo pi\u00f9 potente (e legale) di superare il vantaggio del banco consiste nel variare le scommesse a seconda del true count. Ulteriori miglioramenti\" \/>\n<meta name=\"robots\" content=\"index, follow, max-snippet:-1, max-image-preview:large, max-video-preview:-1\" \/>\n<link rel=\"canonical\" href=\"https:\/\/www.blackjackinfo.com\/de\/blackjack-schule\/lektion-13-fortgeschrittenenkurs-teil-1\/\" \/>\n<meta property=\"og:locale\" content=\"de_DE\" \/>\n<meta property=\"og:type\" content=\"article\" \/>\n<meta property=\"og:title\" content=\"Lezione 13 - Il Corso Avanzato - Parte 1\" \/>\n<meta property=\"og:description\" content=\"Il modo pi\u00f9 potente (e legale) di superare il vantaggio del banco consiste nel variare le scommesse a seconda del true count. Ulteriori miglioramenti\" \/>\n<meta property=\"og:url\" content=\"https:\/\/www.blackjackinfo.com\/de\/blackjack-schule\/lektion-13-fortgeschrittenenkurs-teil-1\/\" \/>\n<meta property=\"og:site_name\" content=\"BlackjackInfo.com\" \/>\n<meta property=\"article:modified_time\" content=\"2018-04-18T07:07:13+00:00\" \/>\n<meta name=\"twitter:label1\" content=\"Gesch\u00e4tzte Lesezeit\" \/>\n\t<meta name=\"twitter:data1\" content=\"4\u00a0Minuten\" \/>\n<script type=\"application\/ld+json\" class=\"yoast-schema-graph\">{\"@context\":\"https:\/\/schema.org\",\"@graph\":[{\"@type\":\"WebPage\",\"@id\":\"https:\/\/www.blackjackinfo.com\/blackjack-school\/lesson-13-advanced-course-part-1\/\",\"url\":\"https:\/\/www.blackjackinfo.com\/blackjack-school\/lesson-13-advanced-course-part-1\/\",\"name\":\"Lezione 13 - Il Corso Avanzato - Parte 1\",\"isPartOf\":{\"@id\":\"https:\/\/www.blackjackinfo.com\/#website\"},\"datePublished\":\"2017-03-13T03:05:47+00:00\",\"dateModified\":\"2018-04-18T07:07:13+00:00\",\"description\":\"Il modo pi\u00f9 potente (e legale) di superare il vantaggio del banco consiste nel variare le scommesse a seconda del true count. Ulteriori miglioramenti\",\"breadcrumb\":{\"@id\":\"https:\/\/www.blackjackinfo.com\/blackjack-school\/lesson-13-advanced-course-part-1\/#breadcrumb\"},\"inLanguage\":\"de\",\"potentialAction\":[{\"@type\":\"ReadAction\",\"target\":[\"https:\/\/www.blackjackinfo.com\/blackjack-school\/lesson-13-advanced-course-part-1\/\"]}]},{\"@type\":\"BreadcrumbList\",\"@id\":\"https:\/\/www.blackjackinfo.com\/blackjack-school\/lesson-13-advanced-course-part-1\/#breadcrumb\",\"itemListElement\":[{\"@type\":\"ListItem\",\"position\":1,\"name\":\"Home\",\"item\":\"https:\/\/www.blackjackinfo.com\/\"},{\"@type\":\"ListItem\",\"position\":2,\"name\":\"La Scuola di Blackjack di GameMaster\",\"item\":\"https:\/\/www.it.blackjackinfo.com\/scuola-di-blackjack\/\"},{\"@type\":\"ListItem\",\"position\":3,\"name\":\"Lezione 13 &#8211; Il Corso Avanzato &#8211; Parte 1\"}]},{\"@type\":\"WebSite\",\"@id\":\"https:\/\/www.blackjackinfo.com\/#website\",\"url\":\"https:\/\/www.blackjackinfo.com\/\",\"name\":\"BlackjackInfo.com\",\"description\":\"Because Winning is More Fun!\",\"potentialAction\":[{\"@type\":\"SearchAction\",\"target\":{\"@type\":\"EntryPoint\",\"urlTemplate\":\"https:\/\/www.blackjackinfo.com\/?s={search_term_string}\"},\"query-input\":{\"@type\":\"PropertyValueSpecification\",\"valueRequired\":true,\"valueName\":\"search_term_string\"}}],\"inLanguage\":\"de\"}]}<\/script>\n<!-- \/ Yoast SEO plugin. -->","yoast_head_json":{"title":"Lezione 13 - Il Corso Avanzato - Parte 1","description":"Die wirksamste (und rechtlich zul\u00e4ssige) Methode zur \u00dcberwindung des Bankguthabens besteht darin, die Betr\u00e4ge im Sekundentakt zu variieren. Weitergehende Verbesserungen","robots":{"index":"index","follow":"follow","max-snippet":"max-snippet:-1","max-image-preview":"max-image-preview:large","max-video-preview":"max-video-preview:-1"},"canonical":"https:\/\/www.blackjackinfo.com\/de\/blackjack-schule\/lektion-13-fortgeschrittenenkurs-teil-1\/","og_locale":"de_DE","og_type":"article","og_title":"Lezione 13 - Il Corso Avanzato - Parte 1","og_description":"Il modo pi\u00f9 potente (e legale) di superare il vantaggio del banco consiste nel variare le scommesse a seconda del true count. Ulteriori miglioramenti","og_url":"https:\/\/www.blackjackinfo.com\/de\/blackjack-schule\/lektion-13-fortgeschrittenenkurs-teil-1\/","og_site_name":"BlackjackInfo.com","article_modified_time":"2018-04-18T07:07:13+00:00","twitter_misc":{"Gesch\u00e4tzte Lesezeit":"4\u00a0Minuten"},"schema":{"@context":"https:\/\/schema.org","@graph":[{"@type":"WebPage","@id":"https:\/\/www.blackjackinfo.com\/blackjack-school\/lesson-13-advanced-course-part-1\/","url":"https:\/\/www.blackjackinfo.com\/blackjack-school\/lesson-13-advanced-course-part-1\/","name":"Lezione 13 - Il Corso Avanzato - Parte 1","isPartOf":{"@id":"https:\/\/www.blackjackinfo.com\/#website"},"datePublished":"2017-03-13T03:05:47+00:00","dateModified":"2018-04-18T07:07:13+00:00","description":"Die wirksamste (und rechtlich zul\u00e4ssige) Methode zur \u00dcberwindung des Bankguthabens besteht darin, die Betr\u00e4ge im Sekundentakt zu variieren. Weitergehende Verbesserungen","breadcrumb":{"@id":"https:\/\/www.blackjackinfo.com\/blackjack-school\/lesson-13-advanced-course-part-1\/#breadcrumb"},"inLanguage":"de","potentialAction":[{"@type":"ReadAction","target":["https:\/\/www.blackjackinfo.com\/blackjack-school\/lesson-13-advanced-course-part-1\/"]}]},{"@type":"BreadcrumbList","@id":"https:\/\/www.blackjackinfo.com\/blackjack-school\/lesson-13-advanced-course-part-1\/#breadcrumb","itemListElement":[{"@type":"ListItem","position":1,"name":"Home","item":"https:\/\/www.blackjackinfo.com\/"},{"@type":"ListItem","position":2,"name":"La Scuola di Blackjack di GameMaster","item":"https:\/\/www.it.blackjackinfo.com\/scuola-di-blackjack\/"},{"@type":"ListItem","position":3,"name":"Lezione 13 &#8211; Il Corso Avanzato &#8211; Parte 1"}]},{"@type":"WebSite","@id":"https:\/\/www.blackjackinfo.com\/#website","url":"https:\/\/www.blackjackinfo.com\/","name":"BlackjackInfo.de","description":"Denn Gewinnen macht mehr Spa\u00df!","potentialAction":[{"@type":"SearchAction","target":{"@type":"EntryPoint","urlTemplate":"https:\/\/www.blackjackinfo.com\/?s={search_term_string}"},"query-input":{"@type":"PropertyValueSpecification","valueRequired":true,"valueName":"search_term_string"}}],"inLanguage":"de"}]}},"_links":{"self":[{"href":"https:\/\/www.blackjackinfo.com\/de\/wp-json\/wp\/v2\/pages\/2781","targetHints":{"allow":["GET"]}}],"collection":[{"href":"https:\/\/www.blackjackinfo.com\/de\/wp-json\/wp\/v2\/pages"}],"about":[{"href":"https:\/\/www.blackjackinfo.com\/de\/wp-json\/wp\/v2\/types\/page"}],"author":[{"embeddable":true,"href":"https:\/\/www.blackjackinfo.com\/de\/wp-json\/wp\/v2\/users\/4"}],"replies":[{"embeddable":true,"href":"https:\/\/www.blackjackinfo.com\/de\/wp-json\/wp\/v2\/comments?post=2781"}],"version-history":[{"count":2,"href":"https:\/\/www.blackjackinfo.com\/de\/wp-json\/wp\/v2\/pages\/2781\/revisions"}],"predecessor-version":[{"id":2783,"href":"https:\/\/www.blackjackinfo.com\/de\/wp-json\/wp\/v2\/pages\/2781\/revisions\/2783"}],"up":[{"embeddable":true,"href":"https:\/\/www.blackjackinfo.com\/de\/wp-json\/wp\/v2\/pages\/2715"}],"wp:attachment":[{"href":"https:\/\/www.blackjackinfo.com\/de\/wp-json\/wp\/v2\/media?parent=2781"}],"wp:term":[{"taxonomy":"post_tag","embeddable":true,"href":"https:\/\/www.blackjackinfo.com\/de\/wp-json\/wp\/v2\/tags?post=2781"}],"curies":[{"name":"wp","href":"https:\/\/api.w.org\/{rel}","templated":true}]}}