{"id":2784,"date":"2017-03-12T22:12:34","date_gmt":"2017-03-13T03:12:34","guid":{"rendered":"https:\/\/www.blackjackinfo.com\/?page_id=2784\/"},"modified":"2018-04-18T02:07:13","modified_gmt":"2018-04-18T07:07:13","slug":"lezione-14-il-corso-avanzato-parte-2","status":"publish","type":"page","link":"https:\/\/www.blackjackinfo.com\/de\/scuola-di-blackjack\/lezione-14-il-corso-avanzato-parte-2\/","title":{"rendered":"Lezione 14 - Il Corso Avanzato - Parte 2"},"content":{"rendered":"<h3 class=\"gbs-heading\">Variationen der Basisstrategie: Tirare o Fermarsi?<\/h3>\n<p class=\"intro\"><b>Die wichtigste Entscheidung, die jeder Spieler am Blackjack-Tisch treffen muss, ist die, ob er tirare oder fermarsi spielen soll, denn das ist die wichtigste Strategie\u00e4nderung, die man den anderen Spielern vorgeben muss.<\/b> La prima \u00e8 con una mano di 16 contro un 10 del banco. Sie m\u00fcssen das Spiel abbrechen, wenn die Anzahl 0 oder h\u00f6her ist, und es abbrechen, wenn die Anzahl weniger als 0 betr\u00e4gt. Questo significa che se il running count \u00e8 maggiore o uguale a 0, bisogna fermarsi. Wenn die Zahl, die sich auf die Entscheidung bezieht, 0 ist, ist es nicht notwendig, den wahren Z\u00e4hler zu berechnen - in dieser Situation wird der laufende Z\u00e4hler verwendet. In diesem Fall gibt es keinen Widerspruch. Quasi alle Variationen der Basisstrategie werden auf den wahren Z\u00e4hler \u00fcbertragen, aber f\u00fcr diejenigen, bei denen die Entscheidungszahl 0 ist, ist der laufende Z\u00e4hler ausreichend.<\/p>\n<p>Die zweite Hand in der Reihenfolge der Wichtigkeit ist die 15 gegen die 10 der Bank. Wenn Sie mit vier oder mehr M\u00e4usen spielen, ist die Entscheidungszahl eine echte Zahl von 4. Diese und die anderen zuvor gesehenen Variationen k\u00f6nnen mit Hilfe von Karteikarten leicht erlernt werden. Non \u00e8 necessario farle carine o sofisticate; basta che siano precise. Fate qualche quadratino con le cartelle manila e sicuramente funzioneranno bene ugualmente. Una flashcard tipica sar\u00e0 come questa<\/p>\n<div class=\"text-center\">\n<img loading=\"lazy\" decoding=\"async\" src=\"\/img\/Blackjack-School\/flashcard1.jpg\" width=\"144\" height=\"144\" alt=\"Flash Card 1\" data-no-auto-translation=\"\">\n<\/div>\n<p>Stellen Sie sich die 10 und die 16 in der Mitte eines Quadrats 2\u2033 X 2\u2033 vor, die 0 in der unteren Ecke, so dass der eigene W\u00e4hler die Zahl \u00fcbernehmen kann. Quando procedete nell'esaminare la pila, dite \"sedici contro 10, fermarsi a zero\" (o pi\u00f9 di 0). Bei einer Zahl von 15 gegen 10 wird eine Karte wie diese aussehen<\/p>\n<div class=\"text-center\">\n<img loading=\"lazy\" decoding=\"async\" src=\"\/img\/Blackjack-School\/flashcard2.jpg\" width=\"144\" height=\"144\" alt=\"Flash Card 2\" data-no-auto-translation=\"\">\n<\/div>\n<p>Quando arriverete a questa carta, direte \"15 contro 10; fermarsi a 4\".<\/p>\n<p>Con il passare del tempo, non avrete bisogno di ricordarvi che dovrete fermarvi con un 15 contro il 10, quindi direte \"15 contro 10 \u00e8 4\".<\/p>\n<p><b>Ecco i numeri che dovrete imparare.<\/b> Die Zahlen, die in den B\u00fcchern von Stanford Wong \"Professional Blackjack\" ver\u00f6ffentlicht wurden, k\u00f6nnen ein wenig variieren, denn die Zahlen, die ich angegeben habe, sind spezifisch f\u00fcr ein Spiel mit zwei Mazzi, bei dem die Bank mit A-6 gespielt wird, und einige wurden auf der Grundlage der Spieltheorie der \"avversione al rischio\" modifiziert, die vor etwa 15 Jahren entwickelt wurde. Questi numeri funzionano benissimo; sono stati messi alla prova con migliaia di ore, giocate da me e dai miei studenti, nei casino. NON usateli, comunque, per il gioco con un solo mazzo. Il gioco con un solo mazzo richiede cifre differenti e verr\u00e0 esaminato in una prossima lezione.<\/p>\n<hr \/>\n<p class=\"ctr\"><b>Variazioni Strategia Base: 6 Mazzi, Il Banco si ferma con A-6<\/b><\/p>\n<table class=\"gbs-ctable\">\n<tbody>\n<tr>\n<td class=\"w20\">12 vs. 2<\/td>\n<td class=\"w30\">Fermarsi con 3 o superiore<\/td>\n<\/tr>\n<tr>\n<td>12 vs. 3<\/td>\n<td>Fermarsi con 2 o superiore<\/td>\n<\/tr>\n<tr>\n<td>12 vs. 4<\/td>\n<td>Fermarsi con 0 o superiore<\/td>\n<td class=\"smaller\">(Si, se il running count \u00e8 negativo, tirate un 12 contro un 4. Far\u00e0 impazzire gli altri giocatori al tavolo!!!)<\/td>\n<\/tr>\n<tr>\n<td>12 vs. 5<\/td>\n<td>Fermarsi con -1 o superiore<\/td>\n<td class=\"smaller\">(Questo significa che tirate se il conteggio \u00e8 pi\u00f9 BASSO di -1).<\/td>\n<\/tr>\n<tr>\n<td>13 vs. 2<\/td>\n<td>Fermarsi con -1 o superiore<\/td>\n<\/tr>\n<tr>\n<td>14 gegen A<\/td>\n<td>Fermarsi con 9 o superiore<\/td>\n<\/tr>\n<tr>\n<td>15 vs. 7<\/td>\n<td>Fermarsi con 10 o superiore<\/td>\n<\/tr>\n<tr>\n<td>15 vs. 8<\/td>\n<td>Fermarsi con 10 o superiore<\/td>\n<\/tr>\n<tr>\n<td>15 vs. 9<\/td>\n<td>Fermarsi con 8 o superiore<\/td>\n<\/tr>\n<tr>\n<td>15 vs. 10<\/td>\n<td>Fermarsi con 4 o superiore<\/td>\n<\/tr>\n<tr>\n<td>15 gegen A<\/td>\n<td>Fermarsi con 9 o superiore<\/td>\n<\/tr>\n<tr>\n<td>16 vs. 7<\/td>\n<td>Fermarsi con 9 o superiore<\/td>\n<\/tr>\n<tr>\n<td>16 vs. 8<\/td>\n<td>Fermarsi con 7 o superiore<\/td>\n<\/tr>\n<tr>\n<td>16 vs. 9<\/td>\n<td>Fermarsi con 5 o superiore<\/td>\n<\/tr>\n<tr>\n<td>16 vs. 10<\/td>\n<td>Fermarsi con 0 o superiore<\/td>\n<\/tr>\n<tr>\n<td>16 gegen A<\/td>\n<td>Fermarsi con 8 o superiore<\/td>\n<\/tr>\n<\/tbody>\n<\/table>\n<hr \/>\n<p>E per finire, un gioco strano: Fermarsi con un A-7 contro un Asso con 1 o superiore.<\/p>\n<h3 class=\"gbs-heading\">Zuschl\u00e4ge f\u00fcr Wohnungen<\/h3>\n<p>Costruite un insieme di flashcard ed iniziate ad imparare queste variazioni.<\/p>","protected":false},"excerpt":{"rendered":"<p>Variazioni della Strategia Base: Tirare o Fermarsi? La decisione pi\u00f9 comune che ogni giocatore deve fare al tavolo da Blackjack \u00e8 se tirare o fermarsi, di conseguenza ci\u00f2 diventer\u00e0 la variazione della strategia base pi\u00f9 comune che dovreste imparare fra tutte le altre. La prima \u00e8 con una mano di 16 contro un 10 del [&hellip;]<\/p>\n","protected":false},"author":4,"featured_media":0,"parent":2715,"menu_order":0,"comment_status":"open","ping_status":"open","template":"page-blacjack-school-it.php","meta":{"_acf_changed":false,"footnotes":""},"tags":[],"class_list":["post-2784","page","type-page","status-publish","hentry"],"acf":[],"yoast_head":"<!-- This site is optimized with the Yoast SEO plugin v26.6 - https:\/\/yoast.com\/wordpress\/plugins\/seo\/ -->\n<title>Lezione 14 - Il Corso Avanzato - Parte 2<\/title>\n<meta name=\"description\" content=\"Variazioni della Strategia Base: Tirare o Fermarsi? La decisione pi\u00f9 comune che ogni giocatore deve fare al tavolo da Blackjack \u00e8 se tirare o fermarsi, di\" \/>\n<meta name=\"robots\" content=\"index, follow, max-snippet:-1, max-image-preview:large, max-video-preview:-1\" \/>\n<link rel=\"canonical\" href=\"https:\/\/www.blackjackinfo.com\/de\/blackjack-schule\/lektion-14-fortgeschrittenenkurs-teil-2\/\" \/>\n<meta property=\"og:locale\" content=\"de_DE\" \/>\n<meta property=\"og:type\" content=\"article\" \/>\n<meta property=\"og:title\" content=\"Lezione 14 - Il Corso Avanzato - Parte 2\" \/>\n<meta property=\"og:description\" content=\"Variazioni della Strategia Base: Tirare o Fermarsi? La decisione pi\u00f9 comune che ogni giocatore deve fare al tavolo da Blackjack \u00e8 se tirare o fermarsi, di\" \/>\n<meta property=\"og:url\" content=\"https:\/\/www.blackjackinfo.com\/de\/blackjack-schule\/lektion-14-fortgeschrittenenkurs-teil-2\/\" \/>\n<meta property=\"og:site_name\" content=\"BlackjackInfo.com\" \/>\n<meta property=\"article:modified_time\" content=\"2018-04-18T07:07:13+00:00\" \/>\n<meta name=\"twitter:label1\" content=\"Gesch\u00e4tzte Lesezeit\" \/>\n\t<meta name=\"twitter:data1\" content=\"3\u00a0Minuten\" \/>\n<script type=\"application\/ld+json\" class=\"yoast-schema-graph\">{\"@context\":\"https:\/\/schema.org\",\"@graph\":[{\"@type\":\"WebPage\",\"@id\":\"https:\/\/www.blackjackinfo.com\/blackjack-school\/lesson-14-advanced-course-part-2\/\",\"url\":\"https:\/\/www.blackjackinfo.com\/blackjack-school\/lesson-14-advanced-course-part-2\/\",\"name\":\"Lezione 14 - Il Corso Avanzato - Parte 2\",\"isPartOf\":{\"@id\":\"https:\/\/www.blackjackinfo.com\/#website\"},\"datePublished\":\"2017-03-13T03:12:34+00:00\",\"dateModified\":\"2018-04-18T07:07:13+00:00\",\"description\":\"Variazioni della Strategia Base: Tirare o Fermarsi? La decisione pi\u00f9 comune che ogni giocatore deve fare al tavolo da Blackjack \u00e8 se tirare o fermarsi, di\",\"breadcrumb\":{\"@id\":\"https:\/\/www.blackjackinfo.com\/blackjack-school\/lesson-14-advanced-course-part-2\/#breadcrumb\"},\"inLanguage\":\"de\",\"potentialAction\":[{\"@type\":\"ReadAction\",\"target\":[\"https:\/\/www.blackjackinfo.com\/blackjack-school\/lesson-14-advanced-course-part-2\/\"]}]},{\"@type\":\"BreadcrumbList\",\"@id\":\"https:\/\/www.blackjackinfo.com\/blackjack-school\/lesson-14-advanced-course-part-2\/#breadcrumb\",\"itemListElement\":[{\"@type\":\"ListItem\",\"position\":1,\"name\":\"Home\",\"item\":\"https:\/\/www.blackjackinfo.com\/\"},{\"@type\":\"ListItem\",\"position\":2,\"name\":\"La Scuola di Blackjack di GameMaster\",\"item\":\"https:\/\/www.it.blackjackinfo.com\/scuola-di-blackjack\/\"},{\"@type\":\"ListItem\",\"position\":3,\"name\":\"Lezione 14 &#8211; Il Corso Avanzato &#8211; Parte 2\"}]},{\"@type\":\"WebSite\",\"@id\":\"https:\/\/www.blackjackinfo.com\/#website\",\"url\":\"https:\/\/www.blackjackinfo.com\/\",\"name\":\"BlackjackInfo.com\",\"description\":\"Because Winning is More Fun!\",\"potentialAction\":[{\"@type\":\"SearchAction\",\"target\":{\"@type\":\"EntryPoint\",\"urlTemplate\":\"https:\/\/www.blackjackinfo.com\/?s={search_term_string}\"},\"query-input\":{\"@type\":\"PropertyValueSpecification\",\"valueRequired\":true,\"valueName\":\"search_term_string\"}}],\"inLanguage\":\"de\"}]}<\/script>\n<!-- \/ Yoast SEO plugin. -->","yoast_head_json":{"title":"Lezione 14 - Il Corso Avanzato - Parte 2","description":"Variationen der Basisstrategie: Tirare o Fermarsi? Die wichtigste Entscheidung, die jeder Spieler beim Blackjack treffen muss, ist, ob er spielen oder aussetzen soll.","robots":{"index":"index","follow":"follow","max-snippet":"max-snippet:-1","max-image-preview":"max-image-preview:large","max-video-preview":"max-video-preview:-1"},"canonical":"https:\/\/www.blackjackinfo.com\/de\/blackjack-schule\/lektion-14-fortgeschrittenenkurs-teil-2\/","og_locale":"de_DE","og_type":"article","og_title":"Lezione 14 - Il Corso Avanzato - Parte 2","og_description":"Variazioni della Strategia Base: Tirare o Fermarsi? La decisione pi\u00f9 comune che ogni giocatore deve fare al tavolo da Blackjack \u00e8 se tirare o fermarsi, di","og_url":"https:\/\/www.blackjackinfo.com\/de\/blackjack-schule\/lektion-14-fortgeschrittenenkurs-teil-2\/","og_site_name":"BlackjackInfo.com","article_modified_time":"2018-04-18T07:07:13+00:00","twitter_misc":{"Gesch\u00e4tzte Lesezeit":"3\u00a0Minuten"},"schema":{"@context":"https:\/\/schema.org","@graph":[{"@type":"WebPage","@id":"https:\/\/www.blackjackinfo.com\/blackjack-school\/lesson-14-advanced-course-part-2\/","url":"https:\/\/www.blackjackinfo.com\/blackjack-school\/lesson-14-advanced-course-part-2\/","name":"Lezione 14 - Il Corso Avanzato - Parte 2","isPartOf":{"@id":"https:\/\/www.blackjackinfo.com\/#website"},"datePublished":"2017-03-13T03:12:34+00:00","dateModified":"2018-04-18T07:07:13+00:00","description":"Variationen der Basisstrategie: Tirare o Fermarsi? Die wichtigste Entscheidung, die jeder Spieler beim Blackjack treffen muss, ist, ob er spielen oder aussetzen soll.","breadcrumb":{"@id":"https:\/\/www.blackjackinfo.com\/blackjack-school\/lesson-14-advanced-course-part-2\/#breadcrumb"},"inLanguage":"de","potentialAction":[{"@type":"ReadAction","target":["https:\/\/www.blackjackinfo.com\/blackjack-school\/lesson-14-advanced-course-part-2\/"]}]},{"@type":"BreadcrumbList","@id":"https:\/\/www.blackjackinfo.com\/blackjack-school\/lesson-14-advanced-course-part-2\/#breadcrumb","itemListElement":[{"@type":"ListItem","position":1,"name":"Home","item":"https:\/\/www.blackjackinfo.com\/"},{"@type":"ListItem","position":2,"name":"La Scuola di Blackjack di GameMaster","item":"https:\/\/www.it.blackjackinfo.com\/scuola-di-blackjack\/"},{"@type":"ListItem","position":3,"name":"Lezione 14 &#8211; Il Corso Avanzato &#8211; Parte 2"}]},{"@type":"WebSite","@id":"https:\/\/www.blackjackinfo.com\/#website","url":"https:\/\/www.blackjackinfo.com\/","name":"BlackjackInfo.de","description":"Denn Gewinnen macht mehr Spa\u00df!","potentialAction":[{"@type":"SearchAction","target":{"@type":"EntryPoint","urlTemplate":"https:\/\/www.blackjackinfo.com\/?s={search_term_string}"},"query-input":{"@type":"PropertyValueSpecification","valueRequired":true,"valueName":"search_term_string"}}],"inLanguage":"de"}]}},"_links":{"self":[{"href":"https:\/\/www.blackjackinfo.com\/de\/wp-json\/wp\/v2\/pages\/2784","targetHints":{"allow":["GET"]}}],"collection":[{"href":"https:\/\/www.blackjackinfo.com\/de\/wp-json\/wp\/v2\/pages"}],"about":[{"href":"https:\/\/www.blackjackinfo.com\/de\/wp-json\/wp\/v2\/types\/page"}],"author":[{"embeddable":true,"href":"https:\/\/www.blackjackinfo.com\/de\/wp-json\/wp\/v2\/users\/4"}],"replies":[{"embeddable":true,"href":"https:\/\/www.blackjackinfo.com\/de\/wp-json\/wp\/v2\/comments?post=2784"}],"version-history":[{"count":3,"href":"https:\/\/www.blackjackinfo.com\/de\/wp-json\/wp\/v2\/pages\/2784\/revisions"}],"predecessor-version":[{"id":2787,"href":"https:\/\/www.blackjackinfo.com\/de\/wp-json\/wp\/v2\/pages\/2784\/revisions\/2787"}],"up":[{"embeddable":true,"href":"https:\/\/www.blackjackinfo.com\/de\/wp-json\/wp\/v2\/pages\/2715"}],"wp:attachment":[{"href":"https:\/\/www.blackjackinfo.com\/de\/wp-json\/wp\/v2\/media?parent=2784"}],"wp:term":[{"taxonomy":"post_tag","embeddable":true,"href":"https:\/\/www.blackjackinfo.com\/de\/wp-json\/wp\/v2\/tags?post=2784"}],"curies":[{"name":"wp","href":"https:\/\/api.w.org\/{rel}","templated":true}]}}