{"id":2788,"date":"2017-03-12T22:18:35","date_gmt":"2017-03-13T03:18:35","guid":{"rendered":"https:\/\/www.blackjackinfo.com\/?page_id=2788\/"},"modified":"2018-04-18T02:07:13","modified_gmt":"2018-04-18T07:07:13","slug":"lezione-15-il-corso-avanzato-parte-3","status":"publish","type":"page","link":"https:\/\/www.blackjackinfo.com\/de\/scuola-di-blackjack\/lezione-15-il-corso-avanzato-parte-3\/","title":{"rendered":"Lezione 15 - Il Corso Avanzato - Parte 3"},"content":{"rendered":"<h3 class=\"gbs-heading\">Variazioni della Strategia Base: Raddoppio?<\/h3>\n<p class=\"intro\"><b>Die M\u00f6glichkeit, den eigenen Punkt zu verdoppeln, um nur eine einzige andere Karte zu spielen, ist eine gute Option f\u00fcr den Spieler, wenn sie richtig genutzt wird.<\/b> Non posso dirvi quante volte noto giocatori che raddoppiano con una mano di 7 o 8 contro un 6 del banco e poi quando perdono si lamentano per la cattiva sorte. Si, il banco \u00e8 molto vulnerable quando mostra un 6, ma piazzare una scommessa extra cambia la matematica della mano, quindi tutti i raddoppi debbono essere considerati accuratamente. Per esempio, nel gioco con sei mazzi in cui il banco si ferma con A-6, raddoppiare la propria mano di 8 contro il 6 del banco ha un profitto totale del 10.3% mentre tirare ha un rendimento del 12.3% e il rischio \u00e8 basso!<\/p>\n<p><b>Das hei\u00dft, es gibt einen Moment, in dem es sinnvoll ist, eine 8 gegen die 6 der Bank zu tauschen, wenn eine gr\u00f6\u00dfere Menge als die normale 10er-Range in den Mazzo kommt.<\/b> Dieser Punkt wird nat\u00fcrlich durch den True Count bestimmt. Quando il true count cresce diventando pi\u00f9 positivo, allora diventa conveniente raddoppiare. Al contrario, pi\u00f9 il conteggio diventa negativo, e pi\u00f9 diventa conveniente tirare in alcune mani, piuttosto che raddoppiare.<br \/>\n<b>Genauso wie Sie die Karteikarten zum Erlernen der Variationen zum Testen oder Ausprobieren verwendet haben, k\u00f6nnen Sie ein weiteres Blatt mit denselben Karten f\u00fcr das Raddoppel erstellen.<\/b> Ecco le cifre di cui avete bisogno:<\/p>\n<h3 class=\"gbs-heading\">Variazioni Strategia Base Sei mazzi, il banco si ferma con A-6<\/h3>\n<p class=\"ctr\"><b>Raddoppio Leggero<\/b><\/p>\n<table class=\"gbs-ctable\">\n<tbody>\n<tr>\n<td class=\"w20\">A-2 vs. 4<\/td>\n<td class=\"w20\">Raddoppiare con 3.<\/td>\n<td class=\"smaller\">(Capito? La Strategia Base dice di TIRARE un A-2 contro un 4, ma se il true count \u00e8 3 o superiore, dovreste raddoppiare.)<\/td>\n<\/tr>\n<tr>\n<td>A-2 vs. 5<\/td>\n<td>Raddoppiare con 0.<\/td>\n<td class=\"smaller\">i(Non vi confondete in questo caso. La strategia base dice di RADDOPPIARE un A-2 contro un 5, ma se il conteggio \u00e8 negativo, tirate; raddoppiate solo se il conteggio \u00e8 maggiore o uguale a 0.)<\/td>\n<\/tr>\n<tr>\n<td>A-2 vs. 6<\/td>\n<td>Raddoppiare con -1.<\/td>\n<td class=\"smaller\">(o superiore. Fino a quando il conteggio rimane sopra -1, raddoppiate; quando va sotto -1, tirate - poi lasciate il tavolo se il conteggio non migliora.)<\/td>\n<\/tr>\n<tr>\n<td>A-3 vs. 4<\/td>\n<td>Raddoppiare con 1.<\/td>\n<\/tr>\n<tr>\n<td>A-3 vs. 5<\/td>\n<td>Raddoppiare con -1.<\/td>\n<\/tr>\n<tr>\n<td>A-4 vs. 4<\/td>\n<td>Raddoppiare con 0.<\/td>\n<\/tr>\n<tr>\n<td>A-7 vs. 2<\/td>\n<td>Raddoppiare con 1.<\/td>\n<\/tr>\n<tr>\n<td>A-8 vs. 4<\/td>\n<td>Raddoppiare con 5.<\/td>\n<\/tr>\n<tr>\n<td>A-8 vs. 5<\/td>\n<td>Raddoppiare con 2.<\/td>\n<\/tr>\n<tr>\n<td>A-8 vs. 6<\/td>\n<td>Raddoppiare con 1.<\/td>\n<\/tr>\n<tr>\n<td>A-9 vs. 5<\/td>\n<td>Raddoppiare con 6.<\/td>\n<\/tr>\n<tr>\n<td>A-9 vs. 6<\/td>\n<td>Raddoppiare con 5.<\/td>\n<\/tr>\n<\/tbody>\n<\/table>\n<p class=\"ctr\"><b>Raddoppio Difficile<\/b><\/p>\n<table class=\"gbs-ctable\">\n<tbody>\n<tr>\n<td>8 vs. 5<\/td>\n<td>Raddoppiare con 6.<\/td>\n<\/tr>\n<tr>\n<td>8 vs. 6<\/td>\n<td>Raddoppiare con 3.<\/td>\n<\/tr>\n<tr>\n<td>9 vs. 2<\/td>\n<td>Raddoppiare con 2.<\/td>\n<\/tr>\n<tr>\n<td>9 vs. 3<\/td>\n<td>Raddoppiare con 0.<\/td>\n<\/tr>\n<tr>\n<td>9 vs. 7<\/td>\n<td>Raddoppiare con 6.<\/td>\n<\/tr>\n<tr>\n<td>10 vs. 9<\/td>\n<td>Raddoppiare con -2.<\/td>\n<\/tr>\n<tr>\n<td>11 gegen A<\/td>\n<td>Raddoppiare con 1.<\/td>\n<\/tr>\n<\/tbody>\n<\/table>\n<h3 class=\"gbs-heading\">Zuschl\u00e4ge f\u00fcr Wohnungen<\/h3>\n<p>Erstellen Sie eine Reihe von Karteikarten f\u00fcr diese Variationen und beginnen Sie mit der Arbeit an der jeweiligen Variante, die Sie spielen.<\/p>","protected":false},"excerpt":{"rendered":"<p>Variazioni della Strategia Base: Raddoppio? L&#8217;opportunit\u00e0 di raddoppiare la vostra puntata in cambio di ricevere una sola ulteriore carta \u00e8 un&#8217;opzione potente per il giocatore, se viene utilizzata correttamente. Non posso dirvi quante volte noto giocatori che raddoppiano con una mano di 7 o 8 contro un 6 del banco e poi quando perdono si [&hellip;]<\/p>\n","protected":false},"author":4,"featured_media":0,"parent":2715,"menu_order":0,"comment_status":"open","ping_status":"open","template":"page-blacjack-school-it.php","meta":{"_acf_changed":false,"footnotes":""},"tags":[],"class_list":["post-2788","page","type-page","status-publish","hentry"],"acf":[],"yoast_head":"<!-- This site is optimized with the Yoast SEO plugin v26.6 - https:\/\/yoast.com\/wordpress\/plugins\/seo\/ -->\n<title>Lezione 15 - Il Corso Avanzato - Parte 3<\/title>\n<meta name=\"description\" content=\"Variazioni della Strategia Base: Raddoppio? L&#039;opportunit\u00e0 di raddoppiare la vostra puntata in cambio di ricevere una sola ulteriore carta \u00e8 un&#039;opzione\" \/>\n<meta name=\"robots\" content=\"index, follow, max-snippet:-1, max-image-preview:large, max-video-preview:-1\" \/>\n<link rel=\"canonical\" href=\"https:\/\/www.blackjackinfo.com\/de\/blackjack-schule\/lektion-15-fortgeschrittenenkurs-teil-3\/\" \/>\n<meta property=\"og:locale\" content=\"de_DE\" \/>\n<meta property=\"og:type\" content=\"article\" \/>\n<meta property=\"og:title\" content=\"Lezione 15 - Il Corso Avanzato - Parte 3\" \/>\n<meta property=\"og:description\" content=\"Variazioni della Strategia Base: Raddoppio? L&#039;opportunit\u00e0 di raddoppiare la vostra puntata in cambio di ricevere una sola ulteriore carta \u00e8 un&#039;opzione\" \/>\n<meta property=\"og:url\" content=\"https:\/\/www.blackjackinfo.com\/de\/blackjack-schule\/lektion-15-fortgeschrittenenkurs-teil-3\/\" \/>\n<meta property=\"og:site_name\" content=\"BlackjackInfo.com\" \/>\n<meta property=\"article:modified_time\" content=\"2018-04-18T07:07:13+00:00\" \/>\n<meta name=\"twitter:label1\" content=\"Gesch\u00e4tzte Lesezeit\" \/>\n\t<meta name=\"twitter:data1\" content=\"2\u00a0Minuten\" \/>\n<script type=\"application\/ld+json\" class=\"yoast-schema-graph\">{\"@context\":\"https:\/\/schema.org\",\"@graph\":[{\"@type\":\"WebPage\",\"@id\":\"https:\/\/www.blackjackinfo.com\/blackjack-school\/lesson-15-advanced-course-part-3\/\",\"url\":\"https:\/\/www.blackjackinfo.com\/blackjack-school\/lesson-15-advanced-course-part-3\/\",\"name\":\"Lezione 15 - Il Corso Avanzato - Parte 3\",\"isPartOf\":{\"@id\":\"https:\/\/www.blackjackinfo.com\/#website\"},\"datePublished\":\"2017-03-13T03:18:35+00:00\",\"dateModified\":\"2018-04-18T07:07:13+00:00\",\"description\":\"Variazioni della Strategia Base: Raddoppio? L'opportunit\u00e0 di raddoppiare la vostra puntata in cambio di ricevere una sola ulteriore carta \u00e8 un'opzione\",\"breadcrumb\":{\"@id\":\"https:\/\/www.blackjackinfo.com\/blackjack-school\/lesson-15-advanced-course-part-3\/#breadcrumb\"},\"inLanguage\":\"de\",\"potentialAction\":[{\"@type\":\"ReadAction\",\"target\":[\"https:\/\/www.blackjackinfo.com\/blackjack-school\/lesson-15-advanced-course-part-3\/\"]}]},{\"@type\":\"BreadcrumbList\",\"@id\":\"https:\/\/www.blackjackinfo.com\/blackjack-school\/lesson-15-advanced-course-part-3\/#breadcrumb\",\"itemListElement\":[{\"@type\":\"ListItem\",\"position\":1,\"name\":\"Home\",\"item\":\"https:\/\/www.blackjackinfo.com\/\"},{\"@type\":\"ListItem\",\"position\":2,\"name\":\"La Scuola di Blackjack di GameMaster\",\"item\":\"https:\/\/www.it.blackjackinfo.com\/scuola-di-blackjack\/\"},{\"@type\":\"ListItem\",\"position\":3,\"name\":\"Lezione 15 &#8211; Il Corso Avanzato &#8211; Parte 3\"}]},{\"@type\":\"WebSite\",\"@id\":\"https:\/\/www.blackjackinfo.com\/#website\",\"url\":\"https:\/\/www.blackjackinfo.com\/\",\"name\":\"BlackjackInfo.com\",\"description\":\"Because Winning is More Fun!\",\"potentialAction\":[{\"@type\":\"SearchAction\",\"target\":{\"@type\":\"EntryPoint\",\"urlTemplate\":\"https:\/\/www.blackjackinfo.com\/?s={search_term_string}\"},\"query-input\":{\"@type\":\"PropertyValueSpecification\",\"valueRequired\":true,\"valueName\":\"search_term_string\"}}],\"inLanguage\":\"de\"}]}<\/script>\n<!-- \/ Yoast SEO plugin. -->","yoast_head_json":{"title":"Lezione 15 - Il Corso Avanzato - Parte 3","description":"Variazioni della Strategia Base: Raddoppio? Die M\u00f6glichkeit, den eigenen Punkt zu verdoppeln, um nur eine einzige andere Karte zu verwenden, ist eine Option.","robots":{"index":"index","follow":"follow","max-snippet":"max-snippet:-1","max-image-preview":"max-image-preview:large","max-video-preview":"max-video-preview:-1"},"canonical":"https:\/\/www.blackjackinfo.com\/de\/blackjack-schule\/lektion-15-fortgeschrittenenkurs-teil-3\/","og_locale":"de_DE","og_type":"article","og_title":"Lezione 15 - Il Corso Avanzato - Parte 3","og_description":"Variazioni della Strategia Base: Raddoppio? L'opportunit\u00e0 di raddoppiare la vostra puntata in cambio di ricevere una sola ulteriore carta \u00e8 un'opzione","og_url":"https:\/\/www.blackjackinfo.com\/de\/blackjack-schule\/lektion-15-fortgeschrittenenkurs-teil-3\/","og_site_name":"BlackjackInfo.com","article_modified_time":"2018-04-18T07:07:13+00:00","twitter_misc":{"Gesch\u00e4tzte Lesezeit":"2\u00a0Minuten"},"schema":{"@context":"https:\/\/schema.org","@graph":[{"@type":"WebPage","@id":"https:\/\/www.blackjackinfo.com\/blackjack-school\/lesson-15-advanced-course-part-3\/","url":"https:\/\/www.blackjackinfo.com\/blackjack-school\/lesson-15-advanced-course-part-3\/","name":"Lezione 15 - Il Corso Avanzato - Parte 3","isPartOf":{"@id":"https:\/\/www.blackjackinfo.com\/#website"},"datePublished":"2017-03-13T03:18:35+00:00","dateModified":"2018-04-18T07:07:13+00:00","description":"Variazioni della Strategia Base: Raddoppio? Die M\u00f6glichkeit, den eigenen Punkt zu verdoppeln, um nur eine einzige andere Karte zu verwenden, ist eine Option.","breadcrumb":{"@id":"https:\/\/www.blackjackinfo.com\/blackjack-school\/lesson-15-advanced-course-part-3\/#breadcrumb"},"inLanguage":"de","potentialAction":[{"@type":"ReadAction","target":["https:\/\/www.blackjackinfo.com\/blackjack-school\/lesson-15-advanced-course-part-3\/"]}]},{"@type":"BreadcrumbList","@id":"https:\/\/www.blackjackinfo.com\/blackjack-school\/lesson-15-advanced-course-part-3\/#breadcrumb","itemListElement":[{"@type":"ListItem","position":1,"name":"Home","item":"https:\/\/www.blackjackinfo.com\/"},{"@type":"ListItem","position":2,"name":"La Scuola di Blackjack di GameMaster","item":"https:\/\/www.it.blackjackinfo.com\/scuola-di-blackjack\/"},{"@type":"ListItem","position":3,"name":"Lezione 15 &#8211; Il Corso Avanzato &#8211; Parte 3"}]},{"@type":"WebSite","@id":"https:\/\/www.blackjackinfo.com\/#website","url":"https:\/\/www.blackjackinfo.com\/","name":"BlackjackInfo.de","description":"Denn Gewinnen macht mehr Spa\u00df!","potentialAction":[{"@type":"SearchAction","target":{"@type":"EntryPoint","urlTemplate":"https:\/\/www.blackjackinfo.com\/?s={search_term_string}"},"query-input":{"@type":"PropertyValueSpecification","valueRequired":true,"valueName":"search_term_string"}}],"inLanguage":"de"}]}},"_links":{"self":[{"href":"https:\/\/www.blackjackinfo.com\/de\/wp-json\/wp\/v2\/pages\/2788","targetHints":{"allow":["GET"]}}],"collection":[{"href":"https:\/\/www.blackjackinfo.com\/de\/wp-json\/wp\/v2\/pages"}],"about":[{"href":"https:\/\/www.blackjackinfo.com\/de\/wp-json\/wp\/v2\/types\/page"}],"author":[{"embeddable":true,"href":"https:\/\/www.blackjackinfo.com\/de\/wp-json\/wp\/v2\/users\/4"}],"replies":[{"embeddable":true,"href":"https:\/\/www.blackjackinfo.com\/de\/wp-json\/wp\/v2\/comments?post=2788"}],"version-history":[{"count":1,"href":"https:\/\/www.blackjackinfo.com\/de\/wp-json\/wp\/v2\/pages\/2788\/revisions"}],"predecessor-version":[{"id":2789,"href":"https:\/\/www.blackjackinfo.com\/de\/wp-json\/wp\/v2\/pages\/2788\/revisions\/2789"}],"up":[{"embeddable":true,"href":"https:\/\/www.blackjackinfo.com\/de\/wp-json\/wp\/v2\/pages\/2715"}],"wp:attachment":[{"href":"https:\/\/www.blackjackinfo.com\/de\/wp-json\/wp\/v2\/media?parent=2788"}],"wp:term":[{"taxonomy":"post_tag","embeddable":true,"href":"https:\/\/www.blackjackinfo.com\/de\/wp-json\/wp\/v2\/tags?post=2788"}],"curies":[{"name":"wp","href":"https:\/\/api.w.org\/{rel}","templated":true}]}}