{"id":2792,"date":"2017-03-12T22:26:14","date_gmt":"2017-03-13T03:26:14","guid":{"rendered":"https:\/\/www.blackjackinfo.com\/?page_id=2792\/"},"modified":"2018-04-18T02:07:13","modified_gmt":"2018-04-18T07:07:13","slug":"lezione-17-il-corso-avanzato-parte-5","status":"publish","type":"page","link":"https:\/\/www.blackjackinfo.com\/de\/scuola-di-blackjack\/lezione-17-il-corso-avanzato-parte-5\/","title":{"rendered":"Lezione 17 - Il Corso Avanzato - Parte 5"},"content":{"rendered":"<h3 class=\"gbs-heading\">Variazioni Strategia Base: Auf die Probe stellen<\/h3>\n<p class=\"gbs-intro\">Als ich meine Klassen ins Internet gestellt habe, war ich mir bewusst, dass ich eine gr\u00f6\u00dfere Menge dessen, was ich in einer Personenklasse unterrichten k\u00f6nnte, ver\u00f6ffentlichen k\u00f6nnte, aber ich habe die M\u00f6glichkeit der Kontaktaufnahme verloren, d.h. ich konnte nicht \u00fcberpr\u00fcfen, ob ich das von mir gelieferte Material auch wirklich anwenden kann. Nelle mie classi 'di-persona', posso sempre verificare i progressi dei miei studenti e determinare quanto siano efficaci i miei metodi di insegnamento. Nel nostro caso non possiamo farlo, ma vorrei che voi vi metteste alla prova con i metodi che andr\u00f2 a spiegarvi, se non per il fatto che quando appurerete le vostre conoscenze ci\u00f2 migliorer\u00e0 il vostro grado di sicurezza. Genauso wie wir die richtige Strategie anwenden, sollten wir auch zuerst eine Kopie des Tests direkt aus dem Material, das ich unterrichtet habe, ausf\u00fcllen, um einen Hinweis zu erhalten, der bei der Bearbeitung der nachfolgenden Tests hilfreich sein kann.<\/p>\n<p><b>Bei diesem Test ist es erforderlich, dass Sie die Bereiche mit einem entsprechenden numerischen Index von -2 bis +10 markieren. Stampatene pure quante copie desiderate.<\/b><\/p>\n<table class=\"gbs-ctable\">\n<tbody>\n<tr>\n<th colspan=\"11\">Esercizio a Matrice del Corso Avanzato<\/th>\n<\/tr>\n<tr>\n<th>Karte der Bank (Carta del Banco)<\/th>\n<th>2<\/th>\n<th>3<\/th>\n<th>4<\/th>\n<th>5<\/th>\n<th>6<\/th>\n<th>7<\/th>\n<th>8<\/th>\n<th>9<\/th>\n<th>10<\/th>\n<th>A<\/th>\n<\/tr>\n<tr>\n<td>Mano del Giocatore A,2<\/td>\n<td>T<\/td>\n<td>T<\/td>\n<td>__<\/td>\n<td>__<\/td>\n<td>__<\/td>\n<td>T<\/td>\n<td>T<\/td>\n<td>T<\/td>\n<td>T<\/td>\n<td>T<\/td>\n<\/tr>\n<tr>\n<td>Mano del Giocatore A,3<\/td>\n<td>T<\/td>\n<td>T<\/td>\n<td>__<\/td>\n<td>__<\/td>\n<td>R<\/td>\n<td>T<\/td>\n<td>T<\/td>\n<td>T<\/td>\n<td>T<\/td>\n<td>T<\/td>\n<\/tr>\n<tr>\n<td>Mano del Giocatore A,4<\/td>\n<td>T<\/td>\n<td>T<\/td>\n<td>__<\/td>\n<td>R<\/td>\n<td>R<\/td>\n<td>T<\/td>\n<td>T<\/td>\n<td>T<\/td>\n<td>T<\/td>\n<td>T<\/td>\n<\/tr>\n<tr>\n<td>Mano del Giocatore A,5<\/td>\n<td>T<\/td>\n<td>T<\/td>\n<td>T<\/td>\n<td>R<\/td>\n<td>R<\/td>\n<td>R<\/td>\n<td>T<\/td>\n<td>T<\/td>\n<td>T<\/td>\n<td>T<\/td>\n<\/tr>\n<tr>\n<td>Mano del Giocatore A,6<\/td>\n<td>T<\/td>\n<td>R<\/td>\n<td>R<\/td>\n<td>R<\/td>\n<td>R<\/td>\n<td>T<\/td>\n<td>T<\/td>\n<td>T<\/td>\n<td>T<\/td>\n<td>T<\/td>\n<\/tr>\n<tr>\n<td>Mano del Giocatore A,7<\/td>\n<td>__<\/td>\n<td>R<\/td>\n<td>R<\/td>\n<td>R<\/td>\n<td>R<\/td>\n<td>F<\/td>\n<td>F<\/td>\n<td>T<\/td>\n<td>T<\/td>\n<td>__<\/td>\n<\/tr>\n<tr>\n<td>Mano del Giocatore A,8<\/td>\n<td>F<\/td>\n<td>F<\/td>\n<td>__<\/td>\n<td>__<\/td>\n<td>__<\/td>\n<td>F<\/td>\n<td>F<\/td>\n<td>F<\/td>\n<td>F<\/td>\n<td>F<\/td>\n<\/tr>\n<tr>\n<td>Mano del Giocatore A,9<\/td>\n<td>F<\/td>\n<td>F<\/td>\n<td>F<\/td>\n<td>__<\/td>\n<td>__<\/td>\n<td>F<\/td>\n<td>F<\/td>\n<td>F<\/td>\n<td>F<\/td>\n<td>F<\/td>\n<\/tr>\n<tr>\n<td>Mano del Giocatore 8<\/td>\n<td>T<\/td>\n<td>T<\/td>\n<td>T<\/td>\n<td>__<\/td>\n<td>__<\/td>\n<td>T<\/td>\n<td>T<\/td>\n<td>T<\/td>\n<td>T<\/td>\n<td>T<\/td>\n<\/tr>\n<tr>\n<td>Mano del Giocatore 9<\/td>\n<td>__<\/td>\n<td>__<\/td>\n<td>R<\/td>\n<td>R<\/td>\n<td>R<\/td>\n<td>__<\/td>\n<td>T<\/td>\n<td>T<\/td>\n<td>T<\/td>\n<td>T<\/td>\n<\/tr>\n<tr>\n<td>Mano del Giocatore 10<\/td>\n<td>R<\/td>\n<td>R<\/td>\n<td>R<\/td>\n<td>R<\/td>\n<td>R<\/td>\n<td>R<\/td>\n<td>R<\/td>\n<td>__<\/td>\n<td>T<\/td>\n<td>T<\/td>\n<\/tr>\n<tr>\n<td>Mano del Giocatore 11<\/td>\n<td>R<\/td>\n<td>R<\/td>\n<td>R<\/td>\n<td>R<\/td>\n<td>R<\/td>\n<td>R<\/td>\n<td>R<\/td>\n<td>R<\/td>\n<td>R<\/td>\n<td>__<\/td>\n<\/tr>\n<tr>\n<td>Mano del Giocatore 12<\/td>\n<td>__<\/td>\n<td>__<\/td>\n<td>__<\/td>\n<td>__<\/td>\n<td>F<\/td>\n<td>T<\/td>\n<td>T<\/td>\n<td>T<\/td>\n<td>T<\/td>\n<td>T<\/td>\n<\/tr>\n<tr>\n<td>Mano del Giocatore 13<\/td>\n<td>__<\/td>\n<td>F<\/td>\n<td>F<\/td>\n<td>F<\/td>\n<td>F<\/td>\n<td>T<\/td>\n<td>T<\/td>\n<td>T<\/td>\n<td>T<\/td>\n<td>T<\/td>\n<\/tr>\n<tr>\n<td>Mano del Giocatore 14<\/td>\n<td>F<\/td>\n<td>F<\/td>\n<td>F<\/td>\n<td>F<\/td>\n<td>F<\/td>\n<td>T<\/td>\n<td>T<\/td>\n<td>T<\/td>\n<td>T<\/td>\n<td>__<\/td>\n<\/tr>\n<tr>\n<td>Mano del Giocatore 15<\/td>\n<td>F<\/td>\n<td>F<\/td>\n<td>F<\/td>\n<td>F<\/td>\n<td>F<\/td>\n<td>__<\/td>\n<td>__<\/td>\n<td>__<\/td>\n<td>__<\/td>\n<td>__<\/td>\n<\/tr>\n<tr>\n<td>Mano del Giocatore 16<\/td>\n<td>F<\/td>\n<td>F<\/td>\n<td>F<\/td>\n<td>F<\/td>\n<td>F<\/td>\n<td>__<\/td>\n<td>__<\/td>\n<td>__<\/td>\n<td>__<\/td>\n<td>__<\/td>\n<\/tr>\n<tr>\n<td>Mano del Giocatore 17+<\/td>\n<td>F<\/td>\n<td>F<\/td>\n<td>F<\/td>\n<td>F<\/td>\n<td>F<\/td>\n<td>F<\/td>\n<td>F<\/td>\n<td>F<\/td>\n<td>F<\/td>\n<td>F<\/td>\n<\/tr>\n<tr>\n<td>Mano del Giocatore 2,2<\/td>\n<td>D<\/td>\n<td>D<\/td>\n<td>D<\/td>\n<td>D<\/td>\n<td>D<\/td>\n<td>D<\/td>\n<td>T<\/td>\n<td>T<\/td>\n<td>T<\/td>\n<td>T<\/td>\n<\/tr>\n<tr>\n<td>Mano del Giocatore 3,3<\/td>\n<td>__<\/td>\n<td>D<\/td>\n<td>D<\/td>\n<td>D<\/td>\n<td>D<\/td>\n<td>D<\/td>\n<td>T<\/td>\n<td>T<\/td>\n<td>T<\/td>\n<td>T<\/td>\n<\/tr>\n<tr>\n<td>Mano del Giocatore 4,4<\/td>\n<td>T<\/td>\n<td>T<\/td>\n<td>T<\/td>\n<td>__<\/td>\n<td>__<\/td>\n<td>T<\/td>\n<td>T<\/td>\n<td>T<\/td>\n<td>T<\/td>\n<td>T<\/td>\n<\/tr>\n<tr>\n<td>Mano del Giocatore 5,5<\/td>\n<td colspan=\"10\">NON DIVIDETE; TRATTATELO COME UN '10'<\/td>\n<\/tr>\n<tr>\n<td>Mano del Giocatore 6,6<\/td>\n<td>__<\/td>\n<td>D<\/td>\n<td>D<\/td>\n<td>D<\/td>\n<td>D<\/td>\n<td>T<\/td>\n<td>T<\/td>\n<td>T<\/td>\n<td>T<\/td>\n<td>T<\/td>\n<\/tr>\n<tr>\n<td>Mano del Giocatore 7,7<\/td>\n<td>D<\/td>\n<td>D<\/td>\n<td>D<\/td>\n<td>D<\/td>\n<td>D<\/td>\n<td>D<\/td>\n<td>T<\/td>\n<td>T<\/td>\n<td>T<\/td>\n<td>T<\/td>\n<\/tr>\n<tr>\n<td>Mano del Giocatore 8,8<\/td>\n<td>D<\/td>\n<td>D<\/td>\n<td>D<\/td>\n<td>D<\/td>\n<td>D<\/td>\n<td>D<\/td>\n<td>D<\/td>\n<td>D<\/td>\n<td>__<\/td>\n<td>D<\/td>\n<\/tr>\n<tr>\n<td>Mano del Giocatore 9,9<\/td>\n<td>D<\/td>\n<td>D<\/td>\n<td>D<\/td>\n<td>D<\/td>\n<td>D<\/td>\n<td>__<\/td>\n<td>D<\/td>\n<td>D<\/td>\n<td>F<\/td>\n<td>__<\/td>\n<\/tr>\n<tr>\n<td>Mano del Giocatore 10,10<\/td>\n<td>F<\/td>\n<td>F<\/td>\n<td>F<\/td>\n<td>F<\/td>\n<td>F<\/td>\n<td>F<\/td>\n<td>F<\/td>\n<td>F<\/td>\n<td>F<\/td>\n<td>F<\/td>\n<\/tr>\n<tr>\n<td>Mano del Giocatore A,A<\/td>\n<td>D<\/td>\n<td>D<\/td>\n<td>D<\/td>\n<td>D<\/td>\n<td>D<\/td>\n<td>D<\/td>\n<td>D<\/td>\n<td>D<\/td>\n<td>D<\/td>\n<td>D<\/td>\n<\/tr>\n<\/tbody>\n<\/table>\n<p><b>DIESE TABELLE SETZT VORAUS, DASS DAS RADDOPPEL NACH DER TEILUNG EINVERSTANDEN IST UND DASS DIE 10 NICHT GETEILT WERDEN M\u00dcSSEN.<\/b><\/p>\n<h3 class=\"gbs-heading\">Zuschl\u00e4ge f\u00fcr Wohnungen<\/h3>\n<p>Cominciate con questo e provate a farne uno al giorno per le prossime due settimane.<\/p>\n<p>Arrivederci alla prossima lezione.<\/p>","protected":false},"excerpt":{"rendered":"<p>Variazioni Strategia Base: Mettetevi alla prova Mettendo le mie classi su internet, ero conscio di poter raggiungere un pubblico maggiore di quanto ne potessi avere insegnando in classe di persona, ma ovviamente vengo a perdere la possibilit\u00e0 del riscontro cio\u00e8 verificare come state imparando il materiale qui esposto. Nelle mie classi &#8216;di-persona&#8217;, posso sempre verificare [&hellip;]<\/p>\n","protected":false},"author":4,"featured_media":0,"parent":2715,"menu_order":0,"comment_status":"open","ping_status":"open","template":"page-blacjack-school-it.php","meta":{"_acf_changed":false,"footnotes":""},"tags":[],"class_list":["post-2792","page","type-page","status-publish","hentry"],"acf":[],"yoast_head":"<!-- This site is optimized with the Yoast SEO plugin v26.6 - https:\/\/yoast.com\/wordpress\/plugins\/seo\/ -->\n<title>Lezione 17 - Il Corso Avanzato - Parte 5<\/title>\n<meta name=\"description\" content=\"Variazioni Strategia Base: Mettetevi alla prova Mettendo le mie classi su internet, ero conscio di poter raggiungere un pubblico maggiore di quanto ne\" \/>\n<meta name=\"robots\" content=\"index, follow, max-snippet:-1, max-image-preview:large, max-video-preview:-1\" \/>\n<link rel=\"canonical\" href=\"https:\/\/www.blackjackinfo.com\/de\/blackjack-schule\/lektion-17-fortgeschrittenenkurs-teil-5\/\" \/>\n<meta property=\"og:locale\" content=\"de_DE\" \/>\n<meta property=\"og:type\" content=\"article\" \/>\n<meta property=\"og:title\" content=\"Lezione 17 - Il Corso Avanzato - Parte 5\" \/>\n<meta property=\"og:description\" content=\"Variazioni Strategia Base: Mettetevi alla prova Mettendo le mie classi su internet, ero conscio di poter raggiungere un pubblico maggiore di quanto ne\" \/>\n<meta property=\"og:url\" content=\"https:\/\/www.blackjackinfo.com\/de\/blackjack-schule\/lektion-17-fortgeschrittenenkurs-teil-5\/\" \/>\n<meta property=\"og:site_name\" content=\"BlackjackInfo.com\" \/>\n<meta property=\"article:modified_time\" content=\"2018-04-18T07:07:13+00:00\" \/>\n<meta name=\"twitter:label1\" content=\"Gesch\u00e4tzte Lesezeit\" \/>\n\t<meta name=\"twitter:data1\" content=\"3\u00a0Minuten\" \/>\n<script type=\"application\/ld+json\" class=\"yoast-schema-graph\">{\"@context\":\"https:\/\/schema.org\",\"@graph\":[{\"@type\":\"WebPage\",\"@id\":\"https:\/\/www.blackjackinfo.com\/blackjack-school\/lesson-17-advanced-course-part-5\/\",\"url\":\"https:\/\/www.blackjackinfo.com\/blackjack-school\/lesson-17-advanced-course-part-5\/\",\"name\":\"Lezione 17 - Il Corso Avanzato - Parte 5\",\"isPartOf\":{\"@id\":\"https:\/\/www.blackjackinfo.com\/#website\"},\"datePublished\":\"2017-03-13T03:26:14+00:00\",\"dateModified\":\"2018-04-18T07:07:13+00:00\",\"description\":\"Variazioni Strategia Base: Mettetevi alla prova Mettendo le mie classi su internet, ero conscio di poter raggiungere un pubblico maggiore di quanto ne\",\"breadcrumb\":{\"@id\":\"https:\/\/www.blackjackinfo.com\/blackjack-school\/lesson-17-advanced-course-part-5\/#breadcrumb\"},\"inLanguage\":\"de\",\"potentialAction\":[{\"@type\":\"ReadAction\",\"target\":[\"https:\/\/www.blackjackinfo.com\/blackjack-school\/lesson-17-advanced-course-part-5\/\"]}]},{\"@type\":\"BreadcrumbList\",\"@id\":\"https:\/\/www.blackjackinfo.com\/blackjack-school\/lesson-17-advanced-course-part-5\/#breadcrumb\",\"itemListElement\":[{\"@type\":\"ListItem\",\"position\":1,\"name\":\"Home\",\"item\":\"https:\/\/www.blackjackinfo.com\/\"},{\"@type\":\"ListItem\",\"position\":2,\"name\":\"La Scuola di Blackjack di GameMaster\",\"item\":\"https:\/\/www.it.blackjackinfo.com\/scuola-di-blackjack\/\"},{\"@type\":\"ListItem\",\"position\":3,\"name\":\"Lezione 17 &#8211; Il Corso Avanzato &#8211; Parte 5\"}]},{\"@type\":\"WebSite\",\"@id\":\"https:\/\/www.blackjackinfo.com\/#website\",\"url\":\"https:\/\/www.blackjackinfo.com\/\",\"name\":\"BlackjackInfo.com\",\"description\":\"Because Winning is More Fun!\",\"potentialAction\":[{\"@type\":\"SearchAction\",\"target\":{\"@type\":\"EntryPoint\",\"urlTemplate\":\"https:\/\/www.blackjackinfo.com\/?s={search_term_string}\"},\"query-input\":{\"@type\":\"PropertyValueSpecification\",\"valueRequired\":true,\"valueName\":\"search_term_string\"}}],\"inLanguage\":\"de\"}]}<\/script>\n<!-- \/ Yoast SEO plugin. -->","yoast_head_json":{"title":"Lezione 17 - Il Corso Avanzato - Parte 5","description":"Variazioni Strategia Base: Die Probe aufs Exempel machen Durch das Aufrufen meiner Klassen im Internet wurde mir bewusst, dass ich ein gr\u00f6\u00dferes Publikum erreichen kann, als es mir lieb ist.","robots":{"index":"index","follow":"follow","max-snippet":"max-snippet:-1","max-image-preview":"max-image-preview:large","max-video-preview":"max-video-preview:-1"},"canonical":"https:\/\/www.blackjackinfo.com\/de\/blackjack-schule\/lektion-17-fortgeschrittenenkurs-teil-5\/","og_locale":"de_DE","og_type":"article","og_title":"Lezione 17 - Il Corso Avanzato - Parte 5","og_description":"Variazioni Strategia Base: Mettetevi alla prova Mettendo le mie classi su internet, ero conscio di poter raggiungere un pubblico maggiore di quanto ne","og_url":"https:\/\/www.blackjackinfo.com\/de\/blackjack-schule\/lektion-17-fortgeschrittenenkurs-teil-5\/","og_site_name":"BlackjackInfo.com","article_modified_time":"2018-04-18T07:07:13+00:00","twitter_misc":{"Gesch\u00e4tzte Lesezeit":"3\u00a0Minuten"},"schema":{"@context":"https:\/\/schema.org","@graph":[{"@type":"WebPage","@id":"https:\/\/www.blackjackinfo.com\/blackjack-school\/lesson-17-advanced-course-part-5\/","url":"https:\/\/www.blackjackinfo.com\/blackjack-school\/lesson-17-advanced-course-part-5\/","name":"Lezione 17 - Il Corso Avanzato - Parte 5","isPartOf":{"@id":"https:\/\/www.blackjackinfo.com\/#website"},"datePublished":"2017-03-13T03:26:14+00:00","dateModified":"2018-04-18T07:07:13+00:00","description":"Variazioni Strategia Base: Die Probe aufs Exempel machen Durch das Aufrufen meiner Klassen im Internet wurde mir bewusst, dass ich ein gr\u00f6\u00dferes Publikum erreichen kann, als es mir lieb ist.","breadcrumb":{"@id":"https:\/\/www.blackjackinfo.com\/blackjack-school\/lesson-17-advanced-course-part-5\/#breadcrumb"},"inLanguage":"de","potentialAction":[{"@type":"ReadAction","target":["https:\/\/www.blackjackinfo.com\/blackjack-school\/lesson-17-advanced-course-part-5\/"]}]},{"@type":"BreadcrumbList","@id":"https:\/\/www.blackjackinfo.com\/blackjack-school\/lesson-17-advanced-course-part-5\/#breadcrumb","itemListElement":[{"@type":"ListItem","position":1,"name":"Home","item":"https:\/\/www.blackjackinfo.com\/"},{"@type":"ListItem","position":2,"name":"La Scuola di Blackjack di GameMaster","item":"https:\/\/www.it.blackjackinfo.com\/scuola-di-blackjack\/"},{"@type":"ListItem","position":3,"name":"Lezione 17 &#8211; Il Corso Avanzato &#8211; Parte 5"}]},{"@type":"WebSite","@id":"https:\/\/www.blackjackinfo.com\/#website","url":"https:\/\/www.blackjackinfo.com\/","name":"BlackjackInfo.de","description":"Denn Gewinnen macht mehr Spa\u00df!","potentialAction":[{"@type":"SearchAction","target":{"@type":"EntryPoint","urlTemplate":"https:\/\/www.blackjackinfo.com\/?s={search_term_string}"},"query-input":{"@type":"PropertyValueSpecification","valueRequired":true,"valueName":"search_term_string"}}],"inLanguage":"de"}]}},"_links":{"self":[{"href":"https:\/\/www.blackjackinfo.com\/de\/wp-json\/wp\/v2\/pages\/2792","targetHints":{"allow":["GET"]}}],"collection":[{"href":"https:\/\/www.blackjackinfo.com\/de\/wp-json\/wp\/v2\/pages"}],"about":[{"href":"https:\/\/www.blackjackinfo.com\/de\/wp-json\/wp\/v2\/types\/page"}],"author":[{"embeddable":true,"href":"https:\/\/www.blackjackinfo.com\/de\/wp-json\/wp\/v2\/users\/4"}],"replies":[{"embeddable":true,"href":"https:\/\/www.blackjackinfo.com\/de\/wp-json\/wp\/v2\/comments?post=2792"}],"version-history":[{"count":1,"href":"https:\/\/www.blackjackinfo.com\/de\/wp-json\/wp\/v2\/pages\/2792\/revisions"}],"predecessor-version":[{"id":2793,"href":"https:\/\/www.blackjackinfo.com\/de\/wp-json\/wp\/v2\/pages\/2792\/revisions\/2793"}],"up":[{"embeddable":true,"href":"https:\/\/www.blackjackinfo.com\/de\/wp-json\/wp\/v2\/pages\/2715"}],"wp:attachment":[{"href":"https:\/\/www.blackjackinfo.com\/de\/wp-json\/wp\/v2\/media?parent=2792"}],"wp:term":[{"taxonomy":"post_tag","embeddable":true,"href":"https:\/\/www.blackjackinfo.com\/de\/wp-json\/wp\/v2\/tags?post=2792"}],"curies":[{"name":"wp","href":"https:\/\/api.w.org\/{rel}","templated":true}]}}