{"id":2794,"date":"2017-03-12T22:29:13","date_gmt":"2017-03-13T03:29:13","guid":{"rendered":"https:\/\/www.blackjackinfo.com\/?page_id=2794\/"},"modified":"2018-04-18T02:07:13","modified_gmt":"2018-04-18T07:07:13","slug":"lezione-18-blackjack-avanzato-con-un-solo-mazzo","status":"publish","type":"page","link":"https:\/\/www.blackjackinfo.com\/de\/scuola-di-blackjack\/lezione-18-blackjack-avanzato-con-un-solo-mazzo\/","title":{"rendered":"Lezione 18 - Blackjack Avanzato con un Solo Mazzo"},"content":{"rendered":"<p class=\"intro\">Auch wenn ein gro\u00dfer Teil des Kartensatzes eine Wissenschaft ist - die Wissenschaft der Mathematik -, wenn man mit einem einzigen Mazzo arbeitet, passt das Ganze eher zu einer Kunstform. <b>Die Umstellung auf eine echte Z\u00e4hlung gestaltet sich schwierig, wenn man schnell rechnen will, denn gro\u00dfe Punkte (von mehr als 4 bis 1) sind schwer zu erreichen und es ist kompliziert, ein genaues Bild mit den ganzen Karten zu erhalten, auch wenn wir in der Lage waren, die gescannten Karten zu behalten.<\/b> Nichtsdestotrotz kann ich das Spiel mit einem einzigen Mazzo spielen und, wenn ich den Test gegen die anderen Mazzi in meinem Gebiet nicht bestehen kann, 2 oder 3 Reisen im Jahr nach Reno machen. No, non sono un impiegato della Camera di Commercio di Reno, ma posso dirvi che \u00e8 un gran posto per fare i soldi ai tavoli del Blackjack, ed \u00e8 relativamente poco costoso e facile da raggiungere da ogni parte degli Stati Uniti. Di sicuro molte delle loro regole sono svantaggiose (raddoppio consentito solo con il 10 e l'11, nessun raddoppio dopo la divisione e il banco tira con un A-6) e questo consente al casino di avere il vantaggio dello 0.5% che stiamo proprio cercando di combattere, ma baster\u00e0 una carta da +1 per andare in parit\u00e0 con il banco e questa \u00e8 la vera attrazione del gioco con un solo mazzo. Debbo dirvi che alcuni casino a Reno (come pure a Tahoe e Laughlin) consentono il raddoppio per tutte le prime due carte, di conseguenza il vantaggio del casino si abbassa a circa lo 0.2% e diventa quindi un gioco molto favororevole.<\/p>\n<p><b>Um herauszufinden, ob ein Spiel mit einem einzelnen Mazzo f\u00fcr uns vorteilhaft ist, muss man wissen, welche Karten vor dem Mischen benutzt wurden.<\/b> Wenn Sie ein Spiel mit 60% Durchschlagskraft und einem Scarto di scommessa von 5 bis 1 finden, ist es sehr einfach, langfristig einen Gewinnprozentsatz von 1,5% f\u00fcr alle gesammelten Soldaten zu erzielen, indem Sie einfach mit der Basisstrategie spielen und die Scommesse in jeder Sekunde des Spiels \u00e4ndern. Wenn Sie au\u00dferdem das Spiel Ihrer Hand auf der Basis des True Count modifizieren, erh\u00f6ht sich die Gewinnsumme um 2%. Das sind gute Tipps f\u00fcr Blackjack-Fans, also lohnt es sich, sie zu beherzigen.<\/p>\n<h3 class=\"gbs-heading\">Welches System wird eingesetzt?<\/h3>\n<p><b>Benutzen Sie zwei verschiedene Systeme zur Steuerung der Karten: Hi\/Lo f\u00fcr Spiele mit mehreren Mazzi und das System \"Hi-Opt 1\" f\u00fcr Spiele mit einem einzigen Mazzo.<\/b> Diese letzte Karte enth\u00e4lt die Karten von 3 bis 6 als +1; die 7, 8, 9 und das Asso als 0 und die 10 als -1. Poich\u00e8 ci sono solo quattro assi da tenere traccia nel gioco con un solo mazzo, trovo che omettendo l'asso nel conteggio si migliora il gioco della mano, ed inoltre posso ancora 'regolare' il conteggio per fare le mie scommesse. Parliamo, per un momento, del conteggio separato degli assi. In einer normalen Verteilung w\u00fcrden wir in jedem Spielquartal einen Asso sehen wollen, aber das ist nicht immer der Fall. Per esempio, se un quarto di mazzo \u00e8 stato giocato e non \u00e8 uscito alcun asso, il mazzo restante \u00e8 \"ricco\" di un asso. Es besteht die M\u00f6glichkeit - bei Spielverboten - vor\u00fcbergehend ein +1 zum Spiel hinzuzuf\u00fcgen, bei Spielverboten ist der wahre Wert ohne diese Anpassung korrekt. Chiaro il concetto? Wenn ich ein Quarto spiele und 2 Assi eingesetzt habe, ist das restliche Mazzo um ein Asso \"\u00e4rmer\", so dass ich das Ergebnis um 1 verringere (d.h. weniger als 1 zum Ergebnis hinzuf\u00fcge), und zwar nur f\u00fcr Punta-Risiken, da meine M\u00f6glichkeit, einen Blackjack zu spielen, geringer ist. Dies ist eine gute Erg\u00e4nzung f\u00fcr Ihr Spiel, aber ich empfehle Ihnen, sie nur mit einem einzigen Spiel zu verwenden, da die Regelung der Assi mental sehr anstrengend ist.<br \/>\nSe desiderate imparare il conteggio Hi-Opt, utilizzate le same tecniche che vi ho mostrato imparando il conteggio Hi\/Lo. Alle meine modernen Techniken basieren jedoch auf dem Hi\/Lo-System, da dies die am h\u00e4ufigsten verwendete Methode ist.<\/p>\n<p><b>Die schwierigste Aufgabe f\u00fcr ein Spiel mit einem einzelnen Mazzo ist es, die richtige Anzahl zu berechnen.<\/b> Zuerst m\u00fcssen Sie Ihre Augen \"kalibrieren\", um die Anzahl der gespielten Karten zu messen. In vielen Casinos legt der Croupier die Karten in ein Ger\u00fcst auf einer Seite, anders als in den \"kleinen\" Casinos, in denen die Karten auf dem Boden liegen, so dass der Spielspa\u00df leichter zu erreichen ist. La parte veramente difficile \u00e8 fare la divisione matematica richiesta. Nel gioco con pi\u00f9 mazzi, divideremo quasi sempre un numero intero (il running count) per un altro numero che era almeno 1. Allerdings haben einige Leute Probleme damit, schnell 17 durch 2,5 zu teilen, aber das ist nicht schlimm, wenn man es nicht tut. Mit einem einzelnen Mazzo muss man immer f\u00fcr einen Teil oder ein Dezimale teilen, was nicht ganz einfach ist. Per esempio, se giocate con un solo mazzo e un quarto di mazzo \u00e8 uscito, con un running count di 3, il true count sar\u00e0 3 diviso 0.75 = 4. Si tratta di un esempio fondamentalmente semplice. Provate a dividere un running count di 5 per 0.5. La risposta \u00e8 ovviamente 10, ma quanti di voi hanno detto 2.5 o 1? Solo l'allenamento far\u00e0 in modo che questo diventi un processo automatico.<\/p>\n<h3 class=\"gbs-heading\">Zuschl\u00e4ge f\u00fcr Wohnungen<\/h3>\n<p>Fahren Sie fort, die Entscheidungszahlen f\u00fcr die Variationen der Basisstrategie mit dem Hi\/Lo-System in einem Spiel mit mehreren Spielern einzustellen. F\u00fcr die \"Erfolgsmenschen\", beginnen Sie mit dem Einspielen des Konzepts Hi-Opt 1.<\/p>","protected":false},"excerpt":{"rendered":"<p>Sebbene gran parte del conteggio delle carte sia una scienza \u2013 la scienza dei matematici \u2013 quando si gioca con un solo mazzo il tutto assomiglia di pi\u00f9 ad una forma d&#8217;arte. La conversione al True count diventa difficile se si desidera calcolarlo rapidamente, gli scarti per le puntate grosse (da oltre 4 a 1) [&hellip;]<\/p>\n","protected":false},"author":4,"featured_media":0,"parent":2715,"menu_order":0,"comment_status":"open","ping_status":"open","template":"page-blacjack-school-it.php","meta":{"_acf_changed":false,"footnotes":""},"tags":[],"class_list":["post-2794","page","type-page","status-publish","hentry"],"acf":[],"yoast_head":"<!-- This site is optimized with the Yoast SEO plugin v26.6 - https:\/\/yoast.com\/wordpress\/plugins\/seo\/ -->\n<title>Lezione 18 - Blackjack Avanzato con un Solo Mazzo<\/title>\n<meta name=\"description\" content=\"Sebbene gran parte del conteggio delle carte sia una scienza \u2013 la scienza dei matematici \u2013 quando si gioca con un solo mazzo il tutto assomiglia di pi\u00f9 ad\" \/>\n<meta name=\"robots\" content=\"index, follow, max-snippet:-1, max-image-preview:large, max-video-preview:-1\" \/>\n<link rel=\"canonical\" href=\"https:\/\/www.blackjackinfo.com\/de\/blackjack-schule\/lektion-18-blackjack-fur-fortgeschrittene-teil-1\/\" \/>\n<meta property=\"og:locale\" content=\"de_DE\" \/>\n<meta property=\"og:type\" content=\"article\" \/>\n<meta property=\"og:title\" content=\"Lezione 18 - Blackjack Avanzato con un Solo Mazzo\" \/>\n<meta property=\"og:description\" content=\"Sebbene gran parte del conteggio delle carte sia una scienza \u2013 la scienza dei matematici \u2013 quando si gioca con un solo mazzo il tutto assomiglia di pi\u00f9 ad\" \/>\n<meta property=\"og:url\" content=\"https:\/\/www.blackjackinfo.com\/de\/blackjack-schule\/lektion-18-blackjack-fur-fortgeschrittene-teil-1\/\" \/>\n<meta property=\"og:site_name\" content=\"BlackjackInfo.com\" \/>\n<meta property=\"article:modified_time\" content=\"2018-04-18T07:07:13+00:00\" \/>\n<meta name=\"twitter:label1\" content=\"Gesch\u00e4tzte Lesezeit\" \/>\n\t<meta name=\"twitter:data1\" content=\"4\u00a0Minuten\" \/>\n<script type=\"application\/ld+json\" class=\"yoast-schema-graph\">{\"@context\":\"https:\/\/schema.org\",\"@graph\":[{\"@type\":\"WebPage\",\"@id\":\"https:\/\/www.blackjackinfo.com\/blackjack-school\/lesson-18-advanced-single-deck-blackjack-part-1\/\",\"url\":\"https:\/\/www.blackjackinfo.com\/blackjack-school\/lesson-18-advanced-single-deck-blackjack-part-1\/\",\"name\":\"Lezione 18 - Blackjack Avanzato con un Solo Mazzo\",\"isPartOf\":{\"@id\":\"https:\/\/www.blackjackinfo.com\/#website\"},\"datePublished\":\"2017-03-13T03:29:13+00:00\",\"dateModified\":\"2018-04-18T07:07:13+00:00\",\"description\":\"Sebbene gran parte del conteggio delle carte sia una scienza \u2013 la scienza dei matematici \u2013 quando si gioca con un solo mazzo il tutto assomiglia di pi\u00f9 ad\",\"breadcrumb\":{\"@id\":\"https:\/\/www.blackjackinfo.com\/blackjack-school\/lesson-18-advanced-single-deck-blackjack-part-1\/#breadcrumb\"},\"inLanguage\":\"de\",\"potentialAction\":[{\"@type\":\"ReadAction\",\"target\":[\"https:\/\/www.blackjackinfo.com\/blackjack-school\/lesson-18-advanced-single-deck-blackjack-part-1\/\"]}]},{\"@type\":\"BreadcrumbList\",\"@id\":\"https:\/\/www.blackjackinfo.com\/blackjack-school\/lesson-18-advanced-single-deck-blackjack-part-1\/#breadcrumb\",\"itemListElement\":[{\"@type\":\"ListItem\",\"position\":1,\"name\":\"Home\",\"item\":\"https:\/\/www.blackjackinfo.com\/\"},{\"@type\":\"ListItem\",\"position\":2,\"name\":\"La Scuola di Blackjack di GameMaster\",\"item\":\"https:\/\/www.it.blackjackinfo.com\/scuola-di-blackjack\/\"},{\"@type\":\"ListItem\",\"position\":3,\"name\":\"Lezione 18 &#8211; Blackjack Avanzato con un Solo Mazzo\"}]},{\"@type\":\"WebSite\",\"@id\":\"https:\/\/www.blackjackinfo.com\/#website\",\"url\":\"https:\/\/www.blackjackinfo.com\/\",\"name\":\"BlackjackInfo.com\",\"description\":\"Because Winning is More Fun!\",\"potentialAction\":[{\"@type\":\"SearchAction\",\"target\":{\"@type\":\"EntryPoint\",\"urlTemplate\":\"https:\/\/www.blackjackinfo.com\/?s={search_term_string}\"},\"query-input\":{\"@type\":\"PropertyValueSpecification\",\"valueRequired\":true,\"valueName\":\"search_term_string\"}}],\"inLanguage\":\"de\"}]}<\/script>\n<!-- \/ Yoast SEO plugin. -->","yoast_head_json":{"title":"Lezione 18 - Blackjack Avanzato con un Solo Mazzo","description":"Auch wenn ein gro\u00dfer Teil des Karteninhaltes eine Wissenschaft ist - die Wissenschaft der Mathematik -, wenn man mit einem einzigen Mazzo spielt, wird alles noch mehr zu einer Wissenschaft.","robots":{"index":"index","follow":"follow","max-snippet":"max-snippet:-1","max-image-preview":"max-image-preview:large","max-video-preview":"max-video-preview:-1"},"canonical":"https:\/\/www.blackjackinfo.com\/de\/blackjack-schule\/lektion-18-blackjack-fur-fortgeschrittene-teil-1\/","og_locale":"de_DE","og_type":"article","og_title":"Lezione 18 - Blackjack Avanzato con un Solo Mazzo","og_description":"Sebbene gran parte del conteggio delle carte sia una scienza \u2013 la scienza dei matematici \u2013 quando si gioca con un solo mazzo il tutto assomiglia di pi\u00f9 ad","og_url":"https:\/\/www.blackjackinfo.com\/de\/blackjack-schule\/lektion-18-blackjack-fur-fortgeschrittene-teil-1\/","og_site_name":"BlackjackInfo.com","article_modified_time":"2018-04-18T07:07:13+00:00","twitter_misc":{"Gesch\u00e4tzte Lesezeit":"4\u00a0Minuten"},"schema":{"@context":"https:\/\/schema.org","@graph":[{"@type":"WebPage","@id":"https:\/\/www.blackjackinfo.com\/blackjack-school\/lesson-18-advanced-single-deck-blackjack-part-1\/","url":"https:\/\/www.blackjackinfo.com\/blackjack-school\/lesson-18-advanced-single-deck-blackjack-part-1\/","name":"Lezione 18 - Blackjack Avanzato con un Solo Mazzo","isPartOf":{"@id":"https:\/\/www.blackjackinfo.com\/#website"},"datePublished":"2017-03-13T03:29:13+00:00","dateModified":"2018-04-18T07:07:13+00:00","description":"Auch wenn ein gro\u00dfer Teil des Karteninhaltes eine Wissenschaft ist - die Wissenschaft der Mathematik -, wenn man mit einem einzigen Mazzo spielt, wird alles noch mehr zu einer Wissenschaft.","breadcrumb":{"@id":"https:\/\/www.blackjackinfo.com\/blackjack-school\/lesson-18-advanced-single-deck-blackjack-part-1\/#breadcrumb"},"inLanguage":"de","potentialAction":[{"@type":"ReadAction","target":["https:\/\/www.blackjackinfo.com\/blackjack-school\/lesson-18-advanced-single-deck-blackjack-part-1\/"]}]},{"@type":"BreadcrumbList","@id":"https:\/\/www.blackjackinfo.com\/blackjack-school\/lesson-18-advanced-single-deck-blackjack-part-1\/#breadcrumb","itemListElement":[{"@type":"ListItem","position":1,"name":"Home","item":"https:\/\/www.blackjackinfo.com\/"},{"@type":"ListItem","position":2,"name":"La Scuola di Blackjack di GameMaster","item":"https:\/\/www.it.blackjackinfo.com\/scuola-di-blackjack\/"},{"@type":"ListItem","position":3,"name":"Lezione 18 &#8211; Blackjack Avanzato con un Solo Mazzo"}]},{"@type":"WebSite","@id":"https:\/\/www.blackjackinfo.com\/#website","url":"https:\/\/www.blackjackinfo.com\/","name":"BlackjackInfo.de","description":"Denn Gewinnen macht mehr Spa\u00df!","potentialAction":[{"@type":"SearchAction","target":{"@type":"EntryPoint","urlTemplate":"https:\/\/www.blackjackinfo.com\/?s={search_term_string}"},"query-input":{"@type":"PropertyValueSpecification","valueRequired":true,"valueName":"search_term_string"}}],"inLanguage":"de"}]}},"_links":{"self":[{"href":"https:\/\/www.blackjackinfo.com\/de\/wp-json\/wp\/v2\/pages\/2794","targetHints":{"allow":["GET"]}}],"collection":[{"href":"https:\/\/www.blackjackinfo.com\/de\/wp-json\/wp\/v2\/pages"}],"about":[{"href":"https:\/\/www.blackjackinfo.com\/de\/wp-json\/wp\/v2\/types\/page"}],"author":[{"embeddable":true,"href":"https:\/\/www.blackjackinfo.com\/de\/wp-json\/wp\/v2\/users\/4"}],"replies":[{"embeddable":true,"href":"https:\/\/www.blackjackinfo.com\/de\/wp-json\/wp\/v2\/comments?post=2794"}],"version-history":[{"count":1,"href":"https:\/\/www.blackjackinfo.com\/de\/wp-json\/wp\/v2\/pages\/2794\/revisions"}],"predecessor-version":[{"id":2795,"href":"https:\/\/www.blackjackinfo.com\/de\/wp-json\/wp\/v2\/pages\/2794\/revisions\/2795"}],"up":[{"embeddable":true,"href":"https:\/\/www.blackjackinfo.com\/de\/wp-json\/wp\/v2\/pages\/2715"}],"wp:attachment":[{"href":"https:\/\/www.blackjackinfo.com\/de\/wp-json\/wp\/v2\/media?parent=2794"}],"wp:term":[{"taxonomy":"post_tag","embeddable":true,"href":"https:\/\/www.blackjackinfo.com\/de\/wp-json\/wp\/v2\/tags?post=2794"}],"curies":[{"name":"wp","href":"https:\/\/api.w.org\/{rel}","templated":true}]}}