{"id":2796,"date":"2017-03-12T23:00:34","date_gmt":"2017-03-13T04:00:34","guid":{"rendered":"https:\/\/www.blackjackinfo.com\/?page_id=2796\/"},"modified":"2018-04-18T02:07:13","modified_gmt":"2018-04-18T07:07:13","slug":"lezione-19-blackjack-avanzato-con-un-solo-mazzo","status":"publish","type":"page","link":"https:\/\/www.blackjackinfo.com\/de\/scuola-di-blackjack\/lezione-19-blackjack-avanzato-con-un-solo-mazzo\/","title":{"rendered":"Lezione 19 - Blackjack Avanzato con un Solo Mazzo"},"content":{"rendered":"<h3 class=\"gbs-heading\">Variazioni Strategia Base<\/h3>\n<p class=\"intro\"><b>I Casino che offerrono i giochi di Blackjack con un solo mazzo sono consapevoli del fatto che pu\u00f2 essere facilmente sconfitto da un contatore che usa un ampio scarto di scommesse, quindi provate a giocare con uno scarto tra 1 e 12 come vi ho indicato per i giochi con 6-mazzi ed otterrete probabilmente un biglietto di sola andata per uscire immediatamente dal casino.<\/b> Das soll nicht hei\u00dfen, dass man \"individuell\" spielt, wenn man mehr als 5 Felder in einer Hand hat, aber ich glaube, dass es richtig ist, zu sagen, dass man f\u00fcr ein gutes Spiel mit einer einzelnen M\u00fchle eine gr\u00f6\u00dfere Tasche mit M\u00fcnzen braucht, als man f\u00fcr ein Spiel mit 6 M\u00fchlen braucht, also beginnen Sie mit der logischsten L\u00f6sung und \u00e4ndern Sie das Spiel in Ihrer Hand in der Sekunde, in der Sie es spielen.<\/p>\n<p><b>Wenn Sie wissen, wie Sie die Karten aufbewahren k\u00f6nnen, k\u00f6nnen Sie das Spiel benutzen, um zu sehen, was Sie mit jeder Hand machen k\u00f6nnen, und Sie k\u00f6nnen es auch benutzen, um mit jeder einzelnen Hand pr\u00e4ziser zu spielen.<\/b> Wenn Sie meinen Weg bis zu diesem Punkt studiert haben, wissen Sie, dass eine der wichtigsten Strategien beim Blackjack darin besteht, das Spiel zu verlieren, wenn der True Count auf -1 oder mehr sinkt, aber diese Strategie ist bei einem einzelnen Mazzo nicht sehr praktisch, da nur ein paar H\u00e4nde vor dem Mischen verteilt werden.<\/p>\n<p><b>Infolgedessen m\u00fcssen Sie mehr mit \"negativen\" Mazzi spielen, aber es ist gut zu wissen, dass ein Mazziata nicht so weit weg ist.<\/b> Gleichzeitig wissen wir, dass der Wert des Casinos steigt, wenn die Anzahl der Spiele abnimmt, also m\u00fcssen wir diese negativen Auswirkungen so weit wie m\u00f6glich neutralisieren. Wenn du am Spiel teilnehmen m\u00f6chtest, mit einem einzelnen Mazzo, mit vielen negativen Effekten, dann musst du das Spiel in die H\u00e4nde nehmen, indem du eine 12 gegen die 5 der Bank tauschst und so weiter. Mit einem niedrigen Spielstand k\u00f6nnen wir verhindern, dass die Kugeln auseinanderfallen oder geteilt werden, und wir k\u00f6nnen sie dann auf die gleiche Weise wieder aufheben. Wir m\u00fcssen jedoch nicht auf die neue Position umschalten, sondern wir m\u00fcssen die Variationen der Basisstrategie f\u00fcr die niedrigen Werte wie -2, -3 und so weiter einf\u00fchren. Ein realistisches Intervall f\u00fcr den True Count mit einer einzelnen Mazzo liegt zwischen -6 und +6, wodurch der 85% von allen Spielern gut angenommen wird, was eine Durchdringung des 63% unterst\u00fctzt, die sehr gut ist. In einer n\u00e4chsten Lektion werden wir \u00fcber die Wichtigkeit der Durchdringung sprechen, aber im Moment m\u00fcssen wir uns an das halten, was wir gesagt haben.<\/p>\n<p><b>Einige Spieler bevorzugen es, nur die Indikatoren f\u00fcr einige der wahrscheinlichsten Spielz\u00fcge zu verwenden, da sie glauben, dass ein Spielzug wie ein A, 4 gegen 5, weniger als 100 Mal pro 100.000 Spielz\u00fcge durchgef\u00fchrt wird, aber seltener als 16 gegen 10.<\/b> In questo libro, <a href=\"https:\/\/www.blackjackinfo.com\/store\/blackjack-attack.html\">\"Blackjack-Attacke\"<\/a> nella seconda edizione, Don Schlesinger dedica un capitolo a ci\u00f2 che lui chiama \"Gli Illustri 18\" che sono, secondo la sua opinione, le variazioni pi\u00f9 importanti della Strategia Base. Ich bin nicht bereit, die Originalarbeit anderer Autoren zu \u00fcbernehmen, daher habe ich das Buch f\u00fcr ein komplettes Verzeichnis genutzt, wenn ich mir nicht alle Variationen merken kann, die ich mir ausgedacht habe. Un'altra idea che vale la pena considerare \u00e8 di non imparare gli indici sotto -2, con il fondamento logico che, con tali punteggi, probabilmente scommetterete il minimo consentito, quindi ogni errore di gioco da voi commesso, nel lungo periodo, vi coster\u00e0 poco. Oder aber, vorreste imparare solo gli indici grazie ai quali effettuerete le puntate extra, come nei raddoppi e nelle divisioni, con l'idea che mettendo pi\u00f9 soldi sul tavolo bisogna giocare la mano correttamente.<\/p>\n<p><b>Ich pers\u00f6nlich bin der Meinung, dass, wenn es in diesem Spiel etwas zu holen gibt, es immer und \u00fcberall zu holen ist.<\/b> (Ok, capisco che sono fanatico con queste cose, ma cosa ci posso fare?) Se i giochi con un solo mazzo si trovano proprio dove voi trascorrerete la maggior parte del vostro tempo, allora \u00e8 probabilile che valga la pena sforzarsi a memorizzare i 90 indici qui presentati. Wenn dies nicht Ihr Hauptspiel ist, reicht wahrscheinlich ein Intervall zwischen -2 und +6 mit einer gewissen Modifikation aus. Bitte beachten Sie, dass einige dieser Indikatoren denjenigen f\u00fcr die Spiele mit zwei M\u00e4usen \u00e4hneln, daher sollten Sie nicht sofort mit dem Spiel beginnen, um eine Karte zu schreiben. Tragen Sie die Zahlen ein, von denen Sie glauben, dass sie f\u00fcr den Ort und die Art, wie Sie spielen, wichtig sind.<br \/>\n<b>Anstatt die Variation der einzelnen Spielfiguren zu beschreiben, wie ich es in einer Gruppe mit mehreren Spielern getan habe, kann man auch die Tabelle der Basisstrategie \u00fcberarbeiten, die f\u00fcr jede passende Spielfigur einen numerischen \"Index\" anzeigt.<\/b> Non vi preoccupate se avete difficolt\u00e0 a comprenderla, perch\u00e8, tanto, verr\u00e0 spiegata pi\u00f9 in basso.<\/p>\n<hr \/>\n<p><b>Matrize Variazioni Strategia Base<\/b><br \/>\nMazzo Unico, H17, Da2, no das, nessuna resa<br \/>\n<b><a>(Wenn Sie auf diesen Link klicken, gelangen Sie zu einer anderen Seite mit diesen Informationen)<\/a><\/b><\/p>\n<h3 class=\"gbs-heading\">Usando la Matrice<\/h3>\n<p>(Anmerkung des GM: Die Basisstrategie f\u00fcr dieses Spiel ist auf BlackjackInfo.com verf\u00fcgbar: <a href=\"https:\/\/www.blackjackinfo.com\/it\/bjbse.php?numdecks=1+deck&amp;soft17=h17&amp;dbl=all&amp;das=no&amp;surr=ns&amp;peek=yes\">1D, H17, DA2, NDAS Basisstrategie<\/a>)<\/p>\n<p>Die allgemeine Regel f\u00fcr die Erfassung der Variationsmatrix der Basisstrategie ist diese: <b>Wenn die Zahl in einem Feld 0 oder weniger ist, muss die Basisstrategie bis zu dem Zeitpunkt weiterverfolgt werden, an dem das Ergebnis gr\u00f6\u00dfer ist als die angegebene Zahl.<\/b> Per esempio, con A, 6 contro 2, raddoppierete fino a quando il conteggio \u00e8 maggiore o uguale a 0. Se il conteggio \u00e8 negativo, tirate. Nel caso di un 9 contro un 4, raddoppierete fino a quando il conteggio \u00e8 -2 o superiore (ricordate che -1 \u00e8 \"pi\u00f9 grande\" di -2). Per una mano di 9,9 contro un Asso, vi fermerete fino a quando il conteggio \u00e8 0 o inferiore ad esso. Se il conteggio \u00e8 pi\u00f9 grande di 0, dividerete i 9. Le eccezioni a questa regola generale sono state annotate.<\/p>\n<p><b>Es ist sehr einfach, den Spielplan zu benutzen, wenn Sie sich die Basisstrategie f\u00fcr diesen Spieltyp gemerkt haben, aber wenn Sie das noch nicht getan haben, sollten Sie ihn vor der Nutzung dieser modernen Spielvariante ein\u00fcben.<\/b> F\u00fcr jede Kombination aus Spielerhand und Bankkarte gibt es eine bestimmte Aktion, wie z.B. tirare, fermarsi, raddoppiare, usw., oder eine Zahl. Il numero \u00e8 un \"punto d'azione\" basato sul True Count che indica la variazione. Ci\u00f2 che la giusta variazione rappresenta per una situazione potrebbe generare un po' di confusione, ma se studiate la mano in questione, di solito potrete capirla. Un buon esempio di quanto appena esposto \u00e8 A, 7 contro il 2 del banco. Nella matrice vedrete in corrispondenza il numero 1, e quindi dovrete tirare, fermarvi o fare qualcos'altro? Bene, \"qualcos'altro\" \u00e8 la risposta giusta, quindi dovrete raddoppiare, proprio come con un A,7 contro 3, 4, 5, e 6. La logica gioca un ruolo in questo caso, quindi se un gioco sembra irrazionale, probabilmente \u00e8 sbagliato. Tirereste veramente un A,7 contro un 2? Ovviamente, si potrebbe stare, ma questo \u00e8 gi\u00e0 il gioco della Strategia Base, cos\u00ec il raddoppio \u00e8 tutto ci\u00f2 che rimane. Folglich bedeutet das, dass man eine A,7 gegen die 2 der Bank raddoppeln sollte, wenn der True Count 1 oder mehr als 1 ist. Wenn der True Count weniger als 1 ist, sollte man das Spiel der Strategia Base benutzen, das vorschl\u00e4gt, das Spiel zu beenden. Bei einer 3 empfiehlt die Strategia Base, die A,7 zu verdoppeln. Ma l'indice per questo caso \u00e8 -1, il che significa che bisogna raddoppiare un A,7 contro 3 solo se il True Count \u00e8 -1 o superiore. Se cos\u00ec non \u00e8, allora dovreste fermarvi.<\/p>\n<p><b>Parliamo di un'altra variazione che potrebbe generare qualche confusione: 8, 8 contro 10.<\/b> Der entsprechende Hinweis lautet \"Stand@6\", d.h. wenn der True Count 6 oder h\u00f6her ist, werden die 8 nicht geteilt, sondern nur geteilt. Eine andere M\u00f6glichkeit, die viele Fragen aufwerfen kann, ist 7, 7 gegen 10. Si, la Strategia Base \u00e8 corretta quando dice di fermarsi con 7, 7 contro il 10 nel gioco con un solo mazzo, soprattutto perch\u00e8 il croupier o ha una buona mano, come un 20 o ha una mano \"difficile\" e speriamo che il dealer sballi. Poich\u00e8 gi\u00e0 avete due dei quattro 7 che si trovano nel mazzo, le probabilit\u00e0 si riducono enormale se si desidera battere l'eventuale 20 del dealer con un altro 7, quindi i matematici ci dicono che faremmo meglio a fermarci e pregare. Se, invece, il conteggio \u00e8 sotto lo 0, dovreste tirare. Questo significa che se il running count \u00e8 -1 o inferiore, dovreste tirare con un 7,7 contro 10, non dividere. Se il conteggio \u00e8 maggiore o uguale a 0, bisogna fermarsi.<\/p>\n<p><b>Beachten Sie den Bereich mit den Gesamtschwierigkeiten, in dem es 2 verschiedene 16er-Typen gibt: einen 10,6er und einen 9,7er.<\/b> Nella riga 10, 6 c'\u00e8 un \"4\" in corrispondenza del 10 del banco e uno \"0\" nella riga 9,7. Questo \u00e8 ci\u00f2 che viene chiamato una \"composizione-dipendente\" di gioco che ho incluso per delle buone ragioni. Zun\u00e4chst einmal ist die 16 gegen die 10 relativ wahrscheinlich, und anhand der Zahlen kann man feststellen, dass es einen Unterschied in der Art und Weise gibt, wie die beiden 16er zu spielen sind. Ci\u00f2 che la variazione della matrice ci dice \u00e8 che dovreste stare con 9,7 e 0 o superiore, ma fermarsi con 10,6 solo quando il True Count \u00e8 4 o superiore. Questo \u00e8 piuttosto differente da ci\u00f2 che facciamo con un 16 contro un 10 ne gioco a pi\u00f9 mazzi, dove ci fermiamo solo quando il conteggio \u00e8 pi\u00f9 di 0 (cio\u00e8 un running count di 1). Solo una piccola nota a lato: c'\u00e8 molta confusione riguardo a questa giocata nella sezione a pi\u00f9 mazzi, ma ci\u00f2 che faccio \u00e8 fermarmi con un 16 contro 10 quando il running count \u00e8 1 o superiore, altrimenti tiro. Was zu tun ist, wenn das Ergebnis 0 ist, spielt keine Rolle, denn der vorgesehene Wert ist in allen Spielen derselbe. La stessa cosa accade per una mano di 9,7 contro 10 quando si gioca con un solo mazzo di carte.<\/p>\n<p><b>In ogni caso, perch\u00e8 dovremmo fermarci con 10,6 contro il 10 solo quando il True Count \u00e8 4 o superiore al 4?<\/b> Alles hat mit der Gesamtzahl von 10 zu tun, die in einem Mazzo zu finden sind, die sich gesetzt haben und von denen du nur eine in deiner Hand hast, w\u00e4hrend die Bank noch eine weitere in der Hand hat. Ci sono quindi due 10 in meno per voi che vi possono far sballare e due 10 in meno per il dealer che pu\u00f2 avere nella sua carta \"coperta\", cos\u00ec la decisione di tirare per essere pi\u00f9 aggressivi ha il sopravvento sulla decisione di fermarsi. Guardate, una mano di 16 non sar\u00e0 mai grandiosa, indipendentemente da come la giocate, quindi tutto ci\u00f2 che possiamo fare veramente \u00e8 diminuire i danni. Tirare 10, 6 contro 10 fino a quando il True Count \u00e8 maggiore o uguale a 4 aiuta molto in questo processo.<\/p>\n<p>Nella riga per il 6,6 troverete una notazione sotto la carta 7 del banco, come questa: Split@&lt;0 e ci\u00f2 significa, &quot;dividete una coppia di 6 contro il 7, se il conteggio \u00e8 sotto 0.&quot;<\/p>\n<p><b>Ich kann nicht sagen, dass ich die wichtigste Ver\u00e4nderung von allen, n\u00e4mlich die Versicherung, vergessen habe.<\/b> Spero sappiate che la Strategia Base corretta ci dice di non prendere mai l'assicurazione (anche quando avete un 'blackjack' e la carta del dealer \u00e8 un Asso, a dispetto di ci\u00f2 che qualcun altro potrebbe dirvi), ma in un gioco con un solo mazzo, la scommessa sull'assicurazione diventa vantaggiosa con un True Count di 1.4 o maggiore.<\/p>\n<h3 class=\"gbs-heading\">Einf\u00fchren von \u00c4nderungen der Basisstrategie<\/h3>\n<p><b>Wenn Sie die Variationen der Basisstrategie ausgew\u00e4hlt haben, die Sie lernen m\u00f6chten, m\u00fcssen Sie eine Reihe von Lernkarten erstellen, die dem Ziel entsprechen.<\/b> Come fare ci\u00f2 \u00e8 stato spiegato minuziosamente nella Lezione 14 del \"La Scuola di Blackjack di GameMaster\" e non posso sottolineare di nuovo l'importanza del loro valore. Costruite un insieme di carte e portatele con voi, o almeno studiatele intensamente prima di ogni sessione di gioco se il gioco con un solo mazzo non \u00e8 il vostro gioco \"principale\".<\/p>","protected":false},"excerpt":{"rendered":"<p>Variazioni Strategia Base I Casino che offrono i giochi di Blackjack con un solo mazzo sono consapevoli del fatto che pu\u00f2 essere facilmente sconfitto da un contatore che usa un ampio scarto di scommesse, quindi provate a giocare con uno scarto tra 1 e 12 come vi ho indicato per i giochi con 6-mazzi ed [&hellip;]<\/p>\n","protected":false},"author":4,"featured_media":0,"parent":2715,"menu_order":0,"comment_status":"open","ping_status":"open","template":"page-blacjack-school-it.php","meta":{"_acf_changed":false,"footnotes":""},"tags":[],"class_list":["post-2796","page","type-page","status-publish","hentry"],"acf":[],"yoast_head":"<!-- This site is optimized with the Yoast SEO plugin v26.6 - https:\/\/yoast.com\/wordpress\/plugins\/seo\/ -->\n<title>Lezione 19 - Blackjack Avanzato con un Solo Mazzo<\/title>\n<meta name=\"description\" content=\"Variazioni Strategia Base I Casino che offrono i giochi di Blackjack con un solo mazzo sono consapevoli del fatto che pu\u00f2 essere facilmente sconfitto da\" \/>\n<meta name=\"robots\" content=\"index, follow, max-snippet:-1, max-image-preview:large, max-video-preview:-1\" \/>\n<link rel=\"canonical\" href=\"https:\/\/www.blackjackinfo.com\/de\/blackjack-schule\/lektion-19-blackjack-fur-fortgeschrittene-teil-2\/\" \/>\n<meta property=\"og:locale\" content=\"de_DE\" \/>\n<meta property=\"og:type\" content=\"article\" \/>\n<meta property=\"og:title\" content=\"Lezione 19 - Blackjack Avanzato con un Solo Mazzo\" \/>\n<meta property=\"og:description\" content=\"Variazioni Strategia Base I Casino che offrono i giochi di Blackjack con un solo mazzo sono consapevoli del fatto che pu\u00f2 essere facilmente sconfitto da\" \/>\n<meta property=\"og:url\" content=\"https:\/\/www.blackjackinfo.com\/de\/blackjack-schule\/lektion-19-blackjack-fur-fortgeschrittene-teil-2\/\" \/>\n<meta property=\"og:site_name\" content=\"BlackjackInfo.com\" \/>\n<meta property=\"article:modified_time\" content=\"2018-04-18T07:07:13+00:00\" \/>\n<meta name=\"twitter:label1\" content=\"Gesch\u00e4tzte Lesezeit\" \/>\n\t<meta name=\"twitter:data1\" content=\"9\u00a0Minuten\" \/>\n<script type=\"application\/ld+json\" class=\"yoast-schema-graph\">{\"@context\":\"https:\/\/schema.org\",\"@graph\":[{\"@type\":\"WebPage\",\"@id\":\"https:\/\/www.blackjackinfo.com\/blackjack-school\/lesson-19-advanced-single-deck-blackjack-part-2\/\",\"url\":\"https:\/\/www.blackjackinfo.com\/blackjack-school\/lesson-19-advanced-single-deck-blackjack-part-2\/\",\"name\":\"Lezione 19 - Blackjack Avanzato con un Solo Mazzo\",\"isPartOf\":{\"@id\":\"https:\/\/www.blackjackinfo.com\/#website\"},\"datePublished\":\"2017-03-13T04:00:34+00:00\",\"dateModified\":\"2018-04-18T07:07:13+00:00\",\"description\":\"Variazioni Strategia Base I Casino che offrono i giochi di Blackjack con un solo mazzo sono consapevoli del fatto che pu\u00f2 essere facilmente sconfitto da\",\"breadcrumb\":{\"@id\":\"https:\/\/www.blackjackinfo.com\/blackjack-school\/lesson-19-advanced-single-deck-blackjack-part-2\/#breadcrumb\"},\"inLanguage\":\"de\",\"potentialAction\":[{\"@type\":\"ReadAction\",\"target\":[\"https:\/\/www.blackjackinfo.com\/blackjack-school\/lesson-19-advanced-single-deck-blackjack-part-2\/\"]}]},{\"@type\":\"BreadcrumbList\",\"@id\":\"https:\/\/www.blackjackinfo.com\/blackjack-school\/lesson-19-advanced-single-deck-blackjack-part-2\/#breadcrumb\",\"itemListElement\":[{\"@type\":\"ListItem\",\"position\":1,\"name\":\"Home\",\"item\":\"https:\/\/www.blackjackinfo.com\/\"},{\"@type\":\"ListItem\",\"position\":2,\"name\":\"La Scuola di Blackjack di GameMaster\",\"item\":\"https:\/\/www.it.blackjackinfo.com\/scuola-di-blackjack\/\"},{\"@type\":\"ListItem\",\"position\":3,\"name\":\"Lezione 19 &#8211; Blackjack Avanzato con un Solo Mazzo\"}]},{\"@type\":\"WebSite\",\"@id\":\"https:\/\/www.blackjackinfo.com\/#website\",\"url\":\"https:\/\/www.blackjackinfo.com\/\",\"name\":\"BlackjackInfo.com\",\"description\":\"Because Winning is More Fun!\",\"potentialAction\":[{\"@type\":\"SearchAction\",\"target\":{\"@type\":\"EntryPoint\",\"urlTemplate\":\"https:\/\/www.blackjackinfo.com\/?s={search_term_string}\"},\"query-input\":{\"@type\":\"PropertyValueSpecification\",\"valueRequired\":true,\"valueName\":\"search_term_string\"}}],\"inLanguage\":\"de\"}]}<\/script>\n<!-- \/ Yoast SEO plugin. -->","yoast_head_json":{"title":"Lezione 19 - Blackjack Avanzato con un Solo Mazzo","description":"Variazioni Strategia Base I Casino che offerrono i giochi di Blackjack con un solo mazzo sono consapevoli del fatto che pu\u00f2 essere facilmente sconfitto da","robots":{"index":"index","follow":"follow","max-snippet":"max-snippet:-1","max-image-preview":"max-image-preview:large","max-video-preview":"max-video-preview:-1"},"canonical":"https:\/\/www.blackjackinfo.com\/de\/blackjack-schule\/lektion-19-blackjack-fur-fortgeschrittene-teil-2\/","og_locale":"de_DE","og_type":"article","og_title":"Lezione 19 - Blackjack Avanzato con un Solo Mazzo","og_description":"Variazioni Strategia Base I Casino che offrono i giochi di Blackjack con un solo mazzo sono consapevoli del fatto che pu\u00f2 essere facilmente sconfitto da","og_url":"https:\/\/www.blackjackinfo.com\/de\/blackjack-schule\/lektion-19-blackjack-fur-fortgeschrittene-teil-2\/","og_site_name":"BlackjackInfo.com","article_modified_time":"2018-04-18T07:07:13+00:00","twitter_misc":{"Gesch\u00e4tzte Lesezeit":"9\u00a0Minuten"},"schema":{"@context":"https:\/\/schema.org","@graph":[{"@type":"WebPage","@id":"https:\/\/www.blackjackinfo.com\/blackjack-school\/lesson-19-advanced-single-deck-blackjack-part-2\/","url":"https:\/\/www.blackjackinfo.com\/blackjack-school\/lesson-19-advanced-single-deck-blackjack-part-2\/","name":"Lezione 19 - Blackjack Avanzato con un Solo Mazzo","isPartOf":{"@id":"https:\/\/www.blackjackinfo.com\/#website"},"datePublished":"2017-03-13T04:00:34+00:00","dateModified":"2018-04-18T07:07:13+00:00","description":"Variazioni Strategia Base I Casino che offerrono i giochi di Blackjack con un solo mazzo sono consapevoli del fatto che pu\u00f2 essere facilmente sconfitto da","breadcrumb":{"@id":"https:\/\/www.blackjackinfo.com\/blackjack-school\/lesson-19-advanced-single-deck-blackjack-part-2\/#breadcrumb"},"inLanguage":"de","potentialAction":[{"@type":"ReadAction","target":["https:\/\/www.blackjackinfo.com\/blackjack-school\/lesson-19-advanced-single-deck-blackjack-part-2\/"]}]},{"@type":"BreadcrumbList","@id":"https:\/\/www.blackjackinfo.com\/blackjack-school\/lesson-19-advanced-single-deck-blackjack-part-2\/#breadcrumb","itemListElement":[{"@type":"ListItem","position":1,"name":"Home","item":"https:\/\/www.blackjackinfo.com\/"},{"@type":"ListItem","position":2,"name":"La Scuola di Blackjack di GameMaster","item":"https:\/\/www.it.blackjackinfo.com\/scuola-di-blackjack\/"},{"@type":"ListItem","position":3,"name":"Lezione 19 &#8211; Blackjack Avanzato con un Solo Mazzo"}]},{"@type":"WebSite","@id":"https:\/\/www.blackjackinfo.com\/#website","url":"https:\/\/www.blackjackinfo.com\/","name":"BlackjackInfo.de","description":"Denn Gewinnen macht mehr Spa\u00df!","potentialAction":[{"@type":"SearchAction","target":{"@type":"EntryPoint","urlTemplate":"https:\/\/www.blackjackinfo.com\/?s={search_term_string}"},"query-input":{"@type":"PropertyValueSpecification","valueRequired":true,"valueName":"search_term_string"}}],"inLanguage":"de"}]}},"_links":{"self":[{"href":"https:\/\/www.blackjackinfo.com\/de\/wp-json\/wp\/v2\/pages\/2796","targetHints":{"allow":["GET"]}}],"collection":[{"href":"https:\/\/www.blackjackinfo.com\/de\/wp-json\/wp\/v2\/pages"}],"about":[{"href":"https:\/\/www.blackjackinfo.com\/de\/wp-json\/wp\/v2\/types\/page"}],"author":[{"embeddable":true,"href":"https:\/\/www.blackjackinfo.com\/de\/wp-json\/wp\/v2\/users\/4"}],"replies":[{"embeddable":true,"href":"https:\/\/www.blackjackinfo.com\/de\/wp-json\/wp\/v2\/comments?post=2796"}],"version-history":[{"count":1,"href":"https:\/\/www.blackjackinfo.com\/de\/wp-json\/wp\/v2\/pages\/2796\/revisions"}],"predecessor-version":[{"id":2797,"href":"https:\/\/www.blackjackinfo.com\/de\/wp-json\/wp\/v2\/pages\/2796\/revisions\/2797"}],"up":[{"embeddable":true,"href":"https:\/\/www.blackjackinfo.com\/de\/wp-json\/wp\/v2\/pages\/2715"}],"wp:attachment":[{"href":"https:\/\/www.blackjackinfo.com\/de\/wp-json\/wp\/v2\/media?parent=2796"}],"wp:term":[{"taxonomy":"post_tag","embeddable":true,"href":"https:\/\/www.blackjackinfo.com\/de\/wp-json\/wp\/v2\/tags?post=2796"}],"curies":[{"name":"wp","href":"https:\/\/api.w.org\/{rel}","templated":true}]}}