{"id":2800,"date":"2017-03-12T23:10:29","date_gmt":"2017-03-13T04:10:29","guid":{"rendered":"https:\/\/www.blackjackinfo.com\/?page_id=2800\/"},"modified":"2018-04-18T02:07:14","modified_gmt":"2018-04-18T07:07:14","slug":"lezione-21-sconfiggere-il-gioco-con-due-mazzi","status":"publish","type":"page","link":"https:\/\/www.blackjackinfo.com\/de\/scuola-di-blackjack\/lezione-21-sconfiggere-il-gioco-con-due-mazzi\/","title":{"rendered":"Lezione 21 - Konfigurieren des Ger\u00e4ts mit zwei Mazzi"},"content":{"rendered":"<p class=\"intro\"><b>Auf den ersten Blick erscheint es logisch, dass ein guter Spieler mit einem Spiel, das weniger Mazzi verwendet, besser zurechtkommt, aber das ist nicht immer der Fall, wenn er mit zwei oder drei Mazzi konfrontiert wird.<\/b> Im Spiel gibt es viele verschiedene M\u00f6glichkeiten, nicht zuletzt die Spielregeln, die Mindestgewinnsumme und die Art der Kontrolle durch das Casinopersonal. Wenn Sie nicht mit den Karten spielen, sollten Sie es besser vermeiden, mit zwei Mazzi zu spielen. So che alcuni di voi potrebbero rimanere sorpresi da questa affermazione, ma mi baso sul fatto che molti casino hanno meno regole generose nei loro giochi con due mazzi, inoltre richiedono puntate minime molto alte. Das Ergebnis ist, dass der Gewinn des Casinos \u00e4hnlich hoch sein kann wie bei einem Spiel mit zwei Mazzi, aber Sie m\u00fcssen f\u00fcr das Privileg, das Sie haben, mehr Geld ausgeben. Ein Spieler, der keine Karten besitzt, kann auf lange Sicht keinen Gewinn im Casino erzielen, also muss er mehr auf einer konsequenten Basis spielen, und das Casino wird wahrscheinlich die eigenen Gewinne auszahlen.<\/p>\n<p>Ora non fraintendetemi; <b>Wenn die Regeln die gleichen sind, hat ein Spiel mit zwei Mazzi einen geringeren Vorteil f\u00fcr das Casino als ein Spiel mit zwei Mazzi, obwohl die Strategien fast identisch sind.<\/b> Wenn Sie nur wenig Platz brauchen (oder nur in Ihrem Komfortbereich), k\u00f6nnen Sie auch mit 2 Mazzi fahren. A propos, questo \u00e8 un punto chiave. Die f\u00fcr ein Spiel mit zwei Mazzi geeignete Basisstrategie entspricht in hohem Ma\u00dfe der f\u00fcr ein Spiel mit vier oder sechs Mazzi und in hohem Ma\u00dfe der f\u00fcr ein Spiel mit einer einzelnen Mazzo. Die wenigen Unterschiede zwischen einem Spiel mit zwei Mazzi und einem Spiel mit zwei Mazzi mit denselben Regeln (die Mazziere tira oder ferma mit einer weichen 17, das Raddoppel nach der Teilung ist zugegeben, usw.) liegen haupts\u00e4chlich in der Aufteilung der Paare, und da die Paare selten sind, kann man davon ausgehen, dass der Effekt trashig ist. Potrei sbagliarmi riguardo a ci\u00f2, quindi verificate, ma credo che l'unico cambiamento sia la divisione di una coppia di 7 contro l'8 del mazziere nel gioco a due mazzi. Nel gioco a sei mazzi, non dividerete. In entrambi i casi non si tratta certo di una mano che vedrete tutti i giorni.<\/p>\n<div class=\"bji-note\"><b>Anmerkung des Herausgebers von BlackjackInfo.com:<\/b><br \/>\nCi sono sicuramente solo un piccolo numero di cambiamenti nella strategia tra il gioco con 6 mazzi e quello con 2. Im Spiel mit 2 Mazzi S17: Dividete 77 contro 8, Dividete 66 contro 7, und Raddoppiate 9 contro 2. Se il gioco \u00e8 H17, raddoppierete anche A3 contro 4.<\/div>\n<p><b>La mia opinione \u00e8 che voi potete tornare indietro e poi in avanti con il gioco a 6 mazzi e a due mazzi senza preoccuparvi di giocare impropriamente, ma la domanda pi\u00f9 importante \u00e8 se voi dovreste o no.<\/b> Wir haben bereits die Situation f\u00fcr einen Spieler untersucht, der nicht mitspielt, und wir werden uns nun an alle wenden, die sich melden. Auch in dieser Situation ist das Spiel mit zwei Mazzi nicht unbedingt eine gute Wahl und man muss sich fragen, wie man vorankommt, wenn man einen Spieler hat.<\/p>\n<p><b>Per una qualsiasi ragione, molti casino considerano i loro giochi con due mazzi come giochi \"premio\",<\/b> Daher haben sie die kleinsten und \u00e4ltesten Puntate, sie haben eine geringere Anzahl von Regalen, eine geringere Durchdringung und werden von den \"Pit Critters\", wie sie hier genannt werden, besonders genau \u00fcberwacht. Einige Casinos denken, dass die Spieler bei ihren Spielen mit zwei M\u00e4usen in Massen erdr\u00fcckt werden, aber das ist nicht der Fall. Ich kenne einige Spiele, die sehr einfach zu spielen sind, aber es sind nur wenige und nur zwei davon. <b>Die Realit\u00e4t sieht so aus, dass die Konfiguration des Spiels mit zwei Mazzi eine zus\u00e4tzliche Anstrengung und ein brillantes Spiel seitens des Spielers erfordert.<\/b> Ma siete arrivati sin qui per ottenere delle risposte e ve le dar\u00f2.<\/p>\n<p><b>Der Hauptvorteil des Spiels mit den beiden Mazzi ist die Unbest\u00e4ndigkeit des Spiels.<\/b> Im Unterschied zu einem Spiel mit 4 oder 6 Mazzi kann der laufende Z\u00e4hler, der in den wahren Z\u00e4hler (das Ergebnis f\u00fcr den Mazzo Rimanente) umgewandelt wird, im Spiel mit zwei Mazzos schnell ansteigen oder abfallen, aber aufgrund des Fehlers auch schnell wieder abfallen. Ci\u00f2 ovviamente \u00e8 buono quando il conteggio \u00e8 negativo, ma non bello quando il conteggio \u00e8 \"positivo\". Il gioco a due mazzi \u00e8 molto veloce e il contatore bravo ne prende vantaggio, ma ci\u00f2 richiede buone capacit\u00e0 di conversione al true count e abilit\u00e0 nell'anticipare cosa sta per accadere, sebbene c'\u00e8 sempre da ricordare che non tiriamo mai ad indovinare quando contiamo.<\/p>\n<h3 class=\"gbs-heading\">La Chiave: Penetrazione<\/h3>\n<p><b>Poich\u00e8 si usano solamente 104 carte, contro le 312 di un gioco a sei mazzi, solamente qualche carta in pi\u00f9 nella penetrazione potrebbe fare una gran differenza rispetto a quanto potremmo ottenere dal gioco.<\/b> In den Lektionen meiner Blackjack-Schule habe ich festgestellt, dass Sie Ihr Zeitgef\u00fchl verlieren, wenn Sie mit 6 Mazzi spielen, bei denen weniger als 65% der Karten vor dem Mischen verteilt werden. <b>Nel caso dei due mazzi, il 65% di penetrazione \u00e8 accettabile, il 75% \u00e8 fantastico e l'80% o superiore \u00e8 fenomenale.<\/b> Wahrscheinlich wird es sich um eine Durchdringung des 50% handeln. Gi\u00e0, prima uniscono due mazzi e poi ne usano solo uno! Odio quando succede questo.<\/p>\n<p><b>La penetrazione \u00e8 veramente importante, perci\u00f2 \u00e8 qualcosa con cui dovete prendere familiarit\u00e0.<\/b> Wenn Sie mit zwei Mazzi spielen, bei denen der Mazziere mit A-6 spielt, raddoppio f\u00fcr eine der beiden Anfangskarten, raddoppio nach der Teilung, usw. Wenn Sie einen \"Intervall\" von 1 bis 8 (wie ich schon sagte) verwenden und das Casino nur 50% der Karten ausgibt, ist Ihr Vorteil in der langen Frist, die durch die Simulationen, die ich mit dem Blackjack-Analysator durchgef\u00fchrt habe, ermittelt wurde, nur 0,64%. Wenn die Durchdringung bei 60% liegt, betr\u00e4gt der Vorteil f\u00fcr den Spieler 0,95% und bei einer Durchdringung von 75% 1,47%. Che non \u00e8 proprio male.<br \/>\nFacciamo un riepilogo cos\u00ec memorizzerete meglio:<\/p>\n<table class=\"gbs-ctable\">\n<tbody>\n<tr>\n<th colspan=\"2\">Auswirkungen der Durchdringung<br \/>\nnel Gioco con Due Mazzi<\/th>\n<\/tr>\n<tr>\n<td>Prozentsatz der Durchdringung<\/td>\n<td>Theoretische Betrachtung des Spielleiters<\/td>\n<\/tr>\n<tr>\n<td>50%<\/td>\n<td>0.64%<\/td>\n<\/tr>\n<tr>\n<td>60%<\/td>\n<td>0.95%<\/td>\n<\/tr>\n<tr>\n<td>66%<\/td>\n<td>1.14%<\/td>\n<\/tr>\n<tr>\n<td>75%<\/td>\n<td>1.47%<\/td>\n<\/tr>\n<\/tbody>\n<\/table>\n<p>Un \"trucco\" che ripeto spesso nelle mie lezioni \u00e8, se possibile, di lasciare il tavolo quando il True Count scende a -1 o pi\u00f9 in basso. Ci\u00f2 \u00e8 abbastanza facile da realizzare nel gioco con 6-mazzi, ma non cos\u00ec facile in quello con 2-mazzi. <b>Perci\u00f2, dovrete accettare di buon grado il fatto che giocherete con tutti i tipi di punteggio, il che rende il fattore penetrazione ancora pi\u00f9 importante.<\/b> Dies wird als \"gioca tutto\" bezeichnet und die oben genannten Zahlen werden unter diesen Bedingungen berechnet. A proposito, vi dovrete ricordare che il software di simulazione gioca al Blackjack perfettamente mentre noi umani no. Ecco perch\u00e8 ho usato il termine vantaggio \"teorico\" del giocatore; che \u00e8 il meglio che possa capitare, ragion per cui dovreste fare i calcoli con il 10% in meno per questioni di realt\u00e0.<\/p>\n<h3 class=\"gbs-heading\">Cominciamo<\/h3>\n<p>Wenn du noch nie mit zwei Mazzi als Kartenspieler gespielt hast, musst du zun\u00e4chst eine Basisberechnung durchf\u00fchren. Auch wenn Sie noch nicht mit 6 Mazzi gespielt haben, sollten Sie einige Unterschiede beachten:<\/p>\n<ul>\n<li>Viele, wenn auch nicht alle, Spiele mit zwei Mazzi werden mit einer Karte vertrieben, was eine andere Art der Aufbewahrung der Karten erfordert.<\/li>\n<li>Poich\u00e8 sar\u00e0 difficile lasciare il tavolo quando il conteggio scende, dovrete imparare molte variazioni \"negativ\" della Strategia Base.<\/li>\n<li>Molti giochi a due mazzi richiedono che il mazziere tiri con un soft 17 (assumeremo la seguente ipotesi durante tutte queste serie), quindi c'\u00e8 bisogno di qualche cambiamento nella Strategia Base. Potete ottenerla attraverso www.blackjackinfo.com.<\/li>\n<li>Da das Eindringen ein entscheidender Faktor ist, sollten Sie im Casino, in dem Sie sich aufhalten, im Voraus pr\u00fcfen, ob es sich lohnt, sich im Lokal niederzulassen. Verificate anche le regole mentre siete l\u00e0.<\/li>\n<\/ul>\n<p>Iniziamo a fare i vostri compiti per casa basandoci su quanto sopra esposto e la prossima volta sar\u00f2 di ritorno con un piano che vi indicher\u00e0 come scommettere in questo gioco con due mazzi.<\/p>","protected":false},"excerpt":{"rendered":"<p>A prima vista, appare logico che un bravo giocatore riesca meglio con un gioco che usa meno mazzi, ma questo non \u00e8 sempre il caso quando si confrontano i giochi con due mazzi e con sei mazzi. Entrano in gioco molte variabili, non ultime delle quali le regole del gioco, la scommessa minima richiesta e [&hellip;]<\/p>\n","protected":false},"author":4,"featured_media":0,"parent":2715,"menu_order":0,"comment_status":"open","ping_status":"open","template":"page-blacjack-school-it.php","meta":{"_acf_changed":false,"footnotes":""},"tags":[],"class_list":["post-2800","page","type-page","status-publish","hentry"],"acf":[],"yoast_head":"<!-- This site is optimized with the Yoast SEO plugin v26.6 - https:\/\/yoast.com\/wordpress\/plugins\/seo\/ -->\n<title>Lezione 21 - Sconfiggere il Gioco con Due Mazzi<\/title>\n<meta name=\"description\" content=\"A prima vista, appare logico che un bravo giocatore riesca meglio con un gioco che usa meno mazzi, ma questo non \u00e8 sempre il caso quando si confrontano i\" \/>\n<meta name=\"robots\" content=\"index, follow, max-snippet:-1, max-image-preview:large, max-video-preview:-1\" \/>\n<link rel=\"canonical\" href=\"https:\/\/www.blackjackinfo.com\/de\/blackjack-schule\/lektion-21-das-doppeldeckspiel-schlagen-teil-1\/\" \/>\n<meta property=\"og:locale\" content=\"de_DE\" \/>\n<meta property=\"og:type\" content=\"article\" \/>\n<meta property=\"og:title\" content=\"Lezione 21 - Sconfiggere il Gioco con Due Mazzi\" \/>\n<meta property=\"og:description\" content=\"A prima vista, appare logico che un bravo giocatore riesca meglio con un gioco che usa meno mazzi, ma questo non \u00e8 sempre il caso quando si confrontano i\" \/>\n<meta property=\"og:url\" content=\"https:\/\/www.blackjackinfo.com\/de\/blackjack-schule\/lektion-21-das-doppeldeckspiel-schlagen-teil-1\/\" \/>\n<meta property=\"og:site_name\" content=\"BlackjackInfo.com\" \/>\n<meta property=\"article:modified_time\" content=\"2018-04-18T07:07:14+00:00\" \/>\n<meta name=\"twitter:label1\" content=\"Gesch\u00e4tzte Lesezeit\" \/>\n\t<meta name=\"twitter:data1\" content=\"6\u00a0Minuten\" \/>\n<script type=\"application\/ld+json\" class=\"yoast-schema-graph\">{\"@context\":\"https:\/\/schema.org\",\"@graph\":[{\"@type\":\"WebPage\",\"@id\":\"https:\/\/www.blackjackinfo.com\/blackjack-school\/lesson-21-beating-the-double-deck-game-part-1\/\",\"url\":\"https:\/\/www.blackjackinfo.com\/blackjack-school\/lesson-21-beating-the-double-deck-game-part-1\/\",\"name\":\"Lezione 21 - Sconfiggere il Gioco con Due Mazzi\",\"isPartOf\":{\"@id\":\"https:\/\/www.blackjackinfo.com\/#website\"},\"datePublished\":\"2017-03-13T04:10:29+00:00\",\"dateModified\":\"2018-04-18T07:07:14+00:00\",\"description\":\"A prima vista, appare logico che un bravo giocatore riesca meglio con un gioco che usa meno mazzi, ma questo non \u00e8 sempre il caso quando si confrontano i\",\"breadcrumb\":{\"@id\":\"https:\/\/www.blackjackinfo.com\/blackjack-school\/lesson-21-beating-the-double-deck-game-part-1\/#breadcrumb\"},\"inLanguage\":\"de\",\"potentialAction\":[{\"@type\":\"ReadAction\",\"target\":[\"https:\/\/www.blackjackinfo.com\/blackjack-school\/lesson-21-beating-the-double-deck-game-part-1\/\"]}]},{\"@type\":\"BreadcrumbList\",\"@id\":\"https:\/\/www.blackjackinfo.com\/blackjack-school\/lesson-21-beating-the-double-deck-game-part-1\/#breadcrumb\",\"itemListElement\":[{\"@type\":\"ListItem\",\"position\":1,\"name\":\"Home\",\"item\":\"https:\/\/www.blackjackinfo.com\/\"},{\"@type\":\"ListItem\",\"position\":2,\"name\":\"La Scuola di Blackjack di GameMaster\",\"item\":\"https:\/\/www.it.blackjackinfo.com\/scuola-di-blackjack\/\"},{\"@type\":\"ListItem\",\"position\":3,\"name\":\"Lezione 21 &#8211; Sconfiggere il Gioco con Due Mazzi\"}]},{\"@type\":\"WebSite\",\"@id\":\"https:\/\/www.blackjackinfo.com\/#website\",\"url\":\"https:\/\/www.blackjackinfo.com\/\",\"name\":\"BlackjackInfo.com\",\"description\":\"Because Winning is More Fun!\",\"potentialAction\":[{\"@type\":\"SearchAction\",\"target\":{\"@type\":\"EntryPoint\",\"urlTemplate\":\"https:\/\/www.blackjackinfo.com\/?s={search_term_string}\"},\"query-input\":{\"@type\":\"PropertyValueSpecification\",\"valueRequired\":true,\"valueName\":\"search_term_string\"}}],\"inLanguage\":\"de\"}]}<\/script>\n<!-- \/ Yoast SEO plugin. -->","yoast_head_json":{"title":"Lezione 21 - Konfigurieren des Ger\u00e4ts mit zwei Mazzi","description":"Auf den ersten Blick scheint es logisch, dass ein guter Spieler mit einem Spiel, das weniger Mazzi verwendet, besser zurechtkommt, aber das ist nicht immer der Fall, wenn er mit","robots":{"index":"index","follow":"follow","max-snippet":"max-snippet:-1","max-image-preview":"max-image-preview:large","max-video-preview":"max-video-preview:-1"},"canonical":"https:\/\/www.blackjackinfo.com\/de\/blackjack-schule\/lektion-21-das-doppeldeckspiel-schlagen-teil-1\/","og_locale":"de_DE","og_type":"article","og_title":"Lezione 21 - Sconfiggere il Gioco con Due Mazzi","og_description":"A prima vista, appare logico che un bravo giocatore riesca meglio con un gioco che usa meno mazzi, ma questo non \u00e8 sempre il caso quando si confrontano i","og_url":"https:\/\/www.blackjackinfo.com\/de\/blackjack-schule\/lektion-21-das-doppeldeckspiel-schlagen-teil-1\/","og_site_name":"BlackjackInfo.com","article_modified_time":"2018-04-18T07:07:14+00:00","twitter_misc":{"Gesch\u00e4tzte Lesezeit":"6\u00a0Minuten"},"schema":{"@context":"https:\/\/schema.org","@graph":[{"@type":"WebPage","@id":"https:\/\/www.blackjackinfo.com\/blackjack-school\/lesson-21-beating-the-double-deck-game-part-1\/","url":"https:\/\/www.blackjackinfo.com\/blackjack-school\/lesson-21-beating-the-double-deck-game-part-1\/","name":"Lezione 21 - Konfigurieren des Ger\u00e4ts mit zwei Mazzi","isPartOf":{"@id":"https:\/\/www.blackjackinfo.com\/#website"},"datePublished":"2017-03-13T04:10:29+00:00","dateModified":"2018-04-18T07:07:14+00:00","description":"Auf den ersten Blick scheint es logisch, dass ein guter Spieler mit einem Spiel, das weniger Mazzi verwendet, besser zurechtkommt, aber das ist nicht immer der Fall, wenn er mit","breadcrumb":{"@id":"https:\/\/www.blackjackinfo.com\/blackjack-school\/lesson-21-beating-the-double-deck-game-part-1\/#breadcrumb"},"inLanguage":"de","potentialAction":[{"@type":"ReadAction","target":["https:\/\/www.blackjackinfo.com\/blackjack-school\/lesson-21-beating-the-double-deck-game-part-1\/"]}]},{"@type":"BreadcrumbList","@id":"https:\/\/www.blackjackinfo.com\/blackjack-school\/lesson-21-beating-the-double-deck-game-part-1\/#breadcrumb","itemListElement":[{"@type":"ListItem","position":1,"name":"Home","item":"https:\/\/www.blackjackinfo.com\/"},{"@type":"ListItem","position":2,"name":"La Scuola di Blackjack di GameMaster","item":"https:\/\/www.it.blackjackinfo.com\/scuola-di-blackjack\/"},{"@type":"ListItem","position":3,"name":"Lezione 21 &#8211; Sconfiggere il Gioco con Due Mazzi"}]},{"@type":"WebSite","@id":"https:\/\/www.blackjackinfo.com\/#website","url":"https:\/\/www.blackjackinfo.com\/","name":"BlackjackInfo.de","description":"Denn Gewinnen macht mehr Spa\u00df!","potentialAction":[{"@type":"SearchAction","target":{"@type":"EntryPoint","urlTemplate":"https:\/\/www.blackjackinfo.com\/?s={search_term_string}"},"query-input":{"@type":"PropertyValueSpecification","valueRequired":true,"valueName":"search_term_string"}}],"inLanguage":"de"}]}},"_links":{"self":[{"href":"https:\/\/www.blackjackinfo.com\/de\/wp-json\/wp\/v2\/pages\/2800","targetHints":{"allow":["GET"]}}],"collection":[{"href":"https:\/\/www.blackjackinfo.com\/de\/wp-json\/wp\/v2\/pages"}],"about":[{"href":"https:\/\/www.blackjackinfo.com\/de\/wp-json\/wp\/v2\/types\/page"}],"author":[{"embeddable":true,"href":"https:\/\/www.blackjackinfo.com\/de\/wp-json\/wp\/v2\/users\/4"}],"replies":[{"embeddable":true,"href":"https:\/\/www.blackjackinfo.com\/de\/wp-json\/wp\/v2\/comments?post=2800"}],"version-history":[{"count":3,"href":"https:\/\/www.blackjackinfo.com\/de\/wp-json\/wp\/v2\/pages\/2800\/revisions"}],"predecessor-version":[{"id":2803,"href":"https:\/\/www.blackjackinfo.com\/de\/wp-json\/wp\/v2\/pages\/2800\/revisions\/2803"}],"up":[{"embeddable":true,"href":"https:\/\/www.blackjackinfo.com\/de\/wp-json\/wp\/v2\/pages\/2715"}],"wp:attachment":[{"href":"https:\/\/www.blackjackinfo.com\/de\/wp-json\/wp\/v2\/media?parent=2800"}],"wp:term":[{"taxonomy":"post_tag","embeddable":true,"href":"https:\/\/www.blackjackinfo.com\/de\/wp-json\/wp\/v2\/tags?post=2800"}],"curies":[{"name":"wp","href":"https:\/\/api.w.org\/{rel}","templated":true}]}}