{"id":2807,"date":"2017-03-12T23:23:13","date_gmt":"2017-03-13T04:23:13","guid":{"rendered":"https:\/\/www.blackjackinfo.com\/?page_id=2807\/"},"modified":"2018-04-18T02:07:14","modified_gmt":"2018-04-18T07:07:14","slug":"lezione-23-sconfiggere-il-gioco-con-due-mazzi","status":"publish","type":"page","link":"https:\/\/www.blackjackinfo.com\/de\/scuola-di-blackjack\/lezione-23-sconfiggere-il-gioco-con-due-mazzi\/","title":{"rendered":"Lezione 23 - Konfigurieren des Ger\u00e4ts mit zwei Mazzi"},"content":{"rendered":"<h3 class=\"gbs-heading\">Variazioni Strategia Base per il Doppio Mazzo<\/h3>\n<p><b>Um ein Blackjack-Spiel mit dem Doppelmazzo zu spielen, muss man ein Spiel spielen, das eine angemessene Durchdringung mit einer Mindestpunktzahl bietet, die es erm\u00f6glicht, ein Spielintervall von 1 bis 8 zu erreichen,<\/b> indem man die wichtigsten Grunds\u00e4tze f\u00fcr die Verwaltung der Gelder auf der Grundlage des eigenen Gesamtbudgets einh\u00e4lt. Eine weitere \"Frechheit im eigenen Revier\" ist es, das eigene Spiel in der Sekunde des Spiels zu variieren.<\/p>\n<p><b>Wenn Sie in der Lage sind, die Karten zu kontrollieren, k\u00f6nnen Sie das Spielfeld benutzen, um die Zahl zu berechnen, die Sie f\u00fcr jede Hand brauchen, aber auch um jede Hand genauer zu spielen.<\/b> Wenn Sie meinen Kurs bis hierher studiert haben, wissen Sie, dass eine der wichtigsten Strategien f\u00fcr Blackjack darin besteht, das Spiel zu verlieren, wenn der True Count auf -1 oder mehr sinkt, Aber diese Taktik ist in vielen Spielen mit Doppelmazzo nicht umsetzbar, da die Karten nur f\u00fcr ein paar Spielz\u00fcge verteilt werden, bevor sie neu gemischt werden, im Gegensatz zu Spielen mit zwei Mazzi.<\/p>\n<p><b>Infolgedessen m\u00fcssen wir uns mit vielen \"negativen\" Mazzi hinsetzen und spielen, aber die positive Nachricht ist, dass ein Mazziata nicht zu weit weg ist.<\/b> Aber wir wissen auch, dass der Gewinn des Casinos steigt, wenn das Spiel ausf\u00e4llt, also m\u00fcssen wir diesen Effekt so weit wie m\u00f6glich neutralisieren. Wahrscheinlich werden wir mit den Due-Mazzi viel mehr negative Spiele spielen, aber wir m\u00fcssen die Spiele f\u00fcr die Menschen verbessern, wie z.B. die 12 gegen die 5 in der Bank zu tauschen und so weiter. Con un conteggio basso dobbiamo anche evitare di raddoppiare e dividere le coppie chiedendo, al loro posto, carta. Aber wir wollen uns nicht mit wichtigen Spielen wie diesen aufhalten, deshalb m\u00fcssen wir die Variationen der Basisstrategie f\u00fcr die \"niedrigen\" Zahlen wie -2, -3 und so weiter einf\u00fchren. <b>Ein realistisches Intervall f\u00fcr viele Spiele mit Doppelmazzo ist ein True Count zwischen -6 und +6, der bei einer Durchdringung von 50-60% bei allen Spielern zu 85% f\u00fchrt.<\/b><\/p>\n<p>Einige Spieler bevorzugen es, nur die Indikatoren f\u00fcr die Hauptkarten zu verwenden, da sie eine Karte wie A, 4 gegen 5 weniger als 100 Mal pro 100.000 Spielrunden spielen, aber sehr h\u00e4ufig eine 16 gegen eine 10 spielen. Nella seconda edizione del suo libro, \"Blackjack Attack\", Don Schlesinger ha dedidcato un capitolo a ci\u00f2 che lui chiama \"Gli Illustri 18\" che sono, secondo la sua opinione, le variazioni della Strategia Base pi\u00f9 importanti. Ich bin nicht bereit, die Originalarbeit anderer Autoren zu \u00fcbernehmen, daher habe ich das Buch f\u00fcr ein komplettes Verzeichnis genutzt, wenn ich mir nicht alle Variationen, die ich auswendig gelernt habe, merken kann. Un'altra idea che vale la pena considerare \u00e8 di non imparare gli indici sotto -2, con il fondamento logico che, con tali punteggi, probabilmente scommetterete il minimo consentito, quindi ogni errore di gioco da voi commesso, nel lungo periodo, vi coster\u00e0 poco. Oder aber, vorreste imparare solo gli indici grazie ai quali effettuerete le puntate extra, come nei raddoppi e nelle divisioni, con l'idea che mettendo pi\u00f9 soldi sul tavolo bisogna giocare la mano correttamente<br \/>\nIch pers\u00f6nlich bin der Meinung, dass, wenn es in diesem Spiel etwas zu holen gibt, es immer und \u00fcberall zu holen ist. (Ok, capisco che sono fanatico con queste cose, ma cosa ci posso fare?) Se i giochi con due-mazzi si trovano proprio dove voi trascorrerete la maggior parte del vostro tempo, allora \u00e8 probabile che valga la pena sforzarsi a memorizzare i 90 indici qui presentati. Wenn dies nicht Ihr Hauptspiel ist, reicht wahrscheinlich ein Intervall zwischen -2 und +6 mit einer gewissen Modifikation aus. Bitte beachten Sie, dass einige dieser Indikatoren denjenigen f\u00fcr Spiele mit zwei M\u00e4usen \u00e4hneln, daher sollten Sie nicht mit dem Spiel beginnen, um eine Karte zu schreiben. <b>Imparate quei numeri che pensate siano importanti per il posto e il modo in cui giocherete.<\/b><\/p>\n<p>Anstatt die Variation jeder einzelnen Person zu beschreiben, wie ich es in einem Bereich mit mehreren M\u00e4usen getan habe, kann man auch die Tabelle der Basisstrategie \u00fcberarbeiten, die f\u00fcr jede geeignete Person einen numerischen \"Index\" anzeigt. Non vi preoccupate se avete difficolt\u00e0 a comprenderla, perch\u00e8, tanto, verr\u00e0 spiegata pi\u00f9 in basso<\/p>\n<p><b>Variazioni Strategia Base<\/b><br \/>\nDoppio-Mazzo, H17, Da2, no das, nessuna resa<br \/>\n<b><a href=\"https:\/\/www.blackjackinfo.com\/files\/Blackjack-School\/DD-BS-Variations.htm\">(Wenn Sie auf diesen Link klicken, gelangen Sie zu einer anderen Seite mit diesen Informationen)<\/a><\/b><\/p>\n<h3 class=\"gbs-heading\">Usando la Matrice<\/h3>\n<p>(Anmerkung des GM: Die Basisstrategie f\u00fcr dieses Spiel ist auf BlackjackInfo.com verf\u00fcgbar: <a href=\"https:\/\/www.blackjackinfo.com\/it\/bjbse.php?numdecks=2+decks&amp;soft17=h17&amp;dbl=all&amp;das=no&amp;surr=ns&amp;peek=yes\">2D, H17, DA2, NDAS Grundlegende Strategie<\/a>)<\/p>\n<p><b>Es ist sehr einfach, den Spielplan zu benutzen, wenn Sie sich die Basisstrategie f\u00fcr diesen Spieltyp gemerkt haben, aber wenn Sie das noch nicht getan haben, m\u00fcssen Sie ihn vor der Nutzung dieser modernen Spielvariante einspielen.<\/b> F\u00fcr jede Kombination aus Spielerhand und Bankkarte gibt es eine bestimmte Aktion, wie z.B. tirare, fermarsi, raddoppiare, usw., oder eine Zahl. Il numero \u00e8 un \"punto d'azione\" basato sul True Count che indica la variazione. Ci\u00f2 che la giusta variazione rappresenta per una situazione potrebbe generare un po' di confusione, ma se studiate la mano in questione, di solito potrete capirla. Un buon esempio di quanto appena esposto \u00e8 A, 7 contro il 2 del banco. Nella matrice vedrete in corrispondenza il numero 2, e quindi dovrete tirare, fermarvi o fare qualcos'altro? Bene, \"qualcos'altro\" \u00e8 la risposta giusta, quindi dovrete raddoppiare, proprio come con un A,7 contro 3, 4, 5, e 6. La logica gioca un ruolo in questo caso, quindi se un gioco sembra irrazionale, probabilmente \u00e8 sbagliato. Tirereste veramente un A,7 contro un 2? Ovviamente, si potrebbe stare, ma questo \u00e8 gi\u00e0 il gioco della Strategia Base, cos\u00ec il raddoppio \u00e8 tutto ci\u00f2 che rimane. Folglich bedeutet das, dass man eine A,7 gegen die 2 der Bank raddoppeln sollte, wenn der True Count 2 oder mehr als 2 ist. Wenn der True Count weniger als 2 ist, sollte man das Spiel der Strategia Base benutzen, das vorschl\u00e4gt, den Spielzug zu beenden. Bei einer 3 gibt die Basisstrategie vor, die A,7 zu verdoppeln. Ma l'indice per questo caso \u00e8 -2, il che significa che bisogna raddoppiare un A,7 contro 3 solo se il True Count \u00e8 -2 o superiore. Se cos\u00ec non \u00e8, allora dovreste fermarvi. Parliamo di un'altra variazione che potrebbe generare qualche confusione: 8, 8 contro 10. La notazione corrispondente \u00e8 \"Stand@6\", quindi se il True Count \u00e8 6 o superiore, non dividerete gli 8, ma invece vi fermerete<\/p>\n<p>Die allgemeine Regel f\u00fcr die Erfassung der Variationsmatrix der Basisstrategie ist diese: <b>Wenn die Zahl in einem Feld 0 oder weniger ist, muss die Basisstrategie bis zu dem Zeitpunkt weiterverfolgt werden, an dem das Ergebnis gr\u00f6\u00dfer ist als die angegebene Zahl.<\/b> Per esempio, con A,4 contro 4, raddoppierete fino a quando il conteggio \u00e8 maggiore o uguale a 0. Se il conteggio \u00e8 negativo, tirate. Nel caso di un 9 contro un 4, raddoppierete fino a quando il conteggio \u00e8 -3 o superiore (ricordate che -1 \u00e8 \"pi\u00f9 grande\" di -2)<\/p>\n<p>Ich kann nicht sagen, dass ich die wichtigste Ver\u00e4nderung von allen, n\u00e4mlich die Versicherung, vergessen habe. <b>Spero sappiate che la Strategia Base corretta ci dice di non prendere mai l'assicurazione (anche quando avete un 'blackjack' e la carta del dealer \u00e8 un Asso, a dispetto di ci\u00f2 che qualcun altro potrebbe dirvi)<\/b>aber in einem Spiel mit zwei Spielern ist die Sicherheit mit einem Ture Count von 2 (wirklich 2,4, wenn man diesen Pr\u00e4zisionsgrad erreichen kann) oder mehr am besten.<\/p>\n<h3 class=\"gbs-heading\">Einf\u00fchren von \u00c4nderungen der Basisstrategie<\/h3>\n<p><b>Wenn Sie die Variationen der Basisstrategie ausgew\u00e4hlt haben, die Sie lernen m\u00f6chten, m\u00fcssen Sie eine Reihe von Lernkarten erstellen, die dem Ziel entsprechen.<\/b> Come fare ci\u00f2 \u00e8 stato spiegato minuziosamente nella Lezione 14 del \"La Scuola di Blackjack di GameMaster\" e non posso sottolineare di nuovo l'importanza del loro valore. Costruite un insieme di carte e portatele con voi, o almeno studiatele intensamente prima di ogni sessione di gioco se il gioco con due mazzi non \u00e8 il vostro gioco \"principale\"<\/p>","protected":false},"excerpt":{"rendered":"<p>Variazioni Strategia Base per il Doppio Mazzo Vincere al gioco del Blackjack con il doppio-mazzo richiede che si trovi dapprima un gioco che offra una penetrazione decente con una scommessa minima che ci consenta di realizzare un intervallo di scommessa da 1 a 8, rimanendo all&#8217;interno dei principi ragionevoli per la gestione dei soldi in [&hellip;]<\/p>\n","protected":false},"author":4,"featured_media":0,"parent":2715,"menu_order":0,"comment_status":"open","ping_status":"open","template":"page-blacjack-school-it.php","meta":{"_acf_changed":false,"footnotes":""},"tags":[],"class_list":["post-2807","page","type-page","status-publish","hentry"],"acf":[],"yoast_head":"<!-- This site is optimized with the Yoast SEO plugin v26.6 - https:\/\/yoast.com\/wordpress\/plugins\/seo\/ -->\n<title>Lezione 23 - Sconfiggere il Gioco con Due Mazzi<\/title>\n<meta name=\"description\" content=\"Variazioni Strategia Base per il Doppio Mazzo Vincere al gioco del Blackjack con il doppio-mazzo richiede che si trovi dapprima un gioco che offra una\" \/>\n<meta name=\"robots\" content=\"index, follow, max-snippet:-1, max-image-preview:large, max-video-preview:-1\" \/>\n<link rel=\"canonical\" href=\"https:\/\/www.blackjackinfo.com\/de\/blackjack-schule\/lektion-23-das-doppeldeckspiel-schlagen-teil-3\/\" \/>\n<meta property=\"og:locale\" content=\"de_DE\" \/>\n<meta property=\"og:type\" content=\"article\" \/>\n<meta property=\"og:title\" content=\"Lezione 23 - Sconfiggere il Gioco con Due Mazzi\" \/>\n<meta property=\"og:description\" content=\"Variazioni Strategia Base per il Doppio Mazzo Vincere al gioco del Blackjack con il doppio-mazzo richiede che si trovi dapprima un gioco che offra una\" \/>\n<meta property=\"og:url\" content=\"https:\/\/www.blackjackinfo.com\/de\/blackjack-schule\/lektion-23-das-doppeldeckspiel-schlagen-teil-3\/\" \/>\n<meta property=\"og:site_name\" content=\"BlackjackInfo.com\" \/>\n<meta property=\"article:modified_time\" content=\"2018-04-18T07:07:14+00:00\" \/>\n<meta name=\"twitter:label1\" content=\"Gesch\u00e4tzte Lesezeit\" \/>\n\t<meta name=\"twitter:data1\" content=\"6\u00a0Minuten\" \/>\n<script type=\"application\/ld+json\" class=\"yoast-schema-graph\">{\"@context\":\"https:\/\/schema.org\",\"@graph\":[{\"@type\":\"WebPage\",\"@id\":\"https:\/\/www.blackjackinfo.com\/blackjack-school\/lesson-23-beating-the-double-deck-game-part-3\/\",\"url\":\"https:\/\/www.blackjackinfo.com\/blackjack-school\/lesson-23-beating-the-double-deck-game-part-3\/\",\"name\":\"Lezione 23 - Sconfiggere il Gioco con Due Mazzi\",\"isPartOf\":{\"@id\":\"https:\/\/www.blackjackinfo.com\/#website\"},\"datePublished\":\"2017-03-13T04:23:13+00:00\",\"dateModified\":\"2018-04-18T07:07:14+00:00\",\"description\":\"Variazioni Strategia Base per il Doppio Mazzo Vincere al gioco del Blackjack con il doppio-mazzo richiede che si trovi dapprima un gioco che offra una\",\"breadcrumb\":{\"@id\":\"https:\/\/www.blackjackinfo.com\/blackjack-school\/lesson-23-beating-the-double-deck-game-part-3\/#breadcrumb\"},\"inLanguage\":\"de\",\"potentialAction\":[{\"@type\":\"ReadAction\",\"target\":[\"https:\/\/www.blackjackinfo.com\/blackjack-school\/lesson-23-beating-the-double-deck-game-part-3\/\"]}]},{\"@type\":\"BreadcrumbList\",\"@id\":\"https:\/\/www.blackjackinfo.com\/blackjack-school\/lesson-23-beating-the-double-deck-game-part-3\/#breadcrumb\",\"itemListElement\":[{\"@type\":\"ListItem\",\"position\":1,\"name\":\"Home\",\"item\":\"https:\/\/www.blackjackinfo.com\/\"},{\"@type\":\"ListItem\",\"position\":2,\"name\":\"La Scuola di Blackjack di GameMaster\",\"item\":\"https:\/\/www.it.blackjackinfo.com\/scuola-di-blackjack\/\"},{\"@type\":\"ListItem\",\"position\":3,\"name\":\"Lezione 23 &#8211; Sconfiggere il Gioco con Due Mazzi\"}]},{\"@type\":\"WebSite\",\"@id\":\"https:\/\/www.blackjackinfo.com\/#website\",\"url\":\"https:\/\/www.blackjackinfo.com\/\",\"name\":\"BlackjackInfo.com\",\"description\":\"Because Winning is More Fun!\",\"potentialAction\":[{\"@type\":\"SearchAction\",\"target\":{\"@type\":\"EntryPoint\",\"urlTemplate\":\"https:\/\/www.blackjackinfo.com\/?s={search_term_string}\"},\"query-input\":{\"@type\":\"PropertyValueSpecification\",\"valueRequired\":true,\"valueName\":\"search_term_string\"}}],\"inLanguage\":\"de\"}]}<\/script>\n<!-- \/ Yoast SEO plugin. -->","yoast_head_json":{"title":"Lezione 23 - Konfigurieren des Ger\u00e4ts mit zwei Mazzi","description":"Variazioni Strategia Base per il Doppio Mazzo Vincere al gioco del Blackjack con il doppio-mazzo richiede che si trovi dapprima un gioco che offra una","robots":{"index":"index","follow":"follow","max-snippet":"max-snippet:-1","max-image-preview":"max-image-preview:large","max-video-preview":"max-video-preview:-1"},"canonical":"https:\/\/www.blackjackinfo.com\/de\/blackjack-schule\/lektion-23-das-doppeldeckspiel-schlagen-teil-3\/","og_locale":"de_DE","og_type":"article","og_title":"Lezione 23 - Sconfiggere il Gioco con Due Mazzi","og_description":"Variazioni Strategia Base per il Doppio Mazzo Vincere al gioco del Blackjack con il doppio-mazzo richiede che si trovi dapprima un gioco che offra una","og_url":"https:\/\/www.blackjackinfo.com\/de\/blackjack-schule\/lektion-23-das-doppeldeckspiel-schlagen-teil-3\/","og_site_name":"BlackjackInfo.com","article_modified_time":"2018-04-18T07:07:14+00:00","twitter_misc":{"Gesch\u00e4tzte Lesezeit":"6\u00a0Minuten"},"schema":{"@context":"https:\/\/schema.org","@graph":[{"@type":"WebPage","@id":"https:\/\/www.blackjackinfo.com\/blackjack-school\/lesson-23-beating-the-double-deck-game-part-3\/","url":"https:\/\/www.blackjackinfo.com\/blackjack-school\/lesson-23-beating-the-double-deck-game-part-3\/","name":"Lezione 23 - Konfigurieren des Ger\u00e4ts mit zwei Mazzi","isPartOf":{"@id":"https:\/\/www.blackjackinfo.com\/#website"},"datePublished":"2017-03-13T04:23:13+00:00","dateModified":"2018-04-18T07:07:14+00:00","description":"Variazioni Strategia Base per il Doppio Mazzo Vincere al gioco del Blackjack con il doppio-mazzo richiede che si trovi dapprima un gioco che offra una","breadcrumb":{"@id":"https:\/\/www.blackjackinfo.com\/blackjack-school\/lesson-23-beating-the-double-deck-game-part-3\/#breadcrumb"},"inLanguage":"de","potentialAction":[{"@type":"ReadAction","target":["https:\/\/www.blackjackinfo.com\/blackjack-school\/lesson-23-beating-the-double-deck-game-part-3\/"]}]},{"@type":"BreadcrumbList","@id":"https:\/\/www.blackjackinfo.com\/blackjack-school\/lesson-23-beating-the-double-deck-game-part-3\/#breadcrumb","itemListElement":[{"@type":"ListItem","position":1,"name":"Home","item":"https:\/\/www.blackjackinfo.com\/"},{"@type":"ListItem","position":2,"name":"La Scuola di Blackjack di GameMaster","item":"https:\/\/www.it.blackjackinfo.com\/scuola-di-blackjack\/"},{"@type":"ListItem","position":3,"name":"Lezione 23 &#8211; Sconfiggere il Gioco con Due Mazzi"}]},{"@type":"WebSite","@id":"https:\/\/www.blackjackinfo.com\/#website","url":"https:\/\/www.blackjackinfo.com\/","name":"BlackjackInfo.de","description":"Denn Gewinnen macht mehr Spa\u00df!","potentialAction":[{"@type":"SearchAction","target":{"@type":"EntryPoint","urlTemplate":"https:\/\/www.blackjackinfo.com\/?s={search_term_string}"},"query-input":{"@type":"PropertyValueSpecification","valueRequired":true,"valueName":"search_term_string"}}],"inLanguage":"de"}]}},"_links":{"self":[{"href":"https:\/\/www.blackjackinfo.com\/de\/wp-json\/wp\/v2\/pages\/2807","targetHints":{"allow":["GET"]}}],"collection":[{"href":"https:\/\/www.blackjackinfo.com\/de\/wp-json\/wp\/v2\/pages"}],"about":[{"href":"https:\/\/www.blackjackinfo.com\/de\/wp-json\/wp\/v2\/types\/page"}],"author":[{"embeddable":true,"href":"https:\/\/www.blackjackinfo.com\/de\/wp-json\/wp\/v2\/users\/4"}],"replies":[{"embeddable":true,"href":"https:\/\/www.blackjackinfo.com\/de\/wp-json\/wp\/v2\/comments?post=2807"}],"version-history":[{"count":3,"href":"https:\/\/www.blackjackinfo.com\/de\/wp-json\/wp\/v2\/pages\/2807\/revisions"}],"predecessor-version":[{"id":2810,"href":"https:\/\/www.blackjackinfo.com\/de\/wp-json\/wp\/v2\/pages\/2807\/revisions\/2810"}],"up":[{"embeddable":true,"href":"https:\/\/www.blackjackinfo.com\/de\/wp-json\/wp\/v2\/pages\/2715"}],"wp:attachment":[{"href":"https:\/\/www.blackjackinfo.com\/de\/wp-json\/wp\/v2\/media?parent=2807"}],"wp:term":[{"taxonomy":"post_tag","embeddable":true,"href":"https:\/\/www.blackjackinfo.com\/de\/wp-json\/wp\/v2\/tags?post=2807"}],"curies":[{"name":"wp","href":"https:\/\/api.w.org\/{rel}","templated":true}]}}