{"id":2811,"date":"2017-03-12T23:28:37","date_gmt":"2017-03-13T04:28:37","guid":{"rendered":"https:\/\/www.blackjackinfo.com\/?page_id=2811\/"},"modified":"2018-04-18T02:07:14","modified_gmt":"2018-04-18T07:07:14","slug":"lezione-24-capire-lopzione-di-resa","status":"publish","type":"page","link":"https:\/\/www.blackjackinfo.com\/de\/scuola-di-blackjack\/lezione-24-capire-lopzione-di-resa\/","title":{"rendered":"Lezione 24 - Capire l'Opzione di Resa"},"content":{"rendered":"<p class=\"intro\">Mi ricordo bene i vecchi tempi in cui iniziarono a fiorire i primi giochi da casino ad Atlantic City. L'unico casino che era aperto in quel tempo (Resorts International) offriva un gioco da Blackjack dove le regole erano stabilite dalla Commissione di Controllo dei Casino <b>e comprendeva una strana regola chiamata 'arrendersi'. Almeno pensammo che fosse strana fino a quando scoprimmo che gran vantaggio potesse concedere al giocatore che la utilizzasse correttamente!<\/b><\/p>\n<p>Molti giocatori soprannarono la resa come una scommessa perdente. Una volta al tavolo, qualcun altro giocatore riassunse il tutto dichiarando: <b>\"Arrendersi \u00e8 da matti! Perch\u00e8 perdere met\u00e0 della vostra scommessa quando potreste facilmente vincere la mano?\"<\/b> Sotto certe condizioni, aveva ragione. Ci\u00f2 che voglio dire con questa affermazione \u00e8 che \u00e8 vero che un giocatore pu\u00f2 vincere o perdere una data mano, ma non aveva guardato molto lontano con il suo ragionamento. Wenn man mehrere H\u00e4nde hat und einige davon verlieren kann, ist die 50% delle scommessa grunds\u00e4tzlich die bequemste Alternative, um sie bis zum Ende zu tragen.<\/p>\n<p>Wer mit dem Spiel nicht vertraut ist, sollte wissen, dass es sich um eine Spieloption handelt, die einige Casinos anbieten k\u00f6nnen. <b>Quando viene concessa, si pu\u00f2 scegliere di rinunciare a met\u00e0 dell'importo scommesso piuttosto che portare a termine la vostra mano.<\/b> F\u00fcr die Mathematik kann man sagen, dass f\u00fcr diejenigen, die mehr als 50% der Einnahmen verlieren wollen, der Wiedereintritt eine gute Sache ist. Ci sono due tipi di resa: anticipata e posticipata. Diese Begriffe beziehen sich auf das Verhalten der Bank und darauf, ob der Spieler einen Blackjack hat (wenn die gescoppte Karte ein Ass oder eine 10 ist), bevor er sich f\u00fcr einen Einsatz entscheidet. In Atlantic City war die Art des Gewinns \"antizipiert\", was bedeutet, dass man die H\u00e4lfte des Einsatzes verlieren konnte, bevor der Spieler wusste, dass er einen \"Blackjack\" hatte. Das war ganz nat\u00fcrlich, denn die staatlichen Vorschriften erlaubten es nicht, \"zu sbircen\", d.h. die Bank konnte nicht wissen, welche Karte vorhanden war, bis alle Spieler ihre Spielentscheidungen getroffen hatten.<\/p>\n<p><b>Seit heute ist die am weitesten verbreitete Spielform die \"posticipata\"-Version, bei der der Spieler kontrolliert, ob er einen Blackjack hat, und wenn er keinen hat, kann er das Spiel beenden.<\/b> Das ist nat\u00fcrlich weniger wert, denn wenn die Bank einen Blackjack hat, wird der eigene Gewinn vor dem Erreichen des Gewinns abgezogen. Aber mit dieser Einschr\u00e4nkung kann das Spiel auch eine gute Gelegenheit sein, wenn man es richtig nutzt.<\/p>\n<p><b>Facciamo un esempio;<\/b> supponiamo di giocare con 6-mazzi dove il raddoppio dopo la divisione \u00e8 consentito e il banco si ferma con A-6. Se abbiamo una mano con 9, 7 e il banco mostra un 10, la mia 'aspettativa' di perdere, tutti i soldi scommessi in questa situazione, \u00e8 del 53.7%. Se mi arrendo, perder\u00f2 il 50% di tutti soldi scommessi in quella situazione. Si tratta di un miglioramento modesto, ma comunque migliore.<\/p>\n<p>Damit l\u00e4sst sich die strategische Basis f\u00fcr den Wiedereinstieg sehr einfach ermitteln. Se l'aspettativa \u00e8 di perdere pi\u00f9 del 50%, arrendetevi. F\u00fcr ein Spiel mit mehr Spielern finden Sie hier die Regeln f\u00fcr die Nachspielzeit:<\/p>\n<table class=\"gbs_table\">\n<tbody>\n<tr>\n<td><b>Mano del Giocatore (9,7) oder (10,6):<\/b><\/td>\n<td>Arrendersi contro il 9,10,A del banco<\/td>\n<\/tr>\n<tr>\n<td><b>Mano del Giocatore 15:<\/b><\/td>\n<td>Arrendersi contro il 10 del banco<\/td>\n<\/tr>\n<\/tbody>\n<\/table>\n<p>Das Ergebnis nach der Teilnahme bringt dem Spieler nur einen kleinen Vorteil von 0,1%, aber ich freue mich, wenn ich nach einem gro\u00dfen Punkt 10 Punkte f\u00fcr die erste Karte erhalte, genau das, was ich wollte, und dann die letzten 6 Punkte f\u00fcr die zweite Karte. Wer hat nicht schon einmal Erfolg gehabt?<\/p>\n<p><b>Se contate le carte, la possibilit\u00e0 di arrendersi diventa sempre pi\u00f9 vantaggiosa mano che il conteggio sale.<\/b> Wenn Sie die Lektionen nur bis zu diesem Punkt gelesen und studiert haben, werden Sie feststellen, dass in einer \"hohen\" Gewinnsituation der Anteil der 10 Karten, die im Vergleich zu den Karten mit \"niedrigem\" Wert auf dem Spielfeld liegen, gr\u00f6\u00dfer ist, so dass die Wahrscheinlichkeit, diese alten Karten zu erhalten, deutlich zunimmt. Questo \u00e8 il caso in cui il valore della resa sale.<\/p>\n<p>Die am weitesten verbreitete Variante ist die \"posticipata\", was bedeutet, dass der Spieler die eigene Karte verifiziert, wenn die gesuchte Karte ein Ass oder eine 10 ist. Wenn du einen \"Blackjack\" hast, verlierst du zwischenzeitlich deinen Gewinn, ohne die M\u00f6glichkeit zu haben, dich zu revanchieren. <b>Qualcuno afferma che sapendo che il banco non ha un Blackjack la resa diventa una soluzione stupida, ma esaminiamo pi\u00f9 in dettaglio questa situazione.<\/b> Welche Art von Hand kann die Bank bei der Ausgabe einer Karte ausgeben? In erster Linie kann die Bank nur 23% bei der Ausgabe von 10 oder einer Weste ausgleichen. In secondo luogo pu\u00f2 ottenere un totale di 20 o 21 nel 41% delle volte! Denkst du daran, es mit deiner 16 zu schaffen? Quando il banco mostra un Asso, e NON ha un Blackjack, pu\u00f2 ancora terminare la mano con un totale di 19 o di pi\u00f9 per il 46% delle volte e potr\u00e0 sballare solo per il 17% delle volte. Ecco perch\u00e8 la resa \u00e8 valida, anche se il banco non ha un Blackjack.<\/p>\n<p>Ora, come il conteggio sale, sia voi che il banco avete pi\u00f9 possibilit\u00e0 di ottenere i 10 e gli Assi. Perci\u00f2 \u00e8 pi\u00f9 probabilile che otterrete un 10 se decidete di tirare. Quindi, se avete una mano di 15 e il banco ha un 9, il mazziere ha una chance migliore di avere un 10 come carta coperta ed \u00e8 pi\u00f9 probabile che voi tirerete con un 10. E' il momento di uscire su cauzione! Quando il true count \u00e8 2 o superiore, arrendetevi con il vostro 15 contro il 9 del banco. Se il banco deve fermarsi con A-6, il true count \u00e8 maggiore o uguale a 2, il banco ha un Asso e voi un 15 allora arrendetevi. Se il banco deve tirare con un A-6, arrendersi con un 15 \u00e8 una mossa della strategia base. Un'altra cosa da ricordare \u00e8 di arrendersi con un 14 contro il 10 con un true count di 3 o superiore.<\/p>\n<p><b>Nach meiner Erfahrung ist die Nutzung der Resa unter dem Gesichtspunkt des \"Camuffamento\" interessant.<\/b> Sie sollten wissen, dass die Spieler es vorziehen, ihre F\u00e4higkeiten geheim zu halten, da das Personal des Casinos die Spieler nicht abstuft. Arrendersi \u00e8 fondamentalmente una tecnica di gioco abbastanza sofisticata, quindi \u00e8 corretto affermare che il giocatore d'azzardo 'medio' non la usa. Per\u00f2, noi vogliamo assomigliare ad un giocatore d'azzardo medio in modo da mascherare la nostra abilit\u00e0 di battere il gioco. Ma possiamo utilizzare la resa quando viene offerta e ci\u00f2 ci aiuta realmente quando il conteggio \u00e8 alto, avendo una grossa puntata e arrendendoci con un 15 contro un 9 (o un 13 contro un 10 - true count di 8), perch\u00e8 ci fa sembrare dei 'polli.' Der gr\u00f6\u00dfte Teil des Personals des Casinos glaubt, dass die Wiederholung nur eine \"verderbliche\" Art des Spielens ist, denn wenn sie sehen, dass sie nach einem Spiel von $200 wieder aufstehen, denken sie, dass sie nicht viel Geld gewinnen k\u00f6nnen. Che \u00e8 proprio quello che vogliamo che pensino.<\/p>\n<p>Dies ist die letzte Runde meiner Blackjack-Schule, zumindest im Moment. Dennoch kann ich mich immer wieder mit neuen Spielmodi auf den Weg machen und schreibe regelm\u00e4\u00dfig einmal im Monat einen neuen Artikel zu diesem Thema. Um mit euch in Kontakt zu bleiben, solltet ihr euch nicht scheuen, regelm\u00e4\u00dfig unsere urspr\u00fcngliche Seite, The GameMaster Online, zu besuchen.<\/p>","protected":false},"excerpt":{"rendered":"<p>Mi ricordo bene i vecchi tempi in cui iniziarono a fiorire i primi giochi da casino ad Atlantic City. L&#8217;unico casino che era aperto in quel tempo (Resorts International) offriva un gioco da Blackjack dove le regole erano stabilite dalla Commissione di Controllo dei Casino e comprendeva una strana regola chiamata &#8216;arrendersi&#8217;. Almeno pensammo che [&hellip;]<\/p>\n","protected":false},"author":4,"featured_media":0,"parent":2715,"menu_order":0,"comment_status":"open","ping_status":"open","template":"page-blacjack-school-it.php","meta":{"_acf_changed":false,"footnotes":""},"tags":[],"class_list":["post-2811","page","type-page","status-publish","hentry"],"acf":[],"yoast_head":"<!-- This site is optimized with the Yoast SEO plugin v26.6 - https:\/\/yoast.com\/wordpress\/plugins\/seo\/ -->\n<title>Lezione 24 - Capire l&#039;Opzione di Resa<\/title>\n<meta name=\"description\" content=\"Mi ricordo bene i vecchi tempi in cui iniziarono a fiorire i primi giochi da casino ad Atlantic City. L&#039;unico casino che era aperto in quel tempo (Resorts\" \/>\n<meta name=\"robots\" content=\"index, follow, max-snippet:-1, max-image-preview:large, max-video-preview:-1\" \/>\n<link rel=\"canonical\" href=\"https:\/\/www.blackjackinfo.com\/de\/blackjack-schule\/lektion-24-die-ruckgabeoption-verstehen\/\" \/>\n<meta property=\"og:locale\" content=\"de_DE\" \/>\n<meta property=\"og:type\" content=\"article\" \/>\n<meta property=\"og:title\" content=\"Lezione 24 - Capire l&#039;Opzione di Resa\" \/>\n<meta property=\"og:description\" content=\"Mi ricordo bene i vecchi tempi in cui iniziarono a fiorire i primi giochi da casino ad Atlantic City. L&#039;unico casino che era aperto in quel tempo (Resorts\" \/>\n<meta property=\"og:url\" content=\"https:\/\/www.blackjackinfo.com\/de\/blackjack-schule\/lektion-24-die-ruckgabeoption-verstehen\/\" \/>\n<meta property=\"og:site_name\" content=\"BlackjackInfo.com\" \/>\n<meta property=\"article:modified_time\" content=\"2018-04-18T07:07:14+00:00\" \/>\n<meta name=\"twitter:label1\" content=\"Gesch\u00e4tzte Lesezeit\" \/>\n\t<meta name=\"twitter:data1\" content=\"6\u00a0Minuten\" \/>\n<script type=\"application\/ld+json\" class=\"yoast-schema-graph\">{\"@context\":\"https:\/\/schema.org\",\"@graph\":[{\"@type\":\"WebPage\",\"@id\":\"https:\/\/www.blackjackinfo.com\/blackjack-school\/lesson-24-understanding-the-surrender-option\/\",\"url\":\"https:\/\/www.blackjackinfo.com\/blackjack-school\/lesson-24-understanding-the-surrender-option\/\",\"name\":\"Lezione 24 - Capire l'Opzione di Resa\",\"isPartOf\":{\"@id\":\"https:\/\/www.blackjackinfo.com\/#website\"},\"datePublished\":\"2017-03-13T04:28:37+00:00\",\"dateModified\":\"2018-04-18T07:07:14+00:00\",\"description\":\"Mi ricordo bene i vecchi tempi in cui iniziarono a fiorire i primi giochi da casino ad Atlantic City. L'unico casino che era aperto in quel tempo (Resorts\",\"breadcrumb\":{\"@id\":\"https:\/\/www.blackjackinfo.com\/blackjack-school\/lesson-24-understanding-the-surrender-option\/#breadcrumb\"},\"inLanguage\":\"de\",\"potentialAction\":[{\"@type\":\"ReadAction\",\"target\":[\"https:\/\/www.blackjackinfo.com\/blackjack-school\/lesson-24-understanding-the-surrender-option\/\"]}]},{\"@type\":\"BreadcrumbList\",\"@id\":\"https:\/\/www.blackjackinfo.com\/blackjack-school\/lesson-24-understanding-the-surrender-option\/#breadcrumb\",\"itemListElement\":[{\"@type\":\"ListItem\",\"position\":1,\"name\":\"Home\",\"item\":\"https:\/\/www.blackjackinfo.com\/\"},{\"@type\":\"ListItem\",\"position\":2,\"name\":\"La Scuola di Blackjack di GameMaster\",\"item\":\"https:\/\/www.it.blackjackinfo.com\/scuola-di-blackjack\/\"},{\"@type\":\"ListItem\",\"position\":3,\"name\":\"Lezione 24 &#8211; Capire l&#8217;Opzione di Resa\"}]},{\"@type\":\"WebSite\",\"@id\":\"https:\/\/www.blackjackinfo.com\/#website\",\"url\":\"https:\/\/www.blackjackinfo.com\/\",\"name\":\"BlackjackInfo.com\",\"description\":\"Because Winning is More Fun!\",\"potentialAction\":[{\"@type\":\"SearchAction\",\"target\":{\"@type\":\"EntryPoint\",\"urlTemplate\":\"https:\/\/www.blackjackinfo.com\/?s={search_term_string}\"},\"query-input\":{\"@type\":\"PropertyValueSpecification\",\"valueRequired\":true,\"valueName\":\"search_term_string\"}}],\"inLanguage\":\"de\"}]}<\/script>\n<!-- \/ Yoast SEO plugin. -->","yoast_head_json":{"title":"Lezione 24 - Capire l'Opzione di Resa","description":"Mi ricordo bene i vecchi tempi in cui iniziarono a fiorire i primi giochi da casino ad Atlantic City. L'unico casino che era aperto in quel tempo (Resorts","robots":{"index":"index","follow":"follow","max-snippet":"max-snippet:-1","max-image-preview":"max-image-preview:large","max-video-preview":"max-video-preview:-1"},"canonical":"https:\/\/www.blackjackinfo.com\/de\/blackjack-schule\/lektion-24-die-ruckgabeoption-verstehen\/","og_locale":"de_DE","og_type":"article","og_title":"Lezione 24 - Capire l'Opzione di Resa","og_description":"Mi ricordo bene i vecchi tempi in cui iniziarono a fiorire i primi giochi da casino ad Atlantic City. L'unico casino che era aperto in quel tempo (Resorts","og_url":"https:\/\/www.blackjackinfo.com\/de\/blackjack-schule\/lektion-24-die-ruckgabeoption-verstehen\/","og_site_name":"BlackjackInfo.com","article_modified_time":"2018-04-18T07:07:14+00:00","twitter_misc":{"Gesch\u00e4tzte Lesezeit":"6\u00a0Minuten"},"schema":{"@context":"https:\/\/schema.org","@graph":[{"@type":"WebPage","@id":"https:\/\/www.blackjackinfo.com\/blackjack-school\/lesson-24-understanding-the-surrender-option\/","url":"https:\/\/www.blackjackinfo.com\/blackjack-school\/lesson-24-understanding-the-surrender-option\/","name":"Lezione 24 - Capire l'Opzione di Resa","isPartOf":{"@id":"https:\/\/www.blackjackinfo.com\/#website"},"datePublished":"2017-03-13T04:28:37+00:00","dateModified":"2018-04-18T07:07:14+00:00","description":"Mi ricordo bene i vecchi tempi in cui iniziarono a fiorire i primi giochi da casino ad Atlantic City. L'unico casino che era aperto in quel tempo (Resorts","breadcrumb":{"@id":"https:\/\/www.blackjackinfo.com\/blackjack-school\/lesson-24-understanding-the-surrender-option\/#breadcrumb"},"inLanguage":"de","potentialAction":[{"@type":"ReadAction","target":["https:\/\/www.blackjackinfo.com\/blackjack-school\/lesson-24-understanding-the-surrender-option\/"]}]},{"@type":"BreadcrumbList","@id":"https:\/\/www.blackjackinfo.com\/blackjack-school\/lesson-24-understanding-the-surrender-option\/#breadcrumb","itemListElement":[{"@type":"ListItem","position":1,"name":"Home","item":"https:\/\/www.blackjackinfo.com\/"},{"@type":"ListItem","position":2,"name":"La Scuola di Blackjack di GameMaster","item":"https:\/\/www.it.blackjackinfo.com\/scuola-di-blackjack\/"},{"@type":"ListItem","position":3,"name":"Lezione 24 &#8211; Capire l&#8217;Opzione di Resa"}]},{"@type":"WebSite","@id":"https:\/\/www.blackjackinfo.com\/#website","url":"https:\/\/www.blackjackinfo.com\/","name":"BlackjackInfo.de","description":"Denn Gewinnen macht mehr Spa\u00df!","potentialAction":[{"@type":"SearchAction","target":{"@type":"EntryPoint","urlTemplate":"https:\/\/www.blackjackinfo.com\/?s={search_term_string}"},"query-input":{"@type":"PropertyValueSpecification","valueRequired":true,"valueName":"search_term_string"}}],"inLanguage":"de"}]}},"_links":{"self":[{"href":"https:\/\/www.blackjackinfo.com\/de\/wp-json\/wp\/v2\/pages\/2811","targetHints":{"allow":["GET"]}}],"collection":[{"href":"https:\/\/www.blackjackinfo.com\/de\/wp-json\/wp\/v2\/pages"}],"about":[{"href":"https:\/\/www.blackjackinfo.com\/de\/wp-json\/wp\/v2\/types\/page"}],"author":[{"embeddable":true,"href":"https:\/\/www.blackjackinfo.com\/de\/wp-json\/wp\/v2\/users\/4"}],"replies":[{"embeddable":true,"href":"https:\/\/www.blackjackinfo.com\/de\/wp-json\/wp\/v2\/comments?post=2811"}],"version-history":[{"count":1,"href":"https:\/\/www.blackjackinfo.com\/de\/wp-json\/wp\/v2\/pages\/2811\/revisions"}],"predecessor-version":[{"id":2812,"href":"https:\/\/www.blackjackinfo.com\/de\/wp-json\/wp\/v2\/pages\/2811\/revisions\/2812"}],"up":[{"embeddable":true,"href":"https:\/\/www.blackjackinfo.com\/de\/wp-json\/wp\/v2\/pages\/2715"}],"wp:attachment":[{"href":"https:\/\/www.blackjackinfo.com\/de\/wp-json\/wp\/v2\/media?parent=2811"}],"wp:term":[{"taxonomy":"post_tag","embeddable":true,"href":"https:\/\/www.blackjackinfo.com\/de\/wp-json\/wp\/v2\/tags?post=2811"}],"curies":[{"name":"wp","href":"https:\/\/api.w.org\/{rel}","templated":true}]}}