{"id":2813,"date":"2017-03-12T23:40:35","date_gmt":"2017-03-13T04:40:35","guid":{"rendered":"https:\/\/www.blackjackinfo.com\/?page_id=2813\/"},"modified":"2018-04-17T01:21:32","modified_gmt":"2018-04-17T06:21:32","slug":"kartenkonvolut","status":"publish","type":"page","link":"https:\/\/www.blackjackinfo.com\/de\/conteggio-carte\/","title":{"rendered":"Conteggio Carte"},"content":{"rendered":"<p>Das Kartenspiel ist eine legale Spielmethode, die es erm\u00f6glicht, einen mathematischen Vorteil gegen\u00fcber dem Casino zu erlangen.<\/p>\n<p class=\"intro\">Il Blackjack \u00e8 differente rispetto agli altri giochi da casino. Si pu\u00f2 battere. Wenn mehrere Spieler w\u00e4hrend eines Spiels und eines anderen Spiels zusammenkommen, kann ein Spieler diese Informationen auf den Spielkarten nutzen, um etwas auf den Karten zu vermeiden, die er noch benutzen m\u00f6chte. Anders als bei Spielen wie Roulette oder Daddy, bei denen der vorangegangene Einsatz keinen Einfluss auf die zuk\u00fcnftigen Entscheidungen hat, verarmt beim Blackjack jede Hand an den restlichen Karten. Aus diesem einfachen Umstand entsteht die Idee des Kartenspiels, ein vorteilhaftes und legales Spielverfahren, das dem Spieler einen mathematischen Vorteil im Casino verschafft.<\/p>\n<p>Wenn die Karten mit hohem Wert, wie die Figuren, die W\u00fcrfel und die Esel, die im Spielfeld liegen und auch benutzt werden m\u00fcssen, im Vergleich zu den Karten mit niedrigem Wert h\u00f6her sind, erh\u00f6ht sich der Vorteil des Spielers. Denn die Kartenzusammenstellung ist ein einfaches Verfahren, das bestimmt, wann die verbleibende Karte f\u00fcr den Spieler g\u00fcnstig ist. Wenn das Spielfeld \"reich\" an Assi und Karten mit einem Wert von drei ist, erh\u00e4lt der Spieler h\u00f6here Punkte. Wenn das Spielfeld dagegen mehr Karten mit niedrigem Wert hat, z. B. zwischen zwei und drei, muss der Spieler sehr kleine Punkte machen oder das Spielfeld verlassen.<\/p>\n<p>Mit Hilfe der Artikel und Diskussionen, die Sie hier finden, k\u00f6nnen Sie erkennen, dass das Kartenspiel nicht nur f\u00fcr Mathematiker geeignet ist, anders als in den Filmen, \u00fcber die wir schon oft gesprochen haben. <i>\"Rain Man\"<\/i> o <i>\u201c21\u201d<\/i>. Aber auch viele Spieler, die diese T\u00e4tigkeit aus\u00fcben m\u00f6chten, k\u00f6nnen das Blackjack-Spiel ausprobieren.<\/p>\n<h2 class=\"title\">Artikel \u00fcber die Zusammenstellung von Karten beim Blackjack<\/h2>\n<h3 class=\"gbs-heading\">Auf Italienisch<\/h3>\n<ul class=\"articles\">\n<li><a href=\"https:\/\/www.it.blackjackinfo.com\/it\/scuola-di-blackjack\/\">Die Blackjack-Schule von GameMaster<\/a>: Un corso gratuito di 24 lezioni per contare le carte al blackjack.<\/li>\n<li><a href=\"https:\/\/www.it.blackjackinfo.com\/it\/miglior-lavoro-del-mondo.php\">Il Miglior Lavoro del Mondo<\/a>: Una panoramica di vita da un professionista a tempo pieno del blackjack.\n<div class=\"meta\">von Kevin Blackwood<\/div>\n<blockquote><p><strong>Kevin Blackwood<\/strong> \u00e8 da molto tempo un giocatore professionista di blackjack, che ha vinto pi\u00f9 di un milione di dollari nei casino contando le carte. Egli inoltre \u00e8 uno scrittore formidabile, autore di <a href=\"https:\/\/www.it.blackjackinfo.com\/store\/play-blackjack-like-the-pros.html\">Blackjack spielen wie die Profis<\/a> pubblicato da Harper Collins. Gli altri suoi lavori includono un romanzo <a href=\"http:\/\/www.amazon.com\/dp\/0971727309\/?tag=theblackjacbasic\">Der Z\u00e4hler<\/a>, e <a href=\"http:\/\/www.amazon.com\/dp\/047175286X\/?tag=theblackjacbasic\">Casino-Gl\u00fccksspiel f\u00fcr Dummies<\/a>. Insieme a Larry Barker, \u00e8 co-autore di un e-book <a href=\"http:\/\/deepnettech.com\/estore\/index.php?main_page=product_info&amp;cPath=2&amp;products_id=60\">Legenden des Blackjack<\/a>.<\/p><\/blockquote>\n<\/li>\n<\/ul>\n<h3 class=\"gbs-heading\">In Inglese<\/h3>\n<ul class=\"articles\">\n<li><a href=\"https:\/\/www.it.blackjackinfo.com\/files\/Ben-Franklin-Count.pdf\"><span lang=\"en\">Der Ben Franklin Graf<\/span><\/a><img loading=\"lazy\" decoding=\"async\" class=\"icon\" src=\"https:\/\/www.it.blackjackinfo.com\/it\/AcrobatLogo.gif\" alt=\"Adobe Acrobat\" width=\"32\" height=\"32\" data-no-auto-translation=\"\" \/>(in formato PDF): Un sistema di conteggio per giochi con 6 o 8 mazzi di carte, che arrotonda tutti gli indici numerici a 0, 5, o 10 per semplificarne l'uso. Prodotto dall'utente del nostro forum, Automatic Monkey.<\/li>\n<li><a href=\"https:\/\/www.it.blackjackinfo.com\/knowledge-base\/\">Archivi di forum<\/a>: Archivio dei messaggi inseriti dal vecchio forum.<\/li>\n<\/ul>","protected":false},"excerpt":{"rendered":"<p>Il conteggio delle carte \u00e8 un metodo legale di gioco che permette di acquisire un vantaggio matematico rispetto al casino. Il Blackjack \u00e8 differente rispetto agli altri giochi da casino. Si pu\u00f2 battere. Poich\u00e8 pi\u00f9 mani escono tra i vari giocatori durante una mischiata ed un&#8217;altra, un giocatore pu\u00f2 usare queste informazioni, sulle carte giocate, [&hellip;]<\/p>\n","protected":false},"author":4,"featured_media":0,"parent":0,"menu_order":0,"comment_status":"open","ping_status":"closed","template":"page-with-sidebar.php","meta":{"_acf_changed":false,"footnotes":""},"tags":[],"class_list":["post-2813","page","type-page","status-publish","hentry"],"acf":[],"yoast_head":"<!-- This site is optimized with the Yoast SEO plugin v26.6 - https:\/\/yoast.com\/wordpress\/plugins\/seo\/ -->\n<title>Conteggio Carte<\/title>\n<meta name=\"description\" content=\"Il conteggio delle carte \u00e8 un metodo legale di gioco che permette di acquisire un vantaggio matematico rispetto al casino. Il Blackjack \u00e8 differente\" \/>\n<meta name=\"robots\" content=\"index, follow, max-snippet:-1, max-image-preview:large, max-video-preview:-1\" \/>\n<link rel=\"canonical\" href=\"https:\/\/www.blackjackinfo.com\/de\/kartenzahlen\/\" \/>\n<meta property=\"og:locale\" content=\"de_DE\" \/>\n<meta property=\"og:type\" content=\"article\" \/>\n<meta property=\"og:title\" content=\"Conteggio Carte\" \/>\n<meta property=\"og:description\" content=\"Il conteggio delle carte \u00e8 un metodo legale di gioco che permette di acquisire un vantaggio matematico rispetto al casino. Il Blackjack \u00e8 differente\" \/>\n<meta property=\"og:url\" content=\"https:\/\/www.blackjackinfo.com\/de\/kartenzahlen\/\" \/>\n<meta property=\"og:site_name\" content=\"BlackjackInfo.com\" \/>\n<meta property=\"article:modified_time\" content=\"2018-04-17T06:21:32+00:00\" \/>\n<meta property=\"og:image\" content=\"https:\/\/www.it.blackjackinfo.com\/it\/AcrobatLogo.gif\" \/>\n<meta name=\"twitter:label1\" content=\"Gesch\u00e4tzte Lesezeit\" \/>\n\t<meta name=\"twitter:data1\" content=\"2\u00a0Minuten\" \/>\n<script type=\"application\/ld+json\" class=\"yoast-schema-graph\">{\"@context\":\"https:\/\/schema.org\",\"@graph\":[{\"@type\":\"WebPage\",\"@id\":\"https:\/\/www.blackjackinfo.com\/card-counting\/\",\"url\":\"https:\/\/www.blackjackinfo.com\/card-counting\/\",\"name\":\"Conteggio Carte\",\"isPartOf\":{\"@id\":\"https:\/\/www.blackjackinfo.com\/#website\"},\"primaryImageOfPage\":{\"@id\":\"https:\/\/www.blackjackinfo.com\/card-counting\/#primaryimage\"},\"image\":{\"@id\":\"https:\/\/www.blackjackinfo.com\/card-counting\/#primaryimage\"},\"thumbnailUrl\":\"https:\/\/www.it.blackjackinfo.com\/it\/AcrobatLogo.gif\",\"datePublished\":\"2017-03-13T04:40:35+00:00\",\"dateModified\":\"2018-04-17T06:21:32+00:00\",\"description\":\"Il conteggio delle carte \u00e8 un metodo legale di gioco che permette di acquisire un vantaggio matematico rispetto al casino. Il Blackjack \u00e8 differente\",\"breadcrumb\":{\"@id\":\"https:\/\/www.blackjackinfo.com\/card-counting\/#breadcrumb\"},\"inLanguage\":\"de\",\"potentialAction\":[{\"@type\":\"ReadAction\",\"target\":[\"https:\/\/www.blackjackinfo.com\/card-counting\/\"]}]},{\"@type\":\"ImageObject\",\"inLanguage\":\"de\",\"@id\":\"https:\/\/www.blackjackinfo.com\/card-counting\/#primaryimage\",\"url\":\"https:\/\/www.it.blackjackinfo.com\/it\/AcrobatLogo.gif\",\"contentUrl\":\"https:\/\/www.it.blackjackinfo.com\/it\/AcrobatLogo.gif\"},{\"@type\":\"BreadcrumbList\",\"@id\":\"https:\/\/www.blackjackinfo.com\/card-counting\/#breadcrumb\",\"itemListElement\":[{\"@type\":\"ListItem\",\"position\":1,\"name\":\"Home\",\"item\":\"https:\/\/www.blackjackinfo.com\/\"},{\"@type\":\"ListItem\",\"position\":2,\"name\":\"Conteggio Carte\"}]},{\"@type\":\"WebSite\",\"@id\":\"https:\/\/www.blackjackinfo.com\/#website\",\"url\":\"https:\/\/www.blackjackinfo.com\/\",\"name\":\"BlackjackInfo.com\",\"description\":\"Because Winning is More Fun!\",\"potentialAction\":[{\"@type\":\"SearchAction\",\"target\":{\"@type\":\"EntryPoint\",\"urlTemplate\":\"https:\/\/www.blackjackinfo.com\/?s={search_term_string}\"},\"query-input\":{\"@type\":\"PropertyValueSpecification\",\"valueRequired\":true,\"valueName\":\"search_term_string\"}}],\"inLanguage\":\"de\"}]}<\/script>\n<!-- \/ Yoast SEO plugin. -->","yoast_head_json":{"title":"Conteggio Carte","description":"Il conteggio delle carte \u00e8 un metodo legale di gioco che permette di acquire un vantaggio matematico rispetto al casino. Blackjack ist anders","robots":{"index":"index","follow":"follow","max-snippet":"max-snippet:-1","max-image-preview":"max-image-preview:large","max-video-preview":"max-video-preview:-1"},"canonical":"https:\/\/www.blackjackinfo.com\/de\/kartenzahlen\/","og_locale":"de_DE","og_type":"article","og_title":"Conteggio Carte","og_description":"Il conteggio delle carte \u00e8 un metodo legale di gioco che permette di acquisire un vantaggio matematico rispetto al casino. Il Blackjack \u00e8 differente","og_url":"https:\/\/www.blackjackinfo.com\/de\/kartenzahlen\/","og_site_name":"BlackjackInfo.com","article_modified_time":"2018-04-17T06:21:32+00:00","og_image":[{"url":"https:\/\/www.it.blackjackinfo.com\/it\/AcrobatLogo.gif","type":"","width":"","height":""}],"twitter_misc":{"Gesch\u00e4tzte Lesezeit":"2\u00a0Minuten"},"schema":{"@context":"https:\/\/schema.org","@graph":[{"@type":"WebPage","@id":"https:\/\/www.blackjackinfo.com\/card-counting\/","url":"https:\/\/www.blackjackinfo.com\/card-counting\/","name":"Conteggio Carte","isPartOf":{"@id":"https:\/\/www.blackjackinfo.com\/#website"},"primaryImageOfPage":{"@id":"https:\/\/www.blackjackinfo.com\/card-counting\/#primaryimage"},"image":{"@id":"https:\/\/www.blackjackinfo.com\/card-counting\/#primaryimage"},"thumbnailUrl":"https:\/\/www.it.blackjackinfo.com\/it\/AcrobatLogo.gif","datePublished":"2017-03-13T04:40:35+00:00","dateModified":"2018-04-17T06:21:32+00:00","description":"Il conteggio delle carte \u00e8 un metodo legale di gioco che permette di acquire un vantaggio matematico rispetto al casino. Blackjack ist anders","breadcrumb":{"@id":"https:\/\/www.blackjackinfo.com\/card-counting\/#breadcrumb"},"inLanguage":"de","potentialAction":[{"@type":"ReadAction","target":["https:\/\/www.blackjackinfo.com\/card-counting\/"]}]},{"@type":"ImageObject","inLanguage":"de","@id":"https:\/\/www.blackjackinfo.com\/card-counting\/#primaryimage","url":"https:\/\/www.it.blackjackinfo.com\/it\/AcrobatLogo.gif","contentUrl":"https:\/\/www.it.blackjackinfo.com\/it\/AcrobatLogo.gif"},{"@type":"BreadcrumbList","@id":"https:\/\/www.blackjackinfo.com\/card-counting\/#breadcrumb","itemListElement":[{"@type":"ListItem","position":1,"name":"Home","item":"https:\/\/www.blackjackinfo.com\/"},{"@type":"ListItem","position":2,"name":"Conteggio Carte"}]},{"@type":"WebSite","@id":"https:\/\/www.blackjackinfo.com\/#website","url":"https:\/\/www.blackjackinfo.com\/","name":"BlackjackInfo.de","description":"Denn Gewinnen macht mehr Spa\u00df!","potentialAction":[{"@type":"SearchAction","target":{"@type":"EntryPoint","urlTemplate":"https:\/\/www.blackjackinfo.com\/?s={search_term_string}"},"query-input":{"@type":"PropertyValueSpecification","valueRequired":true,"valueName":"search_term_string"}}],"inLanguage":"de"}]}},"_links":{"self":[{"href":"https:\/\/www.blackjackinfo.com\/de\/wp-json\/wp\/v2\/pages\/2813","targetHints":{"allow":["GET"]}}],"collection":[{"href":"https:\/\/www.blackjackinfo.com\/de\/wp-json\/wp\/v2\/pages"}],"about":[{"href":"https:\/\/www.blackjackinfo.com\/de\/wp-json\/wp\/v2\/types\/page"}],"author":[{"embeddable":true,"href":"https:\/\/www.blackjackinfo.com\/de\/wp-json\/wp\/v2\/users\/4"}],"replies":[{"embeddable":true,"href":"https:\/\/www.blackjackinfo.com\/de\/wp-json\/wp\/v2\/comments?post=2813"}],"version-history":[{"count":1,"href":"https:\/\/www.blackjackinfo.com\/de\/wp-json\/wp\/v2\/pages\/2813\/revisions"}],"predecessor-version":[{"id":2814,"href":"https:\/\/www.blackjackinfo.com\/de\/wp-json\/wp\/v2\/pages\/2813\/revisions\/2814"}],"wp:attachment":[{"href":"https:\/\/www.blackjackinfo.com\/de\/wp-json\/wp\/v2\/media?parent=2813"}],"wp:term":[{"taxonomy":"post_tag","embeddable":true,"href":"https:\/\/www.blackjackinfo.com\/de\/wp-json\/wp\/v2\/tags?post=2813"}],"curies":[{"name":"wp","href":"https:\/\/api.w.org\/{rel}","templated":true}]}}