{"id":3173,"date":"2017-10-08T04:23:35","date_gmt":"2017-10-08T09:23:35","guid":{"rendered":"https:\/\/www.blackjackinfo.com\/?page_id=3173"},"modified":"2026-04-07T08:48:08","modified_gmt":"2026-04-07T13:48:08","slug":"blackjackinfo-blackjack-strategie-trainer","status":"publish","type":"page","link":"https:\/\/www.blackjackinfo.com\/de\/blackjackinfo-blackjack-strategy-trainer\/","title":{"rendered":"Blackjack Strategie Trainer"},"content":{"rendered":"<div class=\"wp-block-group container\"><div class=\"wp-block-group__inner-container is-layout-constrained wp-block-group-is-layout-constrained\">\n<p>Dies ist die aktualisierte Version der alten Flash-Blackjack-Strategie-Trainer, die von Blackjack-Legende erstellt wurde&nbsp;<a href=\"https:\/\/www.blackjackinfo.com\/about\/#who-is-ken-smith\">Ken Smith<\/a>. <\/p>\n\n\n\n<p>Wenn Sie einen Fehler finden, hinterlassen Sie bitte einen <a href=\"#wpd-threads\">Kommentar<\/a> unten! Ihr Feedback wird sehr gesch\u00e4tzt. <strong>Klicken Sie auf die Schaltfl\u00e4che \"Vollbild\". <img loading=\"lazy\" decoding=\"async\" src=\"https:\/\/www.blackjackinfo.com\/content\/plugins\/blackjack-strategy-trainer\/dist\/icons\/fullscreen-enter.svg\" alt=\"\" width=\"28\" height=\"28\" data-no-auto-translation=\"\" \/>&nbsp;(oben rechts im Spiel), um ein optimales Spielerlebnis zu gew\u00e4hrleisten.<\/strong><\/p>\n\n\n\n<p class=\"bs-callout bs-callout-info\">Der Trainer wurde aktualisiert und ist nun schneller und mobilfreundlicher. Wenn Sie die \u00e4ltere Version bevorzugen, <a href=\"https:\/\/www.blackjackinfo.com\/blackjack-strategy-trainer-2\/\">hier klicken<\/a>.<\/p>\n<\/div><\/div>\n\n\n\n<div id=\"blackjack-trainer\"><div role=\"status\" aria-live=\"polite\" style=\"min-height:320px;display:flex;align-items:center;justify-content:center;padding:24px;background:#0f1a0d;color:#d4af37\"><span style=\"font-family:Inter,system-ui,sans-serif;font-size:16px;font-weight:600;letter-spacing:0.08em;text-transform:uppercase;text-align:center\">Blackjack Trainer laden...<\/span><\/div><\/div>\n\n\n\n<div class=\"wp-block-group container pT40\"><div class=\"wp-block-group__inner-container is-layout-constrained wp-block-group-is-layout-constrained\">\n<h2 class=\"wp-block-heading\">Wie man den Trainer benutzt<\/h2>\n\n\n\n<p>Spielen Sie jedes Blatt so, wie Sie es normalerweise tun w\u00fcrden. Nach jeder Entscheidung sagt Ihnen der Trainer die <a href=\"https:\/\/www.blackjackinfo.com\/blackjack-basic-strategy-engine\/\">richtige Grundstrategie<\/a> und zeigt Ihnen, was Sie falsch gemacht haben, wenn Sie einen Fehler gemacht haben.<\/p>\n\n\n\n<p>Das integrierte Strategiediagramm <img loading=\"lazy\" decoding=\"async\" src=\"https:\/\/www.blackjackinfo.com\/content\/plugins\/blackjack-strategy-trainer\/dist\/icons\/strategy-chart.svg\" alt=\"\" width=\"20\" height=\"20\" data-no-auto-translation=\"\" \/> gibt Ihnen eine vollst\u00e4ndige visuelle Referenz f\u00fcr harte H\u00e4nde, weiche H\u00e4nde und Paare. Wenn Sie einen Spielzug noch einmal \u00fcberpr\u00fcfen m\u00f6chten, \u00f6ffnen Sie die Tabelle und vergleichen Sie das richtige Spiel mit der offenen Karte des Dealers.<\/p>\n\n\n\n<p>Die Genauigkeitsanzeige <span class=\"bjt-inline-accuracy\" style=\"display:inline-flex;align-items:center;gap:0.2em;padding:0.2em 0.7em;border:1px solid rgba(15,23,42,0.12);border-radius:4px;background:#f8fafc;color:#475569;font-size:0.82em;font-weight:600;line-height:1.2;vertical-align:-0.12em;box-shadow:inset 0 1px 0 rgba(255,255,255,0.9);white-space:nowrap\"><span style=\"color:#4ade80\">18<\/span> \/ 22 - 82%<\/span> zeigt an, wie oft Sie den richtigen Zug w\u00e4hlen. Klicken Sie darauf, um eine detaillierte Aufschl\u00fcsselung Ihrer Ergebnisse zu \u00f6ffnen, einschlie\u00dflich Ihrer Gesamtgenauigkeit, Ihrer Leistung nach Handtyp und der Fehler, die Sie am h\u00e4ufigsten machen.<\/p>\n\n\n\n<h3 class=\"wp-block-heading\">Warum eine grundlegende Strategie wichtig ist<\/h3>\n\n\n\n<p>Die Basisstrategie ist der mathematisch korrekte Weg, Blackjack auf der Grundlage Ihres Blatts und der offenen Karte des Dealers zu spielen. Sie garantiert nicht bei jedem Blatt einen Gewinn, aber sie reduziert kostspielige Fehler und bietet Ihnen die besten langfristigen Entscheidungen.<\/p>\n\n\n\n<p>Die meisten Spieler verlieren zus\u00e4tzliches Geld, weil sie an den falschen Stellen stehen, schlagen, splitten oder verdoppeln. Das \u00dcben mit Live-Feedback hilft, die richtigen Gewohnheiten viel schneller zu entwickeln.<\/p>\n\n\n\n<h3 class=\"wp-block-heading\">Was Sie lernen werden<\/h3>\n\n\n\n<p>Dieser Trainer hilft Ihnen, sich in den wichtigsten Bereichen der Blackjack-Strategie zu verbessern:<\/p>\n\n\n\n<ul class=\"wp-block-list\">\n<li>Harte Gesamtbetr\u00e4ge<\/li>\n\n\n\n<li>Weiche Gesamtbetr\u00e4ge<\/li>\n\n\n\n<li>Paarsplitting<\/li>\n\n\n\n<li>Entscheidungen in doppelter Hinsicht<\/li>\n\n\n\n<li>Entscheidungen \u00fcber den Verzicht<\/li>\n\n\n\n<li>Regelabh\u00e4ngige Strategie\u00e4nderungen<\/li>\n<\/ul>\n\n\n\n<h3 class=\"wp-block-heading\">Anpassen der Regeln<\/h3>\n\n\n\n<p>Die Blackjack-Strategie h\u00e4ngt vom jeweiligen Spiel ab. Klicken Sie auf das Einstellungssymbol oben links, um mit verschiedenen Regeln zu \u00fcben, darunter:<\/p>\n\n\n\n<ul class=\"wp-block-list\">\n<li>Anzahl der Decks (Standard 6)<\/li>\n\n\n\n<li>Der Geber trifft oder bleibt bei einer weichen 17 stehen (Standardeinstellung: Steht)<\/li>\n\n\n\n<li>Double-Down-Beschr\u00e4nkungen (Standard zwei beliebige Karten)<\/li>\n\n\n\n<li>Verdoppeln nach Split - (Standardwert Erlaubt)<\/li>\n\n\n\n<li>Verf\u00fcgbarkeit der R\u00fcckgabe (Standard: keine)<\/li>\n\n\n\n<li>Dealer-Peek-Regeln (Standard: Ja)<\/li>\n\n\n\n<li>Strategie-Coach (Standardeinstellung Ein)<\/li>\n<\/ul>\n\n\n\n<p>Das hei\u00dft, Sie k\u00f6nnen f\u00fcr die Tische trainieren, an denen Sie tats\u00e4chlich spielen.<\/p>\n\n\n\n<h3 class=\"wp-block-heading\">Verwenden Sie das Strategiediagramm und die Statistiken<\/h3>\n\n\n\n<p>Das integrierte Strategiediagramm bietet Ihnen eine vollst\u00e4ndige visuelle Referenz f\u00fcr harte H\u00e4nde, weiche H\u00e4nde und Paare. Wenn Sie erst lernen und dann spielen wollen, k\u00f6nnen Sie hier schnell nachschlagen. Wenn Sie lieber \"Learning by doing\" bevorzugen, k\u00f6nnen Sie es nach einem Fehler verwenden, um den richtigen Zug zu verst\u00e4rken.<\/p>\n\n\n\n<p>Die Statistikansicht zeigt Ihre Gesamtgenauigkeit an und hebt die h\u00e4ufigsten Fehler hervor, so dass Sie genau wissen, woran Sie als N\u00e4chstes arbeiten m\u00fcssen. <\/p>\n\n\n\n<p>Wenn Sie mehr erfahren m\u00f6chten, besuchen Sie unsere <a href=\"http:\/\/localhost:8000\/blackjack-basic-strategy-engine\/\">grundlegende Blackjack-Strategie-Seite<\/a>.<\/p>\n<\/div><\/div>","protected":false},"excerpt":{"rendered":"<p>This is the updated version of the old flash blackjack strategy trainer which was created by blackjack legend&nbsp;Ken Smith. If you find any bugs please leave a comment below! Your feedback is greatly appreciated. Click on the full screen button &nbsp;(found at the top right of the game) for the best experience. The trainer has [&hellip;]<\/p>\n","protected":false},"author":4,"featured_media":0,"parent":0,"menu_order":0,"comment_status":"open","ping_status":"closed","template":"page-full-width.php","meta":{"_acf_changed":false,"footnotes":""},"tags":[],"class_list":["post-3173","page","type-page","status-publish","hentry"],"acf":[],"yoast_head":"<!-- This site is optimized with the Yoast SEO plugin v26.6 - https:\/\/yoast.com\/wordpress\/plugins\/seo\/ -->\n<title>Blackjack Strategy Trainer - Interactive Practice Tool<\/title>\n<meta name=\"description\" content=\"Learn how to play basic blackjack strategy with our interactive game. It will teach you basic strategy and warns if you make any mistakes.\" \/>\n<meta name=\"robots\" content=\"index, follow, max-snippet:-1, max-image-preview:large, max-video-preview:-1\" \/>\n<link rel=\"canonical\" href=\"https:\/\/www.blackjackinfo.com\/de\/blackjackinfo-blackjack-strategie-trainer\/\" \/>\n<meta property=\"og:locale\" content=\"de_DE\" \/>\n<meta property=\"og:type\" content=\"article\" \/>\n<meta property=\"og:title\" content=\"Blackjack Strategy Trainer - Interactive Practice Tool\" \/>\n<meta property=\"og:description\" content=\"Learn how to play basic blackjack strategy with our interactive game. It will teach you basic strategy and warns if you make any mistakes.\" \/>\n<meta property=\"og:url\" content=\"https:\/\/www.blackjackinfo.com\/de\/blackjackinfo-blackjack-strategie-trainer\/\" \/>\n<meta property=\"og:site_name\" content=\"BlackjackInfo.com\" \/>\n<meta property=\"article:modified_time\" content=\"2026-04-07T13:48:08+00:00\" \/>\n<script type=\"application\/ld+json\" class=\"yoast-schema-graph\">{\"@context\":\"https:\/\/schema.org\",\"@graph\":[{\"@type\":\"WebPage\",\"@id\":\"https:\/\/www.blackjackinfo.com\/blackjackinfo-blackjack-strategy-trainer\/\",\"url\":\"https:\/\/www.blackjackinfo.com\/blackjackinfo-blackjack-strategy-trainer\/\",\"name\":\"Blackjack Strategy Trainer - Interactive Practice Tool\",\"isPartOf\":{\"@id\":\"https:\/\/www.blackjackinfo.com\/#website\"},\"datePublished\":\"2017-10-08T09:23:35+00:00\",\"dateModified\":\"2026-04-07T13:48:08+00:00\",\"description\":\"Learn how to play basic blackjack strategy with our interactive game. It will teach you basic strategy and warns if you make any mistakes.\",\"breadcrumb\":{\"@id\":\"https:\/\/www.blackjackinfo.com\/blackjackinfo-blackjack-strategy-trainer\/#breadcrumb\"},\"inLanguage\":\"de\",\"potentialAction\":[{\"@type\":\"ReadAction\",\"target\":[\"https:\/\/www.blackjackinfo.com\/blackjackinfo-blackjack-strategy-trainer\/\"]}]},{\"@type\":\"BreadcrumbList\",\"@id\":\"https:\/\/www.blackjackinfo.com\/blackjackinfo-blackjack-strategy-trainer\/#breadcrumb\",\"itemListElement\":[{\"@type\":\"ListItem\",\"position\":1,\"name\":\"Home\",\"item\":\"https:\/\/www.blackjackinfo.com\/\"},{\"@type\":\"ListItem\",\"position\":2,\"name\":\"Blackjack Strategy Trainer\"}]},{\"@type\":\"WebSite\",\"@id\":\"https:\/\/www.blackjackinfo.com\/#website\",\"url\":\"https:\/\/www.blackjackinfo.com\/\",\"name\":\"BlackjackInfo.com\",\"description\":\"Because Winning is More Fun!\",\"potentialAction\":[{\"@type\":\"SearchAction\",\"target\":{\"@type\":\"EntryPoint\",\"urlTemplate\":\"https:\/\/www.blackjackinfo.com\/?s={search_term_string}\"},\"query-input\":{\"@type\":\"PropertyValueSpecification\",\"valueRequired\":true,\"valueName\":\"search_term_string\"}}],\"inLanguage\":\"de\"}]}<\/script>\n<!-- \/ Yoast SEO plugin. -->","yoast_head_json":{"title":"Blackjack Strategy Trainer - Interaktives \u00dcbungswerkzeug","description":"Lernen Sie mit unserem interaktiven Spiel, wie man grundlegende Blackjack-Strategien spielt. Es lehrt Sie grundlegende Strategien und warnt Sie, wenn Sie Fehler machen.","robots":{"index":"index","follow":"follow","max-snippet":"max-snippet:-1","max-image-preview":"max-image-preview:large","max-video-preview":"max-video-preview:-1"},"canonical":"https:\/\/www.blackjackinfo.com\/de\/blackjackinfo-blackjack-strategie-trainer\/","og_locale":"de_DE","og_type":"article","og_title":"Blackjack Strategy Trainer - Interactive Practice Tool","og_description":"Learn how to play basic blackjack strategy with our interactive game. It will teach you basic strategy and warns if you make any mistakes.","og_url":"https:\/\/www.blackjackinfo.com\/de\/blackjackinfo-blackjack-strategie-trainer\/","og_site_name":"BlackjackInfo.com","article_modified_time":"2026-04-07T13:48:08+00:00","schema":{"@context":"https:\/\/schema.org","@graph":[{"@type":"WebPage","@id":"https:\/\/www.blackjackinfo.com\/blackjackinfo-blackjack-strategy-trainer\/","url":"https:\/\/www.blackjackinfo.com\/blackjackinfo-blackjack-strategy-trainer\/","name":"Blackjack Strategy Trainer - Interaktives \u00dcbungswerkzeug","isPartOf":{"@id":"https:\/\/www.blackjackinfo.com\/#website"},"datePublished":"2017-10-08T09:23:35+00:00","dateModified":"2026-04-07T13:48:08+00:00","description":"Lernen Sie mit unserem interaktiven Spiel, wie man grundlegende Blackjack-Strategien spielt. Es lehrt Sie grundlegende Strategien und warnt Sie, wenn Sie Fehler machen.","breadcrumb":{"@id":"https:\/\/www.blackjackinfo.com\/blackjackinfo-blackjack-strategy-trainer\/#breadcrumb"},"inLanguage":"de","potentialAction":[{"@type":"ReadAction","target":["https:\/\/www.blackjackinfo.com\/blackjackinfo-blackjack-strategy-trainer\/"]}]},{"@type":"BreadcrumbList","@id":"https:\/\/www.blackjackinfo.com\/blackjackinfo-blackjack-strategy-trainer\/#breadcrumb","itemListElement":[{"@type":"ListItem","position":1,"name":"Home","item":"https:\/\/www.blackjackinfo.com\/"},{"@type":"ListItem","position":2,"name":"Blackjack Strategy Trainer"}]},{"@type":"WebSite","@id":"https:\/\/www.blackjackinfo.com\/#website","url":"https:\/\/www.blackjackinfo.com\/","name":"BlackjackInfo.de","description":"Denn Gewinnen macht mehr Spa\u00df!","potentialAction":[{"@type":"SearchAction","target":{"@type":"EntryPoint","urlTemplate":"https:\/\/www.blackjackinfo.com\/?s={search_term_string}"},"query-input":{"@type":"PropertyValueSpecification","valueRequired":true,"valueName":"search_term_string"}}],"inLanguage":"de"}]}},"_links":{"self":[{"href":"https:\/\/www.blackjackinfo.com\/de\/wp-json\/wp\/v2\/pages\/3173","targetHints":{"allow":["GET"]}}],"collection":[{"href":"https:\/\/www.blackjackinfo.com\/de\/wp-json\/wp\/v2\/pages"}],"about":[{"href":"https:\/\/www.blackjackinfo.com\/de\/wp-json\/wp\/v2\/types\/page"}],"author":[{"embeddable":true,"href":"https:\/\/www.blackjackinfo.com\/de\/wp-json\/wp\/v2\/users\/4"}],"replies":[{"embeddable":true,"href":"https:\/\/www.blackjackinfo.com\/de\/wp-json\/wp\/v2\/comments?post=3173"}],"version-history":[{"count":36,"href":"https:\/\/www.blackjackinfo.com\/de\/wp-json\/wp\/v2\/pages\/3173\/revisions"}],"predecessor-version":[{"id":10446,"href":"https:\/\/www.blackjackinfo.com\/de\/wp-json\/wp\/v2\/pages\/3173\/revisions\/10446"}],"wp:attachment":[{"href":"https:\/\/www.blackjackinfo.com\/de\/wp-json\/wp\/v2\/media?parent=3173"}],"wp:term":[{"taxonomy":"post_tag","embeddable":true,"href":"https:\/\/www.blackjackinfo.com\/de\/wp-json\/wp\/v2\/tags?post=3173"}],"curies":[{"name":"wp","href":"https:\/\/api.w.org\/{rel}","templated":true}]}}