{"id":383,"date":"2013-12-30T17:57:36","date_gmt":"2013-12-30T23:57:36","guid":{"rendered":"http:\/\/www.blackjackinfo.com\/blog\/?page_id=383"},"modified":"2018-06-22T02:37:25","modified_gmt":"2018-06-22T07:37:25","slug":"glucksspiel-mit-vorsprung","status":"publish","type":"page","link":"https:\/\/www.blackjackinfo.com\/de\/gambling-with-an-edge\/","title":{"rendered":"Gl\u00fccksspiel mit Pfiff"},"content":{"rendered":"<p><img loading=\"lazy\" decoding=\"async\" class=\"alignright\" alt=\"Gambling with an Edge\" src=\"\/img\/gwae.jpg\" width=\"170\" height=\"170\" data-no-auto-translation=\"\" \/>Herzlich willkommen, liebe H\u00f6rerinnen und H\u00f6rer der Radiosendung und des Podcasts Gambling with an Edge. Vielen Dank f\u00fcr Ihren Besuch auf BlackjackInfo.com!<\/p>\n<p>Ich bin <a title=\"\u00dcber Ken Smith\" href=\"\/ken-smith\/\">Ken Smith<\/a>und ich war am 2. Januar 2014 in der Sendung zu Gast.  Ich sprach mit den Gastgebern <a title=\"Bob Dancer&#039;s Website\" href=\"http:\/\/www.bobdancer.com\">Bob T\u00e4nzer<\/a> und <a title=\"Richard Munchkin&#039;s Website\" href=\"http:\/\/www.richardmunchkin.com\">Richard M\u00fcnchhausen<\/a> \u00fcber Blackjack-Turniere, meine neuen Strategiekarten und Online-Gl\u00fccksspiele in New Jersey und Delaware.<\/p>\n<p>Wenn Sie die Sendung verpasst haben, finden Sie hier einen Link zu einer MP3-Datei der Sendung.  Klicken Sie zum Anh\u00f6ren, oder klicken Sie mit der rechten Maustaste, um sie herunterzuladen:<\/p>\n<p><a title=\"Gl\u00fccksspiel mit Vorsprung, mit Ken Smith\" href=\"\/files\/Gambling-With-An-Edge-Guest-Ken-Smith.mp3\">Gl\u00fccksspiel mit Vorsprung, mit Gast Ken Smith<\/a> (MP3-Format, 55 Minuten)<\/p>\n<p>Wenn Sie diese Radiosendung noch nicht kennen, empfehle ich Ihnen dringend, sie sich einmal anzusehen.  Sie k\u00f6nnen entweder die vergangenen Episoden durchsehen unter <a href=\"http:\/\/www.richardmunchkin.com\">Blog von Richard Munchkin<\/a>oder wenn Sie iTunes nutzen, k\u00f6nnen Sie <a href=\"https:\/\/itunes.apple.com\/us\/podcast\/gambling-with-an-edge\/id459476611?mt=2&#038;uo=4&#038;at=11lbew\">den Podcast in iTunes abonnieren<\/a>.<\/p>\n<p>Einzelheiten zu den besprochenen Punkten sind unten aufgef\u00fchrt.  Au\u00dferdem sollten Sie nach unten scrollen, um einen Artikel zu lesen, den ich nur f\u00fcr die H\u00f6rer der Show geschrieben habe und in dem ich eine einfache \u00c4nderung erkl\u00e4re, die Sie 2014 vornehmen k\u00f6nnen und die Hunderte von Dollar wert sein k\u00f6nnte.<\/p>\n<div class=\"clearfix\">\n<h3 style=\"text-align: center;\">Blackjack-Turniere<\/h3>\n<p><a href=\"https:\/\/www.blackjacktournaments.com\/\"><img loading=\"lazy\" decoding=\"async\" class=\"alignleft size-full wp-image-401\" alt=\"BlackjackTournaments.com\" src=\"\/files\/BlackjackTournaments-285x190.png\" width=\"285\" height=\"190\" data-no-auto-translation=\"\" \/><\/a>Die beste Quelle f\u00fcr Informationen \u00fcber Tischspielturniere ist\u00a0<a title=\"BlackjackTournaments.com\" href=\"https:\/\/www.blackjacktournaments.com\">BlackjackTournaments.com<\/a>.  Die Website bietet eine durchsuchbare Liste mit bevorstehenden Veranstaltungen sowie eine Gemeinschaft von sehr talentierten Spielern, die \u00fcber das Spiel diskutieren.\n<\/div>\n<div class=\"clearfix\">\n<h3 style=\"text-align: center\">Meine e-B\u00fccher \u00fcber Blackjack-Turnierstrategie<\/h3>\n<p><a href=\"http:\/\/deepnettech.com\/estore\/index.php?main_page=product_info&amp;products_id=59\"><img loading=\"lazy\" decoding=\"async\" class=\"alignleft  wp-image-393\" alt=\"How To Win More Blackjack Tournaments\" src=\"\/files\/HowToWinMoreBlackjackTournaments.jpg\" width=\"175\" height=\"265\" data-no-auto-translation=\"\" \/><\/a><strong>Wie man mehr Blackjack-Turniere gewinnt<\/strong><\/p>\n<p>Band I meiner beiden B\u00fccher enth\u00e4lt n\u00fctzliches Material f\u00fcr eine breite Palette von Turnierkenntnissen, vom Anf\u00e4nger bis zum erfahrenen Spieler.<\/p>\n<p>Das Buch liegt im PDF-Format vor und wird sofort per E-Mail zugestellt.<\/p>\n<p>Kaufen Sie das Buch auf der Website meines Verlags: <a title=\"Wie man mehr Blackjack-Turniere gewinnt\" href=\"http:\/\/deepnettech.com\/estore\/index.php?main_page=product_info&amp;products_id=59\">Band I hier kaufen<\/a>.\n<\/div>\n<div class=\"clearfix\">\n<a href=\"http:\/\/deepnettech.com\/estore\/index.php?main_page=product_info&amp;cPath=2&amp;products_id=84\"><img loading=\"lazy\" decoding=\"async\" class=\"alignleft  wp-image-392\" alt=\"How To Win Even More Blackjack Tournaments - Volume II\" src=\"\/files\/HowToWinEvenMoreBlackjackTournaments.jpg\" width=\"160\" height=\"245\" data-no-auto-translation=\"\" \/><\/a><strong>Wie man noch mehr Blackjack-Turniere gewinnt<\/strong><\/p>\n<p>Band II enth\u00e4lt weitere Turniertipps, die wiederum f\u00fcr alle Spielst\u00e4rken geeignet sind.<\/p>\n<p>Von besonderem Wert sind die Diskussionen \u00fcber Turniere, die ein Akkumulationsformat verwenden.<\/p>\n<p>Sie ist im PDF-Format erh\u00e4ltlich und wird sofort per E-Mail zugestellt.<\/p>\n<p>Kaufen Sie das Buch auf der Website meines Verlags: <a title=\"Wie man noch mehr Blackjack-Turniere gewinnt - Band II\" href=\"http:\/\/deepnettech.com\/estore\/index.php?main_page=product_info&amp;cPath=2&amp;products_id=84\">Band II hier kaufen<\/a>, oder erhalten eine <a title=\"Bundle aus beiden eBooks\" href=\"http:\/\/deepnettech.com\/estore\/index.php?main_page=product_info&amp;cPath=2&amp;products_id=85\">B\u00fcndel aus beiden B\u00fcchern<\/a> zu einem Sonderpreis.\n<\/div>\n<div class=\"clearfix\">\n<a href=\"http:\/\/www.amazon.com\/dp\/0935926224\/?tag=theblackjacbasic\"><img loading=\"lazy\" decoding=\"async\" class=\"alignleft size-full wp-image-406\" alt=\"Casino Tournament Strategy\" src=\"\/files\/CTS-Small.jpg\" width=\"100\" height=\"151\" data-no-auto-translation=\"\" \/><\/a>Ich empfehle auch das ausf\u00fchrliche Originalwerk \u00fcber Turnierspiel von Stanford Wong. Es geh\u00f6rt in das B\u00fccherregal eines jeden ernsthaften Turnierspielers.<\/p>\n<p>Sie erhalten es unter <a title=\"Casino-Turnierstrategie, bei Amazon\" href=\"http:\/\/www.amazon.com\/dp\/0935926224\/?tag=theblackjacbasic\">Amazon<\/a>.\n<\/div>\n<div class=\"clearfix\">\n<h2 style=\"text-align: center;\">Strategie-Karten<\/h2>\n<p><a href=\"\/card\/advanced-strategy-card-instructions\/\"><img loading=\"lazy\" decoding=\"async\" class=\"alignleft size-full wp-image-412\" alt=\"Blackjack Advanced Strategy Cards\" src=\"\/files\/blackjack-advanced-strategy-cards-cover-100x152.jpg\" width=\"100\" height=\"152\" data-no-auto-translation=\"\" \/><\/a>Meine <a title=\"Erweiterte Strategiekarten\" href=\"\/card\/advanced-strategy-cards.php\">Erweiterte Strategiekarten f\u00fcr Blackjack<\/a> enthalten neben der \u00fcblichen Grundstrategie auch Kartenz\u00e4hlungs-Indexzahlen f\u00fcr das beliebte Hi-Lo-System.  Das Zw\u00f6lf-Karten-Set enth\u00e4lt alle Indexzahlen von -5 bis +5.  Weitere Informationen finden Sie auf der Detailseite.\n<\/div>\n<div class=\"clearfix\">\n<a href=\"\/card\/basic-strategy-card-instructions\/\"><img loading=\"lazy\" decoding=\"async\" class=\"alignleft size-thumbnail wp-image-416\" alt=\"Set of Six Blackjack Strategy Cards\" src=\"\/files\/SixCards-300x198-150x150.png\" width=\"150\" height=\"150\" data-no-auto-translation=\"\" \/><\/a>Suche nach <a title=\"Grundlegende Strategiekarten\" href=\"\/card\/basic-strategy-cards.php\">regul\u00e4re Blackjack-Grundstrategiekarten<\/a>?  Die habe ich auch, in einem Sechser-Set, oder einzelne Karten f\u00fcr verschiedene Regeln.<\/p>\n<p>Wenn Sie nur ein genaues, kostenloses Strategiediagramm w\u00fcnschen, sehen Sie sich meine <a title=\"Blackjack Basic Strategy Engine\" href=\"\/blackjack-basic-strategy-engine\/\">Blackjack Basic Strategy Engine<\/a>.\n<\/div>\n<div class=\"clearfix\">\n<h2 style=\"text-align: center;\">Online-Gl\u00fccksspiele in New Jersey und Delaware<\/h2>\n<p>Wenn Sie in New Jersey oder Delaware leben, werden diese neuen Websites von mir von Interesse sein.<\/p>\n<ul>\n<li><a title=\"New Jersey Online-Kasinos\" href=\"http:\/\/www.new-jersey-online-casinos.com\/\">New-Jersey-Online-Kasinos.de<\/a><\/li>\n<li><a title=\"Delaware Online-Kasinos\" href=\"http:\/\/www.delaware-online-casinos.com\/\">Delaware-Online-Kasinos.de<\/a><\/li>\n<\/ul>\n<\/div>\n<div class=\"clearfix\">\nUnd nun ein Bonusartikel mit einem Tipp, der Ihnen im kommenden Jahr zus\u00e4tzliches Geld einbringt...<\/p>\n<h2 style=\"text-align: center;\">Eine einfache \u00c4nderung, um Ihre Casino-Ergebnisse zu verbessern<\/h2>\n<p>In der heutigen Kasinoumgebung ist das Wissen um die beste Strategie f\u00fcr die Spiele nur ein Teil des Puzzles.  Sowohl f\u00fcr Automatenspieler als auch f\u00fcr Spieler von Tischspielen k\u00f6nnen Gutscheine und Werbesendungen Ihren Gewinn erheblich steigern.  Um Ihre Werbesendungen optimal nutzen zu k\u00f6nnen, m\u00fcssen Sie verstehen, wie das Casino-Marketing-System funktioniert.<\/p>\n<p>Selbst erfahrene Spieler gehen oft davon aus, dass sich der Wert Ihrer Werbepost nach dem Gesamtbetrag Ihres Spiels richtet.  Das ist fast nie der Fall.  Die meisten Kasinos verwenden eine Form des \"durchschnittlichen t\u00e4glichen theoretischen\" oder \"ADT\", um zu entscheiden, wie wertvoll Sie als Spieler sind.  Der \"theoretische Verlust\" oder \"Theo\" gibt an, wie viel das Casino von Ihnen zu gewinnen erwartet, je nachdem, welche Spiele Sie spielen, wie viel Sie setzen und wie lange Sie spielen.  Das ist Ihnen wahrscheinlich bekannt.  Der entscheidende Teil, den viele Spieler nicht verstehen, ist, wie dieser Wert \u00fcber alle Tage, an denen Sie spielen, gemittelt wird.<\/p>\n<p>Stellen Sie sich einen Spieler vor, der nur an einem Tag im Monat ein Casino besucht und so viel spielt, dass er einen theoretischen Verlust von $1000 macht.  Dann stellen Sie sich einen anderen Spieler vor, der dasselbe Casino an 10 verschiedenen Tagen in diesem Monat besucht und einen theoretischen Gesamtbetrag von $4000 erzielt.  Man k\u00f6nnte meinen, dass der zweite Spieler bessere Postangebote erhalten w\u00fcrde, weil er in einem Monat viermal so viel verlieren kann.  Aber der erste Spieler wird gro\u00dfz\u00fcgigere Freispiel- oder Matchplay-Angebote erhalten, weil sein ADT $1000 betr\u00e4gt, verglichen mit dem ADT des zweiten Spielers von $400.<\/p>\n<p>Die Marketing-Post des Casinos basiert auf der \u00dcberlegung: \"Wie viel k\u00f6nnte dieser Kunde an dem Tag verlieren, an dem wir ihn mit einem Coupon-Angebot wieder anlocken?\"  Wenn Sie Ihr Spiel auf mehrere Tage verteilen, werden Sie weniger Angebote erhalten als jemand, der nur an wenigen Tagen spielt.<\/p>\n<p>Wenn man dieses Konzept missversteht, kann man eine Reihe von Fehlern machen.  Wenn Sie ein Kasino besuchen und dort \u00fcbernachten, sind Sie vielleicht versucht, aufzustehen und noch ein wenig zu spielen, bevor Sie aus dem Hotel auschecken.  Aber durch dieses abgek\u00fcrzte Spiel wird Ihr theoretischer Einsatz durch zwei geteilt, da Sie nun zwei Spieltage haben.<\/p>\n<p>Ein einfacher Ratschlag, der Ihre Werbesendungen verbessern kann, ist dieser...\u00a0 <strong>Spielen Sie nicht am Kassentag, es sei denn, Sie haben vor, einen ganzen Tag lang zu spielen.  Versuchen Sie sogar, an einem Tag, an dem Sie nicht viel spielen wollen, kein gewertetes Spiel zu haben.<\/strong>\u00a0 Die Freispiel- und Matchplay-Angebote, die Sie erhalten, sollten nach einigen Monaten, in denen Sie Ihren Tagesdurchschnitt besser verwalten, sp\u00fcrbar h\u00f6her sein.\n<\/div>\n<h2 style=\"text-align: center;\">Verbunden bleiben<\/h2>\n<p>Wenn Sie \u00fcber meine vielen Projekte auf dem Laufenden bleiben wollen, haben Sie hier zwei gute M\u00f6glichkeiten...<\/p>\n<p>Abonnieren Sie den kostenlosen <a title=\"BlackjackInfo Newsletter\" href=\"\/cgi-bin\/dada\/mail.cgi\">BlackjackInfo E-Mail-Newsletter<\/a>, oder <a title=\"BlackjackInfo Twitter-Feed\" href=\"http:\/\/twitter.com\/BlackjackInfo\">Folgen Sie mir auf Twitter<\/a>.<\/p>\n<p>In der Zwischenzeit k\u00f6nnen Sie sich die <a title=\"BlackjackInfo.de\" href=\"\/\">BlackjackInfo Hauptseite<\/a>, oder probieren Sie unser kostenloses <a title=\"Blackjack Strategie Trainer\" href=\"\/blackjack-strategy-trainer\/\">Blackjack Strategie Trainer<\/a>.<\/p>","protected":false},"excerpt":{"rendered":"<p>Welcome, listeners from the Gambling with an Edge radio show and podcast. Thanks for visiting BlackjackInfo.com! I&#8217;m Ken Smith, and I was a guest on the show on January 2nd, 2014.\u00a0 I spoke with hosts Bob Dancer and Richard Munchkin about blackjack tournaments, my new strategy cards, and online gambling in New Jersey and Delaware. [&hellip;]<\/p>\n","protected":false},"author":2,"featured_media":0,"parent":0,"menu_order":0,"comment_status":"open","ping_status":"closed","template":"","meta":{"_acf_changed":false,"footnotes":""},"tags":[],"class_list":["post-383","page","type-page","status-publish","hentry"],"acf":[],"yoast_head":"<!-- This site is optimized with the Yoast SEO plugin v26.6 - https:\/\/yoast.com\/wordpress\/plugins\/seo\/ -->\n<title>Gambling With An Edge<\/title>\n<meta name=\"description\" content=\"Ken Smith appeared as a guest on the Gambling With an Edge radio broadcast with hosts Richard Munchkin and Bob Dancer. See the details or listen here.\" \/>\n<meta name=\"robots\" content=\"index, follow, max-snippet:-1, max-image-preview:large, max-video-preview:-1\" \/>\n<link rel=\"canonical\" href=\"https:\/\/www.blackjackinfo.com\/de\/glucksspiel-mit-vorsprung\/\" \/>\n<meta property=\"og:locale\" content=\"de_DE\" \/>\n<meta property=\"og:type\" content=\"article\" \/>\n<meta property=\"og:title\" content=\"Gambling With An Edge\" \/>\n<meta property=\"og:description\" content=\"Ken Smith appeared as a guest on the Gambling With an Edge radio broadcast with hosts Richard Munchkin and Bob Dancer. See the details or listen here.\" \/>\n<meta property=\"og:url\" content=\"https:\/\/www.blackjackinfo.com\/de\/glucksspiel-mit-vorsprung\/\" \/>\n<meta property=\"og:site_name\" content=\"BlackjackInfo.com\" \/>\n<meta property=\"article:modified_time\" content=\"2018-06-22T07:37:25+00:00\" \/>\n<meta name=\"twitter:label1\" content=\"Gesch\u00e4tzte Lesezeit\" \/>\n\t<meta name=\"twitter:data1\" content=\"5\u00a0Minuten\" \/>\n<script type=\"application\/ld+json\" class=\"yoast-schema-graph\">{\"@context\":\"https:\/\/schema.org\",\"@graph\":[{\"@type\":\"WebPage\",\"@id\":\"https:\/\/www.blackjackinfo.com\/gambling-with-an-edge\/\",\"url\":\"https:\/\/www.blackjackinfo.com\/gambling-with-an-edge\/\",\"name\":\"Gambling With An Edge\",\"isPartOf\":{\"@id\":\"https:\/\/www.blackjackinfo.com\/#website\"},\"datePublished\":\"2013-12-30T23:57:36+00:00\",\"dateModified\":\"2018-06-22T07:37:25+00:00\",\"description\":\"Ken Smith appeared as a guest on the Gambling With an Edge radio broadcast with hosts Richard Munchkin and Bob Dancer. See the details or listen here.\",\"breadcrumb\":{\"@id\":\"https:\/\/www.blackjackinfo.com\/gambling-with-an-edge\/#breadcrumb\"},\"inLanguage\":\"de\",\"potentialAction\":[{\"@type\":\"ReadAction\",\"target\":[\"https:\/\/www.blackjackinfo.com\/gambling-with-an-edge\/\"]}]},{\"@type\":\"BreadcrumbList\",\"@id\":\"https:\/\/www.blackjackinfo.com\/gambling-with-an-edge\/#breadcrumb\",\"itemListElement\":[{\"@type\":\"ListItem\",\"position\":1,\"name\":\"Home\",\"item\":\"https:\/\/www.blackjackinfo.com\/\"},{\"@type\":\"ListItem\",\"position\":2,\"name\":\"Gambling With An Edge\"}]},{\"@type\":\"WebSite\",\"@id\":\"https:\/\/www.blackjackinfo.com\/#website\",\"url\":\"https:\/\/www.blackjackinfo.com\/\",\"name\":\"BlackjackInfo.com\",\"description\":\"Because Winning is More Fun!\",\"potentialAction\":[{\"@type\":\"SearchAction\",\"target\":{\"@type\":\"EntryPoint\",\"urlTemplate\":\"https:\/\/www.blackjackinfo.com\/?s={search_term_string}\"},\"query-input\":{\"@type\":\"PropertyValueSpecification\",\"valueRequired\":true,\"valueName\":\"search_term_string\"}}],\"inLanguage\":\"de\"}]}<\/script>\n<!-- \/ Yoast SEO plugin. -->","yoast_head_json":{"title":"Gl\u00fccksspiel mit Pfiff","description":"Ken Smith war zu Gast in der Radiosendung Gambling With an Edge mit den Moderatoren Richard Munchkin und Bob Dancer. Sehen Sie die Details oder h\u00f6ren Sie hier.","robots":{"index":"index","follow":"follow","max-snippet":"max-snippet:-1","max-image-preview":"max-image-preview:large","max-video-preview":"max-video-preview:-1"},"canonical":"https:\/\/www.blackjackinfo.com\/de\/glucksspiel-mit-vorsprung\/","og_locale":"de_DE","og_type":"article","og_title":"Gambling With An Edge","og_description":"Ken Smith appeared as a guest on the Gambling With an Edge radio broadcast with hosts Richard Munchkin and Bob Dancer. See the details or listen here.","og_url":"https:\/\/www.blackjackinfo.com\/de\/glucksspiel-mit-vorsprung\/","og_site_name":"BlackjackInfo.com","article_modified_time":"2018-06-22T07:37:25+00:00","twitter_misc":{"Gesch\u00e4tzte Lesezeit":"5\u00a0Minuten"},"schema":{"@context":"https:\/\/schema.org","@graph":[{"@type":"WebPage","@id":"https:\/\/www.blackjackinfo.com\/gambling-with-an-edge\/","url":"https:\/\/www.blackjackinfo.com\/gambling-with-an-edge\/","name":"Gl\u00fccksspiel mit Pfiff","isPartOf":{"@id":"https:\/\/www.blackjackinfo.com\/#website"},"datePublished":"2013-12-30T23:57:36+00:00","dateModified":"2018-06-22T07:37:25+00:00","description":"Ken Smith war zu Gast in der Radiosendung Gambling With an Edge mit den Moderatoren Richard Munchkin und Bob Dancer. Sehen Sie die Details oder h\u00f6ren Sie hier.","breadcrumb":{"@id":"https:\/\/www.blackjackinfo.com\/gambling-with-an-edge\/#breadcrumb"},"inLanguage":"de","potentialAction":[{"@type":"ReadAction","target":["https:\/\/www.blackjackinfo.com\/gambling-with-an-edge\/"]}]},{"@type":"BreadcrumbList","@id":"https:\/\/www.blackjackinfo.com\/gambling-with-an-edge\/#breadcrumb","itemListElement":[{"@type":"ListItem","position":1,"name":"Home","item":"https:\/\/www.blackjackinfo.com\/"},{"@type":"ListItem","position":2,"name":"Gambling With An Edge"}]},{"@type":"WebSite","@id":"https:\/\/www.blackjackinfo.com\/#website","url":"https:\/\/www.blackjackinfo.com\/","name":"BlackjackInfo.de","description":"Denn Gewinnen macht mehr Spa\u00df!","potentialAction":[{"@type":"SearchAction","target":{"@type":"EntryPoint","urlTemplate":"https:\/\/www.blackjackinfo.com\/?s={search_term_string}"},"query-input":{"@type":"PropertyValueSpecification","valueRequired":true,"valueName":"search_term_string"}}],"inLanguage":"de"}]}},"_links":{"self":[{"href":"https:\/\/www.blackjackinfo.com\/de\/wp-json\/wp\/v2\/pages\/383","targetHints":{"allow":["GET"]}}],"collection":[{"href":"https:\/\/www.blackjackinfo.com\/de\/wp-json\/wp\/v2\/pages"}],"about":[{"href":"https:\/\/www.blackjackinfo.com\/de\/wp-json\/wp\/v2\/types\/page"}],"author":[{"embeddable":true,"href":"https:\/\/www.blackjackinfo.com\/de\/wp-json\/wp\/v2\/users\/2"}],"replies":[{"embeddable":true,"href":"https:\/\/www.blackjackinfo.com\/de\/wp-json\/wp\/v2\/comments?post=383"}],"version-history":[{"count":70,"href":"https:\/\/www.blackjackinfo.com\/de\/wp-json\/wp\/v2\/pages\/383\/revisions"}],"predecessor-version":[{"id":2241,"href":"https:\/\/www.blackjackinfo.com\/de\/wp-json\/wp\/v2\/pages\/383\/revisions\/2241"}],"wp:attachment":[{"href":"https:\/\/www.blackjackinfo.com\/de\/wp-json\/wp\/v2\/media?parent=383"}],"wp:term":[{"taxonomy":"post_tag","embeddable":true,"href":"https:\/\/www.blackjackinfo.com\/de\/wp-json\/wp\/v2\/tags?post=383"}],"curies":[{"name":"wp","href":"https:\/\/api.w.org\/{rel}","templated":true}]}}