{"id":4594,"date":"2018-09-06T23:26:05","date_gmt":"2018-09-07T04:26:05","guid":{"rendered":"https:\/\/www.blackjackinfo.com\/?page_id=4594"},"modified":"2020-02-18T18:30:31","modified_gmt":"2020-02-19T00:30:31","slug":"casino-verite-blackjack-das-ultimative-ubungswerkzeug","status":"publish","type":"page","link":"https:\/\/www.blackjackinfo.com\/de\/casino-verite-blackjack-the-ultimate-practice-tool\/","title":{"rendered":"Casino V\u00e9rit\u00e9 Blackjack - Das ultimative \u00dcbungswerkzeug"},"content":{"rendered":"<p>Casino V\u00e9rit\u00e9 Blackjack (CVBJ) ist ein preisgekr\u00f6ntes Softwareprogramm, das von Norman Wattenberger, einem Vorteilsspieler und Technologieguru, entwickelt wurde. Norman Wattenberger war fr\u00fcher Vizepr\u00e4sident f\u00fcr Strategie und Architektur bei der Citibank und ist seit \u00fcber 40 Jahren ein Kartenz\u00e4hler. Derzeit betreibt er ein Blackjack-Forum und vertreibt seit \u00fcber 20 Jahren Blackjack-Software.<\/p>\n<p><a href=\"\/files\/cvbj-screenshot-1.jpg\"><img loading=\"lazy\" decoding=\"async\" class=\"thumbnail img-responsive center-block\" src=\"\/files\/cvbj-screenshot-1-300x161.jpg\" alt=\"\" width=\"300\" height=\"161\" data-no-auto-translation=\"\" \/><\/a><\/p>\n<h2 id=\"how-is-cvj-useful\">Wie n\u00fctzlich ist CVBJ?<\/h2>\n<p>CVBJ gilt als eines der besten Blackjack-Trainingstools, die jemals entwickelt wurden. Es ist die Software, die ich und zahllose andere Kartenz\u00e4hler verwendet haben, um ihre Z\u00e4hlf\u00e4higkeiten zu perfektionieren, und sie kann einem aufstrebenden Kartenz\u00e4hler eine betr\u00e4chtliche Menge an EV (gesch\u00e4tzter Wert oder potenzieller Gewinn) ersparen, indem sie Fehler hinter einem Computermonitor und nicht am Blackjack-Tisch aussp\u00fclt. CVBJ erm\u00f6glicht es Ihnen, Ihr Spiel zu verfolgen, Ihre Fehler zu erkennen und Ihre Technik zu \u00fcben und ist somit ein Muss f\u00fcr jeden ernsthaften Vorteilsspieler.<br \/>\n<div class=\"row\" style=\"margin-bottom:20px\">\n    <div class=\"col-sm-12\">\n                <h2>Top US Online Casinos <span\n                class=\"flag-icon flag-icon-us\"><\/span><\/h2>\n\n        \n                \n        <div class=\"ranking-table text-center\">\n            <div class=\"row flex ad-row\">\n                <div class=\"col-sm-3\">\n                    <div class=\"row flex\">\n\n                        <div class=\"col-sm-3\">\n                            <div class=\"ranking-number text-center\">\n\n                                1                                \n                            <\/div>\n                        <\/div>\n                        <div class=\"col-sm-9\">\n                            <img decoding=\"async\" src=\"https:\/\/www.blackjackinfo.com\/files\/bovada.png\" data-no-auto-translation=\"\">\n                        <\/div>\n                    <\/div>\n                <\/div>\n                <div class=\"col-sm-4\">\n                    <div class=\"bonus-text text-center\"><span class=\"red\">100% bis zu $1.000<\/span><\/div>\n\t\t\t\t\t\n\n                <\/div>\n                <div class=\"col-sm-2\">\n                    <a class=\"btn btn-wire\" href=\"\/de\/casino\/bovada\/\">\u00dcberpr\u00fcfung<\/a>\n\n                <\/div>\n                <div class=\"col-sm-3\">\n                    <a rel=\"nofollow\" target=\"_blank\" class=\"btn btn-blue\" href=\"\/goto\/goto\/\">Spielen\n                        Jetzt<\/a>\n\t\t\t\t\t\t\n\n                <\/div>\n            <\/div>\n        <\/div>\n\n\n\n        \n                \n        <div class=\"ranking-table text-center\">\n            <div class=\"row flex ad-row\">\n                <div class=\"col-sm-3\">\n                    <div class=\"row flex\">\n\n                        <div class=\"col-sm-3\">\n                            <div class=\"ranking-number text-center\">\n\n                                2                                \n                            <\/div>\n                        <\/div>\n                        <div class=\"col-sm-9\">\n                            <img decoding=\"async\" src=\"https:\/\/www.blackjackinfo.com\/files\/ignition-casino-logo.png\" data-no-auto-translation=\"\">\n                        <\/div>\n                    <\/div>\n                <\/div>\n                <div class=\"col-sm-4\">\n                    <div class=\"bonus-text text-center\"><span class=\"red\">100% bis zu $1.000<\/span><\/div>\n\t\t\t\t\t\n\n                <\/div>\n                <div class=\"col-sm-2\">\n                    <a class=\"btn btn-wire\" href=\"\/de\/casino\/ignition-casino\/\">\u00dcberpr\u00fcfung<\/a>\n\n                <\/div>\n                <div class=\"col-sm-3\">\n                    <a rel=\"nofollow\" target=\"_blank\" class=\"btn btn-blue\" href=\"\/goto\/goto\/\">Spielen\n                        Jetzt<\/a>\n\t\t\t\t\t\t\n\n                <\/div>\n            <\/div>\n        <\/div>\n\n\n\n        \n                \n        <div class=\"ranking-table text-center\">\n            <div class=\"row flex ad-row\">\n                <div class=\"col-sm-3\">\n                    <div class=\"row flex\">\n\n                        <div class=\"col-sm-3\">\n                            <div class=\"ranking-number text-center\">\n\n                                3                                \n                            <\/div>\n                        <\/div>\n                        <div class=\"col-sm-9\">\n                            <img decoding=\"async\" src=\"https:\/\/www.blackjackinfo.com\/files\/VipSlots-500x250_dark.svg\" data-no-auto-translation=\"\">\n                        <\/div>\n                    <\/div>\n                <\/div>\n                <div class=\"col-sm-4\">\n                    <div class=\"bonus-text text-center\"><span class=\"red\">100 GRATIS SPINS bei Secret Life of Cats<\/span><\/div>\n\t\t\t\t\t\n\n                <\/div>\n                <div class=\"col-sm-2\">\n                    <a class=\"btn btn-wire\" href=\"\/de\/casino\/vipslots-casino\/\">\u00dcberpr\u00fcfung<\/a>\n\n                <\/div>\n                <div class=\"col-sm-3\">\n                    <a rel=\"nofollow\" target=\"_blank\" class=\"btn btn-blue\" href=\"\/goto\/goto\/\">Spielen\n                        Jetzt<\/a>\n\t\t\t\t\t\t\n\n                <\/div>\n            <\/div>\n        <\/div>\n\n\n\n        \n                \n        <div class=\"ranking-table text-center\">\n            <div class=\"row flex ad-row\">\n                <div class=\"col-sm-3\">\n                    <div class=\"row flex\">\n\n                        <div class=\"col-sm-3\">\n                            <div class=\"ranking-number text-center\">\n\n                                4                                \n                            <\/div>\n                        <\/div>\n                        <div class=\"col-sm-9\">\n                            <img decoding=\"async\" src=\"https:\/\/www.blackjackinfo.com\/files\/vegas_casino_online.png\" data-no-auto-translation=\"\">\n                        <\/div>\n                    <\/div>\n                <\/div>\n                <div class=\"col-sm-4\">\n                    <div class=\"bonus-text text-center\"><span class=\"red\">300% bis zu $3.000<\/span><\/div>\n\t\t\t\t\t\n\n                <\/div>\n                <div class=\"col-sm-2\">\n                    <a class=\"btn btn-wire\" href=\"\/de\/casino\/vegas-casino-online-2\/\">\u00dcberpr\u00fcfung<\/a>\n\n                <\/div>\n                <div class=\"col-sm-3\">\n                    <a rel=\"nofollow\" target=\"_blank\" class=\"btn btn-blue\" href=\"\/goto\/goto\/\">Spielen\n                        Jetzt<\/a>\n\t\t\t\t\t\t\n\n                <\/div>\n            <\/div>\n        <\/div>\n\n\n\n        \n                \n        <div class=\"ranking-table text-center\">\n            <div class=\"row flex ad-row\">\n                <div class=\"col-sm-3\">\n                    <div class=\"row flex\">\n\n                        <div class=\"col-sm-3\">\n                            <div class=\"ranking-number text-center\">\n\n                                5                                \n                            <\/div>\n                        <\/div>\n                        <div class=\"col-sm-9\">\n                            <img decoding=\"async\" src=\"https:\/\/www.blackjackinfo.com\/files\/cafe-casino-logo.svg\" data-no-auto-translation=\"\">\n                        <\/div>\n                    <\/div>\n                <\/div>\n                <div class=\"col-sm-4\">\n                    <div class=\"bonus-text text-center\"><span class=\"red\">250% bis zu $1.500<\/span><\/div>\n\t\t\t\t\t\n\n                <\/div>\n                <div class=\"col-sm-2\">\n                    <a class=\"btn btn-wire\" href=\"\/de\/casino\/cafe-casino\/\">\u00dcberpr\u00fcfung<\/a>\n\n                <\/div>\n                <div class=\"col-sm-3\">\n                    <a rel=\"nofollow\" target=\"_blank\" class=\"btn btn-blue\" href=\"\/goto\/goto\/\">Spielen\n                        Jetzt<\/a>\n\t\t\t\t\t\t\n\n                <\/div>\n            <\/div>\n        <\/div>\n\n\n\n            <\/div>\n<\/div><\/p>\n<h2>Was kann CVBJ tun?<\/h2>\n<p>Mit CVBJ k\u00f6nnen Sie erkennen, was Ihr eigenes Spiel an den Tischen nicht kann. Das Programm zeigt Ihnen, wo Sie Fehler gemacht haben, und erm\u00f6glicht Ihnen, diese zu korrigieren. Da die Standardabweichung beim Blackjack aus einem schlechten Kartenz\u00e4hler einen Gewinner oder aus einem ge\u00fcbten, erfahrenen Kartenz\u00e4hler einen Verlierer machen kann, ist es entscheidend zu wissen, wo man steht. Selbst die Ergebnisse von 300 Spielstunden k\u00f6nnen irref\u00fchrend sein, und wenn Sie hoffen, es als Kartenz\u00e4hler zu schaffen oder auch nur ein gutes grundlegendes Strategiespiel zu spielen, m\u00fcssen Sie wissen, wie Sie abschneiden, bevor die Langfristigkeit Sie einholt.<\/p>\n<h2>CVBJ Merkmale<\/h2>\n<p>CVBJ ist in hohem Ma\u00dfe anpassbar an Ihr Spiel, Ihre Ziele und Ihr K\u00f6nnen. Bei der Einrichtung erstellen Sie ein Profil und w\u00e4hlen einen Tisch mit 4 oder 6 Pl\u00e4tzen (den Sie sp\u00e4ter \u00e4ndern k\u00f6nnen). Dann w\u00e4hlen Sie Ihre Erfahrungsstufe. Ihre Erfahrungsstufe \u00e4ndert nichts an den Optionen, die Ihnen zur Verf\u00fcgung stehen, aber eine Anf\u00e4ngerstufe l\u00e4sst die einfacheren Optionen st\u00e4rker hervortreten und auffallen. Anschlie\u00dfend w\u00e4hlen Sie Ihre Strategie aus, sei es eine reine Basisstrategie ohne Z\u00e4hlen, die High-Low-Z\u00e4hlmethode, KO, Zen und viele mehr. Sobald die Einrichtung abgeschlossen ist, k\u00f6nnen Sie automatisch mit dem \u00dcben und Erkunden der Software beginnen.<\/p>\n<p><a href=\"\/files\/cvbj-screenshot-2.jpg\"><img loading=\"lazy\" decoding=\"async\" class=\"thumbnail img-responsive center-block\" src=\"\/files\/cvbj-screenshot-2-300x221.jpg\" alt=\"\" width=\"300\" height=\"221\" data-no-auto-translation=\"\" \/><\/a><\/p>\n<h2 id=\"customization\">Personalisierung<\/h2>\n<p>Sobald Sie begonnen haben, die Einstellungen im Men\u00fc unten links auf dem Bildschirm zu erkunden, werden Sie feststellen, dass Sie die Regeln f\u00fcr die Anzahl der Decks, den Durchdringungsgrad, die Anzahl der Burn-Karten, Regeln wie H17, True-Count-Berechnungen, Dealer-Geschwindigkeiten, die Anzahl der Spieler und ihre Spielstile, Ihre Startbankroll, Boni wie 777 zahlt 2:1 und verschiedene 21-Varianten wie Ass und Bube zahlt 2:1 anpassen k\u00f6nnen. Auf diese Weise k\u00f6nnen Sie hypothetische Szenarien erstellen oder unter genau denselben Bedingungen wie in Ihrem \u00f6rtlichen Casino \u00fcben.<\/p>\n<p><a href=\"\/files\/cvbj-screenshot-3.jpg\"><img loading=\"lazy\" decoding=\"async\" class=\"thumbnail img-responsive center-block\" src=\"\/files\/cvbj-screenshot-3-300x243.jpg\" alt=\"\" width=\"300\" height=\"243\" data-no-auto-translation=\"\" \/><\/a><\/p>\n<p>Mit V\u00e9rit\u00e9 k\u00f6nnen Sie sogar Geberfehler simulieren. Dazu geh\u00f6ren Fehler bei der Auszahlung von Versicherungen und Blackjack, verpasste Dealer-Busts, Spieler, die einen Push verlieren, oder Dealer, die falsch stehen. Mit dieser Funktion k\u00f6nnen Sie Ihre F\u00e4higkeit testen, Dealerfehler in einer Live-Casino-Umgebung zu erkennen, die sich negativ auf Ihren EV auswirken.<\/p>\n<p>Ich bin zwar der Meinung, dass man den Grad der Kontrolle eines Casinos nur dann richtig einsch\u00e4tzen kann, wenn man Erfahrungen in einer Casino-Umgebung gesammelt hat, aber CVBJ verf\u00fcgt \u00fcber ein Hitze-Index-System, mit dem man erkennen kann, welche Spiele und Strategien wahrscheinlich den Zorn des Pitbosses oder des \u00dcberwachungsteams auf sich ziehen werden.  Die Anzeige erh\u00f6ht sich, wenn Sie von Ihrer Strategie abweichen, Ihren Einsatz drastisch streuen, mit dem Count korrelieren und hohe Betr\u00e4ge setzen. Sie k\u00f6nnen ganz individuell festlegen, welche Optionen Ihre Aufmerksamkeit erregen.<\/p>\n<h2 id=\"error-recognition\">Erkennung von Fehlern<\/h2>\n<p>Diese Funktion macht CVBJ allein schon den Preis wert. Sobald Sie Ihre Strategie festgelegt haben, sorgt die Software daf\u00fcr, dass Sie sie korrekt umsetzen. Wenn Sie z. B. High-Low spielen und den Illustrious 18-Index verwenden m\u00f6chten, k\u00f6nnen Sie diese Spielstrategie so einstellen, dass Sie bei einer Abweichung vom Spiel nach der Z\u00e4hlung (z. B. eine 16 gegen eine Dealer 10 bei einer +2 TC) durch einen Fehlerton und ein Pop-up-Fenster benachrichtigt werden. Sie k\u00f6nnen Ihre Indizes \u00fcberall einstellen, von einigen wenigen +1 oder +2 Abweichungen bis hin zur gesamten Bandbreite der vorhandenen Z\u00e4hlabweichungen.<\/p>\n<p>Zus\u00e4tzlich zu den Fehlerbenachrichtigungen steht Ihnen ein Fehlerprotokoll zur Verf\u00fcgung, das Sie nach Ihren Spielsitzungen einsehen k\u00f6nnen. Sie k\u00f6nnen Ihr Protokoll einsehen, um zu sehen, welche Strategiefehler Sie gemacht haben und wie viel EV mit jedem kumulativen Fehler verloren gegangen ist. Sobald Sie herausgefunden haben, welche Fehler Sie immer wieder machen, k\u00f6nnen Sie in CVBJ \u00dcbungen einrichten, um diese Problembereiche zu trainieren und sich so die Kosten f\u00fcr das \u00dcben mit echtem Geld zu ersparen, bis Sie schlie\u00dflich bereit f\u00fcr das Casino sind.<\/p>\n<p><a href=\"\/files\/cvbj-screenshot-4.jpg\"><img loading=\"lazy\" decoding=\"async\" class=\"thumbnail img-responsive center-block\" src=\"\/files\/cvbj-screenshot-4-300x196.jpg\" alt=\"\" width=\"300\" height=\"196\" data-no-auto-translation=\"\" \/><\/a><\/p>\n<h2 id=\"practice-and-drills\">\u00dcbungen und Drills<\/h2>\n<p>W\u00e4hrend CVBJ unglaublich n\u00fctzlich sein kann, um sich hinzusetzen und einfach das Blackjack-Spiel zu spielen und das Z\u00e4hlen, das Sch\u00e4tzen der Karten und die Umrechnung zu \u00fcben, w\u00e4hrend Sie Ihre Zahlen mit den Berechnungen von CVBJ vergleichen, um Ihre Genauigkeit zu testen, kommt der wahre Nutzen aus den einzigartigen Lernkarten, dem Ablagefach, den Z\u00e4hl\u00fcbungen und mehr des Programms.<\/p>\n<p>Mit den Flashcard-\u00dcbungen k\u00f6nnen Sie Ihre Z\u00e4hlsystem-Indizes testen. Sie k\u00f6nnen Ihre h\u00e4ufigsten Spiel- oder Drillfehler, die ber\u00fchmte 18 oder einen beliebigen Indexbereich ausw\u00e4hlen. Die \u00dcbungen sind zeitlich begrenzt und geben Ihnen zwei Karten, dem Dealer eine Karte und Ihnen einen echten Z\u00e4hlwert. Von dort aus m\u00fcssen Sie entscheiden, welche Option (Hit, Stand, Double, etc.) die richtige ist.<\/p>\n<p><a href=\"\/files\/cvbj-screenshot-5.jpg\"><img loading=\"lazy\" decoding=\"async\" class=\"thumbnail img-responsive center-block\" src=\"\/files\/cvbj-screenshot-5-300x144.jpg\" alt=\"\" width=\"300\" height=\"144\" data-no-auto-translation=\"\" \/><\/a><\/p>\n<p>Die Ablageschalen-\u00dcbungen zeigen Bilder einer Ablageschale (Sie w\u00e4hlen die Anzahl der Decks), die mit einer unterschiedlichen Anzahl von Karten gef\u00fcllt ist. W\u00e4hrend der zeitlich begrenzten \u00dcbung m\u00fcssen Sie ausw\u00e4hlen, wie viele Kartenspiele Ihrer Meinung nach in jedem Bild \u00fcbrig sind. Dies ist eine gute M\u00f6glichkeit, das Sch\u00e4tzen von Karten zu \u00fcben.<\/p>\n<p><a href=\"\/files\/cvbj-screenshot-6.jpg\"><img loading=\"lazy\" decoding=\"async\" class=\"thumbnail img-responsive center-block\" src=\"\/files\/cvbj-screenshot-6-300x190.jpg\" alt=\"\" width=\"300\" height=\"190\" data-no-auto-translation=\"\" \/><\/a><\/p>\n<p>Mit den Z\u00e4hl\u00fcbungen k\u00f6nnen Sie das laufende Z\u00e4hlen, das richtige Z\u00e4hlen und andere Seitenzahlen \u00fcben. Eine Reihe verschiedener Karten rotiert auf dem Bildschirm in der von Ihnen gew\u00e4hlten Geschwindigkeit. Wenn die \u00dcbung beendet ist, m\u00fcssen Sie die richtige, seitliche oder laufende Z\u00e4hlung entsprechend Ihren \u00dcbungsvorgaben angeben.<\/p>\n<p>Casino V\u00e9rit\u00e9 Blackjack kommt dem \u00dcben in einer Live-Casino-Umgebung absolut am n\u00e4chsten. Die Software verhindert, dass Sie EV und m\u00f6glicherweise Hunderte oder Tausende von Dollars in diesem Prozess opfern.  Selbst wenn Sie bereits ausgiebig in einer Live-Umgebung gespielt haben, kann CVBJ Sie auf Schw\u00e4chen oder Fehler in Ihrem Spiel hinweisen, die Sie jedes Mal, wenn Sie ein Casino betreten, teuer zu stehen kommen. Das Programm kann Ihnen alles beibringen, von der grundlegenden Strategie \u00fcber fortgeschrittene Z\u00e4hlungen bis hin zum Risiko des Ruins, und kein ernsthafter Blackjack-Spieler sollte es missen. Sie k\u00f6nnen CVBJ erwerben unter <a href=\"https:\/\/www.blackjackinfo.com\/goto\/casino-verite\/\" target=\"\" rel=\"nofollow noopener noreferrer\">qfit.de<\/a><\/p>","protected":false},"excerpt":{"rendered":"<p>Casino V\u00e9rit\u00e9 Blackjack (CVBJ) is an award-winning software program developed by Norman Wattenberger, an advantage player and technology guru. Norman is a former Strategy and Architecture Vice President for Citibank and has been a card counter for over 40 years. He currently runs a blackjack forum, and he has been distributing Blackjack software for over [&hellip;]<\/p>\n","protected":false},"author":6,"featured_media":0,"parent":0,"menu_order":0,"comment_status":"open","ping_status":"closed","template":"page-with-sidebar.php","meta":{"_acf_changed":false,"footnotes":""},"tags":[],"class_list":["post-4594","page","type-page","status-publish","hentry"],"acf":[],"yoast_head":"<!-- This site is optimized with the Yoast SEO plugin v26.6 - https:\/\/yoast.com\/wordpress\/plugins\/seo\/ -->\n<title>Casino V\u00e9rit\u00e9 Blackjack (CVBJ) Software Review - A Must For All Serious Players!<\/title>\n<meta name=\"description\" content=\"What is CVBJ? A must have for all serious advantage players, his software will allow you to hone your skills and prepare you for the casino\" \/>\n<meta name=\"robots\" content=\"index, follow, max-snippet:-1, max-image-preview:large, max-video-preview:-1\" \/>\n<link rel=\"canonical\" href=\"https:\/\/www.blackjackinfo.com\/de\/casino-verite-blackjack-das-ultimative-ubungswerkzeug\/\" \/>\n<meta property=\"og:locale\" content=\"de_DE\" \/>\n<meta property=\"og:type\" content=\"article\" \/>\n<meta property=\"og:title\" content=\"Casino V\u00e9rit\u00e9 Blackjack (CVBJ) Software Review - A Must For All Serious Players!\" \/>\n<meta property=\"og:description\" content=\"What is CVBJ? A must have for all serious advantage players, his software will allow you to hone your skills and prepare you for the casino\" \/>\n<meta property=\"og:url\" content=\"https:\/\/www.blackjackinfo.com\/de\/casino-verite-blackjack-das-ultimative-ubungswerkzeug\/\" \/>\n<meta property=\"og:site_name\" content=\"BlackjackInfo.com\" \/>\n<meta property=\"article:modified_time\" content=\"2020-02-19T00:30:31+00:00\" \/>\n<meta name=\"twitter:label1\" content=\"Gesch\u00e4tzte Lesezeit\" \/>\n\t<meta name=\"twitter:data1\" content=\"5\u00a0Minuten\" \/>\n<script type=\"application\/ld+json\" class=\"yoast-schema-graph\">{\"@context\":\"https:\/\/schema.org\",\"@graph\":[{\"@type\":\"WebPage\",\"@id\":\"https:\/\/www.blackjackinfo.com\/casino-verite-blackjack-the-ultimate-practice-tool\/\",\"url\":\"https:\/\/www.blackjackinfo.com\/casino-verite-blackjack-the-ultimate-practice-tool\/\",\"name\":\"Casino V\u00e9rit\u00e9 Blackjack (CVBJ) Software Review - A Must For All Serious Players!\",\"isPartOf\":{\"@id\":\"https:\/\/www.blackjackinfo.com\/#website\"},\"datePublished\":\"2018-09-07T04:26:05+00:00\",\"dateModified\":\"2020-02-19T00:30:31+00:00\",\"description\":\"What is CVBJ? A must have for all serious advantage players, his software will allow you to hone your skills and prepare you for the casino\",\"breadcrumb\":{\"@id\":\"https:\/\/www.blackjackinfo.com\/casino-verite-blackjack-the-ultimate-practice-tool\/#breadcrumb\"},\"inLanguage\":\"de\",\"potentialAction\":[{\"@type\":\"ReadAction\",\"target\":[\"https:\/\/www.blackjackinfo.com\/casino-verite-blackjack-the-ultimate-practice-tool\/\"]}]},{\"@type\":\"BreadcrumbList\",\"@id\":\"https:\/\/www.blackjackinfo.com\/casino-verite-blackjack-the-ultimate-practice-tool\/#breadcrumb\",\"itemListElement\":[{\"@type\":\"ListItem\",\"position\":1,\"name\":\"Home\",\"item\":\"https:\/\/www.blackjackinfo.com\/\"},{\"@type\":\"ListItem\",\"position\":2,\"name\":\"Casino V\u00e9rit\u00e9 Blackjack &#8211; The Ultimate Practice Tool\"}]},{\"@type\":\"WebSite\",\"@id\":\"https:\/\/www.blackjackinfo.com\/#website\",\"url\":\"https:\/\/www.blackjackinfo.com\/\",\"name\":\"BlackjackInfo.com\",\"description\":\"Because Winning is More Fun!\",\"potentialAction\":[{\"@type\":\"SearchAction\",\"target\":{\"@type\":\"EntryPoint\",\"urlTemplate\":\"https:\/\/www.blackjackinfo.com\/?s={search_term_string}\"},\"query-input\":{\"@type\":\"PropertyValueSpecification\",\"valueRequired\":true,\"valueName\":\"search_term_string\"}}],\"inLanguage\":\"de\"}]}<\/script>\n<!-- \/ Yoast SEO plugin. -->","yoast_head_json":{"title":"Casino V\u00e9rit\u00e9 Blackjack (CVBJ) Software Review - ein Muss f\u00fcr alle ernsthaften Spieler!","description":"Was ist CVBJ? Ein Muss f\u00fcr alle ernsthaften Vorteilsspieler. Seine Software erm\u00f6glicht es Ihnen, Ihre F\u00e4higkeiten zu verbessern und Sie auf das Casino vorzubereiten","robots":{"index":"index","follow":"follow","max-snippet":"max-snippet:-1","max-image-preview":"max-image-preview:large","max-video-preview":"max-video-preview:-1"},"canonical":"https:\/\/www.blackjackinfo.com\/de\/casino-verite-blackjack-das-ultimative-ubungswerkzeug\/","og_locale":"de_DE","og_type":"article","og_title":"Casino V\u00e9rit\u00e9 Blackjack (CVBJ) Software Review - A Must For All Serious Players!","og_description":"What is CVBJ? A must have for all serious advantage players, his software will allow you to hone your skills and prepare you for the casino","og_url":"https:\/\/www.blackjackinfo.com\/de\/casino-verite-blackjack-das-ultimative-ubungswerkzeug\/","og_site_name":"BlackjackInfo.com","article_modified_time":"2020-02-19T00:30:31+00:00","twitter_misc":{"Gesch\u00e4tzte Lesezeit":"5\u00a0Minuten"},"schema":{"@context":"https:\/\/schema.org","@graph":[{"@type":"WebPage","@id":"https:\/\/www.blackjackinfo.com\/casino-verite-blackjack-the-ultimate-practice-tool\/","url":"https:\/\/www.blackjackinfo.com\/casino-verite-blackjack-the-ultimate-practice-tool\/","name":"Casino V\u00e9rit\u00e9 Blackjack (CVBJ) Software Review - ein Muss f\u00fcr alle ernsthaften Spieler!","isPartOf":{"@id":"https:\/\/www.blackjackinfo.com\/#website"},"datePublished":"2018-09-07T04:26:05+00:00","dateModified":"2020-02-19T00:30:31+00:00","description":"Was ist CVBJ? Ein Muss f\u00fcr alle ernsthaften Vorteilsspieler. Seine Software erm\u00f6glicht es Ihnen, Ihre F\u00e4higkeiten zu verbessern und Sie auf das Casino vorzubereiten","breadcrumb":{"@id":"https:\/\/www.blackjackinfo.com\/casino-verite-blackjack-the-ultimate-practice-tool\/#breadcrumb"},"inLanguage":"de","potentialAction":[{"@type":"ReadAction","target":["https:\/\/www.blackjackinfo.com\/casino-verite-blackjack-the-ultimate-practice-tool\/"]}]},{"@type":"BreadcrumbList","@id":"https:\/\/www.blackjackinfo.com\/casino-verite-blackjack-the-ultimate-practice-tool\/#breadcrumb","itemListElement":[{"@type":"ListItem","position":1,"name":"Home","item":"https:\/\/www.blackjackinfo.com\/"},{"@type":"ListItem","position":2,"name":"Casino V\u00e9rit\u00e9 Blackjack &#8211; The Ultimate Practice Tool"}]},{"@type":"WebSite","@id":"https:\/\/www.blackjackinfo.com\/#website","url":"https:\/\/www.blackjackinfo.com\/","name":"BlackjackInfo.de","description":"Denn Gewinnen macht mehr Spa\u00df!","potentialAction":[{"@type":"SearchAction","target":{"@type":"EntryPoint","urlTemplate":"https:\/\/www.blackjackinfo.com\/?s={search_term_string}"},"query-input":{"@type":"PropertyValueSpecification","valueRequired":true,"valueName":"search_term_string"}}],"inLanguage":"de"}]}},"_links":{"self":[{"href":"https:\/\/www.blackjackinfo.com\/de\/wp-json\/wp\/v2\/pages\/4594","targetHints":{"allow":["GET"]}}],"collection":[{"href":"https:\/\/www.blackjackinfo.com\/de\/wp-json\/wp\/v2\/pages"}],"about":[{"href":"https:\/\/www.blackjackinfo.com\/de\/wp-json\/wp\/v2\/types\/page"}],"author":[{"embeddable":true,"href":"https:\/\/www.blackjackinfo.com\/de\/wp-json\/wp\/v2\/users\/6"}],"replies":[{"embeddable":true,"href":"https:\/\/www.blackjackinfo.com\/de\/wp-json\/wp\/v2\/comments?post=4594"}],"version-history":[{"count":7,"href":"https:\/\/www.blackjackinfo.com\/de\/wp-json\/wp\/v2\/pages\/4594\/revisions"}],"predecessor-version":[{"id":5481,"href":"https:\/\/www.blackjackinfo.com\/de\/wp-json\/wp\/v2\/pages\/4594\/revisions\/5481"}],"wp:attachment":[{"href":"https:\/\/www.blackjackinfo.com\/de\/wp-json\/wp\/v2\/media?parent=4594"}],"wp:term":[{"taxonomy":"post_tag","embeddable":true,"href":"https:\/\/www.blackjackinfo.com\/de\/wp-json\/wp\/v2\/tags?post=4594"}],"curies":[{"name":"wp","href":"https:\/\/api.w.org\/{rel}","templated":true}]}}