{"id":4874,"date":"2018-10-04T03:59:35","date_gmt":"2018-10-04T08:59:35","guid":{"rendered":"https:\/\/www.blackjackinfo.com\/?page_id=4874"},"modified":"2024-05-18T03:08:16","modified_gmt":"2024-05-18T08:08:16","slug":"uber","status":"publish","type":"page","link":"https:\/\/www.blackjackinfo.com\/de\/about\/","title":{"rendered":"\u00dcber"},"content":{"rendered":"<p>BlackjackInfo wurde 1999 von Ken Smith ins Leben gerufen, um Expertenratschl\u00e4ge f\u00fcr die beste Art, Blackjack zu spielen, zu geben. Es gibt zwar viele Seiten \u00fcber Blackjack im Internet, aber Ken hat diese Ressource geschaffen, um einen glaubw\u00fcrdigen Einblick in die Art und Weise zu geben, wie man Blackjack gewinnt und wie er es geschafft hat, daraus eine professionelle Karriere zu machen.<\/p>\n<p>Eine der ersten Websites \u00fcberhaupt, die <a href=\"https:\/\/www.blackjackinfo.com\/blackjack-basic-strategy-engine\/\">Blackjack-Strategiekarten<\/a> und ein <a href=\"https:\/\/www.blackjackinfo.com\/blackjack-strategy-trainer\/\">interaktiver Strategietrainer<\/a>BlackjackInfo war schon immer an vorderster Front dabei, die besten Blackjack-Informationen zu liefern.<\/p>\n<p>Im Jahr 2016 verkaufte Ken die Website an das Affiliate-Netzwerk f\u00fcr Online-Gl\u00fccksspiele <a href=\"https:\/\/lcb.org\">LCB<\/a> (Fr\u00fcher bekannt als Latest Casino Bonuses) und wird nun von LV Bear, einem weiteren Experten und Schwergewicht unter den Blackjack-Vorteilsspielern, betreut.<\/p>\n<h2 class=\"purple-underline\">BlackjackInfo-Mitarbeiter<\/h2>\n<h3 id=\"who-is-ken-smith\">Wer ist Ken Smith?<\/h3>\n<p><img loading=\"lazy\" decoding=\"async\" class=\"alignright size-full wp-image-600\" src=\"\/files\/kensmith.jpg\" alt=\"ken smith\" width=\"252\" height=\"190\" data-no-auto-translation=\"\" \/>Nachdem er 1990 mit seinem ersten Blackjack-Turnier begonnen hatte, machte sich Ken schnell einen Namen, da er dank seiner langj\u00e4hrigen Erfahrung und seiner strategischen Analyse regelm\u00e4\u00dfig zahlreiche Turniere gewinnen konnte. Als f\u00fchrender Turnierstrategieexperte war er bald in mehreren Fernsehsendungen zu sehen und schrieb Kolumnen f\u00fcr zahlreiche Zeitschriften und Websites.<\/p>\n<p>Obwohl Ken nicht mehr Eigent\u00fcmer von Blackjackinfo.com ist, nimmt er sich immer noch Zeit, um auf Kommentare zu antworten und Beitr\u00e4ge zu <a href=\"https:\/\/www.blackjacktournaments.com\">blackjacktournaments.com<\/a> auch.<\/p>\n<p>Zu den bemerkenswerten Erfolgen geh\u00f6ren:<\/p>\n<ul>\n<li><a href=\"https:\/\/en.wikipedia.org\/wiki\/World_Series_of_Blackjack#Season_1_results\">Erreichen des Finaltisches bei der im Fernsehen \u00fcbertragenen World Series of Blackjack<\/a><\/li>\n<li>Weitere Auftritte in Staffel 2, Staffel 3 und Staffel 4 von WSOB<\/li>\n<li>Gewinn des ersten Turniers der Fernsehserie <a href=\"https:\/\/en.wikipedia.org\/wiki\/Ultimate_Blackjack_Tour\">Ultimative Blackjack-Tour<\/a> sowie die Teilnahme am UBT-Legenden-Turnier<\/li>\n<li>Autor von 2 Blackjack-Turnierstrategieb\u00fcchern: <a href=\"http:\/\/www.deepnettech.com\/estore\/index.php?main_page=product_info&amp;products_id=59\">Wie man mehr Blackjack-Turniere gewinnt<\/a> und <a href=\"http:\/\/deepnettech.com\/estore\/index.php?main_page=product_info&amp;products_id=84\">Wie Sie noch mehr Blackjack-Turniere gewinnen k\u00f6nnen<\/a><\/li>\n<\/ul>\n<p>Interviews mit Ken Smith:<\/p>\n<ul>\n<li><a href=\"https:\/\/youtu.be\/oPw0ba7_TgI\">Gl\u00fccksspiel mit Vorsprung - Gast Ken Smith<\/a> - Youtube.com<\/li>\n<li><a href=\"http:\/\/www.blackjack-vegas.de\/index.php\/blackjack-tricks\/268-blackjack-interview-ken-smith-original-english.html\">Blackjack-Autor Ken Smith: Mit Kartenz\u00e4hlen l\u00e4sst sich immer noch Geld verdienen!<\/a> - blackjack-vegas.de<\/li>\n<li><a href=\"https:\/\/thepogg.com\/thepogg-interviews-ken-smith-blackjack-tournament-expert\/\">ThePOGG Interviews - Ken Smith Blackjack-Turnier-Experte<\/a> - thepogg.com<\/li>\n<li><a href=\"https:\/\/www.onlineblackjack.com\/blog\/ken-smith-blackjackinfo-interview\/\">KEN SMITH BLACKJACKINFO INTERVIEW<\/a> - onlineblackjack.com<\/li>\n<li><a href=\"https:\/\/lcb.org\/news\/interviews\/interview-with-ken-of-blackjackinfo-com\">Interview mit Ken Smith von BlackjackInfo.com<\/a> - lcb.org<\/li>\n<li><a href=\"http:\/\/www.smartgaming.com\/html\/articles\/interview_with_bj_pros.htm\">EIN INTERVIEW MIT DEN BLACKJACK-TURNIER-PROFIS KEN SMITH und JOE PANE<\/a> - smartgaming.de<\/li>\n<\/ul>\n<p>Sie k\u00f6nnen mehr \u00fcber Ken lesen <a href=\"https:\/\/www.blackjackinfo.com\/ken-smith\/\">hier<\/a>.<\/p>\n<h3 id=\"who-is-lv-bear\">Wer ist LV Bear<\/h3>\n<p><img loading=\"lazy\" decoding=\"async\" class=\"alignright size-full wp-image-600\" src=\"\/files\/lv_bear.png\" alt=\"ken smith\" width=\"252\" height=\"190\" data-no-auto-translation=\"\" \/>Als angesehener Vorteilsspieler, der Mitte der 1990er Jahre begann, sein Handwerk zu verfeinern, ist LV-B\u00e4r jetzt der ans\u00e4ssige Experte von BlackjackInfo und bringt einen enormen Erfahrungsschatz mit, da er auch an der <a href=\"https:\/\/www.bj21.com\">BJ21.com<\/a><\/p>\n<p>LV Bear, der f\u00fcr die Erstellung des begehrten Newsletters von BJ21 verantwortlich ist, der von vielen Vorteilsspielern genutzt wird, ist einer der etabliertesten Vorteilsspieler und tr\u00e4gt seit vielen Jahren zur Blackjack-Community bei.<\/p>\n<p>Er hat auch einen Blog, den Sie unter folgender Adresse finden k\u00f6nnen <a href=\"http:\/\/www.thebeargrowls.com\/\">http:\/\/www.thebeargrowls.com\/<\/a><\/p>\n<p>Interviews mit LV Bear:<\/p>\n<ul>\n<li><a href=\"https:\/\/www.casinoonline.co.uk\/interviews\/las-vegas-bear\/\">Ein Interview mit LV Bear<\/a> - casinoonline.de<\/li>\n<li><a href=\"https:\/\/www.blackjackinfo.com\/interviews\/lv-bear\/\">Interview mit LV Bear<\/a> - blackjackinfo.de<\/li>\n<\/ul>\n<p>Sie k\u00f6nnen mehr \u00fcber LV Bear lesen <a href=\"https:\/\/www.blackjackinfo.com\/about-lv-bear\/\">hier<\/a><\/p>\n<h3>Wer sind LCB?<\/h3>\n<p><img loading=\"lazy\" decoding=\"async\" class=\"alignright size-thumbnail wp-image-4915\" src=\"\/files\/lcb-logo-150x150.png\" alt=\"\" width=\"150\" height=\"150\" srcset=\"https:\/\/www.blackjackinfo.com\/files\/lcb-logo-150x150.png 150w, https:\/\/www.blackjackinfo.com\/files\/lcb-logo-300x300.png 300w, https:\/\/www.blackjackinfo.com\/files\/lcb-logo.png 400w\" sizes=\"auto, (max-width: 150px) 100vw, 150px\" data-no-auto-translation=\"\" \/>Die <a href=\"https:\/\/lcb.org\/network\">LCB-Netzwerk<\/a> wurde 2006 gegr\u00fcndet, um Spielern, die online spielen wollten, Ressourcen zur Verf\u00fcgung zu stellen, um sie zu informieren. Seitdem hat sich das Unternehmen in den letzten 12 Jahren als Branchenf\u00fchrer etabliert und bietet seinen Nutzern Informationen, die nur von wenigen \u00fcbertroffen werden.<\/p>\n<p>Seit der \u00dcbernahme von BlackjackInfo.com hat LCB die Website um Ressourcen und Anleitungen f\u00fcr folgende Bereiche erweitert <a href=\"https:\/\/www.blackjackinfo.com\/online-blackjack\/\">Blackjack online spielen<\/a>.<\/p>\n<h3>Andere Mitwirkende<\/h3>\n<p><a href=\"https:\/\/www.hirequarters.com\/\">HIREQUARTERS<\/a> - Diese Jungs haben uns geholfen, den Inhalt, den Sie auf blackjackinfo.com und dem LCB-Netzwerk sehen, zu erweitern<\/p>\n<h2>BlackjackInfo-Zeitleiste<\/h2>\n<div class=\"container\">\n<div class=\"row\">\n<div class=\"col-sm-8\">\n<div class=\"timeline-item\">\n<div class=\"row\">\n<div class=\"col-sm-6\">BlackjackInfo wird erstellt<\/div>\n<div class=\"col-sm-6\">\n<div class=\"pull-right\">Jan, 1999<\/div>\n<\/div>\n<\/div>\n<p>Ken Smith startet Blackjackinfo.com und ist eine der ersten Seiten, die Strategietabellen anbietet.<\/p>\n<\/div>\n<div class=\"timeline-item\">\n<div class=\"row\">\n<div class=\"col-sm-6\">Blackjackinfo.com wird an LCB verkauft<\/div>\n<div class=\"col-sm-6\">\n<div class=\"pull-right\">Sep, 2016<\/div>\n<\/div>\n<\/div>\n<p>Ken Smith verkauft BlackjackInfo.com an das LCB-Netzwerk<\/p>\n<\/div>\n<div class=\"timeline-item\">\n<div class=\"row\">\n<div class=\"col-sm-6\">LV-B\u00e4r tritt dem BJI bei<\/div>\n<div class=\"col-sm-6\">\n<div class=\"pull-right\">Sep, 2016<\/div>\n<\/div>\n<\/div>\n<p><a href=\"https:\/\/www.blackjackinfo.com\/lv-bear-joins-blackjackinfo-com\/\">LV Bear \u00fcbernimmt die Rolle des Blackjack-Experten bei BlackjackInfo.com<\/a><\/p>\n<\/div>\n<\/div>\n<\/div>\n<\/div>","protected":false},"excerpt":{"rendered":"<p>BlackjackInfo was originally created in 1999 by Ken Smith as a means to provide expert advice on the best way to play blackjack. While there are many sites about blackjack on the internet, Ken created this resource to give credible insight into how to approach winning blackjack and how he managed to turn it into [&hellip;]<\/p>\n","protected":false},"author":4,"featured_media":0,"parent":0,"menu_order":0,"comment_status":"closed","ping_status":"closed","template":"","meta":{"_acf_changed":false,"footnotes":""},"tags":[],"class_list":["post-4874","page","type-page","status-publish","hentry"],"acf":[],"yoast_head":"<!-- This site is optimized with the Yoast SEO plugin v26.6 - https:\/\/yoast.com\/wordpress\/plugins\/seo\/ -->\n<title>About<\/title>\n<meta name=\"description\" content=\"BlackjackInfo was originally created in 1999 by Ken Smith as a means to provide expert advice on the best way to play blackjack. While there are many\" \/>\n<meta name=\"robots\" content=\"index, follow, max-snippet:-1, max-image-preview:large, max-video-preview:-1\" \/>\n<link rel=\"canonical\" href=\"https:\/\/www.blackjackinfo.com\/de\/uber\/\" \/>\n<meta property=\"og:locale\" content=\"de_DE\" \/>\n<meta property=\"og:type\" content=\"article\" \/>\n<meta property=\"og:title\" content=\"About\" \/>\n<meta property=\"og:description\" content=\"BlackjackInfo was originally created in 1999 by Ken Smith as a means to provide expert advice on the best way to play blackjack. While there are many\" \/>\n<meta property=\"og:url\" content=\"https:\/\/www.blackjackinfo.com\/de\/uber\/\" \/>\n<meta property=\"og:site_name\" content=\"BlackjackInfo.com\" \/>\n<meta property=\"article:modified_time\" content=\"2024-05-18T08:08:16+00:00\" \/>\n<meta name=\"twitter:label1\" content=\"Gesch\u00e4tzte Lesezeit\" \/>\n\t<meta name=\"twitter:data1\" content=\"3\u00a0Minuten\" \/>\n<script type=\"application\/ld+json\" class=\"yoast-schema-graph\">{\"@context\":\"https:\/\/schema.org\",\"@graph\":[{\"@type\":\"WebPage\",\"@id\":\"https:\/\/www.blackjackinfo.com\/about\/\",\"url\":\"https:\/\/www.blackjackinfo.com\/about\/\",\"name\":\"About\",\"isPartOf\":{\"@id\":\"https:\/\/www.blackjackinfo.com\/#website\"},\"datePublished\":\"2018-10-04T08:59:35+00:00\",\"dateModified\":\"2024-05-18T08:08:16+00:00\",\"description\":\"BlackjackInfo was originally created in 1999 by Ken Smith as a means to provide expert advice on the best way to play blackjack. While there are many\",\"breadcrumb\":{\"@id\":\"https:\/\/www.blackjackinfo.com\/about\/#breadcrumb\"},\"inLanguage\":\"de\",\"potentialAction\":[{\"@type\":\"ReadAction\",\"target\":[\"https:\/\/www.blackjackinfo.com\/about\/\"]}]},{\"@type\":\"BreadcrumbList\",\"@id\":\"https:\/\/www.blackjackinfo.com\/about\/#breadcrumb\",\"itemListElement\":[{\"@type\":\"ListItem\",\"position\":1,\"name\":\"Home\",\"item\":\"https:\/\/www.blackjackinfo.com\/\"},{\"@type\":\"ListItem\",\"position\":2,\"name\":\"About\"}]},{\"@type\":\"WebSite\",\"@id\":\"https:\/\/www.blackjackinfo.com\/#website\",\"url\":\"https:\/\/www.blackjackinfo.com\/\",\"name\":\"BlackjackInfo.com\",\"description\":\"Because Winning is More Fun!\",\"potentialAction\":[{\"@type\":\"SearchAction\",\"target\":{\"@type\":\"EntryPoint\",\"urlTemplate\":\"https:\/\/www.blackjackinfo.com\/?s={search_term_string}\"},\"query-input\":{\"@type\":\"PropertyValueSpecification\",\"valueRequired\":true,\"valueName\":\"search_term_string\"}}],\"inLanguage\":\"de\"}]}<\/script>\n<!-- \/ Yoast SEO plugin. -->","yoast_head_json":{"title":"\u00dcber","description":"BlackjackInfo wurde 1999 von Ken Smith ins Leben gerufen, um Expertenratschl\u00e4ge f\u00fcr die beste Art und Weise, Blackjack zu spielen, anzubieten. Zwar gibt es viele","robots":{"index":"index","follow":"follow","max-snippet":"max-snippet:-1","max-image-preview":"max-image-preview:large","max-video-preview":"max-video-preview:-1"},"canonical":"https:\/\/www.blackjackinfo.com\/de\/uber\/","og_locale":"de_DE","og_type":"article","og_title":"About","og_description":"BlackjackInfo was originally created in 1999 by Ken Smith as a means to provide expert advice on the best way to play blackjack. While there are many","og_url":"https:\/\/www.blackjackinfo.com\/de\/uber\/","og_site_name":"BlackjackInfo.com","article_modified_time":"2024-05-18T08:08:16+00:00","twitter_misc":{"Gesch\u00e4tzte Lesezeit":"3\u00a0Minuten"},"schema":{"@context":"https:\/\/schema.org","@graph":[{"@type":"WebPage","@id":"https:\/\/www.blackjackinfo.com\/about\/","url":"https:\/\/www.blackjackinfo.com\/about\/","name":"\u00dcber","isPartOf":{"@id":"https:\/\/www.blackjackinfo.com\/#website"},"datePublished":"2018-10-04T08:59:35+00:00","dateModified":"2024-05-18T08:08:16+00:00","description":"BlackjackInfo wurde 1999 von Ken Smith ins Leben gerufen, um Expertenratschl\u00e4ge f\u00fcr die beste Art und Weise, Blackjack zu spielen, anzubieten. Zwar gibt es viele","breadcrumb":{"@id":"https:\/\/www.blackjackinfo.com\/about\/#breadcrumb"},"inLanguage":"de","potentialAction":[{"@type":"ReadAction","target":["https:\/\/www.blackjackinfo.com\/about\/"]}]},{"@type":"BreadcrumbList","@id":"https:\/\/www.blackjackinfo.com\/about\/#breadcrumb","itemListElement":[{"@type":"ListItem","position":1,"name":"Home","item":"https:\/\/www.blackjackinfo.com\/"},{"@type":"ListItem","position":2,"name":"About"}]},{"@type":"WebSite","@id":"https:\/\/www.blackjackinfo.com\/#website","url":"https:\/\/www.blackjackinfo.com\/","name":"BlackjackInfo.de","description":"Denn Gewinnen macht mehr Spa\u00df!","potentialAction":[{"@type":"SearchAction","target":{"@type":"EntryPoint","urlTemplate":"https:\/\/www.blackjackinfo.com\/?s={search_term_string}"},"query-input":{"@type":"PropertyValueSpecification","valueRequired":true,"valueName":"search_term_string"}}],"inLanguage":"de"}]}},"_links":{"self":[{"href":"https:\/\/www.blackjackinfo.com\/de\/wp-json\/wp\/v2\/pages\/4874","targetHints":{"allow":["GET"]}}],"collection":[{"href":"https:\/\/www.blackjackinfo.com\/de\/wp-json\/wp\/v2\/pages"}],"about":[{"href":"https:\/\/www.blackjackinfo.com\/de\/wp-json\/wp\/v2\/types\/page"}],"author":[{"embeddable":true,"href":"https:\/\/www.blackjackinfo.com\/de\/wp-json\/wp\/v2\/users\/4"}],"replies":[{"embeddable":true,"href":"https:\/\/www.blackjackinfo.com\/de\/wp-json\/wp\/v2\/comments?post=4874"}],"version-history":[{"count":51,"href":"https:\/\/www.blackjackinfo.com\/de\/wp-json\/wp\/v2\/pages\/4874\/revisions"}],"predecessor-version":[{"id":5948,"href":"https:\/\/www.blackjackinfo.com\/de\/wp-json\/wp\/v2\/pages\/4874\/revisions\/5948"}],"wp:attachment":[{"href":"https:\/\/www.blackjackinfo.com\/de\/wp-json\/wp\/v2\/media?parent=4874"}],"wp:term":[{"taxonomy":"post_tag","embeddable":true,"href":"https:\/\/www.blackjackinfo.com\/de\/wp-json\/wp\/v2\/tags?post=4874"}],"curies":[{"name":"wp","href":"https:\/\/api.w.org\/{rel}","templated":true}]}}