{"id":5052,"date":"2018-11-11T18:31:55","date_gmt":"2018-11-12T00:31:55","guid":{"rendered":"https:\/\/www.blackjackinfo.com\/?page_id=5052"},"modified":"2020-02-18T18:27:05","modified_gmt":"2020-02-19T00:27:05","slug":"was-ist-wonging-beim-blackjack","status":"publish","type":"page","link":"https:\/\/www.blackjackinfo.com\/de\/what-is-wonging-in-blackjack\/","title":{"rendered":"Was ist Wonging (beim Blackjack)?"},"content":{"rendered":"<h2>Einf\u00fchrung in Wonging<\/h2>\n<p>Die als \"Wonging\" bekannte Gl\u00fccksspielstrategie hat eine breite und vielf\u00e4ltige Anwendung, ist aber am engsten mit dem Blackjack-Spiel verbunden. Im Wesentlichen wird sie von Spielern praktiziert, die an einem oder mehreren Blackjack-Tischen im Kasino die Karten z\u00e4hlen und auf der Grundlage ihrer Z\u00e4hlung den besten Zeitpunkt f\u00fcr den Einstieg in das Spiel w\u00e4hlen.<\/p>\n<h2>Wer hat das Wonging erfunden?<\/h2>\n<p>Es l\u00e4sst sich nicht genau sagen, wer die Wonging-Strategie erfunden hat, da die Spieler seit langem daf\u00fcr bekannt sind, mitten im Spiel von Tisch zu Tisch zu wechseln. Allerdings hat der Blackjack-Autor <a href=\"https:\/\/en.wikipedia.org\/wiki\/Stanford_Wong\">Jack Ferguson<\/a>besser bekannt unter seinem Pseudonym Stanford Wong, propagierte und entwickelte diese Strategie in seinen Ver\u00f6ffentlichungen, was dazu f\u00fchrte, dass man sie nach seinem Pseudonym benannte.\n<\/p>\n<p><a href=\"\/interviews\/stanford-wong\/\">Im Jahr 2014 f\u00fchrte BlackjackInfo ein Interview mit Stanford Wong, das Sie hier finden k\u00f6nnen. <\/a><br \/>\n<div class=\"row\" style=\"margin-bottom:20px\">\n    <div class=\"col-sm-12\">\n                <h2>Top US Online Casinos <span\n                class=\"flag-icon flag-icon-us\"><\/span><\/h2>\n\n        \n                \n        <div class=\"ranking-table text-center\">\n            <div class=\"row flex ad-row\">\n                <div class=\"col-sm-3\">\n                    <div class=\"row flex\">\n\n                        <div class=\"col-sm-3\">\n                            <div class=\"ranking-number text-center\">\n\n                                1                                \n                            <\/div>\n                        <\/div>\n                        <div class=\"col-sm-9\">\n                            <img decoding=\"async\" src=\"https:\/\/www.blackjackinfo.com\/files\/bovada.png\" data-no-auto-translation=\"\">\n                        <\/div>\n                    <\/div>\n                <\/div>\n                <div class=\"col-sm-4\">\n                    <div class=\"bonus-text text-center\"><span class=\"red\">100% bis zu $1.000<\/span><\/div>\n\t\t\t\t\t\n\n                <\/div>\n                <div class=\"col-sm-2\">\n                    <a class=\"btn btn-wire\" href=\"\/de\/casino\/bovada\/\">\u00dcberpr\u00fcfung<\/a>\n\n                <\/div>\n                <div class=\"col-sm-3\">\n                    <a rel=\"nofollow\" target=\"_blank\" class=\"btn btn-blue\" href=\"\/goto\/goto\/\">Spielen\n                        Jetzt<\/a>\n\t\t\t\t\t\t\n\n                <\/div>\n            <\/div>\n        <\/div>\n\n\n\n        \n                \n        <div class=\"ranking-table text-center\">\n            <div class=\"row flex ad-row\">\n                <div class=\"col-sm-3\">\n                    <div class=\"row flex\">\n\n                        <div class=\"col-sm-3\">\n                            <div class=\"ranking-number text-center\">\n\n                                2                                \n                            <\/div>\n                        <\/div>\n                        <div class=\"col-sm-9\">\n                            <img decoding=\"async\" src=\"https:\/\/www.blackjackinfo.com\/files\/ignition-casino-logo.png\" data-no-auto-translation=\"\">\n                        <\/div>\n                    <\/div>\n                <\/div>\n                <div class=\"col-sm-4\">\n                    <div class=\"bonus-text text-center\"><span class=\"red\">100% bis zu $1.000<\/span><\/div>\n\t\t\t\t\t\n\n                <\/div>\n                <div class=\"col-sm-2\">\n                    <a class=\"btn btn-wire\" href=\"\/de\/casino\/ignition-casino\/\">\u00dcberpr\u00fcfung<\/a>\n\n                <\/div>\n                <div class=\"col-sm-3\">\n                    <a rel=\"nofollow\" target=\"_blank\" class=\"btn btn-blue\" href=\"\/goto\/goto\/\">Spielen\n                        Jetzt<\/a>\n\t\t\t\t\t\t\n\n                <\/div>\n            <\/div>\n        <\/div>\n\n\n\n        \n                \n        <div class=\"ranking-table text-center\">\n            <div class=\"row flex ad-row\">\n                <div class=\"col-sm-3\">\n                    <div class=\"row flex\">\n\n                        <div class=\"col-sm-3\">\n                            <div class=\"ranking-number text-center\">\n\n                                3                                \n                            <\/div>\n                        <\/div>\n                        <div class=\"col-sm-9\">\n                            <img decoding=\"async\" src=\"https:\/\/www.blackjackinfo.com\/files\/vegas_casino_online.png\" data-no-auto-translation=\"\">\n                        <\/div>\n                    <\/div>\n                <\/div>\n                <div class=\"col-sm-4\">\n                    <div class=\"bonus-text text-center\"><span class=\"red\">300% bis zu $3.000<\/span><\/div>\n\t\t\t\t\t\n\n                <\/div>\n                <div class=\"col-sm-2\">\n                    <a class=\"btn btn-wire\" href=\"\/de\/casino\/vegas-casino-online-2\/\">\u00dcberpr\u00fcfung<\/a>\n\n                <\/div>\n                <div class=\"col-sm-3\">\n                    <a rel=\"nofollow\" target=\"_blank\" class=\"btn btn-blue\" href=\"\/goto\/goto\/\">Spielen\n                        Jetzt<\/a>\n\t\t\t\t\t\t\n\n                <\/div>\n            <\/div>\n        <\/div>\n\n\n\n        \n                \n        <div class=\"ranking-table text-center\">\n            <div class=\"row flex ad-row\">\n                <div class=\"col-sm-3\">\n                    <div class=\"row flex\">\n\n                        <div class=\"col-sm-3\">\n                            <div class=\"ranking-number text-center\">\n\n                                4                                \n                            <\/div>\n                        <\/div>\n                        <div class=\"col-sm-9\">\n                            <img decoding=\"async\" src=\"https:\/\/www.blackjackinfo.com\/files\/VipSlots-500x250_dark.svg\" data-no-auto-translation=\"\">\n                        <\/div>\n                    <\/div>\n                <\/div>\n                <div class=\"col-sm-4\">\n                    <div class=\"bonus-text text-center\"><span class=\"red\">100 GRATIS SPINS bei Secret Life of Cats<\/span><\/div>\n\t\t\t\t\t\n\n                <\/div>\n                <div class=\"col-sm-2\">\n                    <a class=\"btn btn-wire\" href=\"\/de\/casino\/vipslots-casino\/\">\u00dcberpr\u00fcfung<\/a>\n\n                <\/div>\n                <div class=\"col-sm-3\">\n                    <a rel=\"nofollow\" target=\"_blank\" class=\"btn btn-blue\" href=\"\/goto\/goto\/\">Spielen\n                        Jetzt<\/a>\n\t\t\t\t\t\t\n\n                <\/div>\n            <\/div>\n        <\/div>\n\n\n\n        \n                \n        <div class=\"ranking-table text-center\">\n            <div class=\"row flex ad-row\">\n                <div class=\"col-sm-3\">\n                    <div class=\"row flex\">\n\n                        <div class=\"col-sm-3\">\n                            <div class=\"ranking-number text-center\">\n\n                                5                                \n                            <\/div>\n                        <\/div>\n                        <div class=\"col-sm-9\">\n                            <img decoding=\"async\" src=\"https:\/\/www.blackjackinfo.com\/files\/cafe-casino-logo.svg\" data-no-auto-translation=\"\">\n                        <\/div>\n                    <\/div>\n                <\/div>\n                <div class=\"col-sm-4\">\n                    <div class=\"bonus-text text-center\"><span class=\"red\">250% bis zu $1.500<\/span><\/div>\n\t\t\t\t\t\n\n                <\/div>\n                <div class=\"col-sm-2\">\n                    <a class=\"btn btn-wire\" href=\"\/de\/casino\/cafe-casino\/\">\u00dcberpr\u00fcfung<\/a>\n\n                <\/div>\n                <div class=\"col-sm-3\">\n                    <a rel=\"nofollow\" target=\"_blank\" class=\"btn btn-blue\" href=\"\/goto\/goto\/\">Spielen\n                        Jetzt<\/a>\n\t\t\t\t\t\t\n\n                <\/div>\n            <\/div>\n        <\/div>\n\n\n\n            <\/div>\n<\/div><\/p>\n<h2>Die Grundlagen<\/h2>\n<p>Die Wonging-Strategie kann als eine Art Unterform des Kartenz\u00e4hlens betrachtet werden, bei der die Spieler die Karten an den von ihnen gew\u00e4hlten Blackjack-Tischen z\u00e4hlen, ohne jedoch am Spielgeschehen teilzunehmen. Auf diese Weise k\u00f6nnen die Spieler den Spielfluss verfolgen und nehmen nur dann an den Tischen Platz, wenn die Z\u00e4hlung g\u00fcnstig ist. Normalerweise w\u00fcrden sie eine weniger auff\u00e4llige Position einnehmen, die ihnen eine vollst\u00e4ndige Vorschau auf die ausgeteilten Karten erm\u00f6glicht, und dort bleiben, bis der richtige Zeitpunkt gekommen ist.<\/p>\n<p>Sobald die Z\u00e4hlung g\u00fcnstig ist...<\/p>\n<p>... Spieler nehmen am Tisch Platz, um das Beste daraus zu machen, w\u00e4hrend die Action hei\u00df ist. Dies erspart ihnen die Zeit und den Teil der Bankroll, den sie sonst aufgewendet h\u00e4tten, wenn sie von Anfang an in die Action eingestiegen w\u00e4ren. Kalte Perioden mit negativen Z\u00e4hlungen wechseln sich mit positiven ab und sorgen f\u00fcr ein gewisses Gleichgewicht, aber diese besondere Strategie schlie\u00dft die M\u00f6glichkeit aus, Ihr hart verdientes Geld einzusetzen, ohne eine Auszahlung zu erhalten.<\/p>\n<p>Dennoch, Vorsicht...<\/p>\n<p>... um im Casino nicht zu auff\u00e4llig zu werden. Kartenz\u00e4hlen an sich ist verp\u00f6nt, und die Casinobetreiber achten st\u00e4ndig auf auff\u00e4lliges Verhalten - Schwankungen in der H\u00f6he der Eins\u00e4tze, pl\u00f6tzliches Verlassen des Tisches oder Signale zur Informations\u00fcbermittlung. Was das Wonging betrifft, so m\u00fcssen die Spieler zus\u00e4tzlich darauf achten, wie sie sich bei der Tisch\u00fcberwachung positionieren.<\/p>\n<h2>Unterschiedliche Herangehensweisen<\/h2>\n<p>\u00dcber die gro\u00dfe Anzahl <a href=\"https:\/\/wizardofodds.com\/gambling\/book-reviews\/blackjack\/\" target=\"_blank\" rel=\"noopener noreferrer\" data-saferedirecturl=\"https:\/\/www.google.com\/url?q=https:\/\/wizardofodds.com\/gambling\/book-reviews\/blackjack\/&amp;source=gmail&amp;ust=1542067350043000&amp;usg=AFQjCNHf7lTAemVEgyCCV6dickfaMrmHlg\">der B\u00fccher, die zu diesem Thema geschrieben wurden<\/a>Sowohl von Ferguson als auch von anderen haben Experten verschiedene Ans\u00e4tze f\u00fcr eine erfolgreiche Wonging-Strategie vorgestellt.<\/p>\n<p>Einige \"Abzocker\" neigen dazu...<\/p>\n<p>...die sich schon beim Betreten des Casinos gesch\u00e4ftig und unruhig verhalten, als ob sie ein Flugzeug erwischen m\u00fcssten und das Casino nur eine Zwischenstation w\u00e4re, bis das Boarding beginnt. Sie neigen dazu, ihr gesch\u00e4ftiges Auftreten w\u00e4hrend des gesamten \u00dcberwachungszeitraums und w\u00e4hrend des eigentlichen Spiels am Blackjack-Tisch fortzusetzen.<\/p>\n<p>Andere Schw\u00e4tzer hingegen...<\/p>\n<p>... eine Art von Selbstsabotage anwenden. Dies muss sorgf\u00e4ltig geschehen, damit es nicht den Anschein hat, dass es absichtlich und gegen die Interessen des Spielers eingesetzt wird. Meistens betreten Abzocker den Tisch zu einer Spitzenzeit, spielen ein paar H\u00e4nde, w\u00e4hrend das Spiel ihnen gef\u00e4llt, und gehen wieder, aber nicht bevor sie einen Teil ihres Gewinns riskiert haben, um den Schein zu wahren. Es kann sein, dass sie ihre Eins\u00e4tze nach einem Gewinn verdoppeln oder sie w\u00e4hrend einer weniger vorteilhaften Z\u00e4hlung einfach erh\u00f6hen - in jedem Fall ist es etwas, das das Management gerade so lange aus der Bahn wirft, bis sie sich aus dem Staub machen k\u00f6nnen.<\/p>\n<h2>Teambildung<\/h2>\n<p>Wonging in Teams ist eine dritte M\u00f6glichkeit, diese Blackjack-Strategie besser zu \u00fcben. Es kann mit dem Wonger - Big Player Ansatz gemacht werden, oder einfach mit einem Freund, der gerade genug mitspielen kann, damit der Wonger den Count bekommt. Im ersten Fall sitzt der Wonger bereits am Tisch und opfert in den ung\u00fcnstigen Phasen einen Teil seiner Bankroll, damit er die Karten mit \u00e4u\u00dferster Pr\u00e4zision z\u00e4hlen kann. Sobald er geeignet ist, gibt er dem \"gro\u00dfen Spieler\" ein Zeichen, und sobald dieser ins Spiel einsteigt, \u00fcbermittelt ihm der Winner die genaue Tischz\u00e4hlung, normalerweise mit Hilfe eines Codes oder einer Verbindung.<\/p>\n<p>Die letztgenannte Mannschaft spielt Option...<\/p>\n<p>... w\u00fcrde immer noch den Wonger erfordern <a href=\"https:\/\/www.blackjackinfo.com\/card-counting\/\" target=\"_blank\" rel=\"noopener noreferrer\" data-saferedirecturl=\"https:\/\/www.google.com\/url?q=https:\/\/www.blackjackinfo.com\/card-counting\/&amp;source=gmail&amp;ust=1542067350043000&amp;usg=AFQjCNEfenYzg4T0vO4KAidhpAk0ciDeIA\">um die Karten zu z\u00e4hlen<\/a> aber in den Augen der Kasinobetreiber ist es viel weniger auff\u00e4llig. Als Blackjack auf die Leinwand kam, wurden die dort gezeigten Strategien kommerzialisiert und weiter verbreitet, was zu geringeren Erfolgsquoten f\u00fchrte.<\/p>\n<p><a href=\"https:\/\/www.imdb.com\/title\/tt0478087\/\">Der MIT-Teamfilm, 21...<\/a><\/p>\n<p>... unterst\u00fctzt diese Theorie stark, da die Personen, die die Karten z\u00e4hlen, erfolgreich in Teams von gr\u00f6\u00dferen Spielern arbeiten w\u00fcrden. Doch selbst ihr rechtzeitiges Ableben zeigt, dass man bei solchen strategischen Handlungen \u00e4u\u00dferst aufmerksam sein muss.<\/p>\n<h2>Vorteile des Wonging beim Blackjack<\/h2>\n<p>Die Verwendung der Wonging-Strategie beim Blackjack-Spielen hat ihre Vor- und Nachteile. Die Tatsache, dass sie noch Jahrzehnte, nachdem sie \u00f6ffentlich erkl\u00e4rt wurde, praktiziert wird, ist jedoch Beweis genug f\u00fcr ihren vorteilhaften Charakter.<\/p>\n<p>Ein Vorteil...<\/p>\n<p>... ist die Tatsache, dass es den Spielern erlaubt, ihre Bankroll zu schonen. Wonging wird zu optimalen Zeiten eingesetzt, wenn der Blackjack-Tisch im positiven Bereich liegt. Das bedeutet praktisch, dass die Wonger direkt zu den Gewinnen kommen, ohne sich den ganzen Tag damit abzum\u00fchen, darauf zu warten, dass die Anzahl der Spieler am Tisch ansteigt.<\/p>\n<p>Zweitens...<\/p>\n<p>... Spieler, die Wonging praktizieren, praktizieren indirekt auch Bankroll-Management, eine der am meisten empfohlenen Strategien f\u00fcr erfolgreiches Gl\u00fccksspiel im Allgemeinen. Es begrenzt das Risiko, das den Bankrolls der Spieler auferlegt wird, und erlaubt ihnen au\u00dferdem, ihre Wetteins\u00e4tze zu man\u00f6vrieren. Alles in allem geht es beim Wonging um die Vorteile des \u00dcbens <a href=\"https:\/\/www.blackjackinfo.com\/blackjack-betting-strategies-debunked\/\" target=\"_blank\" rel=\"noopener noreferrer\" data-saferedirecturl=\"https:\/\/www.google.com\/url?q=https:\/\/www.blackjackinfo.com\/blackjack-betting-strategies-debunked\/&amp;source=gmail&amp;ust=1542067350043000&amp;usg=AFQjCNEf1bg25seibfPn2URCoyoDhzkL7Q\">Wettstrategien richtig<\/a>.<\/p>\n<h2>Richtiges Wonging<\/h2>\n<p>Das Kartenz\u00e4hlen als Teil dieser richtigen Strategie ist umso einfacher, auch wenn es im Allgemeinen keine besonderen Kenntnisse erfordert. Die Tatsache, dass es beim Wonging zus\u00e4tzlich an einem Ort Ihrer Wahl auf dem Casinoparkett durchgef\u00fchrt wird, macht es zu einer noch attraktiveren F\u00e4higkeit, die man sich aneignen kann.<\/p>\n<p>Benachteiligungen<\/p>\n<p>Da diese Strategie die Gewinnchancen zu Gunsten der Falschspieler ver\u00e4ndert, wird sie nat\u00fcrlich von den Kasinos missbilligt. Daher k\u00f6nnen Wonger zu Recht davon ausgehen, dass ein entscheidender Nachteil darin besteht, dass sie leicht aus ihren bevorzugten Casinos verbannt werden k\u00f6nnten, wenn sie diese Strategie anwenden.<\/p>\n<p>Dazu kommt noch...<\/p>\n<p>... die meisten Blackjack-Enthusiasten neigen heutzutage dazu, sich an die Online-Casino-Websites zu wenden, die eine bessere Zug\u00e4nglichkeit und Spielerfreundlichkeit bieten <a href=\"https:\/\/wizardofodds.com\/games\/blackjack\/calculator\/\" target=\"_blank\" rel=\"noopener noreferrer\" data-saferedirecturl=\"https:\/\/www.google.com\/url?q=https:\/\/wizardofodds.com\/games\/blackjack\/calculator\/&amp;source=gmail&amp;ust=1542067350043000&amp;usg=AFQjCNF9l5KJqqwiLUJ7m0nD-KZxib6bRA\">Haus<\/a> Rand. Bei diesen Diensten wird jedoch eine Blackjack-Software verwendet, die nicht dem Wonging und \u00e4hnlichen Verfahren unterliegt.<span style=\"color: #000000;\"> Blackjack-Strategien.<\/span><\/p>\n<h2>Verwandte Forumsdiskussionen<\/h2>\n<ul>\n<li><a href=\"https:\/\/www.blackjackinfo.com\/community\/threads\/wonging-out-and-got-cussed-out.56016\/\">Wonging aus und wurde beschimpft.<\/a><\/li>\n<li><a href=\"https:\/\/www.blackjackinfo.com\/community\/threads\/wonging-and-how-to-abuse-it.55644\/\">Wonging und wie man es missbraucht?<\/a><\/li>\n<li><a href=\"https:\/\/www.blackjackinfo.com\/community\/threads\/wonging-vs-play-all-an-overview.54880\/\">wonging vs play all, ein \u00dcberblick<\/a><\/li>\n<li><a href=\"https:\/\/www.blackjackinfo.com\/community\/threads\/wonging-in.23895\/\">Wonging In<\/a><\/li>\n<\/ul>","protected":false},"excerpt":{"rendered":"<p>Introduction to Wonging The gambling strategy known as \u2018Wonging\u2019 has a wide and varied application, but it is most tightly related to the game of blackjack. Basically, it is practiced by players counting cards at one or several blackjack tables on the casino floor, and choosing the prime moment, based on their count, to enter [&hellip;]<\/p>\n","protected":false},"author":4,"featured_media":0,"parent":0,"menu_order":0,"comment_status":"open","ping_status":"closed","template":"","meta":{"_acf_changed":false,"footnotes":""},"tags":[],"class_list":["post-5052","page","type-page","status-publish","hentry"],"acf":[],"yoast_head":"<!-- This site is optimized with the Yoast SEO plugin v26.6 - https:\/\/yoast.com\/wordpress\/plugins\/seo\/ -->\n<title>What is Wonging (in Blackjack) ?<\/title>\n<meta name=\"description\" content=\"Wonging is a largely successful blackjack strategy allowing players to enjoy gameplay at the most favorable table counts, at live and online casinos alike.\" \/>\n<meta name=\"robots\" content=\"index, follow, max-snippet:-1, max-image-preview:large, max-video-preview:-1\" \/>\n<link rel=\"canonical\" href=\"https:\/\/www.blackjackinfo.com\/de\/was-ist-wonging-beim-blackjack\/\" \/>\n<meta property=\"og:locale\" content=\"de_DE\" \/>\n<meta property=\"og:type\" content=\"article\" \/>\n<meta property=\"og:title\" content=\"What is Wonging (in Blackjack) ?\" \/>\n<meta property=\"og:description\" content=\"Wonging is a largely successful blackjack strategy allowing players to enjoy gameplay at the most favorable table counts, at live and online casinos alike.\" \/>\n<meta property=\"og:url\" content=\"https:\/\/www.blackjackinfo.com\/de\/was-ist-wonging-beim-blackjack\/\" \/>\n<meta property=\"og:site_name\" content=\"BlackjackInfo.com\" \/>\n<meta property=\"article:modified_time\" content=\"2020-02-19T00:27:05+00:00\" \/>\n<meta name=\"twitter:label1\" content=\"Gesch\u00e4tzte Lesezeit\" \/>\n\t<meta name=\"twitter:data1\" content=\"5\u00a0Minuten\" \/>\n<script type=\"application\/ld+json\" class=\"yoast-schema-graph\">{\"@context\":\"https:\/\/schema.org\",\"@graph\":[{\"@type\":\"WebPage\",\"@id\":\"https:\/\/www.blackjackinfo.com\/what-is-wonging-in-blackjack\/\",\"url\":\"https:\/\/www.blackjackinfo.com\/what-is-wonging-in-blackjack\/\",\"name\":\"What is Wonging (in Blackjack) ?\",\"isPartOf\":{\"@id\":\"https:\/\/www.blackjackinfo.com\/#website\"},\"datePublished\":\"2018-11-12T00:31:55+00:00\",\"dateModified\":\"2020-02-19T00:27:05+00:00\",\"description\":\"Wonging is a largely successful blackjack strategy allowing players to enjoy gameplay at the most favorable table counts, at live and online casinos alike.\",\"breadcrumb\":{\"@id\":\"https:\/\/www.blackjackinfo.com\/what-is-wonging-in-blackjack\/#breadcrumb\"},\"inLanguage\":\"de\",\"potentialAction\":[{\"@type\":\"ReadAction\",\"target\":[\"https:\/\/www.blackjackinfo.com\/what-is-wonging-in-blackjack\/\"]}]},{\"@type\":\"BreadcrumbList\",\"@id\":\"https:\/\/www.blackjackinfo.com\/what-is-wonging-in-blackjack\/#breadcrumb\",\"itemListElement\":[{\"@type\":\"ListItem\",\"position\":1,\"name\":\"Home\",\"item\":\"https:\/\/www.blackjackinfo.com\/\"},{\"@type\":\"ListItem\",\"position\":2,\"name\":\"What is Wonging (in Blackjack) ?\"}]},{\"@type\":\"WebSite\",\"@id\":\"https:\/\/www.blackjackinfo.com\/#website\",\"url\":\"https:\/\/www.blackjackinfo.com\/\",\"name\":\"BlackjackInfo.com\",\"description\":\"Because Winning is More Fun!\",\"potentialAction\":[{\"@type\":\"SearchAction\",\"target\":{\"@type\":\"EntryPoint\",\"urlTemplate\":\"https:\/\/www.blackjackinfo.com\/?s={search_term_string}\"},\"query-input\":{\"@type\":\"PropertyValueSpecification\",\"valueRequired\":true,\"valueName\":\"search_term_string\"}}],\"inLanguage\":\"de\"}]}<\/script>\n<!-- \/ Yoast SEO plugin. -->","yoast_head_json":{"title":"Was ist Wonging (beim Blackjack)?","description":"Wonging ist eine weitgehend erfolgreiche Blackjack-Strategie, die es den Spielern erm\u00f6glicht, das Spiel an den g\u00fcnstigsten Tischen zu genie\u00dfen, sowohl in Live- als auch in Online-Casinos.","robots":{"index":"index","follow":"follow","max-snippet":"max-snippet:-1","max-image-preview":"max-image-preview:large","max-video-preview":"max-video-preview:-1"},"canonical":"https:\/\/www.blackjackinfo.com\/de\/was-ist-wonging-beim-blackjack\/","og_locale":"de_DE","og_type":"article","og_title":"What is Wonging (in Blackjack) ?","og_description":"Wonging is a largely successful blackjack strategy allowing players to enjoy gameplay at the most favorable table counts, at live and online casinos alike.","og_url":"https:\/\/www.blackjackinfo.com\/de\/was-ist-wonging-beim-blackjack\/","og_site_name":"BlackjackInfo.com","article_modified_time":"2020-02-19T00:27:05+00:00","twitter_misc":{"Gesch\u00e4tzte Lesezeit":"5\u00a0Minuten"},"schema":{"@context":"https:\/\/schema.org","@graph":[{"@type":"WebPage","@id":"https:\/\/www.blackjackinfo.com\/what-is-wonging-in-blackjack\/","url":"https:\/\/www.blackjackinfo.com\/what-is-wonging-in-blackjack\/","name":"Was ist Wonging (beim Blackjack)?","isPartOf":{"@id":"https:\/\/www.blackjackinfo.com\/#website"},"datePublished":"2018-11-12T00:31:55+00:00","dateModified":"2020-02-19T00:27:05+00:00","description":"Wonging ist eine weitgehend erfolgreiche Blackjack-Strategie, die es den Spielern erm\u00f6glicht, das Spiel an den g\u00fcnstigsten Tischen zu genie\u00dfen, sowohl in Live- als auch in Online-Casinos.","breadcrumb":{"@id":"https:\/\/www.blackjackinfo.com\/what-is-wonging-in-blackjack\/#breadcrumb"},"inLanguage":"de","potentialAction":[{"@type":"ReadAction","target":["https:\/\/www.blackjackinfo.com\/what-is-wonging-in-blackjack\/"]}]},{"@type":"BreadcrumbList","@id":"https:\/\/www.blackjackinfo.com\/what-is-wonging-in-blackjack\/#breadcrumb","itemListElement":[{"@type":"ListItem","position":1,"name":"Home","item":"https:\/\/www.blackjackinfo.com\/"},{"@type":"ListItem","position":2,"name":"What is Wonging (in Blackjack) ?"}]},{"@type":"WebSite","@id":"https:\/\/www.blackjackinfo.com\/#website","url":"https:\/\/www.blackjackinfo.com\/","name":"BlackjackInfo.de","description":"Denn Gewinnen macht mehr Spa\u00df!","potentialAction":[{"@type":"SearchAction","target":{"@type":"EntryPoint","urlTemplate":"https:\/\/www.blackjackinfo.com\/?s={search_term_string}"},"query-input":{"@type":"PropertyValueSpecification","valueRequired":true,"valueName":"search_term_string"}}],"inLanguage":"de"}]}},"_links":{"self":[{"href":"https:\/\/www.blackjackinfo.com\/de\/wp-json\/wp\/v2\/pages\/5052","targetHints":{"allow":["GET"]}}],"collection":[{"href":"https:\/\/www.blackjackinfo.com\/de\/wp-json\/wp\/v2\/pages"}],"about":[{"href":"https:\/\/www.blackjackinfo.com\/de\/wp-json\/wp\/v2\/types\/page"}],"author":[{"embeddable":true,"href":"https:\/\/www.blackjackinfo.com\/de\/wp-json\/wp\/v2\/users\/4"}],"replies":[{"embeddable":true,"href":"https:\/\/www.blackjackinfo.com\/de\/wp-json\/wp\/v2\/comments?post=5052"}],"version-history":[{"count":6,"href":"https:\/\/www.blackjackinfo.com\/de\/wp-json\/wp\/v2\/pages\/5052\/revisions"}],"predecessor-version":[{"id":5478,"href":"https:\/\/www.blackjackinfo.com\/de\/wp-json\/wp\/v2\/pages\/5052\/revisions\/5478"}],"wp:attachment":[{"href":"https:\/\/www.blackjackinfo.com\/de\/wp-json\/wp\/v2\/media?parent=5052"}],"wp:term":[{"taxonomy":"post_tag","embeddable":true,"href":"https:\/\/www.blackjackinfo.com\/de\/wp-json\/wp\/v2\/tags?post=5052"}],"curies":[{"name":"wp","href":"https:\/\/api.w.org\/{rel}","templated":true}]}}