{"id":5245,"date":"2019-02-26T11:18:30","date_gmt":"2019-02-26T17:18:30","guid":{"rendered":"https:\/\/www.blackjackinfo.com\/?page_id=5245"},"modified":"2019-05-03T02:05:40","modified_gmt":"2019-05-03T07:05:40","slug":"multiplayer-blackjack-spiel","status":"publish","type":"page","link":"https:\/\/www.blackjackinfo.com\/de\/online-blackjack\/multiplayer-blackjack-game\/","title":{"rendered":"Multiplayer Blackjack Spiel"},"content":{"rendered":"<p>Diese kostenlose Blackjack-Spiel ist eine gro\u00dfe kostenlose Quelle der Unterhaltung, wo Sie genie\u00dfen k\u00f6nnen \u00dcben und Lernen des Spiels vor der Entscheidung f\u00fcr die <a href=\"https:\/\/www.blackjackinfo.com\/online-blackjack\/\">Echtgeld Blackjack<\/a> Version. <\/p>\n\n\n\n<p>Aber Sie\nm\u00fcssen nicht nur online Multiplayer Blackjack spielen, um f\u00fcr Ihr echtes Spiel zu \u00fcben.\nSpiel zu \u00fcben, sondern k\u00f6nnen es jederzeit spielen. Das Spiel ist leicht zu\nzu erlernen und einfach zu Hause oder sogar auf Ihrem mobilen Ger\u00e4t zu spielen.<\/p>\n\n\n\n<h2 class=\"wp-block-heading\">Online Multiplayer Blackjack Tisch Layout<\/h2>\n\n\n\n<p>Das Kennenlernen\nDas Kennenlernen des Layouts des Multiplayer-Blackjack-Tisches ist sehr wichtig f\u00fcr Ihr\nVerst\u00e4ndnis f\u00fcr die Funktionsweise des Spiels und f\u00fcr Ihren Spielspa\u00df insgesamt\nSpiel. <\/p>\n\n\n\n<p>Bis zu f\u00fcnf\nSpieler k\u00f6nnen gleichzeitig am virtuellen Tisch sitzen, jeder mit seinem eigenen Setzfeld\nPlatz, auf dem sie ihre Chips platzieren und ihre Karten erhalten. Am unteren Rand des\nBildschirms befindet sich eine Reihe von Chipgr\u00f6\u00dfen, die vom Tischminimum von 1, 5, 10,\n20 und 50 Chips. <\/p>\n\n\n\n<p>Eine einfache\nSchaltfl\u00e4che erm\u00f6glicht es Ihnen, Ihren Einsatz schnell und einfach auf Ihr\nentsprechenden Einsatzfeld platzieren. Die Position des Blackjack-Dealers befindet sich in der oberen\nMitte des Bildschirms, und die Karten werden aus einem Schuh oben rechts auf dem Bildschirm ausgeteilt.\ndes Bildschirms. <\/p>\n\n\n\n<h2 class=\"wp-block-heading\">Das Ziel von Blackjack<\/h2>\n\n\n\n<p>Die <a href=\"https:\/\/www.blackjackinfo.com\/blackjack-rules\/\">Ziel des Blackjack<\/a> ist recht einfach zu verstehen. Jeder Spieler spielt als Einzelperson gegen den Blackjack-Dealer und nicht wie beim Poker gegeneinander. Ziel ist es, eine Punktzahl von 21 zu erreichen oder so nah wie m\u00f6glich an diese Punktzahl heranzukommen, ohne sie zu \u00fcberschreiten (Bust genannt). Ziel ist es auch, den Geber zu schlagen, indem man entweder einen Blackjack erzielt oder den Geber zum Bust bringt. <\/p>\n\n\n\n<h2 class=\"wp-block-heading\">Wie man kostenlos online Multiplayer Blackjack spielt<\/h2>\n\n\n\n<p>Spielen Sie\nOnline-Multiplayer-Blackjack ist einfach, und selbst wenn Sie noch nie Blackjack gespielt haben\nnoch nie gespielt haben, befolgen Sie einfach diese einfachen Schritte.<\/p>\n\n\n\n<h3 class=\"wp-block-heading\">Schritt eins: Platz nehmen<\/h3>\n\n\n\n<p>Klicken Sie einfach auf eines der Spielerquadrate auf die Schaltfl\u00e4che \"Setzen\". Erstellen Sie schnell einen Benutzernamen und machen Sie sich bereit, Ihren ersten Einsatz zu platzieren. <\/p>\n\n\n\n<h3 class=\"wp-block-heading\">Schritt zwei: Platzieren Sie Ihren Einsatz<\/h3>\n\n\n\n<p>Wenn Sie das Spiel kostenlos spielen, werden Sie feststellen, dass das Spiel Ihnen bereits ein Guthaben zugewiesen hat, das in der oberen rechten Ecke des Bildschirms angezeigt wird. Behalten Sie diese Zahl im Auge, denn sie schwankt je nachdem, ob Sie Ihre Eins\u00e4tze gewinnen oder verlieren. <\/p>\n\n\n\n<p>Legen Sie als N\u00e4chstes fest, wie viel Sie setzen m\u00f6chten, indem Sie unten auf dem Bildschirm die entsprechende Chipgr\u00f6\u00dfe ausw\u00e4hlen. Nach der Auswahl erscheint eine neue Schaltfl\u00e4che mit der Aufschrift \"Bereit\". Klicken Sie auf diese Schaltfl\u00e4che, um Ihren Einsatz zu platzieren. Sie werden ein Countdown-Fenster sehen, das Ihnen ein Zeitlimit f\u00fcr die Platzierung Ihres Einsatzes gibt. Wenn Sie Ihren Einsatz bis zum Ende des Countdowns nicht platziert haben, wird Ihre Wette storniert und Sie m\u00fcssen von vorne beginnen.<\/p>\n\n\n\n<h3 class=\"wp-block-heading\">Schritt drei: Ihr Blatt spielen<\/h3>\n\n\n\n<p>Sobald Sie\nauf die Schaltfl\u00e4che \"Bereit\" geklickt haben, gibt Ihnen der Dealer Ihre ersten beiden Karten.\nEs erscheint ein neues Fenster, in dem Sie drei Optionen haben:<\/p>\n\n\n\n<ul class=\"wp-block-list\"><li>Treffer = eine weitere Karte erhalten<\/li><li>Verdoppeln = Sie verdoppeln Ihren Einsatz und erhalten\neine weitere Karte<\/li><li>Stand = Es werden keine weiteren Karten\nzu Ihrem aktuellen Blatt hinzugef\u00fcgt<\/li><\/ul>\n\n\n\n<p>Auch hier wird Ihnen ein Countdown angezeigt, innerhalb dessen Sie Ihre Entscheidung treffen m\u00fcssen. Das ist der Punkt, an dem Sie ein wenig Wissen \u00fcber <a href=\"https:\/\/www.blackjackinfo.com\/blackjack-basic-strategy-engine\/\">grundlegende Blackjack-Strategie<\/a> wird sich als n\u00fctzlich erweisen, da es Ihnen erlaubt, die beste Wahl auf der Grundlage der offenen Karte des Dealers zu treffen.<\/p>\n\n\n\n<h3 class=\"wp-block-heading\">Vierter Schritt: Zus\u00e4tzliche Wettoptionen<\/h3>\n\n\n\n<p>Je nach\nJe nachdem, wie Ihre ersten beiden Karten aussehen, bietet Ihnen der Dealer zus\u00e4tzliche Wettm\u00f6glichkeiten\nOptionen an. Dazu geh\u00f6ren:<\/p>\n\n\n\n<ul class=\"wp-block-list\"><li>Teilen = Wenn Ihre ersten beiden Karten\nden gleichen Wert haben, z. B. zwei 8er oder zwei Asse und so weiter. Sie k\u00f6nnen dann\nIhr Blatt in zwei separate Eins\u00e4tze aufteilen, wobei jeder Einsatz gleich hoch ist. Der\nGeber spielt dann jedes Blatt separat und fordert Sie auf, f\u00fcr jedes Blatt eine Auswahl zu treffen\nbasierend auf den Standard-Einsatzoptionen. <\/li><li>Versicherung = Manchmal fragt der Dealer\nfragen, ob Sie bei bestimmten Bl\u00e4ttern eine Versicherung abschlie\u00dfen m\u00f6chten, in der Regel wenn die\ndie aufgedeckte Karte des Dealers ein Ass ist. Die Versicherung erstattet Ihnen die H\u00e4lfte Ihres\nEinsatzes bei einer verlorenen Wette. <\/li><\/ul>","protected":false},"excerpt":{"rendered":"<p>This free blackjack game is a great free source of entertainment where you can enjoy practicing and learning the game prior to opting for the real money blackjack version. But you don\u2019t just have to play online multiplayer blackjack as a way to practice for your real game, this is a great game to play [&hellip;]<\/p>\n","protected":false},"author":4,"featured_media":0,"parent":1928,"menu_order":0,"comment_status":"open","ping_status":"closed","template":"page-multiplayer-blackjack.php","meta":{"_acf_changed":false,"footnotes":""},"tags":[],"class_list":["post-5245","page","type-page","status-publish","hentry"],"acf":[],"yoast_head":"<!-- This site is optimized with the Yoast SEO plugin v26.6 - https:\/\/yoast.com\/wordpress\/plugins\/seo\/ -->\n<title>Free Online Multiplayer Blackjack Game - Up to 5 Players at Once<\/title>\n<meta name=\"description\" content=\"Fancy a game of blackjack? Try our multiplayer version where you get to play alongisde 4 other players!\" \/>\n<meta name=\"robots\" content=\"index, follow, max-snippet:-1, max-image-preview:large, max-video-preview:-1\" \/>\n<link rel=\"canonical\" href=\"https:\/\/www.blackjackinfo.com\/de\/online-blackjack\/multiplayer-blackjack-spiel\/\" \/>\n<meta property=\"og:locale\" content=\"de_DE\" \/>\n<meta property=\"og:type\" content=\"article\" \/>\n<meta property=\"og:title\" content=\"Free Online Multiplayer Blackjack Game - Up to 5 Players at Once\" \/>\n<meta property=\"og:description\" content=\"Fancy a game of blackjack? Try our multiplayer version where you get to play alongisde 4 other players!\" \/>\n<meta property=\"og:url\" content=\"https:\/\/www.blackjackinfo.com\/de\/online-blackjack\/multiplayer-blackjack-spiel\/\" \/>\n<meta property=\"og:site_name\" content=\"BlackjackInfo.com\" \/>\n<meta property=\"article:modified_time\" content=\"2019-05-03T07:05:40+00:00\" \/>\n<meta name=\"twitter:label1\" content=\"Gesch\u00e4tzte Lesezeit\" \/>\n\t<meta name=\"twitter:data1\" content=\"3\u00a0Minuten\" \/>\n<script type=\"application\/ld+json\" class=\"yoast-schema-graph\">{\"@context\":\"https:\/\/schema.org\",\"@graph\":[{\"@type\":\"WebPage\",\"@id\":\"https:\/\/www.blackjackinfo.com\/online-blackjack\/multiplayer-blackjack-game\/\",\"url\":\"https:\/\/www.blackjackinfo.com\/online-blackjack\/multiplayer-blackjack-game\/\",\"name\":\"Free Online Multiplayer Blackjack Game - Up to 5 Players at Once\",\"isPartOf\":{\"@id\":\"https:\/\/www.blackjackinfo.com\/#website\"},\"datePublished\":\"2019-02-26T17:18:30+00:00\",\"dateModified\":\"2019-05-03T07:05:40+00:00\",\"description\":\"Fancy a game of blackjack? Try our multiplayer version where you get to play alongisde 4 other players!\",\"breadcrumb\":{\"@id\":\"https:\/\/www.blackjackinfo.com\/online-blackjack\/multiplayer-blackjack-game\/#breadcrumb\"},\"inLanguage\":\"de\",\"potentialAction\":[{\"@type\":\"ReadAction\",\"target\":[\"https:\/\/www.blackjackinfo.com\/online-blackjack\/multiplayer-blackjack-game\/\"]}]},{\"@type\":\"BreadcrumbList\",\"@id\":\"https:\/\/www.blackjackinfo.com\/online-blackjack\/multiplayer-blackjack-game\/#breadcrumb\",\"itemListElement\":[{\"@type\":\"ListItem\",\"position\":1,\"name\":\"Home\",\"item\":\"https:\/\/www.blackjackinfo.com\/\"},{\"@type\":\"ListItem\",\"position\":2,\"name\":\"Online Blackjack for Real Money\",\"item\":\"https:\/\/www.blackjackinfo.com\/online-blackjack\/\"},{\"@type\":\"ListItem\",\"position\":3,\"name\":\"Multiplayer Blackjack Game\"}]},{\"@type\":\"WebSite\",\"@id\":\"https:\/\/www.blackjackinfo.com\/#website\",\"url\":\"https:\/\/www.blackjackinfo.com\/\",\"name\":\"BlackjackInfo.com\",\"description\":\"Because Winning is More Fun!\",\"potentialAction\":[{\"@type\":\"SearchAction\",\"target\":{\"@type\":\"EntryPoint\",\"urlTemplate\":\"https:\/\/www.blackjackinfo.com\/?s={search_term_string}\"},\"query-input\":{\"@type\":\"PropertyValueSpecification\",\"valueRequired\":true,\"valueName\":\"search_term_string\"}}],\"inLanguage\":\"de\"}]}<\/script>\n<!-- \/ Yoast SEO plugin. -->","yoast_head_json":{"title":"Kostenloses Online-Multiplayer-Blackjack-Spiel - bis zu 5 Spieler auf einmal","description":"Lust auf eine Partie Blackjack? Versuchen Sie unsere Multiplayer-Version, bei der Sie mit 4 anderen Spielern spielen k\u00f6nnen!","robots":{"index":"index","follow":"follow","max-snippet":"max-snippet:-1","max-image-preview":"max-image-preview:large","max-video-preview":"max-video-preview:-1"},"canonical":"https:\/\/www.blackjackinfo.com\/de\/online-blackjack\/multiplayer-blackjack-spiel\/","og_locale":"de_DE","og_type":"article","og_title":"Free Online Multiplayer Blackjack Game - Up to 5 Players at Once","og_description":"Fancy a game of blackjack? Try our multiplayer version where you get to play alongisde 4 other players!","og_url":"https:\/\/www.blackjackinfo.com\/de\/online-blackjack\/multiplayer-blackjack-spiel\/","og_site_name":"BlackjackInfo.com","article_modified_time":"2019-05-03T07:05:40+00:00","twitter_misc":{"Gesch\u00e4tzte Lesezeit":"3\u00a0Minuten"},"schema":{"@context":"https:\/\/schema.org","@graph":[{"@type":"WebPage","@id":"https:\/\/www.blackjackinfo.com\/online-blackjack\/multiplayer-blackjack-game\/","url":"https:\/\/www.blackjackinfo.com\/online-blackjack\/multiplayer-blackjack-game\/","name":"Kostenloses Online-Multiplayer-Blackjack-Spiel - bis zu 5 Spieler auf einmal","isPartOf":{"@id":"https:\/\/www.blackjackinfo.com\/#website"},"datePublished":"2019-02-26T17:18:30+00:00","dateModified":"2019-05-03T07:05:40+00:00","description":"Lust auf eine Partie Blackjack? Versuchen Sie unsere Multiplayer-Version, bei der Sie mit 4 anderen Spielern spielen k\u00f6nnen!","breadcrumb":{"@id":"https:\/\/www.blackjackinfo.com\/online-blackjack\/multiplayer-blackjack-game\/#breadcrumb"},"inLanguage":"de","potentialAction":[{"@type":"ReadAction","target":["https:\/\/www.blackjackinfo.com\/online-blackjack\/multiplayer-blackjack-game\/"]}]},{"@type":"BreadcrumbList","@id":"https:\/\/www.blackjackinfo.com\/online-blackjack\/multiplayer-blackjack-game\/#breadcrumb","itemListElement":[{"@type":"ListItem","position":1,"name":"Home","item":"https:\/\/www.blackjackinfo.com\/"},{"@type":"ListItem","position":2,"name":"Online Blackjack for Real Money","item":"https:\/\/www.blackjackinfo.com\/online-blackjack\/"},{"@type":"ListItem","position":3,"name":"Multiplayer Blackjack Game"}]},{"@type":"WebSite","@id":"https:\/\/www.blackjackinfo.com\/#website","url":"https:\/\/www.blackjackinfo.com\/","name":"BlackjackInfo.de","description":"Denn Gewinnen macht mehr Spa\u00df!","potentialAction":[{"@type":"SearchAction","target":{"@type":"EntryPoint","urlTemplate":"https:\/\/www.blackjackinfo.com\/?s={search_term_string}"},"query-input":{"@type":"PropertyValueSpecification","valueRequired":true,"valueName":"search_term_string"}}],"inLanguage":"de"}]}},"_links":{"self":[{"href":"https:\/\/www.blackjackinfo.com\/de\/wp-json\/wp\/v2\/pages\/5245","targetHints":{"allow":["GET"]}}],"collection":[{"href":"https:\/\/www.blackjackinfo.com\/de\/wp-json\/wp\/v2\/pages"}],"about":[{"href":"https:\/\/www.blackjackinfo.com\/de\/wp-json\/wp\/v2\/types\/page"}],"author":[{"embeddable":true,"href":"https:\/\/www.blackjackinfo.com\/de\/wp-json\/wp\/v2\/users\/4"}],"replies":[{"embeddable":true,"href":"https:\/\/www.blackjackinfo.com\/de\/wp-json\/wp\/v2\/comments?post=5245"}],"version-history":[{"count":12,"href":"https:\/\/www.blackjackinfo.com\/de\/wp-json\/wp\/v2\/pages\/5245\/revisions"}],"predecessor-version":[{"id":5344,"href":"https:\/\/www.blackjackinfo.com\/de\/wp-json\/wp\/v2\/pages\/5245\/revisions\/5344"}],"up":[{"embeddable":true,"href":"https:\/\/www.blackjackinfo.com\/de\/wp-json\/wp\/v2\/pages\/1928"}],"wp:attachment":[{"href":"https:\/\/www.blackjackinfo.com\/de\/wp-json\/wp\/v2\/media?parent=5245"}],"wp:term":[{"taxonomy":"post_tag","embeddable":true,"href":"https:\/\/www.blackjackinfo.com\/de\/wp-json\/wp\/v2\/tags?post=5245"}],"curies":[{"name":"wp","href":"https:\/\/api.w.org\/{rel}","templated":true}]}}